{"id":45013,"date":"2025-10-13T16:07:55","date_gmt":"2025-10-13T13:07:55","guid":{"rendered":"https:\/\/miumjau.ee\/toode\/tofu-kaku-pakaisi-murrfect-ar-zalas-tejas-aromatu-2-5-kg\/"},"modified":"2026-01-07T21:25:33","modified_gmt":"2026-01-07T19:25:33","slug":"tofu-kaku-pakaisi-murrfect-ar-zalas-tejas-aromatu-2-5-kg","status":"publish","type":"product","link":"https:\/\/miumjau.ee\/lv\/produkts\/tofu-kaku-pakaisi-murrfect-ar-zalas-tejas-aromatu-2-5-kg\/","title":{"rendered":"Tofu ka\u0137u pakai\u0161i Murrfect, ar za\u013c\u0101s t\u0113jas arom\u0101tu 2.5 kg"},"content":{"rendered":"","protected":false},"excerpt":{"rendered":"<p><strong data-start=\"1300\" data-end=\"1342\">Kod\u0117l verta rinktis tofu ka\u010di\u0173 kraik\u0105?<\/strong><br data-start=\"1342\" data-end=\"1345\" \/>\u2022 <strong data-start=\"1347\" data-end=\"1380\">Nat\u016bralios sudedamosios dalys<\/strong> \u2013 pagamintas i\u0161 valgomo tofu (soj\u0173 skaidul\u0173), visi\u0161kai saugus kat\u0117ms, ka\u010diukams ir \u017emon\u0117ms. Be chemikal\u0173 ir dirbtini\u0173 pried\u0173.<br data-start=\"1506\" data-end=\"1509\" \/>\u2022 <strong data-start=\"1511\" data-end=\"1562\">Draugi\u0161kas aplinkai ir 100% biologi\u0161kai skaidus<\/strong> \u2013 galima mesti \u012f tualet\u0105 arba kompostuoti. Jokio papildomo atliek\u0173 r\u016bpes\u010dio.<br data-start=\"1639\" data-end=\"1642\" \/>\u2022 <strong data-start=\"1644\" data-end=\"1668\">Puiki kvap\u0173 kontrol\u0117<\/strong> \u2013 tofu granul\u0117s puikiai sugeria dr\u0117gm\u0119 ir greitai suformuoja tvirtus gumul\u0117lius, kurie neleid\u017eia plisti nemaloniems kvapams.<br data-start=\"1793\" data-end=\"1796\" data-is-only-node=\"\" \/>\u2022 <strong data-start=\"1798\" data-end=\"1818\">\u0160velnus letenoms<\/strong> \u2013 ma\u017eos ir lengvos granul\u0117s patinka net i\u0161rankiausioms kat\u0117ms.<br data-start=\"1881\" data-end=\"1884\" \/>\u2022 <strong data-start=\"1886\" data-end=\"1907\">Lengva pri\u017ei\u016br\u0117ti<\/strong> \u2013 nebyra, nedulka, lengvai valomas ir kei\u010diamas.<br data-start=\"1956\" data-end=\"1959\" \/>\u2022 <strong data-start=\"1961\" data-end=\"1972\">Nedulka<\/strong>, puikiai tinka alergi\u0161koms \u0161eimoms. Saugomi kv\u0117pavimo takai tiek gyv\u016bnams, tiek \u017emon\u0117ms.<br data-start=\"2061\" data-end=\"2064\" \/>\u2022 <strong data-start=\"2066\" data-end=\"2112\">Skirtingi aromatai \u2013 dar platesn\u0117 pasi\u016bla:<\/strong><br data-start=\"2112\" data-end=\"2115\" \/>\ud83c\udf31 <strong data-start=\"2118\" data-end=\"2146\">\u017daliosios arbatos kvapas<\/strong> \u2013 nat\u016bralus nam\u0173 gaivumas.<br data-start=\"2173\" data-end=\"2176\" \/>\ud83c\udf11 <strong data-start=\"2179\" data-end=\"2203\">Bambuko anglies tofu<\/strong> \u2013 dar stipresnis kvap\u0173 neutralizavimas; geras pasirinkimas jautrioms arba keli\u0173 ka\u010di\u0173 \u0161eimoms.<br data-start=\"2298\" data-end=\"2301\" \/>\ud83e\udd0d <strong data-start=\"2304\" data-end=\"2322\">Neutralus tofu<\/strong> \u2013 bekvapis variantas, idealus alergi\u0161koms kat\u0117ms ir jautriems \u0161eimininkams.<\/p>\n","protected":false},"featured_media":44794,"template":"","meta":[],"product_brand":[],"product_cat":[563],"product_tag":[],"class_list":{"0":"post-45013","1":"product","2":"type-product","3":"status-publish","4":"has-post-thumbnail","6":"product_cat-kaku-tualetes-smiltis","8":"first","9":"instock","10":"taxable","11":"shipping-taxable","12":"purchasable","13":"product-type-simple"},"yoast_head":"<!-- This site is optimized with the Yoast SEO plugin v27.2 - https:\/\/yoast.com\/product\/yoast-seo-wordpress\/ -->\n<title>Tofu ka\u0137u pakai\u0161i Murrfect, ar za\u013c\u0101s t\u0113jas arom\u0101tu 2.5 kg - MiuMjau<\/title>\n<meta name=\"robots\" content=\"index, follow, max-snippet:-1, max-image-preview:large, max-video-preview:-1\" \/>\n<link rel=\"canonical\" href=\"https:\/\/miumjau.ee\/lv\/produkts\/tofu-kaku-pakaisi-murrfect-ar-zalas-tejas-aromatu-2-5-kg\/\" \/>\n<meta property=\"og:locale\" content=\"lv_LV\" \/>\n<meta property=\"og:type\" content=\"article\" \/>\n<meta property=\"og:title\" content=\"Tofu ka\u0137u pakai\u0161i Murrfect, ar za\u013c\u0101s t\u0113jas arom\u0101tu 2.5 kg - MiuMjau\" \/>\n<meta property=\"og:description\" content=\"Kod\u0117l verta rinktis tofu ka\u010di\u0173 kraik\u0105?\u2022 Nat\u016bralios sudedamosios dalys \u2013 pagamintas i\u0161 valgomo tofu (soj\u0173 skaidul\u0173), visi\u0161kai saugus kat\u0117ms, ka\u010diukams ir \u017emon\u0117ms. Be chemikal\u0173 ir dirbtini\u0173 pried\u0173.\u2022 Draugi\u0161kas aplinkai ir 100% biologi\u0161kai skaidus \u2013 galima mesti \u012f tualet\u0105 arba kompostuoti. Jokio papildomo atliek\u0173 r\u016bpes\u010dio.\u2022 Puiki kvap\u0173 kontrol\u0117 \u2013 tofu granul\u0117s puikiai sugeria dr\u0117gm\u0119 ir greitai suformuoja tvirtus gumul\u0117lius, kurie neleid\u017eia plisti nemaloniems kvapams.\u2022 \u0160velnus letenoms \u2013 ma\u017eos ir lengvos granul\u0117s patinka net i\u0161rankiausioms kat\u0117ms.\u2022 Lengva pri\u017ei\u016br\u0117ti \u2013 nebyra, nedulka, lengvai valomas ir kei\u010diamas.\u2022 Nedulka, puikiai tinka alergi\u0161koms \u0161eimoms. Saugomi kv\u0117pavimo takai tiek gyv\u016bnams, tiek \u017emon\u0117ms.\u2022 Skirtingi aromatai \u2013 dar platesn\u0117 pasi\u016bla:\ud83c\udf31 \u017daliosios arbatos kvapas \u2013 nat\u016bralus nam\u0173 gaivumas.\ud83c\udf11 Bambuko anglies tofu \u2013 dar stipresnis kvap\u0173 neutralizavimas; geras pasirinkimas jautrioms arba keli\u0173 ka\u010di\u0173 \u0161eimoms.\ud83e\udd0d Neutralus tofu \u2013 bekvapis variantas, idealus alergi\u0161koms kat\u0117ms ir jautriems \u0161eimininkams.\" \/>\n<meta property=\"og:url\" content=\"https:\/\/miumjau.ee\/lv\/produkts\/tofu-kaku-pakaisi-murrfect-ar-zalas-tejas-aromatu-2-5-kg\/\" \/>\n<meta property=\"og:site_name\" content=\"MiuMjau\" \/>\n<meta property=\"article:publisher\" content=\"https:\/\/www.facebook.com\/miumjaupood\/\" \/>\n<meta property=\"article:modified_time\" content=\"2026-01-07T19:25:33+00:00\" \/>\n<meta property=\"og:image\" content=\"https:\/\/miumjau.ee\/wp-content\/uploads\/2025\/10\/murrfect-tofu-kassiliiv10.jpg\" \/>\n\t<meta property=\"og:image:width\" content=\"1200\" \/>\n\t<meta property=\"og:image:height\" content=\"1600\" \/>\n\t<meta property=\"og:image:type\" content=\"image\/jpeg\" \/>\n<meta name=\"twitter:card\" content=\"summary_large_image\" \/>\n<script type=\"application\/ld+json\" class=\"yoast-schema-graph\">{\"@context\":\"https:\/\/schema.org\",\"@graph\":[{\"@type\":\"WebPage\",\"@id\":\"https:\/\/miumjau.ee\/lv\/produkts\/tofu-kaku-pakaisi-murrfect-ar-zalas-tejas-aromatu-2-5-kg\/\",\"url\":\"https:\/\/miumjau.ee\/lv\/produkts\/tofu-kaku-pakaisi-murrfect-ar-zalas-tejas-aromatu-2-5-kg\/\",\"name\":\"Tofu ka\u0137u pakai\u0161i Murrfect, ar za\u013c\u0101s t\u0113jas arom\u0101tu 2.5 kg - MiuMjau\",\"isPartOf\":{\"@id\":\"https:\/\/miumjau.ee\/#website\"},\"primaryImageOfPage\":{\"@id\":\"https:\/\/miumjau.ee\/lv\/produkts\/tofu-kaku-pakaisi-murrfect-ar-zalas-tejas-aromatu-2-5-kg\/#primaryimage\"},\"image\":{\"@id\":\"https:\/\/miumjau.ee\/lv\/produkts\/tofu-kaku-pakaisi-murrfect-ar-zalas-tejas-aromatu-2-5-kg\/#primaryimage\"},\"thumbnailUrl\":\"https:\/\/miumjau.ee\/wp-content\/uploads\/2025\/10\/murrfect-tofu-kassiliiv10.jpg\",\"datePublished\":\"2025-10-13T13:07:55+00:00\",\"dateModified\":\"2026-01-07T19:25:33+00:00\",\"breadcrumb\":{\"@id\":\"https:\/\/miumjau.ee\/lv\/produkts\/tofu-kaku-pakaisi-murrfect-ar-zalas-tejas-aromatu-2-5-kg\/#breadcrumb\"},\"inLanguage\":\"lv-LV\",\"potentialAction\":[{\"@type\":\"ReadAction\",\"target\":[\"https:\/\/miumjau.ee\/lv\/produkts\/tofu-kaku-pakaisi-murrfect-ar-zalas-tejas-aromatu-2-5-kg\/\"]}]},{\"@type\":\"ImageObject\",\"inLanguage\":\"lv-LV\",\"@id\":\"https:\/\/miumjau.ee\/lv\/produkts\/tofu-kaku-pakaisi-murrfect-ar-zalas-tejas-aromatu-2-5-kg\/#primaryimage\",\"url\":\"https:\/\/miumjau.ee\/wp-content\/uploads\/2025\/10\/murrfect-tofu-kassiliiv10.jpg\",\"contentUrl\":\"https:\/\/miumjau.ee\/wp-content\/uploads\/2025\/10\/murrfect-tofu-kassiliiv10.jpg\",\"width\":1200,\"height\":1600},{\"@type\":\"BreadcrumbList\",\"@id\":\"https:\/\/miumjau.ee\/lv\/produkts\/tofu-kaku-pakaisi-murrfect-ar-zalas-tejas-aromatu-2-5-kg\/#breadcrumb\",\"itemListElement\":[{\"@type\":\"ListItem\",\"position\":1,\"name\":\"Home\",\"item\":\"https:\/\/miumjau.ee\/lv\/\"},{\"@type\":\"ListItem\",\"position\":2,\"name\":\"Veikals\",\"item\":\"https:\/\/miumjau.ee\/lv\/veikals\/\"},{\"@type\":\"ListItem\",\"position\":3,\"name\":\"Tofu ka\u0137u pakai\u0161i Murrfect, ar za\u013c\u0101s t\u0113jas arom\u0101tu 2.5 kg\"}]},{\"@type\":\"WebSite\",\"@id\":\"https:\/\/miumjau.ee\/#website\",\"url\":\"https:\/\/miumjau.ee\/\",\"name\":\"MiuMjau\",\"description\":\"Kraapimispuud kassidele\",\"publisher\":{\"@id\":\"https:\/\/miumjau.ee\/#organization\"},\"potentialAction\":[{\"@type\":\"SearchAction\",\"target\":{\"@type\":\"EntryPoint\",\"urlTemplate\":\"https:\/\/miumjau.ee\/?s={search_term_string}\"},\"query-input\":{\"@type\":\"PropertyValueSpecification\",\"valueRequired\":true,\"valueName\":\"search_term_string\"}}],\"inLanguage\":\"lv-LV\"},{\"@type\":\"Organization\",\"@id\":\"https:\/\/miumjau.ee\/#organization\",\"name\":\"MiuMjau O\u00dc\",\"url\":\"https:\/\/miumjau.ee\/\",\"logo\":{\"@type\":\"ImageObject\",\"inLanguage\":\"lv-LV\",\"@id\":\"https:\/\/miumjau.ee\/#\/schema\/logo\/image\/\",\"url\":\"https:\/\/miumjau.ee\/wp-content\/uploads\/2022\/04\/MiuMjau-logo-kollane.png\",\"contentUrl\":\"https:\/\/miumjau.ee\/wp-content\/uploads\/2022\/04\/MiuMjau-logo-kollane.png\",\"width\":219,\"height\":100,\"caption\":\"MiuMjau O\u00dc\"},\"image\":{\"@id\":\"https:\/\/miumjau.ee\/#\/schema\/logo\/image\/\"},\"sameAs\":[\"https:\/\/www.facebook.com\/miumjaupood\/\"]}]}<\/script>\n<!-- \/ Yoast SEO plugin. -->","yoast_head_json":{"title":"Tofu ka\u0137u pakai\u0161i Murrfect, ar za\u013c\u0101s t\u0113jas arom\u0101tu 2.5 kg - MiuMjau","robots":{"index":"index","follow":"follow","max-snippet":"max-snippet:-1","max-image-preview":"max-image-preview:large","max-video-preview":"max-video-preview:-1"},"canonical":"https:\/\/miumjau.ee\/lv\/produkts\/tofu-kaku-pakaisi-murrfect-ar-zalas-tejas-aromatu-2-5-kg\/","og_locale":"lv_LV","og_type":"article","og_title":"Tofu ka\u0137u pakai\u0161i Murrfect, ar za\u013c\u0101s t\u0113jas arom\u0101tu 2.5 kg - MiuMjau","og_description":"Kod\u0117l verta rinktis tofu ka\u010di\u0173 kraik\u0105?\u2022 Nat\u016bralios sudedamosios dalys \u2013 pagamintas i\u0161 valgomo tofu (soj\u0173 skaidul\u0173), visi\u0161kai saugus kat\u0117ms, ka\u010diukams ir \u017emon\u0117ms. Be chemikal\u0173 ir dirbtini\u0173 pried\u0173.\u2022 Draugi\u0161kas aplinkai ir 100% biologi\u0161kai skaidus \u2013 galima mesti \u012f tualet\u0105 arba kompostuoti. Jokio papildomo atliek\u0173 r\u016bpes\u010dio.\u2022 Puiki kvap\u0173 kontrol\u0117 \u2013 tofu granul\u0117s puikiai sugeria dr\u0117gm\u0119 ir greitai suformuoja tvirtus gumul\u0117lius, kurie neleid\u017eia plisti nemaloniems kvapams.\u2022 \u0160velnus letenoms \u2013 ma\u017eos ir lengvos granul\u0117s patinka net i\u0161rankiausioms kat\u0117ms.\u2022 Lengva pri\u017ei\u016br\u0117ti \u2013 nebyra, nedulka, lengvai valomas ir kei\u010diamas.\u2022 Nedulka, puikiai tinka alergi\u0161koms \u0161eimoms. Saugomi kv\u0117pavimo takai tiek gyv\u016bnams, tiek \u017emon\u0117ms.\u2022 Skirtingi aromatai \u2013 dar platesn\u0117 pasi\u016bla:\ud83c\udf31 \u017daliosios arbatos kvapas \u2013 nat\u016bralus nam\u0173 gaivumas.\ud83c\udf11 Bambuko anglies tofu \u2013 dar stipresnis kvap\u0173 neutralizavimas; geras pasirinkimas jautrioms arba keli\u0173 ka\u010di\u0173 \u0161eimoms.\ud83e\udd0d Neutralus tofu \u2013 bekvapis variantas, idealus alergi\u0161koms kat\u0117ms ir jautriems \u0161eimininkams.","og_url":"https:\/\/miumjau.ee\/lv\/produkts\/tofu-kaku-pakaisi-murrfect-ar-zalas-tejas-aromatu-2-5-kg\/","og_site_name":"MiuMjau","article_publisher":"https:\/\/www.facebook.com\/miumjaupood\/","article_modified_time":"2026-01-07T19:25:33+00:00","og_image":[{"width":1200,"height":1600,"url":"https:\/\/miumjau.ee\/wp-content\/uploads\/2025\/10\/murrfect-tofu-kassiliiv10.jpg","type":"image\/jpeg"}],"twitter_card":"summary_large_image","schema":{"@context":"https:\/\/schema.org","@graph":[{"@type":"WebPage","@id":"https:\/\/miumjau.ee\/lv\/produkts\/tofu-kaku-pakaisi-murrfect-ar-zalas-tejas-aromatu-2-5-kg\/","url":"https:\/\/miumjau.ee\/lv\/produkts\/tofu-kaku-pakaisi-murrfect-ar-zalas-tejas-aromatu-2-5-kg\/","name":"Tofu ka\u0137u pakai\u0161i Murrfect, ar za\u013c\u0101s t\u0113jas arom\u0101tu 2.5 kg - MiuMjau","isPartOf":{"@id":"https:\/\/miumjau.ee\/#website"},"primaryImageOfPage":{"@id":"https:\/\/miumjau.ee\/lv\/produkts\/tofu-kaku-pakaisi-murrfect-ar-zalas-tejas-aromatu-2-5-kg\/#primaryimage"},"image":{"@id":"https:\/\/miumjau.ee\/lv\/produkts\/tofu-kaku-pakaisi-murrfect-ar-zalas-tejas-aromatu-2-5-kg\/#primaryimage"},"thumbnailUrl":"https:\/\/miumjau.ee\/wp-content\/uploads\/2025\/10\/murrfect-tofu-kassiliiv10.jpg","datePublished":"2025-10-13T13:07:55+00:00","dateModified":"2026-01-07T19:25:33+00:00","breadcrumb":{"@id":"https:\/\/miumjau.ee\/lv\/produkts\/tofu-kaku-pakaisi-murrfect-ar-zalas-tejas-aromatu-2-5-kg\/#breadcrumb"},"inLanguage":"lv-LV","potentialAction":[{"@type":"ReadAction","target":["https:\/\/miumjau.ee\/lv\/produkts\/tofu-kaku-pakaisi-murrfect-ar-zalas-tejas-aromatu-2-5-kg\/"]}]},{"@type":"ImageObject","inLanguage":"lv-LV","@id":"https:\/\/miumjau.ee\/lv\/produkts\/tofu-kaku-pakaisi-murrfect-ar-zalas-tejas-aromatu-2-5-kg\/#primaryimage","url":"https:\/\/miumjau.ee\/wp-content\/uploads\/2025\/10\/murrfect-tofu-kassiliiv10.jpg","contentUrl":"https:\/\/miumjau.ee\/wp-content\/uploads\/2025\/10\/murrfect-tofu-kassiliiv10.jpg","width":1200,"height":1600},{"@type":"BreadcrumbList","@id":"https:\/\/miumjau.ee\/lv\/produkts\/tofu-kaku-pakaisi-murrfect-ar-zalas-tejas-aromatu-2-5-kg\/#breadcrumb","itemListElement":[{"@type":"ListItem","position":1,"name":"Home","item":"https:\/\/miumjau.ee\/lv\/"},{"@type":"ListItem","position":2,"name":"Veikals","item":"https:\/\/miumjau.ee\/lv\/veikals\/"},{"@type":"ListItem","position":3,"name":"Tofu ka\u0137u pakai\u0161i Murrfect, ar za\u013c\u0101s t\u0113jas arom\u0101tu 2.5 kg"}]},{"@type":"WebSite","@id":"https:\/\/miumjau.ee\/#website","url":"https:\/\/miumjau.ee\/","name":"MiuMjau","description":"Kraapimispuud kassidele","publisher":{"@id":"https:\/\/miumjau.ee\/#organization"},"potentialAction":[{"@type":"SearchAction","target":{"@type":"EntryPoint","urlTemplate":"https:\/\/miumjau.ee\/?s={search_term_string}"},"query-input":{"@type":"PropertyValueSpecification","valueRequired":true,"valueName":"search_term_string"}}],"inLanguage":"lv-LV"},{"@type":"Organization","@id":"https:\/\/miumjau.ee\/#organization","name":"MiuMjau O\u00dc","url":"https:\/\/miumjau.ee\/","logo":{"@type":"ImageObject","inLanguage":"lv-LV","@id":"https:\/\/miumjau.ee\/#\/schema\/logo\/image\/","url":"https:\/\/miumjau.ee\/wp-content\/uploads\/2022\/04\/MiuMjau-logo-kollane.png","contentUrl":"https:\/\/miumjau.ee\/wp-content\/uploads\/2022\/04\/MiuMjau-logo-kollane.png","width":219,"height":100,"caption":"MiuMjau O\u00dc"},"image":{"@id":"https:\/\/miumjau.ee\/#\/schema\/logo\/image\/"},"sameAs":["https:\/\/www.facebook.com\/miumjaupood\/"]}]}},"_links":{"self":[{"href":"https:\/\/miumjau.ee\/lv\/wp-json\/wp\/v2\/product\/45013","targetHints":{"allow":["GET"]}}],"collection":[{"href":"https:\/\/miumjau.ee\/lv\/wp-json\/wp\/v2\/product"}],"about":[{"href":"https:\/\/miumjau.ee\/lv\/wp-json\/wp\/v2\/types\/product"}],"wp:featuredmedia":[{"embeddable":true,"href":"https:\/\/miumjau.ee\/lv\/wp-json\/wp\/v2\/media\/44794"}],"wp:attachment":[{"href":"https:\/\/miumjau.ee\/lv\/wp-json\/wp\/v2\/media?parent=45013"}],"wp:term":[{"taxonomy":"product_brand","embeddable":true,"href":"https:\/\/miumjau.ee\/lv\/wp-json\/wp\/v2\/product_brand?post=45013"},{"taxonomy":"product_cat","embeddable":true,"href":"https:\/\/miumjau.ee\/lv\/wp-json\/wp\/v2\/product_cat?post=45013"},{"taxonomy":"product_tag","embeddable":true,"href":"https:\/\/miumjau.ee\/lv\/wp-json\/wp\/v2\/product_tag?post=45013"}],"curies":[{"name":"wp","href":"https:\/\/api.w.org\/{rel}","templated":true}]}}