{"id":45009,"date":"2025-10-13T16:07:56","date_gmt":"2025-10-13T13:07:56","guid":{"rendered":"https:\/\/miumjau.ee\/toode\/tofu-kaku-pakaisi-murrfect-dabigi-2-5-kg\/"},"modified":"2026-01-07T21:25:33","modified_gmt":"2026-01-07T19:25:33","slug":"tofu-kaku-pakaisi-murrfect-dabigi-2-5-kg","status":"publish","type":"product","link":"https:\/\/miumjau.ee\/lv\/produkts\/tofu-kaku-pakaisi-murrfect-dabigi-2-5-kg\/","title":{"rendered":"Tofu ka\u0137u pakai\u0161i Murrfect, dab\u012bgi 2.5 kg"},"content":{"rendered":"","protected":false},"excerpt":{"rendered":"<p><strong data-start=\"136\" data-end=\"176\">K\u0101p\u0113c izv\u0113l\u0113ties tofu ka\u0137u pakai\u0161us?<\/strong><br data-start=\"176\" data-end=\"179\" \/>\u2022 <strong data-start=\"181\" data-end=\"205\">Dabiskas sast\u0101vda\u013cas<\/strong> \u2013 izgatavoti no \u0113dam\u0101 tofu (sojas \u0161\u0137iedr\u0101m), piln\u012bgi dro\u0161i ka\u0137iem, ka\u0137\u0113niem un cilv\u0113kiem. Nesatur \u0137imik\u0101lijas vai m\u0101ksl\u012bg\u0101s piedevas.<br data-start=\"339\" data-end=\"342\" \/>\u2022 <strong data-start=\"344\" data-end=\"391\">Videi draudz\u012bgi un 100% biolo\u0123iski no\u0101rd\u0101mi<\/strong> \u2013 var izmest tualet\u0113 vai kompost\u0113t. Nek\u0101du papildu atkritumu probl\u0113mu.<br data-start=\"462\" data-end=\"465\" \/>\u2022 <strong data-start=\"467\" data-end=\"494\">Lieliska smaku kontrole<\/strong> \u2013 tofu granulas lieliski absorb\u0113 mitrumu un \u0101tri veido stiprus kunku\u013cus, kas nov\u0113r\u0161 nepat\u012bkamo smaku izplat\u012b\u0161anos.<br data-start=\"609\" data-end=\"612\" data-is-only-node=\"\" \/>\u2022 <strong data-start=\"614\" data-end=\"646\">Maigi un pat\u012bkami ka\u0137a \u0137ep\u0101m<\/strong> \u2013 mazas un vieglas granulas patiks pat izv\u0113l\u012bg\u0101kajiem ka\u0137iem.<br data-start=\"708\" data-end=\"711\" \/>\u2022 <strong data-start=\"713\" data-end=\"731\">Viegli kopjami<\/strong> \u2013 nedr\u016bp, neput, viegli t\u012br\u0101mi un nomain\u0101mi.<br data-start=\"776\" data-end=\"779\" \/>\u2022 <strong data-start=\"781\" data-end=\"798\">Bez putek\u013ciem<\/strong>, piem\u0113roti \u0123imen\u0113m ar aler\u0123ij\u0101m. Aizsarg\u0101 elpce\u013cus gan dz\u012bvniekiem, gan cilv\u0113kiem.<br data-start=\"881\" data-end=\"884\" \/>\u2022 <strong data-start=\"886\" data-end=\"926\">Da\u017e\u0101di arom\u0101ti \u2013 v\u0113l pla\u0161\u0101ka izv\u0113le:<\/strong><br data-start=\"926\" data-end=\"929\" \/>\ud83c\udf31 <strong data-start=\"932\" data-end=\"955\">Za\u013c\u0101s t\u0113jas arom\u0101ts<\/strong> \u2013 dabisks svaigums m\u0101j\u0101m.<br data-start=\"981\" data-end=\"984\" \/>\ud83c\udf11 <strong data-start=\"987\" data-end=\"1009\">Bambusa ogles tofu<\/strong> \u2013 v\u0113l sp\u0113c\u012bg\u0101ka smaku neitraliz\u0101cija, lieliski piem\u0113rots jut\u012bg\u0101m vai vair\u0101ku ka\u0137u m\u0101jsaimniec\u012bb\u0101m.<br data-start=\"1108\" data-end=\"1111\" \/>\ud83e\udd0d <strong data-start=\"1114\" data-end=\"1131\">Neitr\u0101ls tofu<\/strong> \u2013 bez arom\u0101ta, ide\u0101li piem\u0113rots aler\u0123iskiem ka\u0137iem un jut\u012bgiem saimniekiem.<\/p>\n","protected":false},"featured_media":44994,"template":"","meta":[],"product_brand":[],"product_cat":[563],"product_tag":[],"class_list":{"0":"post-45009","1":"product","2":"type-product","3":"status-publish","4":"has-post-thumbnail","6":"product_cat-kaku-tualetes-smiltis","8":"first","9":"instock","10":"taxable","11":"shipping-taxable","12":"purchasable","13":"product-type-simple"},"yoast_head":"<!-- This site is optimized with the Yoast SEO plugin v27.2 - https:\/\/yoast.com\/product\/yoast-seo-wordpress\/ -->\n<title>Tofu ka\u0137u pakai\u0161i Murrfect, dab\u012bgi 2.5 kg - MiuMjau<\/title>\n<meta name=\"robots\" content=\"index, follow, max-snippet:-1, max-image-preview:large, max-video-preview:-1\" \/>\n<link rel=\"canonical\" href=\"https:\/\/miumjau.ee\/lv\/produkts\/tofu-kaku-pakaisi-murrfect-dabigi-2-5-kg\/\" \/>\n<meta property=\"og:locale\" content=\"lv_LV\" \/>\n<meta property=\"og:type\" content=\"article\" \/>\n<meta property=\"og:title\" content=\"Tofu ka\u0137u pakai\u0161i Murrfect, dab\u012bgi 2.5 kg - MiuMjau\" \/>\n<meta property=\"og:description\" content=\"K\u0101p\u0113c izv\u0113l\u0113ties tofu ka\u0137u pakai\u0161us?\u2022 Dabiskas sast\u0101vda\u013cas \u2013 izgatavoti no \u0113dam\u0101 tofu (sojas \u0161\u0137iedr\u0101m), piln\u012bgi dro\u0161i ka\u0137iem, ka\u0137\u0113niem un cilv\u0113kiem. Nesatur \u0137imik\u0101lijas vai m\u0101ksl\u012bg\u0101s piedevas.\u2022 Videi draudz\u012bgi un 100% biolo\u0123iski no\u0101rd\u0101mi \u2013 var izmest tualet\u0113 vai kompost\u0113t. Nek\u0101du papildu atkritumu probl\u0113mu.\u2022 Lieliska smaku kontrole \u2013 tofu granulas lieliski absorb\u0113 mitrumu un \u0101tri veido stiprus kunku\u013cus, kas nov\u0113r\u0161 nepat\u012bkamo smaku izplat\u012b\u0161anos.\u2022 Maigi un pat\u012bkami ka\u0137a \u0137ep\u0101m \u2013 mazas un vieglas granulas patiks pat izv\u0113l\u012bg\u0101kajiem ka\u0137iem.\u2022 Viegli kopjami \u2013 nedr\u016bp, neput, viegli t\u012br\u0101mi un nomain\u0101mi.\u2022 Bez putek\u013ciem, piem\u0113roti \u0123imen\u0113m ar aler\u0123ij\u0101m. Aizsarg\u0101 elpce\u013cus gan dz\u012bvniekiem, gan cilv\u0113kiem.\u2022 Da\u017e\u0101di arom\u0101ti \u2013 v\u0113l pla\u0161\u0101ka izv\u0113le:\ud83c\udf31 Za\u013c\u0101s t\u0113jas arom\u0101ts \u2013 dabisks svaigums m\u0101j\u0101m.\ud83c\udf11 Bambusa ogles tofu \u2013 v\u0113l sp\u0113c\u012bg\u0101ka smaku neitraliz\u0101cija, lieliski piem\u0113rots jut\u012bg\u0101m vai vair\u0101ku ka\u0137u m\u0101jsaimniec\u012bb\u0101m.\ud83e\udd0d Neitr\u0101ls tofu \u2013 bez arom\u0101ta, ide\u0101li piem\u0113rots aler\u0123iskiem ka\u0137iem un jut\u012bgiem saimniekiem.\" \/>\n<meta property=\"og:url\" content=\"https:\/\/miumjau.ee\/lv\/produkts\/tofu-kaku-pakaisi-murrfect-dabigi-2-5-kg\/\" \/>\n<meta property=\"og:site_name\" content=\"MiuMjau\" \/>\n<meta property=\"article:publisher\" content=\"https:\/\/www.facebook.com\/miumjaupood\/\" \/>\n<meta property=\"article:modified_time\" content=\"2026-01-07T19:25:33+00:00\" \/>\n<meta property=\"og:image\" content=\"https:\/\/miumjau.ee\/wp-content\/uploads\/2025\/10\/murrfect-tofu-kassiliiv8.jpg\" \/>\n\t<meta property=\"og:image:width\" content=\"1200\" \/>\n\t<meta property=\"og:image:height\" content=\"1600\" \/>\n\t<meta property=\"og:image:type\" content=\"image\/jpeg\" \/>\n<meta name=\"twitter:card\" content=\"summary_large_image\" \/>\n<script type=\"application\/ld+json\" class=\"yoast-schema-graph\">{\"@context\":\"https:\/\/schema.org\",\"@graph\":[{\"@type\":\"WebPage\",\"@id\":\"https:\/\/miumjau.ee\/lv\/produkts\/tofu-kaku-pakaisi-murrfect-dabigi-2-5-kg\/\",\"url\":\"https:\/\/miumjau.ee\/lv\/produkts\/tofu-kaku-pakaisi-murrfect-dabigi-2-5-kg\/\",\"name\":\"Tofu ka\u0137u pakai\u0161i Murrfect, dab\u012bgi 2.5 kg - MiuMjau\",\"isPartOf\":{\"@id\":\"https:\/\/miumjau.ee\/#website\"},\"primaryImageOfPage\":{\"@id\":\"https:\/\/miumjau.ee\/lv\/produkts\/tofu-kaku-pakaisi-murrfect-dabigi-2-5-kg\/#primaryimage\"},\"image\":{\"@id\":\"https:\/\/miumjau.ee\/lv\/produkts\/tofu-kaku-pakaisi-murrfect-dabigi-2-5-kg\/#primaryimage\"},\"thumbnailUrl\":\"https:\/\/miumjau.ee\/wp-content\/uploads\/2025\/10\/murrfect-tofu-kassiliiv8.jpg\",\"datePublished\":\"2025-10-13T13:07:56+00:00\",\"dateModified\":\"2026-01-07T19:25:33+00:00\",\"breadcrumb\":{\"@id\":\"https:\/\/miumjau.ee\/lv\/produkts\/tofu-kaku-pakaisi-murrfect-dabigi-2-5-kg\/#breadcrumb\"},\"inLanguage\":\"lv-LV\",\"potentialAction\":[{\"@type\":\"ReadAction\",\"target\":[\"https:\/\/miumjau.ee\/lv\/produkts\/tofu-kaku-pakaisi-murrfect-dabigi-2-5-kg\/\"]}]},{\"@type\":\"ImageObject\",\"inLanguage\":\"lv-LV\",\"@id\":\"https:\/\/miumjau.ee\/lv\/produkts\/tofu-kaku-pakaisi-murrfect-dabigi-2-5-kg\/#primaryimage\",\"url\":\"https:\/\/miumjau.ee\/wp-content\/uploads\/2025\/10\/murrfect-tofu-kassiliiv8.jpg\",\"contentUrl\":\"https:\/\/miumjau.ee\/wp-content\/uploads\/2025\/10\/murrfect-tofu-kassiliiv8.jpg\",\"width\":1200,\"height\":1600,\"caption\":\"Tofu kassiliiv Murrfect, naturaalne 2.5kg\"},{\"@type\":\"BreadcrumbList\",\"@id\":\"https:\/\/miumjau.ee\/lv\/produkts\/tofu-kaku-pakaisi-murrfect-dabigi-2-5-kg\/#breadcrumb\",\"itemListElement\":[{\"@type\":\"ListItem\",\"position\":1,\"name\":\"Home\",\"item\":\"https:\/\/miumjau.ee\/lv\/\"},{\"@type\":\"ListItem\",\"position\":2,\"name\":\"Veikals\",\"item\":\"https:\/\/miumjau.ee\/lv\/veikals\/\"},{\"@type\":\"ListItem\",\"position\":3,\"name\":\"Tofu ka\u0137u pakai\u0161i Murrfect, dab\u012bgi 2.5 kg\"}]},{\"@type\":\"WebSite\",\"@id\":\"https:\/\/miumjau.ee\/#website\",\"url\":\"https:\/\/miumjau.ee\/\",\"name\":\"MiuMjau\",\"description\":\"Kraapimispuud kassidele\",\"publisher\":{\"@id\":\"https:\/\/miumjau.ee\/#organization\"},\"potentialAction\":[{\"@type\":\"SearchAction\",\"target\":{\"@type\":\"EntryPoint\",\"urlTemplate\":\"https:\/\/miumjau.ee\/?s={search_term_string}\"},\"query-input\":{\"@type\":\"PropertyValueSpecification\",\"valueRequired\":true,\"valueName\":\"search_term_string\"}}],\"inLanguage\":\"lv-LV\"},{\"@type\":\"Organization\",\"@id\":\"https:\/\/miumjau.ee\/#organization\",\"name\":\"MiuMjau O\u00dc\",\"url\":\"https:\/\/miumjau.ee\/\",\"logo\":{\"@type\":\"ImageObject\",\"inLanguage\":\"lv-LV\",\"@id\":\"https:\/\/miumjau.ee\/#\/schema\/logo\/image\/\",\"url\":\"https:\/\/miumjau.ee\/wp-content\/uploads\/2022\/04\/MiuMjau-logo-kollane.png\",\"contentUrl\":\"https:\/\/miumjau.ee\/wp-content\/uploads\/2022\/04\/MiuMjau-logo-kollane.png\",\"width\":219,\"height\":100,\"caption\":\"MiuMjau O\u00dc\"},\"image\":{\"@id\":\"https:\/\/miumjau.ee\/#\/schema\/logo\/image\/\"},\"sameAs\":[\"https:\/\/www.facebook.com\/miumjaupood\/\"]}]}<\/script>\n<!-- \/ Yoast SEO plugin. -->","yoast_head_json":{"title":"Tofu ka\u0137u pakai\u0161i Murrfect, dab\u012bgi 2.5 kg - MiuMjau","robots":{"index":"index","follow":"follow","max-snippet":"max-snippet:-1","max-image-preview":"max-image-preview:large","max-video-preview":"max-video-preview:-1"},"canonical":"https:\/\/miumjau.ee\/lv\/produkts\/tofu-kaku-pakaisi-murrfect-dabigi-2-5-kg\/","og_locale":"lv_LV","og_type":"article","og_title":"Tofu ka\u0137u pakai\u0161i Murrfect, dab\u012bgi 2.5 kg - MiuMjau","og_description":"K\u0101p\u0113c izv\u0113l\u0113ties tofu ka\u0137u pakai\u0161us?\u2022 Dabiskas sast\u0101vda\u013cas \u2013 izgatavoti no \u0113dam\u0101 tofu (sojas \u0161\u0137iedr\u0101m), piln\u012bgi dro\u0161i ka\u0137iem, ka\u0137\u0113niem un cilv\u0113kiem. Nesatur \u0137imik\u0101lijas vai m\u0101ksl\u012bg\u0101s piedevas.\u2022 Videi draudz\u012bgi un 100% biolo\u0123iski no\u0101rd\u0101mi \u2013 var izmest tualet\u0113 vai kompost\u0113t. Nek\u0101du papildu atkritumu probl\u0113mu.\u2022 Lieliska smaku kontrole \u2013 tofu granulas lieliski absorb\u0113 mitrumu un \u0101tri veido stiprus kunku\u013cus, kas nov\u0113r\u0161 nepat\u012bkamo smaku izplat\u012b\u0161anos.\u2022 Maigi un pat\u012bkami ka\u0137a \u0137ep\u0101m \u2013 mazas un vieglas granulas patiks pat izv\u0113l\u012bg\u0101kajiem ka\u0137iem.\u2022 Viegli kopjami \u2013 nedr\u016bp, neput, viegli t\u012br\u0101mi un nomain\u0101mi.\u2022 Bez putek\u013ciem, piem\u0113roti \u0123imen\u0113m ar aler\u0123ij\u0101m. Aizsarg\u0101 elpce\u013cus gan dz\u012bvniekiem, gan cilv\u0113kiem.\u2022 Da\u017e\u0101di arom\u0101ti \u2013 v\u0113l pla\u0161\u0101ka izv\u0113le:\ud83c\udf31 Za\u013c\u0101s t\u0113jas arom\u0101ts \u2013 dabisks svaigums m\u0101j\u0101m.\ud83c\udf11 Bambusa ogles tofu \u2013 v\u0113l sp\u0113c\u012bg\u0101ka smaku neitraliz\u0101cija, lieliski piem\u0113rots jut\u012bg\u0101m vai vair\u0101ku ka\u0137u m\u0101jsaimniec\u012bb\u0101m.\ud83e\udd0d Neitr\u0101ls tofu \u2013 bez arom\u0101ta, ide\u0101li piem\u0113rots aler\u0123iskiem ka\u0137iem un jut\u012bgiem saimniekiem.","og_url":"https:\/\/miumjau.ee\/lv\/produkts\/tofu-kaku-pakaisi-murrfect-dabigi-2-5-kg\/","og_site_name":"MiuMjau","article_publisher":"https:\/\/www.facebook.com\/miumjaupood\/","article_modified_time":"2026-01-07T19:25:33+00:00","og_image":[{"width":1200,"height":1600,"url":"https:\/\/miumjau.ee\/wp-content\/uploads\/2025\/10\/murrfect-tofu-kassiliiv8.jpg","type":"image\/jpeg"}],"twitter_card":"summary_large_image","schema":{"@context":"https:\/\/schema.org","@graph":[{"@type":"WebPage","@id":"https:\/\/miumjau.ee\/lv\/produkts\/tofu-kaku-pakaisi-murrfect-dabigi-2-5-kg\/","url":"https:\/\/miumjau.ee\/lv\/produkts\/tofu-kaku-pakaisi-murrfect-dabigi-2-5-kg\/","name":"Tofu ka\u0137u pakai\u0161i Murrfect, dab\u012bgi 2.5 kg - MiuMjau","isPartOf":{"@id":"https:\/\/miumjau.ee\/#website"},"primaryImageOfPage":{"@id":"https:\/\/miumjau.ee\/lv\/produkts\/tofu-kaku-pakaisi-murrfect-dabigi-2-5-kg\/#primaryimage"},"image":{"@id":"https:\/\/miumjau.ee\/lv\/produkts\/tofu-kaku-pakaisi-murrfect-dabigi-2-5-kg\/#primaryimage"},"thumbnailUrl":"https:\/\/miumjau.ee\/wp-content\/uploads\/2025\/10\/murrfect-tofu-kassiliiv8.jpg","datePublished":"2025-10-13T13:07:56+00:00","dateModified":"2026-01-07T19:25:33+00:00","breadcrumb":{"@id":"https:\/\/miumjau.ee\/lv\/produkts\/tofu-kaku-pakaisi-murrfect-dabigi-2-5-kg\/#breadcrumb"},"inLanguage":"lv-LV","potentialAction":[{"@type":"ReadAction","target":["https:\/\/miumjau.ee\/lv\/produkts\/tofu-kaku-pakaisi-murrfect-dabigi-2-5-kg\/"]}]},{"@type":"ImageObject","inLanguage":"lv-LV","@id":"https:\/\/miumjau.ee\/lv\/produkts\/tofu-kaku-pakaisi-murrfect-dabigi-2-5-kg\/#primaryimage","url":"https:\/\/miumjau.ee\/wp-content\/uploads\/2025\/10\/murrfect-tofu-kassiliiv8.jpg","contentUrl":"https:\/\/miumjau.ee\/wp-content\/uploads\/2025\/10\/murrfect-tofu-kassiliiv8.jpg","width":1200,"height":1600,"caption":"Tofu kassiliiv Murrfect, naturaalne 2.5kg"},{"@type":"BreadcrumbList","@id":"https:\/\/miumjau.ee\/lv\/produkts\/tofu-kaku-pakaisi-murrfect-dabigi-2-5-kg\/#breadcrumb","itemListElement":[{"@type":"ListItem","position":1,"name":"Home","item":"https:\/\/miumjau.ee\/lv\/"},{"@type":"ListItem","position":2,"name":"Veikals","item":"https:\/\/miumjau.ee\/lv\/veikals\/"},{"@type":"ListItem","position":3,"name":"Tofu ka\u0137u pakai\u0161i Murrfect, dab\u012bgi 2.5 kg"}]},{"@type":"WebSite","@id":"https:\/\/miumjau.ee\/#website","url":"https:\/\/miumjau.ee\/","name":"MiuMjau","description":"Kraapimispuud kassidele","publisher":{"@id":"https:\/\/miumjau.ee\/#organization"},"potentialAction":[{"@type":"SearchAction","target":{"@type":"EntryPoint","urlTemplate":"https:\/\/miumjau.ee\/?s={search_term_string}"},"query-input":{"@type":"PropertyValueSpecification","valueRequired":true,"valueName":"search_term_string"}}],"inLanguage":"lv-LV"},{"@type":"Organization","@id":"https:\/\/miumjau.ee\/#organization","name":"MiuMjau O\u00dc","url":"https:\/\/miumjau.ee\/","logo":{"@type":"ImageObject","inLanguage":"lv-LV","@id":"https:\/\/miumjau.ee\/#\/schema\/logo\/image\/","url":"https:\/\/miumjau.ee\/wp-content\/uploads\/2022\/04\/MiuMjau-logo-kollane.png","contentUrl":"https:\/\/miumjau.ee\/wp-content\/uploads\/2022\/04\/MiuMjau-logo-kollane.png","width":219,"height":100,"caption":"MiuMjau O\u00dc"},"image":{"@id":"https:\/\/miumjau.ee\/#\/schema\/logo\/image\/"},"sameAs":["https:\/\/www.facebook.com\/miumjaupood\/"]}]}},"_links":{"self":[{"href":"https:\/\/miumjau.ee\/lv\/wp-json\/wp\/v2\/product\/45009","targetHints":{"allow":["GET"]}}],"collection":[{"href":"https:\/\/miumjau.ee\/lv\/wp-json\/wp\/v2\/product"}],"about":[{"href":"https:\/\/miumjau.ee\/lv\/wp-json\/wp\/v2\/types\/product"}],"wp:featuredmedia":[{"embeddable":true,"href":"https:\/\/miumjau.ee\/lv\/wp-json\/wp\/v2\/media\/44994"}],"wp:attachment":[{"href":"https:\/\/miumjau.ee\/lv\/wp-json\/wp\/v2\/media?parent=45009"}],"wp:term":[{"taxonomy":"product_brand","embeddable":true,"href":"https:\/\/miumjau.ee\/lv\/wp-json\/wp\/v2\/product_brand?post=45009"},{"taxonomy":"product_cat","embeddable":true,"href":"https:\/\/miumjau.ee\/lv\/wp-json\/wp\/v2\/product_cat?post=45009"},{"taxonomy":"product_tag","embeddable":true,"href":"https:\/\/miumjau.ee\/lv\/wp-json\/wp\/v2\/product_tag?post=45009"}],"curies":[{"name":"wp","href":"https:\/\/api.w.org\/{rel}","templated":true}]}}