{"id":44990,"date":"2025-10-13T16:07:55","date_gmt":"2025-10-13T13:07:55","guid":{"rendered":"https:\/\/miumjau.ee\/toode\/tofu-kaku-pakaisi-murrfect-ar-ogli-2-5-kg\/"},"modified":"2026-01-07T21:25:33","modified_gmt":"2026-01-07T19:25:33","slug":"tofu-kaku-pakaisi-murrfect-ar-ogli-2-5-kg","status":"publish","type":"product","link":"https:\/\/miumjau.ee\/lv\/produkts\/tofu-kaku-pakaisi-murrfect-ar-ogli-2-5-kg\/","title":{"rendered":"Tofu ka\u0137u pakai\u0161i Murrfect ar ogli, 2.5 kg"},"content":{"rendered":"","protected":false},"excerpt":{"rendered":"<p><strong data-start=\"137\" data-end=\"177\">K\u0101p\u0113c izv\u0113l\u0113ties tofu ka\u0137u pakai\u0161us?<\/strong><br data-start=\"177\" data-end=\"180\" \/>\u2022 <strong data-start=\"182\" data-end=\"206\">Dabiskas sast\u0101vda\u013cas<\/strong> \u2013 izgatavoti no \u0113dam\u0101 tofu (sojas \u0161\u0137iedr\u0101m), t\u0101p\u0113c tie ir piln\u012bgi dro\u0161i ka\u0137iem, ka\u0137\u0113niem un cilv\u0113kiem. Nesatur \u0137\u012bmiskas vielas un m\u0101ksl\u012bgus piedevas.<br data-start=\"356\" data-end=\"359\" \/>\u2022 <strong data-start=\"361\" data-end=\"408\">Videi draudz\u012bgi un 100% biolo\u0123iski no\u0101rd\u0101mi<\/strong> \u2013 var izmest tualet\u0113 vai kompost\u0113t. Nav j\u0101uztraucas par papildu atkritumiem.<br data-start=\"485\" data-end=\"488\" \/>\u2022 <strong data-start=\"490\" data-end=\"515\">Izcila smaku kontrole<\/strong> \u2013 tofu granulas perfekti absorb\u0113 mitrumu un \u0101tri veido stingrus kunku\u013cus, kas nov\u0113r\u0161 nepat\u012bkamo smaku izplat\u012b\u0161anos.<br data-start=\"631\" data-end=\"634\" data-is-only-node=\"\" \/>\u2022 <strong data-start=\"636\" data-end=\"656\">Maigi ka\u0137u \u0137ep\u0101m<\/strong> \u2013 mazas un vieglas granulas patiks pat izv\u0113l\u012bg\u0101kajiem ka\u0137iem.<br data-start=\"718\" data-end=\"721\" \/>\u2022 <strong data-start=\"723\" data-end=\"741\">Viegli kopjami<\/strong> \u2013 nedr\u016bp, neput, viegli t\u012br\u0101mi un nomain\u0101mi.<br data-start=\"786\" data-end=\"789\" \/>\u2022 <strong data-start=\"791\" data-end=\"808\">Bez putek\u013ciem<\/strong>, piem\u0113roti aler\u0123isk\u0101m \u0123imen\u0113m. Aizsarg\u0101 elpce\u013cus gan dz\u012bvniekiem, gan cilv\u0113kiem.<br data-start=\"889\" data-end=\"892\" \/>\u2022 <strong data-start=\"894\" data-end=\"934\">Da\u017e\u0101di arom\u0101ti \u2013 v\u0113l pla\u0161\u0101ka izv\u0113le:<\/strong><br data-start=\"934\" data-end=\"937\" \/>\ud83c\udf31 <strong data-start=\"940\" data-end=\"963\">Za\u013c\u0101s t\u0113jas arom\u0101ts<\/strong> \u2013 dabisks svaigums, kas pal\u012bdz uztur\u0113t pat\u012bkamu smar\u017eu m\u0101j\u0101s.<br data-start=\"1025\" data-end=\"1028\" \/>\ud83c\udf11 <strong data-start=\"1031\" data-end=\"1053\">Bambusa ogles tofu<\/strong> \u2013 v\u0113l sp\u0113c\u012bg\u0101ka smaku neitraliz\u0101cija; lieliska izv\u0113le jut\u012bg\u0101m m\u0101jsaimniec\u012bb\u0101m vai vair\u0101kiem ka\u0137iem.<br data-start=\"1153\" data-end=\"1156\" \/>\ud83e\udd0d <strong data-start=\"1159\" data-end=\"1176\">Neitr\u0101ls tofu<\/strong> \u2013 bez arom\u0101ta, ide\u0101li piem\u0113rots aler\u0123iskiem ka\u0137iem un jut\u012bgiem \u012bpa\u0161niekiem.<\/p>\n","protected":false},"featured_media":44995,"template":"","meta":[],"product_brand":[],"product_cat":[563],"product_tag":[],"class_list":{"0":"post-44990","1":"product","2":"type-product","3":"status-publish","4":"has-post-thumbnail","6":"product_cat-kaku-tualetes-smiltis","8":"first","9":"instock","10":"taxable","11":"shipping-taxable","12":"purchasable","13":"product-type-simple"},"yoast_head":"<!-- This site is optimized with the Yoast SEO plugin v27.2 - https:\/\/yoast.com\/product\/yoast-seo-wordpress\/ -->\n<title>Tofu ka\u0137u pakai\u0161i Murrfect ar ogli, 2.5 kg - MiuMjau<\/title>\n<meta name=\"robots\" content=\"index, follow, max-snippet:-1, max-image-preview:large, max-video-preview:-1\" \/>\n<link rel=\"canonical\" href=\"https:\/\/miumjau.ee\/lv\/produkts\/tofu-kaku-pakaisi-murrfect-ar-ogli-2-5-kg\/\" \/>\n<meta property=\"og:locale\" content=\"lv_LV\" \/>\n<meta property=\"og:type\" content=\"article\" \/>\n<meta property=\"og:title\" content=\"Tofu ka\u0137u pakai\u0161i Murrfect ar ogli, 2.5 kg - MiuMjau\" \/>\n<meta property=\"og:description\" content=\"K\u0101p\u0113c izv\u0113l\u0113ties tofu ka\u0137u pakai\u0161us?\u2022 Dabiskas sast\u0101vda\u013cas \u2013 izgatavoti no \u0113dam\u0101 tofu (sojas \u0161\u0137iedr\u0101m), t\u0101p\u0113c tie ir piln\u012bgi dro\u0161i ka\u0137iem, ka\u0137\u0113niem un cilv\u0113kiem. Nesatur \u0137\u012bmiskas vielas un m\u0101ksl\u012bgus piedevas.\u2022 Videi draudz\u012bgi un 100% biolo\u0123iski no\u0101rd\u0101mi \u2013 var izmest tualet\u0113 vai kompost\u0113t. Nav j\u0101uztraucas par papildu atkritumiem.\u2022 Izcila smaku kontrole \u2013 tofu granulas perfekti absorb\u0113 mitrumu un \u0101tri veido stingrus kunku\u013cus, kas nov\u0113r\u0161 nepat\u012bkamo smaku izplat\u012b\u0161anos.\u2022 Maigi ka\u0137u \u0137ep\u0101m \u2013 mazas un vieglas granulas patiks pat izv\u0113l\u012bg\u0101kajiem ka\u0137iem.\u2022 Viegli kopjami \u2013 nedr\u016bp, neput, viegli t\u012br\u0101mi un nomain\u0101mi.\u2022 Bez putek\u013ciem, piem\u0113roti aler\u0123isk\u0101m \u0123imen\u0113m. Aizsarg\u0101 elpce\u013cus gan dz\u012bvniekiem, gan cilv\u0113kiem.\u2022 Da\u017e\u0101di arom\u0101ti \u2013 v\u0113l pla\u0161\u0101ka izv\u0113le:\ud83c\udf31 Za\u013c\u0101s t\u0113jas arom\u0101ts \u2013 dabisks svaigums, kas pal\u012bdz uztur\u0113t pat\u012bkamu smar\u017eu m\u0101j\u0101s.\ud83c\udf11 Bambusa ogles tofu \u2013 v\u0113l sp\u0113c\u012bg\u0101ka smaku neitraliz\u0101cija; lieliska izv\u0113le jut\u012bg\u0101m m\u0101jsaimniec\u012bb\u0101m vai vair\u0101kiem ka\u0137iem.\ud83e\udd0d Neitr\u0101ls tofu \u2013 bez arom\u0101ta, ide\u0101li piem\u0113rots aler\u0123iskiem ka\u0137iem un jut\u012bgiem \u012bpa\u0161niekiem.\" \/>\n<meta property=\"og:url\" content=\"https:\/\/miumjau.ee\/lv\/produkts\/tofu-kaku-pakaisi-murrfect-ar-ogli-2-5-kg\/\" \/>\n<meta property=\"og:site_name\" content=\"MiuMjau\" \/>\n<meta property=\"article:publisher\" content=\"https:\/\/www.facebook.com\/miumjaupood\/\" \/>\n<meta property=\"article:modified_time\" content=\"2026-01-07T19:25:33+00:00\" \/>\n<meta property=\"og:image\" content=\"https:\/\/miumjau.ee\/wp-content\/uploads\/2025\/10\/murrfect-tofu-kassiliiv9.jpg\" \/>\n\t<meta property=\"og:image:width\" content=\"600\" \/>\n\t<meta property=\"og:image:height\" content=\"800\" \/>\n\t<meta property=\"og:image:type\" content=\"image\/jpeg\" \/>\n<meta name=\"twitter:card\" content=\"summary_large_image\" \/>\n<script type=\"application\/ld+json\" class=\"yoast-schema-graph\">{\"@context\":\"https:\/\/schema.org\",\"@graph\":[{\"@type\":\"WebPage\",\"@id\":\"https:\/\/miumjau.ee\/lv\/produkts\/tofu-kaku-pakaisi-murrfect-ar-ogli-2-5-kg\/\",\"url\":\"https:\/\/miumjau.ee\/lv\/produkts\/tofu-kaku-pakaisi-murrfect-ar-ogli-2-5-kg\/\",\"name\":\"Tofu ka\u0137u pakai\u0161i Murrfect ar ogli, 2.5 kg - MiuMjau\",\"isPartOf\":{\"@id\":\"https:\/\/miumjau.ee\/#website\"},\"primaryImageOfPage\":{\"@id\":\"https:\/\/miumjau.ee\/lv\/produkts\/tofu-kaku-pakaisi-murrfect-ar-ogli-2-5-kg\/#primaryimage\"},\"image\":{\"@id\":\"https:\/\/miumjau.ee\/lv\/produkts\/tofu-kaku-pakaisi-murrfect-ar-ogli-2-5-kg\/#primaryimage\"},\"thumbnailUrl\":\"https:\/\/miumjau.ee\/wp-content\/uploads\/2025\/10\/murrfect-tofu-kassiliiv9.jpg\",\"datePublished\":\"2025-10-13T13:07:55+00:00\",\"dateModified\":\"2026-01-07T19:25:33+00:00\",\"breadcrumb\":{\"@id\":\"https:\/\/miumjau.ee\/lv\/produkts\/tofu-kaku-pakaisi-murrfect-ar-ogli-2-5-kg\/#breadcrumb\"},\"inLanguage\":\"lv-LV\",\"potentialAction\":[{\"@type\":\"ReadAction\",\"target\":[\"https:\/\/miumjau.ee\/lv\/produkts\/tofu-kaku-pakaisi-murrfect-ar-ogli-2-5-kg\/\"]}]},{\"@type\":\"ImageObject\",\"inLanguage\":\"lv-LV\",\"@id\":\"https:\/\/miumjau.ee\/lv\/produkts\/tofu-kaku-pakaisi-murrfect-ar-ogli-2-5-kg\/#primaryimage\",\"url\":\"https:\/\/miumjau.ee\/wp-content\/uploads\/2025\/10\/murrfect-tofu-kassiliiv9.jpg\",\"contentUrl\":\"https:\/\/miumjau.ee\/wp-content\/uploads\/2025\/10\/murrfect-tofu-kassiliiv9.jpg\",\"width\":600,\"height\":800},{\"@type\":\"BreadcrumbList\",\"@id\":\"https:\/\/miumjau.ee\/lv\/produkts\/tofu-kaku-pakaisi-murrfect-ar-ogli-2-5-kg\/#breadcrumb\",\"itemListElement\":[{\"@type\":\"ListItem\",\"position\":1,\"name\":\"Home\",\"item\":\"https:\/\/miumjau.ee\/lv\/\"},{\"@type\":\"ListItem\",\"position\":2,\"name\":\"Veikals\",\"item\":\"https:\/\/miumjau.ee\/lv\/veikals\/\"},{\"@type\":\"ListItem\",\"position\":3,\"name\":\"Tofu ka\u0137u pakai\u0161i Murrfect ar ogli, 2.5 kg\"}]},{\"@type\":\"WebSite\",\"@id\":\"https:\/\/miumjau.ee\/#website\",\"url\":\"https:\/\/miumjau.ee\/\",\"name\":\"MiuMjau\",\"description\":\"Kraapimispuud kassidele\",\"publisher\":{\"@id\":\"https:\/\/miumjau.ee\/#organization\"},\"potentialAction\":[{\"@type\":\"SearchAction\",\"target\":{\"@type\":\"EntryPoint\",\"urlTemplate\":\"https:\/\/miumjau.ee\/?s={search_term_string}\"},\"query-input\":{\"@type\":\"PropertyValueSpecification\",\"valueRequired\":true,\"valueName\":\"search_term_string\"}}],\"inLanguage\":\"lv-LV\"},{\"@type\":\"Organization\",\"@id\":\"https:\/\/miumjau.ee\/#organization\",\"name\":\"MiuMjau O\u00dc\",\"url\":\"https:\/\/miumjau.ee\/\",\"logo\":{\"@type\":\"ImageObject\",\"inLanguage\":\"lv-LV\",\"@id\":\"https:\/\/miumjau.ee\/#\/schema\/logo\/image\/\",\"url\":\"https:\/\/miumjau.ee\/wp-content\/uploads\/2022\/04\/MiuMjau-logo-kollane.png\",\"contentUrl\":\"https:\/\/miumjau.ee\/wp-content\/uploads\/2022\/04\/MiuMjau-logo-kollane.png\",\"width\":219,\"height\":100,\"caption\":\"MiuMjau O\u00dc\"},\"image\":{\"@id\":\"https:\/\/miumjau.ee\/#\/schema\/logo\/image\/\"},\"sameAs\":[\"https:\/\/www.facebook.com\/miumjaupood\/\"]}]}<\/script>\n<!-- \/ Yoast SEO plugin. -->","yoast_head_json":{"title":"Tofu ka\u0137u pakai\u0161i Murrfect ar ogli, 2.5 kg - MiuMjau","robots":{"index":"index","follow":"follow","max-snippet":"max-snippet:-1","max-image-preview":"max-image-preview:large","max-video-preview":"max-video-preview:-1"},"canonical":"https:\/\/miumjau.ee\/lv\/produkts\/tofu-kaku-pakaisi-murrfect-ar-ogli-2-5-kg\/","og_locale":"lv_LV","og_type":"article","og_title":"Tofu ka\u0137u pakai\u0161i Murrfect ar ogli, 2.5 kg - MiuMjau","og_description":"K\u0101p\u0113c izv\u0113l\u0113ties tofu ka\u0137u pakai\u0161us?\u2022 Dabiskas sast\u0101vda\u013cas \u2013 izgatavoti no \u0113dam\u0101 tofu (sojas \u0161\u0137iedr\u0101m), t\u0101p\u0113c tie ir piln\u012bgi dro\u0161i ka\u0137iem, ka\u0137\u0113niem un cilv\u0113kiem. Nesatur \u0137\u012bmiskas vielas un m\u0101ksl\u012bgus piedevas.\u2022 Videi draudz\u012bgi un 100% biolo\u0123iski no\u0101rd\u0101mi \u2013 var izmest tualet\u0113 vai kompost\u0113t. Nav j\u0101uztraucas par papildu atkritumiem.\u2022 Izcila smaku kontrole \u2013 tofu granulas perfekti absorb\u0113 mitrumu un \u0101tri veido stingrus kunku\u013cus, kas nov\u0113r\u0161 nepat\u012bkamo smaku izplat\u012b\u0161anos.\u2022 Maigi ka\u0137u \u0137ep\u0101m \u2013 mazas un vieglas granulas patiks pat izv\u0113l\u012bg\u0101kajiem ka\u0137iem.\u2022 Viegli kopjami \u2013 nedr\u016bp, neput, viegli t\u012br\u0101mi un nomain\u0101mi.\u2022 Bez putek\u013ciem, piem\u0113roti aler\u0123isk\u0101m \u0123imen\u0113m. Aizsarg\u0101 elpce\u013cus gan dz\u012bvniekiem, gan cilv\u0113kiem.\u2022 Da\u017e\u0101di arom\u0101ti \u2013 v\u0113l pla\u0161\u0101ka izv\u0113le:\ud83c\udf31 Za\u013c\u0101s t\u0113jas arom\u0101ts \u2013 dabisks svaigums, kas pal\u012bdz uztur\u0113t pat\u012bkamu smar\u017eu m\u0101j\u0101s.\ud83c\udf11 Bambusa ogles tofu \u2013 v\u0113l sp\u0113c\u012bg\u0101ka smaku neitraliz\u0101cija; lieliska izv\u0113le jut\u012bg\u0101m m\u0101jsaimniec\u012bb\u0101m vai vair\u0101kiem ka\u0137iem.\ud83e\udd0d Neitr\u0101ls tofu \u2013 bez arom\u0101ta, ide\u0101li piem\u0113rots aler\u0123iskiem ka\u0137iem un jut\u012bgiem \u012bpa\u0161niekiem.","og_url":"https:\/\/miumjau.ee\/lv\/produkts\/tofu-kaku-pakaisi-murrfect-ar-ogli-2-5-kg\/","og_site_name":"MiuMjau","article_publisher":"https:\/\/www.facebook.com\/miumjaupood\/","article_modified_time":"2026-01-07T19:25:33+00:00","og_image":[{"width":600,"height":800,"url":"https:\/\/miumjau.ee\/wp-content\/uploads\/2025\/10\/murrfect-tofu-kassiliiv9.jpg","type":"image\/jpeg"}],"twitter_card":"summary_large_image","schema":{"@context":"https:\/\/schema.org","@graph":[{"@type":"WebPage","@id":"https:\/\/miumjau.ee\/lv\/produkts\/tofu-kaku-pakaisi-murrfect-ar-ogli-2-5-kg\/","url":"https:\/\/miumjau.ee\/lv\/produkts\/tofu-kaku-pakaisi-murrfect-ar-ogli-2-5-kg\/","name":"Tofu ka\u0137u pakai\u0161i Murrfect ar ogli, 2.5 kg - MiuMjau","isPartOf":{"@id":"https:\/\/miumjau.ee\/#website"},"primaryImageOfPage":{"@id":"https:\/\/miumjau.ee\/lv\/produkts\/tofu-kaku-pakaisi-murrfect-ar-ogli-2-5-kg\/#primaryimage"},"image":{"@id":"https:\/\/miumjau.ee\/lv\/produkts\/tofu-kaku-pakaisi-murrfect-ar-ogli-2-5-kg\/#primaryimage"},"thumbnailUrl":"https:\/\/miumjau.ee\/wp-content\/uploads\/2025\/10\/murrfect-tofu-kassiliiv9.jpg","datePublished":"2025-10-13T13:07:55+00:00","dateModified":"2026-01-07T19:25:33+00:00","breadcrumb":{"@id":"https:\/\/miumjau.ee\/lv\/produkts\/tofu-kaku-pakaisi-murrfect-ar-ogli-2-5-kg\/#breadcrumb"},"inLanguage":"lv-LV","potentialAction":[{"@type":"ReadAction","target":["https:\/\/miumjau.ee\/lv\/produkts\/tofu-kaku-pakaisi-murrfect-ar-ogli-2-5-kg\/"]}]},{"@type":"ImageObject","inLanguage":"lv-LV","@id":"https:\/\/miumjau.ee\/lv\/produkts\/tofu-kaku-pakaisi-murrfect-ar-ogli-2-5-kg\/#primaryimage","url":"https:\/\/miumjau.ee\/wp-content\/uploads\/2025\/10\/murrfect-tofu-kassiliiv9.jpg","contentUrl":"https:\/\/miumjau.ee\/wp-content\/uploads\/2025\/10\/murrfect-tofu-kassiliiv9.jpg","width":600,"height":800},{"@type":"BreadcrumbList","@id":"https:\/\/miumjau.ee\/lv\/produkts\/tofu-kaku-pakaisi-murrfect-ar-ogli-2-5-kg\/#breadcrumb","itemListElement":[{"@type":"ListItem","position":1,"name":"Home","item":"https:\/\/miumjau.ee\/lv\/"},{"@type":"ListItem","position":2,"name":"Veikals","item":"https:\/\/miumjau.ee\/lv\/veikals\/"},{"@type":"ListItem","position":3,"name":"Tofu ka\u0137u pakai\u0161i Murrfect ar ogli, 2.5 kg"}]},{"@type":"WebSite","@id":"https:\/\/miumjau.ee\/#website","url":"https:\/\/miumjau.ee\/","name":"MiuMjau","description":"Kraapimispuud kassidele","publisher":{"@id":"https:\/\/miumjau.ee\/#organization"},"potentialAction":[{"@type":"SearchAction","target":{"@type":"EntryPoint","urlTemplate":"https:\/\/miumjau.ee\/?s={search_term_string}"},"query-input":{"@type":"PropertyValueSpecification","valueRequired":true,"valueName":"search_term_string"}}],"inLanguage":"lv-LV"},{"@type":"Organization","@id":"https:\/\/miumjau.ee\/#organization","name":"MiuMjau O\u00dc","url":"https:\/\/miumjau.ee\/","logo":{"@type":"ImageObject","inLanguage":"lv-LV","@id":"https:\/\/miumjau.ee\/#\/schema\/logo\/image\/","url":"https:\/\/miumjau.ee\/wp-content\/uploads\/2022\/04\/MiuMjau-logo-kollane.png","contentUrl":"https:\/\/miumjau.ee\/wp-content\/uploads\/2022\/04\/MiuMjau-logo-kollane.png","width":219,"height":100,"caption":"MiuMjau O\u00dc"},"image":{"@id":"https:\/\/miumjau.ee\/#\/schema\/logo\/image\/"},"sameAs":["https:\/\/www.facebook.com\/miumjaupood\/"]}]}},"_links":{"self":[{"href":"https:\/\/miumjau.ee\/lv\/wp-json\/wp\/v2\/product\/44990","targetHints":{"allow":["GET"]}}],"collection":[{"href":"https:\/\/miumjau.ee\/lv\/wp-json\/wp\/v2\/product"}],"about":[{"href":"https:\/\/miumjau.ee\/lv\/wp-json\/wp\/v2\/types\/product"}],"wp:featuredmedia":[{"embeddable":true,"href":"https:\/\/miumjau.ee\/lv\/wp-json\/wp\/v2\/media\/44995"}],"wp:attachment":[{"href":"https:\/\/miumjau.ee\/lv\/wp-json\/wp\/v2\/media?parent=44990"}],"wp:term":[{"taxonomy":"product_brand","embeddable":true,"href":"https:\/\/miumjau.ee\/lv\/wp-json\/wp\/v2\/product_brand?post=44990"},{"taxonomy":"product_cat","embeddable":true,"href":"https:\/\/miumjau.ee\/lv\/wp-json\/wp\/v2\/product_cat?post=44990"},{"taxonomy":"product_tag","embeddable":true,"href":"https:\/\/miumjau.ee\/lv\/wp-json\/wp\/v2\/product_tag?post=44990"}],"curies":[{"name":"wp","href":"https:\/\/api.w.org\/{rel}","templated":true}]}}