{"id":44980,"date":"2025-06-29T14:55:33","date_gmt":"2025-06-29T11:55:33","guid":{"rendered":"https:\/\/miumjau.ee\/toode\/kaku-pakaisi-bentonita-northland-lavanda-5l\/"},"modified":"2026-01-07T21:25:40","modified_gmt":"2026-01-07T19:25:40","slug":"kaku-pakaisi-bentonita-northland-lavanda-5l","status":"publish","type":"product","link":"https:\/\/miumjau.ee\/lv\/produkts\/kaku-pakaisi-bentonita-northland-lavanda-5l\/","title":{"rendered":"Ka\u0137u pakai\u0161i benton\u012bta Northland Lavanda 5L"},"content":{"rendered":"<p data-start=\"163\" data-end=\"441\">Northland benton\u012bta ka\u0137u pakai\u0161i ir augstas kvalit\u0101tes pakai\u0161i, kas izgatavoti no dab\u012bga benton\u012bta m\u0101la. Tie ir paredz\u0113ti ka\u0137iem, kuri nov\u0113rt\u0113 t\u012br\u012bbu un komfortu, jo \u0161iem pakai\u0161iem ir lieliska sp\u0113ja absorb\u0113t mitrumu un nepat\u012bkamas smakas, vienlaikus saglab\u0101jot lavandas arom\u0101tu.<\/p>\n<p data-start=\"443\" data-end=\"952\"><strong data-start=\"443\" data-end=\"465\">Galven\u0101s \u012bpa\u0161\u012bbas:<\/strong><br data-start=\"465\" data-end=\"468\" \/>\u2022 <strong data-start=\"470\" data-end=\"497\">Liela uzs\u016bk\u0161anas sp\u0113ja:<\/strong> Benton\u012bta m\u0101ls efekt\u012bvi uzs\u016bc mitrumu un \u0161\u0137idrumus, saglab\u0101jot pakai\u0161u virsmu sausu un t\u012bru.<br data-start=\"590\" data-end=\"593\" \/>\u2022 <strong data-start=\"595\" data-end=\"616\">Lavandas arom\u0101ts:<\/strong> pat\u012bkams un maigs lavandas arom\u0101ts pal\u012bdz neitraliz\u0113t nepat\u012bkamas smakas un rada nomierino\u0161u atmosf\u0113ru.<br data-start=\"720\" data-end=\"723\" \/>\u2022 <strong data-start=\"725\" data-end=\"742\">Dro\u0161i ka\u0137iem:<\/strong> neizraisa kairin\u0101jumu uz \u0137ep\u0101m vai elpce\u013ciem.<br data-start=\"788\" data-end=\"791\" \/>\u2022 <strong data-start=\"793\" data-end=\"811\">Viegli t\u012br\u0101mi:<\/strong> veido cietas kunku\u013cus, kas atvieglo t\u012br\u012b\u0161anu un iz\u0146em\u0161anu.<br data-start=\"870\" data-end=\"873\" \/>\u2022 Piem\u0113roti da\u017e\u0101diem ka\u0137u tualetes traukiem.<br data-start=\"917\" data-end=\"920\" \/>\u2022 <strong data-start=\"922\" data-end=\"952\">Nedr\u012bkst noskalot tualet\u0113.<\/strong><\/p>\n<p data-start=\"954\" data-end=\"1063\">\u0160ie pakai\u0161i nodro\u0161ina \u0113rt\u012bbu un t\u012br\u012bbu gan ka\u0137iem, gan vi\u0146u saimniekiem. Saglab\u0101 svaigu gaisu ilg\u0101kam laikam.<\/p>\n","protected":false},"excerpt":{"rendered":"<p>Northland benton\u012bta ka\u0137u pakai\u0161i ir augstas kvalit\u0101tes pakai\u0161i, kas izgatavoti  [&#8230;]<\/p>\n","protected":false},"featured_media":44981,"template":"","meta":[],"product_brand":[],"product_cat":[563],"product_tag":[],"class_list":{"0":"post-44980","1":"product","2":"type-product","3":"status-publish","4":"has-post-thumbnail","6":"product_cat-kaku-tualetes-smiltis","8":"first","9":"instock","10":"sale","11":"taxable","12":"shipping-taxable","13":"purchasable","14":"product-type-simple"},"yoast_head":"<!-- This site is optimized with the Yoast SEO plugin v27.2 - https:\/\/yoast.com\/product\/yoast-seo-wordpress\/ -->\n<title>Ka\u0137u pakai\u0161i benton\u012bta Northland Lavanda 5L - MiuMjau<\/title>\n<meta name=\"robots\" content=\"index, follow, max-snippet:-1, max-image-preview:large, max-video-preview:-1\" \/>\n<link rel=\"canonical\" href=\"https:\/\/miumjau.ee\/lv\/produkts\/kaku-pakaisi-bentonita-northland-lavanda-5l\/\" \/>\n<meta property=\"og:locale\" content=\"lv_LV\" \/>\n<meta property=\"og:type\" content=\"article\" \/>\n<meta property=\"og:title\" content=\"Ka\u0137u pakai\u0161i benton\u012bta Northland Lavanda 5L - MiuMjau\" \/>\n<meta property=\"og:description\" content=\"Northland benton\u012bta ka\u0137u pakai\u0161i ir augstas kvalit\u0101tes pakai\u0161i, kas izgatavoti [...]\" \/>\n<meta property=\"og:url\" content=\"https:\/\/miumjau.ee\/lv\/produkts\/kaku-pakaisi-bentonita-northland-lavanda-5l\/\" \/>\n<meta property=\"og:site_name\" content=\"MiuMjau\" \/>\n<meta property=\"article:publisher\" content=\"https:\/\/www.facebook.com\/miumjaupood\/\" \/>\n<meta property=\"article:modified_time\" content=\"2026-01-07T19:25:40+00:00\" \/>\n<meta property=\"og:image\" content=\"https:\/\/miumjau.ee\/wp-content\/uploads\/2025\/06\/northland-bentoniit-kassiliiv3.jpg\" \/>\n\t<meta property=\"og:image:width\" content=\"600\" \/>\n\t<meta property=\"og:image:height\" content=\"800\" \/>\n\t<meta property=\"og:image:type\" content=\"image\/jpeg\" \/>\n<meta name=\"twitter:card\" content=\"summary_large_image\" \/>\n<meta name=\"twitter:label1\" content=\"Est. reading time\" \/>\n\t<meta name=\"twitter:data1\" content=\"1 minute\" \/>\n<script type=\"application\/ld+json\" class=\"yoast-schema-graph\">{\"@context\":\"https:\/\/schema.org\",\"@graph\":[{\"@type\":\"WebPage\",\"@id\":\"https:\/\/miumjau.ee\/lv\/produkts\/kaku-pakaisi-bentonita-northland-lavanda-5l\/\",\"url\":\"https:\/\/miumjau.ee\/lv\/produkts\/kaku-pakaisi-bentonita-northland-lavanda-5l\/\",\"name\":\"Ka\u0137u pakai\u0161i benton\u012bta Northland Lavanda 5L - MiuMjau\",\"isPartOf\":{\"@id\":\"https:\/\/miumjau.ee\/#website\"},\"primaryImageOfPage\":{\"@id\":\"https:\/\/miumjau.ee\/lv\/produkts\/kaku-pakaisi-bentonita-northland-lavanda-5l\/#primaryimage\"},\"image\":{\"@id\":\"https:\/\/miumjau.ee\/lv\/produkts\/kaku-pakaisi-bentonita-northland-lavanda-5l\/#primaryimage\"},\"thumbnailUrl\":\"https:\/\/miumjau.ee\/wp-content\/uploads\/2025\/06\/northland-bentoniit-kassiliiv3.jpg\",\"datePublished\":\"2025-06-29T11:55:33+00:00\",\"dateModified\":\"2026-01-07T19:25:40+00:00\",\"breadcrumb\":{\"@id\":\"https:\/\/miumjau.ee\/lv\/produkts\/kaku-pakaisi-bentonita-northland-lavanda-5l\/#breadcrumb\"},\"inLanguage\":\"lv-LV\",\"potentialAction\":[{\"@type\":\"ReadAction\",\"target\":[\"https:\/\/miumjau.ee\/lv\/produkts\/kaku-pakaisi-bentonita-northland-lavanda-5l\/\"]}]},{\"@type\":\"ImageObject\",\"inLanguage\":\"lv-LV\",\"@id\":\"https:\/\/miumjau.ee\/lv\/produkts\/kaku-pakaisi-bentonita-northland-lavanda-5l\/#primaryimage\",\"url\":\"https:\/\/miumjau.ee\/wp-content\/uploads\/2025\/06\/northland-bentoniit-kassiliiv3.jpg\",\"contentUrl\":\"https:\/\/miumjau.ee\/wp-content\/uploads\/2025\/06\/northland-bentoniit-kassiliiv3.jpg\",\"width\":600,\"height\":800},{\"@type\":\"BreadcrumbList\",\"@id\":\"https:\/\/miumjau.ee\/lv\/produkts\/kaku-pakaisi-bentonita-northland-lavanda-5l\/#breadcrumb\",\"itemListElement\":[{\"@type\":\"ListItem\",\"position\":1,\"name\":\"Home\",\"item\":\"https:\/\/miumjau.ee\/lv\/\"},{\"@type\":\"ListItem\",\"position\":2,\"name\":\"Veikals\",\"item\":\"https:\/\/miumjau.ee\/lv\/veikals\/\"},{\"@type\":\"ListItem\",\"position\":3,\"name\":\"Ka\u0137u pakai\u0161i benton\u012bta Northland Lavanda 5L\"}]},{\"@type\":\"WebSite\",\"@id\":\"https:\/\/miumjau.ee\/#website\",\"url\":\"https:\/\/miumjau.ee\/\",\"name\":\"MiuMjau\",\"description\":\"Kraapimispuud kassidele\",\"publisher\":{\"@id\":\"https:\/\/miumjau.ee\/#organization\"},\"potentialAction\":[{\"@type\":\"SearchAction\",\"target\":{\"@type\":\"EntryPoint\",\"urlTemplate\":\"https:\/\/miumjau.ee\/?s={search_term_string}\"},\"query-input\":{\"@type\":\"PropertyValueSpecification\",\"valueRequired\":true,\"valueName\":\"search_term_string\"}}],\"inLanguage\":\"lv-LV\"},{\"@type\":\"Organization\",\"@id\":\"https:\/\/miumjau.ee\/#organization\",\"name\":\"MiuMjau O\u00dc\",\"url\":\"https:\/\/miumjau.ee\/\",\"logo\":{\"@type\":\"ImageObject\",\"inLanguage\":\"lv-LV\",\"@id\":\"https:\/\/miumjau.ee\/#\/schema\/logo\/image\/\",\"url\":\"https:\/\/miumjau.ee\/wp-content\/uploads\/2022\/04\/MiuMjau-logo-kollane.png\",\"contentUrl\":\"https:\/\/miumjau.ee\/wp-content\/uploads\/2022\/04\/MiuMjau-logo-kollane.png\",\"width\":219,\"height\":100,\"caption\":\"MiuMjau O\u00dc\"},\"image\":{\"@id\":\"https:\/\/miumjau.ee\/#\/schema\/logo\/image\/\"},\"sameAs\":[\"https:\/\/www.facebook.com\/miumjaupood\/\"]}]}<\/script>\n<!-- \/ Yoast SEO plugin. -->","yoast_head_json":{"title":"Ka\u0137u pakai\u0161i benton\u012bta Northland Lavanda 5L - MiuMjau","robots":{"index":"index","follow":"follow","max-snippet":"max-snippet:-1","max-image-preview":"max-image-preview:large","max-video-preview":"max-video-preview:-1"},"canonical":"https:\/\/miumjau.ee\/lv\/produkts\/kaku-pakaisi-bentonita-northland-lavanda-5l\/","og_locale":"lv_LV","og_type":"article","og_title":"Ka\u0137u pakai\u0161i benton\u012bta Northland Lavanda 5L - MiuMjau","og_description":"Northland benton\u012bta ka\u0137u pakai\u0161i ir augstas kvalit\u0101tes pakai\u0161i, kas izgatavoti [...]","og_url":"https:\/\/miumjau.ee\/lv\/produkts\/kaku-pakaisi-bentonita-northland-lavanda-5l\/","og_site_name":"MiuMjau","article_publisher":"https:\/\/www.facebook.com\/miumjaupood\/","article_modified_time":"2026-01-07T19:25:40+00:00","og_image":[{"width":600,"height":800,"url":"https:\/\/miumjau.ee\/wp-content\/uploads\/2025\/06\/northland-bentoniit-kassiliiv3.jpg","type":"image\/jpeg"}],"twitter_card":"summary_large_image","twitter_misc":{"Est. reading time":"1 minute"},"schema":{"@context":"https:\/\/schema.org","@graph":[{"@type":"WebPage","@id":"https:\/\/miumjau.ee\/lv\/produkts\/kaku-pakaisi-bentonita-northland-lavanda-5l\/","url":"https:\/\/miumjau.ee\/lv\/produkts\/kaku-pakaisi-bentonita-northland-lavanda-5l\/","name":"Ka\u0137u pakai\u0161i benton\u012bta Northland Lavanda 5L - MiuMjau","isPartOf":{"@id":"https:\/\/miumjau.ee\/#website"},"primaryImageOfPage":{"@id":"https:\/\/miumjau.ee\/lv\/produkts\/kaku-pakaisi-bentonita-northland-lavanda-5l\/#primaryimage"},"image":{"@id":"https:\/\/miumjau.ee\/lv\/produkts\/kaku-pakaisi-bentonita-northland-lavanda-5l\/#primaryimage"},"thumbnailUrl":"https:\/\/miumjau.ee\/wp-content\/uploads\/2025\/06\/northland-bentoniit-kassiliiv3.jpg","datePublished":"2025-06-29T11:55:33+00:00","dateModified":"2026-01-07T19:25:40+00:00","breadcrumb":{"@id":"https:\/\/miumjau.ee\/lv\/produkts\/kaku-pakaisi-bentonita-northland-lavanda-5l\/#breadcrumb"},"inLanguage":"lv-LV","potentialAction":[{"@type":"ReadAction","target":["https:\/\/miumjau.ee\/lv\/produkts\/kaku-pakaisi-bentonita-northland-lavanda-5l\/"]}]},{"@type":"ImageObject","inLanguage":"lv-LV","@id":"https:\/\/miumjau.ee\/lv\/produkts\/kaku-pakaisi-bentonita-northland-lavanda-5l\/#primaryimage","url":"https:\/\/miumjau.ee\/wp-content\/uploads\/2025\/06\/northland-bentoniit-kassiliiv3.jpg","contentUrl":"https:\/\/miumjau.ee\/wp-content\/uploads\/2025\/06\/northland-bentoniit-kassiliiv3.jpg","width":600,"height":800},{"@type":"BreadcrumbList","@id":"https:\/\/miumjau.ee\/lv\/produkts\/kaku-pakaisi-bentonita-northland-lavanda-5l\/#breadcrumb","itemListElement":[{"@type":"ListItem","position":1,"name":"Home","item":"https:\/\/miumjau.ee\/lv\/"},{"@type":"ListItem","position":2,"name":"Veikals","item":"https:\/\/miumjau.ee\/lv\/veikals\/"},{"@type":"ListItem","position":3,"name":"Ka\u0137u pakai\u0161i benton\u012bta Northland Lavanda 5L"}]},{"@type":"WebSite","@id":"https:\/\/miumjau.ee\/#website","url":"https:\/\/miumjau.ee\/","name":"MiuMjau","description":"Kraapimispuud kassidele","publisher":{"@id":"https:\/\/miumjau.ee\/#organization"},"potentialAction":[{"@type":"SearchAction","target":{"@type":"EntryPoint","urlTemplate":"https:\/\/miumjau.ee\/?s={search_term_string}"},"query-input":{"@type":"PropertyValueSpecification","valueRequired":true,"valueName":"search_term_string"}}],"inLanguage":"lv-LV"},{"@type":"Organization","@id":"https:\/\/miumjau.ee\/#organization","name":"MiuMjau O\u00dc","url":"https:\/\/miumjau.ee\/","logo":{"@type":"ImageObject","inLanguage":"lv-LV","@id":"https:\/\/miumjau.ee\/#\/schema\/logo\/image\/","url":"https:\/\/miumjau.ee\/wp-content\/uploads\/2022\/04\/MiuMjau-logo-kollane.png","contentUrl":"https:\/\/miumjau.ee\/wp-content\/uploads\/2022\/04\/MiuMjau-logo-kollane.png","width":219,"height":100,"caption":"MiuMjau O\u00dc"},"image":{"@id":"https:\/\/miumjau.ee\/#\/schema\/logo\/image\/"},"sameAs":["https:\/\/www.facebook.com\/miumjaupood\/"]}]}},"_links":{"self":[{"href":"https:\/\/miumjau.ee\/lv\/wp-json\/wp\/v2\/product\/44980","targetHints":{"allow":["GET"]}}],"collection":[{"href":"https:\/\/miumjau.ee\/lv\/wp-json\/wp\/v2\/product"}],"about":[{"href":"https:\/\/miumjau.ee\/lv\/wp-json\/wp\/v2\/types\/product"}],"wp:featuredmedia":[{"embeddable":true,"href":"https:\/\/miumjau.ee\/lv\/wp-json\/wp\/v2\/media\/44981"}],"wp:attachment":[{"href":"https:\/\/miumjau.ee\/lv\/wp-json\/wp\/v2\/media?parent=44980"}],"wp:term":[{"taxonomy":"product_brand","embeddable":true,"href":"https:\/\/miumjau.ee\/lv\/wp-json\/wp\/v2\/product_brand?post=44980"},{"taxonomy":"product_cat","embeddable":true,"href":"https:\/\/miumjau.ee\/lv\/wp-json\/wp\/v2\/product_cat?post=44980"},{"taxonomy":"product_tag","embeddable":true,"href":"https:\/\/miumjau.ee\/lv\/wp-json\/wp\/v2\/product_tag?post=44980"}],"curies":[{"name":"wp","href":"https:\/\/api.w.org\/{rel}","templated":true}]}}