{"id":44919,"date":"2025-07-29T15:15:33","date_gmt":"2025-07-29T12:15:33","guid":{"rendered":"https:\/\/miumjau.ee\/toode\/beaphar-ausu-tirisanas-lidzeklis-kakiem-un-suniem-50-ml\/"},"modified":"2026-01-07T21:25:40","modified_gmt":"2026-01-07T19:25:40","slug":"beaphar-ausu-tirisanas-lidzeklis-kakiem-un-suniem-50-ml","status":"publish","type":"product","link":"https:\/\/miumjau.ee\/lv\/produkts\/beaphar-ausu-tirisanas-lidzeklis-kakiem-un-suniem-50-ml\/","title":{"rendered":"Beaphar ausu t\u012br\u012b\u0161anas l\u012bdzeklis ka\u0137iem un su\u0146iem 50 ml"},"content":{"rendered":"","protected":false},"excerpt":{"rendered":"<p data-start=\"138\" data-end=\"227\">Beaphar EAR CLEANER \u2013 ausu t\u012br\u012b\u0161anas l\u012bdzeklis su\u0146iem, ka\u0137iem un citiem m\u0101jdz\u012bvniekiem.<\/p>\n<p data-start=\"229\" data-end=\"319\"><strong data-start=\"229\" data-end=\"248\">Akt\u012bv\u0101s vielas:<\/strong> 1,50 g cetrim\u012bds, hlorheksid\u012bna glikon\u0101ts 0,15 g\/l, mentols 1,00 g\/l<\/p>\n<p data-start=\"321\" data-end=\"429\"><strong data-start=\"321\" data-end=\"351\">Pal\u012bgvielas un pildvielas:<\/strong> \u016bdens, glicer\u012bns, Polisorbaats 80, Savlon koncentr\u0101ts, MSM (dimetilsulfons)<\/p>\n<p data-start=\"431\" data-end=\"701\"><strong data-start=\"431\" data-end=\"445\">Lieto\u0161ana:<\/strong> Divas reizes ned\u0113\u013c\u0101 iepilin\u0101t 6\u20138 pilienus l\u012bdzek\u013ca dz\u012bvnieka \u0101r\u0113j\u0101 auss ej\u0101 un maigi iemas\u0113t ausi. P\u0113c tam ausi maigi not\u012br\u012bt ar pap\u012bra salveti. Auss t\u012br\u012b\u0161anai nelietot vates koci\u0146us vai citus priek\u0161metus auss ej\u0101. Prepar\u0101ts nesatur spirtu un ir maigs.<\/p>\n<p data-start=\"703\" data-end=\"740\"><strong data-start=\"703\" data-end=\"719\">Uzglab\u0101\u0161ana:<\/strong> saus\u0101, v\u0113s\u0101 viet\u0101.<\/p>\n","protected":false},"featured_media":44920,"template":"","meta":[],"product_brand":[],"product_cat":[589,560],"product_tag":[],"class_list":{"0":"post-44919","1":"product","2":"type-product","3":"status-publish","4":"has-post-thumbnail","6":"product_cat-citi-piederumi","7":"product_cat-kopsanas-lidzekli-suniem","9":"first","10":"instock","11":"taxable","12":"shipping-taxable","13":"purchasable","14":"product-type-simple"},"yoast_head":"<!-- This site is optimized with the Yoast SEO plugin v27.2 - https:\/\/yoast.com\/product\/yoast-seo-wordpress\/ -->\n<title>Beaphar ausu t\u012br\u012b\u0161anas l\u012bdzeklis ka\u0137iem un su\u0146iem 50 ml - MiuMjau<\/title>\n<meta name=\"robots\" content=\"index, follow, max-snippet:-1, max-image-preview:large, max-video-preview:-1\" \/>\n<link rel=\"canonical\" href=\"https:\/\/miumjau.ee\/lv\/produkts\/beaphar-ausu-tirisanas-lidzeklis-kakiem-un-suniem-50-ml\/\" \/>\n<meta property=\"og:locale\" content=\"lv_LV\" \/>\n<meta property=\"og:type\" content=\"article\" \/>\n<meta property=\"og:title\" content=\"Beaphar ausu t\u012br\u012b\u0161anas l\u012bdzeklis ka\u0137iem un su\u0146iem 50 ml - MiuMjau\" \/>\n<meta property=\"og:description\" content=\"Beaphar EAR CLEANER \u2013 ausu t\u012br\u012b\u0161anas l\u012bdzeklis su\u0146iem, ka\u0137iem un citiem m\u0101jdz\u012bvniekiem. Akt\u012bv\u0101s vielas: 1,50 g cetrim\u012bds, hlorheksid\u012bna glikon\u0101ts 0,15 g\/l, mentols 1,00 g\/l Pal\u012bgvielas un pildvielas: \u016bdens, glicer\u012bns, Polisorbaats 80, Savlon koncentr\u0101ts, MSM (dimetilsulfons) Lieto\u0161ana: Divas reizes ned\u0113\u013c\u0101 iepilin\u0101t 6\u20138 pilienus l\u012bdzek\u013ca dz\u012bvnieka \u0101r\u0113j\u0101 auss ej\u0101 un maigi iemas\u0113t ausi. P\u0113c tam ausi maigi not\u012br\u012bt ar pap\u012bra salveti. Auss t\u012br\u012b\u0161anai nelietot vates koci\u0146us vai citus priek\u0161metus auss ej\u0101. Prepar\u0101ts nesatur spirtu un ir maigs. Uzglab\u0101\u0161ana: saus\u0101, v\u0113s\u0101 viet\u0101.\" \/>\n<meta property=\"og:url\" content=\"https:\/\/miumjau.ee\/lv\/produkts\/beaphar-ausu-tirisanas-lidzeklis-kakiem-un-suniem-50-ml\/\" \/>\n<meta property=\"og:site_name\" content=\"MiuMjau\" \/>\n<meta property=\"article:publisher\" content=\"https:\/\/www.facebook.com\/miumjaupood\/\" \/>\n<meta property=\"article:modified_time\" content=\"2026-01-07T19:25:40+00:00\" \/>\n<meta property=\"og:image\" content=\"https:\/\/miumjau.ee\/wp-content\/uploads\/2025\/07\/beaphar-kassidele-koertele32.jpg\" \/>\n\t<meta property=\"og:image:width\" content=\"600\" \/>\n\t<meta property=\"og:image:height\" content=\"800\" \/>\n\t<meta property=\"og:image:type\" content=\"image\/jpeg\" \/>\n<meta name=\"twitter:card\" content=\"summary_large_image\" \/>\n<script type=\"application\/ld+json\" class=\"yoast-schema-graph\">{\"@context\":\"https:\/\/schema.org\",\"@graph\":[{\"@type\":\"WebPage\",\"@id\":\"https:\/\/miumjau.ee\/lv\/produkts\/beaphar-ausu-tirisanas-lidzeklis-kakiem-un-suniem-50-ml\/\",\"url\":\"https:\/\/miumjau.ee\/lv\/produkts\/beaphar-ausu-tirisanas-lidzeklis-kakiem-un-suniem-50-ml\/\",\"name\":\"Beaphar ausu t\u012br\u012b\u0161anas l\u012bdzeklis ka\u0137iem un su\u0146iem 50 ml - MiuMjau\",\"isPartOf\":{\"@id\":\"https:\/\/miumjau.ee\/#website\"},\"primaryImageOfPage\":{\"@id\":\"https:\/\/miumjau.ee\/lv\/produkts\/beaphar-ausu-tirisanas-lidzeklis-kakiem-un-suniem-50-ml\/#primaryimage\"},\"image\":{\"@id\":\"https:\/\/miumjau.ee\/lv\/produkts\/beaphar-ausu-tirisanas-lidzeklis-kakiem-un-suniem-50-ml\/#primaryimage\"},\"thumbnailUrl\":\"https:\/\/miumjau.ee\/wp-content\/uploads\/2025\/07\/beaphar-kassidele-koertele32.jpg\",\"datePublished\":\"2025-07-29T12:15:33+00:00\",\"dateModified\":\"2026-01-07T19:25:40+00:00\",\"breadcrumb\":{\"@id\":\"https:\/\/miumjau.ee\/lv\/produkts\/beaphar-ausu-tirisanas-lidzeklis-kakiem-un-suniem-50-ml\/#breadcrumb\"},\"inLanguage\":\"lv-LV\",\"potentialAction\":[{\"@type\":\"ReadAction\",\"target\":[\"https:\/\/miumjau.ee\/lv\/produkts\/beaphar-ausu-tirisanas-lidzeklis-kakiem-un-suniem-50-ml\/\"]}]},{\"@type\":\"ImageObject\",\"inLanguage\":\"lv-LV\",\"@id\":\"https:\/\/miumjau.ee\/lv\/produkts\/beaphar-ausu-tirisanas-lidzeklis-kakiem-un-suniem-50-ml\/#primaryimage\",\"url\":\"https:\/\/miumjau.ee\/wp-content\/uploads\/2025\/07\/beaphar-kassidele-koertele32.jpg\",\"contentUrl\":\"https:\/\/miumjau.ee\/wp-content\/uploads\/2025\/07\/beaphar-kassidele-koertele32.jpg\",\"width\":600,\"height\":800},{\"@type\":\"BreadcrumbList\",\"@id\":\"https:\/\/miumjau.ee\/lv\/produkts\/beaphar-ausu-tirisanas-lidzeklis-kakiem-un-suniem-50-ml\/#breadcrumb\",\"itemListElement\":[{\"@type\":\"ListItem\",\"position\":1,\"name\":\"Home\",\"item\":\"https:\/\/miumjau.ee\/lv\/\"},{\"@type\":\"ListItem\",\"position\":2,\"name\":\"Veikals\",\"item\":\"https:\/\/miumjau.ee\/lv\/veikals\/\"},{\"@type\":\"ListItem\",\"position\":3,\"name\":\"Beaphar ausu t\u012br\u012b\u0161anas l\u012bdzeklis ka\u0137iem un su\u0146iem 50 ml\"}]},{\"@type\":\"WebSite\",\"@id\":\"https:\/\/miumjau.ee\/#website\",\"url\":\"https:\/\/miumjau.ee\/\",\"name\":\"MiuMjau\",\"description\":\"Kraapimispuud kassidele\",\"publisher\":{\"@id\":\"https:\/\/miumjau.ee\/#organization\"},\"potentialAction\":[{\"@type\":\"SearchAction\",\"target\":{\"@type\":\"EntryPoint\",\"urlTemplate\":\"https:\/\/miumjau.ee\/?s={search_term_string}\"},\"query-input\":{\"@type\":\"PropertyValueSpecification\",\"valueRequired\":true,\"valueName\":\"search_term_string\"}}],\"inLanguage\":\"lv-LV\"},{\"@type\":\"Organization\",\"@id\":\"https:\/\/miumjau.ee\/#organization\",\"name\":\"MiuMjau O\u00dc\",\"url\":\"https:\/\/miumjau.ee\/\",\"logo\":{\"@type\":\"ImageObject\",\"inLanguage\":\"lv-LV\",\"@id\":\"https:\/\/miumjau.ee\/#\/schema\/logo\/image\/\",\"url\":\"https:\/\/miumjau.ee\/wp-content\/uploads\/2022\/04\/MiuMjau-logo-kollane.png\",\"contentUrl\":\"https:\/\/miumjau.ee\/wp-content\/uploads\/2022\/04\/MiuMjau-logo-kollane.png\",\"width\":219,\"height\":100,\"caption\":\"MiuMjau O\u00dc\"},\"image\":{\"@id\":\"https:\/\/miumjau.ee\/#\/schema\/logo\/image\/\"},\"sameAs\":[\"https:\/\/www.facebook.com\/miumjaupood\/\"]}]}<\/script>\n<!-- \/ Yoast SEO plugin. -->","yoast_head_json":{"title":"Beaphar ausu t\u012br\u012b\u0161anas l\u012bdzeklis ka\u0137iem un su\u0146iem 50 ml - MiuMjau","robots":{"index":"index","follow":"follow","max-snippet":"max-snippet:-1","max-image-preview":"max-image-preview:large","max-video-preview":"max-video-preview:-1"},"canonical":"https:\/\/miumjau.ee\/lv\/produkts\/beaphar-ausu-tirisanas-lidzeklis-kakiem-un-suniem-50-ml\/","og_locale":"lv_LV","og_type":"article","og_title":"Beaphar ausu t\u012br\u012b\u0161anas l\u012bdzeklis ka\u0137iem un su\u0146iem 50 ml - MiuMjau","og_description":"Beaphar EAR CLEANER \u2013 ausu t\u012br\u012b\u0161anas l\u012bdzeklis su\u0146iem, ka\u0137iem un citiem m\u0101jdz\u012bvniekiem. Akt\u012bv\u0101s vielas: 1,50 g cetrim\u012bds, hlorheksid\u012bna glikon\u0101ts 0,15 g\/l, mentols 1,00 g\/l Pal\u012bgvielas un pildvielas: \u016bdens, glicer\u012bns, Polisorbaats 80, Savlon koncentr\u0101ts, MSM (dimetilsulfons) Lieto\u0161ana: Divas reizes ned\u0113\u013c\u0101 iepilin\u0101t 6\u20138 pilienus l\u012bdzek\u013ca dz\u012bvnieka \u0101r\u0113j\u0101 auss ej\u0101 un maigi iemas\u0113t ausi. P\u0113c tam ausi maigi not\u012br\u012bt ar pap\u012bra salveti. Auss t\u012br\u012b\u0161anai nelietot vates koci\u0146us vai citus priek\u0161metus auss ej\u0101. Prepar\u0101ts nesatur spirtu un ir maigs. Uzglab\u0101\u0161ana: saus\u0101, v\u0113s\u0101 viet\u0101.","og_url":"https:\/\/miumjau.ee\/lv\/produkts\/beaphar-ausu-tirisanas-lidzeklis-kakiem-un-suniem-50-ml\/","og_site_name":"MiuMjau","article_publisher":"https:\/\/www.facebook.com\/miumjaupood\/","article_modified_time":"2026-01-07T19:25:40+00:00","og_image":[{"width":600,"height":800,"url":"https:\/\/miumjau.ee\/wp-content\/uploads\/2025\/07\/beaphar-kassidele-koertele32.jpg","type":"image\/jpeg"}],"twitter_card":"summary_large_image","schema":{"@context":"https:\/\/schema.org","@graph":[{"@type":"WebPage","@id":"https:\/\/miumjau.ee\/lv\/produkts\/beaphar-ausu-tirisanas-lidzeklis-kakiem-un-suniem-50-ml\/","url":"https:\/\/miumjau.ee\/lv\/produkts\/beaphar-ausu-tirisanas-lidzeklis-kakiem-un-suniem-50-ml\/","name":"Beaphar ausu t\u012br\u012b\u0161anas l\u012bdzeklis ka\u0137iem un su\u0146iem 50 ml - MiuMjau","isPartOf":{"@id":"https:\/\/miumjau.ee\/#website"},"primaryImageOfPage":{"@id":"https:\/\/miumjau.ee\/lv\/produkts\/beaphar-ausu-tirisanas-lidzeklis-kakiem-un-suniem-50-ml\/#primaryimage"},"image":{"@id":"https:\/\/miumjau.ee\/lv\/produkts\/beaphar-ausu-tirisanas-lidzeklis-kakiem-un-suniem-50-ml\/#primaryimage"},"thumbnailUrl":"https:\/\/miumjau.ee\/wp-content\/uploads\/2025\/07\/beaphar-kassidele-koertele32.jpg","datePublished":"2025-07-29T12:15:33+00:00","dateModified":"2026-01-07T19:25:40+00:00","breadcrumb":{"@id":"https:\/\/miumjau.ee\/lv\/produkts\/beaphar-ausu-tirisanas-lidzeklis-kakiem-un-suniem-50-ml\/#breadcrumb"},"inLanguage":"lv-LV","potentialAction":[{"@type":"ReadAction","target":["https:\/\/miumjau.ee\/lv\/produkts\/beaphar-ausu-tirisanas-lidzeklis-kakiem-un-suniem-50-ml\/"]}]},{"@type":"ImageObject","inLanguage":"lv-LV","@id":"https:\/\/miumjau.ee\/lv\/produkts\/beaphar-ausu-tirisanas-lidzeklis-kakiem-un-suniem-50-ml\/#primaryimage","url":"https:\/\/miumjau.ee\/wp-content\/uploads\/2025\/07\/beaphar-kassidele-koertele32.jpg","contentUrl":"https:\/\/miumjau.ee\/wp-content\/uploads\/2025\/07\/beaphar-kassidele-koertele32.jpg","width":600,"height":800},{"@type":"BreadcrumbList","@id":"https:\/\/miumjau.ee\/lv\/produkts\/beaphar-ausu-tirisanas-lidzeklis-kakiem-un-suniem-50-ml\/#breadcrumb","itemListElement":[{"@type":"ListItem","position":1,"name":"Home","item":"https:\/\/miumjau.ee\/lv\/"},{"@type":"ListItem","position":2,"name":"Veikals","item":"https:\/\/miumjau.ee\/lv\/veikals\/"},{"@type":"ListItem","position":3,"name":"Beaphar ausu t\u012br\u012b\u0161anas l\u012bdzeklis ka\u0137iem un su\u0146iem 50 ml"}]},{"@type":"WebSite","@id":"https:\/\/miumjau.ee\/#website","url":"https:\/\/miumjau.ee\/","name":"MiuMjau","description":"Kraapimispuud kassidele","publisher":{"@id":"https:\/\/miumjau.ee\/#organization"},"potentialAction":[{"@type":"SearchAction","target":{"@type":"EntryPoint","urlTemplate":"https:\/\/miumjau.ee\/?s={search_term_string}"},"query-input":{"@type":"PropertyValueSpecification","valueRequired":true,"valueName":"search_term_string"}}],"inLanguage":"lv-LV"},{"@type":"Organization","@id":"https:\/\/miumjau.ee\/#organization","name":"MiuMjau O\u00dc","url":"https:\/\/miumjau.ee\/","logo":{"@type":"ImageObject","inLanguage":"lv-LV","@id":"https:\/\/miumjau.ee\/#\/schema\/logo\/image\/","url":"https:\/\/miumjau.ee\/wp-content\/uploads\/2022\/04\/MiuMjau-logo-kollane.png","contentUrl":"https:\/\/miumjau.ee\/wp-content\/uploads\/2022\/04\/MiuMjau-logo-kollane.png","width":219,"height":100,"caption":"MiuMjau O\u00dc"},"image":{"@id":"https:\/\/miumjau.ee\/#\/schema\/logo\/image\/"},"sameAs":["https:\/\/www.facebook.com\/miumjaupood\/"]}]}},"_links":{"self":[{"href":"https:\/\/miumjau.ee\/lv\/wp-json\/wp\/v2\/product\/44919","targetHints":{"allow":["GET"]}}],"collection":[{"href":"https:\/\/miumjau.ee\/lv\/wp-json\/wp\/v2\/product"}],"about":[{"href":"https:\/\/miumjau.ee\/lv\/wp-json\/wp\/v2\/types\/product"}],"wp:featuredmedia":[{"embeddable":true,"href":"https:\/\/miumjau.ee\/lv\/wp-json\/wp\/v2\/media\/44920"}],"wp:attachment":[{"href":"https:\/\/miumjau.ee\/lv\/wp-json\/wp\/v2\/media?parent=44919"}],"wp:term":[{"taxonomy":"product_brand","embeddable":true,"href":"https:\/\/miumjau.ee\/lv\/wp-json\/wp\/v2\/product_brand?post=44919"},{"taxonomy":"product_cat","embeddable":true,"href":"https:\/\/miumjau.ee\/lv\/wp-json\/wp\/v2\/product_cat?post=44919"},{"taxonomy":"product_tag","embeddable":true,"href":"https:\/\/miumjau.ee\/lv\/wp-json\/wp\/v2\/product_tag?post=44919"}],"curies":[{"name":"wp","href":"https:\/\/api.w.org\/{rel}","templated":true}]}}