{"id":44915,"date":"2025-10-05T14:09:22","date_gmt":"2025-10-05T11:09:22","guid":{"rendered":"https:\/\/miumjau.ee\/toode\/sunu-kakas-maisini-8x20-gab\/"},"modified":"2026-01-07T21:25:40","modified_gmt":"2026-01-07T19:25:40","slug":"sunu-kakas-maisini-8x20-gab","status":"publish","type":"product","link":"https:\/\/miumjau.ee\/lv\/produkts\/sunu-kakas-maisini-8x20-gab\/","title":{"rendered":"Su\u0146u kakas maisi\u0146i 8&#215;20 gab."},"content":{"rendered":"","protected":false},"excerpt":{"rendered":"<p data-start=\"111\" data-end=\"246\">Kak\u0101\u0161ana nav kauns, bet t\u0101s neaizv\u0101k\u0161ana iel\u0101s gan ir. \u0112rtie ru\u013c\u013ci, kurus viegli ielikt kabat\u0101, pasarg\u0101s j\u016bs no nepat\u012bkamiem br\u012b\u017eiem.<\/p>\n<p data-start=\"248\" data-end=\"591\">\u2022 Biezums 11 \u00b5m \u2013 piem\u0113rots ikdienas pastaig\u0101m<br data-start=\"294\" data-end=\"297\" \/>\u2022 Pretpl\u012b\u0161anas \u2013 neizraisa haosu t\u012br\u012b\u0161anas laik\u0101<br data-start=\"345\" data-end=\"348\" \/>\u2022 Viegls un kompakts \u2013 viegli ietilpst kabat\u0101s, dozatoros vai tur\u0113t\u0101jos ar skav\u0101m<br data-start=\"429\" data-end=\"432\" \/>\u2022 Kompakti ru\u013c\u013ci \u2013 piem\u0113roti standarta dozatoriem<br data-start=\"481\" data-end=\"484\" \/>\u2022 Kop\u0101 160 maisi\u0146i<br data-start=\"502\" data-end=\"505\" \/>\u2022 Daudzfunkcion\u0101ls \u2013 lieliski piem\u0113rots auti\u0146iem, ka\u0137u kastes t\u012br\u012b\u0161anai un ce\u013co\u0161anai<\/p>\n<p data-start=\"593\" data-end=\"658\"><strong data-start=\"593\" data-end=\"603\">Svars:<\/strong> 270 g<br data-start=\"609\" data-end=\"612\" \/><strong data-start=\"612\" data-end=\"623\">Izm\u0113rs:<\/strong> 33 \u00d7 23 cm<br data-start=\"634\" data-end=\"637\" \/><strong data-start=\"637\" data-end=\"651\">Materi\u0101ls:<\/strong> HDPE<\/p>\n","protected":false},"featured_media":44918,"template":"","meta":[],"product_brand":[],"product_cat":[560],"product_tag":[],"class_list":{"0":"post-44915","1":"product","2":"type-product","3":"status-publish","4":"has-post-thumbnail","6":"product_cat-kopsanas-lidzekli-suniem","8":"first","9":"instock","10":"taxable","11":"shipping-taxable","12":"purchasable","13":"product-type-simple"},"yoast_head":"<!-- This site is optimized with the Yoast SEO plugin v27.2 - https:\/\/yoast.com\/product\/yoast-seo-wordpress\/ -->\n<title>Su\u0146u kakas maisi\u0146i 8x20 gab. - MiuMjau<\/title>\n<meta name=\"robots\" content=\"index, follow, max-snippet:-1, max-image-preview:large, max-video-preview:-1\" \/>\n<link rel=\"canonical\" href=\"https:\/\/miumjau.ee\/lv\/produkts\/sunu-kakas-maisini-8x20-gab\/\" \/>\n<meta property=\"og:locale\" content=\"lv_LV\" \/>\n<meta property=\"og:type\" content=\"article\" \/>\n<meta property=\"og:title\" content=\"Su\u0146u kakas maisi\u0146i 8x20 gab. - MiuMjau\" \/>\n<meta property=\"og:description\" content=\"Kak\u0101\u0161ana nav kauns, bet t\u0101s neaizv\u0101k\u0161ana iel\u0101s gan ir. \u0112rtie ru\u013c\u013ci, kurus viegli ielikt kabat\u0101, pasarg\u0101s j\u016bs no nepat\u012bkamiem br\u012b\u017eiem. \u2022 Biezums 11 \u00b5m \u2013 piem\u0113rots ikdienas pastaig\u0101m\u2022 Pretpl\u012b\u0161anas \u2013 neizraisa haosu t\u012br\u012b\u0161anas laik\u0101\u2022 Viegls un kompakts \u2013 viegli ietilpst kabat\u0101s, dozatoros vai tur\u0113t\u0101jos ar skav\u0101m\u2022 Kompakti ru\u013c\u013ci \u2013 piem\u0113roti standarta dozatoriem\u2022 Kop\u0101 160 maisi\u0146i\u2022 Daudzfunkcion\u0101ls \u2013 lieliski piem\u0113rots auti\u0146iem, ka\u0137u kastes t\u012br\u012b\u0161anai un ce\u013co\u0161anai Svars: 270 gIzm\u0113rs: 33 \u00d7 23 cmMateri\u0101ls: HDPE\" \/>\n<meta property=\"og:url\" content=\"https:\/\/miumjau.ee\/lv\/produkts\/sunu-kakas-maisini-8x20-gab\/\" \/>\n<meta property=\"og:site_name\" content=\"MiuMjau\" \/>\n<meta property=\"article:publisher\" content=\"https:\/\/www.facebook.com\/miumjaupood\/\" \/>\n<meta property=\"article:modified_time\" content=\"2026-01-07T19:25:40+00:00\" \/>\n<meta property=\"og:image\" content=\"https:\/\/miumjau.ee\/wp-content\/uploads\/2025\/10\/kakaotid-koertele-8rulli2.jpg\" \/>\n\t<meta property=\"og:image:width\" content=\"600\" \/>\n\t<meta property=\"og:image:height\" content=\"800\" \/>\n\t<meta property=\"og:image:type\" content=\"image\/jpeg\" \/>\n<meta name=\"twitter:card\" content=\"summary_large_image\" \/>\n<script type=\"application\/ld+json\" class=\"yoast-schema-graph\">{\"@context\":\"https:\/\/schema.org\",\"@graph\":[{\"@type\":\"WebPage\",\"@id\":\"https:\/\/miumjau.ee\/lv\/produkts\/sunu-kakas-maisini-8x20-gab\/\",\"url\":\"https:\/\/miumjau.ee\/lv\/produkts\/sunu-kakas-maisini-8x20-gab\/\",\"name\":\"Su\u0146u kakas maisi\u0146i 8x20 gab. - MiuMjau\",\"isPartOf\":{\"@id\":\"https:\/\/miumjau.ee\/#website\"},\"primaryImageOfPage\":{\"@id\":\"https:\/\/miumjau.ee\/lv\/produkts\/sunu-kakas-maisini-8x20-gab\/#primaryimage\"},\"image\":{\"@id\":\"https:\/\/miumjau.ee\/lv\/produkts\/sunu-kakas-maisini-8x20-gab\/#primaryimage\"},\"thumbnailUrl\":\"https:\/\/miumjau.ee\/wp-content\/uploads\/2025\/10\/kakaotid-koertele-8rulli2.jpg\",\"datePublished\":\"2025-10-05T11:09:22+00:00\",\"dateModified\":\"2026-01-07T19:25:40+00:00\",\"breadcrumb\":{\"@id\":\"https:\/\/miumjau.ee\/lv\/produkts\/sunu-kakas-maisini-8x20-gab\/#breadcrumb\"},\"inLanguage\":\"lv-LV\",\"potentialAction\":[{\"@type\":\"ReadAction\",\"target\":[\"https:\/\/miumjau.ee\/lv\/produkts\/sunu-kakas-maisini-8x20-gab\/\"]}]},{\"@type\":\"ImageObject\",\"inLanguage\":\"lv-LV\",\"@id\":\"https:\/\/miumjau.ee\/lv\/produkts\/sunu-kakas-maisini-8x20-gab\/#primaryimage\",\"url\":\"https:\/\/miumjau.ee\/wp-content\/uploads\/2025\/10\/kakaotid-koertele-8rulli2.jpg\",\"contentUrl\":\"https:\/\/miumjau.ee\/wp-content\/uploads\/2025\/10\/kakaotid-koertele-8rulli2.jpg\",\"width\":600,\"height\":800},{\"@type\":\"BreadcrumbList\",\"@id\":\"https:\/\/miumjau.ee\/lv\/produkts\/sunu-kakas-maisini-8x20-gab\/#breadcrumb\",\"itemListElement\":[{\"@type\":\"ListItem\",\"position\":1,\"name\":\"Home\",\"item\":\"https:\/\/miumjau.ee\/lv\/\"},{\"@type\":\"ListItem\",\"position\":2,\"name\":\"Veikals\",\"item\":\"https:\/\/miumjau.ee\/lv\/veikals\/\"},{\"@type\":\"ListItem\",\"position\":3,\"name\":\"Su\u0146u kakas maisi\u0146i 8&#215;20 gab.\"}]},{\"@type\":\"WebSite\",\"@id\":\"https:\/\/miumjau.ee\/#website\",\"url\":\"https:\/\/miumjau.ee\/\",\"name\":\"MiuMjau\",\"description\":\"Kraapimispuud kassidele\",\"publisher\":{\"@id\":\"https:\/\/miumjau.ee\/#organization\"},\"potentialAction\":[{\"@type\":\"SearchAction\",\"target\":{\"@type\":\"EntryPoint\",\"urlTemplate\":\"https:\/\/miumjau.ee\/?s={search_term_string}\"},\"query-input\":{\"@type\":\"PropertyValueSpecification\",\"valueRequired\":true,\"valueName\":\"search_term_string\"}}],\"inLanguage\":\"lv-LV\"},{\"@type\":\"Organization\",\"@id\":\"https:\/\/miumjau.ee\/#organization\",\"name\":\"MiuMjau O\u00dc\",\"url\":\"https:\/\/miumjau.ee\/\",\"logo\":{\"@type\":\"ImageObject\",\"inLanguage\":\"lv-LV\",\"@id\":\"https:\/\/miumjau.ee\/#\/schema\/logo\/image\/\",\"url\":\"https:\/\/miumjau.ee\/wp-content\/uploads\/2022\/04\/MiuMjau-logo-kollane.png\",\"contentUrl\":\"https:\/\/miumjau.ee\/wp-content\/uploads\/2022\/04\/MiuMjau-logo-kollane.png\",\"width\":219,\"height\":100,\"caption\":\"MiuMjau O\u00dc\"},\"image\":{\"@id\":\"https:\/\/miumjau.ee\/#\/schema\/logo\/image\/\"},\"sameAs\":[\"https:\/\/www.facebook.com\/miumjaupood\/\"]}]}<\/script>\n<!-- \/ Yoast SEO plugin. -->","yoast_head_json":{"title":"Su\u0146u kakas maisi\u0146i 8x20 gab. - MiuMjau","robots":{"index":"index","follow":"follow","max-snippet":"max-snippet:-1","max-image-preview":"max-image-preview:large","max-video-preview":"max-video-preview:-1"},"canonical":"https:\/\/miumjau.ee\/lv\/produkts\/sunu-kakas-maisini-8x20-gab\/","og_locale":"lv_LV","og_type":"article","og_title":"Su\u0146u kakas maisi\u0146i 8x20 gab. - MiuMjau","og_description":"Kak\u0101\u0161ana nav kauns, bet t\u0101s neaizv\u0101k\u0161ana iel\u0101s gan ir. \u0112rtie ru\u013c\u013ci, kurus viegli ielikt kabat\u0101, pasarg\u0101s j\u016bs no nepat\u012bkamiem br\u012b\u017eiem. \u2022 Biezums 11 \u00b5m \u2013 piem\u0113rots ikdienas pastaig\u0101m\u2022 Pretpl\u012b\u0161anas \u2013 neizraisa haosu t\u012br\u012b\u0161anas laik\u0101\u2022 Viegls un kompakts \u2013 viegli ietilpst kabat\u0101s, dozatoros vai tur\u0113t\u0101jos ar skav\u0101m\u2022 Kompakti ru\u013c\u013ci \u2013 piem\u0113roti standarta dozatoriem\u2022 Kop\u0101 160 maisi\u0146i\u2022 Daudzfunkcion\u0101ls \u2013 lieliski piem\u0113rots auti\u0146iem, ka\u0137u kastes t\u012br\u012b\u0161anai un ce\u013co\u0161anai Svars: 270 gIzm\u0113rs: 33 \u00d7 23 cmMateri\u0101ls: HDPE","og_url":"https:\/\/miumjau.ee\/lv\/produkts\/sunu-kakas-maisini-8x20-gab\/","og_site_name":"MiuMjau","article_publisher":"https:\/\/www.facebook.com\/miumjaupood\/","article_modified_time":"2026-01-07T19:25:40+00:00","og_image":[{"width":600,"height":800,"url":"https:\/\/miumjau.ee\/wp-content\/uploads\/2025\/10\/kakaotid-koertele-8rulli2.jpg","type":"image\/jpeg"}],"twitter_card":"summary_large_image","schema":{"@context":"https:\/\/schema.org","@graph":[{"@type":"WebPage","@id":"https:\/\/miumjau.ee\/lv\/produkts\/sunu-kakas-maisini-8x20-gab\/","url":"https:\/\/miumjau.ee\/lv\/produkts\/sunu-kakas-maisini-8x20-gab\/","name":"Su\u0146u kakas maisi\u0146i 8x20 gab. - MiuMjau","isPartOf":{"@id":"https:\/\/miumjau.ee\/#website"},"primaryImageOfPage":{"@id":"https:\/\/miumjau.ee\/lv\/produkts\/sunu-kakas-maisini-8x20-gab\/#primaryimage"},"image":{"@id":"https:\/\/miumjau.ee\/lv\/produkts\/sunu-kakas-maisini-8x20-gab\/#primaryimage"},"thumbnailUrl":"https:\/\/miumjau.ee\/wp-content\/uploads\/2025\/10\/kakaotid-koertele-8rulli2.jpg","datePublished":"2025-10-05T11:09:22+00:00","dateModified":"2026-01-07T19:25:40+00:00","breadcrumb":{"@id":"https:\/\/miumjau.ee\/lv\/produkts\/sunu-kakas-maisini-8x20-gab\/#breadcrumb"},"inLanguage":"lv-LV","potentialAction":[{"@type":"ReadAction","target":["https:\/\/miumjau.ee\/lv\/produkts\/sunu-kakas-maisini-8x20-gab\/"]}]},{"@type":"ImageObject","inLanguage":"lv-LV","@id":"https:\/\/miumjau.ee\/lv\/produkts\/sunu-kakas-maisini-8x20-gab\/#primaryimage","url":"https:\/\/miumjau.ee\/wp-content\/uploads\/2025\/10\/kakaotid-koertele-8rulli2.jpg","contentUrl":"https:\/\/miumjau.ee\/wp-content\/uploads\/2025\/10\/kakaotid-koertele-8rulli2.jpg","width":600,"height":800},{"@type":"BreadcrumbList","@id":"https:\/\/miumjau.ee\/lv\/produkts\/sunu-kakas-maisini-8x20-gab\/#breadcrumb","itemListElement":[{"@type":"ListItem","position":1,"name":"Home","item":"https:\/\/miumjau.ee\/lv\/"},{"@type":"ListItem","position":2,"name":"Veikals","item":"https:\/\/miumjau.ee\/lv\/veikals\/"},{"@type":"ListItem","position":3,"name":"Su\u0146u kakas maisi\u0146i 8&#215;20 gab."}]},{"@type":"WebSite","@id":"https:\/\/miumjau.ee\/#website","url":"https:\/\/miumjau.ee\/","name":"MiuMjau","description":"Kraapimispuud kassidele","publisher":{"@id":"https:\/\/miumjau.ee\/#organization"},"potentialAction":[{"@type":"SearchAction","target":{"@type":"EntryPoint","urlTemplate":"https:\/\/miumjau.ee\/?s={search_term_string}"},"query-input":{"@type":"PropertyValueSpecification","valueRequired":true,"valueName":"search_term_string"}}],"inLanguage":"lv-LV"},{"@type":"Organization","@id":"https:\/\/miumjau.ee\/#organization","name":"MiuMjau O\u00dc","url":"https:\/\/miumjau.ee\/","logo":{"@type":"ImageObject","inLanguage":"lv-LV","@id":"https:\/\/miumjau.ee\/#\/schema\/logo\/image\/","url":"https:\/\/miumjau.ee\/wp-content\/uploads\/2022\/04\/MiuMjau-logo-kollane.png","contentUrl":"https:\/\/miumjau.ee\/wp-content\/uploads\/2022\/04\/MiuMjau-logo-kollane.png","width":219,"height":100,"caption":"MiuMjau O\u00dc"},"image":{"@id":"https:\/\/miumjau.ee\/#\/schema\/logo\/image\/"},"sameAs":["https:\/\/www.facebook.com\/miumjaupood\/"]}]}},"_links":{"self":[{"href":"https:\/\/miumjau.ee\/lv\/wp-json\/wp\/v2\/product\/44915","targetHints":{"allow":["GET"]}}],"collection":[{"href":"https:\/\/miumjau.ee\/lv\/wp-json\/wp\/v2\/product"}],"about":[{"href":"https:\/\/miumjau.ee\/lv\/wp-json\/wp\/v2\/types\/product"}],"wp:featuredmedia":[{"embeddable":true,"href":"https:\/\/miumjau.ee\/lv\/wp-json\/wp\/v2\/media\/44918"}],"wp:attachment":[{"href":"https:\/\/miumjau.ee\/lv\/wp-json\/wp\/v2\/media?parent=44915"}],"wp:term":[{"taxonomy":"product_brand","embeddable":true,"href":"https:\/\/miumjau.ee\/lv\/wp-json\/wp\/v2\/product_brand?post=44915"},{"taxonomy":"product_cat","embeddable":true,"href":"https:\/\/miumjau.ee\/lv\/wp-json\/wp\/v2\/product_cat?post=44915"},{"taxonomy":"product_tag","embeddable":true,"href":"https:\/\/miumjau.ee\/lv\/wp-json\/wp\/v2\/product_tag?post=44915"}],"curies":[{"name":"wp","href":"https:\/\/api.w.org\/{rel}","templated":true}]}}