{"id":44908,"date":"2025-05-28T13:49:50","date_gmt":"2025-05-28T10:49:50","guid":{"rendered":"https:\/\/miumjau.ee\/toode\/kafijas-koka-izturiga-koslajama-nuja-suniem-frigera-l\/"},"modified":"2026-01-07T21:25:40","modified_gmt":"2026-01-07T19:25:40","slug":"kafijas-koka-izturiga-koslajama-nuja-suniem-frigera-l","status":"publish","type":"product","link":"https:\/\/miumjau.ee\/lv\/produkts\/kafijas-koka-izturiga-koslajama-nuja-suniem-frigera-l\/","title":{"rendered":"Kafijas koka iztur\u012bg\u0101 ko\u0161\u013c\u0101jam\u0101 n\u016bja su\u0146iem Frigera L"},"content":{"rendered":"","protected":false},"excerpt":{"rendered":"<p data-start=\"136\" data-end=\"416\">Vai j\u016bsu suns izdara cauri katram k\u0101rumam, ko vi\u0146am dodat, pirms j\u016bs to paman\u0101t? Vai esat noguris no sapl\u0113st\u0101m kurp\u0113m un skr\u0101p\u0113tiem m\u0113be\u013cu k\u0101ji\u0146\u0101m? Vairs neuztraucieties \u2013 Frigera kafijas koka ko\u0161\u013c\u0101jam\u0101s n\u016bjas tur\u0113s j\u016bsu \u010detrk\u0101jaino draugu prom no \u0161iem v\u0113rt\u012bgajiem priek\u0161metiem!<\/p>\n<p data-start=\"418\" data-end=\"618\">Tas ir viens no dabisk\u0101kajiem un iztur\u012bg\u0101kajiem ko\u0161\u013c\u0101jamajiem k\u0101rumiem visp\u0101r! M\u016bsu kafijas koka n\u016bjas ir:<br data-start=\"524\" data-end=\"527\" \/>\u2714 100% veg\u0101nisks<br data-start=\"543\" data-end=\"546\" \/>\u2714 Roku darbs<br data-start=\"558\" data-end=\"561\" \/>\u2714 Izgatavotas no lieko zaru materi\u0101la, neizc\u0113rtot kokus<\/p>\n<p data-start=\"620\" data-end=\"903\">Pateicoties dabiskajai ciet\u012bbai, \u0161\u012bs n\u016bjas atbalsta su\u0146a zobu vesel\u012bbu \u2013 ko\u0161\u013c\u0101\u0161ana pal\u012bdz samazin\u0101t zobu aplikumu un zobakmeni, kam\u0113r koka \u0161\u0137iedras maigi t\u012bra. Un k\u0101 papildus bonuss \u2013 \u0161is k\u0101rums ir piln\u012bgi bez kalorij\u0101m, t\u0101d\u0113\u013c \u012bpa\u0161i piem\u0113rots su\u0146iem, kuri m\u0113dz b\u016bt nedaudz apa\u013c\u0101ki.<\/p>\n<p data-start=\"905\" data-end=\"992\">Apmieriniet sava su\u0146a dabisko ko\u0161\u013c\u0101\u0161anas vajadz\u012bbu vesel\u012bg\u0101 un videi draudz\u012bg\u0101 veid\u0101!<\/p>\n<p data-start=\"994\" data-end=\"1050\"><strong data-start=\"994\" data-end=\"1009\">Neto svars:<\/strong> 130 g<br data-start=\"1015\" data-end=\"1018\" \/><strong data-start=\"1018\" data-end=\"1030\">Sast\u0101vs:<\/strong> 100% kafijas koks<\/p>\n","protected":false},"featured_media":44909,"template":"","meta":[],"product_brand":[],"product_cat":[592],"product_tag":[],"class_list":{"0":"post-44908","1":"product","2":"type-product","3":"status-publish","4":"has-post-thumbnail","6":"product_cat-rotallietas-suniem","8":"first","9":"instock","10":"sale","11":"taxable","12":"shipping-taxable","13":"purchasable","14":"product-type-simple"},"yoast_head":"<!-- This site is optimized with the Yoast SEO plugin v27.4 - https:\/\/yoast.com\/product\/yoast-seo-wordpress\/ -->\n<title>Kafijas koka iztur\u012bg\u0101 ko\u0161\u013c\u0101jam\u0101 n\u016bja su\u0146iem Frigera L - MiuMjau<\/title>\n<meta name=\"robots\" content=\"index, follow, max-snippet:-1, max-image-preview:large, max-video-preview:-1\" \/>\n<link rel=\"canonical\" href=\"https:\/\/miumjau.ee\/lv\/produkts\/kafijas-koka-izturiga-koslajama-nuja-suniem-frigera-l\/\" \/>\n<meta property=\"og:locale\" content=\"lv_LV\" \/>\n<meta property=\"og:type\" content=\"article\" \/>\n<meta property=\"og:title\" content=\"Kafijas koka iztur\u012bg\u0101 ko\u0161\u013c\u0101jam\u0101 n\u016bja su\u0146iem Frigera L - MiuMjau\" \/>\n<meta property=\"og:description\" content=\"Vai j\u016bsu suns izdara cauri katram k\u0101rumam, ko vi\u0146am dodat, pirms j\u016bs to paman\u0101t? Vai esat noguris no sapl\u0113st\u0101m kurp\u0113m un skr\u0101p\u0113tiem m\u0113be\u013cu k\u0101ji\u0146\u0101m? Vairs neuztraucieties \u2013 Frigera kafijas koka ko\u0161\u013c\u0101jam\u0101s n\u016bjas tur\u0113s j\u016bsu \u010detrk\u0101jaino draugu prom no \u0161iem v\u0113rt\u012bgajiem priek\u0161metiem! Tas ir viens no dabisk\u0101kajiem un iztur\u012bg\u0101kajiem ko\u0161\u013c\u0101jamajiem k\u0101rumiem visp\u0101r! M\u016bsu kafijas koka n\u016bjas ir:\u2714 100% veg\u0101nisks\u2714 Roku darbs\u2714 Izgatavotas no lieko zaru materi\u0101la, neizc\u0113rtot kokus Pateicoties dabiskajai ciet\u012bbai, \u0161\u012bs n\u016bjas atbalsta su\u0146a zobu vesel\u012bbu \u2013 ko\u0161\u013c\u0101\u0161ana pal\u012bdz samazin\u0101t zobu aplikumu un zobakmeni, kam\u0113r koka \u0161\u0137iedras maigi t\u012bra. Un k\u0101 papildus bonuss \u2013 \u0161is k\u0101rums ir piln\u012bgi bez kalorij\u0101m, t\u0101d\u0113\u013c \u012bpa\u0161i piem\u0113rots su\u0146iem, kuri m\u0113dz b\u016bt nedaudz apa\u013c\u0101ki. Apmieriniet sava su\u0146a dabisko ko\u0161\u013c\u0101\u0161anas vajadz\u012bbu vesel\u012bg\u0101 un videi draudz\u012bg\u0101 veid\u0101! Neto svars: 130 gSast\u0101vs: 100% kafijas koks\" \/>\n<meta property=\"og:url\" content=\"https:\/\/miumjau.ee\/lv\/produkts\/kafijas-koka-izturiga-koslajama-nuja-suniem-frigera-l\/\" \/>\n<meta property=\"og:site_name\" content=\"MiuMjau\" \/>\n<meta property=\"article:publisher\" content=\"https:\/\/www.facebook.com\/miumjaupood\/\" \/>\n<meta property=\"article:modified_time\" content=\"2026-01-07T19:25:40+00:00\" \/>\n<meta property=\"og:image\" content=\"https:\/\/miumjau.ee\/wp-content\/uploads\/2025\/05\/frigera-kohvipuidust-narimispulk-l-1-tk-Photoroom.webp\" \/>\n\t<meta property=\"og:image:width\" content=\"600\" \/>\n\t<meta property=\"og:image:height\" content=\"800\" \/>\n\t<meta property=\"og:image:type\" content=\"image\/webp\" \/>\n<meta name=\"twitter:card\" content=\"summary_large_image\" \/>\n<script type=\"application\/ld+json\" class=\"yoast-schema-graph\">{\"@context\":\"https:\\\/\\\/schema.org\",\"@graph\":[{\"@type\":\"WebPage\",\"@id\":\"https:\\\/\\\/miumjau.ee\\\/lv\\\/produkts\\\/kafijas-koka-izturiga-koslajama-nuja-suniem-frigera-l\\\/\",\"url\":\"https:\\\/\\\/miumjau.ee\\\/lv\\\/produkts\\\/kafijas-koka-izturiga-koslajama-nuja-suniem-frigera-l\\\/\",\"name\":\"Kafijas koka iztur\u012bg\u0101 ko\u0161\u013c\u0101jam\u0101 n\u016bja su\u0146iem Frigera L - MiuMjau\",\"isPartOf\":{\"@id\":\"https:\\\/\\\/miumjau.ee\\\/#website\"},\"primaryImageOfPage\":{\"@id\":\"https:\\\/\\\/miumjau.ee\\\/lv\\\/produkts\\\/kafijas-koka-izturiga-koslajama-nuja-suniem-frigera-l\\\/#primaryimage\"},\"image\":{\"@id\":\"https:\\\/\\\/miumjau.ee\\\/lv\\\/produkts\\\/kafijas-koka-izturiga-koslajama-nuja-suniem-frigera-l\\\/#primaryimage\"},\"thumbnailUrl\":\"https:\\\/\\\/miumjau.ee\\\/wp-content\\\/uploads\\\/2025\\\/05\\\/frigera-kohvipuidust-narimispulk-l-1-tk-Photoroom.webp\",\"datePublished\":\"2025-05-28T10:49:50+00:00\",\"dateModified\":\"2026-01-07T19:25:40+00:00\",\"breadcrumb\":{\"@id\":\"https:\\\/\\\/miumjau.ee\\\/lv\\\/produkts\\\/kafijas-koka-izturiga-koslajama-nuja-suniem-frigera-l\\\/#breadcrumb\"},\"inLanguage\":\"lv-LV\",\"potentialAction\":[{\"@type\":\"ReadAction\",\"target\":[\"https:\\\/\\\/miumjau.ee\\\/lv\\\/produkts\\\/kafijas-koka-izturiga-koslajama-nuja-suniem-frigera-l\\\/\"]}]},{\"@type\":\"ImageObject\",\"inLanguage\":\"lv-LV\",\"@id\":\"https:\\\/\\\/miumjau.ee\\\/lv\\\/produkts\\\/kafijas-koka-izturiga-koslajama-nuja-suniem-frigera-l\\\/#primaryimage\",\"url\":\"https:\\\/\\\/miumjau.ee\\\/wp-content\\\/uploads\\\/2025\\\/05\\\/frigera-kohvipuidust-narimispulk-l-1-tk-Photoroom.webp\",\"contentUrl\":\"https:\\\/\\\/miumjau.ee\\\/wp-content\\\/uploads\\\/2025\\\/05\\\/frigera-kohvipuidust-narimispulk-l-1-tk-Photoroom.webp\",\"width\":600,\"height\":800},{\"@type\":\"BreadcrumbList\",\"@id\":\"https:\\\/\\\/miumjau.ee\\\/lv\\\/produkts\\\/kafijas-koka-izturiga-koslajama-nuja-suniem-frigera-l\\\/#breadcrumb\",\"itemListElement\":[{\"@type\":\"ListItem\",\"position\":1,\"name\":\"Home\",\"item\":\"https:\\\/\\\/miumjau.ee\\\/lv\\\/\"},{\"@type\":\"ListItem\",\"position\":2,\"name\":\"Veikals\",\"item\":\"https:\\\/\\\/miumjau.ee\\\/lv\\\/veikals\\\/\"},{\"@type\":\"ListItem\",\"position\":3,\"name\":\"Kafijas koka iztur\u012bg\u0101 ko\u0161\u013c\u0101jam\u0101 n\u016bja su\u0146iem Frigera L\"}]},{\"@type\":\"WebSite\",\"@id\":\"https:\\\/\\\/miumjau.ee\\\/#website\",\"url\":\"https:\\\/\\\/miumjau.ee\\\/\",\"name\":\"MiuMjau\",\"description\":\"Kraapimispuud kassidele\",\"publisher\":{\"@id\":\"https:\\\/\\\/miumjau.ee\\\/#organization\"},\"potentialAction\":[{\"@type\":\"SearchAction\",\"target\":{\"@type\":\"EntryPoint\",\"urlTemplate\":\"https:\\\/\\\/miumjau.ee\\\/?s={search_term_string}\"},\"query-input\":{\"@type\":\"PropertyValueSpecification\",\"valueRequired\":true,\"valueName\":\"search_term_string\"}}],\"inLanguage\":\"lv-LV\"},{\"@type\":\"Organization\",\"@id\":\"https:\\\/\\\/miumjau.ee\\\/#organization\",\"name\":\"MiuMjau O\u00dc\",\"url\":\"https:\\\/\\\/miumjau.ee\\\/\",\"logo\":{\"@type\":\"ImageObject\",\"inLanguage\":\"lv-LV\",\"@id\":\"https:\\\/\\\/miumjau.ee\\\/#\\\/schema\\\/logo\\\/image\\\/\",\"url\":\"https:\\\/\\\/miumjau.ee\\\/wp-content\\\/uploads\\\/2022\\\/04\\\/MiuMjau-logo-kollane.png\",\"contentUrl\":\"https:\\\/\\\/miumjau.ee\\\/wp-content\\\/uploads\\\/2022\\\/04\\\/MiuMjau-logo-kollane.png\",\"width\":219,\"height\":100,\"caption\":\"MiuMjau O\u00dc\"},\"image\":{\"@id\":\"https:\\\/\\\/miumjau.ee\\\/#\\\/schema\\\/logo\\\/image\\\/\"},\"sameAs\":[\"https:\\\/\\\/www.facebook.com\\\/miumjaupood\\\/\"]}]}<\/script>\n<!-- \/ Yoast SEO plugin. -->","yoast_head_json":{"title":"Kafijas koka iztur\u012bg\u0101 ko\u0161\u013c\u0101jam\u0101 n\u016bja su\u0146iem Frigera L - MiuMjau","robots":{"index":"index","follow":"follow","max-snippet":"max-snippet:-1","max-image-preview":"max-image-preview:large","max-video-preview":"max-video-preview:-1"},"canonical":"https:\/\/miumjau.ee\/lv\/produkts\/kafijas-koka-izturiga-koslajama-nuja-suniem-frigera-l\/","og_locale":"lv_LV","og_type":"article","og_title":"Kafijas koka iztur\u012bg\u0101 ko\u0161\u013c\u0101jam\u0101 n\u016bja su\u0146iem Frigera L - MiuMjau","og_description":"Vai j\u016bsu suns izdara cauri katram k\u0101rumam, ko vi\u0146am dodat, pirms j\u016bs to paman\u0101t? Vai esat noguris no sapl\u0113st\u0101m kurp\u0113m un skr\u0101p\u0113tiem m\u0113be\u013cu k\u0101ji\u0146\u0101m? Vairs neuztraucieties \u2013 Frigera kafijas koka ko\u0161\u013c\u0101jam\u0101s n\u016bjas tur\u0113s j\u016bsu \u010detrk\u0101jaino draugu prom no \u0161iem v\u0113rt\u012bgajiem priek\u0161metiem! Tas ir viens no dabisk\u0101kajiem un iztur\u012bg\u0101kajiem ko\u0161\u013c\u0101jamajiem k\u0101rumiem visp\u0101r! M\u016bsu kafijas koka n\u016bjas ir:\u2714 100% veg\u0101nisks\u2714 Roku darbs\u2714 Izgatavotas no lieko zaru materi\u0101la, neizc\u0113rtot kokus Pateicoties dabiskajai ciet\u012bbai, \u0161\u012bs n\u016bjas atbalsta su\u0146a zobu vesel\u012bbu \u2013 ko\u0161\u013c\u0101\u0161ana pal\u012bdz samazin\u0101t zobu aplikumu un zobakmeni, kam\u0113r koka \u0161\u0137iedras maigi t\u012bra. Un k\u0101 papildus bonuss \u2013 \u0161is k\u0101rums ir piln\u012bgi bez kalorij\u0101m, t\u0101d\u0113\u013c \u012bpa\u0161i piem\u0113rots su\u0146iem, kuri m\u0113dz b\u016bt nedaudz apa\u013c\u0101ki. Apmieriniet sava su\u0146a dabisko ko\u0161\u013c\u0101\u0161anas vajadz\u012bbu vesel\u012bg\u0101 un videi draudz\u012bg\u0101 veid\u0101! Neto svars: 130 gSast\u0101vs: 100% kafijas koks","og_url":"https:\/\/miumjau.ee\/lv\/produkts\/kafijas-koka-izturiga-koslajama-nuja-suniem-frigera-l\/","og_site_name":"MiuMjau","article_publisher":"https:\/\/www.facebook.com\/miumjaupood\/","article_modified_time":"2026-01-07T19:25:40+00:00","og_image":[{"width":600,"height":800,"url":"https:\/\/miumjau.ee\/wp-content\/uploads\/2025\/05\/frigera-kohvipuidust-narimispulk-l-1-tk-Photoroom.webp","type":"image\/webp"}],"twitter_card":"summary_large_image","schema":{"@context":"https:\/\/schema.org","@graph":[{"@type":"WebPage","@id":"https:\/\/miumjau.ee\/lv\/produkts\/kafijas-koka-izturiga-koslajama-nuja-suniem-frigera-l\/","url":"https:\/\/miumjau.ee\/lv\/produkts\/kafijas-koka-izturiga-koslajama-nuja-suniem-frigera-l\/","name":"Kafijas koka iztur\u012bg\u0101 ko\u0161\u013c\u0101jam\u0101 n\u016bja su\u0146iem Frigera L - MiuMjau","isPartOf":{"@id":"https:\/\/miumjau.ee\/#website"},"primaryImageOfPage":{"@id":"https:\/\/miumjau.ee\/lv\/produkts\/kafijas-koka-izturiga-koslajama-nuja-suniem-frigera-l\/#primaryimage"},"image":{"@id":"https:\/\/miumjau.ee\/lv\/produkts\/kafijas-koka-izturiga-koslajama-nuja-suniem-frigera-l\/#primaryimage"},"thumbnailUrl":"https:\/\/miumjau.ee\/wp-content\/uploads\/2025\/05\/frigera-kohvipuidust-narimispulk-l-1-tk-Photoroom.webp","datePublished":"2025-05-28T10:49:50+00:00","dateModified":"2026-01-07T19:25:40+00:00","breadcrumb":{"@id":"https:\/\/miumjau.ee\/lv\/produkts\/kafijas-koka-izturiga-koslajama-nuja-suniem-frigera-l\/#breadcrumb"},"inLanguage":"lv-LV","potentialAction":[{"@type":"ReadAction","target":["https:\/\/miumjau.ee\/lv\/produkts\/kafijas-koka-izturiga-koslajama-nuja-suniem-frigera-l\/"]}]},{"@type":"ImageObject","inLanguage":"lv-LV","@id":"https:\/\/miumjau.ee\/lv\/produkts\/kafijas-koka-izturiga-koslajama-nuja-suniem-frigera-l\/#primaryimage","url":"https:\/\/miumjau.ee\/wp-content\/uploads\/2025\/05\/frigera-kohvipuidust-narimispulk-l-1-tk-Photoroom.webp","contentUrl":"https:\/\/miumjau.ee\/wp-content\/uploads\/2025\/05\/frigera-kohvipuidust-narimispulk-l-1-tk-Photoroom.webp","width":600,"height":800},{"@type":"BreadcrumbList","@id":"https:\/\/miumjau.ee\/lv\/produkts\/kafijas-koka-izturiga-koslajama-nuja-suniem-frigera-l\/#breadcrumb","itemListElement":[{"@type":"ListItem","position":1,"name":"Home","item":"https:\/\/miumjau.ee\/lv\/"},{"@type":"ListItem","position":2,"name":"Veikals","item":"https:\/\/miumjau.ee\/lv\/veikals\/"},{"@type":"ListItem","position":3,"name":"Kafijas koka iztur\u012bg\u0101 ko\u0161\u013c\u0101jam\u0101 n\u016bja su\u0146iem Frigera L"}]},{"@type":"WebSite","@id":"https:\/\/miumjau.ee\/#website","url":"https:\/\/miumjau.ee\/","name":"MiuMjau","description":"Kraapimispuud kassidele","publisher":{"@id":"https:\/\/miumjau.ee\/#organization"},"potentialAction":[{"@type":"SearchAction","target":{"@type":"EntryPoint","urlTemplate":"https:\/\/miumjau.ee\/?s={search_term_string}"},"query-input":{"@type":"PropertyValueSpecification","valueRequired":true,"valueName":"search_term_string"}}],"inLanguage":"lv-LV"},{"@type":"Organization","@id":"https:\/\/miumjau.ee\/#organization","name":"MiuMjau O\u00dc","url":"https:\/\/miumjau.ee\/","logo":{"@type":"ImageObject","inLanguage":"lv-LV","@id":"https:\/\/miumjau.ee\/#\/schema\/logo\/image\/","url":"https:\/\/miumjau.ee\/wp-content\/uploads\/2022\/04\/MiuMjau-logo-kollane.png","contentUrl":"https:\/\/miumjau.ee\/wp-content\/uploads\/2022\/04\/MiuMjau-logo-kollane.png","width":219,"height":100,"caption":"MiuMjau O\u00dc"},"image":{"@id":"https:\/\/miumjau.ee\/#\/schema\/logo\/image\/"},"sameAs":["https:\/\/www.facebook.com\/miumjaupood\/"]}]}},"_links":{"self":[{"href":"https:\/\/miumjau.ee\/lv\/wp-json\/wp\/v2\/product\/44908","targetHints":{"allow":["GET"]}}],"collection":[{"href":"https:\/\/miumjau.ee\/lv\/wp-json\/wp\/v2\/product"}],"about":[{"href":"https:\/\/miumjau.ee\/lv\/wp-json\/wp\/v2\/types\/product"}],"wp:featuredmedia":[{"embeddable":true,"href":"https:\/\/miumjau.ee\/lv\/wp-json\/wp\/v2\/media\/44909"}],"wp:attachment":[{"href":"https:\/\/miumjau.ee\/lv\/wp-json\/wp\/v2\/media?parent=44908"}],"wp:term":[{"taxonomy":"product_brand","embeddable":true,"href":"https:\/\/miumjau.ee\/lv\/wp-json\/wp\/v2\/product_brand?post=44908"},{"taxonomy":"product_cat","embeddable":true,"href":"https:\/\/miumjau.ee\/lv\/wp-json\/wp\/v2\/product_cat?post=44908"},{"taxonomy":"product_tag","embeddable":true,"href":"https:\/\/miumjau.ee\/lv\/wp-json\/wp\/v2\/product_tag?post=44908"}],"curies":[{"name":"wp","href":"https:\/\/api.w.org\/{rel}","templated":true}]}}