{"id":44890,"date":"2025-11-10T20:40:46","date_gmt":"2025-11-10T18:40:46","guid":{"rendered":"https:\/\/miumjau.ee\/toode\/beaphar-flexifit-treats-locitavu-veselibai-150-g\/"},"modified":"2026-01-07T21:25:40","modified_gmt":"2026-01-07T19:25:40","slug":"beaphar-flexifit-treats-locitavu-veselibai-150-g","status":"publish","type":"product","link":"https:\/\/miumjau.ee\/lv\/produkts\/beaphar-flexifit-treats-locitavu-veselibai-150-g\/","title":{"rendered":"Beaphar Flexifit treats loc\u012btavu vesel\u012bbai 150 g"},"content":{"rendered":"","protected":false},"excerpt":{"rendered":"<p data-start=\"131\" data-end=\"342\">Gar\u0161\u012bgas k\u0101rumi\u0146as su\u0146iem, kuru loc\u012btavu kust\u012bgums ir norm\u0101ls, bet kuriem v\u0113laties saglab\u0101t aktivit\u0101ti un kust\u012bgumu. Produkts atbalsta elast\u012bgas loc\u012btavas un stipras kaulus, pal\u012bdzot su\u0146iem br\u012bvi p\u0101rvietoties.<\/p>\n<p data-start=\"344\" data-end=\"368\"><strong data-start=\"344\" data-end=\"366\">Galven\u0101s \u012bpa\u0161\u012bbas:<\/strong><\/p>\n<ul data-start=\"369\" data-end=\"545\">\n<li data-start=\"369\" data-end=\"419\">\n<p data-start=\"371\" data-end=\"419\">Atbalsta elast\u012bgas loc\u012btavas un stipras kaulus<\/p>\n<\/li>\n<li data-start=\"420\" data-end=\"466\">\n<p data-start=\"422\" data-end=\"466\">Pal\u012bdz su\u0146iem p\u0101rvietoties br\u012bvi un akt\u012bvi<\/p>\n<\/li>\n<li data-start=\"467\" data-end=\"545\">\n<p data-start=\"469\" data-end=\"545\">Daudzfunkcion\u0101ls sast\u0101vs, satur omega-3 tauksk\u0101bes, glikozam\u012bnu un kalciju<\/p>\n<\/li>\n<\/ul>\n<p data-start=\"547\" data-end=\"576\"><strong data-start=\"547\" data-end=\"574\">Lieto\u0161anas instrukcija:<\/strong><\/p>\n<ul data-start=\"577\" data-end=\"701\">\n<li data-start=\"577\" data-end=\"619\">\n<p data-start=\"579\" data-end=\"619\">Su\u0146iem l\u012bdz 15 kg: 2\u20134 k\u0101rumi\u0146as dien\u0101<\/p>\n<\/li>\n<li data-start=\"620\" data-end=\"660\">\n<p data-start=\"622\" data-end=\"660\">Su\u0146iem 15\u201330 kg: 4\u20138 k\u0101rumi\u0146as dien\u0101<\/p>\n<\/li>\n<li data-start=\"661\" data-end=\"701\">\n<p data-start=\"663\" data-end=\"701\">Su\u0146iem virs 30 kg: 8 k\u0101rumi\u0146as dien\u0101<\/p>\n<\/li>\n<\/ul>\n<p data-start=\"703\" data-end=\"801\">Vienm\u0113r nodro\u0161iniet dz\u012bvniekam t\u012bru dzeramo \u016bdeni. Nav piem\u0113rots su\u0146iem, kas jaun\u0101ki par 1 gadu.<\/p>\n<p data-start=\"803\" data-end=\"1035\"><strong data-start=\"803\" data-end=\"819\">Sast\u0101vda\u013cas:<\/strong> graudaugi; augu izcelsmes produkti; ga\u013cas un dz\u012bvnieku izcelsmes produkti (vista 5,52 %); miner\u0101li (trikalcija fosf\u0101ts 4,02 %); moluski un gliemji (D-glikozam\u012bna hidrohlor\u012bds 4,02 %); e\u013c\u013cas un tauki (lasis 1,5 %).<\/p>\n<p data-start=\"1037\" data-end=\"1139\"><strong data-start=\"1037\" data-end=\"1065\">Anal\u012btisk\u0101s sast\u0101vda\u013cas:<\/strong> prote\u012bns 9 %, tauki 5,5 %, \u0161\u0137iedras 0,2 %, pelni 1,7 %, mitrums 22,5 %.<\/p>\n<p data-start=\"1141\" data-end=\"1293\"><strong data-start=\"1141\" data-end=\"1157\">Uzglab\u0101\u0161ana:<\/strong> glab\u0101t v\u0113s\u0101, saus\u0101 un aizsarg\u0101t\u0101 no gaismas viet\u0101. Ori\u0123in\u0101laj\u0101 iepakojum\u0101, cie\u0161i nosl\u0113gtu. Atv\u0113r\u0161anas gad\u012bjum\u0101 lietot 3 m\u0113ne\u0161u laik\u0101.<\/p>\n<p data-start=\"1295\" data-end=\"1488\"><strong data-start=\"1295\" data-end=\"1311\">Piem\u0113rot\u012bba:<\/strong> piem\u0113rots pieaugu\u0161iem su\u0146iem (vec\u0101ki par 1 gadu), kuriem loc\u012btavu kust\u012bguma uztur\u0113\u0161ana vai profilakse ir nepiecie\u0161ama. Nenodro\u0161ina veterin\u0101r\u0101rsta konsult\u0101cijas vai \u0101rst\u0113\u0161anu.<\/p>\n","protected":false},"featured_media":44891,"template":"","meta":[],"product_brand":[],"product_cat":[576,870],"product_tag":[],"class_list":{"0":"post-44890","1":"product","2":"type-product","3":"status-publish","4":"has-post-thumbnail","6":"product_cat-naski-suniem","7":"product_cat-uztura-bagatinataji-suniem","9":"first","10":"instock","11":"sale","12":"taxable","13":"shipping-taxable","14":"purchasable","15":"product-type-simple"},"yoast_head":"<!-- This site is optimized with the Yoast SEO plugin v27.4 - https:\/\/yoast.com\/product\/yoast-seo-wordpress\/ -->\n<title>Beaphar Flexifit treats loc\u012btavu vesel\u012bbai 150 g - MiuMjau<\/title>\n<meta name=\"robots\" content=\"index, follow, max-snippet:-1, max-image-preview:large, max-video-preview:-1\" \/>\n<link rel=\"canonical\" href=\"https:\/\/miumjau.ee\/lv\/produkts\/beaphar-flexifit-treats-locitavu-veselibai-150-g\/\" \/>\n<meta property=\"og:locale\" content=\"lv_LV\" \/>\n<meta property=\"og:type\" content=\"article\" \/>\n<meta property=\"og:title\" content=\"Beaphar Flexifit treats loc\u012btavu vesel\u012bbai 150 g - MiuMjau\" \/>\n<meta property=\"og:description\" content=\"Gar\u0161\u012bgas k\u0101rumi\u0146as su\u0146iem, kuru loc\u012btavu kust\u012bgums ir norm\u0101ls, bet kuriem v\u0113laties saglab\u0101t aktivit\u0101ti un kust\u012bgumu. Produkts atbalsta elast\u012bgas loc\u012btavas un stipras kaulus, pal\u012bdzot su\u0146iem br\u012bvi p\u0101rvietoties. Galven\u0101s \u012bpa\u0161\u012bbas:     Atbalsta elast\u012bgas loc\u012btavas un stipras kaulus    Pal\u012bdz su\u0146iem p\u0101rvietoties br\u012bvi un akt\u012bvi    Daudzfunkcion\u0101ls sast\u0101vs, satur omega-3 tauksk\u0101bes, glikozam\u012bnu un kalciju   Lieto\u0161anas instrukcija:     Su\u0146iem l\u012bdz 15 kg: 2\u20134 k\u0101rumi\u0146as dien\u0101    Su\u0146iem 15\u201330 kg: 4\u20138 k\u0101rumi\u0146as dien\u0101    Su\u0146iem virs 30 kg: 8 k\u0101rumi\u0146as dien\u0101   Vienm\u0113r nodro\u0161iniet dz\u012bvniekam t\u012bru dzeramo \u016bdeni. Nav piem\u0113rots su\u0146iem, kas jaun\u0101ki par 1 gadu. Sast\u0101vda\u013cas: graudaugi; augu izcelsmes produkti; ga\u013cas un dz\u012bvnieku izcelsmes produkti (vista 5,52 %); miner\u0101li (trikalcija fosf\u0101ts 4,02 %); moluski un gliemji (D-glikozam\u012bna hidrohlor\u012bds 4,02 %); e\u013c\u013cas un tauki (lasis 1,5 %). Anal\u012btisk\u0101s sast\u0101vda\u013cas: prote\u012bns 9 %, tauki 5,5 %, \u0161\u0137iedras 0,2 %, pelni 1,7 %, mitrums 22,5 %. Uzglab\u0101\u0161ana: glab\u0101t v\u0113s\u0101, saus\u0101 un aizsarg\u0101t\u0101 no gaismas viet\u0101. Ori\u0123in\u0101laj\u0101 iepakojum\u0101, cie\u0161i nosl\u0113gtu. Atv\u0113r\u0161anas gad\u012bjum\u0101 lietot 3 m\u0113ne\u0161u laik\u0101. Piem\u0113rot\u012bba: piem\u0113rots pieaugu\u0161iem su\u0146iem (vec\u0101ki par 1 gadu), kuriem loc\u012btavu kust\u012bguma uztur\u0113\u0161ana vai profilakse ir nepiecie\u0161ama. Nenodro\u0161ina veterin\u0101r\u0101rsta konsult\u0101cijas vai \u0101rst\u0113\u0161anu.\" \/>\n<meta property=\"og:url\" content=\"https:\/\/miumjau.ee\/lv\/produkts\/beaphar-flexifit-treats-locitavu-veselibai-150-g\/\" \/>\n<meta property=\"og:site_name\" content=\"MiuMjau\" \/>\n<meta property=\"article:publisher\" content=\"https:\/\/www.facebook.com\/miumjaupood\/\" \/>\n<meta property=\"article:modified_time\" content=\"2026-01-07T19:25:40+00:00\" \/>\n<meta property=\"og:image\" content=\"https:\/\/miumjau.ee\/wp-content\/uploads\/2025\/11\/beaphar-flexifit-treats3-Photoroom.jpg\" \/>\n\t<meta property=\"og:image:width\" content=\"600\" \/>\n\t<meta property=\"og:image:height\" content=\"800\" \/>\n\t<meta property=\"og:image:type\" content=\"image\/jpeg\" \/>\n<meta name=\"twitter:card\" content=\"summary_large_image\" \/>\n<script type=\"application\/ld+json\" class=\"yoast-schema-graph\">{\"@context\":\"https:\\\/\\\/schema.org\",\"@graph\":[{\"@type\":\"WebPage\",\"@id\":\"https:\\\/\\\/miumjau.ee\\\/lv\\\/produkts\\\/beaphar-flexifit-treats-locitavu-veselibai-150-g\\\/\",\"url\":\"https:\\\/\\\/miumjau.ee\\\/lv\\\/produkts\\\/beaphar-flexifit-treats-locitavu-veselibai-150-g\\\/\",\"name\":\"Beaphar Flexifit treats loc\u012btavu vesel\u012bbai 150 g - MiuMjau\",\"isPartOf\":{\"@id\":\"https:\\\/\\\/miumjau.ee\\\/#website\"},\"primaryImageOfPage\":{\"@id\":\"https:\\\/\\\/miumjau.ee\\\/lv\\\/produkts\\\/beaphar-flexifit-treats-locitavu-veselibai-150-g\\\/#primaryimage\"},\"image\":{\"@id\":\"https:\\\/\\\/miumjau.ee\\\/lv\\\/produkts\\\/beaphar-flexifit-treats-locitavu-veselibai-150-g\\\/#primaryimage\"},\"thumbnailUrl\":\"https:\\\/\\\/miumjau.ee\\\/wp-content\\\/uploads\\\/2025\\\/11\\\/beaphar-flexifit-treats3-Photoroom.jpg\",\"datePublished\":\"2025-11-10T18:40:46+00:00\",\"dateModified\":\"2026-01-07T19:25:40+00:00\",\"breadcrumb\":{\"@id\":\"https:\\\/\\\/miumjau.ee\\\/lv\\\/produkts\\\/beaphar-flexifit-treats-locitavu-veselibai-150-g\\\/#breadcrumb\"},\"inLanguage\":\"lv-LV\",\"potentialAction\":[{\"@type\":\"ReadAction\",\"target\":[\"https:\\\/\\\/miumjau.ee\\\/lv\\\/produkts\\\/beaphar-flexifit-treats-locitavu-veselibai-150-g\\\/\"]}]},{\"@type\":\"ImageObject\",\"inLanguage\":\"lv-LV\",\"@id\":\"https:\\\/\\\/miumjau.ee\\\/lv\\\/produkts\\\/beaphar-flexifit-treats-locitavu-veselibai-150-g\\\/#primaryimage\",\"url\":\"https:\\\/\\\/miumjau.ee\\\/wp-content\\\/uploads\\\/2025\\\/11\\\/beaphar-flexifit-treats3-Photoroom.jpg\",\"contentUrl\":\"https:\\\/\\\/miumjau.ee\\\/wp-content\\\/uploads\\\/2025\\\/11\\\/beaphar-flexifit-treats3-Photoroom.jpg\",\"width\":600,\"height\":800},{\"@type\":\"BreadcrumbList\",\"@id\":\"https:\\\/\\\/miumjau.ee\\\/lv\\\/produkts\\\/beaphar-flexifit-treats-locitavu-veselibai-150-g\\\/#breadcrumb\",\"itemListElement\":[{\"@type\":\"ListItem\",\"position\":1,\"name\":\"Home\",\"item\":\"https:\\\/\\\/miumjau.ee\\\/lv\\\/\"},{\"@type\":\"ListItem\",\"position\":2,\"name\":\"Veikals\",\"item\":\"https:\\\/\\\/miumjau.ee\\\/lv\\\/veikals\\\/\"},{\"@type\":\"ListItem\",\"position\":3,\"name\":\"Beaphar Flexifit treats loc\u012btavu vesel\u012bbai 150 g\"}]},{\"@type\":\"WebSite\",\"@id\":\"https:\\\/\\\/miumjau.ee\\\/#website\",\"url\":\"https:\\\/\\\/miumjau.ee\\\/\",\"name\":\"MiuMjau\",\"description\":\"Kraapimispuud kassidele\",\"publisher\":{\"@id\":\"https:\\\/\\\/miumjau.ee\\\/#organization\"},\"potentialAction\":[{\"@type\":\"SearchAction\",\"target\":{\"@type\":\"EntryPoint\",\"urlTemplate\":\"https:\\\/\\\/miumjau.ee\\\/?s={search_term_string}\"},\"query-input\":{\"@type\":\"PropertyValueSpecification\",\"valueRequired\":true,\"valueName\":\"search_term_string\"}}],\"inLanguage\":\"lv-LV\"},{\"@type\":\"Organization\",\"@id\":\"https:\\\/\\\/miumjau.ee\\\/#organization\",\"name\":\"MiuMjau O\u00dc\",\"url\":\"https:\\\/\\\/miumjau.ee\\\/\",\"logo\":{\"@type\":\"ImageObject\",\"inLanguage\":\"lv-LV\",\"@id\":\"https:\\\/\\\/miumjau.ee\\\/#\\\/schema\\\/logo\\\/image\\\/\",\"url\":\"https:\\\/\\\/miumjau.ee\\\/wp-content\\\/uploads\\\/2022\\\/04\\\/MiuMjau-logo-kollane.png\",\"contentUrl\":\"https:\\\/\\\/miumjau.ee\\\/wp-content\\\/uploads\\\/2022\\\/04\\\/MiuMjau-logo-kollane.png\",\"width\":219,\"height\":100,\"caption\":\"MiuMjau O\u00dc\"},\"image\":{\"@id\":\"https:\\\/\\\/miumjau.ee\\\/#\\\/schema\\\/logo\\\/image\\\/\"},\"sameAs\":[\"https:\\\/\\\/www.facebook.com\\\/miumjaupood\\\/\"]}]}<\/script>\n<!-- \/ Yoast SEO plugin. -->","yoast_head_json":{"title":"Beaphar Flexifit treats loc\u012btavu vesel\u012bbai 150 g - MiuMjau","robots":{"index":"index","follow":"follow","max-snippet":"max-snippet:-1","max-image-preview":"max-image-preview:large","max-video-preview":"max-video-preview:-1"},"canonical":"https:\/\/miumjau.ee\/lv\/produkts\/beaphar-flexifit-treats-locitavu-veselibai-150-g\/","og_locale":"lv_LV","og_type":"article","og_title":"Beaphar Flexifit treats loc\u012btavu vesel\u012bbai 150 g - MiuMjau","og_description":"Gar\u0161\u012bgas k\u0101rumi\u0146as su\u0146iem, kuru loc\u012btavu kust\u012bgums ir norm\u0101ls, bet kuriem v\u0113laties saglab\u0101t aktivit\u0101ti un kust\u012bgumu. Produkts atbalsta elast\u012bgas loc\u012btavas un stipras kaulus, pal\u012bdzot su\u0146iem br\u012bvi p\u0101rvietoties. Galven\u0101s \u012bpa\u0161\u012bbas:     Atbalsta elast\u012bgas loc\u012btavas un stipras kaulus    Pal\u012bdz su\u0146iem p\u0101rvietoties br\u012bvi un akt\u012bvi    Daudzfunkcion\u0101ls sast\u0101vs, satur omega-3 tauksk\u0101bes, glikozam\u012bnu un kalciju   Lieto\u0161anas instrukcija:     Su\u0146iem l\u012bdz 15 kg: 2\u20134 k\u0101rumi\u0146as dien\u0101    Su\u0146iem 15\u201330 kg: 4\u20138 k\u0101rumi\u0146as dien\u0101    Su\u0146iem virs 30 kg: 8 k\u0101rumi\u0146as dien\u0101   Vienm\u0113r nodro\u0161iniet dz\u012bvniekam t\u012bru dzeramo \u016bdeni. Nav piem\u0113rots su\u0146iem, kas jaun\u0101ki par 1 gadu. Sast\u0101vda\u013cas: graudaugi; augu izcelsmes produkti; ga\u013cas un dz\u012bvnieku izcelsmes produkti (vista 5,52 %); miner\u0101li (trikalcija fosf\u0101ts 4,02 %); moluski un gliemji (D-glikozam\u012bna hidrohlor\u012bds 4,02 %); e\u013c\u013cas un tauki (lasis 1,5 %). Anal\u012btisk\u0101s sast\u0101vda\u013cas: prote\u012bns 9 %, tauki 5,5 %, \u0161\u0137iedras 0,2 %, pelni 1,7 %, mitrums 22,5 %. Uzglab\u0101\u0161ana: glab\u0101t v\u0113s\u0101, saus\u0101 un aizsarg\u0101t\u0101 no gaismas viet\u0101. Ori\u0123in\u0101laj\u0101 iepakojum\u0101, cie\u0161i nosl\u0113gtu. Atv\u0113r\u0161anas gad\u012bjum\u0101 lietot 3 m\u0113ne\u0161u laik\u0101. Piem\u0113rot\u012bba: piem\u0113rots pieaugu\u0161iem su\u0146iem (vec\u0101ki par 1 gadu), kuriem loc\u012btavu kust\u012bguma uztur\u0113\u0161ana vai profilakse ir nepiecie\u0161ama. Nenodro\u0161ina veterin\u0101r\u0101rsta konsult\u0101cijas vai \u0101rst\u0113\u0161anu.","og_url":"https:\/\/miumjau.ee\/lv\/produkts\/beaphar-flexifit-treats-locitavu-veselibai-150-g\/","og_site_name":"MiuMjau","article_publisher":"https:\/\/www.facebook.com\/miumjaupood\/","article_modified_time":"2026-01-07T19:25:40+00:00","og_image":[{"width":600,"height":800,"url":"https:\/\/miumjau.ee\/wp-content\/uploads\/2025\/11\/beaphar-flexifit-treats3-Photoroom.jpg","type":"image\/jpeg"}],"twitter_card":"summary_large_image","schema":{"@context":"https:\/\/schema.org","@graph":[{"@type":"WebPage","@id":"https:\/\/miumjau.ee\/lv\/produkts\/beaphar-flexifit-treats-locitavu-veselibai-150-g\/","url":"https:\/\/miumjau.ee\/lv\/produkts\/beaphar-flexifit-treats-locitavu-veselibai-150-g\/","name":"Beaphar Flexifit treats loc\u012btavu vesel\u012bbai 150 g - MiuMjau","isPartOf":{"@id":"https:\/\/miumjau.ee\/#website"},"primaryImageOfPage":{"@id":"https:\/\/miumjau.ee\/lv\/produkts\/beaphar-flexifit-treats-locitavu-veselibai-150-g\/#primaryimage"},"image":{"@id":"https:\/\/miumjau.ee\/lv\/produkts\/beaphar-flexifit-treats-locitavu-veselibai-150-g\/#primaryimage"},"thumbnailUrl":"https:\/\/miumjau.ee\/wp-content\/uploads\/2025\/11\/beaphar-flexifit-treats3-Photoroom.jpg","datePublished":"2025-11-10T18:40:46+00:00","dateModified":"2026-01-07T19:25:40+00:00","breadcrumb":{"@id":"https:\/\/miumjau.ee\/lv\/produkts\/beaphar-flexifit-treats-locitavu-veselibai-150-g\/#breadcrumb"},"inLanguage":"lv-LV","potentialAction":[{"@type":"ReadAction","target":["https:\/\/miumjau.ee\/lv\/produkts\/beaphar-flexifit-treats-locitavu-veselibai-150-g\/"]}]},{"@type":"ImageObject","inLanguage":"lv-LV","@id":"https:\/\/miumjau.ee\/lv\/produkts\/beaphar-flexifit-treats-locitavu-veselibai-150-g\/#primaryimage","url":"https:\/\/miumjau.ee\/wp-content\/uploads\/2025\/11\/beaphar-flexifit-treats3-Photoroom.jpg","contentUrl":"https:\/\/miumjau.ee\/wp-content\/uploads\/2025\/11\/beaphar-flexifit-treats3-Photoroom.jpg","width":600,"height":800},{"@type":"BreadcrumbList","@id":"https:\/\/miumjau.ee\/lv\/produkts\/beaphar-flexifit-treats-locitavu-veselibai-150-g\/#breadcrumb","itemListElement":[{"@type":"ListItem","position":1,"name":"Home","item":"https:\/\/miumjau.ee\/lv\/"},{"@type":"ListItem","position":2,"name":"Veikals","item":"https:\/\/miumjau.ee\/lv\/veikals\/"},{"@type":"ListItem","position":3,"name":"Beaphar Flexifit treats loc\u012btavu vesel\u012bbai 150 g"}]},{"@type":"WebSite","@id":"https:\/\/miumjau.ee\/#website","url":"https:\/\/miumjau.ee\/","name":"MiuMjau","description":"Kraapimispuud kassidele","publisher":{"@id":"https:\/\/miumjau.ee\/#organization"},"potentialAction":[{"@type":"SearchAction","target":{"@type":"EntryPoint","urlTemplate":"https:\/\/miumjau.ee\/?s={search_term_string}"},"query-input":{"@type":"PropertyValueSpecification","valueRequired":true,"valueName":"search_term_string"}}],"inLanguage":"lv-LV"},{"@type":"Organization","@id":"https:\/\/miumjau.ee\/#organization","name":"MiuMjau O\u00dc","url":"https:\/\/miumjau.ee\/","logo":{"@type":"ImageObject","inLanguage":"lv-LV","@id":"https:\/\/miumjau.ee\/#\/schema\/logo\/image\/","url":"https:\/\/miumjau.ee\/wp-content\/uploads\/2022\/04\/MiuMjau-logo-kollane.png","contentUrl":"https:\/\/miumjau.ee\/wp-content\/uploads\/2022\/04\/MiuMjau-logo-kollane.png","width":219,"height":100,"caption":"MiuMjau O\u00dc"},"image":{"@id":"https:\/\/miumjau.ee\/#\/schema\/logo\/image\/"},"sameAs":["https:\/\/www.facebook.com\/miumjaupood\/"]}]}},"_links":{"self":[{"href":"https:\/\/miumjau.ee\/lv\/wp-json\/wp\/v2\/product\/44890","targetHints":{"allow":["GET"]}}],"collection":[{"href":"https:\/\/miumjau.ee\/lv\/wp-json\/wp\/v2\/product"}],"about":[{"href":"https:\/\/miumjau.ee\/lv\/wp-json\/wp\/v2\/types\/product"}],"wp:featuredmedia":[{"embeddable":true,"href":"https:\/\/miumjau.ee\/lv\/wp-json\/wp\/v2\/media\/44891"}],"wp:attachment":[{"href":"https:\/\/miumjau.ee\/lv\/wp-json\/wp\/v2\/media?parent=44890"}],"wp:term":[{"taxonomy":"product_brand","embeddable":true,"href":"https:\/\/miumjau.ee\/lv\/wp-json\/wp\/v2\/product_brand?post=44890"},{"taxonomy":"product_cat","embeddable":true,"href":"https:\/\/miumjau.ee\/lv\/wp-json\/wp\/v2\/product_cat?post=44890"},{"taxonomy":"product_tag","embeddable":true,"href":"https:\/\/miumjau.ee\/lv\/wp-json\/wp\/v2\/product_tag?post=44890"}],"curies":[{"name":"wp","href":"https:\/\/api.w.org\/{rel}","templated":true}]}}