{"id":44863,"date":"2025-07-22T20:12:48","date_gmt":"2025-07-22T17:12:48","guid":{"rendered":"https:\/\/miumjau.ee\/toode\/ibero-natural-adult-konservi-ar-jera-galu-400-g\/"},"modified":"2026-01-07T21:25:47","modified_gmt":"2026-01-07T19:25:47","slug":"ibero-natural-adult-konservi-ar-jera-galu-400-g","status":"publish","type":"product","link":"https:\/\/miumjau.ee\/lv\/produkts\/ibero-natural-adult-konservi-ar-jera-galu-400-g\/","title":{"rendered":"Ibero Natural Adult konservi ar j\u0113ra ga\u013cu 400 g"},"content":{"rendered":"","protected":false},"excerpt":{"rendered":"<p data-start=\"128\" data-end=\"475\">\u012apa\u0161i gar\u0161\u012bga 100% ga\u013cas konservi su\u0146iem. Papildbar\u012bba, kas atbilst su\u0146u dabiskaj\u0101m uztura vajadz\u012bb\u0101m. Su\u0146iem liel\u0101kajai da\u013cai uztura vajadz\u012bbu ir nepiecie\u0161ama liela daudzuma kvalitat\u012bvas ga\u013cas un blakusproduktu. Ibero NATURAL produkti satur 100% liellopa ga\u013cu un blakusproduktus, kas bag\u0101ti ar vitam\u012bniem, miner\u0101lviel\u0101m un svar\u012bg\u0101m aminosk\u0101b\u0113m.<\/p>\n<p data-start=\"477\" data-end=\"618\"><strong data-start=\"477\" data-end=\"493\">Sast\u0101vda\u013cas:<\/strong> liellopa ga\u013ca, liellopa iek\u0161\u0113jie org\u0101ni (plau\u0161as, aknas, sirds, nieres, liesa, piena dziedzeri), j\u0113ra ga\u013ca 5%, putnu ga\u013ca.<\/p>\n<p data-start=\"620\" data-end=\"720\"><strong data-start=\"620\" data-end=\"648\">Anal\u012btisk\u0101s sast\u0101vda\u013cas:<\/strong> prote\u012bns 16 %, tauki 11 %, \u0161\u0137iedras 0,5 %, pelni 2,5 %, mitrums 70 %.<\/p>\n<p data-start=\"722\" data-end=\"1115\">Izejvielu sast\u0101vs nodro\u0161ina augstu dabisko vitam\u012bnu (A, E, D), aminosk\u0101bju (l\u012bz\u012bns, metion\u012bns, ciste\u012bns) un miner\u0101lvielu saturu. Produkts nesatur soju. Ra\u017eots bez aromatiz\u0113t\u0101jiem, gar\u0161viel\u0101m, konservantiem un kr\u0101sviel\u0101m. Ra\u017eo\u0161ana tiek veikta past\u0101v\u012bg\u0101 valsts veterin\u0101r\u0101 uzraudz\u012bb\u0101. Pasniegt istabas temperat\u016br\u0101 k\u0101 papildbar\u012bbu. P\u0113c atv\u0113r\u0161anas uzglab\u0101t ledusskap\u012b. Glab\u0101t v\u0113s\u0101 un saus\u0101 viet\u0101.<\/p>\n<p data-start=\"1117\" data-end=\"1391\"><strong data-start=\"1117\" data-end=\"1141\">Baro\u0161anas ieteikums:<\/strong> T\u0101 ir papildbar\u012bba, ide\u0101li kombin\u0113jama ar sausbar\u012bbu. Ja da\u017eas dienas barojat tikai ar konserviem, 24 stundu laik\u0101 ieteicam\u0101 devu: l\u012bdz 2 kg sunim \u2013 60 g, 2\u20133 kg \u2013 120 g, 3\u20135 kg \u2013 240 g, 5 kg \u2013 200 g, 10 kg \u2013 400 g, 20 kg \u2013 600 g un 30 kg \u2013 800 g.<\/p>\n","protected":false},"featured_media":44864,"template":"","meta":[],"product_brand":[],"product_cat":[577],"product_tag":[],"class_list":{"0":"post-44863","1":"product","2":"type-product","3":"status-publish","4":"has-post-thumbnail","6":"product_cat-mitra-bariba-suniem","8":"first","9":"instock","10":"sale","11":"taxable","12":"shipping-taxable","13":"purchasable","14":"product-type-simple"},"yoast_head":"<!-- This site is optimized with the Yoast SEO plugin v27.4 - https:\/\/yoast.com\/product\/yoast-seo-wordpress\/ -->\n<title>Ibero Natural Adult konservi ar j\u0113ra ga\u013cu 400 g - MiuMjau<\/title>\n<meta name=\"robots\" content=\"index, follow, max-snippet:-1, max-image-preview:large, max-video-preview:-1\" \/>\n<link rel=\"canonical\" href=\"https:\/\/miumjau.ee\/lv\/produkts\/ibero-natural-adult-konservi-ar-jera-galu-400-g\/\" \/>\n<meta property=\"og:locale\" content=\"lv_LV\" \/>\n<meta property=\"og:type\" content=\"article\" \/>\n<meta property=\"og:title\" content=\"Ibero Natural Adult konservi ar j\u0113ra ga\u013cu 400 g - MiuMjau\" \/>\n<meta property=\"og:description\" content=\"\u012apa\u0161i gar\u0161\u012bga 100% ga\u013cas konservi su\u0146iem. Papildbar\u012bba, kas atbilst su\u0146u dabiskaj\u0101m uztura vajadz\u012bb\u0101m. Su\u0146iem liel\u0101kajai da\u013cai uztura vajadz\u012bbu ir nepiecie\u0161ama liela daudzuma kvalitat\u012bvas ga\u013cas un blakusproduktu. Ibero NATURAL produkti satur 100% liellopa ga\u013cu un blakusproduktus, kas bag\u0101ti ar vitam\u012bniem, miner\u0101lviel\u0101m un svar\u012bg\u0101m aminosk\u0101b\u0113m. Sast\u0101vda\u013cas: liellopa ga\u013ca, liellopa iek\u0161\u0113jie org\u0101ni (plau\u0161as, aknas, sirds, nieres, liesa, piena dziedzeri), j\u0113ra ga\u013ca 5%, putnu ga\u013ca. Anal\u012btisk\u0101s sast\u0101vda\u013cas: prote\u012bns 16 %, tauki 11 %, \u0161\u0137iedras 0,5 %, pelni 2,5 %, mitrums 70 %. Izejvielu sast\u0101vs nodro\u0161ina augstu dabisko vitam\u012bnu (A, E, D), aminosk\u0101bju (l\u012bz\u012bns, metion\u012bns, ciste\u012bns) un miner\u0101lvielu saturu. Produkts nesatur soju. Ra\u017eots bez aromatiz\u0113t\u0101jiem, gar\u0161viel\u0101m, konservantiem un kr\u0101sviel\u0101m. Ra\u017eo\u0161ana tiek veikta past\u0101v\u012bg\u0101 valsts veterin\u0101r\u0101 uzraudz\u012bb\u0101. Pasniegt istabas temperat\u016br\u0101 k\u0101 papildbar\u012bbu. P\u0113c atv\u0113r\u0161anas uzglab\u0101t ledusskap\u012b. Glab\u0101t v\u0113s\u0101 un saus\u0101 viet\u0101. Baro\u0161anas ieteikums: T\u0101 ir papildbar\u012bba, ide\u0101li kombin\u0113jama ar sausbar\u012bbu. Ja da\u017eas dienas barojat tikai ar konserviem, 24 stundu laik\u0101 ieteicam\u0101 devu: l\u012bdz 2 kg sunim \u2013 60 g, 2\u20133 kg \u2013 120 g, 3\u20135 kg \u2013 240 g, 5 kg \u2013 200 g, 10 kg \u2013 400 g, 20 kg \u2013 600 g un 30 kg \u2013 800 g.\" \/>\n<meta property=\"og:url\" content=\"https:\/\/miumjau.ee\/lv\/produkts\/ibero-natural-adult-konservi-ar-jera-galu-400-g\/\" \/>\n<meta property=\"og:site_name\" content=\"MiuMjau\" \/>\n<meta property=\"article:publisher\" content=\"https:\/\/www.facebook.com\/miumjaupood\/\" \/>\n<meta property=\"article:modified_time\" content=\"2026-01-07T19:25:47+00:00\" \/>\n<meta property=\"og:image\" content=\"https:\/\/miumjau.ee\/wp-content\/uploads\/2025\/07\/ibero-konserv-koertele-lammas.jpg\" \/>\n\t<meta property=\"og:image:width\" content=\"600\" \/>\n\t<meta property=\"og:image:height\" content=\"800\" \/>\n\t<meta property=\"og:image:type\" content=\"image\/jpeg\" \/>\n<meta name=\"twitter:card\" content=\"summary_large_image\" \/>\n<script type=\"application\/ld+json\" class=\"yoast-schema-graph\">{\"@context\":\"https:\\\/\\\/schema.org\",\"@graph\":[{\"@type\":\"WebPage\",\"@id\":\"https:\\\/\\\/miumjau.ee\\\/lv\\\/produkts\\\/ibero-natural-adult-konservi-ar-jera-galu-400-g\\\/\",\"url\":\"https:\\\/\\\/miumjau.ee\\\/lv\\\/produkts\\\/ibero-natural-adult-konservi-ar-jera-galu-400-g\\\/\",\"name\":\"Ibero Natural Adult konservi ar j\u0113ra ga\u013cu 400 g - MiuMjau\",\"isPartOf\":{\"@id\":\"https:\\\/\\\/miumjau.ee\\\/#website\"},\"primaryImageOfPage\":{\"@id\":\"https:\\\/\\\/miumjau.ee\\\/lv\\\/produkts\\\/ibero-natural-adult-konservi-ar-jera-galu-400-g\\\/#primaryimage\"},\"image\":{\"@id\":\"https:\\\/\\\/miumjau.ee\\\/lv\\\/produkts\\\/ibero-natural-adult-konservi-ar-jera-galu-400-g\\\/#primaryimage\"},\"thumbnailUrl\":\"https:\\\/\\\/miumjau.ee\\\/wp-content\\\/uploads\\\/2025\\\/07\\\/ibero-konserv-koertele-lammas.jpg\",\"datePublished\":\"2025-07-22T17:12:48+00:00\",\"dateModified\":\"2026-01-07T19:25:47+00:00\",\"breadcrumb\":{\"@id\":\"https:\\\/\\\/miumjau.ee\\\/lv\\\/produkts\\\/ibero-natural-adult-konservi-ar-jera-galu-400-g\\\/#breadcrumb\"},\"inLanguage\":\"lv-LV\",\"potentialAction\":[{\"@type\":\"ReadAction\",\"target\":[\"https:\\\/\\\/miumjau.ee\\\/lv\\\/produkts\\\/ibero-natural-adult-konservi-ar-jera-galu-400-g\\\/\"]}]},{\"@type\":\"ImageObject\",\"inLanguage\":\"lv-LV\",\"@id\":\"https:\\\/\\\/miumjau.ee\\\/lv\\\/produkts\\\/ibero-natural-adult-konservi-ar-jera-galu-400-g\\\/#primaryimage\",\"url\":\"https:\\\/\\\/miumjau.ee\\\/wp-content\\\/uploads\\\/2025\\\/07\\\/ibero-konserv-koertele-lammas.jpg\",\"contentUrl\":\"https:\\\/\\\/miumjau.ee\\\/wp-content\\\/uploads\\\/2025\\\/07\\\/ibero-konserv-koertele-lammas.jpg\",\"width\":600,\"height\":800},{\"@type\":\"BreadcrumbList\",\"@id\":\"https:\\\/\\\/miumjau.ee\\\/lv\\\/produkts\\\/ibero-natural-adult-konservi-ar-jera-galu-400-g\\\/#breadcrumb\",\"itemListElement\":[{\"@type\":\"ListItem\",\"position\":1,\"name\":\"Home\",\"item\":\"https:\\\/\\\/miumjau.ee\\\/lv\\\/\"},{\"@type\":\"ListItem\",\"position\":2,\"name\":\"Veikals\",\"item\":\"https:\\\/\\\/miumjau.ee\\\/lv\\\/veikals\\\/\"},{\"@type\":\"ListItem\",\"position\":3,\"name\":\"Ibero Natural Adult konservi ar j\u0113ra ga\u013cu 400 g\"}]},{\"@type\":\"WebSite\",\"@id\":\"https:\\\/\\\/miumjau.ee\\\/#website\",\"url\":\"https:\\\/\\\/miumjau.ee\\\/\",\"name\":\"MiuMjau\",\"description\":\"Kraapimispuud kassidele\",\"publisher\":{\"@id\":\"https:\\\/\\\/miumjau.ee\\\/#organization\"},\"potentialAction\":[{\"@type\":\"SearchAction\",\"target\":{\"@type\":\"EntryPoint\",\"urlTemplate\":\"https:\\\/\\\/miumjau.ee\\\/?s={search_term_string}\"},\"query-input\":{\"@type\":\"PropertyValueSpecification\",\"valueRequired\":true,\"valueName\":\"search_term_string\"}}],\"inLanguage\":\"lv-LV\"},{\"@type\":\"Organization\",\"@id\":\"https:\\\/\\\/miumjau.ee\\\/#organization\",\"name\":\"MiuMjau O\u00dc\",\"url\":\"https:\\\/\\\/miumjau.ee\\\/\",\"logo\":{\"@type\":\"ImageObject\",\"inLanguage\":\"lv-LV\",\"@id\":\"https:\\\/\\\/miumjau.ee\\\/#\\\/schema\\\/logo\\\/image\\\/\",\"url\":\"https:\\\/\\\/miumjau.ee\\\/wp-content\\\/uploads\\\/2022\\\/04\\\/MiuMjau-logo-kollane.png\",\"contentUrl\":\"https:\\\/\\\/miumjau.ee\\\/wp-content\\\/uploads\\\/2022\\\/04\\\/MiuMjau-logo-kollane.png\",\"width\":219,\"height\":100,\"caption\":\"MiuMjau O\u00dc\"},\"image\":{\"@id\":\"https:\\\/\\\/miumjau.ee\\\/#\\\/schema\\\/logo\\\/image\\\/\"},\"sameAs\":[\"https:\\\/\\\/www.facebook.com\\\/miumjaupood\\\/\"]}]}<\/script>\n<!-- \/ Yoast SEO plugin. -->","yoast_head_json":{"title":"Ibero Natural Adult konservi ar j\u0113ra ga\u013cu 400 g - MiuMjau","robots":{"index":"index","follow":"follow","max-snippet":"max-snippet:-1","max-image-preview":"max-image-preview:large","max-video-preview":"max-video-preview:-1"},"canonical":"https:\/\/miumjau.ee\/lv\/produkts\/ibero-natural-adult-konservi-ar-jera-galu-400-g\/","og_locale":"lv_LV","og_type":"article","og_title":"Ibero Natural Adult konservi ar j\u0113ra ga\u013cu 400 g - MiuMjau","og_description":"\u012apa\u0161i gar\u0161\u012bga 100% ga\u013cas konservi su\u0146iem. Papildbar\u012bba, kas atbilst su\u0146u dabiskaj\u0101m uztura vajadz\u012bb\u0101m. Su\u0146iem liel\u0101kajai da\u013cai uztura vajadz\u012bbu ir nepiecie\u0161ama liela daudzuma kvalitat\u012bvas ga\u013cas un blakusproduktu. Ibero NATURAL produkti satur 100% liellopa ga\u013cu un blakusproduktus, kas bag\u0101ti ar vitam\u012bniem, miner\u0101lviel\u0101m un svar\u012bg\u0101m aminosk\u0101b\u0113m. Sast\u0101vda\u013cas: liellopa ga\u013ca, liellopa iek\u0161\u0113jie org\u0101ni (plau\u0161as, aknas, sirds, nieres, liesa, piena dziedzeri), j\u0113ra ga\u013ca 5%, putnu ga\u013ca. Anal\u012btisk\u0101s sast\u0101vda\u013cas: prote\u012bns 16 %, tauki 11 %, \u0161\u0137iedras 0,5 %, pelni 2,5 %, mitrums 70 %. Izejvielu sast\u0101vs nodro\u0161ina augstu dabisko vitam\u012bnu (A, E, D), aminosk\u0101bju (l\u012bz\u012bns, metion\u012bns, ciste\u012bns) un miner\u0101lvielu saturu. Produkts nesatur soju. Ra\u017eots bez aromatiz\u0113t\u0101jiem, gar\u0161viel\u0101m, konservantiem un kr\u0101sviel\u0101m. Ra\u017eo\u0161ana tiek veikta past\u0101v\u012bg\u0101 valsts veterin\u0101r\u0101 uzraudz\u012bb\u0101. Pasniegt istabas temperat\u016br\u0101 k\u0101 papildbar\u012bbu. P\u0113c atv\u0113r\u0161anas uzglab\u0101t ledusskap\u012b. Glab\u0101t v\u0113s\u0101 un saus\u0101 viet\u0101. Baro\u0161anas ieteikums: T\u0101 ir papildbar\u012bba, ide\u0101li kombin\u0113jama ar sausbar\u012bbu. Ja da\u017eas dienas barojat tikai ar konserviem, 24 stundu laik\u0101 ieteicam\u0101 devu: l\u012bdz 2 kg sunim \u2013 60 g, 2\u20133 kg \u2013 120 g, 3\u20135 kg \u2013 240 g, 5 kg \u2013 200 g, 10 kg \u2013 400 g, 20 kg \u2013 600 g un 30 kg \u2013 800 g.","og_url":"https:\/\/miumjau.ee\/lv\/produkts\/ibero-natural-adult-konservi-ar-jera-galu-400-g\/","og_site_name":"MiuMjau","article_publisher":"https:\/\/www.facebook.com\/miumjaupood\/","article_modified_time":"2026-01-07T19:25:47+00:00","og_image":[{"width":600,"height":800,"url":"https:\/\/miumjau.ee\/wp-content\/uploads\/2025\/07\/ibero-konserv-koertele-lammas.jpg","type":"image\/jpeg"}],"twitter_card":"summary_large_image","schema":{"@context":"https:\/\/schema.org","@graph":[{"@type":"WebPage","@id":"https:\/\/miumjau.ee\/lv\/produkts\/ibero-natural-adult-konservi-ar-jera-galu-400-g\/","url":"https:\/\/miumjau.ee\/lv\/produkts\/ibero-natural-adult-konservi-ar-jera-galu-400-g\/","name":"Ibero Natural Adult konservi ar j\u0113ra ga\u013cu 400 g - MiuMjau","isPartOf":{"@id":"https:\/\/miumjau.ee\/#website"},"primaryImageOfPage":{"@id":"https:\/\/miumjau.ee\/lv\/produkts\/ibero-natural-adult-konservi-ar-jera-galu-400-g\/#primaryimage"},"image":{"@id":"https:\/\/miumjau.ee\/lv\/produkts\/ibero-natural-adult-konservi-ar-jera-galu-400-g\/#primaryimage"},"thumbnailUrl":"https:\/\/miumjau.ee\/wp-content\/uploads\/2025\/07\/ibero-konserv-koertele-lammas.jpg","datePublished":"2025-07-22T17:12:48+00:00","dateModified":"2026-01-07T19:25:47+00:00","breadcrumb":{"@id":"https:\/\/miumjau.ee\/lv\/produkts\/ibero-natural-adult-konservi-ar-jera-galu-400-g\/#breadcrumb"},"inLanguage":"lv-LV","potentialAction":[{"@type":"ReadAction","target":["https:\/\/miumjau.ee\/lv\/produkts\/ibero-natural-adult-konservi-ar-jera-galu-400-g\/"]}]},{"@type":"ImageObject","inLanguage":"lv-LV","@id":"https:\/\/miumjau.ee\/lv\/produkts\/ibero-natural-adult-konservi-ar-jera-galu-400-g\/#primaryimage","url":"https:\/\/miumjau.ee\/wp-content\/uploads\/2025\/07\/ibero-konserv-koertele-lammas.jpg","contentUrl":"https:\/\/miumjau.ee\/wp-content\/uploads\/2025\/07\/ibero-konserv-koertele-lammas.jpg","width":600,"height":800},{"@type":"BreadcrumbList","@id":"https:\/\/miumjau.ee\/lv\/produkts\/ibero-natural-adult-konservi-ar-jera-galu-400-g\/#breadcrumb","itemListElement":[{"@type":"ListItem","position":1,"name":"Home","item":"https:\/\/miumjau.ee\/lv\/"},{"@type":"ListItem","position":2,"name":"Veikals","item":"https:\/\/miumjau.ee\/lv\/veikals\/"},{"@type":"ListItem","position":3,"name":"Ibero Natural Adult konservi ar j\u0113ra ga\u013cu 400 g"}]},{"@type":"WebSite","@id":"https:\/\/miumjau.ee\/#website","url":"https:\/\/miumjau.ee\/","name":"MiuMjau","description":"Kraapimispuud kassidele","publisher":{"@id":"https:\/\/miumjau.ee\/#organization"},"potentialAction":[{"@type":"SearchAction","target":{"@type":"EntryPoint","urlTemplate":"https:\/\/miumjau.ee\/?s={search_term_string}"},"query-input":{"@type":"PropertyValueSpecification","valueRequired":true,"valueName":"search_term_string"}}],"inLanguage":"lv-LV"},{"@type":"Organization","@id":"https:\/\/miumjau.ee\/#organization","name":"MiuMjau O\u00dc","url":"https:\/\/miumjau.ee\/","logo":{"@type":"ImageObject","inLanguage":"lv-LV","@id":"https:\/\/miumjau.ee\/#\/schema\/logo\/image\/","url":"https:\/\/miumjau.ee\/wp-content\/uploads\/2022\/04\/MiuMjau-logo-kollane.png","contentUrl":"https:\/\/miumjau.ee\/wp-content\/uploads\/2022\/04\/MiuMjau-logo-kollane.png","width":219,"height":100,"caption":"MiuMjau O\u00dc"},"image":{"@id":"https:\/\/miumjau.ee\/#\/schema\/logo\/image\/"},"sameAs":["https:\/\/www.facebook.com\/miumjaupood\/"]}]}},"_links":{"self":[{"href":"https:\/\/miumjau.ee\/lv\/wp-json\/wp\/v2\/product\/44863","targetHints":{"allow":["GET"]}}],"collection":[{"href":"https:\/\/miumjau.ee\/lv\/wp-json\/wp\/v2\/product"}],"about":[{"href":"https:\/\/miumjau.ee\/lv\/wp-json\/wp\/v2\/types\/product"}],"wp:featuredmedia":[{"embeddable":true,"href":"https:\/\/miumjau.ee\/lv\/wp-json\/wp\/v2\/media\/44864"}],"wp:attachment":[{"href":"https:\/\/miumjau.ee\/lv\/wp-json\/wp\/v2\/media?parent=44863"}],"wp:term":[{"taxonomy":"product_brand","embeddable":true,"href":"https:\/\/miumjau.ee\/lv\/wp-json\/wp\/v2\/product_brand?post=44863"},{"taxonomy":"product_cat","embeddable":true,"href":"https:\/\/miumjau.ee\/lv\/wp-json\/wp\/v2\/product_cat?post=44863"},{"taxonomy":"product_tag","embeddable":true,"href":"https:\/\/miumjau.ee\/lv\/wp-json\/wp\/v2\/product_tag?post=44863"}],"curies":[{"name":"wp","href":"https:\/\/api.w.org\/{rel}","templated":true}]}}