{"id":44852,"date":"2025-04-21T11:37:27","date_gmt":"2025-04-21T08:37:27","guid":{"rendered":"https:\/\/miumjau.ee\/toode\/kaku-pavadinas-pavadina-zala-dzeltena-xs-2-3-kg\/"},"modified":"2026-01-07T21:25:47","modified_gmt":"2026-01-07T19:25:47","slug":"kaku-pavadinas-pavadina-zala-dzeltena-xs-2-3-kg","status":"publish","type":"product","link":"https:\/\/miumjau.ee\/lv\/produkts\/kaku-pavadinas-pavadina-zala-dzeltena-xs-2-3-kg\/","title":{"rendered":"Ka\u0137u pavadi\u0146as + pavadi\u0146a, za\u013ca\/dzeltena XS (2-3 kg)"},"content":{"rendered":"","protected":false},"excerpt":{"rendered":"<p data-start=\"133\" data-end=\"459\">Ja j\u016bs esat viens no tiem lieliskajiem cilv\u0113kiem, kas reiz\u0113m ved savu istabas ka\u0137i dro\u0161\u0101 pastaig\u0101 vai ce\u013cojum\u0101, m\u0113s iesak\u0101m ieg\u0101d\u0101ties \u0113rtas un elpojo\u0161as ka\u0137u pavadi\u0146as, kas nerada ierobe\u017eojo\u0161u saj\u016btu un patie\u0161\u0101m ir \u0113rtas. Viegli uzvilkt. Komplekt\u0101 ietilpst pavadi\u0146a. Piez\u012bme: kakla siksna nav iek\u013cauta (att\u0113ls ilustrat\u012bvs).<\/p>\n<p data-start=\"461\" data-end=\"535\">Pavadi\u0146as pa\u0161as ir \u013coti m\u012b\u013cas un stil\u012bgas! Patiesi pievilc\u012bgs aksesu\u0101rs!<\/p>\n<p data-start=\"537\" data-end=\"584\"><strong data-start=\"537\" data-end=\"548\">Izm\u0113rs:<\/strong> XS (skatiet izm\u0113ru tabulu att\u0113l\u0101)<\/p>\n","protected":false},"featured_media":44853,"template":"","meta":[],"product_brand":[],"product_cat":[561],"product_tag":[],"class_list":{"0":"post-44852","1":"product","2":"type-product","3":"status-publish","4":"has-post-thumbnail","6":"product_cat-pavadas-un-kaklasiksnas","8":"first","9":"instock","10":"taxable","11":"shipping-taxable","12":"purchasable","13":"product-type-simple"},"yoast_head":"<!-- This site is optimized with the Yoast SEO plugin v27.2 - https:\/\/yoast.com\/product\/yoast-seo-wordpress\/ -->\n<title>Ka\u0137u pavadi\u0146as + pavadi\u0146a, za\u013ca\/dzeltena XS (2-3 kg) - MiuMjau<\/title>\n<meta name=\"robots\" content=\"index, follow, max-snippet:-1, max-image-preview:large, max-video-preview:-1\" \/>\n<link rel=\"canonical\" href=\"https:\/\/miumjau.ee\/lv\/produkts\/kaku-pavadinas-pavadina-zala-dzeltena-xs-2-3-kg\/\" \/>\n<meta property=\"og:locale\" content=\"lv_LV\" \/>\n<meta property=\"og:type\" content=\"article\" \/>\n<meta property=\"og:title\" content=\"Ka\u0137u pavadi\u0146as + pavadi\u0146a, za\u013ca\/dzeltena XS (2-3 kg) - MiuMjau\" \/>\n<meta property=\"og:description\" content=\"Ja j\u016bs esat viens no tiem lieliskajiem cilv\u0113kiem, kas reiz\u0113m ved savu istabas ka\u0137i dro\u0161\u0101 pastaig\u0101 vai ce\u013cojum\u0101, m\u0113s iesak\u0101m ieg\u0101d\u0101ties \u0113rtas un elpojo\u0161as ka\u0137u pavadi\u0146as, kas nerada ierobe\u017eojo\u0161u saj\u016btu un patie\u0161\u0101m ir \u0113rtas. Viegli uzvilkt. Komplekt\u0101 ietilpst pavadi\u0146a. Piez\u012bme: kakla siksna nav iek\u013cauta (att\u0113ls ilustrat\u012bvs). Pavadi\u0146as pa\u0161as ir \u013coti m\u012b\u013cas un stil\u012bgas! Patiesi pievilc\u012bgs aksesu\u0101rs! Izm\u0113rs: XS (skatiet izm\u0113ru tabulu att\u0113l\u0101)\" \/>\n<meta property=\"og:url\" content=\"https:\/\/miumjau.ee\/lv\/produkts\/kaku-pavadinas-pavadina-zala-dzeltena-xs-2-3-kg\/\" \/>\n<meta property=\"og:site_name\" content=\"MiuMjau\" \/>\n<meta property=\"article:publisher\" content=\"https:\/\/www.facebook.com\/miumjaupood\/\" \/>\n<meta property=\"article:modified_time\" content=\"2026-01-07T19:25:47+00:00\" \/>\n<meta property=\"og:image\" content=\"https:\/\/miumjau.ee\/wp-content\/uploads\/2025\/04\/kassi-traksid-duomm-stiilsed4.jpg\" \/>\n\t<meta property=\"og:image:width\" content=\"600\" \/>\n\t<meta property=\"og:image:height\" content=\"800\" \/>\n\t<meta property=\"og:image:type\" content=\"image\/jpeg\" \/>\n<meta name=\"twitter:card\" content=\"summary_large_image\" \/>\n<script type=\"application\/ld+json\" class=\"yoast-schema-graph\">{\"@context\":\"https:\/\/schema.org\",\"@graph\":[{\"@type\":\"WebPage\",\"@id\":\"https:\/\/miumjau.ee\/lv\/produkts\/kaku-pavadinas-pavadina-zala-dzeltena-xs-2-3-kg\/\",\"url\":\"https:\/\/miumjau.ee\/lv\/produkts\/kaku-pavadinas-pavadina-zala-dzeltena-xs-2-3-kg\/\",\"name\":\"Ka\u0137u pavadi\u0146as + pavadi\u0146a, za\u013ca\/dzeltena XS (2-3 kg) - MiuMjau\",\"isPartOf\":{\"@id\":\"https:\/\/miumjau.ee\/#website\"},\"primaryImageOfPage\":{\"@id\":\"https:\/\/miumjau.ee\/lv\/produkts\/kaku-pavadinas-pavadina-zala-dzeltena-xs-2-3-kg\/#primaryimage\"},\"image\":{\"@id\":\"https:\/\/miumjau.ee\/lv\/produkts\/kaku-pavadinas-pavadina-zala-dzeltena-xs-2-3-kg\/#primaryimage\"},\"thumbnailUrl\":\"https:\/\/miumjau.ee\/wp-content\/uploads\/2025\/04\/kassi-traksid-duomm-stiilsed4.jpg\",\"datePublished\":\"2025-04-21T08:37:27+00:00\",\"dateModified\":\"2026-01-07T19:25:47+00:00\",\"breadcrumb\":{\"@id\":\"https:\/\/miumjau.ee\/lv\/produkts\/kaku-pavadinas-pavadina-zala-dzeltena-xs-2-3-kg\/#breadcrumb\"},\"inLanguage\":\"lv-LV\",\"potentialAction\":[{\"@type\":\"ReadAction\",\"target\":[\"https:\/\/miumjau.ee\/lv\/produkts\/kaku-pavadinas-pavadina-zala-dzeltena-xs-2-3-kg\/\"]}]},{\"@type\":\"ImageObject\",\"inLanguage\":\"lv-LV\",\"@id\":\"https:\/\/miumjau.ee\/lv\/produkts\/kaku-pavadinas-pavadina-zala-dzeltena-xs-2-3-kg\/#primaryimage\",\"url\":\"https:\/\/miumjau.ee\/wp-content\/uploads\/2025\/04\/kassi-traksid-duomm-stiilsed4.jpg\",\"contentUrl\":\"https:\/\/miumjau.ee\/wp-content\/uploads\/2025\/04\/kassi-traksid-duomm-stiilsed4.jpg\",\"width\":600,\"height\":800},{\"@type\":\"BreadcrumbList\",\"@id\":\"https:\/\/miumjau.ee\/lv\/produkts\/kaku-pavadinas-pavadina-zala-dzeltena-xs-2-3-kg\/#breadcrumb\",\"itemListElement\":[{\"@type\":\"ListItem\",\"position\":1,\"name\":\"Home\",\"item\":\"https:\/\/miumjau.ee\/lv\/\"},{\"@type\":\"ListItem\",\"position\":2,\"name\":\"Veikals\",\"item\":\"https:\/\/miumjau.ee\/lv\/veikals\/\"},{\"@type\":\"ListItem\",\"position\":3,\"name\":\"Ka\u0137u pavadi\u0146as + pavadi\u0146a, za\u013ca\/dzeltena XS (2-3 kg)\"}]},{\"@type\":\"WebSite\",\"@id\":\"https:\/\/miumjau.ee\/#website\",\"url\":\"https:\/\/miumjau.ee\/\",\"name\":\"MiuMjau\",\"description\":\"Kraapimispuud kassidele\",\"publisher\":{\"@id\":\"https:\/\/miumjau.ee\/#organization\"},\"potentialAction\":[{\"@type\":\"SearchAction\",\"target\":{\"@type\":\"EntryPoint\",\"urlTemplate\":\"https:\/\/miumjau.ee\/?s={search_term_string}\"},\"query-input\":{\"@type\":\"PropertyValueSpecification\",\"valueRequired\":true,\"valueName\":\"search_term_string\"}}],\"inLanguage\":\"lv-LV\"},{\"@type\":\"Organization\",\"@id\":\"https:\/\/miumjau.ee\/#organization\",\"name\":\"MiuMjau O\u00dc\",\"url\":\"https:\/\/miumjau.ee\/\",\"logo\":{\"@type\":\"ImageObject\",\"inLanguage\":\"lv-LV\",\"@id\":\"https:\/\/miumjau.ee\/#\/schema\/logo\/image\/\",\"url\":\"https:\/\/miumjau.ee\/wp-content\/uploads\/2022\/04\/MiuMjau-logo-kollane.png\",\"contentUrl\":\"https:\/\/miumjau.ee\/wp-content\/uploads\/2022\/04\/MiuMjau-logo-kollane.png\",\"width\":219,\"height\":100,\"caption\":\"MiuMjau O\u00dc\"},\"image\":{\"@id\":\"https:\/\/miumjau.ee\/#\/schema\/logo\/image\/\"},\"sameAs\":[\"https:\/\/www.facebook.com\/miumjaupood\/\"]}]}<\/script>\n<!-- \/ Yoast SEO plugin. -->","yoast_head_json":{"title":"Ka\u0137u pavadi\u0146as + pavadi\u0146a, za\u013ca\/dzeltena XS (2-3 kg) - MiuMjau","robots":{"index":"index","follow":"follow","max-snippet":"max-snippet:-1","max-image-preview":"max-image-preview:large","max-video-preview":"max-video-preview:-1"},"canonical":"https:\/\/miumjau.ee\/lv\/produkts\/kaku-pavadinas-pavadina-zala-dzeltena-xs-2-3-kg\/","og_locale":"lv_LV","og_type":"article","og_title":"Ka\u0137u pavadi\u0146as + pavadi\u0146a, za\u013ca\/dzeltena XS (2-3 kg) - MiuMjau","og_description":"Ja j\u016bs esat viens no tiem lieliskajiem cilv\u0113kiem, kas reiz\u0113m ved savu istabas ka\u0137i dro\u0161\u0101 pastaig\u0101 vai ce\u013cojum\u0101, m\u0113s iesak\u0101m ieg\u0101d\u0101ties \u0113rtas un elpojo\u0161as ka\u0137u pavadi\u0146as, kas nerada ierobe\u017eojo\u0161u saj\u016btu un patie\u0161\u0101m ir \u0113rtas. Viegli uzvilkt. Komplekt\u0101 ietilpst pavadi\u0146a. Piez\u012bme: kakla siksna nav iek\u013cauta (att\u0113ls ilustrat\u012bvs). Pavadi\u0146as pa\u0161as ir \u013coti m\u012b\u013cas un stil\u012bgas! Patiesi pievilc\u012bgs aksesu\u0101rs! Izm\u0113rs: XS (skatiet izm\u0113ru tabulu att\u0113l\u0101)","og_url":"https:\/\/miumjau.ee\/lv\/produkts\/kaku-pavadinas-pavadina-zala-dzeltena-xs-2-3-kg\/","og_site_name":"MiuMjau","article_publisher":"https:\/\/www.facebook.com\/miumjaupood\/","article_modified_time":"2026-01-07T19:25:47+00:00","og_image":[{"width":600,"height":800,"url":"https:\/\/miumjau.ee\/wp-content\/uploads\/2025\/04\/kassi-traksid-duomm-stiilsed4.jpg","type":"image\/jpeg"}],"twitter_card":"summary_large_image","schema":{"@context":"https:\/\/schema.org","@graph":[{"@type":"WebPage","@id":"https:\/\/miumjau.ee\/lv\/produkts\/kaku-pavadinas-pavadina-zala-dzeltena-xs-2-3-kg\/","url":"https:\/\/miumjau.ee\/lv\/produkts\/kaku-pavadinas-pavadina-zala-dzeltena-xs-2-3-kg\/","name":"Ka\u0137u pavadi\u0146as + pavadi\u0146a, za\u013ca\/dzeltena XS (2-3 kg) - MiuMjau","isPartOf":{"@id":"https:\/\/miumjau.ee\/#website"},"primaryImageOfPage":{"@id":"https:\/\/miumjau.ee\/lv\/produkts\/kaku-pavadinas-pavadina-zala-dzeltena-xs-2-3-kg\/#primaryimage"},"image":{"@id":"https:\/\/miumjau.ee\/lv\/produkts\/kaku-pavadinas-pavadina-zala-dzeltena-xs-2-3-kg\/#primaryimage"},"thumbnailUrl":"https:\/\/miumjau.ee\/wp-content\/uploads\/2025\/04\/kassi-traksid-duomm-stiilsed4.jpg","datePublished":"2025-04-21T08:37:27+00:00","dateModified":"2026-01-07T19:25:47+00:00","breadcrumb":{"@id":"https:\/\/miumjau.ee\/lv\/produkts\/kaku-pavadinas-pavadina-zala-dzeltena-xs-2-3-kg\/#breadcrumb"},"inLanguage":"lv-LV","potentialAction":[{"@type":"ReadAction","target":["https:\/\/miumjau.ee\/lv\/produkts\/kaku-pavadinas-pavadina-zala-dzeltena-xs-2-3-kg\/"]}]},{"@type":"ImageObject","inLanguage":"lv-LV","@id":"https:\/\/miumjau.ee\/lv\/produkts\/kaku-pavadinas-pavadina-zala-dzeltena-xs-2-3-kg\/#primaryimage","url":"https:\/\/miumjau.ee\/wp-content\/uploads\/2025\/04\/kassi-traksid-duomm-stiilsed4.jpg","contentUrl":"https:\/\/miumjau.ee\/wp-content\/uploads\/2025\/04\/kassi-traksid-duomm-stiilsed4.jpg","width":600,"height":800},{"@type":"BreadcrumbList","@id":"https:\/\/miumjau.ee\/lv\/produkts\/kaku-pavadinas-pavadina-zala-dzeltena-xs-2-3-kg\/#breadcrumb","itemListElement":[{"@type":"ListItem","position":1,"name":"Home","item":"https:\/\/miumjau.ee\/lv\/"},{"@type":"ListItem","position":2,"name":"Veikals","item":"https:\/\/miumjau.ee\/lv\/veikals\/"},{"@type":"ListItem","position":3,"name":"Ka\u0137u pavadi\u0146as + pavadi\u0146a, za\u013ca\/dzeltena XS (2-3 kg)"}]},{"@type":"WebSite","@id":"https:\/\/miumjau.ee\/#website","url":"https:\/\/miumjau.ee\/","name":"MiuMjau","description":"Kraapimispuud kassidele","publisher":{"@id":"https:\/\/miumjau.ee\/#organization"},"potentialAction":[{"@type":"SearchAction","target":{"@type":"EntryPoint","urlTemplate":"https:\/\/miumjau.ee\/?s={search_term_string}"},"query-input":{"@type":"PropertyValueSpecification","valueRequired":true,"valueName":"search_term_string"}}],"inLanguage":"lv-LV"},{"@type":"Organization","@id":"https:\/\/miumjau.ee\/#organization","name":"MiuMjau O\u00dc","url":"https:\/\/miumjau.ee\/","logo":{"@type":"ImageObject","inLanguage":"lv-LV","@id":"https:\/\/miumjau.ee\/#\/schema\/logo\/image\/","url":"https:\/\/miumjau.ee\/wp-content\/uploads\/2022\/04\/MiuMjau-logo-kollane.png","contentUrl":"https:\/\/miumjau.ee\/wp-content\/uploads\/2022\/04\/MiuMjau-logo-kollane.png","width":219,"height":100,"caption":"MiuMjau O\u00dc"},"image":{"@id":"https:\/\/miumjau.ee\/#\/schema\/logo\/image\/"},"sameAs":["https:\/\/www.facebook.com\/miumjaupood\/"]}]}},"_links":{"self":[{"href":"https:\/\/miumjau.ee\/lv\/wp-json\/wp\/v2\/product\/44852","targetHints":{"allow":["GET"]}}],"collection":[{"href":"https:\/\/miumjau.ee\/lv\/wp-json\/wp\/v2\/product"}],"about":[{"href":"https:\/\/miumjau.ee\/lv\/wp-json\/wp\/v2\/types\/product"}],"wp:featuredmedia":[{"embeddable":true,"href":"https:\/\/miumjau.ee\/lv\/wp-json\/wp\/v2\/media\/44853"}],"wp:attachment":[{"href":"https:\/\/miumjau.ee\/lv\/wp-json\/wp\/v2\/media?parent=44852"}],"wp:term":[{"taxonomy":"product_brand","embeddable":true,"href":"https:\/\/miumjau.ee\/lv\/wp-json\/wp\/v2\/product_brand?post=44852"},{"taxonomy":"product_cat","embeddable":true,"href":"https:\/\/miumjau.ee\/lv\/wp-json\/wp\/v2\/product_cat?post=44852"},{"taxonomy":"product_tag","embeddable":true,"href":"https:\/\/miumjau.ee\/lv\/wp-json\/wp\/v2\/product_tag?post=44852"}],"curies":[{"name":"wp","href":"https:\/\/api.w.org\/{rel}","templated":true}]}}