{"id":44835,"date":"2024-12-20T10:51:47","date_gmt":"2024-12-20T08:51:47","guid":{"rendered":"https:\/\/miumjau.ee\/toode\/karajamais-supultikls-gulvietai-petrebels-sleeper-xl-48-cm-cappuccino\/"},"modified":"2026-01-07T21:25:47","modified_gmt":"2026-01-07T19:25:47","slug":"karajamais-supultikls-gulvietai-petrebels-sleeper-xl-48-cm-cappuccino","status":"publish","type":"product","link":"https:\/\/miumjau.ee\/lv\/produkts\/karajamais-supultikls-gulvietai-petrebels-sleeper-xl-48-cm-cappuccino\/","title":{"rendered":"Kar\u0101jamais \u0161\u016bpu\u013ct\u012bkls gu\u013cvietai Petrebels Sleeper XL 48 cm, cappuccino"},"content":{"rendered":"","protected":false},"excerpt":{"rendered":"<p data-start=\"151\" data-end=\"194\"><strong data-start=\"151\" data-end=\"194\">XL \u0161\u016bpu\u013ct\u012bkls smagiem un lieliem ka\u0137iem<\/strong><\/p>\n<p data-start=\"196\" data-end=\"593\">Vai dz\u012bvojat kop\u0101 ar lielu ka\u0137i vai lielas \u0161\u0137irnes ka\u0137i? Maine Coon, Norv\u0113\u0123u me\u017eac\u016bka vai Ragdoll? Tad j\u016bsu rota\u013c\u012bgajam draugam ir nepiecie\u0161ami iztur\u012bgi materi\u0101li un vieta, kur gul\u0113t.<br data-start=\"379\" data-end=\"382\" \/>M\u016bsu XL Sleeper \u0161\u016bpu\u013ct\u012bkls ar ZIP ir \u012bpa\u0161i pla\u0161s, un ultra-m\u012bksts pl\u012b\u0161a audums ir v\u012bsts, atbalstot l\u012bdz pat 25 kg smagus ka\u0137us. Izmantojiet to k\u0101 lielisku papildin\u0101jumu skr\u0101p\u0113\u0161anas kokam vai eso\u0161o da\u013cu nomai\u0146ai.<\/p>\n<p data-start=\"595\" data-end=\"902\"><strong data-start=\"595\" data-end=\"606\">Izm\u0113ri:<\/strong> \u00f8 48 cm<br data-start=\"614\" data-end=\"617\" \/>Ide\u0101li piem\u0113rots lieliem ka\u0137iem, bet piem\u0113rots ar\u012b maz\u0101kiem!<br data-start=\"677\" data-end=\"680\" \/>Ar r\u0101v\u0113jsl\u0113dz\u0113ju, mazg\u0101jams ve\u013cas ma\u0161\u012bn\u0101 30\u00b0C<br data-start=\"725\" data-end=\"728\" \/>Piem\u0113rots lieto\u0161anai ar skr\u0101p\u0113\u0161anas stabiem \u00f8 12 cm, \u00f8 15 cm un \u00f8 20 cm<br data-start=\"799\" data-end=\"802\" \/><strong data-start=\"802\" data-end=\"813\">Padoms:<\/strong> \u0145emiet v\u0113r\u0101, ka met\u0101la r\u0101mja biezuma d\u0113\u013c skr\u0101p\u0113\u0161anas koks var nest\u0101v\u0113t piln\u012bgi taisni.<\/p>\n","protected":false},"featured_media":44836,"template":"","meta":[],"product_brand":[],"product_cat":[591],"product_tag":[],"class_list":{"0":"post-44835","1":"product","2":"type-product","3":"status-publish","4":"has-post-thumbnail","6":"product_cat-rezerves-dalas","7":"product_shipping_class-pakiautomaati-sobimatu-lv","9":"first","10":"instock","11":"taxable","12":"shipping-taxable","13":"purchasable","14":"product-type-simple"},"yoast_head":"<!-- This site is optimized with the Yoast SEO plugin v27.2 - https:\/\/yoast.com\/product\/yoast-seo-wordpress\/ -->\n<title>Kar\u0101jamais \u0161\u016bpu\u013ct\u012bkls gu\u013cvietai Petrebels Sleeper XL 48 cm, cappuccino - MiuMjau<\/title>\n<meta name=\"robots\" content=\"index, follow, max-snippet:-1, max-image-preview:large, max-video-preview:-1\" \/>\n<link rel=\"canonical\" href=\"https:\/\/miumjau.ee\/lv\/produkts\/karajamais-supultikls-gulvietai-petrebels-sleeper-xl-48-cm-cappuccino\/\" \/>\n<meta property=\"og:locale\" content=\"lv_LV\" \/>\n<meta property=\"og:type\" content=\"article\" \/>\n<meta property=\"og:title\" content=\"Kar\u0101jamais \u0161\u016bpu\u013ct\u012bkls gu\u013cvietai Petrebels Sleeper XL 48 cm, cappuccino - MiuMjau\" \/>\n<meta property=\"og:description\" content=\"XL \u0161\u016bpu\u013ct\u012bkls smagiem un lieliem ka\u0137iem Vai dz\u012bvojat kop\u0101 ar lielu ka\u0137i vai lielas \u0161\u0137irnes ka\u0137i? Maine Coon, Norv\u0113\u0123u me\u017eac\u016bka vai Ragdoll? Tad j\u016bsu rota\u013c\u012bgajam draugam ir nepiecie\u0161ami iztur\u012bgi materi\u0101li un vieta, kur gul\u0113t.M\u016bsu XL Sleeper \u0161\u016bpu\u013ct\u012bkls ar ZIP ir \u012bpa\u0161i pla\u0161s, un ultra-m\u012bksts pl\u012b\u0161a audums ir v\u012bsts, atbalstot l\u012bdz pat 25 kg smagus ka\u0137us. Izmantojiet to k\u0101 lielisku papildin\u0101jumu skr\u0101p\u0113\u0161anas kokam vai eso\u0161o da\u013cu nomai\u0146ai. Izm\u0113ri: \u00f8 48 cmIde\u0101li piem\u0113rots lieliem ka\u0137iem, bet piem\u0113rots ar\u012b maz\u0101kiem!Ar r\u0101v\u0113jsl\u0113dz\u0113ju, mazg\u0101jams ve\u013cas ma\u0161\u012bn\u0101 30\u00b0CPiem\u0113rots lieto\u0161anai ar skr\u0101p\u0113\u0161anas stabiem \u00f8 12 cm, \u00f8 15 cm un \u00f8 20 cmPadoms: \u0145emiet v\u0113r\u0101, ka met\u0101la r\u0101mja biezuma d\u0113\u013c skr\u0101p\u0113\u0161anas koks var nest\u0101v\u0113t piln\u012bgi taisni.\" \/>\n<meta property=\"og:url\" content=\"https:\/\/miumjau.ee\/lv\/produkts\/karajamais-supultikls-gulvietai-petrebels-sleeper-xl-48-cm-cappuccino\/\" \/>\n<meta property=\"og:site_name\" content=\"MiuMjau\" \/>\n<meta property=\"article:publisher\" content=\"https:\/\/www.facebook.com\/miumjaupood\/\" \/>\n<meta property=\"article:modified_time\" content=\"2026-01-07T19:25:47+00:00\" \/>\n<meta property=\"og:image\" content=\"https:\/\/miumjau.ee\/wp-content\/uploads\/2024\/12\/rippkiik-petrebels-sleeper-xl-48cm6.jpg\" \/>\n\t<meta property=\"og:image:width\" content=\"600\" \/>\n\t<meta property=\"og:image:height\" content=\"800\" \/>\n\t<meta property=\"og:image:type\" content=\"image\/jpeg\" \/>\n<meta name=\"twitter:card\" content=\"summary_large_image\" \/>\n<script type=\"application\/ld+json\" class=\"yoast-schema-graph\">{\"@context\":\"https:\/\/schema.org\",\"@graph\":[{\"@type\":\"WebPage\",\"@id\":\"https:\/\/miumjau.ee\/lv\/produkts\/karajamais-supultikls-gulvietai-petrebels-sleeper-xl-48-cm-cappuccino\/\",\"url\":\"https:\/\/miumjau.ee\/lv\/produkts\/karajamais-supultikls-gulvietai-petrebels-sleeper-xl-48-cm-cappuccino\/\",\"name\":\"Kar\u0101jamais \u0161\u016bpu\u013ct\u012bkls gu\u013cvietai Petrebels Sleeper XL 48 cm, cappuccino - MiuMjau\",\"isPartOf\":{\"@id\":\"https:\/\/miumjau.ee\/#website\"},\"primaryImageOfPage\":{\"@id\":\"https:\/\/miumjau.ee\/lv\/produkts\/karajamais-supultikls-gulvietai-petrebels-sleeper-xl-48-cm-cappuccino\/#primaryimage\"},\"image\":{\"@id\":\"https:\/\/miumjau.ee\/lv\/produkts\/karajamais-supultikls-gulvietai-petrebels-sleeper-xl-48-cm-cappuccino\/#primaryimage\"},\"thumbnailUrl\":\"https:\/\/miumjau.ee\/wp-content\/uploads\/2024\/12\/rippkiik-petrebels-sleeper-xl-48cm6.jpg\",\"datePublished\":\"2024-12-20T08:51:47+00:00\",\"dateModified\":\"2026-01-07T19:25:47+00:00\",\"breadcrumb\":{\"@id\":\"https:\/\/miumjau.ee\/lv\/produkts\/karajamais-supultikls-gulvietai-petrebels-sleeper-xl-48-cm-cappuccino\/#breadcrumb\"},\"inLanguage\":\"lv-LV\",\"potentialAction\":[{\"@type\":\"ReadAction\",\"target\":[\"https:\/\/miumjau.ee\/lv\/produkts\/karajamais-supultikls-gulvietai-petrebels-sleeper-xl-48-cm-cappuccino\/\"]}]},{\"@type\":\"ImageObject\",\"inLanguage\":\"lv-LV\",\"@id\":\"https:\/\/miumjau.ee\/lv\/produkts\/karajamais-supultikls-gulvietai-petrebels-sleeper-xl-48-cm-cappuccino\/#primaryimage\",\"url\":\"https:\/\/miumjau.ee\/wp-content\/uploads\/2024\/12\/rippkiik-petrebels-sleeper-xl-48cm6.jpg\",\"contentUrl\":\"https:\/\/miumjau.ee\/wp-content\/uploads\/2024\/12\/rippkiik-petrebels-sleeper-xl-48cm6.jpg\",\"width\":600,\"height\":800},{\"@type\":\"BreadcrumbList\",\"@id\":\"https:\/\/miumjau.ee\/lv\/produkts\/karajamais-supultikls-gulvietai-petrebels-sleeper-xl-48-cm-cappuccino\/#breadcrumb\",\"itemListElement\":[{\"@type\":\"ListItem\",\"position\":1,\"name\":\"Home\",\"item\":\"https:\/\/miumjau.ee\/lv\/\"},{\"@type\":\"ListItem\",\"position\":2,\"name\":\"Veikals\",\"item\":\"https:\/\/miumjau.ee\/lv\/veikals\/\"},{\"@type\":\"ListItem\",\"position\":3,\"name\":\"Kar\u0101jamais \u0161\u016bpu\u013ct\u012bkls gu\u013cvietai Petrebels Sleeper XL 48 cm, cappuccino\"}]},{\"@type\":\"WebSite\",\"@id\":\"https:\/\/miumjau.ee\/#website\",\"url\":\"https:\/\/miumjau.ee\/\",\"name\":\"MiuMjau\",\"description\":\"Kraapimispuud kassidele\",\"publisher\":{\"@id\":\"https:\/\/miumjau.ee\/#organization\"},\"potentialAction\":[{\"@type\":\"SearchAction\",\"target\":{\"@type\":\"EntryPoint\",\"urlTemplate\":\"https:\/\/miumjau.ee\/?s={search_term_string}\"},\"query-input\":{\"@type\":\"PropertyValueSpecification\",\"valueRequired\":true,\"valueName\":\"search_term_string\"}}],\"inLanguage\":\"lv-LV\"},{\"@type\":\"Organization\",\"@id\":\"https:\/\/miumjau.ee\/#organization\",\"name\":\"MiuMjau O\u00dc\",\"url\":\"https:\/\/miumjau.ee\/\",\"logo\":{\"@type\":\"ImageObject\",\"inLanguage\":\"lv-LV\",\"@id\":\"https:\/\/miumjau.ee\/#\/schema\/logo\/image\/\",\"url\":\"https:\/\/miumjau.ee\/wp-content\/uploads\/2022\/04\/MiuMjau-logo-kollane.png\",\"contentUrl\":\"https:\/\/miumjau.ee\/wp-content\/uploads\/2022\/04\/MiuMjau-logo-kollane.png\",\"width\":219,\"height\":100,\"caption\":\"MiuMjau O\u00dc\"},\"image\":{\"@id\":\"https:\/\/miumjau.ee\/#\/schema\/logo\/image\/\"},\"sameAs\":[\"https:\/\/www.facebook.com\/miumjaupood\/\"]}]}<\/script>\n<!-- \/ Yoast SEO plugin. -->","yoast_head_json":{"title":"Kar\u0101jamais \u0161\u016bpu\u013ct\u012bkls gu\u013cvietai Petrebels Sleeper XL 48 cm, cappuccino - MiuMjau","robots":{"index":"index","follow":"follow","max-snippet":"max-snippet:-1","max-image-preview":"max-image-preview:large","max-video-preview":"max-video-preview:-1"},"canonical":"https:\/\/miumjau.ee\/lv\/produkts\/karajamais-supultikls-gulvietai-petrebels-sleeper-xl-48-cm-cappuccino\/","og_locale":"lv_LV","og_type":"article","og_title":"Kar\u0101jamais \u0161\u016bpu\u013ct\u012bkls gu\u013cvietai Petrebels Sleeper XL 48 cm, cappuccino - MiuMjau","og_description":"XL \u0161\u016bpu\u013ct\u012bkls smagiem un lieliem ka\u0137iem Vai dz\u012bvojat kop\u0101 ar lielu ka\u0137i vai lielas \u0161\u0137irnes ka\u0137i? Maine Coon, Norv\u0113\u0123u me\u017eac\u016bka vai Ragdoll? Tad j\u016bsu rota\u013c\u012bgajam draugam ir nepiecie\u0161ami iztur\u012bgi materi\u0101li un vieta, kur gul\u0113t.M\u016bsu XL Sleeper \u0161\u016bpu\u013ct\u012bkls ar ZIP ir \u012bpa\u0161i pla\u0161s, un ultra-m\u012bksts pl\u012b\u0161a audums ir v\u012bsts, atbalstot l\u012bdz pat 25 kg smagus ka\u0137us. Izmantojiet to k\u0101 lielisku papildin\u0101jumu skr\u0101p\u0113\u0161anas kokam vai eso\u0161o da\u013cu nomai\u0146ai. Izm\u0113ri: \u00f8 48 cmIde\u0101li piem\u0113rots lieliem ka\u0137iem, bet piem\u0113rots ar\u012b maz\u0101kiem!Ar r\u0101v\u0113jsl\u0113dz\u0113ju, mazg\u0101jams ve\u013cas ma\u0161\u012bn\u0101 30\u00b0CPiem\u0113rots lieto\u0161anai ar skr\u0101p\u0113\u0161anas stabiem \u00f8 12 cm, \u00f8 15 cm un \u00f8 20 cmPadoms: \u0145emiet v\u0113r\u0101, ka met\u0101la r\u0101mja biezuma d\u0113\u013c skr\u0101p\u0113\u0161anas koks var nest\u0101v\u0113t piln\u012bgi taisni.","og_url":"https:\/\/miumjau.ee\/lv\/produkts\/karajamais-supultikls-gulvietai-petrebels-sleeper-xl-48-cm-cappuccino\/","og_site_name":"MiuMjau","article_publisher":"https:\/\/www.facebook.com\/miumjaupood\/","article_modified_time":"2026-01-07T19:25:47+00:00","og_image":[{"width":600,"height":800,"url":"https:\/\/miumjau.ee\/wp-content\/uploads\/2024\/12\/rippkiik-petrebels-sleeper-xl-48cm6.jpg","type":"image\/jpeg"}],"twitter_card":"summary_large_image","schema":{"@context":"https:\/\/schema.org","@graph":[{"@type":"WebPage","@id":"https:\/\/miumjau.ee\/lv\/produkts\/karajamais-supultikls-gulvietai-petrebels-sleeper-xl-48-cm-cappuccino\/","url":"https:\/\/miumjau.ee\/lv\/produkts\/karajamais-supultikls-gulvietai-petrebels-sleeper-xl-48-cm-cappuccino\/","name":"Kar\u0101jamais \u0161\u016bpu\u013ct\u012bkls gu\u013cvietai Petrebels Sleeper XL 48 cm, cappuccino - MiuMjau","isPartOf":{"@id":"https:\/\/miumjau.ee\/#website"},"primaryImageOfPage":{"@id":"https:\/\/miumjau.ee\/lv\/produkts\/karajamais-supultikls-gulvietai-petrebels-sleeper-xl-48-cm-cappuccino\/#primaryimage"},"image":{"@id":"https:\/\/miumjau.ee\/lv\/produkts\/karajamais-supultikls-gulvietai-petrebels-sleeper-xl-48-cm-cappuccino\/#primaryimage"},"thumbnailUrl":"https:\/\/miumjau.ee\/wp-content\/uploads\/2024\/12\/rippkiik-petrebels-sleeper-xl-48cm6.jpg","datePublished":"2024-12-20T08:51:47+00:00","dateModified":"2026-01-07T19:25:47+00:00","breadcrumb":{"@id":"https:\/\/miumjau.ee\/lv\/produkts\/karajamais-supultikls-gulvietai-petrebels-sleeper-xl-48-cm-cappuccino\/#breadcrumb"},"inLanguage":"lv-LV","potentialAction":[{"@type":"ReadAction","target":["https:\/\/miumjau.ee\/lv\/produkts\/karajamais-supultikls-gulvietai-petrebels-sleeper-xl-48-cm-cappuccino\/"]}]},{"@type":"ImageObject","inLanguage":"lv-LV","@id":"https:\/\/miumjau.ee\/lv\/produkts\/karajamais-supultikls-gulvietai-petrebels-sleeper-xl-48-cm-cappuccino\/#primaryimage","url":"https:\/\/miumjau.ee\/wp-content\/uploads\/2024\/12\/rippkiik-petrebels-sleeper-xl-48cm6.jpg","contentUrl":"https:\/\/miumjau.ee\/wp-content\/uploads\/2024\/12\/rippkiik-petrebels-sleeper-xl-48cm6.jpg","width":600,"height":800},{"@type":"BreadcrumbList","@id":"https:\/\/miumjau.ee\/lv\/produkts\/karajamais-supultikls-gulvietai-petrebels-sleeper-xl-48-cm-cappuccino\/#breadcrumb","itemListElement":[{"@type":"ListItem","position":1,"name":"Home","item":"https:\/\/miumjau.ee\/lv\/"},{"@type":"ListItem","position":2,"name":"Veikals","item":"https:\/\/miumjau.ee\/lv\/veikals\/"},{"@type":"ListItem","position":3,"name":"Kar\u0101jamais \u0161\u016bpu\u013ct\u012bkls gu\u013cvietai Petrebels Sleeper XL 48 cm, cappuccino"}]},{"@type":"WebSite","@id":"https:\/\/miumjau.ee\/#website","url":"https:\/\/miumjau.ee\/","name":"MiuMjau","description":"Kraapimispuud kassidele","publisher":{"@id":"https:\/\/miumjau.ee\/#organization"},"potentialAction":[{"@type":"SearchAction","target":{"@type":"EntryPoint","urlTemplate":"https:\/\/miumjau.ee\/?s={search_term_string}"},"query-input":{"@type":"PropertyValueSpecification","valueRequired":true,"valueName":"search_term_string"}}],"inLanguage":"lv-LV"},{"@type":"Organization","@id":"https:\/\/miumjau.ee\/#organization","name":"MiuMjau O\u00dc","url":"https:\/\/miumjau.ee\/","logo":{"@type":"ImageObject","inLanguage":"lv-LV","@id":"https:\/\/miumjau.ee\/#\/schema\/logo\/image\/","url":"https:\/\/miumjau.ee\/wp-content\/uploads\/2022\/04\/MiuMjau-logo-kollane.png","contentUrl":"https:\/\/miumjau.ee\/wp-content\/uploads\/2022\/04\/MiuMjau-logo-kollane.png","width":219,"height":100,"caption":"MiuMjau O\u00dc"},"image":{"@id":"https:\/\/miumjau.ee\/#\/schema\/logo\/image\/"},"sameAs":["https:\/\/www.facebook.com\/miumjaupood\/"]}]}},"_links":{"self":[{"href":"https:\/\/miumjau.ee\/lv\/wp-json\/wp\/v2\/product\/44835","targetHints":{"allow":["GET"]}}],"collection":[{"href":"https:\/\/miumjau.ee\/lv\/wp-json\/wp\/v2\/product"}],"about":[{"href":"https:\/\/miumjau.ee\/lv\/wp-json\/wp\/v2\/types\/product"}],"wp:featuredmedia":[{"embeddable":true,"href":"https:\/\/miumjau.ee\/lv\/wp-json\/wp\/v2\/media\/44836"}],"wp:attachment":[{"href":"https:\/\/miumjau.ee\/lv\/wp-json\/wp\/v2\/media?parent=44835"}],"wp:term":[{"taxonomy":"product_brand","embeddable":true,"href":"https:\/\/miumjau.ee\/lv\/wp-json\/wp\/v2\/product_brand?post=44835"},{"taxonomy":"product_cat","embeddable":true,"href":"https:\/\/miumjau.ee\/lv\/wp-json\/wp\/v2\/product_cat?post=44835"},{"taxonomy":"product_tag","embeddable":true,"href":"https:\/\/miumjau.ee\/lv\/wp-json\/wp\/v2\/product_tag?post=44835"}],"curies":[{"name":"wp","href":"https:\/\/api.w.org\/{rel}","templated":true}]}}