{"id":44825,"date":"2023-08-31T11:44:26","date_gmt":"2023-08-31T08:44:26","guid":{"rendered":"https:\/\/miumjau.ee\/toode\/petrebels-skrapesanas-paklajs-mastermat-80-melns\/"},"modified":"2026-01-07T21:25:47","modified_gmt":"2026-01-07T19:25:47","slug":"petrebels-skrapesanas-paklajs-mastermat-80-melns","status":"publish","type":"product","link":"https:\/\/miumjau.ee\/lv\/produkts\/petrebels-skrapesanas-paklajs-mastermat-80-melns\/","title":{"rendered":"Petrebels skr\u0101p\u0113\u0161anas pakl\u0101js Mastermat 80, melns"},"content":{"rendered":"","protected":false},"excerpt":{"rendered":"<p data-start=\"130\" data-end=\"260\">Skr\u0101p\u0113\u0161anas pakl\u0101js no N\u012bderlandes kvalit\u0101tes z\u012bmola PETREBELS ir augst\u0101k\u0101s kvalit\u0101tes skr\u0101p\u0113\u0161anas pakl\u0101js un ir CE sertific\u0113ts.<\/p>\n<p data-start=\"262\" data-end=\"528\">Par laimi, Mastermat ir pietiekami iztur\u012bgs, lai iztur\u0113tu daudz skr\u0101pju un ir gatavs pat \u201cliel\u0101k\u0101 t\u012b\u0123era\u201d izaicin\u0101jumam. To bie\u017ei novieto pie istabas durv\u012bm iek\u0161telp\u0101s.<br data-start=\"430\" data-end=\"433\" \/>Produkta apak\u0161da\u013ca ir nesl\u012bdo\u0161a. Pateicoties kompaktajiem izm\u0113riem, tas iederas jebkur m\u0101j\u0101s.<\/p>\n<p data-start=\"530\" data-end=\"625\"><strong data-start=\"530\" data-end=\"542\">Modelis:<\/strong> Mastermat 80<br data-start=\"555\" data-end=\"558\" \/><strong data-start=\"558\" data-end=\"568\">Kr\u0101sa:<\/strong> Melna<br data-start=\"574\" data-end=\"577\" \/><strong data-start=\"577\" data-end=\"587\">Svars:<\/strong> 1,9 kg<br data-start=\"594\" data-end=\"597\" \/><strong data-start=\"597\" data-end=\"608\">Izm\u0113ri:<\/strong> 50 x 80 x 1 cm<\/p>\n","protected":false},"featured_media":44833,"template":"","meta":[],"product_brand":[],"product_cat":[588],"product_tag":[],"class_list":{"0":"post-44825","1":"product","2":"type-product","3":"status-publish","4":"has-post-thumbnail","6":"product_cat-skrapesanas-paklaji","8":"first","9":"instock","10":"sale","11":"taxable","12":"shipping-taxable","13":"purchasable","14":"product-type-simple"},"yoast_head":"<!-- This site is optimized with the Yoast SEO plugin v27.2 - https:\/\/yoast.com\/product\/yoast-seo-wordpress\/ -->\n<title>Petrebels skr\u0101p\u0113\u0161anas pakl\u0101js Mastermat 80, melns - MiuMjau<\/title>\n<meta name=\"robots\" content=\"index, follow, max-snippet:-1, max-image-preview:large, max-video-preview:-1\" \/>\n<link rel=\"canonical\" href=\"https:\/\/miumjau.ee\/lv\/produkts\/petrebels-skrapesanas-paklajs-mastermat-80-melns\/\" \/>\n<meta property=\"og:locale\" content=\"lv_LV\" \/>\n<meta property=\"og:type\" content=\"article\" \/>\n<meta property=\"og:title\" content=\"Petrebels skr\u0101p\u0113\u0161anas pakl\u0101js Mastermat 80, melns - MiuMjau\" \/>\n<meta property=\"og:description\" content=\"Skr\u0101p\u0113\u0161anas pakl\u0101js no N\u012bderlandes kvalit\u0101tes z\u012bmola PETREBELS ir augst\u0101k\u0101s kvalit\u0101tes skr\u0101p\u0113\u0161anas pakl\u0101js un ir CE sertific\u0113ts. Par laimi, Mastermat ir pietiekami iztur\u012bgs, lai iztur\u0113tu daudz skr\u0101pju un ir gatavs pat \u201cliel\u0101k\u0101 t\u012b\u0123era\u201d izaicin\u0101jumam. To bie\u017ei novieto pie istabas durv\u012bm iek\u0161telp\u0101s.Produkta apak\u0161da\u013ca ir nesl\u012bdo\u0161a. Pateicoties kompaktajiem izm\u0113riem, tas iederas jebkur m\u0101j\u0101s. Modelis: Mastermat 80Kr\u0101sa: MelnaSvars: 1,9 kgIzm\u0113ri: 50 x 80 x 1 cm\" \/>\n<meta property=\"og:url\" content=\"https:\/\/miumjau.ee\/lv\/produkts\/petrebels-skrapesanas-paklajs-mastermat-80-melns\/\" \/>\n<meta property=\"og:site_name\" content=\"MiuMjau\" \/>\n<meta property=\"article:publisher\" content=\"https:\/\/www.facebook.com\/miumjaupood\/\" \/>\n<meta property=\"article:modified_time\" content=\"2026-01-07T19:25:47+00:00\" \/>\n<meta property=\"og:image\" content=\"https:\/\/miumjau.ee\/wp-content\/uploads\/2023\/08\/431439-Mastermat-60-2.jpg\" \/>\n\t<meta property=\"og:image:width\" content=\"600\" \/>\n\t<meta property=\"og:image:height\" content=\"800\" \/>\n\t<meta property=\"og:image:type\" content=\"image\/jpeg\" \/>\n<meta name=\"twitter:card\" content=\"summary_large_image\" \/>\n<script type=\"application\/ld+json\" class=\"yoast-schema-graph\">{\"@context\":\"https:\/\/schema.org\",\"@graph\":[{\"@type\":\"WebPage\",\"@id\":\"https:\/\/miumjau.ee\/lv\/produkts\/petrebels-skrapesanas-paklajs-mastermat-80-melns\/\",\"url\":\"https:\/\/miumjau.ee\/lv\/produkts\/petrebels-skrapesanas-paklajs-mastermat-80-melns\/\",\"name\":\"Petrebels skr\u0101p\u0113\u0161anas pakl\u0101js Mastermat 80, melns - MiuMjau\",\"isPartOf\":{\"@id\":\"https:\/\/miumjau.ee\/#website\"},\"primaryImageOfPage\":{\"@id\":\"https:\/\/miumjau.ee\/lv\/produkts\/petrebels-skrapesanas-paklajs-mastermat-80-melns\/#primaryimage\"},\"image\":{\"@id\":\"https:\/\/miumjau.ee\/lv\/produkts\/petrebels-skrapesanas-paklajs-mastermat-80-melns\/#primaryimage\"},\"thumbnailUrl\":\"https:\/\/miumjau.ee\/wp-content\/uploads\/2023\/08\/431439-Mastermat-60-2.jpg\",\"datePublished\":\"2023-08-31T08:44:26+00:00\",\"dateModified\":\"2026-01-07T19:25:47+00:00\",\"breadcrumb\":{\"@id\":\"https:\/\/miumjau.ee\/lv\/produkts\/petrebels-skrapesanas-paklajs-mastermat-80-melns\/#breadcrumb\"},\"inLanguage\":\"lv-LV\",\"potentialAction\":[{\"@type\":\"ReadAction\",\"target\":[\"https:\/\/miumjau.ee\/lv\/produkts\/petrebels-skrapesanas-paklajs-mastermat-80-melns\/\"]}]},{\"@type\":\"ImageObject\",\"inLanguage\":\"lv-LV\",\"@id\":\"https:\/\/miumjau.ee\/lv\/produkts\/petrebels-skrapesanas-paklajs-mastermat-80-melns\/#primaryimage\",\"url\":\"https:\/\/miumjau.ee\/wp-content\/uploads\/2023\/08\/431439-Mastermat-60-2.jpg\",\"contentUrl\":\"https:\/\/miumjau.ee\/wp-content\/uploads\/2023\/08\/431439-Mastermat-60-2.jpg\",\"width\":600,\"height\":800},{\"@type\":\"BreadcrumbList\",\"@id\":\"https:\/\/miumjau.ee\/lv\/produkts\/petrebels-skrapesanas-paklajs-mastermat-80-melns\/#breadcrumb\",\"itemListElement\":[{\"@type\":\"ListItem\",\"position\":1,\"name\":\"Home\",\"item\":\"https:\/\/miumjau.ee\/lv\/\"},{\"@type\":\"ListItem\",\"position\":2,\"name\":\"Veikals\",\"item\":\"https:\/\/miumjau.ee\/lv\/veikals\/\"},{\"@type\":\"ListItem\",\"position\":3,\"name\":\"Petrebels skr\u0101p\u0113\u0161anas pakl\u0101js Mastermat 80, melns\"}]},{\"@type\":\"WebSite\",\"@id\":\"https:\/\/miumjau.ee\/#website\",\"url\":\"https:\/\/miumjau.ee\/\",\"name\":\"MiuMjau\",\"description\":\"Kraapimispuud kassidele\",\"publisher\":{\"@id\":\"https:\/\/miumjau.ee\/#organization\"},\"potentialAction\":[{\"@type\":\"SearchAction\",\"target\":{\"@type\":\"EntryPoint\",\"urlTemplate\":\"https:\/\/miumjau.ee\/?s={search_term_string}\"},\"query-input\":{\"@type\":\"PropertyValueSpecification\",\"valueRequired\":true,\"valueName\":\"search_term_string\"}}],\"inLanguage\":\"lv-LV\"},{\"@type\":\"Organization\",\"@id\":\"https:\/\/miumjau.ee\/#organization\",\"name\":\"MiuMjau O\u00dc\",\"url\":\"https:\/\/miumjau.ee\/\",\"logo\":{\"@type\":\"ImageObject\",\"inLanguage\":\"lv-LV\",\"@id\":\"https:\/\/miumjau.ee\/#\/schema\/logo\/image\/\",\"url\":\"https:\/\/miumjau.ee\/wp-content\/uploads\/2022\/04\/MiuMjau-logo-kollane.png\",\"contentUrl\":\"https:\/\/miumjau.ee\/wp-content\/uploads\/2022\/04\/MiuMjau-logo-kollane.png\",\"width\":219,\"height\":100,\"caption\":\"MiuMjau O\u00dc\"},\"image\":{\"@id\":\"https:\/\/miumjau.ee\/#\/schema\/logo\/image\/\"},\"sameAs\":[\"https:\/\/www.facebook.com\/miumjaupood\/\"]}]}<\/script>\n<!-- \/ Yoast SEO plugin. -->","yoast_head_json":{"title":"Petrebels skr\u0101p\u0113\u0161anas pakl\u0101js Mastermat 80, melns - MiuMjau","robots":{"index":"index","follow":"follow","max-snippet":"max-snippet:-1","max-image-preview":"max-image-preview:large","max-video-preview":"max-video-preview:-1"},"canonical":"https:\/\/miumjau.ee\/lv\/produkts\/petrebels-skrapesanas-paklajs-mastermat-80-melns\/","og_locale":"lv_LV","og_type":"article","og_title":"Petrebels skr\u0101p\u0113\u0161anas pakl\u0101js Mastermat 80, melns - MiuMjau","og_description":"Skr\u0101p\u0113\u0161anas pakl\u0101js no N\u012bderlandes kvalit\u0101tes z\u012bmola PETREBELS ir augst\u0101k\u0101s kvalit\u0101tes skr\u0101p\u0113\u0161anas pakl\u0101js un ir CE sertific\u0113ts. Par laimi, Mastermat ir pietiekami iztur\u012bgs, lai iztur\u0113tu daudz skr\u0101pju un ir gatavs pat \u201cliel\u0101k\u0101 t\u012b\u0123era\u201d izaicin\u0101jumam. To bie\u017ei novieto pie istabas durv\u012bm iek\u0161telp\u0101s.Produkta apak\u0161da\u013ca ir nesl\u012bdo\u0161a. Pateicoties kompaktajiem izm\u0113riem, tas iederas jebkur m\u0101j\u0101s. Modelis: Mastermat 80Kr\u0101sa: MelnaSvars: 1,9 kgIzm\u0113ri: 50 x 80 x 1 cm","og_url":"https:\/\/miumjau.ee\/lv\/produkts\/petrebels-skrapesanas-paklajs-mastermat-80-melns\/","og_site_name":"MiuMjau","article_publisher":"https:\/\/www.facebook.com\/miumjaupood\/","article_modified_time":"2026-01-07T19:25:47+00:00","og_image":[{"width":600,"height":800,"url":"https:\/\/miumjau.ee\/wp-content\/uploads\/2023\/08\/431439-Mastermat-60-2.jpg","type":"image\/jpeg"}],"twitter_card":"summary_large_image","schema":{"@context":"https:\/\/schema.org","@graph":[{"@type":"WebPage","@id":"https:\/\/miumjau.ee\/lv\/produkts\/petrebels-skrapesanas-paklajs-mastermat-80-melns\/","url":"https:\/\/miumjau.ee\/lv\/produkts\/petrebels-skrapesanas-paklajs-mastermat-80-melns\/","name":"Petrebels skr\u0101p\u0113\u0161anas pakl\u0101js Mastermat 80, melns - MiuMjau","isPartOf":{"@id":"https:\/\/miumjau.ee\/#website"},"primaryImageOfPage":{"@id":"https:\/\/miumjau.ee\/lv\/produkts\/petrebels-skrapesanas-paklajs-mastermat-80-melns\/#primaryimage"},"image":{"@id":"https:\/\/miumjau.ee\/lv\/produkts\/petrebels-skrapesanas-paklajs-mastermat-80-melns\/#primaryimage"},"thumbnailUrl":"https:\/\/miumjau.ee\/wp-content\/uploads\/2023\/08\/431439-Mastermat-60-2.jpg","datePublished":"2023-08-31T08:44:26+00:00","dateModified":"2026-01-07T19:25:47+00:00","breadcrumb":{"@id":"https:\/\/miumjau.ee\/lv\/produkts\/petrebels-skrapesanas-paklajs-mastermat-80-melns\/#breadcrumb"},"inLanguage":"lv-LV","potentialAction":[{"@type":"ReadAction","target":["https:\/\/miumjau.ee\/lv\/produkts\/petrebels-skrapesanas-paklajs-mastermat-80-melns\/"]}]},{"@type":"ImageObject","inLanguage":"lv-LV","@id":"https:\/\/miumjau.ee\/lv\/produkts\/petrebels-skrapesanas-paklajs-mastermat-80-melns\/#primaryimage","url":"https:\/\/miumjau.ee\/wp-content\/uploads\/2023\/08\/431439-Mastermat-60-2.jpg","contentUrl":"https:\/\/miumjau.ee\/wp-content\/uploads\/2023\/08\/431439-Mastermat-60-2.jpg","width":600,"height":800},{"@type":"BreadcrumbList","@id":"https:\/\/miumjau.ee\/lv\/produkts\/petrebels-skrapesanas-paklajs-mastermat-80-melns\/#breadcrumb","itemListElement":[{"@type":"ListItem","position":1,"name":"Home","item":"https:\/\/miumjau.ee\/lv\/"},{"@type":"ListItem","position":2,"name":"Veikals","item":"https:\/\/miumjau.ee\/lv\/veikals\/"},{"@type":"ListItem","position":3,"name":"Petrebels skr\u0101p\u0113\u0161anas pakl\u0101js Mastermat 80, melns"}]},{"@type":"WebSite","@id":"https:\/\/miumjau.ee\/#website","url":"https:\/\/miumjau.ee\/","name":"MiuMjau","description":"Kraapimispuud kassidele","publisher":{"@id":"https:\/\/miumjau.ee\/#organization"},"potentialAction":[{"@type":"SearchAction","target":{"@type":"EntryPoint","urlTemplate":"https:\/\/miumjau.ee\/?s={search_term_string}"},"query-input":{"@type":"PropertyValueSpecification","valueRequired":true,"valueName":"search_term_string"}}],"inLanguage":"lv-LV"},{"@type":"Organization","@id":"https:\/\/miumjau.ee\/#organization","name":"MiuMjau O\u00dc","url":"https:\/\/miumjau.ee\/","logo":{"@type":"ImageObject","inLanguage":"lv-LV","@id":"https:\/\/miumjau.ee\/#\/schema\/logo\/image\/","url":"https:\/\/miumjau.ee\/wp-content\/uploads\/2022\/04\/MiuMjau-logo-kollane.png","contentUrl":"https:\/\/miumjau.ee\/wp-content\/uploads\/2022\/04\/MiuMjau-logo-kollane.png","width":219,"height":100,"caption":"MiuMjau O\u00dc"},"image":{"@id":"https:\/\/miumjau.ee\/#\/schema\/logo\/image\/"},"sameAs":["https:\/\/www.facebook.com\/miumjaupood\/"]}]}},"_links":{"self":[{"href":"https:\/\/miumjau.ee\/lv\/wp-json\/wp\/v2\/product\/44825","targetHints":{"allow":["GET"]}}],"collection":[{"href":"https:\/\/miumjau.ee\/lv\/wp-json\/wp\/v2\/product"}],"about":[{"href":"https:\/\/miumjau.ee\/lv\/wp-json\/wp\/v2\/types\/product"}],"wp:featuredmedia":[{"embeddable":true,"href":"https:\/\/miumjau.ee\/lv\/wp-json\/wp\/v2\/media\/44833"}],"wp:attachment":[{"href":"https:\/\/miumjau.ee\/lv\/wp-json\/wp\/v2\/media?parent=44825"}],"wp:term":[{"taxonomy":"product_brand","embeddable":true,"href":"https:\/\/miumjau.ee\/lv\/wp-json\/wp\/v2\/product_brand?post=44825"},{"taxonomy":"product_cat","embeddable":true,"href":"https:\/\/miumjau.ee\/lv\/wp-json\/wp\/v2\/product_cat?post=44825"},{"taxonomy":"product_tag","embeddable":true,"href":"https:\/\/miumjau.ee\/lv\/wp-json\/wp\/v2\/product_tag?post=44825"}],"curies":[{"name":"wp","href":"https:\/\/api.w.org\/{rel}","templated":true}]}}