{"id":44821,"date":"2025-11-10T20:37:46","date_gmt":"2025-11-10T18:37:46","guid":{"rendered":"https:\/\/miumjau.ee\/toode\/beaphar-flexifit-pasta-locitavam-kakiem-un-suniem-250-ml\/"},"modified":"2026-01-07T21:25:47","modified_gmt":"2026-01-07T19:25:47","slug":"beaphar-flexifit-pasta-locitavam-kakiem-un-suniem-250-ml","status":"publish","type":"product","link":"https:\/\/miumjau.ee\/lv\/produkts\/beaphar-flexifit-pasta-locitavam-kakiem-un-suniem-250-ml\/","title":{"rendered":"Beaphar Flexifit\u00ae Pasta loc\u012btav\u0101m, ka\u0137iem un su\u0146iem 250 ml"},"content":{"rendered":"","protected":false},"excerpt":{"rendered":"<p data-start=\"139\" data-end=\"455\">Gar\u0161\u012bgs uztura papildin\u0101jums su\u0146iem un ka\u0137iem, ja loc\u012btavu kust\u012bgums s\u0101k samazin\u0101ties vai par\u0101d\u0101s st\u012bv\u0101ka kust\u012bba. Multi-funkcion\u0101la formula satur omega-3 tauksk\u0101bes (EPA + DHA), glikozam\u012bnu, kalciju un E vitam\u012bnu \u2014 \u0161\u012bs sast\u0101vda\u013cas pal\u012bdz atbalst\u012bt dabisko pretiekaisuma procesu un veicina dz\u012bvnieku br\u012bv\u0101ku kust\u012bbu.<\/p>\n<p data-start=\"457\" data-end=\"479\"><strong data-start=\"457\" data-end=\"479\">Galven\u0101s \u012bpa\u0161\u012bbas:<\/strong><\/p>\n<ul data-start=\"481\" data-end=\"709\">\n<li data-start=\"481\" data-end=\"556\">\n<p data-start=\"483\" data-end=\"556\">Atbalsta loc\u012btavu kust\u012bgumu un maz\u0101k akt\u012bvu su\u0146u un ka\u0137u kust\u012bbu \u0113rtumu<\/p>\n<\/li>\n<li data-start=\"557\" data-end=\"640\">\n<p data-start=\"559\" data-end=\"640\">Daudzfunkcion\u0101ls sast\u0101vs: omega-3 (EPA + DHA), glikozam\u012bns, kalcijs, E vitam\u012bns<\/p>\n<\/li>\n<li data-start=\"641\" data-end=\"709\">\n<p data-start=\"643\" data-end=\"709\">Gar\u0161\u012bga pasta, ko var sajaukt ar bar\u012bbu vai dot tie\u0161i no t\u016bbi\u0146as<\/p>\n<\/li>\n<\/ul>\n<p data-start=\"711\" data-end=\"1026\"><strong data-start=\"711\" data-end=\"737\">Lieto\u0161anas nor\u0101d\u012bjumi:<\/strong><br data-start=\"737\" data-end=\"740\" \/>Var sajaukt ar dz\u012bvnieku bar\u012bbu vai dot tie\u0161i no t\u016bbi\u0146as. Vienm\u0113r nodro\u0161iniet dz\u012bvniekam br\u012bvu piek\u013cuvi svaigam dzeramajam \u016bdenim. Nav piem\u0113rots su\u0146iem un ka\u0137iem l\u012bdz 1 gada vecumam. S\u0101kotn\u0113jais lietojums l\u012bdz 3 m\u0113ne\u0161iem; pirms ilg\u0101ka lietojuma ieteicams konsult\u0113ties ar veterin\u0101r\u0101rstu.<\/p>\n<p data-start=\"1028\" data-end=\"1195\"><strong data-start=\"1028\" data-end=\"1044\">Sast\u0101vda\u013cas:<\/strong> e\u013c\u013cas un tauki, piens un piena produkti, glieme\u017ei un gliemju produkti (glikozam\u012bna hidrohlor\u012bds 9 %), a\u013c\u0123es un zivju produkti (lasis e\u013c\u013ca 1 %), utt.<\/p>\n<p data-start=\"1197\" data-end=\"1442\"><strong data-start=\"1197\" data-end=\"1225\">Anal\u012btisk\u0101s sast\u0101vda\u013cas:<\/strong> prote\u012bns 14 %, tauki 59 %, pelni 3,1 %, mitrums 1,5 %; kalcijs (Ca) 0,31 %, fosfors (P) 0,29 %, n\u0101trijs (Na) 0,2 %, magnijs (Mg) 0,062 %, k\u0101lijs (K) 0,59 %; kop\u0113j\u0101s omega-3 tauksk\u0101bes 4,0 %, EPA 0,41 %, DHA 0,29 %.<\/p>\n<p data-start=\"1444\" data-end=\"1608\"><strong data-start=\"1444\" data-end=\"1460\">Uzglab\u0101\u0161ana:<\/strong> Glab\u0101t v\u0113sum\u0101, sausum\u0101 un pasarg\u0101t no gaismas. Ori\u0123in\u0101laj\u0101 iepakojum\u0101, cie\u0161i nosl\u0113gtu. Lab\u0101kai iedarb\u012bbai izmantot 3 m\u0113ne\u0161u laik\u0101 p\u0113c atv\u0113r\u0161anas.<\/p>\n<p data-start=\"1610\" data-end=\"1811\"><strong data-start=\"1610\" data-end=\"1626\">Piem\u0113rot\u012bba:<\/strong> Piem\u0113rots pieaugu\u0161iem su\u0146iem un ka\u0137iem (no 1 gada vecuma), kuriem loc\u012btavu kust\u012bgums samazin\u0101s vai kuriem nepiecie\u0161ams loc\u012btavu atbalsts. Nenomaina veterin\u0101r\u0101rsta noz\u012bm\u0113to \u0101rst\u0113\u0161anu.<\/p>\n","protected":false},"featured_media":44822,"template":"","meta":[],"product_brand":[],"product_cat":[870,878],"product_tag":[],"class_list":{"0":"post-44821","1":"product","2":"type-product","3":"status-publish","4":"has-post-thumbnail","6":"product_cat-uztura-bagatinataji-suniem","7":"product_cat-vitamini-uztura-bagatinataji-kakiem","9":"first","10":"instock","11":"sale","12":"taxable","13":"shipping-taxable","14":"purchasable","15":"product-type-simple"},"yoast_head":"<!-- This site is optimized with the Yoast SEO plugin v27.4 - https:\/\/yoast.com\/product\/yoast-seo-wordpress\/ -->\n<title>Beaphar Flexifit\u00ae Pasta loc\u012btav\u0101m, ka\u0137iem un su\u0146iem 250 ml - MiuMjau<\/title>\n<meta name=\"robots\" content=\"index, follow, max-snippet:-1, max-image-preview:large, max-video-preview:-1\" \/>\n<link rel=\"canonical\" href=\"https:\/\/miumjau.ee\/lv\/produkts\/beaphar-flexifit-pasta-locitavam-kakiem-un-suniem-250-ml\/\" \/>\n<meta property=\"og:locale\" content=\"lv_LV\" \/>\n<meta property=\"og:type\" content=\"article\" \/>\n<meta property=\"og:title\" content=\"Beaphar Flexifit\u00ae Pasta loc\u012btav\u0101m, ka\u0137iem un su\u0146iem 250 ml - MiuMjau\" \/>\n<meta property=\"og:description\" content=\"Gar\u0161\u012bgs uztura papildin\u0101jums su\u0146iem un ka\u0137iem, ja loc\u012btavu kust\u012bgums s\u0101k samazin\u0101ties vai par\u0101d\u0101s st\u012bv\u0101ka kust\u012bba. Multi-funkcion\u0101la formula satur omega-3 tauksk\u0101bes (EPA + DHA), glikozam\u012bnu, kalciju un E vitam\u012bnu \u2014 \u0161\u012bs sast\u0101vda\u013cas pal\u012bdz atbalst\u012bt dabisko pretiekaisuma procesu un veicina dz\u012bvnieku br\u012bv\u0101ku kust\u012bbu. Galven\u0101s \u012bpa\u0161\u012bbas:     Atbalsta loc\u012btavu kust\u012bgumu un maz\u0101k akt\u012bvu su\u0146u un ka\u0137u kust\u012bbu \u0113rtumu    Daudzfunkcion\u0101ls sast\u0101vs: omega-3 (EPA + DHA), glikozam\u012bns, kalcijs, E vitam\u012bns    Gar\u0161\u012bga pasta, ko var sajaukt ar bar\u012bbu vai dot tie\u0161i no t\u016bbi\u0146as   Lieto\u0161anas nor\u0101d\u012bjumi:Var sajaukt ar dz\u012bvnieku bar\u012bbu vai dot tie\u0161i no t\u016bbi\u0146as. Vienm\u0113r nodro\u0161iniet dz\u012bvniekam br\u012bvu piek\u013cuvi svaigam dzeramajam \u016bdenim. Nav piem\u0113rots su\u0146iem un ka\u0137iem l\u012bdz 1 gada vecumam. S\u0101kotn\u0113jais lietojums l\u012bdz 3 m\u0113ne\u0161iem; pirms ilg\u0101ka lietojuma ieteicams konsult\u0113ties ar veterin\u0101r\u0101rstu. Sast\u0101vda\u013cas: e\u013c\u013cas un tauki, piens un piena produkti, glieme\u017ei un gliemju produkti (glikozam\u012bna hidrohlor\u012bds 9 %), a\u013c\u0123es un zivju produkti (lasis e\u013c\u013ca 1 %), utt. Anal\u012btisk\u0101s sast\u0101vda\u013cas: prote\u012bns 14 %, tauki 59 %, pelni 3,1 %, mitrums 1,5 %; kalcijs (Ca) 0,31 %, fosfors (P) 0,29 %, n\u0101trijs (Na) 0,2 %, magnijs (Mg) 0,062 %, k\u0101lijs (K) 0,59 %; kop\u0113j\u0101s omega-3 tauksk\u0101bes 4,0 %, EPA 0,41 %, DHA 0,29 %. Uzglab\u0101\u0161ana: Glab\u0101t v\u0113sum\u0101, sausum\u0101 un pasarg\u0101t no gaismas. Ori\u0123in\u0101laj\u0101 iepakojum\u0101, cie\u0161i nosl\u0113gtu. Lab\u0101kai iedarb\u012bbai izmantot 3 m\u0113ne\u0161u laik\u0101 p\u0113c atv\u0113r\u0161anas. Piem\u0113rot\u012bba: Piem\u0113rots pieaugu\u0161iem su\u0146iem un ka\u0137iem (no 1 gada vecuma), kuriem loc\u012btavu kust\u012bgums samazin\u0101s vai kuriem nepiecie\u0161ams loc\u012btavu atbalsts. Nenomaina veterin\u0101r\u0101rsta noz\u012bm\u0113to \u0101rst\u0113\u0161anu.\" \/>\n<meta property=\"og:url\" content=\"https:\/\/miumjau.ee\/lv\/produkts\/beaphar-flexifit-pasta-locitavam-kakiem-un-suniem-250-ml\/\" \/>\n<meta property=\"og:site_name\" content=\"MiuMjau\" \/>\n<meta property=\"article:publisher\" content=\"https:\/\/www.facebook.com\/miumjaupood\/\" \/>\n<meta property=\"article:modified_time\" content=\"2026-01-07T19:25:47+00:00\" \/>\n<meta property=\"og:image\" content=\"https:\/\/miumjau.ee\/wp-content\/uploads\/2025\/11\/beaphar-flexifit-pasta2-Photoroom.jpg\" \/>\n\t<meta property=\"og:image:width\" content=\"600\" \/>\n\t<meta property=\"og:image:height\" content=\"800\" \/>\n\t<meta property=\"og:image:type\" content=\"image\/jpeg\" \/>\n<meta name=\"twitter:card\" content=\"summary_large_image\" \/>\n<script type=\"application\/ld+json\" class=\"yoast-schema-graph\">{\"@context\":\"https:\\\/\\\/schema.org\",\"@graph\":[{\"@type\":\"WebPage\",\"@id\":\"https:\\\/\\\/miumjau.ee\\\/lv\\\/produkts\\\/beaphar-flexifit-pasta-locitavam-kakiem-un-suniem-250-ml\\\/\",\"url\":\"https:\\\/\\\/miumjau.ee\\\/lv\\\/produkts\\\/beaphar-flexifit-pasta-locitavam-kakiem-un-suniem-250-ml\\\/\",\"name\":\"Beaphar Flexifit\u00ae Pasta loc\u012btav\u0101m, ka\u0137iem un su\u0146iem 250 ml - MiuMjau\",\"isPartOf\":{\"@id\":\"https:\\\/\\\/miumjau.ee\\\/#website\"},\"primaryImageOfPage\":{\"@id\":\"https:\\\/\\\/miumjau.ee\\\/lv\\\/produkts\\\/beaphar-flexifit-pasta-locitavam-kakiem-un-suniem-250-ml\\\/#primaryimage\"},\"image\":{\"@id\":\"https:\\\/\\\/miumjau.ee\\\/lv\\\/produkts\\\/beaphar-flexifit-pasta-locitavam-kakiem-un-suniem-250-ml\\\/#primaryimage\"},\"thumbnailUrl\":\"https:\\\/\\\/miumjau.ee\\\/wp-content\\\/uploads\\\/2025\\\/11\\\/beaphar-flexifit-pasta2-Photoroom.jpg\",\"datePublished\":\"2025-11-10T18:37:46+00:00\",\"dateModified\":\"2026-01-07T19:25:47+00:00\",\"breadcrumb\":{\"@id\":\"https:\\\/\\\/miumjau.ee\\\/lv\\\/produkts\\\/beaphar-flexifit-pasta-locitavam-kakiem-un-suniem-250-ml\\\/#breadcrumb\"},\"inLanguage\":\"lv-LV\",\"potentialAction\":[{\"@type\":\"ReadAction\",\"target\":[\"https:\\\/\\\/miumjau.ee\\\/lv\\\/produkts\\\/beaphar-flexifit-pasta-locitavam-kakiem-un-suniem-250-ml\\\/\"]}]},{\"@type\":\"ImageObject\",\"inLanguage\":\"lv-LV\",\"@id\":\"https:\\\/\\\/miumjau.ee\\\/lv\\\/produkts\\\/beaphar-flexifit-pasta-locitavam-kakiem-un-suniem-250-ml\\\/#primaryimage\",\"url\":\"https:\\\/\\\/miumjau.ee\\\/wp-content\\\/uploads\\\/2025\\\/11\\\/beaphar-flexifit-pasta2-Photoroom.jpg\",\"contentUrl\":\"https:\\\/\\\/miumjau.ee\\\/wp-content\\\/uploads\\\/2025\\\/11\\\/beaphar-flexifit-pasta2-Photoroom.jpg\",\"width\":600,\"height\":800},{\"@type\":\"BreadcrumbList\",\"@id\":\"https:\\\/\\\/miumjau.ee\\\/lv\\\/produkts\\\/beaphar-flexifit-pasta-locitavam-kakiem-un-suniem-250-ml\\\/#breadcrumb\",\"itemListElement\":[{\"@type\":\"ListItem\",\"position\":1,\"name\":\"Home\",\"item\":\"https:\\\/\\\/miumjau.ee\\\/lv\\\/\"},{\"@type\":\"ListItem\",\"position\":2,\"name\":\"Veikals\",\"item\":\"https:\\\/\\\/miumjau.ee\\\/lv\\\/veikals\\\/\"},{\"@type\":\"ListItem\",\"position\":3,\"name\":\"Beaphar Flexifit\u00ae Pasta loc\u012btav\u0101m, ka\u0137iem un su\u0146iem 250 ml\"}]},{\"@type\":\"WebSite\",\"@id\":\"https:\\\/\\\/miumjau.ee\\\/#website\",\"url\":\"https:\\\/\\\/miumjau.ee\\\/\",\"name\":\"MiuMjau\",\"description\":\"Kraapimispuud kassidele\",\"publisher\":{\"@id\":\"https:\\\/\\\/miumjau.ee\\\/#organization\"},\"potentialAction\":[{\"@type\":\"SearchAction\",\"target\":{\"@type\":\"EntryPoint\",\"urlTemplate\":\"https:\\\/\\\/miumjau.ee\\\/?s={search_term_string}\"},\"query-input\":{\"@type\":\"PropertyValueSpecification\",\"valueRequired\":true,\"valueName\":\"search_term_string\"}}],\"inLanguage\":\"lv-LV\"},{\"@type\":\"Organization\",\"@id\":\"https:\\\/\\\/miumjau.ee\\\/#organization\",\"name\":\"MiuMjau O\u00dc\",\"url\":\"https:\\\/\\\/miumjau.ee\\\/\",\"logo\":{\"@type\":\"ImageObject\",\"inLanguage\":\"lv-LV\",\"@id\":\"https:\\\/\\\/miumjau.ee\\\/#\\\/schema\\\/logo\\\/image\\\/\",\"url\":\"https:\\\/\\\/miumjau.ee\\\/wp-content\\\/uploads\\\/2022\\\/04\\\/MiuMjau-logo-kollane.png\",\"contentUrl\":\"https:\\\/\\\/miumjau.ee\\\/wp-content\\\/uploads\\\/2022\\\/04\\\/MiuMjau-logo-kollane.png\",\"width\":219,\"height\":100,\"caption\":\"MiuMjau O\u00dc\"},\"image\":{\"@id\":\"https:\\\/\\\/miumjau.ee\\\/#\\\/schema\\\/logo\\\/image\\\/\"},\"sameAs\":[\"https:\\\/\\\/www.facebook.com\\\/miumjaupood\\\/\"]}]}<\/script>\n<!-- \/ Yoast SEO plugin. -->","yoast_head_json":{"title":"Beaphar Flexifit\u00ae Pasta loc\u012btav\u0101m, ka\u0137iem un su\u0146iem 250 ml - MiuMjau","robots":{"index":"index","follow":"follow","max-snippet":"max-snippet:-1","max-image-preview":"max-image-preview:large","max-video-preview":"max-video-preview:-1"},"canonical":"https:\/\/miumjau.ee\/lv\/produkts\/beaphar-flexifit-pasta-locitavam-kakiem-un-suniem-250-ml\/","og_locale":"lv_LV","og_type":"article","og_title":"Beaphar Flexifit\u00ae Pasta loc\u012btav\u0101m, ka\u0137iem un su\u0146iem 250 ml - MiuMjau","og_description":"Gar\u0161\u012bgs uztura papildin\u0101jums su\u0146iem un ka\u0137iem, ja loc\u012btavu kust\u012bgums s\u0101k samazin\u0101ties vai par\u0101d\u0101s st\u012bv\u0101ka kust\u012bba. Multi-funkcion\u0101la formula satur omega-3 tauksk\u0101bes (EPA + DHA), glikozam\u012bnu, kalciju un E vitam\u012bnu \u2014 \u0161\u012bs sast\u0101vda\u013cas pal\u012bdz atbalst\u012bt dabisko pretiekaisuma procesu un veicina dz\u012bvnieku br\u012bv\u0101ku kust\u012bbu. Galven\u0101s \u012bpa\u0161\u012bbas:     Atbalsta loc\u012btavu kust\u012bgumu un maz\u0101k akt\u012bvu su\u0146u un ka\u0137u kust\u012bbu \u0113rtumu    Daudzfunkcion\u0101ls sast\u0101vs: omega-3 (EPA + DHA), glikozam\u012bns, kalcijs, E vitam\u012bns    Gar\u0161\u012bga pasta, ko var sajaukt ar bar\u012bbu vai dot tie\u0161i no t\u016bbi\u0146as   Lieto\u0161anas nor\u0101d\u012bjumi:Var sajaukt ar dz\u012bvnieku bar\u012bbu vai dot tie\u0161i no t\u016bbi\u0146as. Vienm\u0113r nodro\u0161iniet dz\u012bvniekam br\u012bvu piek\u013cuvi svaigam dzeramajam \u016bdenim. Nav piem\u0113rots su\u0146iem un ka\u0137iem l\u012bdz 1 gada vecumam. S\u0101kotn\u0113jais lietojums l\u012bdz 3 m\u0113ne\u0161iem; pirms ilg\u0101ka lietojuma ieteicams konsult\u0113ties ar veterin\u0101r\u0101rstu. Sast\u0101vda\u013cas: e\u013c\u013cas un tauki, piens un piena produkti, glieme\u017ei un gliemju produkti (glikozam\u012bna hidrohlor\u012bds 9 %), a\u013c\u0123es un zivju produkti (lasis e\u013c\u013ca 1 %), utt. Anal\u012btisk\u0101s sast\u0101vda\u013cas: prote\u012bns 14 %, tauki 59 %, pelni 3,1 %, mitrums 1,5 %; kalcijs (Ca) 0,31 %, fosfors (P) 0,29 %, n\u0101trijs (Na) 0,2 %, magnijs (Mg) 0,062 %, k\u0101lijs (K) 0,59 %; kop\u0113j\u0101s omega-3 tauksk\u0101bes 4,0 %, EPA 0,41 %, DHA 0,29 %. Uzglab\u0101\u0161ana: Glab\u0101t v\u0113sum\u0101, sausum\u0101 un pasarg\u0101t no gaismas. Ori\u0123in\u0101laj\u0101 iepakojum\u0101, cie\u0161i nosl\u0113gtu. Lab\u0101kai iedarb\u012bbai izmantot 3 m\u0113ne\u0161u laik\u0101 p\u0113c atv\u0113r\u0161anas. Piem\u0113rot\u012bba: Piem\u0113rots pieaugu\u0161iem su\u0146iem un ka\u0137iem (no 1 gada vecuma), kuriem loc\u012btavu kust\u012bgums samazin\u0101s vai kuriem nepiecie\u0161ams loc\u012btavu atbalsts. Nenomaina veterin\u0101r\u0101rsta noz\u012bm\u0113to \u0101rst\u0113\u0161anu.","og_url":"https:\/\/miumjau.ee\/lv\/produkts\/beaphar-flexifit-pasta-locitavam-kakiem-un-suniem-250-ml\/","og_site_name":"MiuMjau","article_publisher":"https:\/\/www.facebook.com\/miumjaupood\/","article_modified_time":"2026-01-07T19:25:47+00:00","og_image":[{"width":600,"height":800,"url":"https:\/\/miumjau.ee\/wp-content\/uploads\/2025\/11\/beaphar-flexifit-pasta2-Photoroom.jpg","type":"image\/jpeg"}],"twitter_card":"summary_large_image","schema":{"@context":"https:\/\/schema.org","@graph":[{"@type":"WebPage","@id":"https:\/\/miumjau.ee\/lv\/produkts\/beaphar-flexifit-pasta-locitavam-kakiem-un-suniem-250-ml\/","url":"https:\/\/miumjau.ee\/lv\/produkts\/beaphar-flexifit-pasta-locitavam-kakiem-un-suniem-250-ml\/","name":"Beaphar Flexifit\u00ae Pasta loc\u012btav\u0101m, ka\u0137iem un su\u0146iem 250 ml - MiuMjau","isPartOf":{"@id":"https:\/\/miumjau.ee\/#website"},"primaryImageOfPage":{"@id":"https:\/\/miumjau.ee\/lv\/produkts\/beaphar-flexifit-pasta-locitavam-kakiem-un-suniem-250-ml\/#primaryimage"},"image":{"@id":"https:\/\/miumjau.ee\/lv\/produkts\/beaphar-flexifit-pasta-locitavam-kakiem-un-suniem-250-ml\/#primaryimage"},"thumbnailUrl":"https:\/\/miumjau.ee\/wp-content\/uploads\/2025\/11\/beaphar-flexifit-pasta2-Photoroom.jpg","datePublished":"2025-11-10T18:37:46+00:00","dateModified":"2026-01-07T19:25:47+00:00","breadcrumb":{"@id":"https:\/\/miumjau.ee\/lv\/produkts\/beaphar-flexifit-pasta-locitavam-kakiem-un-suniem-250-ml\/#breadcrumb"},"inLanguage":"lv-LV","potentialAction":[{"@type":"ReadAction","target":["https:\/\/miumjau.ee\/lv\/produkts\/beaphar-flexifit-pasta-locitavam-kakiem-un-suniem-250-ml\/"]}]},{"@type":"ImageObject","inLanguage":"lv-LV","@id":"https:\/\/miumjau.ee\/lv\/produkts\/beaphar-flexifit-pasta-locitavam-kakiem-un-suniem-250-ml\/#primaryimage","url":"https:\/\/miumjau.ee\/wp-content\/uploads\/2025\/11\/beaphar-flexifit-pasta2-Photoroom.jpg","contentUrl":"https:\/\/miumjau.ee\/wp-content\/uploads\/2025\/11\/beaphar-flexifit-pasta2-Photoroom.jpg","width":600,"height":800},{"@type":"BreadcrumbList","@id":"https:\/\/miumjau.ee\/lv\/produkts\/beaphar-flexifit-pasta-locitavam-kakiem-un-suniem-250-ml\/#breadcrumb","itemListElement":[{"@type":"ListItem","position":1,"name":"Home","item":"https:\/\/miumjau.ee\/lv\/"},{"@type":"ListItem","position":2,"name":"Veikals","item":"https:\/\/miumjau.ee\/lv\/veikals\/"},{"@type":"ListItem","position":3,"name":"Beaphar Flexifit\u00ae Pasta loc\u012btav\u0101m, ka\u0137iem un su\u0146iem 250 ml"}]},{"@type":"WebSite","@id":"https:\/\/miumjau.ee\/#website","url":"https:\/\/miumjau.ee\/","name":"MiuMjau","description":"Kraapimispuud kassidele","publisher":{"@id":"https:\/\/miumjau.ee\/#organization"},"potentialAction":[{"@type":"SearchAction","target":{"@type":"EntryPoint","urlTemplate":"https:\/\/miumjau.ee\/?s={search_term_string}"},"query-input":{"@type":"PropertyValueSpecification","valueRequired":true,"valueName":"search_term_string"}}],"inLanguage":"lv-LV"},{"@type":"Organization","@id":"https:\/\/miumjau.ee\/#organization","name":"MiuMjau O\u00dc","url":"https:\/\/miumjau.ee\/","logo":{"@type":"ImageObject","inLanguage":"lv-LV","@id":"https:\/\/miumjau.ee\/#\/schema\/logo\/image\/","url":"https:\/\/miumjau.ee\/wp-content\/uploads\/2022\/04\/MiuMjau-logo-kollane.png","contentUrl":"https:\/\/miumjau.ee\/wp-content\/uploads\/2022\/04\/MiuMjau-logo-kollane.png","width":219,"height":100,"caption":"MiuMjau O\u00dc"},"image":{"@id":"https:\/\/miumjau.ee\/#\/schema\/logo\/image\/"},"sameAs":["https:\/\/www.facebook.com\/miumjaupood\/"]}]}},"_links":{"self":[{"href":"https:\/\/miumjau.ee\/lv\/wp-json\/wp\/v2\/product\/44821","targetHints":{"allow":["GET"]}}],"collection":[{"href":"https:\/\/miumjau.ee\/lv\/wp-json\/wp\/v2\/product"}],"about":[{"href":"https:\/\/miumjau.ee\/lv\/wp-json\/wp\/v2\/types\/product"}],"wp:featuredmedia":[{"embeddable":true,"href":"https:\/\/miumjau.ee\/lv\/wp-json\/wp\/v2\/media\/44822"}],"wp:attachment":[{"href":"https:\/\/miumjau.ee\/lv\/wp-json\/wp\/v2\/media?parent=44821"}],"wp:term":[{"taxonomy":"product_brand","embeddable":true,"href":"https:\/\/miumjau.ee\/lv\/wp-json\/wp\/v2\/product_brand?post=44821"},{"taxonomy":"product_cat","embeddable":true,"href":"https:\/\/miumjau.ee\/lv\/wp-json\/wp\/v2\/product_cat?post=44821"},{"taxonomy":"product_tag","embeddable":true,"href":"https:\/\/miumjau.ee\/lv\/wp-json\/wp\/v2\/product_tag?post=44821"}],"curies":[{"name":"wp","href":"https:\/\/api.w.org\/{rel}","templated":true}]}}