{"id":44811,"date":"2024-08-06T16:47:47","date_gmt":"2024-08-06T13:47:47","guid":{"rendered":"https:\/\/miumjau.ee\/toode\/kaku-smilsu-kastes-paklajs-l-55x75-cm-bess\/"},"modified":"2026-01-07T21:25:54","modified_gmt":"2026-01-07T19:25:54","slug":"kaku-smilsu-kastes-paklajs-l-55x75-cm-bess","status":"publish","type":"product","link":"https:\/\/miumjau.ee\/lv\/produkts\/kaku-smilsu-kastes-paklajs-l-55x75-cm-bess\/","title":{"rendered":"Ka\u0137u smil\u0161u kastes pakl\u0101js L 55&#215;75 cm, b\u0113\u0161s"},"content":{"rendered":"","protected":false},"excerpt":{"rendered":"<p data-start=\"124\" data-end=\"418\">Neatkar\u012bgi no t\u0101, k\u0101da veida ka\u0137u smiltis vai ka\u0137u kaste tiek izmantota, neliela nek\u0101rt\u012bba ir neizb\u0113gama. Ka\u0137i lec \u0101r\u0101 no kastes, izkaisot smiltis vai atst\u0101jot ekskrementus uz pakl\u0101ja. J\u016bsu m\u012blulis var nejau\u0161i uzk\u0101pt uz ekskrementiem un atst\u0101t traipus uz gr\u012bdas. Risin\u0101jums ir \u2013 smil\u0161u pakl\u0101ji!<\/p>\n<p data-start=\"420\" data-end=\"727\">Ka\u0137u smil\u0161u pakl\u0101js atbr\u012bvo j\u016bs no stresa un ne\u0113rt\u012bb\u0101m, kas saist\u012btas ar smil\u0161u sav\u0101k\u0161anu p\u0113c ka\u0137a. Vienk\u0101r\u0161i novietojiet pakl\u0101ju pirms kastes vai zem t\u0101s (ar lielu rezervi apk\u0101rt), lai no\u0137ertu smiltis no ka\u0137a \u0137ep\u0101m. P\u0113c tam smiltis var viegli nos\u016bkt ar putek\u013cu s\u016bc\u0113ju vai izpurin\u0101t atpaka\u013c atkritumu kast\u0113.<\/p>\n<p data-start=\"729\" data-end=\"742\"><strong data-start=\"729\" data-end=\"742\">\u012apa\u0161\u012bbas:<\/strong><\/p>\n<ul data-start=\"744\" data-end=\"884\">\n<li data-start=\"744\" data-end=\"783\">\n<p data-start=\"746\" data-end=\"783\">No\u0137er liel\u0101ko da\u013cu izkais\u012bto smil\u0161u<\/p>\n<\/li>\n<li data-start=\"784\" data-end=\"805\">\n<p data-start=\"786\" data-end=\"805\">M\u012bksts ka\u0137a \u0137ep\u0101m<\/p>\n<\/li>\n<li data-start=\"806\" data-end=\"829\">\n<p data-start=\"808\" data-end=\"829\">Nesl\u012bdo\u0161as \u012bpa\u0161\u012bbas<\/p>\n<\/li>\n<li data-start=\"830\" data-end=\"847\">\n<p data-start=\"832\" data-end=\"847\">Viegli t\u012br\u0101ms<\/p>\n<\/li>\n<li data-start=\"848\" data-end=\"866\">\n<p data-start=\"850\" data-end=\"866\">Aizsarg\u0101 gr\u012bdu<\/p>\n<\/li>\n<li data-start=\"867\" data-end=\"884\">\n<p data-start=\"869\" data-end=\"884\">\u016adensiztur\u012bgs<\/p>\n<\/li>\n<\/ul>\n<p data-start=\"886\" data-end=\"968\"><strong data-start=\"886\" data-end=\"897\">Izm\u0113ri:<\/strong> garums 75 cm, platums 55 cm<br data-start=\"925\" data-end=\"928\" \/><strong data-start=\"928\" data-end=\"938\">Svars:<\/strong> 0,4 kg<br data-start=\"945\" data-end=\"948\" \/><strong data-start=\"948\" data-end=\"968\">Uzreiz pieejams!<\/strong><\/p>\n","protected":false},"featured_media":44812,"template":"","meta":[],"product_brand":[],"product_cat":[566],"product_tag":[],"class_list":{"0":"post-44811","1":"product","2":"type-product","3":"status-publish","4":"has-post-thumbnail","6":"product_cat-tualetes-piederumi","8":"first","9":"outofstock","10":"taxable","11":"shipping-taxable","12":"purchasable","13":"product-type-simple"},"yoast_head":"<!-- This site is optimized with the Yoast SEO plugin v27.2 - https:\/\/yoast.com\/product\/yoast-seo-wordpress\/ -->\n<title>Ka\u0137u smil\u0161u kastes pakl\u0101js L 55x75 cm, b\u0113\u0161s - MiuMjau<\/title>\n<meta name=\"robots\" content=\"index, follow, max-snippet:-1, max-image-preview:large, max-video-preview:-1\" \/>\n<link rel=\"canonical\" href=\"https:\/\/miumjau.ee\/lv\/produkts\/kaku-smilsu-kastes-paklajs-l-55x75-cm-bess\/\" \/>\n<meta property=\"og:locale\" content=\"lv_LV\" \/>\n<meta property=\"og:type\" content=\"article\" \/>\n<meta property=\"og:title\" content=\"Ka\u0137u smil\u0161u kastes pakl\u0101js L 55x75 cm, b\u0113\u0161s - MiuMjau\" \/>\n<meta property=\"og:description\" content=\"Neatkar\u012bgi no t\u0101, k\u0101da veida ka\u0137u smiltis vai ka\u0137u kaste tiek izmantota, neliela nek\u0101rt\u012bba ir neizb\u0113gama. Ka\u0137i lec \u0101r\u0101 no kastes, izkaisot smiltis vai atst\u0101jot ekskrementus uz pakl\u0101ja. J\u016bsu m\u012blulis var nejau\u0161i uzk\u0101pt uz ekskrementiem un atst\u0101t traipus uz gr\u012bdas. Risin\u0101jums ir \u2013 smil\u0161u pakl\u0101ji! Ka\u0137u smil\u0161u pakl\u0101js atbr\u012bvo j\u016bs no stresa un ne\u0113rt\u012bb\u0101m, kas saist\u012btas ar smil\u0161u sav\u0101k\u0161anu p\u0113c ka\u0137a. Vienk\u0101r\u0161i novietojiet pakl\u0101ju pirms kastes vai zem t\u0101s (ar lielu rezervi apk\u0101rt), lai no\u0137ertu smiltis no ka\u0137a \u0137ep\u0101m. P\u0113c tam smiltis var viegli nos\u016bkt ar putek\u013cu s\u016bc\u0113ju vai izpurin\u0101t atpaka\u013c atkritumu kast\u0113. \u012apa\u0161\u012bbas:     No\u0137er liel\u0101ko da\u013cu izkais\u012bto smil\u0161u    M\u012bksts ka\u0137a \u0137ep\u0101m    Nesl\u012bdo\u0161as \u012bpa\u0161\u012bbas    Viegli t\u012br\u0101ms    Aizsarg\u0101 gr\u012bdu    \u016adensiztur\u012bgs   Izm\u0113ri: garums 75 cm, platums 55 cmSvars: 0,4 kgUzreiz pieejams!\" \/>\n<meta property=\"og:url\" content=\"https:\/\/miumjau.ee\/lv\/produkts\/kaku-smilsu-kastes-paklajs-l-55x75-cm-bess\/\" \/>\n<meta property=\"og:site_name\" content=\"MiuMjau\" \/>\n<meta property=\"article:publisher\" content=\"https:\/\/www.facebook.com\/miumjaupood\/\" \/>\n<meta property=\"article:modified_time\" content=\"2026-01-07T19:25:54+00:00\" \/>\n<meta property=\"og:image\" content=\"https:\/\/miumjau.ee\/wp-content\/uploads\/2024\/08\/kassi-liivakasti-matt-l-55x75-cm-beez-1.jpg\" \/>\n\t<meta property=\"og:image:width\" content=\"600\" \/>\n\t<meta property=\"og:image:height\" content=\"800\" \/>\n\t<meta property=\"og:image:type\" content=\"image\/jpeg\" \/>\n<meta name=\"twitter:card\" content=\"summary_large_image\" \/>\n<script type=\"application\/ld+json\" class=\"yoast-schema-graph\">{\"@context\":\"https:\/\/schema.org\",\"@graph\":[{\"@type\":\"WebPage\",\"@id\":\"https:\/\/miumjau.ee\/lv\/produkts\/kaku-smilsu-kastes-paklajs-l-55x75-cm-bess\/\",\"url\":\"https:\/\/miumjau.ee\/lv\/produkts\/kaku-smilsu-kastes-paklajs-l-55x75-cm-bess\/\",\"name\":\"Ka\u0137u smil\u0161u kastes pakl\u0101js L 55x75 cm, b\u0113\u0161s - MiuMjau\",\"isPartOf\":{\"@id\":\"https:\/\/miumjau.ee\/#website\"},\"primaryImageOfPage\":{\"@id\":\"https:\/\/miumjau.ee\/lv\/produkts\/kaku-smilsu-kastes-paklajs-l-55x75-cm-bess\/#primaryimage\"},\"image\":{\"@id\":\"https:\/\/miumjau.ee\/lv\/produkts\/kaku-smilsu-kastes-paklajs-l-55x75-cm-bess\/#primaryimage\"},\"thumbnailUrl\":\"https:\/\/miumjau.ee\/wp-content\/uploads\/2024\/08\/kassi-liivakasti-matt-l-55x75-cm-beez-1.jpg\",\"datePublished\":\"2024-08-06T13:47:47+00:00\",\"dateModified\":\"2026-01-07T19:25:54+00:00\",\"breadcrumb\":{\"@id\":\"https:\/\/miumjau.ee\/lv\/produkts\/kaku-smilsu-kastes-paklajs-l-55x75-cm-bess\/#breadcrumb\"},\"inLanguage\":\"lv-LV\",\"potentialAction\":[{\"@type\":\"ReadAction\",\"target\":[\"https:\/\/miumjau.ee\/lv\/produkts\/kaku-smilsu-kastes-paklajs-l-55x75-cm-bess\/\"]}]},{\"@type\":\"ImageObject\",\"inLanguage\":\"lv-LV\",\"@id\":\"https:\/\/miumjau.ee\/lv\/produkts\/kaku-smilsu-kastes-paklajs-l-55x75-cm-bess\/#primaryimage\",\"url\":\"https:\/\/miumjau.ee\/wp-content\/uploads\/2024\/08\/kassi-liivakasti-matt-l-55x75-cm-beez-1.jpg\",\"contentUrl\":\"https:\/\/miumjau.ee\/wp-content\/uploads\/2024\/08\/kassi-liivakasti-matt-l-55x75-cm-beez-1.jpg\",\"width\":600,\"height\":800},{\"@type\":\"BreadcrumbList\",\"@id\":\"https:\/\/miumjau.ee\/lv\/produkts\/kaku-smilsu-kastes-paklajs-l-55x75-cm-bess\/#breadcrumb\",\"itemListElement\":[{\"@type\":\"ListItem\",\"position\":1,\"name\":\"Home\",\"item\":\"https:\/\/miumjau.ee\/lv\/\"},{\"@type\":\"ListItem\",\"position\":2,\"name\":\"Veikals\",\"item\":\"https:\/\/miumjau.ee\/lv\/veikals\/\"},{\"@type\":\"ListItem\",\"position\":3,\"name\":\"Ka\u0137u smil\u0161u kastes pakl\u0101js L 55&#215;75 cm, b\u0113\u0161s\"}]},{\"@type\":\"WebSite\",\"@id\":\"https:\/\/miumjau.ee\/#website\",\"url\":\"https:\/\/miumjau.ee\/\",\"name\":\"MiuMjau\",\"description\":\"Kraapimispuud kassidele\",\"publisher\":{\"@id\":\"https:\/\/miumjau.ee\/#organization\"},\"potentialAction\":[{\"@type\":\"SearchAction\",\"target\":{\"@type\":\"EntryPoint\",\"urlTemplate\":\"https:\/\/miumjau.ee\/?s={search_term_string}\"},\"query-input\":{\"@type\":\"PropertyValueSpecification\",\"valueRequired\":true,\"valueName\":\"search_term_string\"}}],\"inLanguage\":\"lv-LV\"},{\"@type\":\"Organization\",\"@id\":\"https:\/\/miumjau.ee\/#organization\",\"name\":\"MiuMjau O\u00dc\",\"url\":\"https:\/\/miumjau.ee\/\",\"logo\":{\"@type\":\"ImageObject\",\"inLanguage\":\"lv-LV\",\"@id\":\"https:\/\/miumjau.ee\/#\/schema\/logo\/image\/\",\"url\":\"https:\/\/miumjau.ee\/wp-content\/uploads\/2022\/04\/MiuMjau-logo-kollane.png\",\"contentUrl\":\"https:\/\/miumjau.ee\/wp-content\/uploads\/2022\/04\/MiuMjau-logo-kollane.png\",\"width\":219,\"height\":100,\"caption\":\"MiuMjau O\u00dc\"},\"image\":{\"@id\":\"https:\/\/miumjau.ee\/#\/schema\/logo\/image\/\"},\"sameAs\":[\"https:\/\/www.facebook.com\/miumjaupood\/\"]}]}<\/script>\n<!-- \/ Yoast SEO plugin. -->","yoast_head_json":{"title":"Ka\u0137u smil\u0161u kastes pakl\u0101js L 55x75 cm, b\u0113\u0161s - MiuMjau","robots":{"index":"index","follow":"follow","max-snippet":"max-snippet:-1","max-image-preview":"max-image-preview:large","max-video-preview":"max-video-preview:-1"},"canonical":"https:\/\/miumjau.ee\/lv\/produkts\/kaku-smilsu-kastes-paklajs-l-55x75-cm-bess\/","og_locale":"lv_LV","og_type":"article","og_title":"Ka\u0137u smil\u0161u kastes pakl\u0101js L 55x75 cm, b\u0113\u0161s - MiuMjau","og_description":"Neatkar\u012bgi no t\u0101, k\u0101da veida ka\u0137u smiltis vai ka\u0137u kaste tiek izmantota, neliela nek\u0101rt\u012bba ir neizb\u0113gama. Ka\u0137i lec \u0101r\u0101 no kastes, izkaisot smiltis vai atst\u0101jot ekskrementus uz pakl\u0101ja. J\u016bsu m\u012blulis var nejau\u0161i uzk\u0101pt uz ekskrementiem un atst\u0101t traipus uz gr\u012bdas. Risin\u0101jums ir \u2013 smil\u0161u pakl\u0101ji! Ka\u0137u smil\u0161u pakl\u0101js atbr\u012bvo j\u016bs no stresa un ne\u0113rt\u012bb\u0101m, kas saist\u012btas ar smil\u0161u sav\u0101k\u0161anu p\u0113c ka\u0137a. Vienk\u0101r\u0161i novietojiet pakl\u0101ju pirms kastes vai zem t\u0101s (ar lielu rezervi apk\u0101rt), lai no\u0137ertu smiltis no ka\u0137a \u0137ep\u0101m. P\u0113c tam smiltis var viegli nos\u016bkt ar putek\u013cu s\u016bc\u0113ju vai izpurin\u0101t atpaka\u013c atkritumu kast\u0113. \u012apa\u0161\u012bbas:     No\u0137er liel\u0101ko da\u013cu izkais\u012bto smil\u0161u    M\u012bksts ka\u0137a \u0137ep\u0101m    Nesl\u012bdo\u0161as \u012bpa\u0161\u012bbas    Viegli t\u012br\u0101ms    Aizsarg\u0101 gr\u012bdu    \u016adensiztur\u012bgs   Izm\u0113ri: garums 75 cm, platums 55 cmSvars: 0,4 kgUzreiz pieejams!","og_url":"https:\/\/miumjau.ee\/lv\/produkts\/kaku-smilsu-kastes-paklajs-l-55x75-cm-bess\/","og_site_name":"MiuMjau","article_publisher":"https:\/\/www.facebook.com\/miumjaupood\/","article_modified_time":"2026-01-07T19:25:54+00:00","og_image":[{"width":600,"height":800,"url":"https:\/\/miumjau.ee\/wp-content\/uploads\/2024\/08\/kassi-liivakasti-matt-l-55x75-cm-beez-1.jpg","type":"image\/jpeg"}],"twitter_card":"summary_large_image","schema":{"@context":"https:\/\/schema.org","@graph":[{"@type":"WebPage","@id":"https:\/\/miumjau.ee\/lv\/produkts\/kaku-smilsu-kastes-paklajs-l-55x75-cm-bess\/","url":"https:\/\/miumjau.ee\/lv\/produkts\/kaku-smilsu-kastes-paklajs-l-55x75-cm-bess\/","name":"Ka\u0137u smil\u0161u kastes pakl\u0101js L 55x75 cm, b\u0113\u0161s - MiuMjau","isPartOf":{"@id":"https:\/\/miumjau.ee\/#website"},"primaryImageOfPage":{"@id":"https:\/\/miumjau.ee\/lv\/produkts\/kaku-smilsu-kastes-paklajs-l-55x75-cm-bess\/#primaryimage"},"image":{"@id":"https:\/\/miumjau.ee\/lv\/produkts\/kaku-smilsu-kastes-paklajs-l-55x75-cm-bess\/#primaryimage"},"thumbnailUrl":"https:\/\/miumjau.ee\/wp-content\/uploads\/2024\/08\/kassi-liivakasti-matt-l-55x75-cm-beez-1.jpg","datePublished":"2024-08-06T13:47:47+00:00","dateModified":"2026-01-07T19:25:54+00:00","breadcrumb":{"@id":"https:\/\/miumjau.ee\/lv\/produkts\/kaku-smilsu-kastes-paklajs-l-55x75-cm-bess\/#breadcrumb"},"inLanguage":"lv-LV","potentialAction":[{"@type":"ReadAction","target":["https:\/\/miumjau.ee\/lv\/produkts\/kaku-smilsu-kastes-paklajs-l-55x75-cm-bess\/"]}]},{"@type":"ImageObject","inLanguage":"lv-LV","@id":"https:\/\/miumjau.ee\/lv\/produkts\/kaku-smilsu-kastes-paklajs-l-55x75-cm-bess\/#primaryimage","url":"https:\/\/miumjau.ee\/wp-content\/uploads\/2024\/08\/kassi-liivakasti-matt-l-55x75-cm-beez-1.jpg","contentUrl":"https:\/\/miumjau.ee\/wp-content\/uploads\/2024\/08\/kassi-liivakasti-matt-l-55x75-cm-beez-1.jpg","width":600,"height":800},{"@type":"BreadcrumbList","@id":"https:\/\/miumjau.ee\/lv\/produkts\/kaku-smilsu-kastes-paklajs-l-55x75-cm-bess\/#breadcrumb","itemListElement":[{"@type":"ListItem","position":1,"name":"Home","item":"https:\/\/miumjau.ee\/lv\/"},{"@type":"ListItem","position":2,"name":"Veikals","item":"https:\/\/miumjau.ee\/lv\/veikals\/"},{"@type":"ListItem","position":3,"name":"Ka\u0137u smil\u0161u kastes pakl\u0101js L 55&#215;75 cm, b\u0113\u0161s"}]},{"@type":"WebSite","@id":"https:\/\/miumjau.ee\/#website","url":"https:\/\/miumjau.ee\/","name":"MiuMjau","description":"Kraapimispuud kassidele","publisher":{"@id":"https:\/\/miumjau.ee\/#organization"},"potentialAction":[{"@type":"SearchAction","target":{"@type":"EntryPoint","urlTemplate":"https:\/\/miumjau.ee\/?s={search_term_string}"},"query-input":{"@type":"PropertyValueSpecification","valueRequired":true,"valueName":"search_term_string"}}],"inLanguage":"lv-LV"},{"@type":"Organization","@id":"https:\/\/miumjau.ee\/#organization","name":"MiuMjau O\u00dc","url":"https:\/\/miumjau.ee\/","logo":{"@type":"ImageObject","inLanguage":"lv-LV","@id":"https:\/\/miumjau.ee\/#\/schema\/logo\/image\/","url":"https:\/\/miumjau.ee\/wp-content\/uploads\/2022\/04\/MiuMjau-logo-kollane.png","contentUrl":"https:\/\/miumjau.ee\/wp-content\/uploads\/2022\/04\/MiuMjau-logo-kollane.png","width":219,"height":100,"caption":"MiuMjau O\u00dc"},"image":{"@id":"https:\/\/miumjau.ee\/#\/schema\/logo\/image\/"},"sameAs":["https:\/\/www.facebook.com\/miumjaupood\/"]}]}},"_links":{"self":[{"href":"https:\/\/miumjau.ee\/lv\/wp-json\/wp\/v2\/product\/44811","targetHints":{"allow":["GET"]}}],"collection":[{"href":"https:\/\/miumjau.ee\/lv\/wp-json\/wp\/v2\/product"}],"about":[{"href":"https:\/\/miumjau.ee\/lv\/wp-json\/wp\/v2\/types\/product"}],"wp:featuredmedia":[{"embeddable":true,"href":"https:\/\/miumjau.ee\/lv\/wp-json\/wp\/v2\/media\/44812"}],"wp:attachment":[{"href":"https:\/\/miumjau.ee\/lv\/wp-json\/wp\/v2\/media?parent=44811"}],"wp:term":[{"taxonomy":"product_brand","embeddable":true,"href":"https:\/\/miumjau.ee\/lv\/wp-json\/wp\/v2\/product_brand?post=44811"},{"taxonomy":"product_cat","embeddable":true,"href":"https:\/\/miumjau.ee\/lv\/wp-json\/wp\/v2\/product_cat?post=44811"},{"taxonomy":"product_tag","embeddable":true,"href":"https:\/\/miumjau.ee\/lv\/wp-json\/wp\/v2\/product_tag?post=44811"}],"curies":[{"name":"wp","href":"https:\/\/api.w.org\/{rel}","templated":true}]}}