{"id":44806,"date":"2025-05-12T10:49:12","date_gmt":"2025-05-12T07:49:12","guid":{"rendered":"https:\/\/miumjau.ee\/toode\/smaku-neitralizetajs-kaku-smiltim-beaphar-orhidee\/"},"modified":"2026-01-29T17:10:46","modified_gmt":"2026-01-29T15:10:46","slug":"smaku-neitralizetajs-kaku-smiltim-beaphar-orhidee","status":"publish","type":"product","link":"https:\/\/miumjau.ee\/lv\/produkts\/smaku-neitralizetajs-kaku-smiltim-beaphar-orhidee\/","title":{"rendered":"Smaku neitraliz\u0113t\u0101js ka\u0137u smilt\u012bm Beaphar Orhidee"},"content":{"rendered":"","protected":false},"excerpt":{"rendered":"<p data-start=\"130\" data-end=\"353\">Smaku neitraliz\u0113jo\u0161\u0101 pulveris ir paredz\u0113ts lieto\u0161anai ka\u0137u smilt\u012bs. Tas nov\u0113r\u0161 nepat\u012bkamu smaku un pagarina ka\u0137u smil\u0161u kalpo\u0161anas laiku. Pulveris kav\u0113 bakt\u0113riju izplat\u012bbu, kas savuk\u0101rt pal\u0113nina nepat\u012bkamu smaku veido\u0161anos.<\/p>\n<p data-start=\"355\" data-end=\"732\"><strong data-start=\"355\" data-end=\"369\">Lieto\u0161ana:<\/strong><br data-start=\"369\" data-end=\"372\" \/>Kad esat iztuk\u0161oju\u0161i kasti, r\u016bp\u012bgi to izt\u012briet un nosusiniet. Ielejiet pietiekamu daudzumu jaunu smil\u0161u un sajauciet ar smaku neitraliz\u0113t\u0101ju. To var pievienot ar\u012b ikdien\u0101 p\u0113c vajadz\u012bbas, atkar\u012bb\u0101 no smil\u0161u st\u0101vok\u013ca. Viena iepakojuma pietiek l\u012bdz 20 lieto\u0161anas reiz\u0113m (apm\u0113ram 3 m\u0113ne\u0161us). Produkts piem\u0113rots lieto\u0161anai ar jebkura veida ka\u0137u smilt\u012bm un ir dro\u0161s.<\/p>\n<p data-start=\"734\" data-end=\"798\"><strong data-start=\"734\" data-end=\"756\">Kop\u0113jais daudzums:<\/strong> 400 g<br data-start=\"762\" data-end=\"765\" \/><strong data-start=\"765\" data-end=\"778\">Ra\u017eot\u0101js:<\/strong> Beaphar, N\u012bderlande<\/p>\n","protected":false},"featured_media":44807,"template":"","meta":[],"product_brand":[],"product_cat":[563,565],"product_tag":[],"class_list":{"0":"post-44806","1":"product","2":"type-product","3":"status-publish","4":"has-post-thumbnail","6":"product_cat-kaku-tualetes-smiltis","7":"product_cat-odu-un-smaku-kontrole","9":"first","10":"instock","11":"taxable","12":"shipping-taxable","13":"purchasable","14":"product-type-simple"},"yoast_head":"<!-- This site is optimized with the Yoast SEO plugin v27.2 - https:\/\/yoast.com\/product\/yoast-seo-wordpress\/ -->\n<title>Smaku neitraliz\u0113t\u0101js ka\u0137u smilt\u012bm Beaphar Orhidee - MiuMjau<\/title>\n<meta name=\"robots\" content=\"index, follow, max-snippet:-1, max-image-preview:large, max-video-preview:-1\" \/>\n<link rel=\"canonical\" href=\"https:\/\/miumjau.ee\/lv\/produkts\/smaku-neitralizetajs-kaku-smiltim-beaphar-orhidee\/\" \/>\n<meta property=\"og:locale\" content=\"lv_LV\" \/>\n<meta property=\"og:type\" content=\"article\" \/>\n<meta property=\"og:title\" content=\"Smaku neitraliz\u0113t\u0101js ka\u0137u smilt\u012bm Beaphar Orhidee - MiuMjau\" \/>\n<meta property=\"og:description\" content=\"Smaku neitraliz\u0113jo\u0161\u0101 pulveris ir paredz\u0113ts lieto\u0161anai ka\u0137u smilt\u012bs. Tas nov\u0113r\u0161 nepat\u012bkamu smaku un pagarina ka\u0137u smil\u0161u kalpo\u0161anas laiku. Pulveris kav\u0113 bakt\u0113riju izplat\u012bbu, kas savuk\u0101rt pal\u0113nina nepat\u012bkamu smaku veido\u0161anos. Lieto\u0161ana:Kad esat iztuk\u0161oju\u0161i kasti, r\u016bp\u012bgi to izt\u012briet un nosusiniet. Ielejiet pietiekamu daudzumu jaunu smil\u0161u un sajauciet ar smaku neitraliz\u0113t\u0101ju. To var pievienot ar\u012b ikdien\u0101 p\u0113c vajadz\u012bbas, atkar\u012bb\u0101 no smil\u0161u st\u0101vok\u013ca. Viena iepakojuma pietiek l\u012bdz 20 lieto\u0161anas reiz\u0113m (apm\u0113ram 3 m\u0113ne\u0161us). Produkts piem\u0113rots lieto\u0161anai ar jebkura veida ka\u0137u smilt\u012bm un ir dro\u0161s. Kop\u0113jais daudzums: 400 gRa\u017eot\u0101js: Beaphar, N\u012bderlande\" \/>\n<meta property=\"og:url\" content=\"https:\/\/miumjau.ee\/lv\/produkts\/smaku-neitralizetajs-kaku-smiltim-beaphar-orhidee\/\" \/>\n<meta property=\"og:site_name\" content=\"MiuMjau\" \/>\n<meta property=\"article:publisher\" content=\"https:\/\/www.facebook.com\/miumjaupood\/\" \/>\n<meta property=\"article:modified_time\" content=\"2026-01-29T15:10:46+00:00\" \/>\n<meta property=\"og:image\" content=\"https:\/\/miumjau.ee\/wp-content\/uploads\/2025\/05\/lohnade-neutraliseerija-beaphar-orhidee.webp\" \/>\n\t<meta property=\"og:image:width\" content=\"600\" \/>\n\t<meta property=\"og:image:height\" content=\"800\" \/>\n\t<meta property=\"og:image:type\" content=\"image\/webp\" \/>\n<meta name=\"twitter:card\" content=\"summary_large_image\" \/>\n<script type=\"application\/ld+json\" class=\"yoast-schema-graph\">{\"@context\":\"https:\/\/schema.org\",\"@graph\":[{\"@type\":\"WebPage\",\"@id\":\"https:\/\/miumjau.ee\/lv\/produkts\/smaku-neitralizetajs-kaku-smiltim-beaphar-orhidee\/\",\"url\":\"https:\/\/miumjau.ee\/lv\/produkts\/smaku-neitralizetajs-kaku-smiltim-beaphar-orhidee\/\",\"name\":\"Smaku neitraliz\u0113t\u0101js ka\u0137u smilt\u012bm Beaphar Orhidee - MiuMjau\",\"isPartOf\":{\"@id\":\"https:\/\/miumjau.ee\/#website\"},\"primaryImageOfPage\":{\"@id\":\"https:\/\/miumjau.ee\/lv\/produkts\/smaku-neitralizetajs-kaku-smiltim-beaphar-orhidee\/#primaryimage\"},\"image\":{\"@id\":\"https:\/\/miumjau.ee\/lv\/produkts\/smaku-neitralizetajs-kaku-smiltim-beaphar-orhidee\/#primaryimage\"},\"thumbnailUrl\":\"https:\/\/miumjau.ee\/wp-content\/uploads\/2025\/05\/lohnade-neutraliseerija-beaphar-orhidee.webp\",\"datePublished\":\"2025-05-12T07:49:12+00:00\",\"dateModified\":\"2026-01-29T15:10:46+00:00\",\"breadcrumb\":{\"@id\":\"https:\/\/miumjau.ee\/lv\/produkts\/smaku-neitralizetajs-kaku-smiltim-beaphar-orhidee\/#breadcrumb\"},\"inLanguage\":\"lv-LV\",\"potentialAction\":[{\"@type\":\"ReadAction\",\"target\":[\"https:\/\/miumjau.ee\/lv\/produkts\/smaku-neitralizetajs-kaku-smiltim-beaphar-orhidee\/\"]}]},{\"@type\":\"ImageObject\",\"inLanguage\":\"lv-LV\",\"@id\":\"https:\/\/miumjau.ee\/lv\/produkts\/smaku-neitralizetajs-kaku-smiltim-beaphar-orhidee\/#primaryimage\",\"url\":\"https:\/\/miumjau.ee\/wp-content\/uploads\/2025\/05\/lohnade-neutraliseerija-beaphar-orhidee.webp\",\"contentUrl\":\"https:\/\/miumjau.ee\/wp-content\/uploads\/2025\/05\/lohnade-neutraliseerija-beaphar-orhidee.webp\",\"width\":600,\"height\":800},{\"@type\":\"BreadcrumbList\",\"@id\":\"https:\/\/miumjau.ee\/lv\/produkts\/smaku-neitralizetajs-kaku-smiltim-beaphar-orhidee\/#breadcrumb\",\"itemListElement\":[{\"@type\":\"ListItem\",\"position\":1,\"name\":\"Home\",\"item\":\"https:\/\/miumjau.ee\/lv\/\"},{\"@type\":\"ListItem\",\"position\":2,\"name\":\"Veikals\",\"item\":\"https:\/\/miumjau.ee\/lv\/veikals\/\"},{\"@type\":\"ListItem\",\"position\":3,\"name\":\"Smaku neitraliz\u0113t\u0101js ka\u0137u smilt\u012bm Beaphar Orhidee\"}]},{\"@type\":\"WebSite\",\"@id\":\"https:\/\/miumjau.ee\/#website\",\"url\":\"https:\/\/miumjau.ee\/\",\"name\":\"MiuMjau\",\"description\":\"Kraapimispuud kassidele\",\"publisher\":{\"@id\":\"https:\/\/miumjau.ee\/#organization\"},\"potentialAction\":[{\"@type\":\"SearchAction\",\"target\":{\"@type\":\"EntryPoint\",\"urlTemplate\":\"https:\/\/miumjau.ee\/?s={search_term_string}\"},\"query-input\":{\"@type\":\"PropertyValueSpecification\",\"valueRequired\":true,\"valueName\":\"search_term_string\"}}],\"inLanguage\":\"lv-LV\"},{\"@type\":\"Organization\",\"@id\":\"https:\/\/miumjau.ee\/#organization\",\"name\":\"MiuMjau O\u00dc\",\"url\":\"https:\/\/miumjau.ee\/\",\"logo\":{\"@type\":\"ImageObject\",\"inLanguage\":\"lv-LV\",\"@id\":\"https:\/\/miumjau.ee\/#\/schema\/logo\/image\/\",\"url\":\"https:\/\/miumjau.ee\/wp-content\/uploads\/2022\/04\/MiuMjau-logo-kollane.png\",\"contentUrl\":\"https:\/\/miumjau.ee\/wp-content\/uploads\/2022\/04\/MiuMjau-logo-kollane.png\",\"width\":219,\"height\":100,\"caption\":\"MiuMjau O\u00dc\"},\"image\":{\"@id\":\"https:\/\/miumjau.ee\/#\/schema\/logo\/image\/\"},\"sameAs\":[\"https:\/\/www.facebook.com\/miumjaupood\/\"]}]}<\/script>\n<!-- \/ Yoast SEO plugin. -->","yoast_head_json":{"title":"Smaku neitraliz\u0113t\u0101js ka\u0137u smilt\u012bm Beaphar Orhidee - MiuMjau","robots":{"index":"index","follow":"follow","max-snippet":"max-snippet:-1","max-image-preview":"max-image-preview:large","max-video-preview":"max-video-preview:-1"},"canonical":"https:\/\/miumjau.ee\/lv\/produkts\/smaku-neitralizetajs-kaku-smiltim-beaphar-orhidee\/","og_locale":"lv_LV","og_type":"article","og_title":"Smaku neitraliz\u0113t\u0101js ka\u0137u smilt\u012bm Beaphar Orhidee - MiuMjau","og_description":"Smaku neitraliz\u0113jo\u0161\u0101 pulveris ir paredz\u0113ts lieto\u0161anai ka\u0137u smilt\u012bs. Tas nov\u0113r\u0161 nepat\u012bkamu smaku un pagarina ka\u0137u smil\u0161u kalpo\u0161anas laiku. Pulveris kav\u0113 bakt\u0113riju izplat\u012bbu, kas savuk\u0101rt pal\u0113nina nepat\u012bkamu smaku veido\u0161anos. Lieto\u0161ana:Kad esat iztuk\u0161oju\u0161i kasti, r\u016bp\u012bgi to izt\u012briet un nosusiniet. Ielejiet pietiekamu daudzumu jaunu smil\u0161u un sajauciet ar smaku neitraliz\u0113t\u0101ju. To var pievienot ar\u012b ikdien\u0101 p\u0113c vajadz\u012bbas, atkar\u012bb\u0101 no smil\u0161u st\u0101vok\u013ca. Viena iepakojuma pietiek l\u012bdz 20 lieto\u0161anas reiz\u0113m (apm\u0113ram 3 m\u0113ne\u0161us). Produkts piem\u0113rots lieto\u0161anai ar jebkura veida ka\u0137u smilt\u012bm un ir dro\u0161s. Kop\u0113jais daudzums: 400 gRa\u017eot\u0101js: Beaphar, N\u012bderlande","og_url":"https:\/\/miumjau.ee\/lv\/produkts\/smaku-neitralizetajs-kaku-smiltim-beaphar-orhidee\/","og_site_name":"MiuMjau","article_publisher":"https:\/\/www.facebook.com\/miumjaupood\/","article_modified_time":"2026-01-29T15:10:46+00:00","og_image":[{"width":600,"height":800,"url":"https:\/\/miumjau.ee\/wp-content\/uploads\/2025\/05\/lohnade-neutraliseerija-beaphar-orhidee.webp","type":"image\/webp"}],"twitter_card":"summary_large_image","schema":{"@context":"https:\/\/schema.org","@graph":[{"@type":"WebPage","@id":"https:\/\/miumjau.ee\/lv\/produkts\/smaku-neitralizetajs-kaku-smiltim-beaphar-orhidee\/","url":"https:\/\/miumjau.ee\/lv\/produkts\/smaku-neitralizetajs-kaku-smiltim-beaphar-orhidee\/","name":"Smaku neitraliz\u0113t\u0101js ka\u0137u smilt\u012bm Beaphar Orhidee - MiuMjau","isPartOf":{"@id":"https:\/\/miumjau.ee\/#website"},"primaryImageOfPage":{"@id":"https:\/\/miumjau.ee\/lv\/produkts\/smaku-neitralizetajs-kaku-smiltim-beaphar-orhidee\/#primaryimage"},"image":{"@id":"https:\/\/miumjau.ee\/lv\/produkts\/smaku-neitralizetajs-kaku-smiltim-beaphar-orhidee\/#primaryimage"},"thumbnailUrl":"https:\/\/miumjau.ee\/wp-content\/uploads\/2025\/05\/lohnade-neutraliseerija-beaphar-orhidee.webp","datePublished":"2025-05-12T07:49:12+00:00","dateModified":"2026-01-29T15:10:46+00:00","breadcrumb":{"@id":"https:\/\/miumjau.ee\/lv\/produkts\/smaku-neitralizetajs-kaku-smiltim-beaphar-orhidee\/#breadcrumb"},"inLanguage":"lv-LV","potentialAction":[{"@type":"ReadAction","target":["https:\/\/miumjau.ee\/lv\/produkts\/smaku-neitralizetajs-kaku-smiltim-beaphar-orhidee\/"]}]},{"@type":"ImageObject","inLanguage":"lv-LV","@id":"https:\/\/miumjau.ee\/lv\/produkts\/smaku-neitralizetajs-kaku-smiltim-beaphar-orhidee\/#primaryimage","url":"https:\/\/miumjau.ee\/wp-content\/uploads\/2025\/05\/lohnade-neutraliseerija-beaphar-orhidee.webp","contentUrl":"https:\/\/miumjau.ee\/wp-content\/uploads\/2025\/05\/lohnade-neutraliseerija-beaphar-orhidee.webp","width":600,"height":800},{"@type":"BreadcrumbList","@id":"https:\/\/miumjau.ee\/lv\/produkts\/smaku-neitralizetajs-kaku-smiltim-beaphar-orhidee\/#breadcrumb","itemListElement":[{"@type":"ListItem","position":1,"name":"Home","item":"https:\/\/miumjau.ee\/lv\/"},{"@type":"ListItem","position":2,"name":"Veikals","item":"https:\/\/miumjau.ee\/lv\/veikals\/"},{"@type":"ListItem","position":3,"name":"Smaku neitraliz\u0113t\u0101js ka\u0137u smilt\u012bm Beaphar Orhidee"}]},{"@type":"WebSite","@id":"https:\/\/miumjau.ee\/#website","url":"https:\/\/miumjau.ee\/","name":"MiuMjau","description":"Kraapimispuud kassidele","publisher":{"@id":"https:\/\/miumjau.ee\/#organization"},"potentialAction":[{"@type":"SearchAction","target":{"@type":"EntryPoint","urlTemplate":"https:\/\/miumjau.ee\/?s={search_term_string}"},"query-input":{"@type":"PropertyValueSpecification","valueRequired":true,"valueName":"search_term_string"}}],"inLanguage":"lv-LV"},{"@type":"Organization","@id":"https:\/\/miumjau.ee\/#organization","name":"MiuMjau O\u00dc","url":"https:\/\/miumjau.ee\/","logo":{"@type":"ImageObject","inLanguage":"lv-LV","@id":"https:\/\/miumjau.ee\/#\/schema\/logo\/image\/","url":"https:\/\/miumjau.ee\/wp-content\/uploads\/2022\/04\/MiuMjau-logo-kollane.png","contentUrl":"https:\/\/miumjau.ee\/wp-content\/uploads\/2022\/04\/MiuMjau-logo-kollane.png","width":219,"height":100,"caption":"MiuMjau O\u00dc"},"image":{"@id":"https:\/\/miumjau.ee\/#\/schema\/logo\/image\/"},"sameAs":["https:\/\/www.facebook.com\/miumjaupood\/"]}]}},"_links":{"self":[{"href":"https:\/\/miumjau.ee\/lv\/wp-json\/wp\/v2\/product\/44806","targetHints":{"allow":["GET"]}}],"collection":[{"href":"https:\/\/miumjau.ee\/lv\/wp-json\/wp\/v2\/product"}],"about":[{"href":"https:\/\/miumjau.ee\/lv\/wp-json\/wp\/v2\/types\/product"}],"wp:featuredmedia":[{"embeddable":true,"href":"https:\/\/miumjau.ee\/lv\/wp-json\/wp\/v2\/media\/44807"}],"wp:attachment":[{"href":"https:\/\/miumjau.ee\/lv\/wp-json\/wp\/v2\/media?parent=44806"}],"wp:term":[{"taxonomy":"product_brand","embeddable":true,"href":"https:\/\/miumjau.ee\/lv\/wp-json\/wp\/v2\/product_brand?post=44806"},{"taxonomy":"product_cat","embeddable":true,"href":"https:\/\/miumjau.ee\/lv\/wp-json\/wp\/v2\/product_cat?post=44806"},{"taxonomy":"product_tag","embeddable":true,"href":"https:\/\/miumjau.ee\/lv\/wp-json\/wp\/v2\/product_tag?post=44806"}],"curies":[{"name":"wp","href":"https:\/\/api.w.org\/{rel}","templated":true}]}}