{"id":44803,"date":"2024-10-18T14:45:52","date_gmt":"2024-10-18T11:45:52","guid":{"rendered":"https:\/\/miumjau.ee\/toode\/kaku-kaste-minus-one-s-besa\/"},"modified":"2026-01-07T21:25:54","modified_gmt":"2026-01-07T19:25:54","slug":"kaku-kaste-minus-one-s-besa","status":"publish","type":"product","link":"https:\/\/miumjau.ee\/lv\/produkts\/kaku-kaste-minus-one-s-besa\/","title":{"rendered":"Ka\u0137u kaste Minus One S, b\u0113\u0161a"},"content":{"rendered":"","protected":false},"excerpt":{"rendered":"<p data-start=\"109\" data-end=\"346\">Ka\u0137u kaste Minus One ir praktiska, \u0113rta lieto\u0161anai un est\u0113tiska. Produkts izgatavots no p\u0101rstr\u0101d\u0101ta plastmasas materi\u0101la. Kast\u0113 ir \u012bpa\u0161i labi izstr\u0101d\u0101ta mala, kas not\u012bra lieko smiltis no ka\u0137a \u0137ep\u0101m, t\u0101d\u0113j\u0101di ka\u0137is maz\u0101k smil\u0161u iznes \u0101r\u0101.<\/p>\n<p data-start=\"348\" data-end=\"368\"><strong data-start=\"348\" data-end=\"366\">Produkta dati:<\/strong><\/p>\n<ul data-start=\"369\" data-end=\"449\">\n<li data-start=\"369\" data-end=\"386\">\n<p data-start=\"371\" data-end=\"386\">Svars: 0,6 kg<\/p>\n<\/li>\n<li data-start=\"387\" data-end=\"408\">\n<p data-start=\"389\" data-end=\"408\">Augstums: 18,4 cm<\/p>\n<\/li>\n<li data-start=\"409\" data-end=\"428\">\n<p data-start=\"411\" data-end=\"428\">Garums: 47,9 cm<\/p>\n<\/li>\n<li data-start=\"429\" data-end=\"449\">\n<p data-start=\"431\" data-end=\"449\">Platums: 39,4 cm<\/p>\n<\/li>\n<\/ul>\n<p data-start=\"451\" data-end=\"471\"><strong data-start=\"451\" data-end=\"471\">Pieejams uzreiz!<\/strong><\/p>\n","protected":false},"featured_media":44804,"template":"","meta":[],"product_brand":[],"product_cat":[564],"product_tag":[],"class_list":{"0":"post-44803","1":"product","2":"type-product","3":"status-publish","4":"has-post-thumbnail","6":"product_cat-tualetes-kastes","8":"first","9":"instock","10":"taxable","11":"shipping-taxable","12":"purchasable","13":"product-type-simple"},"yoast_head":"<!-- This site is optimized with the Yoast SEO plugin v27.2 - https:\/\/yoast.com\/product\/yoast-seo-wordpress\/ -->\n<title>Ka\u0137u kaste Minus One S, b\u0113\u0161a - MiuMjau<\/title>\n<meta name=\"robots\" content=\"index, follow, max-snippet:-1, max-image-preview:large, max-video-preview:-1\" \/>\n<link rel=\"canonical\" href=\"https:\/\/miumjau.ee\/lv\/produkts\/kaku-kaste-minus-one-s-besa\/\" \/>\n<meta property=\"og:locale\" content=\"lv_LV\" \/>\n<meta property=\"og:type\" content=\"article\" \/>\n<meta property=\"og:title\" content=\"Ka\u0137u kaste Minus One S, b\u0113\u0161a - MiuMjau\" \/>\n<meta property=\"og:description\" content=\"Ka\u0137u kaste Minus One ir praktiska, \u0113rta lieto\u0161anai un est\u0113tiska. Produkts izgatavots no p\u0101rstr\u0101d\u0101ta plastmasas materi\u0101la. Kast\u0113 ir \u012bpa\u0161i labi izstr\u0101d\u0101ta mala, kas not\u012bra lieko smiltis no ka\u0137a \u0137ep\u0101m, t\u0101d\u0113j\u0101di ka\u0137is maz\u0101k smil\u0161u iznes \u0101r\u0101. Produkta dati:     Svars: 0,6 kg    Augstums: 18,4 cm    Garums: 47,9 cm    Platums: 39,4 cm   Pieejams uzreiz!\" \/>\n<meta property=\"og:url\" content=\"https:\/\/miumjau.ee\/lv\/produkts\/kaku-kaste-minus-one-s-besa\/\" \/>\n<meta property=\"og:site_name\" content=\"MiuMjau\" \/>\n<meta property=\"article:publisher\" content=\"https:\/\/www.facebook.com\/miumjaupood\/\" \/>\n<meta property=\"article:modified_time\" content=\"2026-01-07T19:25:54+00:00\" \/>\n<meta property=\"og:image\" content=\"https:\/\/miumjau.ee\/wp-content\/uploads\/2024\/10\/liivakast-minus-one2.jpg\" \/>\n\t<meta property=\"og:image:width\" content=\"600\" \/>\n\t<meta property=\"og:image:height\" content=\"800\" \/>\n\t<meta property=\"og:image:type\" content=\"image\/jpeg\" \/>\n<meta name=\"twitter:card\" content=\"summary_large_image\" \/>\n<script type=\"application\/ld+json\" class=\"yoast-schema-graph\">{\"@context\":\"https:\/\/schema.org\",\"@graph\":[{\"@type\":\"WebPage\",\"@id\":\"https:\/\/miumjau.ee\/lv\/produkts\/kaku-kaste-minus-one-s-besa\/\",\"url\":\"https:\/\/miumjau.ee\/lv\/produkts\/kaku-kaste-minus-one-s-besa\/\",\"name\":\"Ka\u0137u kaste Minus One S, b\u0113\u0161a - MiuMjau\",\"isPartOf\":{\"@id\":\"https:\/\/miumjau.ee\/#website\"},\"primaryImageOfPage\":{\"@id\":\"https:\/\/miumjau.ee\/lv\/produkts\/kaku-kaste-minus-one-s-besa\/#primaryimage\"},\"image\":{\"@id\":\"https:\/\/miumjau.ee\/lv\/produkts\/kaku-kaste-minus-one-s-besa\/#primaryimage\"},\"thumbnailUrl\":\"https:\/\/miumjau.ee\/wp-content\/uploads\/2024\/10\/liivakast-minus-one2.jpg\",\"datePublished\":\"2024-10-18T11:45:52+00:00\",\"dateModified\":\"2026-01-07T19:25:54+00:00\",\"breadcrumb\":{\"@id\":\"https:\/\/miumjau.ee\/lv\/produkts\/kaku-kaste-minus-one-s-besa\/#breadcrumb\"},\"inLanguage\":\"lv-LV\",\"potentialAction\":[{\"@type\":\"ReadAction\",\"target\":[\"https:\/\/miumjau.ee\/lv\/produkts\/kaku-kaste-minus-one-s-besa\/\"]}]},{\"@type\":\"ImageObject\",\"inLanguage\":\"lv-LV\",\"@id\":\"https:\/\/miumjau.ee\/lv\/produkts\/kaku-kaste-minus-one-s-besa\/#primaryimage\",\"url\":\"https:\/\/miumjau.ee\/wp-content\/uploads\/2024\/10\/liivakast-minus-one2.jpg\",\"contentUrl\":\"https:\/\/miumjau.ee\/wp-content\/uploads\/2024\/10\/liivakast-minus-one2.jpg\",\"width\":600,\"height\":800},{\"@type\":\"BreadcrumbList\",\"@id\":\"https:\/\/miumjau.ee\/lv\/produkts\/kaku-kaste-minus-one-s-besa\/#breadcrumb\",\"itemListElement\":[{\"@type\":\"ListItem\",\"position\":1,\"name\":\"Home\",\"item\":\"https:\/\/miumjau.ee\/lv\/\"},{\"@type\":\"ListItem\",\"position\":2,\"name\":\"Veikals\",\"item\":\"https:\/\/miumjau.ee\/lv\/veikals\/\"},{\"@type\":\"ListItem\",\"position\":3,\"name\":\"Ka\u0137u kaste Minus One S, b\u0113\u0161a\"}]},{\"@type\":\"WebSite\",\"@id\":\"https:\/\/miumjau.ee\/#website\",\"url\":\"https:\/\/miumjau.ee\/\",\"name\":\"MiuMjau\",\"description\":\"Kraapimispuud kassidele\",\"publisher\":{\"@id\":\"https:\/\/miumjau.ee\/#organization\"},\"potentialAction\":[{\"@type\":\"SearchAction\",\"target\":{\"@type\":\"EntryPoint\",\"urlTemplate\":\"https:\/\/miumjau.ee\/?s={search_term_string}\"},\"query-input\":{\"@type\":\"PropertyValueSpecification\",\"valueRequired\":true,\"valueName\":\"search_term_string\"}}],\"inLanguage\":\"lv-LV\"},{\"@type\":\"Organization\",\"@id\":\"https:\/\/miumjau.ee\/#organization\",\"name\":\"MiuMjau O\u00dc\",\"url\":\"https:\/\/miumjau.ee\/\",\"logo\":{\"@type\":\"ImageObject\",\"inLanguage\":\"lv-LV\",\"@id\":\"https:\/\/miumjau.ee\/#\/schema\/logo\/image\/\",\"url\":\"https:\/\/miumjau.ee\/wp-content\/uploads\/2022\/04\/MiuMjau-logo-kollane.png\",\"contentUrl\":\"https:\/\/miumjau.ee\/wp-content\/uploads\/2022\/04\/MiuMjau-logo-kollane.png\",\"width\":219,\"height\":100,\"caption\":\"MiuMjau O\u00dc\"},\"image\":{\"@id\":\"https:\/\/miumjau.ee\/#\/schema\/logo\/image\/\"},\"sameAs\":[\"https:\/\/www.facebook.com\/miumjaupood\/\"]}]}<\/script>\n<!-- \/ Yoast SEO plugin. -->","yoast_head_json":{"title":"Ka\u0137u kaste Minus One S, b\u0113\u0161a - MiuMjau","robots":{"index":"index","follow":"follow","max-snippet":"max-snippet:-1","max-image-preview":"max-image-preview:large","max-video-preview":"max-video-preview:-1"},"canonical":"https:\/\/miumjau.ee\/lv\/produkts\/kaku-kaste-minus-one-s-besa\/","og_locale":"lv_LV","og_type":"article","og_title":"Ka\u0137u kaste Minus One S, b\u0113\u0161a - MiuMjau","og_description":"Ka\u0137u kaste Minus One ir praktiska, \u0113rta lieto\u0161anai un est\u0113tiska. Produkts izgatavots no p\u0101rstr\u0101d\u0101ta plastmasas materi\u0101la. Kast\u0113 ir \u012bpa\u0161i labi izstr\u0101d\u0101ta mala, kas not\u012bra lieko smiltis no ka\u0137a \u0137ep\u0101m, t\u0101d\u0113j\u0101di ka\u0137is maz\u0101k smil\u0161u iznes \u0101r\u0101. Produkta dati:     Svars: 0,6 kg    Augstums: 18,4 cm    Garums: 47,9 cm    Platums: 39,4 cm   Pieejams uzreiz!","og_url":"https:\/\/miumjau.ee\/lv\/produkts\/kaku-kaste-minus-one-s-besa\/","og_site_name":"MiuMjau","article_publisher":"https:\/\/www.facebook.com\/miumjaupood\/","article_modified_time":"2026-01-07T19:25:54+00:00","og_image":[{"width":600,"height":800,"url":"https:\/\/miumjau.ee\/wp-content\/uploads\/2024\/10\/liivakast-minus-one2.jpg","type":"image\/jpeg"}],"twitter_card":"summary_large_image","schema":{"@context":"https:\/\/schema.org","@graph":[{"@type":"WebPage","@id":"https:\/\/miumjau.ee\/lv\/produkts\/kaku-kaste-minus-one-s-besa\/","url":"https:\/\/miumjau.ee\/lv\/produkts\/kaku-kaste-minus-one-s-besa\/","name":"Ka\u0137u kaste Minus One S, b\u0113\u0161a - MiuMjau","isPartOf":{"@id":"https:\/\/miumjau.ee\/#website"},"primaryImageOfPage":{"@id":"https:\/\/miumjau.ee\/lv\/produkts\/kaku-kaste-minus-one-s-besa\/#primaryimage"},"image":{"@id":"https:\/\/miumjau.ee\/lv\/produkts\/kaku-kaste-minus-one-s-besa\/#primaryimage"},"thumbnailUrl":"https:\/\/miumjau.ee\/wp-content\/uploads\/2024\/10\/liivakast-minus-one2.jpg","datePublished":"2024-10-18T11:45:52+00:00","dateModified":"2026-01-07T19:25:54+00:00","breadcrumb":{"@id":"https:\/\/miumjau.ee\/lv\/produkts\/kaku-kaste-minus-one-s-besa\/#breadcrumb"},"inLanguage":"lv-LV","potentialAction":[{"@type":"ReadAction","target":["https:\/\/miumjau.ee\/lv\/produkts\/kaku-kaste-minus-one-s-besa\/"]}]},{"@type":"ImageObject","inLanguage":"lv-LV","@id":"https:\/\/miumjau.ee\/lv\/produkts\/kaku-kaste-minus-one-s-besa\/#primaryimage","url":"https:\/\/miumjau.ee\/wp-content\/uploads\/2024\/10\/liivakast-minus-one2.jpg","contentUrl":"https:\/\/miumjau.ee\/wp-content\/uploads\/2024\/10\/liivakast-minus-one2.jpg","width":600,"height":800},{"@type":"BreadcrumbList","@id":"https:\/\/miumjau.ee\/lv\/produkts\/kaku-kaste-minus-one-s-besa\/#breadcrumb","itemListElement":[{"@type":"ListItem","position":1,"name":"Home","item":"https:\/\/miumjau.ee\/lv\/"},{"@type":"ListItem","position":2,"name":"Veikals","item":"https:\/\/miumjau.ee\/lv\/veikals\/"},{"@type":"ListItem","position":3,"name":"Ka\u0137u kaste Minus One S, b\u0113\u0161a"}]},{"@type":"WebSite","@id":"https:\/\/miumjau.ee\/#website","url":"https:\/\/miumjau.ee\/","name":"MiuMjau","description":"Kraapimispuud kassidele","publisher":{"@id":"https:\/\/miumjau.ee\/#organization"},"potentialAction":[{"@type":"SearchAction","target":{"@type":"EntryPoint","urlTemplate":"https:\/\/miumjau.ee\/?s={search_term_string}"},"query-input":{"@type":"PropertyValueSpecification","valueRequired":true,"valueName":"search_term_string"}}],"inLanguage":"lv-LV"},{"@type":"Organization","@id":"https:\/\/miumjau.ee\/#organization","name":"MiuMjau O\u00dc","url":"https:\/\/miumjau.ee\/","logo":{"@type":"ImageObject","inLanguage":"lv-LV","@id":"https:\/\/miumjau.ee\/#\/schema\/logo\/image\/","url":"https:\/\/miumjau.ee\/wp-content\/uploads\/2022\/04\/MiuMjau-logo-kollane.png","contentUrl":"https:\/\/miumjau.ee\/wp-content\/uploads\/2022\/04\/MiuMjau-logo-kollane.png","width":219,"height":100,"caption":"MiuMjau O\u00dc"},"image":{"@id":"https:\/\/miumjau.ee\/#\/schema\/logo\/image\/"},"sameAs":["https:\/\/www.facebook.com\/miumjaupood\/"]}]}},"_links":{"self":[{"href":"https:\/\/miumjau.ee\/lv\/wp-json\/wp\/v2\/product\/44803","targetHints":{"allow":["GET"]}}],"collection":[{"href":"https:\/\/miumjau.ee\/lv\/wp-json\/wp\/v2\/product"}],"about":[{"href":"https:\/\/miumjau.ee\/lv\/wp-json\/wp\/v2\/types\/product"}],"wp:featuredmedia":[{"embeddable":true,"href":"https:\/\/miumjau.ee\/lv\/wp-json\/wp\/v2\/media\/44804"}],"wp:attachment":[{"href":"https:\/\/miumjau.ee\/lv\/wp-json\/wp\/v2\/media?parent=44803"}],"wp:term":[{"taxonomy":"product_brand","embeddable":true,"href":"https:\/\/miumjau.ee\/lv\/wp-json\/wp\/v2\/product_brand?post=44803"},{"taxonomy":"product_cat","embeddable":true,"href":"https:\/\/miumjau.ee\/lv\/wp-json\/wp\/v2\/product_cat?post=44803"},{"taxonomy":"product_tag","embeddable":true,"href":"https:\/\/miumjau.ee\/lv\/wp-json\/wp\/v2\/product_tag?post=44803"}],"curies":[{"name":"wp","href":"https:\/\/api.w.org\/{rel}","templated":true}]}}