{"id":44793,"date":"2025-10-13T19:39:29","date_gmt":"2025-10-13T16:39:29","guid":{"rendered":"https:\/\/miumjau.ee\/toode\/tofu-kaku-smiltis-murrfect-zala-teja-8x25-kg\/"},"modified":"2026-01-07T21:25:54","modified_gmt":"2026-01-07T19:25:54","slug":"tofu-kaku-smiltis-murrfect-zala-teja-8x25-kg","status":"publish","type":"product","link":"https:\/\/miumjau.ee\/lv\/produkts\/tofu-kaku-smiltis-murrfect-zala-teja-8x25-kg\/","title":{"rendered":"Tofu ka\u0137u smiltis Murrfect, za\u013c\u0101 t\u0113ja 8&#215;2,5 kg"},"content":{"rendered":"","protected":false},"excerpt":{"rendered":"<p data-start=\"127\" data-end=\"166\"><strong data-start=\"127\" data-end=\"166\">K\u0101p\u0113c izv\u0113l\u0113ties tofu ka\u0137u smiltis?<\/strong><\/p>\n<ul data-start=\"168\" data-end=\"882\">\n<li data-start=\"168\" data-end=\"334\">\n<p data-start=\"170\" data-end=\"334\"><strong data-start=\"170\" data-end=\"189\">Dabiska sast\u0101vs<\/strong> \u2013 izgatavots no \u0113dama tofu (sojas \u0161\u0137iedras), piln\u012bgi dro\u0161s gan ka\u0137iem, ka\u0137\u0113niem, gan cilv\u0113kiem. Nesatur \u0137\u012bmisk\u0101s vielas un m\u0101ksl\u012bg\u0101s piedevas.<\/p>\n<\/li>\n<li data-start=\"335\" data-end=\"452\">\n<p data-start=\"337\" data-end=\"452\"><strong data-start=\"337\" data-end=\"384\">Videi draudz\u012bgs un 100% biolo\u0123iski no\u0101rd\u0101ms<\/strong> \u2013 var izmest tualet\u0113 vai kompost\u0113t. Nav lieku atkritumu probl\u0113mu.<\/p>\n<\/li>\n<li data-start=\"453\" data-end=\"597\">\n<p data-start=\"455\" data-end=\"597\"><strong data-start=\"455\" data-end=\"483\">Lieliska smakas kontrole<\/strong> \u2013 tofu granulas lieliski uzs\u016bc mitrumu un \u0101tri veido stingras kunkas, kas nov\u0113r\u0161 nepat\u012bkamu smaku izplat\u012b\u0161anos.<\/p>\n<\/li>\n<li data-start=\"598\" data-end=\"695\">\n<p data-start=\"600\" data-end=\"695\"><strong data-start=\"600\" data-end=\"628\">M\u012bksts un saudz\u012bgs \u0137ep\u0101m<\/strong> \u2013 nelielas, vieglas granulas pat\u012bk pat visizv\u0113l\u012bg\u0101kajiem ka\u0137iem.<\/p>\n<\/li>\n<li data-start=\"696\" data-end=\"779\">\n<p data-start=\"698\" data-end=\"779\"><strong data-start=\"698\" data-end=\"719\">Vienk\u0101r\u0161a kop\u0161ana<\/strong> \u2013 nesm\u0113r\u0113jas, neveido putek\u013cus, viegli t\u012br\u0101ms un main\u0101ms.<\/p>\n<\/li>\n<li data-start=\"780\" data-end=\"882\">\n<p data-start=\"782\" data-end=\"882\"><strong data-start=\"782\" data-end=\"799\">Bez putek\u013ciem<\/strong> \u2013 piem\u0113rots \u0123imen\u0113m ar aler\u0123ij\u0101m. Saglab\u0101 dz\u012bvnieku un saimnieku elpce\u013cus t\u012brus.<\/p>\n<\/li>\n<\/ul>\n<p data-start=\"884\" data-end=\"1227\"><strong data-start=\"884\" data-end=\"927\">Pieejamie arom\u0101ti \u2013 v\u0113l liel\u0101ka izv\u0113le:<\/strong><br data-start=\"927\" data-end=\"930\" \/>\ud83c\udf31 <strong data-start=\"933\" data-end=\"953\">Za\u013c\u0101s t\u0113jas tofu<\/strong> \u2013 dab\u012bgs svaigums, kas saglab\u0101 m\u0101j\u0101s pat\u012bkamu smar\u017eu.<br data-start=\"1007\" data-end=\"1010\" \/>\ud83c\udf11 <strong data-start=\"1013\" data-end=\"1034\">Bambusa og\u013cu tofu<\/strong> \u2013 v\u0113l efekt\u012bv\u0101ka smakas neitraliz\u0113\u0161ana, lieliski piem\u0113rots jut\u012bg\u0101m m\u0101j\u0101m vai m\u0101j\u0101m ar vair\u0101kiem ka\u0137iem.<br data-start=\"1138\" data-end=\"1141\" \/>\ud83e\udd0d <strong data-start=\"1144\" data-end=\"1161\">Neitr\u0101ls tofu<\/strong> \u2013 bez smar\u017eas, ide\u0101li aler\u0123iskiem ka\u0137iem un jut\u012bgiem saimniekiem.<\/p>\n","protected":false},"featured_media":44794,"template":"","meta":[],"product_brand":[],"product_cat":[563],"product_tag":[],"class_list":{"0":"post-44793","1":"product","2":"type-product","3":"status-publish","4":"has-post-thumbnail","6":"product_cat-kaku-tualetes-smiltis","8":"first","9":"instock","10":"sale","11":"taxable","12":"shipping-taxable","13":"purchasable","14":"product-type-simple"},"yoast_head":"<!-- This site is optimized with the Yoast SEO plugin v27.2 - https:\/\/yoast.com\/product\/yoast-seo-wordpress\/ -->\n<title>Tofu ka\u0137u smiltis Murrfect, za\u013c\u0101 t\u0113ja 8x2,5 kg - MiuMjau<\/title>\n<meta name=\"robots\" content=\"index, follow, max-snippet:-1, max-image-preview:large, max-video-preview:-1\" \/>\n<link rel=\"canonical\" href=\"https:\/\/miumjau.ee\/lv\/produkts\/tofu-kaku-smiltis-murrfect-zala-teja-8x25-kg\/\" \/>\n<meta property=\"og:locale\" content=\"lv_LV\" \/>\n<meta property=\"og:type\" content=\"article\" \/>\n<meta property=\"og:title\" content=\"Tofu ka\u0137u smiltis Murrfect, za\u013c\u0101 t\u0113ja 8x2,5 kg - MiuMjau\" \/>\n<meta property=\"og:description\" content=\"K\u0101p\u0113c izv\u0113l\u0113ties tofu ka\u0137u smiltis?     Dabiska sast\u0101vs \u2013 izgatavots no \u0113dama tofu (sojas \u0161\u0137iedras), piln\u012bgi dro\u0161s gan ka\u0137iem, ka\u0137\u0113niem, gan cilv\u0113kiem. Nesatur \u0137\u012bmisk\u0101s vielas un m\u0101ksl\u012bg\u0101s piedevas.    Videi draudz\u012bgs un 100% biolo\u0123iski no\u0101rd\u0101ms \u2013 var izmest tualet\u0113 vai kompost\u0113t. Nav lieku atkritumu probl\u0113mu.    Lieliska smakas kontrole \u2013 tofu granulas lieliski uzs\u016bc mitrumu un \u0101tri veido stingras kunkas, kas nov\u0113r\u0161 nepat\u012bkamu smaku izplat\u012b\u0161anos.    M\u012bksts un saudz\u012bgs \u0137ep\u0101m \u2013 nelielas, vieglas granulas pat\u012bk pat visizv\u0113l\u012bg\u0101kajiem ka\u0137iem.    Vienk\u0101r\u0161a kop\u0161ana \u2013 nesm\u0113r\u0113jas, neveido putek\u013cus, viegli t\u012br\u0101ms un main\u0101ms.    Bez putek\u013ciem \u2013 piem\u0113rots \u0123imen\u0113m ar aler\u0123ij\u0101m. Saglab\u0101 dz\u012bvnieku un saimnieku elpce\u013cus t\u012brus.   Pieejamie arom\u0101ti \u2013 v\u0113l liel\u0101ka izv\u0113le:\ud83c\udf31 Za\u013c\u0101s t\u0113jas tofu \u2013 dab\u012bgs svaigums, kas saglab\u0101 m\u0101j\u0101s pat\u012bkamu smar\u017eu.\ud83c\udf11 Bambusa og\u013cu tofu \u2013 v\u0113l efekt\u012bv\u0101ka smakas neitraliz\u0113\u0161ana, lieliski piem\u0113rots jut\u012bg\u0101m m\u0101j\u0101m vai m\u0101j\u0101m ar vair\u0101kiem ka\u0137iem.\ud83e\udd0d Neitr\u0101ls tofu \u2013 bez smar\u017eas, ide\u0101li aler\u0123iskiem ka\u0137iem un jut\u012bgiem saimniekiem.\" \/>\n<meta property=\"og:url\" content=\"https:\/\/miumjau.ee\/lv\/produkts\/tofu-kaku-smiltis-murrfect-zala-teja-8x25-kg\/\" \/>\n<meta property=\"og:site_name\" content=\"MiuMjau\" \/>\n<meta property=\"article:publisher\" content=\"https:\/\/www.facebook.com\/miumjaupood\/\" \/>\n<meta property=\"article:modified_time\" content=\"2026-01-07T19:25:54+00:00\" \/>\n<meta property=\"og:image\" content=\"https:\/\/miumjau.ee\/wp-content\/uploads\/2025\/10\/murrfect-tofu-kassiliiv10.jpg\" \/>\n\t<meta property=\"og:image:width\" content=\"1200\" \/>\n\t<meta property=\"og:image:height\" content=\"1600\" \/>\n\t<meta property=\"og:image:type\" content=\"image\/jpeg\" \/>\n<meta name=\"twitter:card\" content=\"summary_large_image\" \/>\n<script type=\"application\/ld+json\" class=\"yoast-schema-graph\">{\"@context\":\"https:\/\/schema.org\",\"@graph\":[{\"@type\":\"WebPage\",\"@id\":\"https:\/\/miumjau.ee\/lv\/produkts\/tofu-kaku-smiltis-murrfect-zala-teja-8x25-kg\/\",\"url\":\"https:\/\/miumjau.ee\/lv\/produkts\/tofu-kaku-smiltis-murrfect-zala-teja-8x25-kg\/\",\"name\":\"Tofu ka\u0137u smiltis Murrfect, za\u013c\u0101 t\u0113ja 8x2,5 kg - MiuMjau\",\"isPartOf\":{\"@id\":\"https:\/\/miumjau.ee\/#website\"},\"primaryImageOfPage\":{\"@id\":\"https:\/\/miumjau.ee\/lv\/produkts\/tofu-kaku-smiltis-murrfect-zala-teja-8x25-kg\/#primaryimage\"},\"image\":{\"@id\":\"https:\/\/miumjau.ee\/lv\/produkts\/tofu-kaku-smiltis-murrfect-zala-teja-8x25-kg\/#primaryimage\"},\"thumbnailUrl\":\"https:\/\/miumjau.ee\/wp-content\/uploads\/2025\/10\/murrfect-tofu-kassiliiv10.jpg\",\"datePublished\":\"2025-10-13T16:39:29+00:00\",\"dateModified\":\"2026-01-07T19:25:54+00:00\",\"breadcrumb\":{\"@id\":\"https:\/\/miumjau.ee\/lv\/produkts\/tofu-kaku-smiltis-murrfect-zala-teja-8x25-kg\/#breadcrumb\"},\"inLanguage\":\"lv-LV\",\"potentialAction\":[{\"@type\":\"ReadAction\",\"target\":[\"https:\/\/miumjau.ee\/lv\/produkts\/tofu-kaku-smiltis-murrfect-zala-teja-8x25-kg\/\"]}]},{\"@type\":\"ImageObject\",\"inLanguage\":\"lv-LV\",\"@id\":\"https:\/\/miumjau.ee\/lv\/produkts\/tofu-kaku-smiltis-murrfect-zala-teja-8x25-kg\/#primaryimage\",\"url\":\"https:\/\/miumjau.ee\/wp-content\/uploads\/2025\/10\/murrfect-tofu-kassiliiv10.jpg\",\"contentUrl\":\"https:\/\/miumjau.ee\/wp-content\/uploads\/2025\/10\/murrfect-tofu-kassiliiv10.jpg\",\"width\":1200,\"height\":1600},{\"@type\":\"BreadcrumbList\",\"@id\":\"https:\/\/miumjau.ee\/lv\/produkts\/tofu-kaku-smiltis-murrfect-zala-teja-8x25-kg\/#breadcrumb\",\"itemListElement\":[{\"@type\":\"ListItem\",\"position\":1,\"name\":\"Home\",\"item\":\"https:\/\/miumjau.ee\/lv\/\"},{\"@type\":\"ListItem\",\"position\":2,\"name\":\"Veikals\",\"item\":\"https:\/\/miumjau.ee\/lv\/veikals\/\"},{\"@type\":\"ListItem\",\"position\":3,\"name\":\"Tofu ka\u0137u smiltis Murrfect, za\u013c\u0101 t\u0113ja 8&#215;2,5 kg\"}]},{\"@type\":\"WebSite\",\"@id\":\"https:\/\/miumjau.ee\/#website\",\"url\":\"https:\/\/miumjau.ee\/\",\"name\":\"MiuMjau\",\"description\":\"Kraapimispuud kassidele\",\"publisher\":{\"@id\":\"https:\/\/miumjau.ee\/#organization\"},\"potentialAction\":[{\"@type\":\"SearchAction\",\"target\":{\"@type\":\"EntryPoint\",\"urlTemplate\":\"https:\/\/miumjau.ee\/?s={search_term_string}\"},\"query-input\":{\"@type\":\"PropertyValueSpecification\",\"valueRequired\":true,\"valueName\":\"search_term_string\"}}],\"inLanguage\":\"lv-LV\"},{\"@type\":\"Organization\",\"@id\":\"https:\/\/miumjau.ee\/#organization\",\"name\":\"MiuMjau O\u00dc\",\"url\":\"https:\/\/miumjau.ee\/\",\"logo\":{\"@type\":\"ImageObject\",\"inLanguage\":\"lv-LV\",\"@id\":\"https:\/\/miumjau.ee\/#\/schema\/logo\/image\/\",\"url\":\"https:\/\/miumjau.ee\/wp-content\/uploads\/2022\/04\/MiuMjau-logo-kollane.png\",\"contentUrl\":\"https:\/\/miumjau.ee\/wp-content\/uploads\/2022\/04\/MiuMjau-logo-kollane.png\",\"width\":219,\"height\":100,\"caption\":\"MiuMjau O\u00dc\"},\"image\":{\"@id\":\"https:\/\/miumjau.ee\/#\/schema\/logo\/image\/\"},\"sameAs\":[\"https:\/\/www.facebook.com\/miumjaupood\/\"]}]}<\/script>\n<!-- \/ Yoast SEO plugin. -->","yoast_head_json":{"title":"Tofu ka\u0137u smiltis Murrfect, za\u013c\u0101 t\u0113ja 8x2,5 kg - MiuMjau","robots":{"index":"index","follow":"follow","max-snippet":"max-snippet:-1","max-image-preview":"max-image-preview:large","max-video-preview":"max-video-preview:-1"},"canonical":"https:\/\/miumjau.ee\/lv\/produkts\/tofu-kaku-smiltis-murrfect-zala-teja-8x25-kg\/","og_locale":"lv_LV","og_type":"article","og_title":"Tofu ka\u0137u smiltis Murrfect, za\u013c\u0101 t\u0113ja 8x2,5 kg - MiuMjau","og_description":"K\u0101p\u0113c izv\u0113l\u0113ties tofu ka\u0137u smiltis?     Dabiska sast\u0101vs \u2013 izgatavots no \u0113dama tofu (sojas \u0161\u0137iedras), piln\u012bgi dro\u0161s gan ka\u0137iem, ka\u0137\u0113niem, gan cilv\u0113kiem. Nesatur \u0137\u012bmisk\u0101s vielas un m\u0101ksl\u012bg\u0101s piedevas.    Videi draudz\u012bgs un 100% biolo\u0123iski no\u0101rd\u0101ms \u2013 var izmest tualet\u0113 vai kompost\u0113t. Nav lieku atkritumu probl\u0113mu.    Lieliska smakas kontrole \u2013 tofu granulas lieliski uzs\u016bc mitrumu un \u0101tri veido stingras kunkas, kas nov\u0113r\u0161 nepat\u012bkamu smaku izplat\u012b\u0161anos.    M\u012bksts un saudz\u012bgs \u0137ep\u0101m \u2013 nelielas, vieglas granulas pat\u012bk pat visizv\u0113l\u012bg\u0101kajiem ka\u0137iem.    Vienk\u0101r\u0161a kop\u0161ana \u2013 nesm\u0113r\u0113jas, neveido putek\u013cus, viegli t\u012br\u0101ms un main\u0101ms.    Bez putek\u013ciem \u2013 piem\u0113rots \u0123imen\u0113m ar aler\u0123ij\u0101m. Saglab\u0101 dz\u012bvnieku un saimnieku elpce\u013cus t\u012brus.   Pieejamie arom\u0101ti \u2013 v\u0113l liel\u0101ka izv\u0113le:\ud83c\udf31 Za\u013c\u0101s t\u0113jas tofu \u2013 dab\u012bgs svaigums, kas saglab\u0101 m\u0101j\u0101s pat\u012bkamu smar\u017eu.\ud83c\udf11 Bambusa og\u013cu tofu \u2013 v\u0113l efekt\u012bv\u0101ka smakas neitraliz\u0113\u0161ana, lieliski piem\u0113rots jut\u012bg\u0101m m\u0101j\u0101m vai m\u0101j\u0101m ar vair\u0101kiem ka\u0137iem.\ud83e\udd0d Neitr\u0101ls tofu \u2013 bez smar\u017eas, ide\u0101li aler\u0123iskiem ka\u0137iem un jut\u012bgiem saimniekiem.","og_url":"https:\/\/miumjau.ee\/lv\/produkts\/tofu-kaku-smiltis-murrfect-zala-teja-8x25-kg\/","og_site_name":"MiuMjau","article_publisher":"https:\/\/www.facebook.com\/miumjaupood\/","article_modified_time":"2026-01-07T19:25:54+00:00","og_image":[{"width":1200,"height":1600,"url":"https:\/\/miumjau.ee\/wp-content\/uploads\/2025\/10\/murrfect-tofu-kassiliiv10.jpg","type":"image\/jpeg"}],"twitter_card":"summary_large_image","schema":{"@context":"https:\/\/schema.org","@graph":[{"@type":"WebPage","@id":"https:\/\/miumjau.ee\/lv\/produkts\/tofu-kaku-smiltis-murrfect-zala-teja-8x25-kg\/","url":"https:\/\/miumjau.ee\/lv\/produkts\/tofu-kaku-smiltis-murrfect-zala-teja-8x25-kg\/","name":"Tofu ka\u0137u smiltis Murrfect, za\u013c\u0101 t\u0113ja 8x2,5 kg - MiuMjau","isPartOf":{"@id":"https:\/\/miumjau.ee\/#website"},"primaryImageOfPage":{"@id":"https:\/\/miumjau.ee\/lv\/produkts\/tofu-kaku-smiltis-murrfect-zala-teja-8x25-kg\/#primaryimage"},"image":{"@id":"https:\/\/miumjau.ee\/lv\/produkts\/tofu-kaku-smiltis-murrfect-zala-teja-8x25-kg\/#primaryimage"},"thumbnailUrl":"https:\/\/miumjau.ee\/wp-content\/uploads\/2025\/10\/murrfect-tofu-kassiliiv10.jpg","datePublished":"2025-10-13T16:39:29+00:00","dateModified":"2026-01-07T19:25:54+00:00","breadcrumb":{"@id":"https:\/\/miumjau.ee\/lv\/produkts\/tofu-kaku-smiltis-murrfect-zala-teja-8x25-kg\/#breadcrumb"},"inLanguage":"lv-LV","potentialAction":[{"@type":"ReadAction","target":["https:\/\/miumjau.ee\/lv\/produkts\/tofu-kaku-smiltis-murrfect-zala-teja-8x25-kg\/"]}]},{"@type":"ImageObject","inLanguage":"lv-LV","@id":"https:\/\/miumjau.ee\/lv\/produkts\/tofu-kaku-smiltis-murrfect-zala-teja-8x25-kg\/#primaryimage","url":"https:\/\/miumjau.ee\/wp-content\/uploads\/2025\/10\/murrfect-tofu-kassiliiv10.jpg","contentUrl":"https:\/\/miumjau.ee\/wp-content\/uploads\/2025\/10\/murrfect-tofu-kassiliiv10.jpg","width":1200,"height":1600},{"@type":"BreadcrumbList","@id":"https:\/\/miumjau.ee\/lv\/produkts\/tofu-kaku-smiltis-murrfect-zala-teja-8x25-kg\/#breadcrumb","itemListElement":[{"@type":"ListItem","position":1,"name":"Home","item":"https:\/\/miumjau.ee\/lv\/"},{"@type":"ListItem","position":2,"name":"Veikals","item":"https:\/\/miumjau.ee\/lv\/veikals\/"},{"@type":"ListItem","position":3,"name":"Tofu ka\u0137u smiltis Murrfect, za\u013c\u0101 t\u0113ja 8&#215;2,5 kg"}]},{"@type":"WebSite","@id":"https:\/\/miumjau.ee\/#website","url":"https:\/\/miumjau.ee\/","name":"MiuMjau","description":"Kraapimispuud kassidele","publisher":{"@id":"https:\/\/miumjau.ee\/#organization"},"potentialAction":[{"@type":"SearchAction","target":{"@type":"EntryPoint","urlTemplate":"https:\/\/miumjau.ee\/?s={search_term_string}"},"query-input":{"@type":"PropertyValueSpecification","valueRequired":true,"valueName":"search_term_string"}}],"inLanguage":"lv-LV"},{"@type":"Organization","@id":"https:\/\/miumjau.ee\/#organization","name":"MiuMjau O\u00dc","url":"https:\/\/miumjau.ee\/","logo":{"@type":"ImageObject","inLanguage":"lv-LV","@id":"https:\/\/miumjau.ee\/#\/schema\/logo\/image\/","url":"https:\/\/miumjau.ee\/wp-content\/uploads\/2022\/04\/MiuMjau-logo-kollane.png","contentUrl":"https:\/\/miumjau.ee\/wp-content\/uploads\/2022\/04\/MiuMjau-logo-kollane.png","width":219,"height":100,"caption":"MiuMjau O\u00dc"},"image":{"@id":"https:\/\/miumjau.ee\/#\/schema\/logo\/image\/"},"sameAs":["https:\/\/www.facebook.com\/miumjaupood\/"]}]}},"_links":{"self":[{"href":"https:\/\/miumjau.ee\/lv\/wp-json\/wp\/v2\/product\/44793","targetHints":{"allow":["GET"]}}],"collection":[{"href":"https:\/\/miumjau.ee\/lv\/wp-json\/wp\/v2\/product"}],"about":[{"href":"https:\/\/miumjau.ee\/lv\/wp-json\/wp\/v2\/types\/product"}],"wp:featuredmedia":[{"embeddable":true,"href":"https:\/\/miumjau.ee\/lv\/wp-json\/wp\/v2\/media\/44794"}],"wp:attachment":[{"href":"https:\/\/miumjau.ee\/lv\/wp-json\/wp\/v2\/media?parent=44793"}],"wp:term":[{"taxonomy":"product_brand","embeddable":true,"href":"https:\/\/miumjau.ee\/lv\/wp-json\/wp\/v2\/product_brand?post=44793"},{"taxonomy":"product_cat","embeddable":true,"href":"https:\/\/miumjau.ee\/lv\/wp-json\/wp\/v2\/product_cat?post=44793"},{"taxonomy":"product_tag","embeddable":true,"href":"https:\/\/miumjau.ee\/lv\/wp-json\/wp\/v2\/product_tag?post=44793"}],"curies":[{"name":"wp","href":"https:\/\/api.w.org\/{rel}","templated":true}]}}