{"id":44768,"date":"2023-09-29T11:52:26","date_gmt":"2023-09-29T08:52:26","guid":{"rendered":"https:\/\/miumjau.ee\/toode\/skrapesanas-stabs-maine-90-deluxe-pepper-2\/"},"modified":"2026-01-07T21:25:54","modified_gmt":"2026-01-07T19:25:54","slug":"skrapesanas-stabs-maine-90-deluxe-pepper-2","status":"publish","type":"product","link":"https:\/\/miumjau.ee\/lv\/produkts\/skrapesanas-stabs-maine-90-deluxe-pepper-2\/","title":{"rendered":"Skr\u0101p\u0113\u0161anas stabs Maine 90 Deluxe, pepper"},"content":{"rendered":"","protected":false},"excerpt":{"rendered":"<p data-start=\"122\" data-end=\"461\">Maine Deluxe ir stabils, stil\u012bgs un lielisks skr\u0101p\u0113\u0161anas stabs \u2013 par soli luksus\u012bg\u0101ks nek\u0101 t\u0101 priek\u0161g\u0101j\u0113js. Ka\u0137u koks pieejams divos jaun\u0101s, modern\u0101s kr\u0101su vari\u0101cij\u0101s, un papildus skr\u0101p\u0113\u0161anai tas pied\u0101v\u0101 ar\u012b rota\u013cu iesp\u0113jas. Komplekt\u0101 iek\u013cauta \u012bpa\u0161a rota\u013clieta \u2013 <strong data-start=\"385\" data-end=\"400\">Funky Rebel<\/strong>: m\u012bksta pl\u012b\u0161a bumbi\u0146a ar div\u0101m spalv\u0101m un grabino\u0161u zvani\u0146u.<\/p>\n<p data-start=\"463\" data-end=\"759\">\u0160is ka\u0137u koks ir izgatavots no iztur\u012bgiem materi\u0101liem, kas labi iztur pat akt\u012bvu lieto\u0161anu. Klasiskais dizains iederas jebkur\u0101 interjer\u0101, un kompakt\u0101 izm\u0113ra d\u0113\u013c tas lieliski izskat\u0101s ikvien\u0101 telp\u0101. Piem\u0113rots visiem ka\u0137iem \u2013 jebkura vecuma un \u0161\u0137irnes \u2013 un lieliski papildina ar\u012b liel\u0101ku ka\u0137u koku.<\/p>\n<p data-start=\"761\" data-end=\"783\"><strong data-start=\"761\" data-end=\"783\">Produkta \u012bpa\u0161\u012bbas:<\/strong><\/p>\n<ul data-start=\"785\" data-end=\"954\">\n<li data-start=\"785\" data-end=\"840\">\n<p data-start=\"787\" data-end=\"840\">Izm\u0113ri: garums 40 cm, platums 40 cm, augstums 90 cm<\/p>\n<\/li>\n<li data-start=\"841\" data-end=\"884\">\n<p data-start=\"843\" data-end=\"884\">Piem\u0113rots visiem ka\u0137iem, jebkur\u0101 vecum\u0101<\/p>\n<\/li>\n<li data-start=\"885\" data-end=\"911\">\n<p data-start=\"887\" data-end=\"911\">Kompakts, bet iztur\u012bgs<\/p>\n<\/li>\n<li data-start=\"912\" data-end=\"954\">\n<p data-start=\"914\" data-end=\"954\">Skaists, luksusa dizains modern\u0101s kr\u0101s\u0101s<\/p>\n<\/li>\n<\/ul>\n","protected":false},"featured_media":44769,"template":"","meta":[],"product_brand":[],"product_cat":[573,586],"product_tag":[],"class_list":{"0":"post-44768","1":"product","2":"type-product","3":"status-publish","4":"has-post-thumbnail","6":"product_cat-kaup24-lv","7":"product_cat-skrapesanas-torni-petrebels","8":"product_shipping_class-pakiautomaati-sobimatu-lv","10":"first","11":"instock","12":"taxable","13":"shipping-taxable","14":"purchasable","15":"product-type-simple"},"yoast_head":"<!-- This site is optimized with the Yoast SEO plugin v27.4 - https:\/\/yoast.com\/product\/yoast-seo-wordpress\/ -->\n<title>Skr\u0101p\u0113\u0161anas stabs Maine 90 Deluxe, pepper - MiuMjau<\/title>\n<meta name=\"robots\" content=\"index, follow, max-snippet:-1, max-image-preview:large, max-video-preview:-1\" \/>\n<link rel=\"canonical\" href=\"https:\/\/miumjau.ee\/lv\/produkts\/skrapesanas-stabs-maine-90-deluxe-pepper-2\/\" \/>\n<meta property=\"og:locale\" content=\"lv_LV\" \/>\n<meta property=\"og:type\" content=\"article\" \/>\n<meta property=\"og:title\" content=\"Skr\u0101p\u0113\u0161anas stabs Maine 90 Deluxe, pepper - MiuMjau\" \/>\n<meta property=\"og:description\" content=\"Maine Deluxe ir stabils, stil\u012bgs un lielisks skr\u0101p\u0113\u0161anas stabs \u2013 par soli luksus\u012bg\u0101ks nek\u0101 t\u0101 priek\u0161g\u0101j\u0113js. Ka\u0137u koks pieejams divos jaun\u0101s, modern\u0101s kr\u0101su vari\u0101cij\u0101s, un papildus skr\u0101p\u0113\u0161anai tas pied\u0101v\u0101 ar\u012b rota\u013cu iesp\u0113jas. Komplekt\u0101 iek\u013cauta \u012bpa\u0161a rota\u013clieta \u2013 Funky Rebel: m\u012bksta pl\u012b\u0161a bumbi\u0146a ar div\u0101m spalv\u0101m un grabino\u0161u zvani\u0146u. \u0160is ka\u0137u koks ir izgatavots no iztur\u012bgiem materi\u0101liem, kas labi iztur pat akt\u012bvu lieto\u0161anu. Klasiskais dizains iederas jebkur\u0101 interjer\u0101, un kompakt\u0101 izm\u0113ra d\u0113\u013c tas lieliski izskat\u0101s ikvien\u0101 telp\u0101. Piem\u0113rots visiem ka\u0137iem \u2013 jebkura vecuma un \u0161\u0137irnes \u2013 un lieliski papildina ar\u012b liel\u0101ku ka\u0137u koku. Produkta \u012bpa\u0161\u012bbas:     Izm\u0113ri: garums 40 cm, platums 40 cm, augstums 90 cm    Piem\u0113rots visiem ka\u0137iem, jebkur\u0101 vecum\u0101    Kompakts, bet iztur\u012bgs    Skaists, luksusa dizains modern\u0101s kr\u0101s\u0101s\" \/>\n<meta property=\"og:url\" content=\"https:\/\/miumjau.ee\/lv\/produkts\/skrapesanas-stabs-maine-90-deluxe-pepper-2\/\" \/>\n<meta property=\"og:site_name\" content=\"MiuMjau\" \/>\n<meta property=\"article:publisher\" content=\"https:\/\/www.facebook.com\/miumjaupood\/\" \/>\n<meta property=\"article:modified_time\" content=\"2026-01-07T19:25:54+00:00\" \/>\n<meta property=\"og:image\" content=\"https:\/\/miumjau.ee\/wp-content\/uploads\/2023\/09\/superdome-120-cappuccino-kassi-kraapimispuu-1.jpg\" \/>\n\t<meta property=\"og:image:width\" content=\"600\" \/>\n\t<meta property=\"og:image:height\" content=\"800\" \/>\n\t<meta property=\"og:image:type\" content=\"image\/jpeg\" \/>\n<meta name=\"twitter:card\" content=\"summary_large_image\" \/>\n<script type=\"application\/ld+json\" class=\"yoast-schema-graph\">{\"@context\":\"https:\\\/\\\/schema.org\",\"@graph\":[{\"@type\":\"WebPage\",\"@id\":\"https:\\\/\\\/miumjau.ee\\\/lv\\\/produkts\\\/skrapesanas-stabs-maine-90-deluxe-pepper-2\\\/\",\"url\":\"https:\\\/\\\/miumjau.ee\\\/lv\\\/produkts\\\/skrapesanas-stabs-maine-90-deluxe-pepper-2\\\/\",\"name\":\"Skr\u0101p\u0113\u0161anas stabs Maine 90 Deluxe, pepper - MiuMjau\",\"isPartOf\":{\"@id\":\"https:\\\/\\\/miumjau.ee\\\/#website\"},\"primaryImageOfPage\":{\"@id\":\"https:\\\/\\\/miumjau.ee\\\/lv\\\/produkts\\\/skrapesanas-stabs-maine-90-deluxe-pepper-2\\\/#primaryimage\"},\"image\":{\"@id\":\"https:\\\/\\\/miumjau.ee\\\/lv\\\/produkts\\\/skrapesanas-stabs-maine-90-deluxe-pepper-2\\\/#primaryimage\"},\"thumbnailUrl\":\"https:\\\/\\\/miumjau.ee\\\/wp-content\\\/uploads\\\/2023\\\/09\\\/superdome-120-cappuccino-kassi-kraapimispuu-1.jpg\",\"datePublished\":\"2023-09-29T08:52:26+00:00\",\"dateModified\":\"2026-01-07T19:25:54+00:00\",\"breadcrumb\":{\"@id\":\"https:\\\/\\\/miumjau.ee\\\/lv\\\/produkts\\\/skrapesanas-stabs-maine-90-deluxe-pepper-2\\\/#breadcrumb\"},\"inLanguage\":\"lv-LV\",\"potentialAction\":[{\"@type\":\"ReadAction\",\"target\":[\"https:\\\/\\\/miumjau.ee\\\/lv\\\/produkts\\\/skrapesanas-stabs-maine-90-deluxe-pepper-2\\\/\"]}]},{\"@type\":\"ImageObject\",\"inLanguage\":\"lv-LV\",\"@id\":\"https:\\\/\\\/miumjau.ee\\\/lv\\\/produkts\\\/skrapesanas-stabs-maine-90-deluxe-pepper-2\\\/#primaryimage\",\"url\":\"https:\\\/\\\/miumjau.ee\\\/wp-content\\\/uploads\\\/2023\\\/09\\\/superdome-120-cappuccino-kassi-kraapimispuu-1.jpg\",\"contentUrl\":\"https:\\\/\\\/miumjau.ee\\\/wp-content\\\/uploads\\\/2023\\\/09\\\/superdome-120-cappuccino-kassi-kraapimispuu-1.jpg\",\"width\":600,\"height\":800},{\"@type\":\"BreadcrumbList\",\"@id\":\"https:\\\/\\\/miumjau.ee\\\/lv\\\/produkts\\\/skrapesanas-stabs-maine-90-deluxe-pepper-2\\\/#breadcrumb\",\"itemListElement\":[{\"@type\":\"ListItem\",\"position\":1,\"name\":\"Home\",\"item\":\"https:\\\/\\\/miumjau.ee\\\/lv\\\/\"},{\"@type\":\"ListItem\",\"position\":2,\"name\":\"Veikals\",\"item\":\"https:\\\/\\\/miumjau.ee\\\/lv\\\/veikals\\\/\"},{\"@type\":\"ListItem\",\"position\":3,\"name\":\"Skr\u0101p\u0113\u0161anas stabs Maine 90 Deluxe, pepper\"}]},{\"@type\":\"WebSite\",\"@id\":\"https:\\\/\\\/miumjau.ee\\\/#website\",\"url\":\"https:\\\/\\\/miumjau.ee\\\/\",\"name\":\"MiuMjau\",\"description\":\"Kraapimispuud kassidele\",\"publisher\":{\"@id\":\"https:\\\/\\\/miumjau.ee\\\/#organization\"},\"potentialAction\":[{\"@type\":\"SearchAction\",\"target\":{\"@type\":\"EntryPoint\",\"urlTemplate\":\"https:\\\/\\\/miumjau.ee\\\/?s={search_term_string}\"},\"query-input\":{\"@type\":\"PropertyValueSpecification\",\"valueRequired\":true,\"valueName\":\"search_term_string\"}}],\"inLanguage\":\"lv-LV\"},{\"@type\":\"Organization\",\"@id\":\"https:\\\/\\\/miumjau.ee\\\/#organization\",\"name\":\"MiuMjau O\u00dc\",\"url\":\"https:\\\/\\\/miumjau.ee\\\/\",\"logo\":{\"@type\":\"ImageObject\",\"inLanguage\":\"lv-LV\",\"@id\":\"https:\\\/\\\/miumjau.ee\\\/#\\\/schema\\\/logo\\\/image\\\/\",\"url\":\"https:\\\/\\\/miumjau.ee\\\/wp-content\\\/uploads\\\/2022\\\/04\\\/MiuMjau-logo-kollane.png\",\"contentUrl\":\"https:\\\/\\\/miumjau.ee\\\/wp-content\\\/uploads\\\/2022\\\/04\\\/MiuMjau-logo-kollane.png\",\"width\":219,\"height\":100,\"caption\":\"MiuMjau O\u00dc\"},\"image\":{\"@id\":\"https:\\\/\\\/miumjau.ee\\\/#\\\/schema\\\/logo\\\/image\\\/\"},\"sameAs\":[\"https:\\\/\\\/www.facebook.com\\\/miumjaupood\\\/\"]}]}<\/script>\n<!-- \/ Yoast SEO plugin. -->","yoast_head_json":{"title":"Skr\u0101p\u0113\u0161anas stabs Maine 90 Deluxe, pepper - MiuMjau","robots":{"index":"index","follow":"follow","max-snippet":"max-snippet:-1","max-image-preview":"max-image-preview:large","max-video-preview":"max-video-preview:-1"},"canonical":"https:\/\/miumjau.ee\/lv\/produkts\/skrapesanas-stabs-maine-90-deluxe-pepper-2\/","og_locale":"lv_LV","og_type":"article","og_title":"Skr\u0101p\u0113\u0161anas stabs Maine 90 Deluxe, pepper - MiuMjau","og_description":"Maine Deluxe ir stabils, stil\u012bgs un lielisks skr\u0101p\u0113\u0161anas stabs \u2013 par soli luksus\u012bg\u0101ks nek\u0101 t\u0101 priek\u0161g\u0101j\u0113js. Ka\u0137u koks pieejams divos jaun\u0101s, modern\u0101s kr\u0101su vari\u0101cij\u0101s, un papildus skr\u0101p\u0113\u0161anai tas pied\u0101v\u0101 ar\u012b rota\u013cu iesp\u0113jas. Komplekt\u0101 iek\u013cauta \u012bpa\u0161a rota\u013clieta \u2013 Funky Rebel: m\u012bksta pl\u012b\u0161a bumbi\u0146a ar div\u0101m spalv\u0101m un grabino\u0161u zvani\u0146u. \u0160is ka\u0137u koks ir izgatavots no iztur\u012bgiem materi\u0101liem, kas labi iztur pat akt\u012bvu lieto\u0161anu. Klasiskais dizains iederas jebkur\u0101 interjer\u0101, un kompakt\u0101 izm\u0113ra d\u0113\u013c tas lieliski izskat\u0101s ikvien\u0101 telp\u0101. Piem\u0113rots visiem ka\u0137iem \u2013 jebkura vecuma un \u0161\u0137irnes \u2013 un lieliski papildina ar\u012b liel\u0101ku ka\u0137u koku. Produkta \u012bpa\u0161\u012bbas:     Izm\u0113ri: garums 40 cm, platums 40 cm, augstums 90 cm    Piem\u0113rots visiem ka\u0137iem, jebkur\u0101 vecum\u0101    Kompakts, bet iztur\u012bgs    Skaists, luksusa dizains modern\u0101s kr\u0101s\u0101s","og_url":"https:\/\/miumjau.ee\/lv\/produkts\/skrapesanas-stabs-maine-90-deluxe-pepper-2\/","og_site_name":"MiuMjau","article_publisher":"https:\/\/www.facebook.com\/miumjaupood\/","article_modified_time":"2026-01-07T19:25:54+00:00","og_image":[{"width":600,"height":800,"url":"https:\/\/miumjau.ee\/wp-content\/uploads\/2023\/09\/superdome-120-cappuccino-kassi-kraapimispuu-1.jpg","type":"image\/jpeg"}],"twitter_card":"summary_large_image","schema":{"@context":"https:\/\/schema.org","@graph":[{"@type":"WebPage","@id":"https:\/\/miumjau.ee\/lv\/produkts\/skrapesanas-stabs-maine-90-deluxe-pepper-2\/","url":"https:\/\/miumjau.ee\/lv\/produkts\/skrapesanas-stabs-maine-90-deluxe-pepper-2\/","name":"Skr\u0101p\u0113\u0161anas stabs Maine 90 Deluxe, pepper - MiuMjau","isPartOf":{"@id":"https:\/\/miumjau.ee\/#website"},"primaryImageOfPage":{"@id":"https:\/\/miumjau.ee\/lv\/produkts\/skrapesanas-stabs-maine-90-deluxe-pepper-2\/#primaryimage"},"image":{"@id":"https:\/\/miumjau.ee\/lv\/produkts\/skrapesanas-stabs-maine-90-deluxe-pepper-2\/#primaryimage"},"thumbnailUrl":"https:\/\/miumjau.ee\/wp-content\/uploads\/2023\/09\/superdome-120-cappuccino-kassi-kraapimispuu-1.jpg","datePublished":"2023-09-29T08:52:26+00:00","dateModified":"2026-01-07T19:25:54+00:00","breadcrumb":{"@id":"https:\/\/miumjau.ee\/lv\/produkts\/skrapesanas-stabs-maine-90-deluxe-pepper-2\/#breadcrumb"},"inLanguage":"lv-LV","potentialAction":[{"@type":"ReadAction","target":["https:\/\/miumjau.ee\/lv\/produkts\/skrapesanas-stabs-maine-90-deluxe-pepper-2\/"]}]},{"@type":"ImageObject","inLanguage":"lv-LV","@id":"https:\/\/miumjau.ee\/lv\/produkts\/skrapesanas-stabs-maine-90-deluxe-pepper-2\/#primaryimage","url":"https:\/\/miumjau.ee\/wp-content\/uploads\/2023\/09\/superdome-120-cappuccino-kassi-kraapimispuu-1.jpg","contentUrl":"https:\/\/miumjau.ee\/wp-content\/uploads\/2023\/09\/superdome-120-cappuccino-kassi-kraapimispuu-1.jpg","width":600,"height":800},{"@type":"BreadcrumbList","@id":"https:\/\/miumjau.ee\/lv\/produkts\/skrapesanas-stabs-maine-90-deluxe-pepper-2\/#breadcrumb","itemListElement":[{"@type":"ListItem","position":1,"name":"Home","item":"https:\/\/miumjau.ee\/lv\/"},{"@type":"ListItem","position":2,"name":"Veikals","item":"https:\/\/miumjau.ee\/lv\/veikals\/"},{"@type":"ListItem","position":3,"name":"Skr\u0101p\u0113\u0161anas stabs Maine 90 Deluxe, pepper"}]},{"@type":"WebSite","@id":"https:\/\/miumjau.ee\/#website","url":"https:\/\/miumjau.ee\/","name":"MiuMjau","description":"Kraapimispuud kassidele","publisher":{"@id":"https:\/\/miumjau.ee\/#organization"},"potentialAction":[{"@type":"SearchAction","target":{"@type":"EntryPoint","urlTemplate":"https:\/\/miumjau.ee\/?s={search_term_string}"},"query-input":{"@type":"PropertyValueSpecification","valueRequired":true,"valueName":"search_term_string"}}],"inLanguage":"lv-LV"},{"@type":"Organization","@id":"https:\/\/miumjau.ee\/#organization","name":"MiuMjau O\u00dc","url":"https:\/\/miumjau.ee\/","logo":{"@type":"ImageObject","inLanguage":"lv-LV","@id":"https:\/\/miumjau.ee\/#\/schema\/logo\/image\/","url":"https:\/\/miumjau.ee\/wp-content\/uploads\/2022\/04\/MiuMjau-logo-kollane.png","contentUrl":"https:\/\/miumjau.ee\/wp-content\/uploads\/2022\/04\/MiuMjau-logo-kollane.png","width":219,"height":100,"caption":"MiuMjau O\u00dc"},"image":{"@id":"https:\/\/miumjau.ee\/#\/schema\/logo\/image\/"},"sameAs":["https:\/\/www.facebook.com\/miumjaupood\/"]}]}},"_links":{"self":[{"href":"https:\/\/miumjau.ee\/lv\/wp-json\/wp\/v2\/product\/44768","targetHints":{"allow":["GET"]}}],"collection":[{"href":"https:\/\/miumjau.ee\/lv\/wp-json\/wp\/v2\/product"}],"about":[{"href":"https:\/\/miumjau.ee\/lv\/wp-json\/wp\/v2\/types\/product"}],"wp:featuredmedia":[{"embeddable":true,"href":"https:\/\/miumjau.ee\/lv\/wp-json\/wp\/v2\/media\/44769"}],"wp:attachment":[{"href":"https:\/\/miumjau.ee\/lv\/wp-json\/wp\/v2\/media?parent=44768"}],"wp:term":[{"taxonomy":"product_brand","embeddable":true,"href":"https:\/\/miumjau.ee\/lv\/wp-json\/wp\/v2\/product_brand?post=44768"},{"taxonomy":"product_cat","embeddable":true,"href":"https:\/\/miumjau.ee\/lv\/wp-json\/wp\/v2\/product_cat?post=44768"},{"taxonomy":"product_tag","embeddable":true,"href":"https:\/\/miumjau.ee\/lv\/wp-json\/wp\/v2\/product_tag?post=44768"}],"curies":[{"name":"wp","href":"https:\/\/api.w.org\/{rel}","templated":true}]}}