{"id":44732,"date":"2025-09-03T10:31:02","date_gmt":"2025-09-03T07:31:02","guid":{"rendered":"https:\/\/miumjau.ee\/toode\/kapsanas-koks-petrebels-panorama-185-pepper\/"},"modified":"2026-01-07T21:26:01","modified_gmt":"2026-01-07T19:26:01","slug":"kapsanas-koks-petrebels-panorama-185-pepper","status":"publish","type":"product","link":"https:\/\/miumjau.ee\/lv\/produkts\/kapsanas-koks-petrebels-panorama-185-pepper\/","title":{"rendered":"K\u0101p\u0161anas koks Petrebels Panorama 185, pepper"},"content":{"rendered":"","protected":false},"excerpt":{"rendered":"<p data-start=\"125\" data-end=\"191\">Ka\u0137u torn \u012bstiem augst\u0101s vietas cien\u012bt\u0101jiem un k\u0101p\u0161anas meistariem<\/p>\n<p data-start=\"193\" data-end=\"539\">Panorama 185 nav tikai k\u0101p\u0161anas koks \u2013 tas ir \u012bsts interjera akcents. Tas ir augsts, stabils un perfekti izstr\u0101d\u0101ts. \u0160is ka\u0137u tornis rad\u012bts, lai izceltos \u2013 nav br\u012bnums, jo dizains ir skaists, augstums iespaid\u012bgs un iesp\u0113ju ir bezgal\u012bgi daudz! No skr\u0101p\u0113\u0161anas un k\u0101p\u0161anas l\u012bdz atp\u016btai un pasl\u0113p\u0113m tunel\u012b \u2013 \u0161aj\u0101 torn\u012b ir viss, ko ka\u0137is var v\u0113l\u0113ties.<\/p>\n<p data-start=\"541\" data-end=\"817\">\u0160is ka\u0137u koks ir ide\u0101li piem\u0113rots liel\u0101m \u0161\u0137irn\u0113m, piem\u0113ram, Meinas jenotka\u0137iem vai Norv\u0113\u0123ijas me\u017ea ka\u0137iem, bet t\u0101pat ar\u012b maz\u0101kiem ka\u0137iem vai vec\u0101kiem, kuri dod priek\u0161roku mier\u012bg\u0101kai atp\u016btai. \u0112rts pluss: spilveni un gu\u013camt\u012bkls ir mazg\u0101jami ve\u013casma\u0161\u012bn\u0101 \u2013 vienk\u0101r\u0161i un praktiski!<\/p>\n<p data-start=\"819\" data-end=\"841\"><strong data-start=\"819\" data-end=\"841\">Produkta \u012bpa\u0161\u012bbas:<\/strong><\/p>\n<ul data-start=\"843\" data-end=\"1106\">\n<li data-start=\"843\" data-end=\"899\">\n<p data-start=\"845\" data-end=\"899\">Izm\u0113ri: garums 78 cm, platums 58 cm, augstums 185 cm<\/p>\n<\/li>\n<li data-start=\"900\" data-end=\"946\">\n<p data-start=\"902\" data-end=\"946\">No vis\u0101m pus\u0113m kl\u0101ts ar \u012bpa\u0161i m\u012bkstu pl\u012b\u0161u<\/p>\n<\/li>\n<li data-start=\"947\" data-end=\"990\">\n<p data-start=\"949\" data-end=\"990\">Piem\u0113rots ar\u012b lieliem un smagiem ka\u0137iem<\/p>\n<\/li>\n<li data-start=\"991\" data-end=\"1056\">\n<p data-start=\"993\" data-end=\"1056\">Ietver 3 gu\u013camt\u012bklus, rota\u013ctune\u013ci un \u013coti ietilp\u012bgu XXL grozu<\/p>\n<\/li>\n<li data-start=\"1057\" data-end=\"1106\">\n<p data-start=\"1059\" data-end=\"1106\">Tiek pieg\u0101d\u0101ts 4 kast\u0113s, kop\u0113jais svars 60,9 kg<\/p>\n<\/li>\n<\/ul>\n","protected":false},"featured_media":44733,"template":"","meta":[],"product_brand":[],"product_cat":[573,584,583],"product_tag":[],"class_list":{"0":"post-44732","1":"product","2":"type-product","3":"status-publish","4":"has-post-thumbnail","6":"product_cat-kaup24-lv","7":"product_cat-lieli-skrapesanas-koki","8":"product_cat-petrebels-produkti-smagiem-kakiem","9":"product_shipping_class-pakiautomaati-sobimatu-lv","11":"first","12":"instock","13":"sale","14":"taxable","15":"shipping-taxable","16":"purchasable","17":"product-type-simple"},"yoast_head":"<!-- This site is optimized with the Yoast SEO plugin v27.4 - https:\/\/yoast.com\/product\/yoast-seo-wordpress\/ -->\n<title>K\u0101p\u0161anas koks Petrebels Panorama 185, pepper - MiuMjau<\/title>\n<meta name=\"robots\" content=\"index, follow, max-snippet:-1, max-image-preview:large, max-video-preview:-1\" \/>\n<link rel=\"canonical\" href=\"https:\/\/miumjau.ee\/lv\/produkts\/kapsanas-koks-petrebels-panorama-185-pepper\/\" \/>\n<meta property=\"og:locale\" content=\"lv_LV\" \/>\n<meta property=\"og:type\" content=\"article\" \/>\n<meta property=\"og:title\" content=\"K\u0101p\u0161anas koks Petrebels Panorama 185, pepper - MiuMjau\" \/>\n<meta property=\"og:description\" content=\"Ka\u0137u torn \u012bstiem augst\u0101s vietas cien\u012bt\u0101jiem un k\u0101p\u0161anas meistariem Panorama 185 nav tikai k\u0101p\u0161anas koks \u2013 tas ir \u012bsts interjera akcents. Tas ir augsts, stabils un perfekti izstr\u0101d\u0101ts. \u0160is ka\u0137u tornis rad\u012bts, lai izceltos \u2013 nav br\u012bnums, jo dizains ir skaists, augstums iespaid\u012bgs un iesp\u0113ju ir bezgal\u012bgi daudz! No skr\u0101p\u0113\u0161anas un k\u0101p\u0161anas l\u012bdz atp\u016btai un pasl\u0113p\u0113m tunel\u012b \u2013 \u0161aj\u0101 torn\u012b ir viss, ko ka\u0137is var v\u0113l\u0113ties. \u0160is ka\u0137u koks ir ide\u0101li piem\u0113rots liel\u0101m \u0161\u0137irn\u0113m, piem\u0113ram, Meinas jenotka\u0137iem vai Norv\u0113\u0123ijas me\u017ea ka\u0137iem, bet t\u0101pat ar\u012b maz\u0101kiem ka\u0137iem vai vec\u0101kiem, kuri dod priek\u0161roku mier\u012bg\u0101kai atp\u016btai. \u0112rts pluss: spilveni un gu\u013camt\u012bkls ir mazg\u0101jami ve\u013casma\u0161\u012bn\u0101 \u2013 vienk\u0101r\u0161i un praktiski! Produkta \u012bpa\u0161\u012bbas:     Izm\u0113ri: garums 78 cm, platums 58 cm, augstums 185 cm    No vis\u0101m pus\u0113m kl\u0101ts ar \u012bpa\u0161i m\u012bkstu pl\u012b\u0161u    Piem\u0113rots ar\u012b lieliem un smagiem ka\u0137iem    Ietver 3 gu\u013camt\u012bklus, rota\u013ctune\u013ci un \u013coti ietilp\u012bgu XXL grozu    Tiek pieg\u0101d\u0101ts 4 kast\u0113s, kop\u0113jais svars 60,9 kg\" \/>\n<meta property=\"og:url\" content=\"https:\/\/miumjau.ee\/lv\/produkts\/kapsanas-koks-petrebels-panorama-185-pepper\/\" \/>\n<meta property=\"og:site_name\" content=\"MiuMjau\" \/>\n<meta property=\"article:publisher\" content=\"https:\/\/www.facebook.com\/miumjaupood\/\" \/>\n<meta property=\"article:modified_time\" content=\"2026-01-07T19:26:01+00:00\" \/>\n<meta property=\"og:image\" content=\"https:\/\/miumjau.ee\/wp-content\/uploads\/2025\/09\/ronimispuu-petrebels-panorama8.jpg\" \/>\n\t<meta property=\"og:image:width\" content=\"600\" \/>\n\t<meta property=\"og:image:height\" content=\"800\" \/>\n\t<meta property=\"og:image:type\" content=\"image\/jpeg\" \/>\n<meta name=\"twitter:card\" content=\"summary_large_image\" \/>\n<script type=\"application\/ld+json\" class=\"yoast-schema-graph\">{\"@context\":\"https:\\\/\\\/schema.org\",\"@graph\":[{\"@type\":\"WebPage\",\"@id\":\"https:\\\/\\\/miumjau.ee\\\/lv\\\/produkts\\\/kapsanas-koks-petrebels-panorama-185-pepper\\\/\",\"url\":\"https:\\\/\\\/miumjau.ee\\\/lv\\\/produkts\\\/kapsanas-koks-petrebels-panorama-185-pepper\\\/\",\"name\":\"K\u0101p\u0161anas koks Petrebels Panorama 185, pepper - MiuMjau\",\"isPartOf\":{\"@id\":\"https:\\\/\\\/miumjau.ee\\\/#website\"},\"primaryImageOfPage\":{\"@id\":\"https:\\\/\\\/miumjau.ee\\\/lv\\\/produkts\\\/kapsanas-koks-petrebels-panorama-185-pepper\\\/#primaryimage\"},\"image\":{\"@id\":\"https:\\\/\\\/miumjau.ee\\\/lv\\\/produkts\\\/kapsanas-koks-petrebels-panorama-185-pepper\\\/#primaryimage\"},\"thumbnailUrl\":\"https:\\\/\\\/miumjau.ee\\\/wp-content\\\/uploads\\\/2025\\\/09\\\/ronimispuu-petrebels-panorama8.jpg\",\"datePublished\":\"2025-09-03T07:31:02+00:00\",\"dateModified\":\"2026-01-07T19:26:01+00:00\",\"breadcrumb\":{\"@id\":\"https:\\\/\\\/miumjau.ee\\\/lv\\\/produkts\\\/kapsanas-koks-petrebels-panorama-185-pepper\\\/#breadcrumb\"},\"inLanguage\":\"lv-LV\",\"potentialAction\":[{\"@type\":\"ReadAction\",\"target\":[\"https:\\\/\\\/miumjau.ee\\\/lv\\\/produkts\\\/kapsanas-koks-petrebels-panorama-185-pepper\\\/\"]}]},{\"@type\":\"ImageObject\",\"inLanguage\":\"lv-LV\",\"@id\":\"https:\\\/\\\/miumjau.ee\\\/lv\\\/produkts\\\/kapsanas-koks-petrebels-panorama-185-pepper\\\/#primaryimage\",\"url\":\"https:\\\/\\\/miumjau.ee\\\/wp-content\\\/uploads\\\/2025\\\/09\\\/ronimispuu-petrebels-panorama8.jpg\",\"contentUrl\":\"https:\\\/\\\/miumjau.ee\\\/wp-content\\\/uploads\\\/2025\\\/09\\\/ronimispuu-petrebels-panorama8.jpg\",\"width\":600,\"height\":800},{\"@type\":\"BreadcrumbList\",\"@id\":\"https:\\\/\\\/miumjau.ee\\\/lv\\\/produkts\\\/kapsanas-koks-petrebels-panorama-185-pepper\\\/#breadcrumb\",\"itemListElement\":[{\"@type\":\"ListItem\",\"position\":1,\"name\":\"Home\",\"item\":\"https:\\\/\\\/miumjau.ee\\\/lv\\\/\"},{\"@type\":\"ListItem\",\"position\":2,\"name\":\"Veikals\",\"item\":\"https:\\\/\\\/miumjau.ee\\\/lv\\\/veikals\\\/\"},{\"@type\":\"ListItem\",\"position\":3,\"name\":\"K\u0101p\u0161anas koks Petrebels Panorama 185, pepper\"}]},{\"@type\":\"WebSite\",\"@id\":\"https:\\\/\\\/miumjau.ee\\\/#website\",\"url\":\"https:\\\/\\\/miumjau.ee\\\/\",\"name\":\"MiuMjau\",\"description\":\"Kraapimispuud kassidele\",\"publisher\":{\"@id\":\"https:\\\/\\\/miumjau.ee\\\/#organization\"},\"potentialAction\":[{\"@type\":\"SearchAction\",\"target\":{\"@type\":\"EntryPoint\",\"urlTemplate\":\"https:\\\/\\\/miumjau.ee\\\/?s={search_term_string}\"},\"query-input\":{\"@type\":\"PropertyValueSpecification\",\"valueRequired\":true,\"valueName\":\"search_term_string\"}}],\"inLanguage\":\"lv-LV\"},{\"@type\":\"Organization\",\"@id\":\"https:\\\/\\\/miumjau.ee\\\/#organization\",\"name\":\"MiuMjau O\u00dc\",\"url\":\"https:\\\/\\\/miumjau.ee\\\/\",\"logo\":{\"@type\":\"ImageObject\",\"inLanguage\":\"lv-LV\",\"@id\":\"https:\\\/\\\/miumjau.ee\\\/#\\\/schema\\\/logo\\\/image\\\/\",\"url\":\"https:\\\/\\\/miumjau.ee\\\/wp-content\\\/uploads\\\/2022\\\/04\\\/MiuMjau-logo-kollane.png\",\"contentUrl\":\"https:\\\/\\\/miumjau.ee\\\/wp-content\\\/uploads\\\/2022\\\/04\\\/MiuMjau-logo-kollane.png\",\"width\":219,\"height\":100,\"caption\":\"MiuMjau O\u00dc\"},\"image\":{\"@id\":\"https:\\\/\\\/miumjau.ee\\\/#\\\/schema\\\/logo\\\/image\\\/\"},\"sameAs\":[\"https:\\\/\\\/www.facebook.com\\\/miumjaupood\\\/\"]}]}<\/script>\n<!-- \/ Yoast SEO plugin. -->","yoast_head_json":{"title":"K\u0101p\u0161anas koks Petrebels Panorama 185, pepper - MiuMjau","robots":{"index":"index","follow":"follow","max-snippet":"max-snippet:-1","max-image-preview":"max-image-preview:large","max-video-preview":"max-video-preview:-1"},"canonical":"https:\/\/miumjau.ee\/lv\/produkts\/kapsanas-koks-petrebels-panorama-185-pepper\/","og_locale":"lv_LV","og_type":"article","og_title":"K\u0101p\u0161anas koks Petrebels Panorama 185, pepper - MiuMjau","og_description":"Ka\u0137u torn \u012bstiem augst\u0101s vietas cien\u012bt\u0101jiem un k\u0101p\u0161anas meistariem Panorama 185 nav tikai k\u0101p\u0161anas koks \u2013 tas ir \u012bsts interjera akcents. Tas ir augsts, stabils un perfekti izstr\u0101d\u0101ts. \u0160is ka\u0137u tornis rad\u012bts, lai izceltos \u2013 nav br\u012bnums, jo dizains ir skaists, augstums iespaid\u012bgs un iesp\u0113ju ir bezgal\u012bgi daudz! No skr\u0101p\u0113\u0161anas un k\u0101p\u0161anas l\u012bdz atp\u016btai un pasl\u0113p\u0113m tunel\u012b \u2013 \u0161aj\u0101 torn\u012b ir viss, ko ka\u0137is var v\u0113l\u0113ties. \u0160is ka\u0137u koks ir ide\u0101li piem\u0113rots liel\u0101m \u0161\u0137irn\u0113m, piem\u0113ram, Meinas jenotka\u0137iem vai Norv\u0113\u0123ijas me\u017ea ka\u0137iem, bet t\u0101pat ar\u012b maz\u0101kiem ka\u0137iem vai vec\u0101kiem, kuri dod priek\u0161roku mier\u012bg\u0101kai atp\u016btai. \u0112rts pluss: spilveni un gu\u013camt\u012bkls ir mazg\u0101jami ve\u013casma\u0161\u012bn\u0101 \u2013 vienk\u0101r\u0161i un praktiski! Produkta \u012bpa\u0161\u012bbas:     Izm\u0113ri: garums 78 cm, platums 58 cm, augstums 185 cm    No vis\u0101m pus\u0113m kl\u0101ts ar \u012bpa\u0161i m\u012bkstu pl\u012b\u0161u    Piem\u0113rots ar\u012b lieliem un smagiem ka\u0137iem    Ietver 3 gu\u013camt\u012bklus, rota\u013ctune\u013ci un \u013coti ietilp\u012bgu XXL grozu    Tiek pieg\u0101d\u0101ts 4 kast\u0113s, kop\u0113jais svars 60,9 kg","og_url":"https:\/\/miumjau.ee\/lv\/produkts\/kapsanas-koks-petrebels-panorama-185-pepper\/","og_site_name":"MiuMjau","article_publisher":"https:\/\/www.facebook.com\/miumjaupood\/","article_modified_time":"2026-01-07T19:26:01+00:00","og_image":[{"width":600,"height":800,"url":"https:\/\/miumjau.ee\/wp-content\/uploads\/2025\/09\/ronimispuu-petrebels-panorama8.jpg","type":"image\/jpeg"}],"twitter_card":"summary_large_image","schema":{"@context":"https:\/\/schema.org","@graph":[{"@type":"WebPage","@id":"https:\/\/miumjau.ee\/lv\/produkts\/kapsanas-koks-petrebels-panorama-185-pepper\/","url":"https:\/\/miumjau.ee\/lv\/produkts\/kapsanas-koks-petrebels-panorama-185-pepper\/","name":"K\u0101p\u0161anas koks Petrebels Panorama 185, pepper - MiuMjau","isPartOf":{"@id":"https:\/\/miumjau.ee\/#website"},"primaryImageOfPage":{"@id":"https:\/\/miumjau.ee\/lv\/produkts\/kapsanas-koks-petrebels-panorama-185-pepper\/#primaryimage"},"image":{"@id":"https:\/\/miumjau.ee\/lv\/produkts\/kapsanas-koks-petrebels-panorama-185-pepper\/#primaryimage"},"thumbnailUrl":"https:\/\/miumjau.ee\/wp-content\/uploads\/2025\/09\/ronimispuu-petrebels-panorama8.jpg","datePublished":"2025-09-03T07:31:02+00:00","dateModified":"2026-01-07T19:26:01+00:00","breadcrumb":{"@id":"https:\/\/miumjau.ee\/lv\/produkts\/kapsanas-koks-petrebels-panorama-185-pepper\/#breadcrumb"},"inLanguage":"lv-LV","potentialAction":[{"@type":"ReadAction","target":["https:\/\/miumjau.ee\/lv\/produkts\/kapsanas-koks-petrebels-panorama-185-pepper\/"]}]},{"@type":"ImageObject","inLanguage":"lv-LV","@id":"https:\/\/miumjau.ee\/lv\/produkts\/kapsanas-koks-petrebels-panorama-185-pepper\/#primaryimage","url":"https:\/\/miumjau.ee\/wp-content\/uploads\/2025\/09\/ronimispuu-petrebels-panorama8.jpg","contentUrl":"https:\/\/miumjau.ee\/wp-content\/uploads\/2025\/09\/ronimispuu-petrebels-panorama8.jpg","width":600,"height":800},{"@type":"BreadcrumbList","@id":"https:\/\/miumjau.ee\/lv\/produkts\/kapsanas-koks-petrebels-panorama-185-pepper\/#breadcrumb","itemListElement":[{"@type":"ListItem","position":1,"name":"Home","item":"https:\/\/miumjau.ee\/lv\/"},{"@type":"ListItem","position":2,"name":"Veikals","item":"https:\/\/miumjau.ee\/lv\/veikals\/"},{"@type":"ListItem","position":3,"name":"K\u0101p\u0161anas koks Petrebels Panorama 185, pepper"}]},{"@type":"WebSite","@id":"https:\/\/miumjau.ee\/#website","url":"https:\/\/miumjau.ee\/","name":"MiuMjau","description":"Kraapimispuud kassidele","publisher":{"@id":"https:\/\/miumjau.ee\/#organization"},"potentialAction":[{"@type":"SearchAction","target":{"@type":"EntryPoint","urlTemplate":"https:\/\/miumjau.ee\/?s={search_term_string}"},"query-input":{"@type":"PropertyValueSpecification","valueRequired":true,"valueName":"search_term_string"}}],"inLanguage":"lv-LV"},{"@type":"Organization","@id":"https:\/\/miumjau.ee\/#organization","name":"MiuMjau O\u00dc","url":"https:\/\/miumjau.ee\/","logo":{"@type":"ImageObject","inLanguage":"lv-LV","@id":"https:\/\/miumjau.ee\/#\/schema\/logo\/image\/","url":"https:\/\/miumjau.ee\/wp-content\/uploads\/2022\/04\/MiuMjau-logo-kollane.png","contentUrl":"https:\/\/miumjau.ee\/wp-content\/uploads\/2022\/04\/MiuMjau-logo-kollane.png","width":219,"height":100,"caption":"MiuMjau O\u00dc"},"image":{"@id":"https:\/\/miumjau.ee\/#\/schema\/logo\/image\/"},"sameAs":["https:\/\/www.facebook.com\/miumjaupood\/"]}]}},"_links":{"self":[{"href":"https:\/\/miumjau.ee\/lv\/wp-json\/wp\/v2\/product\/44732","targetHints":{"allow":["GET"]}}],"collection":[{"href":"https:\/\/miumjau.ee\/lv\/wp-json\/wp\/v2\/product"}],"about":[{"href":"https:\/\/miumjau.ee\/lv\/wp-json\/wp\/v2\/types\/product"}],"wp:featuredmedia":[{"embeddable":true,"href":"https:\/\/miumjau.ee\/lv\/wp-json\/wp\/v2\/media\/44733"}],"wp:attachment":[{"href":"https:\/\/miumjau.ee\/lv\/wp-json\/wp\/v2\/media?parent=44732"}],"wp:term":[{"taxonomy":"product_brand","embeddable":true,"href":"https:\/\/miumjau.ee\/lv\/wp-json\/wp\/v2\/product_brand?post=44732"},{"taxonomy":"product_cat","embeddable":true,"href":"https:\/\/miumjau.ee\/lv\/wp-json\/wp\/v2\/product_cat?post=44732"},{"taxonomy":"product_tag","embeddable":true,"href":"https:\/\/miumjau.ee\/lv\/wp-json\/wp\/v2\/product_tag?post=44732"}],"curies":[{"name":"wp","href":"https:\/\/api.w.org\/{rel}","templated":true}]}}