{"id":44722,"date":"2025-08-12T16:37:09","date_gmt":"2025-08-12T13:37:09","guid":{"rendered":"https:\/\/miumjau.ee\/toode\/kapsanas-koks-miumjau-7047-122-cm\/"},"modified":"2026-01-07T21:26:01","modified_gmt":"2026-01-07T19:26:01","slug":"kapsanas-koks-miumjau-7047-122-cm","status":"publish","type":"product","link":"https:\/\/miumjau.ee\/lv\/produkts\/kapsanas-koks-miumjau-7047-122-cm\/","title":{"rendered":"K\u0101p\u0161anas koks MiuMjau 7047, 122 cm"},"content":{"rendered":"","protected":false},"excerpt":{"rendered":"<p data-start=\"113\" data-end=\"523\">Ka\u0137iem ir nepiecie\u0161ams skr\u0101p\u0113\u0161anas stabs, jo skr\u0101p\u0113\u0161ana ir dabisks veids, k\u0101 kopt nagus, izstiept musku\u013cus un iez\u012bm\u0113t teritoriju. Bez skr\u0101p\u0113\u0161anas koka vi\u0146i var s\u0101kt izmantot d\u012bv\u0101nu vai aizkarus, kas var rad\u012bt d\u0101rgus m\u0113be\u013cu boj\u0101jumus. \u0160is produkts nodro\u0161ina ar\u012b rota\u013cu un k\u0101p\u0161anas iesp\u0113jas, pal\u012bdzot ka\u0137im saglab\u0101t aktivit\u0101ti un mazin\u0101t garlaic\u012bbu. Vienk\u0101r\u0161s ieguld\u012bjums, kas uztur ka\u0137i laim\u012bgu un m\u0101ju sakoptu.<\/p>\n<p data-start=\"525\" data-end=\"662\">K\u0101p\u0161anas koks ir stil\u012bgs un kompakts. Viss nepiecie\u0161amais ka\u0137im ir iek\u013cauts vien\u0101 produkt\u0101. Piem\u0113rots ka\u0137\u0113niem l\u012bdz vid\u0113ja izm\u0113ra ka\u0137iem.<\/p>\n<p data-start=\"664\" data-end=\"814\"><strong data-start=\"664\" data-end=\"684\">Produkta izm\u0113ri:<\/strong><br data-start=\"684\" data-end=\"687\" \/>Augstums: 122 cm<br data-start=\"703\" data-end=\"706\" \/>Stabu diametrs: 11 cm<br data-start=\"727\" data-end=\"730\" \/>Pamatnes izm\u0113rs: 55 \u00d7 65 cm<br data-start=\"757\" data-end=\"760\" \/>M\u0101ji\u0146a: 35 \u00d7 30 \u00d7 35 cm<br data-start=\"783\" data-end=\"786\" \/>Maksim\u0101lais platums: 78 cm<\/p>\n<p data-start=\"816\" data-end=\"874\">Produkta svars: 29 kg<br data-start=\"837\" data-end=\"840\" \/>Produkta svars iepakojum\u0101: 29,5 kg<\/p>\n","protected":false},"featured_media":44727,"template":"","meta":[],"product_brand":[],"product_cat":[582],"product_tag":[],"class_list":{"0":"post-44722","1":"product","2":"type-product","3":"status-publish","4":"has-post-thumbnail","6":"product_cat-videji-skrapesanas-koki-petrebels","7":"product_shipping_class-pakiautomaati-sobimatu-lv","9":"first","10":"instock","11":"sale","12":"taxable","13":"shipping-taxable","14":"purchasable","15":"product-type-simple"},"yoast_head":"<!-- This site is optimized with the Yoast SEO plugin v27.2 - https:\/\/yoast.com\/product\/yoast-seo-wordpress\/ -->\n<title>K\u0101p\u0161anas koks MiuMjau 7047, 122 cm - MiuMjau<\/title>\n<meta name=\"robots\" content=\"index, follow, max-snippet:-1, max-image-preview:large, max-video-preview:-1\" \/>\n<link rel=\"canonical\" href=\"https:\/\/miumjau.ee\/lv\/produkts\/kapsanas-koks-miumjau-7047-122-cm\/\" \/>\n<meta property=\"og:locale\" content=\"lv_LV\" \/>\n<meta property=\"og:type\" content=\"article\" \/>\n<meta property=\"og:title\" content=\"K\u0101p\u0161anas koks MiuMjau 7047, 122 cm - MiuMjau\" \/>\n<meta property=\"og:description\" content=\"Ka\u0137iem ir nepiecie\u0161ams skr\u0101p\u0113\u0161anas stabs, jo skr\u0101p\u0113\u0161ana ir dabisks veids, k\u0101 kopt nagus, izstiept musku\u013cus un iez\u012bm\u0113t teritoriju. Bez skr\u0101p\u0113\u0161anas koka vi\u0146i var s\u0101kt izmantot d\u012bv\u0101nu vai aizkarus, kas var rad\u012bt d\u0101rgus m\u0113be\u013cu boj\u0101jumus. \u0160is produkts nodro\u0161ina ar\u012b rota\u013cu un k\u0101p\u0161anas iesp\u0113jas, pal\u012bdzot ka\u0137im saglab\u0101t aktivit\u0101ti un mazin\u0101t garlaic\u012bbu. Vienk\u0101r\u0161s ieguld\u012bjums, kas uztur ka\u0137i laim\u012bgu un m\u0101ju sakoptu. K\u0101p\u0161anas koks ir stil\u012bgs un kompakts. Viss nepiecie\u0161amais ka\u0137im ir iek\u013cauts vien\u0101 produkt\u0101. Piem\u0113rots ka\u0137\u0113niem l\u012bdz vid\u0113ja izm\u0113ra ka\u0137iem. Produkta izm\u0113ri:Augstums: 122 cmStabu diametrs: 11 cmPamatnes izm\u0113rs: 55 \u00d7 65 cmM\u0101ji\u0146a: 35 \u00d7 30 \u00d7 35 cmMaksim\u0101lais platums: 78 cm Produkta svars: 29 kgProdukta svars iepakojum\u0101: 29,5 kg\" \/>\n<meta property=\"og:url\" content=\"https:\/\/miumjau.ee\/lv\/produkts\/kapsanas-koks-miumjau-7047-122-cm\/\" \/>\n<meta property=\"og:site_name\" content=\"MiuMjau\" \/>\n<meta property=\"article:publisher\" content=\"https:\/\/www.facebook.com\/miumjaupood\/\" \/>\n<meta property=\"article:modified_time\" content=\"2026-01-07T19:26:01+00:00\" \/>\n<meta property=\"og:image\" content=\"https:\/\/miumjau.ee\/wp-content\/uploads\/2025\/08\/ronimispuu-miumjau-7047.jpg\" \/>\n\t<meta property=\"og:image:width\" content=\"600\" \/>\n\t<meta property=\"og:image:height\" content=\"800\" \/>\n\t<meta property=\"og:image:type\" content=\"image\/jpeg\" \/>\n<meta name=\"twitter:card\" content=\"summary_large_image\" \/>\n<script type=\"application\/ld+json\" class=\"yoast-schema-graph\">{\"@context\":\"https:\/\/schema.org\",\"@graph\":[{\"@type\":\"WebPage\",\"@id\":\"https:\/\/miumjau.ee\/lv\/produkts\/kapsanas-koks-miumjau-7047-122-cm\/\",\"url\":\"https:\/\/miumjau.ee\/lv\/produkts\/kapsanas-koks-miumjau-7047-122-cm\/\",\"name\":\"K\u0101p\u0161anas koks MiuMjau 7047, 122 cm - MiuMjau\",\"isPartOf\":{\"@id\":\"https:\/\/miumjau.ee\/#website\"},\"primaryImageOfPage\":{\"@id\":\"https:\/\/miumjau.ee\/lv\/produkts\/kapsanas-koks-miumjau-7047-122-cm\/#primaryimage\"},\"image\":{\"@id\":\"https:\/\/miumjau.ee\/lv\/produkts\/kapsanas-koks-miumjau-7047-122-cm\/#primaryimage\"},\"thumbnailUrl\":\"https:\/\/miumjau.ee\/wp-content\/uploads\/2025\/08\/ronimispuu-miumjau-7047.jpg\",\"datePublished\":\"2025-08-12T13:37:09+00:00\",\"dateModified\":\"2026-01-07T19:26:01+00:00\",\"breadcrumb\":{\"@id\":\"https:\/\/miumjau.ee\/lv\/produkts\/kapsanas-koks-miumjau-7047-122-cm\/#breadcrumb\"},\"inLanguage\":\"lv-LV\",\"potentialAction\":[{\"@type\":\"ReadAction\",\"target\":[\"https:\/\/miumjau.ee\/lv\/produkts\/kapsanas-koks-miumjau-7047-122-cm\/\"]}]},{\"@type\":\"ImageObject\",\"inLanguage\":\"lv-LV\",\"@id\":\"https:\/\/miumjau.ee\/lv\/produkts\/kapsanas-koks-miumjau-7047-122-cm\/#primaryimage\",\"url\":\"https:\/\/miumjau.ee\/wp-content\/uploads\/2025\/08\/ronimispuu-miumjau-7047.jpg\",\"contentUrl\":\"https:\/\/miumjau.ee\/wp-content\/uploads\/2025\/08\/ronimispuu-miumjau-7047.jpg\",\"width\":600,\"height\":800},{\"@type\":\"BreadcrumbList\",\"@id\":\"https:\/\/miumjau.ee\/lv\/produkts\/kapsanas-koks-miumjau-7047-122-cm\/#breadcrumb\",\"itemListElement\":[{\"@type\":\"ListItem\",\"position\":1,\"name\":\"Home\",\"item\":\"https:\/\/miumjau.ee\/lv\/\"},{\"@type\":\"ListItem\",\"position\":2,\"name\":\"Veikals\",\"item\":\"https:\/\/miumjau.ee\/lv\/veikals\/\"},{\"@type\":\"ListItem\",\"position\":3,\"name\":\"K\u0101p\u0161anas koks MiuMjau 7047, 122 cm\"}]},{\"@type\":\"WebSite\",\"@id\":\"https:\/\/miumjau.ee\/#website\",\"url\":\"https:\/\/miumjau.ee\/\",\"name\":\"MiuMjau\",\"description\":\"Kraapimispuud kassidele\",\"publisher\":{\"@id\":\"https:\/\/miumjau.ee\/#organization\"},\"potentialAction\":[{\"@type\":\"SearchAction\",\"target\":{\"@type\":\"EntryPoint\",\"urlTemplate\":\"https:\/\/miumjau.ee\/?s={search_term_string}\"},\"query-input\":{\"@type\":\"PropertyValueSpecification\",\"valueRequired\":true,\"valueName\":\"search_term_string\"}}],\"inLanguage\":\"lv-LV\"},{\"@type\":\"Organization\",\"@id\":\"https:\/\/miumjau.ee\/#organization\",\"name\":\"MiuMjau O\u00dc\",\"url\":\"https:\/\/miumjau.ee\/\",\"logo\":{\"@type\":\"ImageObject\",\"inLanguage\":\"lv-LV\",\"@id\":\"https:\/\/miumjau.ee\/#\/schema\/logo\/image\/\",\"url\":\"https:\/\/miumjau.ee\/wp-content\/uploads\/2022\/04\/MiuMjau-logo-kollane.png\",\"contentUrl\":\"https:\/\/miumjau.ee\/wp-content\/uploads\/2022\/04\/MiuMjau-logo-kollane.png\",\"width\":219,\"height\":100,\"caption\":\"MiuMjau O\u00dc\"},\"image\":{\"@id\":\"https:\/\/miumjau.ee\/#\/schema\/logo\/image\/\"},\"sameAs\":[\"https:\/\/www.facebook.com\/miumjaupood\/\"]}]}<\/script>\n<!-- \/ Yoast SEO plugin. -->","yoast_head_json":{"title":"K\u0101p\u0161anas koks MiuMjau 7047, 122 cm - MiuMjau","robots":{"index":"index","follow":"follow","max-snippet":"max-snippet:-1","max-image-preview":"max-image-preview:large","max-video-preview":"max-video-preview:-1"},"canonical":"https:\/\/miumjau.ee\/lv\/produkts\/kapsanas-koks-miumjau-7047-122-cm\/","og_locale":"lv_LV","og_type":"article","og_title":"K\u0101p\u0161anas koks MiuMjau 7047, 122 cm - MiuMjau","og_description":"Ka\u0137iem ir nepiecie\u0161ams skr\u0101p\u0113\u0161anas stabs, jo skr\u0101p\u0113\u0161ana ir dabisks veids, k\u0101 kopt nagus, izstiept musku\u013cus un iez\u012bm\u0113t teritoriju. Bez skr\u0101p\u0113\u0161anas koka vi\u0146i var s\u0101kt izmantot d\u012bv\u0101nu vai aizkarus, kas var rad\u012bt d\u0101rgus m\u0113be\u013cu boj\u0101jumus. \u0160is produkts nodro\u0161ina ar\u012b rota\u013cu un k\u0101p\u0161anas iesp\u0113jas, pal\u012bdzot ka\u0137im saglab\u0101t aktivit\u0101ti un mazin\u0101t garlaic\u012bbu. Vienk\u0101r\u0161s ieguld\u012bjums, kas uztur ka\u0137i laim\u012bgu un m\u0101ju sakoptu. K\u0101p\u0161anas koks ir stil\u012bgs un kompakts. Viss nepiecie\u0161amais ka\u0137im ir iek\u013cauts vien\u0101 produkt\u0101. Piem\u0113rots ka\u0137\u0113niem l\u012bdz vid\u0113ja izm\u0113ra ka\u0137iem. Produkta izm\u0113ri:Augstums: 122 cmStabu diametrs: 11 cmPamatnes izm\u0113rs: 55 \u00d7 65 cmM\u0101ji\u0146a: 35 \u00d7 30 \u00d7 35 cmMaksim\u0101lais platums: 78 cm Produkta svars: 29 kgProdukta svars iepakojum\u0101: 29,5 kg","og_url":"https:\/\/miumjau.ee\/lv\/produkts\/kapsanas-koks-miumjau-7047-122-cm\/","og_site_name":"MiuMjau","article_publisher":"https:\/\/www.facebook.com\/miumjaupood\/","article_modified_time":"2026-01-07T19:26:01+00:00","og_image":[{"width":600,"height":800,"url":"https:\/\/miumjau.ee\/wp-content\/uploads\/2025\/08\/ronimispuu-miumjau-7047.jpg","type":"image\/jpeg"}],"twitter_card":"summary_large_image","schema":{"@context":"https:\/\/schema.org","@graph":[{"@type":"WebPage","@id":"https:\/\/miumjau.ee\/lv\/produkts\/kapsanas-koks-miumjau-7047-122-cm\/","url":"https:\/\/miumjau.ee\/lv\/produkts\/kapsanas-koks-miumjau-7047-122-cm\/","name":"K\u0101p\u0161anas koks MiuMjau 7047, 122 cm - MiuMjau","isPartOf":{"@id":"https:\/\/miumjau.ee\/#website"},"primaryImageOfPage":{"@id":"https:\/\/miumjau.ee\/lv\/produkts\/kapsanas-koks-miumjau-7047-122-cm\/#primaryimage"},"image":{"@id":"https:\/\/miumjau.ee\/lv\/produkts\/kapsanas-koks-miumjau-7047-122-cm\/#primaryimage"},"thumbnailUrl":"https:\/\/miumjau.ee\/wp-content\/uploads\/2025\/08\/ronimispuu-miumjau-7047.jpg","datePublished":"2025-08-12T13:37:09+00:00","dateModified":"2026-01-07T19:26:01+00:00","breadcrumb":{"@id":"https:\/\/miumjau.ee\/lv\/produkts\/kapsanas-koks-miumjau-7047-122-cm\/#breadcrumb"},"inLanguage":"lv-LV","potentialAction":[{"@type":"ReadAction","target":["https:\/\/miumjau.ee\/lv\/produkts\/kapsanas-koks-miumjau-7047-122-cm\/"]}]},{"@type":"ImageObject","inLanguage":"lv-LV","@id":"https:\/\/miumjau.ee\/lv\/produkts\/kapsanas-koks-miumjau-7047-122-cm\/#primaryimage","url":"https:\/\/miumjau.ee\/wp-content\/uploads\/2025\/08\/ronimispuu-miumjau-7047.jpg","contentUrl":"https:\/\/miumjau.ee\/wp-content\/uploads\/2025\/08\/ronimispuu-miumjau-7047.jpg","width":600,"height":800},{"@type":"BreadcrumbList","@id":"https:\/\/miumjau.ee\/lv\/produkts\/kapsanas-koks-miumjau-7047-122-cm\/#breadcrumb","itemListElement":[{"@type":"ListItem","position":1,"name":"Home","item":"https:\/\/miumjau.ee\/lv\/"},{"@type":"ListItem","position":2,"name":"Veikals","item":"https:\/\/miumjau.ee\/lv\/veikals\/"},{"@type":"ListItem","position":3,"name":"K\u0101p\u0161anas koks MiuMjau 7047, 122 cm"}]},{"@type":"WebSite","@id":"https:\/\/miumjau.ee\/#website","url":"https:\/\/miumjau.ee\/","name":"MiuMjau","description":"Kraapimispuud kassidele","publisher":{"@id":"https:\/\/miumjau.ee\/#organization"},"potentialAction":[{"@type":"SearchAction","target":{"@type":"EntryPoint","urlTemplate":"https:\/\/miumjau.ee\/?s={search_term_string}"},"query-input":{"@type":"PropertyValueSpecification","valueRequired":true,"valueName":"search_term_string"}}],"inLanguage":"lv-LV"},{"@type":"Organization","@id":"https:\/\/miumjau.ee\/#organization","name":"MiuMjau O\u00dc","url":"https:\/\/miumjau.ee\/","logo":{"@type":"ImageObject","inLanguage":"lv-LV","@id":"https:\/\/miumjau.ee\/#\/schema\/logo\/image\/","url":"https:\/\/miumjau.ee\/wp-content\/uploads\/2022\/04\/MiuMjau-logo-kollane.png","contentUrl":"https:\/\/miumjau.ee\/wp-content\/uploads\/2022\/04\/MiuMjau-logo-kollane.png","width":219,"height":100,"caption":"MiuMjau O\u00dc"},"image":{"@id":"https:\/\/miumjau.ee\/#\/schema\/logo\/image\/"},"sameAs":["https:\/\/www.facebook.com\/miumjaupood\/"]}]}},"_links":{"self":[{"href":"https:\/\/miumjau.ee\/lv\/wp-json\/wp\/v2\/product\/44722","targetHints":{"allow":["GET"]}}],"collection":[{"href":"https:\/\/miumjau.ee\/lv\/wp-json\/wp\/v2\/product"}],"about":[{"href":"https:\/\/miumjau.ee\/lv\/wp-json\/wp\/v2\/types\/product"}],"wp:featuredmedia":[{"embeddable":true,"href":"https:\/\/miumjau.ee\/lv\/wp-json\/wp\/v2\/media\/44727"}],"wp:attachment":[{"href":"https:\/\/miumjau.ee\/lv\/wp-json\/wp\/v2\/media?parent=44722"}],"wp:term":[{"taxonomy":"product_brand","embeddable":true,"href":"https:\/\/miumjau.ee\/lv\/wp-json\/wp\/v2\/product_brand?post=44722"},{"taxonomy":"product_cat","embeddable":true,"href":"https:\/\/miumjau.ee\/lv\/wp-json\/wp\/v2\/product_cat?post=44722"},{"taxonomy":"product_tag","embeddable":true,"href":"https:\/\/miumjau.ee\/lv\/wp-json\/wp\/v2\/product_tag?post=44722"}],"curies":[{"name":"wp","href":"https:\/\/api.w.org\/{rel}","templated":true}]}}