{"id":44713,"date":"2025-08-12T16:41:15","date_gmt":"2025-08-12T13:41:15","guid":{"rendered":"https:\/\/miumjau.ee\/toode\/kapsanas-koks-miumjau-7061-130-cm\/"},"modified":"2026-01-07T21:26:01","modified_gmt":"2026-01-07T19:26:01","slug":"kapsanas-koks-miumjau-7061-130-cm","status":"publish","type":"product","link":"https:\/\/miumjau.ee\/lv\/produkts\/kapsanas-koks-miumjau-7061-130-cm\/","title":{"rendered":"K\u0101p\u0161anas koks MiuMjau 7061, 130 cm"},"content":{"rendered":"","protected":false},"excerpt":{"rendered":"<p data-start=\"113\" data-end=\"521\">Ka\u0137iem ir nepiecie\u0161ams skr\u0101p\u0113\u0161anas stabs, jo skr\u0101p\u0113\u0161ana ir dabisks veids, k\u0101 r\u016bp\u0113ties par nagiem, izstiept musku\u013cus un iez\u012bm\u0113t teritoriju. Bez skr\u0101p\u0113\u0161anas koka vi\u0146i var izmantot d\u012bv\u0101nu vai aizkarus, kas var rad\u012bt d\u0101rgus m\u0113be\u013cu boj\u0101jumus. Tas ka\u0137im pied\u0101v\u0101 ar\u012b rota\u013cu un k\u0101p\u0161anas iesp\u0113jas, pal\u012bdzot saglab\u0101t aktivit\u0101ti un mazin\u0101t garlaic\u012bbu. Vienk\u0101r\u0161s ieguld\u012bjums, kas padara ka\u0137i laim\u012bg\u0101ku un m\u0101ju sakopt\u0101ku.<\/p>\n<p data-start=\"523\" data-end=\"589\">K\u0101p\u0161anas koks piem\u0113rots ka\u0137\u0113niem, maziem un vid\u0113ja lieluma ka\u0137iem.<\/p>\n<p data-start=\"591\" data-end=\"708\"><strong data-start=\"591\" data-end=\"602\">Izm\u0113ri:<\/strong><br data-start=\"602\" data-end=\"605\" \/>Augstums: 130 cm<br data-start=\"621\" data-end=\"624\" \/>Stabu diametrs: 9 cm<br data-start=\"644\" data-end=\"647\" \/>Pamatnes izm\u0113ri: 70 \u00d7 45 cm<br data-start=\"674\" data-end=\"677\" \/>Plats\u0101k\u0101 produkta da\u013ca: 88 cm<\/p>\n<p data-start=\"710\" data-end=\"771\">Produkta svars: 23 kg<br data-start=\"731\" data-end=\"734\" \/>Produkta svars ar iepakojumu: 23,5 kg<\/p>\n","protected":false},"featured_media":44719,"template":"","meta":[],"product_brand":[],"product_cat":[581],"product_tag":[],"class_list":{"0":"post-44713","1":"product","2":"type-product","3":"status-publish","4":"has-post-thumbnail","6":"product_cat-videji-skrapesanas-koki","7":"product_shipping_class-pakiautomaati-sobimatu-lv","9":"first","10":"instock","11":"sale","12":"taxable","13":"shipping-taxable","14":"purchasable","15":"product-type-simple"},"yoast_head":"<!-- This site is optimized with the Yoast SEO plugin v27.2 - https:\/\/yoast.com\/product\/yoast-seo-wordpress\/ -->\n<title>K\u0101p\u0161anas koks MiuMjau 7061, 130 cm - MiuMjau<\/title>\n<meta name=\"robots\" content=\"index, follow, max-snippet:-1, max-image-preview:large, max-video-preview:-1\" \/>\n<link rel=\"canonical\" href=\"https:\/\/miumjau.ee\/lv\/produkts\/kapsanas-koks-miumjau-7061-130-cm\/\" \/>\n<meta property=\"og:locale\" content=\"lv_LV\" \/>\n<meta property=\"og:type\" content=\"article\" \/>\n<meta property=\"og:title\" content=\"K\u0101p\u0161anas koks MiuMjau 7061, 130 cm - MiuMjau\" \/>\n<meta property=\"og:description\" content=\"Ka\u0137iem ir nepiecie\u0161ams skr\u0101p\u0113\u0161anas stabs, jo skr\u0101p\u0113\u0161ana ir dabisks veids, k\u0101 r\u016bp\u0113ties par nagiem, izstiept musku\u013cus un iez\u012bm\u0113t teritoriju. Bez skr\u0101p\u0113\u0161anas koka vi\u0146i var izmantot d\u012bv\u0101nu vai aizkarus, kas var rad\u012bt d\u0101rgus m\u0113be\u013cu boj\u0101jumus. Tas ka\u0137im pied\u0101v\u0101 ar\u012b rota\u013cu un k\u0101p\u0161anas iesp\u0113jas, pal\u012bdzot saglab\u0101t aktivit\u0101ti un mazin\u0101t garlaic\u012bbu. Vienk\u0101r\u0161s ieguld\u012bjums, kas padara ka\u0137i laim\u012bg\u0101ku un m\u0101ju sakopt\u0101ku. K\u0101p\u0161anas koks piem\u0113rots ka\u0137\u0113niem, maziem un vid\u0113ja lieluma ka\u0137iem. Izm\u0113ri:Augstums: 130 cmStabu diametrs: 9 cmPamatnes izm\u0113ri: 70 \u00d7 45 cmPlats\u0101k\u0101 produkta da\u013ca: 88 cm Produkta svars: 23 kgProdukta svars ar iepakojumu: 23,5 kg\" \/>\n<meta property=\"og:url\" content=\"https:\/\/miumjau.ee\/lv\/produkts\/kapsanas-koks-miumjau-7061-130-cm\/\" \/>\n<meta property=\"og:site_name\" content=\"MiuMjau\" \/>\n<meta property=\"article:publisher\" content=\"https:\/\/www.facebook.com\/miumjaupood\/\" \/>\n<meta property=\"article:modified_time\" content=\"2026-01-07T19:26:01+00:00\" \/>\n<meta property=\"og:image\" content=\"https:\/\/miumjau.ee\/wp-content\/uploads\/2025\/08\/ronimispuu-miumjau-70613.jpg\" \/>\n\t<meta property=\"og:image:width\" content=\"600\" \/>\n\t<meta property=\"og:image:height\" content=\"800\" \/>\n\t<meta property=\"og:image:type\" content=\"image\/jpeg\" \/>\n<meta name=\"twitter:card\" content=\"summary_large_image\" \/>\n<script type=\"application\/ld+json\" class=\"yoast-schema-graph\">{\"@context\":\"https:\/\/schema.org\",\"@graph\":[{\"@type\":\"WebPage\",\"@id\":\"https:\/\/miumjau.ee\/lv\/produkts\/kapsanas-koks-miumjau-7061-130-cm\/\",\"url\":\"https:\/\/miumjau.ee\/lv\/produkts\/kapsanas-koks-miumjau-7061-130-cm\/\",\"name\":\"K\u0101p\u0161anas koks MiuMjau 7061, 130 cm - MiuMjau\",\"isPartOf\":{\"@id\":\"https:\/\/miumjau.ee\/#website\"},\"primaryImageOfPage\":{\"@id\":\"https:\/\/miumjau.ee\/lv\/produkts\/kapsanas-koks-miumjau-7061-130-cm\/#primaryimage\"},\"image\":{\"@id\":\"https:\/\/miumjau.ee\/lv\/produkts\/kapsanas-koks-miumjau-7061-130-cm\/#primaryimage\"},\"thumbnailUrl\":\"https:\/\/miumjau.ee\/wp-content\/uploads\/2025\/08\/ronimispuu-miumjau-70613.jpg\",\"datePublished\":\"2025-08-12T13:41:15+00:00\",\"dateModified\":\"2026-01-07T19:26:01+00:00\",\"breadcrumb\":{\"@id\":\"https:\/\/miumjau.ee\/lv\/produkts\/kapsanas-koks-miumjau-7061-130-cm\/#breadcrumb\"},\"inLanguage\":\"lv-LV\",\"potentialAction\":[{\"@type\":\"ReadAction\",\"target\":[\"https:\/\/miumjau.ee\/lv\/produkts\/kapsanas-koks-miumjau-7061-130-cm\/\"]}]},{\"@type\":\"ImageObject\",\"inLanguage\":\"lv-LV\",\"@id\":\"https:\/\/miumjau.ee\/lv\/produkts\/kapsanas-koks-miumjau-7061-130-cm\/#primaryimage\",\"url\":\"https:\/\/miumjau.ee\/wp-content\/uploads\/2025\/08\/ronimispuu-miumjau-70613.jpg\",\"contentUrl\":\"https:\/\/miumjau.ee\/wp-content\/uploads\/2025\/08\/ronimispuu-miumjau-70613.jpg\",\"width\":600,\"height\":800},{\"@type\":\"BreadcrumbList\",\"@id\":\"https:\/\/miumjau.ee\/lv\/produkts\/kapsanas-koks-miumjau-7061-130-cm\/#breadcrumb\",\"itemListElement\":[{\"@type\":\"ListItem\",\"position\":1,\"name\":\"Home\",\"item\":\"https:\/\/miumjau.ee\/lv\/\"},{\"@type\":\"ListItem\",\"position\":2,\"name\":\"Veikals\",\"item\":\"https:\/\/miumjau.ee\/lv\/veikals\/\"},{\"@type\":\"ListItem\",\"position\":3,\"name\":\"K\u0101p\u0161anas koks MiuMjau 7061, 130 cm\"}]},{\"@type\":\"WebSite\",\"@id\":\"https:\/\/miumjau.ee\/#website\",\"url\":\"https:\/\/miumjau.ee\/\",\"name\":\"MiuMjau\",\"description\":\"Kraapimispuud kassidele\",\"publisher\":{\"@id\":\"https:\/\/miumjau.ee\/#organization\"},\"potentialAction\":[{\"@type\":\"SearchAction\",\"target\":{\"@type\":\"EntryPoint\",\"urlTemplate\":\"https:\/\/miumjau.ee\/?s={search_term_string}\"},\"query-input\":{\"@type\":\"PropertyValueSpecification\",\"valueRequired\":true,\"valueName\":\"search_term_string\"}}],\"inLanguage\":\"lv-LV\"},{\"@type\":\"Organization\",\"@id\":\"https:\/\/miumjau.ee\/#organization\",\"name\":\"MiuMjau O\u00dc\",\"url\":\"https:\/\/miumjau.ee\/\",\"logo\":{\"@type\":\"ImageObject\",\"inLanguage\":\"lv-LV\",\"@id\":\"https:\/\/miumjau.ee\/#\/schema\/logo\/image\/\",\"url\":\"https:\/\/miumjau.ee\/wp-content\/uploads\/2022\/04\/MiuMjau-logo-kollane.png\",\"contentUrl\":\"https:\/\/miumjau.ee\/wp-content\/uploads\/2022\/04\/MiuMjau-logo-kollane.png\",\"width\":219,\"height\":100,\"caption\":\"MiuMjau O\u00dc\"},\"image\":{\"@id\":\"https:\/\/miumjau.ee\/#\/schema\/logo\/image\/\"},\"sameAs\":[\"https:\/\/www.facebook.com\/miumjaupood\/\"]}]}<\/script>\n<!-- \/ Yoast SEO plugin. -->","yoast_head_json":{"title":"K\u0101p\u0161anas koks MiuMjau 7061, 130 cm - MiuMjau","robots":{"index":"index","follow":"follow","max-snippet":"max-snippet:-1","max-image-preview":"max-image-preview:large","max-video-preview":"max-video-preview:-1"},"canonical":"https:\/\/miumjau.ee\/lv\/produkts\/kapsanas-koks-miumjau-7061-130-cm\/","og_locale":"lv_LV","og_type":"article","og_title":"K\u0101p\u0161anas koks MiuMjau 7061, 130 cm - MiuMjau","og_description":"Ka\u0137iem ir nepiecie\u0161ams skr\u0101p\u0113\u0161anas stabs, jo skr\u0101p\u0113\u0161ana ir dabisks veids, k\u0101 r\u016bp\u0113ties par nagiem, izstiept musku\u013cus un iez\u012bm\u0113t teritoriju. Bez skr\u0101p\u0113\u0161anas koka vi\u0146i var izmantot d\u012bv\u0101nu vai aizkarus, kas var rad\u012bt d\u0101rgus m\u0113be\u013cu boj\u0101jumus. Tas ka\u0137im pied\u0101v\u0101 ar\u012b rota\u013cu un k\u0101p\u0161anas iesp\u0113jas, pal\u012bdzot saglab\u0101t aktivit\u0101ti un mazin\u0101t garlaic\u012bbu. Vienk\u0101r\u0161s ieguld\u012bjums, kas padara ka\u0137i laim\u012bg\u0101ku un m\u0101ju sakopt\u0101ku. K\u0101p\u0161anas koks piem\u0113rots ka\u0137\u0113niem, maziem un vid\u0113ja lieluma ka\u0137iem. Izm\u0113ri:Augstums: 130 cmStabu diametrs: 9 cmPamatnes izm\u0113ri: 70 \u00d7 45 cmPlats\u0101k\u0101 produkta da\u013ca: 88 cm Produkta svars: 23 kgProdukta svars ar iepakojumu: 23,5 kg","og_url":"https:\/\/miumjau.ee\/lv\/produkts\/kapsanas-koks-miumjau-7061-130-cm\/","og_site_name":"MiuMjau","article_publisher":"https:\/\/www.facebook.com\/miumjaupood\/","article_modified_time":"2026-01-07T19:26:01+00:00","og_image":[{"width":600,"height":800,"url":"https:\/\/miumjau.ee\/wp-content\/uploads\/2025\/08\/ronimispuu-miumjau-70613.jpg","type":"image\/jpeg"}],"twitter_card":"summary_large_image","schema":{"@context":"https:\/\/schema.org","@graph":[{"@type":"WebPage","@id":"https:\/\/miumjau.ee\/lv\/produkts\/kapsanas-koks-miumjau-7061-130-cm\/","url":"https:\/\/miumjau.ee\/lv\/produkts\/kapsanas-koks-miumjau-7061-130-cm\/","name":"K\u0101p\u0161anas koks MiuMjau 7061, 130 cm - MiuMjau","isPartOf":{"@id":"https:\/\/miumjau.ee\/#website"},"primaryImageOfPage":{"@id":"https:\/\/miumjau.ee\/lv\/produkts\/kapsanas-koks-miumjau-7061-130-cm\/#primaryimage"},"image":{"@id":"https:\/\/miumjau.ee\/lv\/produkts\/kapsanas-koks-miumjau-7061-130-cm\/#primaryimage"},"thumbnailUrl":"https:\/\/miumjau.ee\/wp-content\/uploads\/2025\/08\/ronimispuu-miumjau-70613.jpg","datePublished":"2025-08-12T13:41:15+00:00","dateModified":"2026-01-07T19:26:01+00:00","breadcrumb":{"@id":"https:\/\/miumjau.ee\/lv\/produkts\/kapsanas-koks-miumjau-7061-130-cm\/#breadcrumb"},"inLanguage":"lv-LV","potentialAction":[{"@type":"ReadAction","target":["https:\/\/miumjau.ee\/lv\/produkts\/kapsanas-koks-miumjau-7061-130-cm\/"]}]},{"@type":"ImageObject","inLanguage":"lv-LV","@id":"https:\/\/miumjau.ee\/lv\/produkts\/kapsanas-koks-miumjau-7061-130-cm\/#primaryimage","url":"https:\/\/miumjau.ee\/wp-content\/uploads\/2025\/08\/ronimispuu-miumjau-70613.jpg","contentUrl":"https:\/\/miumjau.ee\/wp-content\/uploads\/2025\/08\/ronimispuu-miumjau-70613.jpg","width":600,"height":800},{"@type":"BreadcrumbList","@id":"https:\/\/miumjau.ee\/lv\/produkts\/kapsanas-koks-miumjau-7061-130-cm\/#breadcrumb","itemListElement":[{"@type":"ListItem","position":1,"name":"Home","item":"https:\/\/miumjau.ee\/lv\/"},{"@type":"ListItem","position":2,"name":"Veikals","item":"https:\/\/miumjau.ee\/lv\/veikals\/"},{"@type":"ListItem","position":3,"name":"K\u0101p\u0161anas koks MiuMjau 7061, 130 cm"}]},{"@type":"WebSite","@id":"https:\/\/miumjau.ee\/#website","url":"https:\/\/miumjau.ee\/","name":"MiuMjau","description":"Kraapimispuud kassidele","publisher":{"@id":"https:\/\/miumjau.ee\/#organization"},"potentialAction":[{"@type":"SearchAction","target":{"@type":"EntryPoint","urlTemplate":"https:\/\/miumjau.ee\/?s={search_term_string}"},"query-input":{"@type":"PropertyValueSpecification","valueRequired":true,"valueName":"search_term_string"}}],"inLanguage":"lv-LV"},{"@type":"Organization","@id":"https:\/\/miumjau.ee\/#organization","name":"MiuMjau O\u00dc","url":"https:\/\/miumjau.ee\/","logo":{"@type":"ImageObject","inLanguage":"lv-LV","@id":"https:\/\/miumjau.ee\/#\/schema\/logo\/image\/","url":"https:\/\/miumjau.ee\/wp-content\/uploads\/2022\/04\/MiuMjau-logo-kollane.png","contentUrl":"https:\/\/miumjau.ee\/wp-content\/uploads\/2022\/04\/MiuMjau-logo-kollane.png","width":219,"height":100,"caption":"MiuMjau O\u00dc"},"image":{"@id":"https:\/\/miumjau.ee\/#\/schema\/logo\/image\/"},"sameAs":["https:\/\/www.facebook.com\/miumjaupood\/"]}]}},"_links":{"self":[{"href":"https:\/\/miumjau.ee\/lv\/wp-json\/wp\/v2\/product\/44713","targetHints":{"allow":["GET"]}}],"collection":[{"href":"https:\/\/miumjau.ee\/lv\/wp-json\/wp\/v2\/product"}],"about":[{"href":"https:\/\/miumjau.ee\/lv\/wp-json\/wp\/v2\/types\/product"}],"wp:featuredmedia":[{"embeddable":true,"href":"https:\/\/miumjau.ee\/lv\/wp-json\/wp\/v2\/media\/44719"}],"wp:attachment":[{"href":"https:\/\/miumjau.ee\/lv\/wp-json\/wp\/v2\/media?parent=44713"}],"wp:term":[{"taxonomy":"product_brand","embeddable":true,"href":"https:\/\/miumjau.ee\/lv\/wp-json\/wp\/v2\/product_brand?post=44713"},{"taxonomy":"product_cat","embeddable":true,"href":"https:\/\/miumjau.ee\/lv\/wp-json\/wp\/v2\/product_cat?post=44713"},{"taxonomy":"product_tag","embeddable":true,"href":"https:\/\/miumjau.ee\/lv\/wp-json\/wp\/v2\/product_tag?post=44713"}],"curies":[{"name":"wp","href":"https:\/\/api.w.org\/{rel}","templated":true}]}}