{"id":44704,"date":"2025-09-03T11:00:32","date_gmt":"2025-09-03T08:00:32","guid":{"rendered":"https:\/\/miumjau.ee\/toode\/kaku-dzerama-struklaka-petrebels-fountain-jet-19-balta\/"},"modified":"2026-01-07T21:26:01","modified_gmt":"2026-01-07T19:26:01","slug":"kaku-dzerama-struklaka-petrebels-fountain-jet-19-balta","status":"publish","type":"product","link":"https:\/\/miumjau.ee\/lv\/produkts\/kaku-dzerama-struklaka-petrebels-fountain-jet-19-balta\/","title":{"rendered":"Ka\u0137u dzeram\u0101 str\u016bklaka Petrebels Fountain Jet 19, balta"},"content":{"rendered":"","protected":false},"excerpt":{"rendered":"<p data-start=\"134\" data-end=\"176\">Klusa, gudra un bezvadu dzer\u0161anas pieredze<\/p>\n<p data-start=\"178\" data-end=\"770\">Ka\u0137i bie\u017ei nedzer pietiekami daudz. T\u0101p\u0113c m\u0113s izveidoj\u0101m gudru un stil\u012bgu risin\u0101jumu, kas pal\u012bdz uztur\u0113t j\u016bsu ka\u0137i hidrat\u0113tu un vesel\u012bgu visu gadu: Jet 19 \u2013 skaista dizaina dzeram\u0101 str\u016bklaka ka\u0137iem, kas darbojas gan ar vadu, gan bezvadu re\u017e\u012bm\u0101. Izv\u0113lieties nep\u0101rtrauktu \u016bdens pl\u016bsmu vai iesl\u0113dziet infrasarkano sensoru, kas \u013cauj \u016bdenim tec\u0113t tikai tad, kad ka\u0137is ir tuvum\u0101. \u0112rts papildin\u0101jums: caursp\u012bd\u012bgs logs r\u0101da \u016bdens l\u012bmeni, bet gudr\u0101 filtr\u0113\u0161anas sist\u0113ma nodro\u0161ina, ka \u016bdens vienm\u0113r ir svaigs un t\u012brs. Turkl\u0101t str\u016bklaka pati signaliz\u0113, kad filtrs j\u0101maina vai \u016bdens l\u012bmenis ir p\u0101r\u0101k zems.<\/p>\n<p data-start=\"772\" data-end=\"794\"><strong data-start=\"772\" data-end=\"794\">Produkta \u012bpa\u0161\u012bbas:<\/strong><\/p>\n<ul data-start=\"796\" data-end=\"1185\">\n<li data-start=\"796\" data-end=\"833\">\n<p data-start=\"798\" data-end=\"833\">Izm\u0113ri: \u00d8 19,5 cm, augstums 15 cm<\/p>\n<\/li>\n<li data-start=\"834\" data-end=\"885\">\n<p data-start=\"836\" data-end=\"885\">Var mazg\u0101t trauku mazg\u0101jamaj\u0101 ma\u0161\u012bn\u0101 l\u012bdz 60 \u00b0C<\/p>\n<\/li>\n<li data-start=\"886\" data-end=\"968\">\n<p data-start=\"888\" data-end=\"968\">Darbojas gan ar vadu, gan bezvadu re\u017e\u012bm\u0101 (komplekt\u0101 USB l\u0101d\u0113t\u0101js un adapteris)<\/p>\n<\/li>\n<li data-start=\"969\" data-end=\"1033\">\n<p data-start=\"971\" data-end=\"1033\">Tilpums: 2 litri, izgatavots no p\u0101rtikas dro\u0161a ABS materi\u0101la<\/p>\n<\/li>\n<li data-start=\"1034\" data-end=\"1112\">\n<p data-start=\"1036\" data-end=\"1112\">Gudrs sensors, \u012bpa\u0161i kluss s\u016bknis (&lt; 23 dB) un modern\u0101 filtr\u0113\u0161anas sist\u0113ma<\/p>\n<\/li>\n<li data-start=\"1113\" data-end=\"1157\">\n<p data-start=\"1115\" data-end=\"1157\">Sensora darb\u012bbas att\u0101lums l\u012bdz 2 metriem<\/p>\n<\/li>\n<li data-start=\"1158\" data-end=\"1185\">\n<p data-start=\"1160\" data-end=\"1185\">Filtri pieejami atsevi\u0161\u0137i<\/p>\n<\/li>\n<\/ul>\n","protected":false},"featured_media":44708,"template":"","meta":[],"product_brand":[],"product_cat":[572,573],"product_tag":[],"class_list":{"0":"post-44704","1":"product","2":"type-product","3":"status-publish","4":"has-post-thumbnail","6":"product_cat-ediena-trauki-kakiem","7":"product_cat-kaup24-lv","9":"first","10":"instock","11":"taxable","12":"shipping-taxable","13":"purchasable","14":"product-type-simple"},"yoast_head":"<!-- This site is optimized with the Yoast SEO plugin v27.4 - https:\/\/yoast.com\/product\/yoast-seo-wordpress\/ -->\n<title>Ka\u0137u dzeram\u0101 str\u016bklaka Petrebels Fountain Jet 19, balta - MiuMjau<\/title>\n<meta name=\"robots\" content=\"index, follow, max-snippet:-1, max-image-preview:large, max-video-preview:-1\" \/>\n<link rel=\"canonical\" href=\"https:\/\/miumjau.ee\/lv\/produkts\/kaku-dzerama-struklaka-petrebels-fountain-jet-19-balta\/\" \/>\n<meta property=\"og:locale\" content=\"lv_LV\" \/>\n<meta property=\"og:type\" content=\"article\" \/>\n<meta property=\"og:title\" content=\"Ka\u0137u dzeram\u0101 str\u016bklaka Petrebels Fountain Jet 19, balta - MiuMjau\" \/>\n<meta property=\"og:description\" content=\"Klusa, gudra un bezvadu dzer\u0161anas pieredze Ka\u0137i bie\u017ei nedzer pietiekami daudz. T\u0101p\u0113c m\u0113s izveidoj\u0101m gudru un stil\u012bgu risin\u0101jumu, kas pal\u012bdz uztur\u0113t j\u016bsu ka\u0137i hidrat\u0113tu un vesel\u012bgu visu gadu: Jet 19 \u2013 skaista dizaina dzeram\u0101 str\u016bklaka ka\u0137iem, kas darbojas gan ar vadu, gan bezvadu re\u017e\u012bm\u0101. Izv\u0113lieties nep\u0101rtrauktu \u016bdens pl\u016bsmu vai iesl\u0113dziet infrasarkano sensoru, kas \u013cauj \u016bdenim tec\u0113t tikai tad, kad ka\u0137is ir tuvum\u0101. \u0112rts papildin\u0101jums: caursp\u012bd\u012bgs logs r\u0101da \u016bdens l\u012bmeni, bet gudr\u0101 filtr\u0113\u0161anas sist\u0113ma nodro\u0161ina, ka \u016bdens vienm\u0113r ir svaigs un t\u012brs. Turkl\u0101t str\u016bklaka pati signaliz\u0113, kad filtrs j\u0101maina vai \u016bdens l\u012bmenis ir p\u0101r\u0101k zems. Produkta \u012bpa\u0161\u012bbas:     Izm\u0113ri: \u00d8 19,5 cm, augstums 15 cm    Var mazg\u0101t trauku mazg\u0101jamaj\u0101 ma\u0161\u012bn\u0101 l\u012bdz 60 \u00b0C    Darbojas gan ar vadu, gan bezvadu re\u017e\u012bm\u0101 (komplekt\u0101 USB l\u0101d\u0113t\u0101js un adapteris)    Tilpums: 2 litri, izgatavots no p\u0101rtikas dro\u0161a ABS materi\u0101la    Gudrs sensors, \u012bpa\u0161i kluss s\u016bknis (&lt; 23 dB) un modern\u0101 filtr\u0113\u0161anas sist\u0113ma    Sensora darb\u012bbas att\u0101lums l\u012bdz 2 metriem    Filtri pieejami atsevi\u0161\u0137i\" \/>\n<meta property=\"og:url\" content=\"https:\/\/miumjau.ee\/lv\/produkts\/kaku-dzerama-struklaka-petrebels-fountain-jet-19-balta\/\" \/>\n<meta property=\"og:site_name\" content=\"MiuMjau\" \/>\n<meta property=\"article:publisher\" content=\"https:\/\/www.facebook.com\/miumjaupood\/\" \/>\n<meta property=\"article:modified_time\" content=\"2026-01-07T19:26:01+00:00\" \/>\n<meta property=\"og:image\" content=\"https:\/\/miumjau.ee\/wp-content\/uploads\/2025\/09\/kasside-joogi-purskkaev-jet193.jpg\" \/>\n\t<meta property=\"og:image:width\" content=\"600\" \/>\n\t<meta property=\"og:image:height\" content=\"800\" \/>\n\t<meta property=\"og:image:type\" content=\"image\/jpeg\" \/>\n<meta name=\"twitter:card\" content=\"summary_large_image\" \/>\n<script type=\"application\/ld+json\" class=\"yoast-schema-graph\">{\"@context\":\"https:\\\/\\\/schema.org\",\"@graph\":[{\"@type\":\"WebPage\",\"@id\":\"https:\\\/\\\/miumjau.ee\\\/lv\\\/produkts\\\/kaku-dzerama-struklaka-petrebels-fountain-jet-19-balta\\\/\",\"url\":\"https:\\\/\\\/miumjau.ee\\\/lv\\\/produkts\\\/kaku-dzerama-struklaka-petrebels-fountain-jet-19-balta\\\/\",\"name\":\"Ka\u0137u dzeram\u0101 str\u016bklaka Petrebels Fountain Jet 19, balta - MiuMjau\",\"isPartOf\":{\"@id\":\"https:\\\/\\\/miumjau.ee\\\/#website\"},\"primaryImageOfPage\":{\"@id\":\"https:\\\/\\\/miumjau.ee\\\/lv\\\/produkts\\\/kaku-dzerama-struklaka-petrebels-fountain-jet-19-balta\\\/#primaryimage\"},\"image\":{\"@id\":\"https:\\\/\\\/miumjau.ee\\\/lv\\\/produkts\\\/kaku-dzerama-struklaka-petrebels-fountain-jet-19-balta\\\/#primaryimage\"},\"thumbnailUrl\":\"https:\\\/\\\/miumjau.ee\\\/wp-content\\\/uploads\\\/2025\\\/09\\\/kasside-joogi-purskkaev-jet193.jpg\",\"datePublished\":\"2025-09-03T08:00:32+00:00\",\"dateModified\":\"2026-01-07T19:26:01+00:00\",\"breadcrumb\":{\"@id\":\"https:\\\/\\\/miumjau.ee\\\/lv\\\/produkts\\\/kaku-dzerama-struklaka-petrebels-fountain-jet-19-balta\\\/#breadcrumb\"},\"inLanguage\":\"lv-LV\",\"potentialAction\":[{\"@type\":\"ReadAction\",\"target\":[\"https:\\\/\\\/miumjau.ee\\\/lv\\\/produkts\\\/kaku-dzerama-struklaka-petrebels-fountain-jet-19-balta\\\/\"]}]},{\"@type\":\"ImageObject\",\"inLanguage\":\"lv-LV\",\"@id\":\"https:\\\/\\\/miumjau.ee\\\/lv\\\/produkts\\\/kaku-dzerama-struklaka-petrebels-fountain-jet-19-balta\\\/#primaryimage\",\"url\":\"https:\\\/\\\/miumjau.ee\\\/wp-content\\\/uploads\\\/2025\\\/09\\\/kasside-joogi-purskkaev-jet193.jpg\",\"contentUrl\":\"https:\\\/\\\/miumjau.ee\\\/wp-content\\\/uploads\\\/2025\\\/09\\\/kasside-joogi-purskkaev-jet193.jpg\",\"width\":600,\"height\":800},{\"@type\":\"BreadcrumbList\",\"@id\":\"https:\\\/\\\/miumjau.ee\\\/lv\\\/produkts\\\/kaku-dzerama-struklaka-petrebels-fountain-jet-19-balta\\\/#breadcrumb\",\"itemListElement\":[{\"@type\":\"ListItem\",\"position\":1,\"name\":\"Home\",\"item\":\"https:\\\/\\\/miumjau.ee\\\/lv\\\/\"},{\"@type\":\"ListItem\",\"position\":2,\"name\":\"Veikals\",\"item\":\"https:\\\/\\\/miumjau.ee\\\/lv\\\/veikals\\\/\"},{\"@type\":\"ListItem\",\"position\":3,\"name\":\"Ka\u0137u dzeram\u0101 str\u016bklaka Petrebels Fountain Jet 19, balta\"}]},{\"@type\":\"WebSite\",\"@id\":\"https:\\\/\\\/miumjau.ee\\\/#website\",\"url\":\"https:\\\/\\\/miumjau.ee\\\/\",\"name\":\"MiuMjau\",\"description\":\"Kraapimispuud kassidele\",\"publisher\":{\"@id\":\"https:\\\/\\\/miumjau.ee\\\/#organization\"},\"potentialAction\":[{\"@type\":\"SearchAction\",\"target\":{\"@type\":\"EntryPoint\",\"urlTemplate\":\"https:\\\/\\\/miumjau.ee\\\/?s={search_term_string}\"},\"query-input\":{\"@type\":\"PropertyValueSpecification\",\"valueRequired\":true,\"valueName\":\"search_term_string\"}}],\"inLanguage\":\"lv-LV\"},{\"@type\":\"Organization\",\"@id\":\"https:\\\/\\\/miumjau.ee\\\/#organization\",\"name\":\"MiuMjau O\u00dc\",\"url\":\"https:\\\/\\\/miumjau.ee\\\/\",\"logo\":{\"@type\":\"ImageObject\",\"inLanguage\":\"lv-LV\",\"@id\":\"https:\\\/\\\/miumjau.ee\\\/#\\\/schema\\\/logo\\\/image\\\/\",\"url\":\"https:\\\/\\\/miumjau.ee\\\/wp-content\\\/uploads\\\/2022\\\/04\\\/MiuMjau-logo-kollane.png\",\"contentUrl\":\"https:\\\/\\\/miumjau.ee\\\/wp-content\\\/uploads\\\/2022\\\/04\\\/MiuMjau-logo-kollane.png\",\"width\":219,\"height\":100,\"caption\":\"MiuMjau O\u00dc\"},\"image\":{\"@id\":\"https:\\\/\\\/miumjau.ee\\\/#\\\/schema\\\/logo\\\/image\\\/\"},\"sameAs\":[\"https:\\\/\\\/www.facebook.com\\\/miumjaupood\\\/\"]}]}<\/script>\n<!-- \/ Yoast SEO plugin. -->","yoast_head_json":{"title":"Ka\u0137u dzeram\u0101 str\u016bklaka Petrebels Fountain Jet 19, balta - MiuMjau","robots":{"index":"index","follow":"follow","max-snippet":"max-snippet:-1","max-image-preview":"max-image-preview:large","max-video-preview":"max-video-preview:-1"},"canonical":"https:\/\/miumjau.ee\/lv\/produkts\/kaku-dzerama-struklaka-petrebels-fountain-jet-19-balta\/","og_locale":"lv_LV","og_type":"article","og_title":"Ka\u0137u dzeram\u0101 str\u016bklaka Petrebels Fountain Jet 19, balta - MiuMjau","og_description":"Klusa, gudra un bezvadu dzer\u0161anas pieredze Ka\u0137i bie\u017ei nedzer pietiekami daudz. T\u0101p\u0113c m\u0113s izveidoj\u0101m gudru un stil\u012bgu risin\u0101jumu, kas pal\u012bdz uztur\u0113t j\u016bsu ka\u0137i hidrat\u0113tu un vesel\u012bgu visu gadu: Jet 19 \u2013 skaista dizaina dzeram\u0101 str\u016bklaka ka\u0137iem, kas darbojas gan ar vadu, gan bezvadu re\u017e\u012bm\u0101. Izv\u0113lieties nep\u0101rtrauktu \u016bdens pl\u016bsmu vai iesl\u0113dziet infrasarkano sensoru, kas \u013cauj \u016bdenim tec\u0113t tikai tad, kad ka\u0137is ir tuvum\u0101. \u0112rts papildin\u0101jums: caursp\u012bd\u012bgs logs r\u0101da \u016bdens l\u012bmeni, bet gudr\u0101 filtr\u0113\u0161anas sist\u0113ma nodro\u0161ina, ka \u016bdens vienm\u0113r ir svaigs un t\u012brs. Turkl\u0101t str\u016bklaka pati signaliz\u0113, kad filtrs j\u0101maina vai \u016bdens l\u012bmenis ir p\u0101r\u0101k zems. Produkta \u012bpa\u0161\u012bbas:     Izm\u0113ri: \u00d8 19,5 cm, augstums 15 cm    Var mazg\u0101t trauku mazg\u0101jamaj\u0101 ma\u0161\u012bn\u0101 l\u012bdz 60 \u00b0C    Darbojas gan ar vadu, gan bezvadu re\u017e\u012bm\u0101 (komplekt\u0101 USB l\u0101d\u0113t\u0101js un adapteris)    Tilpums: 2 litri, izgatavots no p\u0101rtikas dro\u0161a ABS materi\u0101la    Gudrs sensors, \u012bpa\u0161i kluss s\u016bknis (&lt; 23 dB) un modern\u0101 filtr\u0113\u0161anas sist\u0113ma    Sensora darb\u012bbas att\u0101lums l\u012bdz 2 metriem    Filtri pieejami atsevi\u0161\u0137i","og_url":"https:\/\/miumjau.ee\/lv\/produkts\/kaku-dzerama-struklaka-petrebels-fountain-jet-19-balta\/","og_site_name":"MiuMjau","article_publisher":"https:\/\/www.facebook.com\/miumjaupood\/","article_modified_time":"2026-01-07T19:26:01+00:00","og_image":[{"width":600,"height":800,"url":"https:\/\/miumjau.ee\/wp-content\/uploads\/2025\/09\/kasside-joogi-purskkaev-jet193.jpg","type":"image\/jpeg"}],"twitter_card":"summary_large_image","schema":{"@context":"https:\/\/schema.org","@graph":[{"@type":"WebPage","@id":"https:\/\/miumjau.ee\/lv\/produkts\/kaku-dzerama-struklaka-petrebels-fountain-jet-19-balta\/","url":"https:\/\/miumjau.ee\/lv\/produkts\/kaku-dzerama-struklaka-petrebels-fountain-jet-19-balta\/","name":"Ka\u0137u dzeram\u0101 str\u016bklaka Petrebels Fountain Jet 19, balta - MiuMjau","isPartOf":{"@id":"https:\/\/miumjau.ee\/#website"},"primaryImageOfPage":{"@id":"https:\/\/miumjau.ee\/lv\/produkts\/kaku-dzerama-struklaka-petrebels-fountain-jet-19-balta\/#primaryimage"},"image":{"@id":"https:\/\/miumjau.ee\/lv\/produkts\/kaku-dzerama-struklaka-petrebels-fountain-jet-19-balta\/#primaryimage"},"thumbnailUrl":"https:\/\/miumjau.ee\/wp-content\/uploads\/2025\/09\/kasside-joogi-purskkaev-jet193.jpg","datePublished":"2025-09-03T08:00:32+00:00","dateModified":"2026-01-07T19:26:01+00:00","breadcrumb":{"@id":"https:\/\/miumjau.ee\/lv\/produkts\/kaku-dzerama-struklaka-petrebels-fountain-jet-19-balta\/#breadcrumb"},"inLanguage":"lv-LV","potentialAction":[{"@type":"ReadAction","target":["https:\/\/miumjau.ee\/lv\/produkts\/kaku-dzerama-struklaka-petrebels-fountain-jet-19-balta\/"]}]},{"@type":"ImageObject","inLanguage":"lv-LV","@id":"https:\/\/miumjau.ee\/lv\/produkts\/kaku-dzerama-struklaka-petrebels-fountain-jet-19-balta\/#primaryimage","url":"https:\/\/miumjau.ee\/wp-content\/uploads\/2025\/09\/kasside-joogi-purskkaev-jet193.jpg","contentUrl":"https:\/\/miumjau.ee\/wp-content\/uploads\/2025\/09\/kasside-joogi-purskkaev-jet193.jpg","width":600,"height":800},{"@type":"BreadcrumbList","@id":"https:\/\/miumjau.ee\/lv\/produkts\/kaku-dzerama-struklaka-petrebels-fountain-jet-19-balta\/#breadcrumb","itemListElement":[{"@type":"ListItem","position":1,"name":"Home","item":"https:\/\/miumjau.ee\/lv\/"},{"@type":"ListItem","position":2,"name":"Veikals","item":"https:\/\/miumjau.ee\/lv\/veikals\/"},{"@type":"ListItem","position":3,"name":"Ka\u0137u dzeram\u0101 str\u016bklaka Petrebels Fountain Jet 19, balta"}]},{"@type":"WebSite","@id":"https:\/\/miumjau.ee\/#website","url":"https:\/\/miumjau.ee\/","name":"MiuMjau","description":"Kraapimispuud kassidele","publisher":{"@id":"https:\/\/miumjau.ee\/#organization"},"potentialAction":[{"@type":"SearchAction","target":{"@type":"EntryPoint","urlTemplate":"https:\/\/miumjau.ee\/?s={search_term_string}"},"query-input":{"@type":"PropertyValueSpecification","valueRequired":true,"valueName":"search_term_string"}}],"inLanguage":"lv-LV"},{"@type":"Organization","@id":"https:\/\/miumjau.ee\/#organization","name":"MiuMjau O\u00dc","url":"https:\/\/miumjau.ee\/","logo":{"@type":"ImageObject","inLanguage":"lv-LV","@id":"https:\/\/miumjau.ee\/#\/schema\/logo\/image\/","url":"https:\/\/miumjau.ee\/wp-content\/uploads\/2022\/04\/MiuMjau-logo-kollane.png","contentUrl":"https:\/\/miumjau.ee\/wp-content\/uploads\/2022\/04\/MiuMjau-logo-kollane.png","width":219,"height":100,"caption":"MiuMjau O\u00dc"},"image":{"@id":"https:\/\/miumjau.ee\/#\/schema\/logo\/image\/"},"sameAs":["https:\/\/www.facebook.com\/miumjaupood\/"]}]}},"_links":{"self":[{"href":"https:\/\/miumjau.ee\/lv\/wp-json\/wp\/v2\/product\/44704","targetHints":{"allow":["GET"]}}],"collection":[{"href":"https:\/\/miumjau.ee\/lv\/wp-json\/wp\/v2\/product"}],"about":[{"href":"https:\/\/miumjau.ee\/lv\/wp-json\/wp\/v2\/types\/product"}],"wp:featuredmedia":[{"embeddable":true,"href":"https:\/\/miumjau.ee\/lv\/wp-json\/wp\/v2\/media\/44708"}],"wp:attachment":[{"href":"https:\/\/miumjau.ee\/lv\/wp-json\/wp\/v2\/media?parent=44704"}],"wp:term":[{"taxonomy":"product_brand","embeddable":true,"href":"https:\/\/miumjau.ee\/lv\/wp-json\/wp\/v2\/product_brand?post=44704"},{"taxonomy":"product_cat","embeddable":true,"href":"https:\/\/miumjau.ee\/lv\/wp-json\/wp\/v2\/product_cat?post=44704"},{"taxonomy":"product_tag","embeddable":true,"href":"https:\/\/miumjau.ee\/lv\/wp-json\/wp\/v2\/product_tag?post=44704"}],"curies":[{"name":"wp","href":"https:\/\/api.w.org\/{rel}","templated":true}]}}