{"id":44699,"date":"2025-08-26T13:23:41","date_gmt":"2025-08-26T10:23:41","guid":{"rendered":"https:\/\/miumjau.ee\/toode\/beaphar-vit-bits-vitaminu-pasta-pildits-kaku-karums-35-g\/"},"modified":"2026-01-07T21:26:01","modified_gmt":"2026-01-07T19:26:01","slug":"beaphar-vit-bits-vitaminu-pasta-pildits-kaku-karums-35-g","status":"publish","type":"product","link":"https:\/\/miumjau.ee\/lv\/produkts\/beaphar-vit-bits-vitaminu-pasta-pildits-kaku-karums-35-g\/","title":{"rendered":"Beaphar Vit-Bits vitam\u012bnu pasta pild\u012bts ka\u0137u k\u0101rums 35 g"},"content":{"rendered":"","protected":false},"excerpt":{"rendered":"<p data-start=\"135\" data-end=\"439\">Beaphar Vit-Bits bar\u012bbas piedeva ka\u0137iem. Krauk\u0161\u0137\u012bgie spilventi\u0146i Vit-Bits ir piepild\u012bti ar multivitam\u012bnu pastu \u2013 gar\u0161\u012bga un noder\u012bga bar\u012bbas piedeva ka\u0137iem. Satur gan ikdien\u0101 nepiecie\u0161amos vitam\u012bnus, gan taur\u012bnu, kas veicina ka\u0137u redzes un sirds vesel\u012bbu, k\u0101 ar\u012b B grupas vitam\u012bnus apmatojuma labsaj\u016btai.<\/p>\n<p data-start=\"441\" data-end=\"564\"><strong data-start=\"441\" data-end=\"453\">Sast\u0101vs:<\/strong> graudaugi, piens un piena produkti, ga\u013ca un dz\u012bvnieku izcelsmes blakusprodukti, e\u013c\u013cas un tauki, miner\u0101lvielas.<\/p>\n<p data-start=\"566\" data-end=\"983\"><strong data-start=\"566\" data-end=\"591\">Anal\u012btiskais sast\u0101vs:<\/strong> kopprote\u012bns 31%; kop\u0161\u0137iedra 2,8%; koptauki 10%; koppele 2,4%; mitrums 8,9%; kalcijs 0,15%; fosfors 0,62%; n\u0101trijs 0,17%; k\u0101lijs 0,54%; magnijs 0,13%.<br data-start=\"741\" data-end=\"744\" \/>Pievienots uz 1 kg: Bar\u012bbas piedevas: A vitam\u012bns 4580 SV; B1 vitam\u012bns 58 mg; B2 vitam\u012bns 17 mg; pantot\u0113nsk\u0101be 2,8 mg; nikot\u012bnam\u012bds 160 mg; biot\u012bns 62 mg; taur\u012bns 660 mg; C vitam\u012bns 870 mg; E vitam\u012bns 100 SV; taur\u012bns 1000 mg. Antioksidanti.<\/p>\n","protected":false},"featured_media":44700,"template":"","meta":[],"product_brand":[],"product_cat":[570,878],"product_tag":[],"class_list":{"0":"post-44699","1":"product","2":"type-product","3":"status-publish","4":"has-post-thumbnail","6":"product_cat-naski","7":"product_cat-vitamini-uztura-bagatinataji-kakiem","9":"first","10":"instock","11":"taxable","12":"shipping-taxable","13":"purchasable","14":"product-type-simple"},"yoast_head":"<!-- This site is optimized with the Yoast SEO plugin v27.4 - https:\/\/yoast.com\/product\/yoast-seo-wordpress\/ -->\n<title>Beaphar Vit-Bits vitam\u012bnu pasta pild\u012bts ka\u0137u k\u0101rums 35 g - MiuMjau<\/title>\n<meta name=\"robots\" content=\"index, follow, max-snippet:-1, max-image-preview:large, max-video-preview:-1\" \/>\n<link rel=\"canonical\" href=\"https:\/\/miumjau.ee\/lv\/produkts\/beaphar-vit-bits-vitaminu-pasta-pildits-kaku-karums-35-g\/\" \/>\n<meta property=\"og:locale\" content=\"lv_LV\" \/>\n<meta property=\"og:type\" content=\"article\" \/>\n<meta property=\"og:title\" content=\"Beaphar Vit-Bits vitam\u012bnu pasta pild\u012bts ka\u0137u k\u0101rums 35 g - MiuMjau\" \/>\n<meta property=\"og:description\" content=\"Beaphar Vit-Bits bar\u012bbas piedeva ka\u0137iem. Krauk\u0161\u0137\u012bgie spilventi\u0146i Vit-Bits ir piepild\u012bti ar multivitam\u012bnu pastu \u2013 gar\u0161\u012bga un noder\u012bga bar\u012bbas piedeva ka\u0137iem. Satur gan ikdien\u0101 nepiecie\u0161amos vitam\u012bnus, gan taur\u012bnu, kas veicina ka\u0137u redzes un sirds vesel\u012bbu, k\u0101 ar\u012b B grupas vitam\u012bnus apmatojuma labsaj\u016btai. Sast\u0101vs: graudaugi, piens un piena produkti, ga\u013ca un dz\u012bvnieku izcelsmes blakusprodukti, e\u013c\u013cas un tauki, miner\u0101lvielas. Anal\u012btiskais sast\u0101vs: kopprote\u012bns 31%; kop\u0161\u0137iedra 2,8%; koptauki 10%; koppele 2,4%; mitrums 8,9%; kalcijs 0,15%; fosfors 0,62%; n\u0101trijs 0,17%; k\u0101lijs 0,54%; magnijs 0,13%.Pievienots uz 1 kg: Bar\u012bbas piedevas: A vitam\u012bns 4580 SV; B1 vitam\u012bns 58 mg; B2 vitam\u012bns 17 mg; pantot\u0113nsk\u0101be 2,8 mg; nikot\u012bnam\u012bds 160 mg; biot\u012bns 62 mg; taur\u012bns 660 mg; C vitam\u012bns 870 mg; E vitam\u012bns 100 SV; taur\u012bns 1000 mg. Antioksidanti.\" \/>\n<meta property=\"og:url\" content=\"https:\/\/miumjau.ee\/lv\/produkts\/beaphar-vit-bits-vitaminu-pasta-pildits-kaku-karums-35-g\/\" \/>\n<meta property=\"og:site_name\" content=\"MiuMjau\" \/>\n<meta property=\"article:publisher\" content=\"https:\/\/www.facebook.com\/miumjaupood\/\" \/>\n<meta property=\"article:modified_time\" content=\"2026-01-07T19:26:01+00:00\" \/>\n<meta property=\"og:image\" content=\"https:\/\/miumjau.ee\/wp-content\/uploads\/2025\/08\/beaphar-vit-bits-vitamiini-maius.jpg\" \/>\n\t<meta property=\"og:image:width\" content=\"600\" \/>\n\t<meta property=\"og:image:height\" content=\"800\" \/>\n\t<meta property=\"og:image:type\" content=\"image\/jpeg\" \/>\n<meta name=\"twitter:card\" content=\"summary_large_image\" \/>\n<script type=\"application\/ld+json\" class=\"yoast-schema-graph\">{\"@context\":\"https:\\\/\\\/schema.org\",\"@graph\":[{\"@type\":\"WebPage\",\"@id\":\"https:\\\/\\\/miumjau.ee\\\/lv\\\/produkts\\\/beaphar-vit-bits-vitaminu-pasta-pildits-kaku-karums-35-g\\\/\",\"url\":\"https:\\\/\\\/miumjau.ee\\\/lv\\\/produkts\\\/beaphar-vit-bits-vitaminu-pasta-pildits-kaku-karums-35-g\\\/\",\"name\":\"Beaphar Vit-Bits vitam\u012bnu pasta pild\u012bts ka\u0137u k\u0101rums 35 g - MiuMjau\",\"isPartOf\":{\"@id\":\"https:\\\/\\\/miumjau.ee\\\/#website\"},\"primaryImageOfPage\":{\"@id\":\"https:\\\/\\\/miumjau.ee\\\/lv\\\/produkts\\\/beaphar-vit-bits-vitaminu-pasta-pildits-kaku-karums-35-g\\\/#primaryimage\"},\"image\":{\"@id\":\"https:\\\/\\\/miumjau.ee\\\/lv\\\/produkts\\\/beaphar-vit-bits-vitaminu-pasta-pildits-kaku-karums-35-g\\\/#primaryimage\"},\"thumbnailUrl\":\"https:\\\/\\\/miumjau.ee\\\/wp-content\\\/uploads\\\/2025\\\/08\\\/beaphar-vit-bits-vitamiini-maius.jpg\",\"datePublished\":\"2025-08-26T10:23:41+00:00\",\"dateModified\":\"2026-01-07T19:26:01+00:00\",\"breadcrumb\":{\"@id\":\"https:\\\/\\\/miumjau.ee\\\/lv\\\/produkts\\\/beaphar-vit-bits-vitaminu-pasta-pildits-kaku-karums-35-g\\\/#breadcrumb\"},\"inLanguage\":\"lv-LV\",\"potentialAction\":[{\"@type\":\"ReadAction\",\"target\":[\"https:\\\/\\\/miumjau.ee\\\/lv\\\/produkts\\\/beaphar-vit-bits-vitaminu-pasta-pildits-kaku-karums-35-g\\\/\"]}]},{\"@type\":\"ImageObject\",\"inLanguage\":\"lv-LV\",\"@id\":\"https:\\\/\\\/miumjau.ee\\\/lv\\\/produkts\\\/beaphar-vit-bits-vitaminu-pasta-pildits-kaku-karums-35-g\\\/#primaryimage\",\"url\":\"https:\\\/\\\/miumjau.ee\\\/wp-content\\\/uploads\\\/2025\\\/08\\\/beaphar-vit-bits-vitamiini-maius.jpg\",\"contentUrl\":\"https:\\\/\\\/miumjau.ee\\\/wp-content\\\/uploads\\\/2025\\\/08\\\/beaphar-vit-bits-vitamiini-maius.jpg\",\"width\":600,\"height\":800},{\"@type\":\"BreadcrumbList\",\"@id\":\"https:\\\/\\\/miumjau.ee\\\/lv\\\/produkts\\\/beaphar-vit-bits-vitaminu-pasta-pildits-kaku-karums-35-g\\\/#breadcrumb\",\"itemListElement\":[{\"@type\":\"ListItem\",\"position\":1,\"name\":\"Home\",\"item\":\"https:\\\/\\\/miumjau.ee\\\/lv\\\/\"},{\"@type\":\"ListItem\",\"position\":2,\"name\":\"Veikals\",\"item\":\"https:\\\/\\\/miumjau.ee\\\/lv\\\/veikals\\\/\"},{\"@type\":\"ListItem\",\"position\":3,\"name\":\"Beaphar Vit-Bits vitam\u012bnu pasta pild\u012bts ka\u0137u k\u0101rums 35 g\"}]},{\"@type\":\"WebSite\",\"@id\":\"https:\\\/\\\/miumjau.ee\\\/#website\",\"url\":\"https:\\\/\\\/miumjau.ee\\\/\",\"name\":\"MiuMjau\",\"description\":\"Kraapimispuud kassidele\",\"publisher\":{\"@id\":\"https:\\\/\\\/miumjau.ee\\\/#organization\"},\"potentialAction\":[{\"@type\":\"SearchAction\",\"target\":{\"@type\":\"EntryPoint\",\"urlTemplate\":\"https:\\\/\\\/miumjau.ee\\\/?s={search_term_string}\"},\"query-input\":{\"@type\":\"PropertyValueSpecification\",\"valueRequired\":true,\"valueName\":\"search_term_string\"}}],\"inLanguage\":\"lv-LV\"},{\"@type\":\"Organization\",\"@id\":\"https:\\\/\\\/miumjau.ee\\\/#organization\",\"name\":\"MiuMjau O\u00dc\",\"url\":\"https:\\\/\\\/miumjau.ee\\\/\",\"logo\":{\"@type\":\"ImageObject\",\"inLanguage\":\"lv-LV\",\"@id\":\"https:\\\/\\\/miumjau.ee\\\/#\\\/schema\\\/logo\\\/image\\\/\",\"url\":\"https:\\\/\\\/miumjau.ee\\\/wp-content\\\/uploads\\\/2022\\\/04\\\/MiuMjau-logo-kollane.png\",\"contentUrl\":\"https:\\\/\\\/miumjau.ee\\\/wp-content\\\/uploads\\\/2022\\\/04\\\/MiuMjau-logo-kollane.png\",\"width\":219,\"height\":100,\"caption\":\"MiuMjau O\u00dc\"},\"image\":{\"@id\":\"https:\\\/\\\/miumjau.ee\\\/#\\\/schema\\\/logo\\\/image\\\/\"},\"sameAs\":[\"https:\\\/\\\/www.facebook.com\\\/miumjaupood\\\/\"]}]}<\/script>\n<!-- \/ Yoast SEO plugin. -->","yoast_head_json":{"title":"Beaphar Vit-Bits vitam\u012bnu pasta pild\u012bts ka\u0137u k\u0101rums 35 g - MiuMjau","robots":{"index":"index","follow":"follow","max-snippet":"max-snippet:-1","max-image-preview":"max-image-preview:large","max-video-preview":"max-video-preview:-1"},"canonical":"https:\/\/miumjau.ee\/lv\/produkts\/beaphar-vit-bits-vitaminu-pasta-pildits-kaku-karums-35-g\/","og_locale":"lv_LV","og_type":"article","og_title":"Beaphar Vit-Bits vitam\u012bnu pasta pild\u012bts ka\u0137u k\u0101rums 35 g - MiuMjau","og_description":"Beaphar Vit-Bits bar\u012bbas piedeva ka\u0137iem. Krauk\u0161\u0137\u012bgie spilventi\u0146i Vit-Bits ir piepild\u012bti ar multivitam\u012bnu pastu \u2013 gar\u0161\u012bga un noder\u012bga bar\u012bbas piedeva ka\u0137iem. Satur gan ikdien\u0101 nepiecie\u0161amos vitam\u012bnus, gan taur\u012bnu, kas veicina ka\u0137u redzes un sirds vesel\u012bbu, k\u0101 ar\u012b B grupas vitam\u012bnus apmatojuma labsaj\u016btai. Sast\u0101vs: graudaugi, piens un piena produkti, ga\u013ca un dz\u012bvnieku izcelsmes blakusprodukti, e\u013c\u013cas un tauki, miner\u0101lvielas. Anal\u012btiskais sast\u0101vs: kopprote\u012bns 31%; kop\u0161\u0137iedra 2,8%; koptauki 10%; koppele 2,4%; mitrums 8,9%; kalcijs 0,15%; fosfors 0,62%; n\u0101trijs 0,17%; k\u0101lijs 0,54%; magnijs 0,13%.Pievienots uz 1 kg: Bar\u012bbas piedevas: A vitam\u012bns 4580 SV; B1 vitam\u012bns 58 mg; B2 vitam\u012bns 17 mg; pantot\u0113nsk\u0101be 2,8 mg; nikot\u012bnam\u012bds 160 mg; biot\u012bns 62 mg; taur\u012bns 660 mg; C vitam\u012bns 870 mg; E vitam\u012bns 100 SV; taur\u012bns 1000 mg. Antioksidanti.","og_url":"https:\/\/miumjau.ee\/lv\/produkts\/beaphar-vit-bits-vitaminu-pasta-pildits-kaku-karums-35-g\/","og_site_name":"MiuMjau","article_publisher":"https:\/\/www.facebook.com\/miumjaupood\/","article_modified_time":"2026-01-07T19:26:01+00:00","og_image":[{"width":600,"height":800,"url":"https:\/\/miumjau.ee\/wp-content\/uploads\/2025\/08\/beaphar-vit-bits-vitamiini-maius.jpg","type":"image\/jpeg"}],"twitter_card":"summary_large_image","schema":{"@context":"https:\/\/schema.org","@graph":[{"@type":"WebPage","@id":"https:\/\/miumjau.ee\/lv\/produkts\/beaphar-vit-bits-vitaminu-pasta-pildits-kaku-karums-35-g\/","url":"https:\/\/miumjau.ee\/lv\/produkts\/beaphar-vit-bits-vitaminu-pasta-pildits-kaku-karums-35-g\/","name":"Beaphar Vit-Bits vitam\u012bnu pasta pild\u012bts ka\u0137u k\u0101rums 35 g - MiuMjau","isPartOf":{"@id":"https:\/\/miumjau.ee\/#website"},"primaryImageOfPage":{"@id":"https:\/\/miumjau.ee\/lv\/produkts\/beaphar-vit-bits-vitaminu-pasta-pildits-kaku-karums-35-g\/#primaryimage"},"image":{"@id":"https:\/\/miumjau.ee\/lv\/produkts\/beaphar-vit-bits-vitaminu-pasta-pildits-kaku-karums-35-g\/#primaryimage"},"thumbnailUrl":"https:\/\/miumjau.ee\/wp-content\/uploads\/2025\/08\/beaphar-vit-bits-vitamiini-maius.jpg","datePublished":"2025-08-26T10:23:41+00:00","dateModified":"2026-01-07T19:26:01+00:00","breadcrumb":{"@id":"https:\/\/miumjau.ee\/lv\/produkts\/beaphar-vit-bits-vitaminu-pasta-pildits-kaku-karums-35-g\/#breadcrumb"},"inLanguage":"lv-LV","potentialAction":[{"@type":"ReadAction","target":["https:\/\/miumjau.ee\/lv\/produkts\/beaphar-vit-bits-vitaminu-pasta-pildits-kaku-karums-35-g\/"]}]},{"@type":"ImageObject","inLanguage":"lv-LV","@id":"https:\/\/miumjau.ee\/lv\/produkts\/beaphar-vit-bits-vitaminu-pasta-pildits-kaku-karums-35-g\/#primaryimage","url":"https:\/\/miumjau.ee\/wp-content\/uploads\/2025\/08\/beaphar-vit-bits-vitamiini-maius.jpg","contentUrl":"https:\/\/miumjau.ee\/wp-content\/uploads\/2025\/08\/beaphar-vit-bits-vitamiini-maius.jpg","width":600,"height":800},{"@type":"BreadcrumbList","@id":"https:\/\/miumjau.ee\/lv\/produkts\/beaphar-vit-bits-vitaminu-pasta-pildits-kaku-karums-35-g\/#breadcrumb","itemListElement":[{"@type":"ListItem","position":1,"name":"Home","item":"https:\/\/miumjau.ee\/lv\/"},{"@type":"ListItem","position":2,"name":"Veikals","item":"https:\/\/miumjau.ee\/lv\/veikals\/"},{"@type":"ListItem","position":3,"name":"Beaphar Vit-Bits vitam\u012bnu pasta pild\u012bts ka\u0137u k\u0101rums 35 g"}]},{"@type":"WebSite","@id":"https:\/\/miumjau.ee\/#website","url":"https:\/\/miumjau.ee\/","name":"MiuMjau","description":"Kraapimispuud kassidele","publisher":{"@id":"https:\/\/miumjau.ee\/#organization"},"potentialAction":[{"@type":"SearchAction","target":{"@type":"EntryPoint","urlTemplate":"https:\/\/miumjau.ee\/?s={search_term_string}"},"query-input":{"@type":"PropertyValueSpecification","valueRequired":true,"valueName":"search_term_string"}}],"inLanguage":"lv-LV"},{"@type":"Organization","@id":"https:\/\/miumjau.ee\/#organization","name":"MiuMjau O\u00dc","url":"https:\/\/miumjau.ee\/","logo":{"@type":"ImageObject","inLanguage":"lv-LV","@id":"https:\/\/miumjau.ee\/#\/schema\/logo\/image\/","url":"https:\/\/miumjau.ee\/wp-content\/uploads\/2022\/04\/MiuMjau-logo-kollane.png","contentUrl":"https:\/\/miumjau.ee\/wp-content\/uploads\/2022\/04\/MiuMjau-logo-kollane.png","width":219,"height":100,"caption":"MiuMjau O\u00dc"},"image":{"@id":"https:\/\/miumjau.ee\/#\/schema\/logo\/image\/"},"sameAs":["https:\/\/www.facebook.com\/miumjaupood\/"]}]}},"_links":{"self":[{"href":"https:\/\/miumjau.ee\/lv\/wp-json\/wp\/v2\/product\/44699","targetHints":{"allow":["GET"]}}],"collection":[{"href":"https:\/\/miumjau.ee\/lv\/wp-json\/wp\/v2\/product"}],"about":[{"href":"https:\/\/miumjau.ee\/lv\/wp-json\/wp\/v2\/types\/product"}],"wp:featuredmedia":[{"embeddable":true,"href":"https:\/\/miumjau.ee\/lv\/wp-json\/wp\/v2\/media\/44700"}],"wp:attachment":[{"href":"https:\/\/miumjau.ee\/lv\/wp-json\/wp\/v2\/media?parent=44699"}],"wp:term":[{"taxonomy":"product_brand","embeddable":true,"href":"https:\/\/miumjau.ee\/lv\/wp-json\/wp\/v2\/product_brand?post=44699"},{"taxonomy":"product_cat","embeddable":true,"href":"https:\/\/miumjau.ee\/lv\/wp-json\/wp\/v2\/product_cat?post=44699"},{"taxonomy":"product_tag","embeddable":true,"href":"https:\/\/miumjau.ee\/lv\/wp-json\/wp\/v2\/product_tag?post=44699"}],"curies":[{"name":"wp","href":"https:\/\/api.w.org\/{rel}","templated":true}]}}