{"id":44677,"date":"2025-10-14T11:21:58","date_gmt":"2025-10-14T08:21:58","guid":{"rendered":"https:\/\/miumjau.ee\/toode\/ibero-natural-100-galas-konservs-kakiem-pile-200-g\/"},"modified":"2026-01-07T21:26:01","modified_gmt":"2026-01-07T19:26:01","slug":"ibero-natural-100-galas-konservs-kakiem-pile-200-g","status":"publish","type":"product","link":"https:\/\/miumjau.ee\/lv\/produkts\/ibero-natural-100-galas-konservs-kakiem-pile-200-g\/","title":{"rendered":"Ibero Natural 100% ga\u013cas konservs ka\u0137iem, p\u012ble 200 g"},"content":{"rendered":"","protected":false},"excerpt":{"rendered":"<p data-start=\"131\" data-end=\"290\">Ibero Natural 100% ga\u013cas papildbar\u012bba ka\u0137iem. Ide\u0101la bar\u012bba, kas apmierina dz\u012bvnieka instinkt\u012bv\u0101s vajadz\u012bbas, lieto\u0161anai kop\u0101 ar sauso bar\u012bbu. Piln\u012bb\u0101 dabiska.<\/p>\n<p data-start=\"292\" data-end=\"431\"><strong data-start=\"292\" data-end=\"304\">Sast\u0101vs:<\/strong> 50% p\u012ble, 50% vista.<br data-start=\"325\" data-end=\"328\" \/><strong data-start=\"328\" data-end=\"353\">Anal\u012btiskais sast\u0101vs:<\/strong> kopprote\u012bns 16%, koptauki 11%, kop\u0161\u0137iedra 0,5%, kok\u0161\u0137iedra 2,5%, mitrums 70%.<\/p>\n<p data-start=\"433\" data-end=\"818\">Izejvielu sast\u0101vs nodro\u0161ina augstu dab\u012bgo vitam\u012bnu (A, E, D), aminosk\u0101bju (liz\u012bns, metion\u012bns, cist\u012bns) un miner\u0101lvielu saturu. Produkts nesatur soju. Ra\u017eots bez gar\u0161as pastiprin\u0101t\u0101jiem, konservantiem un kr\u0101sviel\u0101m. Pasniegt istabas temperat\u016br\u0101 k\u0101 papildbar\u012bbu. P\u0113c atv\u0113r\u0161anas uzglab\u0101t ledusskap\u012b. Uzglab\u0101t v\u0113s\u0101 un saus\u0101 viet\u0101. Der\u012bguma termi\u0146\u0161 \/ partijas numurs \u2013 skat\u012bt uz iepakojuma.<\/p>\n","protected":false},"featured_media":44678,"template":"","meta":[],"product_brand":[],"product_cat":[571],"product_tag":[],"class_list":{"0":"post-44677","1":"product","2":"type-product","3":"status-publish","4":"has-post-thumbnail","6":"product_cat-mitra-bariba","8":"first","9":"instock","10":"taxable","11":"shipping-taxable","12":"purchasable","13":"product-type-simple"},"yoast_head":"<!-- This site is optimized with the Yoast SEO plugin v27.4 - https:\/\/yoast.com\/product\/yoast-seo-wordpress\/ -->\n<title>Ibero Natural 100% ga\u013cas konservs ka\u0137iem, p\u012ble 200 g - MiuMjau<\/title>\n<meta name=\"robots\" content=\"index, follow, max-snippet:-1, max-image-preview:large, max-video-preview:-1\" \/>\n<link rel=\"canonical\" href=\"https:\/\/miumjau.ee\/lv\/produkts\/ibero-natural-100-galas-konservs-kakiem-pile-200-g\/\" \/>\n<meta property=\"og:locale\" content=\"lv_LV\" \/>\n<meta property=\"og:type\" content=\"article\" \/>\n<meta property=\"og:title\" content=\"Ibero Natural 100% ga\u013cas konservs ka\u0137iem, p\u012ble 200 g - MiuMjau\" \/>\n<meta property=\"og:description\" content=\"Ibero Natural 100% ga\u013cas papildbar\u012bba ka\u0137iem. Ide\u0101la bar\u012bba, kas apmierina dz\u012bvnieka instinkt\u012bv\u0101s vajadz\u012bbas, lieto\u0161anai kop\u0101 ar sauso bar\u012bbu. Piln\u012bb\u0101 dabiska. Sast\u0101vs: 50% p\u012ble, 50% vista.Anal\u012btiskais sast\u0101vs: kopprote\u012bns 16%, koptauki 11%, kop\u0161\u0137iedra 0,5%, kok\u0161\u0137iedra 2,5%, mitrums 70%. Izejvielu sast\u0101vs nodro\u0161ina augstu dab\u012bgo vitam\u012bnu (A, E, D), aminosk\u0101bju (liz\u012bns, metion\u012bns, cist\u012bns) un miner\u0101lvielu saturu. Produkts nesatur soju. Ra\u017eots bez gar\u0161as pastiprin\u0101t\u0101jiem, konservantiem un kr\u0101sviel\u0101m. Pasniegt istabas temperat\u016br\u0101 k\u0101 papildbar\u012bbu. P\u0113c atv\u0113r\u0161anas uzglab\u0101t ledusskap\u012b. Uzglab\u0101t v\u0113s\u0101 un saus\u0101 viet\u0101. Der\u012bguma termi\u0146\u0161 \/ partijas numurs \u2013 skat\u012bt uz iepakojuma.\" \/>\n<meta property=\"og:url\" content=\"https:\/\/miumjau.ee\/lv\/produkts\/ibero-natural-100-galas-konservs-kakiem-pile-200-g\/\" \/>\n<meta property=\"og:site_name\" content=\"MiuMjau\" \/>\n<meta property=\"article:publisher\" content=\"https:\/\/www.facebook.com\/miumjaupood\/\" \/>\n<meta property=\"article:modified_time\" content=\"2026-01-07T19:26:01+00:00\" \/>\n<meta property=\"og:image\" content=\"https:\/\/miumjau.ee\/wp-content\/uploads\/2025\/10\/ibero-konserv-kassidele-200g7.jpg\" \/>\n\t<meta property=\"og:image:width\" content=\"600\" \/>\n\t<meta property=\"og:image:height\" content=\"800\" \/>\n\t<meta property=\"og:image:type\" content=\"image\/jpeg\" \/>\n<meta name=\"twitter:card\" content=\"summary_large_image\" \/>\n<script type=\"application\/ld+json\" class=\"yoast-schema-graph\">{\"@context\":\"https:\\\/\\\/schema.org\",\"@graph\":[{\"@type\":\"WebPage\",\"@id\":\"https:\\\/\\\/miumjau.ee\\\/lv\\\/produkts\\\/ibero-natural-100-galas-konservs-kakiem-pile-200-g\\\/\",\"url\":\"https:\\\/\\\/miumjau.ee\\\/lv\\\/produkts\\\/ibero-natural-100-galas-konservs-kakiem-pile-200-g\\\/\",\"name\":\"Ibero Natural 100% ga\u013cas konservs ka\u0137iem, p\u012ble 200 g - MiuMjau\",\"isPartOf\":{\"@id\":\"https:\\\/\\\/miumjau.ee\\\/#website\"},\"primaryImageOfPage\":{\"@id\":\"https:\\\/\\\/miumjau.ee\\\/lv\\\/produkts\\\/ibero-natural-100-galas-konservs-kakiem-pile-200-g\\\/#primaryimage\"},\"image\":{\"@id\":\"https:\\\/\\\/miumjau.ee\\\/lv\\\/produkts\\\/ibero-natural-100-galas-konservs-kakiem-pile-200-g\\\/#primaryimage\"},\"thumbnailUrl\":\"https:\\\/\\\/miumjau.ee\\\/wp-content\\\/uploads\\\/2025\\\/10\\\/ibero-konserv-kassidele-200g7.jpg\",\"datePublished\":\"2025-10-14T08:21:58+00:00\",\"dateModified\":\"2026-01-07T19:26:01+00:00\",\"breadcrumb\":{\"@id\":\"https:\\\/\\\/miumjau.ee\\\/lv\\\/produkts\\\/ibero-natural-100-galas-konservs-kakiem-pile-200-g\\\/#breadcrumb\"},\"inLanguage\":\"lv-LV\",\"potentialAction\":[{\"@type\":\"ReadAction\",\"target\":[\"https:\\\/\\\/miumjau.ee\\\/lv\\\/produkts\\\/ibero-natural-100-galas-konservs-kakiem-pile-200-g\\\/\"]}]},{\"@type\":\"ImageObject\",\"inLanguage\":\"lv-LV\",\"@id\":\"https:\\\/\\\/miumjau.ee\\\/lv\\\/produkts\\\/ibero-natural-100-galas-konservs-kakiem-pile-200-g\\\/#primaryimage\",\"url\":\"https:\\\/\\\/miumjau.ee\\\/wp-content\\\/uploads\\\/2025\\\/10\\\/ibero-konserv-kassidele-200g7.jpg\",\"contentUrl\":\"https:\\\/\\\/miumjau.ee\\\/wp-content\\\/uploads\\\/2025\\\/10\\\/ibero-konserv-kassidele-200g7.jpg\",\"width\":600,\"height\":800},{\"@type\":\"BreadcrumbList\",\"@id\":\"https:\\\/\\\/miumjau.ee\\\/lv\\\/produkts\\\/ibero-natural-100-galas-konservs-kakiem-pile-200-g\\\/#breadcrumb\",\"itemListElement\":[{\"@type\":\"ListItem\",\"position\":1,\"name\":\"Home\",\"item\":\"https:\\\/\\\/miumjau.ee\\\/lv\\\/\"},{\"@type\":\"ListItem\",\"position\":2,\"name\":\"Veikals\",\"item\":\"https:\\\/\\\/miumjau.ee\\\/lv\\\/veikals\\\/\"},{\"@type\":\"ListItem\",\"position\":3,\"name\":\"Ibero Natural 100% ga\u013cas konservs ka\u0137iem, p\u012ble 200 g\"}]},{\"@type\":\"WebSite\",\"@id\":\"https:\\\/\\\/miumjau.ee\\\/#website\",\"url\":\"https:\\\/\\\/miumjau.ee\\\/\",\"name\":\"MiuMjau\",\"description\":\"Kraapimispuud kassidele\",\"publisher\":{\"@id\":\"https:\\\/\\\/miumjau.ee\\\/#organization\"},\"potentialAction\":[{\"@type\":\"SearchAction\",\"target\":{\"@type\":\"EntryPoint\",\"urlTemplate\":\"https:\\\/\\\/miumjau.ee\\\/?s={search_term_string}\"},\"query-input\":{\"@type\":\"PropertyValueSpecification\",\"valueRequired\":true,\"valueName\":\"search_term_string\"}}],\"inLanguage\":\"lv-LV\"},{\"@type\":\"Organization\",\"@id\":\"https:\\\/\\\/miumjau.ee\\\/#organization\",\"name\":\"MiuMjau O\u00dc\",\"url\":\"https:\\\/\\\/miumjau.ee\\\/\",\"logo\":{\"@type\":\"ImageObject\",\"inLanguage\":\"lv-LV\",\"@id\":\"https:\\\/\\\/miumjau.ee\\\/#\\\/schema\\\/logo\\\/image\\\/\",\"url\":\"https:\\\/\\\/miumjau.ee\\\/wp-content\\\/uploads\\\/2022\\\/04\\\/MiuMjau-logo-kollane.png\",\"contentUrl\":\"https:\\\/\\\/miumjau.ee\\\/wp-content\\\/uploads\\\/2022\\\/04\\\/MiuMjau-logo-kollane.png\",\"width\":219,\"height\":100,\"caption\":\"MiuMjau O\u00dc\"},\"image\":{\"@id\":\"https:\\\/\\\/miumjau.ee\\\/#\\\/schema\\\/logo\\\/image\\\/\"},\"sameAs\":[\"https:\\\/\\\/www.facebook.com\\\/miumjaupood\\\/\"]}]}<\/script>\n<!-- \/ Yoast SEO plugin. -->","yoast_head_json":{"title":"Ibero Natural 100% ga\u013cas konservs ka\u0137iem, p\u012ble 200 g - MiuMjau","robots":{"index":"index","follow":"follow","max-snippet":"max-snippet:-1","max-image-preview":"max-image-preview:large","max-video-preview":"max-video-preview:-1"},"canonical":"https:\/\/miumjau.ee\/lv\/produkts\/ibero-natural-100-galas-konservs-kakiem-pile-200-g\/","og_locale":"lv_LV","og_type":"article","og_title":"Ibero Natural 100% ga\u013cas konservs ka\u0137iem, p\u012ble 200 g - MiuMjau","og_description":"Ibero Natural 100% ga\u013cas papildbar\u012bba ka\u0137iem. Ide\u0101la bar\u012bba, kas apmierina dz\u012bvnieka instinkt\u012bv\u0101s vajadz\u012bbas, lieto\u0161anai kop\u0101 ar sauso bar\u012bbu. Piln\u012bb\u0101 dabiska. Sast\u0101vs: 50% p\u012ble, 50% vista.Anal\u012btiskais sast\u0101vs: kopprote\u012bns 16%, koptauki 11%, kop\u0161\u0137iedra 0,5%, kok\u0161\u0137iedra 2,5%, mitrums 70%. Izejvielu sast\u0101vs nodro\u0161ina augstu dab\u012bgo vitam\u012bnu (A, E, D), aminosk\u0101bju (liz\u012bns, metion\u012bns, cist\u012bns) un miner\u0101lvielu saturu. Produkts nesatur soju. Ra\u017eots bez gar\u0161as pastiprin\u0101t\u0101jiem, konservantiem un kr\u0101sviel\u0101m. Pasniegt istabas temperat\u016br\u0101 k\u0101 papildbar\u012bbu. P\u0113c atv\u0113r\u0161anas uzglab\u0101t ledusskap\u012b. Uzglab\u0101t v\u0113s\u0101 un saus\u0101 viet\u0101. Der\u012bguma termi\u0146\u0161 \/ partijas numurs \u2013 skat\u012bt uz iepakojuma.","og_url":"https:\/\/miumjau.ee\/lv\/produkts\/ibero-natural-100-galas-konservs-kakiem-pile-200-g\/","og_site_name":"MiuMjau","article_publisher":"https:\/\/www.facebook.com\/miumjaupood\/","article_modified_time":"2026-01-07T19:26:01+00:00","og_image":[{"width":600,"height":800,"url":"https:\/\/miumjau.ee\/wp-content\/uploads\/2025\/10\/ibero-konserv-kassidele-200g7.jpg","type":"image\/jpeg"}],"twitter_card":"summary_large_image","schema":{"@context":"https:\/\/schema.org","@graph":[{"@type":"WebPage","@id":"https:\/\/miumjau.ee\/lv\/produkts\/ibero-natural-100-galas-konservs-kakiem-pile-200-g\/","url":"https:\/\/miumjau.ee\/lv\/produkts\/ibero-natural-100-galas-konservs-kakiem-pile-200-g\/","name":"Ibero Natural 100% ga\u013cas konservs ka\u0137iem, p\u012ble 200 g - MiuMjau","isPartOf":{"@id":"https:\/\/miumjau.ee\/#website"},"primaryImageOfPage":{"@id":"https:\/\/miumjau.ee\/lv\/produkts\/ibero-natural-100-galas-konservs-kakiem-pile-200-g\/#primaryimage"},"image":{"@id":"https:\/\/miumjau.ee\/lv\/produkts\/ibero-natural-100-galas-konservs-kakiem-pile-200-g\/#primaryimage"},"thumbnailUrl":"https:\/\/miumjau.ee\/wp-content\/uploads\/2025\/10\/ibero-konserv-kassidele-200g7.jpg","datePublished":"2025-10-14T08:21:58+00:00","dateModified":"2026-01-07T19:26:01+00:00","breadcrumb":{"@id":"https:\/\/miumjau.ee\/lv\/produkts\/ibero-natural-100-galas-konservs-kakiem-pile-200-g\/#breadcrumb"},"inLanguage":"lv-LV","potentialAction":[{"@type":"ReadAction","target":["https:\/\/miumjau.ee\/lv\/produkts\/ibero-natural-100-galas-konservs-kakiem-pile-200-g\/"]}]},{"@type":"ImageObject","inLanguage":"lv-LV","@id":"https:\/\/miumjau.ee\/lv\/produkts\/ibero-natural-100-galas-konservs-kakiem-pile-200-g\/#primaryimage","url":"https:\/\/miumjau.ee\/wp-content\/uploads\/2025\/10\/ibero-konserv-kassidele-200g7.jpg","contentUrl":"https:\/\/miumjau.ee\/wp-content\/uploads\/2025\/10\/ibero-konserv-kassidele-200g7.jpg","width":600,"height":800},{"@type":"BreadcrumbList","@id":"https:\/\/miumjau.ee\/lv\/produkts\/ibero-natural-100-galas-konservs-kakiem-pile-200-g\/#breadcrumb","itemListElement":[{"@type":"ListItem","position":1,"name":"Home","item":"https:\/\/miumjau.ee\/lv\/"},{"@type":"ListItem","position":2,"name":"Veikals","item":"https:\/\/miumjau.ee\/lv\/veikals\/"},{"@type":"ListItem","position":3,"name":"Ibero Natural 100% ga\u013cas konservs ka\u0137iem, p\u012ble 200 g"}]},{"@type":"WebSite","@id":"https:\/\/miumjau.ee\/#website","url":"https:\/\/miumjau.ee\/","name":"MiuMjau","description":"Kraapimispuud kassidele","publisher":{"@id":"https:\/\/miumjau.ee\/#organization"},"potentialAction":[{"@type":"SearchAction","target":{"@type":"EntryPoint","urlTemplate":"https:\/\/miumjau.ee\/?s={search_term_string}"},"query-input":{"@type":"PropertyValueSpecification","valueRequired":true,"valueName":"search_term_string"}}],"inLanguage":"lv-LV"},{"@type":"Organization","@id":"https:\/\/miumjau.ee\/#organization","name":"MiuMjau O\u00dc","url":"https:\/\/miumjau.ee\/","logo":{"@type":"ImageObject","inLanguage":"lv-LV","@id":"https:\/\/miumjau.ee\/#\/schema\/logo\/image\/","url":"https:\/\/miumjau.ee\/wp-content\/uploads\/2022\/04\/MiuMjau-logo-kollane.png","contentUrl":"https:\/\/miumjau.ee\/wp-content\/uploads\/2022\/04\/MiuMjau-logo-kollane.png","width":219,"height":100,"caption":"MiuMjau O\u00dc"},"image":{"@id":"https:\/\/miumjau.ee\/#\/schema\/logo\/image\/"},"sameAs":["https:\/\/www.facebook.com\/miumjaupood\/"]}]}},"_links":{"self":[{"href":"https:\/\/miumjau.ee\/lv\/wp-json\/wp\/v2\/product\/44677","targetHints":{"allow":["GET"]}}],"collection":[{"href":"https:\/\/miumjau.ee\/lv\/wp-json\/wp\/v2\/product"}],"about":[{"href":"https:\/\/miumjau.ee\/lv\/wp-json\/wp\/v2\/types\/product"}],"wp:featuredmedia":[{"embeddable":true,"href":"https:\/\/miumjau.ee\/lv\/wp-json\/wp\/v2\/media\/44678"}],"wp:attachment":[{"href":"https:\/\/miumjau.ee\/lv\/wp-json\/wp\/v2\/media?parent=44677"}],"wp:term":[{"taxonomy":"product_brand","embeddable":true,"href":"https:\/\/miumjau.ee\/lv\/wp-json\/wp\/v2\/product_brand?post=44677"},{"taxonomy":"product_cat","embeddable":true,"href":"https:\/\/miumjau.ee\/lv\/wp-json\/wp\/v2\/product_cat?post=44677"},{"taxonomy":"product_tag","embeddable":true,"href":"https:\/\/miumjau.ee\/lv\/wp-json\/wp\/v2\/product_tag?post=44677"}],"curies":[{"name":"wp","href":"https:\/\/api.w.org\/{rel}","templated":true}]}}