{"id":46114,"date":"2024-07-16T21:58:04","date_gmt":"2024-07-16T18:58:04","guid":{"rendered":"https:\/\/miumjau.ee\/?page_id=46114"},"modified":"2025-12-02T11:40:11","modified_gmt":"2025-12-02T09:40:11","slug":"ziedot","status":"publish","type":"page","link":"https:\/\/miumjau.ee\/lv\/ziedot\/","title":{"rendered":"Ziedot"},"content":{"rendered":"<div class=\"fusion-fullwidth fullwidth-box fusion-builder-row-1 fusion-flex-container has-pattern-background has-mask-background nonhundred-percent-fullwidth non-hundred-percent-height-scrolling\" style=\"--awb-border-radius-top-left:0px;--awb-border-radius-top-right:0px;--awb-border-radius-bottom-right:0px;--awb-border-radius-bottom-left:0px;--awb-flex-wrap:wrap;\" ><div class=\"fusion-builder-row fusion-row fusion-flex-align-items-flex-start fusion-flex-content-wrap\" style=\"max-width:1248px;margin-left: calc(-4% \/ 2 );margin-right: calc(-4% \/ 2 );\"><div class=\"fusion-layout-column fusion_builder_column fusion-builder-column-0 fusion_builder_column_1_2 1_2 fusion-flex-column\" style=\"--awb-bg-size:cover;--awb-width-large:50%;--awb-margin-top-large:0px;--awb-spacing-right-large:3.84%;--awb-margin-bottom-large:20px;--awb-spacing-left-large:3.84%;--awb-width-medium:50%;--awb-order-medium:0;--awb-spacing-right-medium:3.84%;--awb-spacing-left-medium:3.84%;--awb-width-small:100%;--awb-order-small:0;--awb-spacing-right-small:1.92%;--awb-spacing-left-small:1.92%;\"><div class=\"fusion-column-wrapper fusion-column-has-shadow fusion-flex-justify-content-flex-start fusion-content-layout-column\"><div class=\"fusion-text fusion-text-1\"><p>Tie, kas jau seko m\u016bsu darb\u012bb\u0101m, zina, ka m\u0113s katru gadu nodarbojamies ar labdar\u012bbas projektiem. M\u0113s atbalst\u0101m patversmes, NVO un apr\u016bpes m\u0101jas atbilsto\u0161i m\u016bsu iesp\u0113j\u0101m. M\u0113s v\u0113lamies pied\u0101v\u0101t ar\u012b m\u016bsu klientiem iesp\u0113ju ziedot sadarb\u012bbas partneriem nepiecie\u0161am\u0101s preces. Esam pateic\u012bgi tiem, kas pal\u012bdz tiem, kas pa\u0161i nevar sevi pal\u012bdz\u0113t. Piln\u012bgi katra ziedot\u0101 prece ir \u013coti nepiecie\u0161ama un gaid\u012bta. Ka\u0137u bar\u012bbas, Ka\u0137u tualetes smiltis un skr\u0101p\u0113\u0161anas koki izmaksas ka\u0137u gulti\u0146\u0101s ir iev\u0113rojamas.<\/p>\n<h3>K\u0101 pal\u012bdz\u0113t?<\/h3>\n<ol>\n<li>Pievienojiet izv\u0113l\u0113t\u0101s preces grozam<\/li>\n<li>Izv\u0113lieties pieg\u0101des veidu \u201cZiedot\u201d un kases lap\u0101 pievienojiet NVO nosaukumu, kuru v\u0113laties atbalst\u012bt. Pieg\u0101des izmaksas l\u012bdz sa\u0146\u0113m\u0113jam sedz\u0101m m\u0113s. Ja NVO neesat izv\u0113l\u0113ju\u0161ies, ziedojumu nos\u016bt\u012bsim k\u0101dam no m\u016bsu sadarb\u012bbas partneriem.<\/li>\n<li>Samaks\u0101jiet par ziedojumu<\/li>\n<\/ol>\n<h3>K\u0101 p\u0101rliecin\u0101ties, ka ziedojums sasniedz sa\u0146\u0113m\u0113ju?<\/h3>\n<p>M\u0113s nos\u016bt\u0101m ziedojumus sa\u0146\u0113m\u0113jiem reizi m\u0113nes\u012b un bie\u017e\u0101k, ja tas ir saska\u0146ots ar organiz\u0101cij\u0101m. M\u016bsu interneta veikals strauji aug, un m\u0113s cen\u0161amies, lai ar\u012b ziedojumiem piem\u0113rotu l\u0113t\u0101ku pre\u010du b\u016btu vair\u0101k. Ja ziedojumu b\u016bs pietiekami, par nodo\u0161anu public\u0113sim foto ar\u012b m\u016bsu Facebook lap\u0101 <a href=\"https:\/\/www.facebook.com\/miumjaupood\/\" target=\"_blank\" rel=\"noopener\">MiuMjau kraapimispuud<\/a><\/p>\n<h3>M\u016bsu sadarb\u012bbas partneri:<\/h3>\n<p><a href=\"https:\/\/www.catshelp.ee\/\" target=\"_blank\" rel=\"noopener\"><strong>Cats Help NVO<\/strong><\/a><\/p>\n<p>NVO Cats Help ir br\u012bvpr\u0101t\u012bgo organiz\u0101cija, kas pal\u012bdz pamestiem ka\u0137iem. M\u016bsu misija ir nodro\u0161in\u0101t gl\u0101btajiem ka\u0137iem \u0101rst\u0113\u0161anu un \u010dip\u0113\u0161anu, nov\u0113rst nev\u0113lamu vairo\u0161anos un atrast jaunus m\u0101jok\u013cus. Dz\u012bvniekus varam pal\u012bdz\u0113t tikai pateicoties labajiem ziedot\u0101jiem.<\/p>\n<\/div><\/div><\/div><div class=\"fusion-layout-column fusion_builder_column fusion-builder-column-1 fusion_builder_column_1_2 1_2 fusion-flex-column\" style=\"--awb-bg-size:cover;--awb-width-large:50%;--awb-margin-top-large:0px;--awb-spacing-right-large:3.84%;--awb-margin-bottom-large:20px;--awb-spacing-left-large:3.84%;--awb-width-medium:50%;--awb-order-medium:0;--awb-spacing-right-medium:3.84%;--awb-spacing-left-medium:3.84%;--awb-width-small:100%;--awb-order-small:0;--awb-spacing-right-small:1.92%;--awb-spacing-left-small:1.92%;\"><div class=\"fusion-column-wrapper fusion-column-has-shadow fusion-flex-justify-content-flex-start fusion-content-layout-column\"><div class=\"fusion-image-element \" style=\"--awb-caption-title-font-family:var(--h2_typography-font-family);--awb-caption-title-font-weight:var(--h2_typography-font-weight);--awb-caption-title-font-style:var(--h2_typography-font-style);--awb-caption-title-size:var(--h2_typography-font-size);--awb-caption-title-transform:var(--h2_typography-text-transform);--awb-caption-title-line-height:var(--h2_typography-line-height);--awb-caption-title-letter-spacing:var(--h2_typography-letter-spacing);\"><span class=\" fusion-imageframe imageframe-none imageframe-1 hover-type-none\"><img decoding=\"async\" width=\"600\" height=\"1200\" title=\"anneta-lv\" src=\"https:\/\/miumjau.ee\/wp-content\/uploads\/2025\/12\/anneta-lv.webp\" alt class=\"img-responsive wp-image-46487\" srcset=\"https:\/\/miumjau.ee\/wp-content\/uploads\/2025\/12\/anneta-lv-500x1000.webp 500w, https:\/\/miumjau.ee\/wp-content\/uploads\/2025\/12\/anneta-lv-512x1024.webp 512w, https:\/\/miumjau.ee\/wp-content\/uploads\/2025\/12\/anneta-lv.webp 600w\" sizes=\"(max-width: 600px) 100vw, 600px\" \/><\/span><\/div><\/div><\/div><\/div><\/div>\n","protected":false},"excerpt":{"rendered":"","protected":false},"author":1,"featured_media":0,"parent":0,"menu_order":0,"comment_status":"closed","ping_status":"closed","template":"","meta":{"footnotes":""},"class_list":["post-46114","page","type-page","status-publish","hentry"],"yoast_head":"<!-- This site is optimized with the Yoast SEO plugin v27.4 - https:\/\/yoast.com\/product\/yoast-seo-wordpress\/ -->\n<title>Ziedot - MiuMjau<\/title>\n<meta name=\"robots\" content=\"index, follow, max-snippet:-1, max-image-preview:large, max-video-preview:-1\" \/>\n<link rel=\"canonical\" href=\"https:\/\/miumjau.ee\/lv\/ziedot\/\" \/>\n<meta property=\"og:locale\" content=\"lv_LV\" \/>\n<meta property=\"og:type\" content=\"article\" \/>\n<meta property=\"og:title\" content=\"Ziedot - MiuMjau\" \/>\n<meta property=\"og:url\" content=\"https:\/\/miumjau.ee\/lv\/ziedot\/\" \/>\n<meta property=\"og:site_name\" content=\"MiuMjau\" \/>\n<meta property=\"article:publisher\" content=\"https:\/\/www.facebook.com\/miumjaupood\/\" \/>\n<meta property=\"article:modified_time\" content=\"2025-12-02T09:40:11+00:00\" \/>\n<meta name=\"twitter:card\" content=\"summary_large_image\" \/>\n<meta name=\"twitter:label1\" content=\"Est. reading time\" \/>\n\t<meta name=\"twitter:data1\" content=\"2 minutes\" \/>\n<script type=\"application\/ld+json\" class=\"yoast-schema-graph\">{\"@context\":\"https:\\\/\\\/schema.org\",\"@graph\":[{\"@type\":\"WebPage\",\"@id\":\"https:\\\/\\\/miumjau.ee\\\/lv\\\/ziedot\\\/\",\"url\":\"https:\\\/\\\/miumjau.ee\\\/lv\\\/ziedot\\\/\",\"name\":\"Ziedot - MiuMjau\",\"isPartOf\":{\"@id\":\"https:\\\/\\\/miumjau.ee\\\/#website\"},\"datePublished\":\"2024-07-16T18:58:04+00:00\",\"dateModified\":\"2025-12-02T09:40:11+00:00\",\"breadcrumb\":{\"@id\":\"https:\\\/\\\/miumjau.ee\\\/lv\\\/ziedot\\\/#breadcrumb\"},\"inLanguage\":\"lv-LV\",\"potentialAction\":[{\"@type\":\"ReadAction\",\"target\":[\"https:\\\/\\\/miumjau.ee\\\/lv\\\/ziedot\\\/\"]}]},{\"@type\":\"BreadcrumbList\",\"@id\":\"https:\\\/\\\/miumjau.ee\\\/lv\\\/ziedot\\\/#breadcrumb\",\"itemListElement\":[{\"@type\":\"ListItem\",\"position\":1,\"name\":\"Home\",\"item\":\"https:\\\/\\\/miumjau.ee\\\/lv\\\/\"},{\"@type\":\"ListItem\",\"position\":2,\"name\":\"Ziedot\"}]},{\"@type\":\"WebSite\",\"@id\":\"https:\\\/\\\/miumjau.ee\\\/#website\",\"url\":\"https:\\\/\\\/miumjau.ee\\\/\",\"name\":\"MiuMjau\",\"description\":\"Kraapimispuud kassidele\",\"publisher\":{\"@id\":\"https:\\\/\\\/miumjau.ee\\\/#organization\"},\"potentialAction\":[{\"@type\":\"SearchAction\",\"target\":{\"@type\":\"EntryPoint\",\"urlTemplate\":\"https:\\\/\\\/miumjau.ee\\\/?s={search_term_string}\"},\"query-input\":{\"@type\":\"PropertyValueSpecification\",\"valueRequired\":true,\"valueName\":\"search_term_string\"}}],\"inLanguage\":\"lv-LV\"},{\"@type\":\"Organization\",\"@id\":\"https:\\\/\\\/miumjau.ee\\\/#organization\",\"name\":\"MiuMjau O\u00dc\",\"url\":\"https:\\\/\\\/miumjau.ee\\\/\",\"logo\":{\"@type\":\"ImageObject\",\"inLanguage\":\"lv-LV\",\"@id\":\"https:\\\/\\\/miumjau.ee\\\/#\\\/schema\\\/logo\\\/image\\\/\",\"url\":\"https:\\\/\\\/miumjau.ee\\\/wp-content\\\/uploads\\\/2022\\\/04\\\/MiuMjau-logo-kollane.png\",\"contentUrl\":\"https:\\\/\\\/miumjau.ee\\\/wp-content\\\/uploads\\\/2022\\\/04\\\/MiuMjau-logo-kollane.png\",\"width\":219,\"height\":100,\"caption\":\"MiuMjau O\u00dc\"},\"image\":{\"@id\":\"https:\\\/\\\/miumjau.ee\\\/#\\\/schema\\\/logo\\\/image\\\/\"},\"sameAs\":[\"https:\\\/\\\/www.facebook.com\\\/miumjaupood\\\/\"]}]}<\/script>\n<!-- \/ Yoast SEO plugin. -->","yoast_head_json":{"title":"Ziedot - MiuMjau","robots":{"index":"index","follow":"follow","max-snippet":"max-snippet:-1","max-image-preview":"max-image-preview:large","max-video-preview":"max-video-preview:-1"},"canonical":"https:\/\/miumjau.ee\/lv\/ziedot\/","og_locale":"lv_LV","og_type":"article","og_title":"Ziedot - MiuMjau","og_url":"https:\/\/miumjau.ee\/lv\/ziedot\/","og_site_name":"MiuMjau","article_publisher":"https:\/\/www.facebook.com\/miumjaupood\/","article_modified_time":"2025-12-02T09:40:11+00:00","twitter_card":"summary_large_image","twitter_misc":{"Est. reading time":"2 minutes"},"schema":{"@context":"https:\/\/schema.org","@graph":[{"@type":"WebPage","@id":"https:\/\/miumjau.ee\/lv\/ziedot\/","url":"https:\/\/miumjau.ee\/lv\/ziedot\/","name":"Ziedot - MiuMjau","isPartOf":{"@id":"https:\/\/miumjau.ee\/#website"},"datePublished":"2024-07-16T18:58:04+00:00","dateModified":"2025-12-02T09:40:11+00:00","breadcrumb":{"@id":"https:\/\/miumjau.ee\/lv\/ziedot\/#breadcrumb"},"inLanguage":"lv-LV","potentialAction":[{"@type":"ReadAction","target":["https:\/\/miumjau.ee\/lv\/ziedot\/"]}]},{"@type":"BreadcrumbList","@id":"https:\/\/miumjau.ee\/lv\/ziedot\/#breadcrumb","itemListElement":[{"@type":"ListItem","position":1,"name":"Home","item":"https:\/\/miumjau.ee\/lv\/"},{"@type":"ListItem","position":2,"name":"Ziedot"}]},{"@type":"WebSite","@id":"https:\/\/miumjau.ee\/#website","url":"https:\/\/miumjau.ee\/","name":"MiuMjau","description":"Kraapimispuud kassidele","publisher":{"@id":"https:\/\/miumjau.ee\/#organization"},"potentialAction":[{"@type":"SearchAction","target":{"@type":"EntryPoint","urlTemplate":"https:\/\/miumjau.ee\/?s={search_term_string}"},"query-input":{"@type":"PropertyValueSpecification","valueRequired":true,"valueName":"search_term_string"}}],"inLanguage":"lv-LV"},{"@type":"Organization","@id":"https:\/\/miumjau.ee\/#organization","name":"MiuMjau O\u00dc","url":"https:\/\/miumjau.ee\/","logo":{"@type":"ImageObject","inLanguage":"lv-LV","@id":"https:\/\/miumjau.ee\/#\/schema\/logo\/image\/","url":"https:\/\/miumjau.ee\/wp-content\/uploads\/2022\/04\/MiuMjau-logo-kollane.png","contentUrl":"https:\/\/miumjau.ee\/wp-content\/uploads\/2022\/04\/MiuMjau-logo-kollane.png","width":219,"height":100,"caption":"MiuMjau O\u00dc"},"image":{"@id":"https:\/\/miumjau.ee\/#\/schema\/logo\/image\/"},"sameAs":["https:\/\/www.facebook.com\/miumjaupood\/"]}]}},"_links":{"self":[{"href":"https:\/\/miumjau.ee\/lv\/wp-json\/wp\/v2\/pages\/46114","targetHints":{"allow":["GET"]}}],"collection":[{"href":"https:\/\/miumjau.ee\/lv\/wp-json\/wp\/v2\/pages"}],"about":[{"href":"https:\/\/miumjau.ee\/lv\/wp-json\/wp\/v2\/types\/page"}],"author":[{"embeddable":true,"href":"https:\/\/miumjau.ee\/lv\/wp-json\/wp\/v2\/users\/1"}],"replies":[{"embeddable":true,"href":"https:\/\/miumjau.ee\/lv\/wp-json\/wp\/v2\/comments?post=46114"}],"version-history":[{"count":5,"href":"https:\/\/miumjau.ee\/lv\/wp-json\/wp\/v2\/pages\/46114\/revisions"}],"predecessor-version":[{"id":46494,"href":"https:\/\/miumjau.ee\/lv\/wp-json\/wp\/v2\/pages\/46114\/revisions\/46494"}],"wp:attachment":[{"href":"https:\/\/miumjau.ee\/lv\/wp-json\/wp\/v2\/media?parent=46114"}],"curies":[{"name":"wp","href":"https:\/\/api.w.org\/{rel}","templated":true}]}}