{"id":46092,"date":"2022-04-05T12:30:45","date_gmt":"2022-04-05T09:30:45","guid":{"rendered":"https:\/\/miumjau.ee\/?page_id=46092"},"modified":"2025-11-29T16:06:52","modified_gmt":"2025-11-29T14:06:52","slug":"buj","status":"publish","type":"page","link":"https:\/\/miumjau.ee\/lv\/buj\/","title":{"rendered":"Bie\u017e\u0101k uzdotie jaut\u0101jumi"},"content":{"rendered":"<div class=\"fusion-fullwidth fullwidth-box fusion-builder-row-1 fusion-flex-container nonhundred-percent-fullwidth non-hundred-percent-height-scrolling\" style=\"--awb-border-radius-top-left:0px;--awb-border-radius-top-right:0px;--awb-border-radius-bottom-right:0px;--awb-border-radius-bottom-left:0px;--awb-flex-wrap:wrap;\" ><div class=\"fusion-builder-row fusion-row fusion-flex-align-items-flex-start fusion-flex-content-wrap\" style=\"max-width:1248px;margin-left: calc(-4% \/ 2 );margin-right: calc(-4% \/ 2 );\"><div class=\"fusion-layout-column fusion_builder_column fusion-builder-column-0 fusion_builder_column_4_5 4_5 fusion-flex-column\" style=\"--awb-bg-size:cover;--awb-width-large:80%;--awb-margin-top-large:0px;--awb-spacing-right-large:2.4%;--awb-margin-bottom-large:0px;--awb-spacing-left-large:2.4%;--awb-width-medium:80%;--awb-spacing-right-medium:2.4%;--awb-spacing-left-medium:2.4%;--awb-width-small:100%;--awb-spacing-right-small:1.92%;--awb-spacing-left-small:1.92%;\"><div class=\"fusion-column-wrapper fusion-flex-justify-content-flex-start fusion-content-layout-column\"><div class=\"fusion-text fusion-text-1\" style=\"--awb-text-transform:none;\"><h2>K\u0101 izv\u0113l\u0113ties \u201cpareizo\u201d skr\u0101p\u0113\u0161anas koku?<\/h2>\n<p>Pareizo skr\u0101p\u0113\u0161anas koku vislab\u0101k izv\u0113l\u0113ties kl\u0101tien\u0113. Tas ir vien\u012bgais veids, k\u0101 pirc\u0113js var b\u016bt p\u0101rliecin\u0101ts par produkta izm\u0113riem, materi\u0101lu un iesp\u0113j\u0101m ka\u0137im. Bie\u017ei vien ekr\u0101n\u0101 nor\u0101d\u012btie izm\u0113ri ne\u013cauj prec\u012bzi saprast, cik liels vai mazs ir skr\u0101p\u0113\u0161anas koks paties\u012bb\u0101. \u013boti svar\u012bgi ir p\u0101rliecin\u0101ties, ka izm\u0113ri sakr\u012bt, piem\u0113ram, vai platform\u0101 var gul\u0113t ka\u0137is un vai m\u0101ji\u0146as ieeja ir pietiekami liela ka\u0137a iek\u013c\u016b\u0161anai. Produkta svars var kalpot k\u0101 indikators, lai saprastu, k\u0101ds svars b\u016btu piem\u0113rots ka\u0137im. (Piem\u0113ram, 3 kg smags mazs skr\u0101p\u0113\u0161anas koks noteikti nav piem\u0113rots 3 kg smagam ka\u0137im, jo tas var sabrukt, apg\u0101zties un ka\u0137is nevar\u0113s uz t\u0101 uzk\u0101pt.) Ja vieta at\u013cauj, parasti \u201clieli skr\u0101p\u0113\u0161anas koki\u201d ir dro\u0161a izv\u0113le, \u012bpa\u0161i, ja pl\u0101nots d\u0101vana. Padom\u0101jiet, vai ka\u0137im patie\u0161\u0101m vajadz\u012bga m\u0101ji\u0146a, vai vi\u0146am pat\u012bk sl\u0113pties. Vai svar\u012bgi ir skr\u0101p\u0113\u0161anas stabi, vai tiem j\u0101b\u016bt vair\u0101k? Cik liel\u0101 m\u0113r\u0101 ka\u0137is lec \u2013 vai koks ir pietiekami augsts un stabils l\u0113cieniem? Vai ka\u0137i trauc\u0113 b\u0113rni vai su\u0146i \u2013 vai nepiecie\u0161ama augst\u0101ka platforma? Uz visiem \u0161iem jaut\u0101jumiem ieteicams atbild\u0113t pirms pirkuma, lai atrastu vispiem\u0113rot\u0101ko modeli j\u016bsu ka\u0137im. Jaut\u0101jumu gad\u012bjum\u0101 vienm\u0113r var konsult\u0113ties. M\u0113s esam gatavi sniegt padomu atbilsto\u0161i m\u016bsu zin\u0101\u0161an\u0101m.<\/p>\n<h2>Cik \u0101tri tiek izpild\u012bts pas\u016bt\u012bjums?<\/h2>\n<p>M\u0113s dar\u0101m visu iesp\u0113jamo, lai visi kurjera un pakom\u0101ta s\u016bt\u012bjumi tiktu izs\u016bt\u012bti 48 stundu laik\u0101 p\u0113c maks\u0101juma sa\u0146em\u0161anas (darba dien\u0101s). \u012apa\u0161os gad\u012bjumos tas var aiz\u0146emt ilg\u0101k. Ja jums ir \u013coti steidzami, iesak\u0101m, ja iesp\u0113jams, pa\u0146emt preci kl\u0101tien\u0113.<\/p>\n<h2>Cik maks\u0101 preces pieg\u0101de?<\/h2>\n<p>Preces pieg\u0101de neatkar\u012bgi no mode\u013ca apr\u012bl\u012b 2022. gad\u0101 maks\u0101 8 eiro par s\u016bt\u012bjumu. M\u0113s atjaunin\u0101m cenu atbilsto\u0161i izmantot\u0101s kurjera firmas cenr\u0101dim. Pakom\u0101ta cenr\u0101ds tiek noteikts autom\u0101tiski no pakalpojuma sniedz\u0113ja. Papildu iepako\u0161anas maksa netiek pievienota. Ir tikai re\u0101las transporta izmaksas.<\/p>\n<h2>Vai precei var doties paka\u013c pats?<\/h2>\n<p>Preci var sa\u0146emt iepriek\u0161 saska\u0146ot\u0101 laik\u0101 adres\u0113 K\u00e4bliku 5, Tallina. Laiku var saska\u0146ot, zvanot pa t\u0101lruni 58121217.<\/p>\n<h2>Vai precei ir garantija?<\/h2>\n<p>Precei ir garantija saska\u0146\u0101 ar Igaunijas likumiem. Ja precei konstat\u0113 tr\u016bkumus, m\u0113s to nekav\u0113joties nomain\u0101m. Klientam vajadz\u0113tu nos\u016bt\u012bt prec\u012bzu inform\u0101ciju un ar\u012b fotoatt\u0113lus par konkr\u0113to produktu. Produkta iepakojumam j\u0101b\u016bt saglab\u0101tam un precei j\u0101b\u016bt neizmantotai. Tr\u016bkuma gad\u012bjum\u0101 m\u0113s sedzam transporta izdevumus.<\/p>\n<h2>Vai skr\u0101p\u0113\u0161anas kokus var apskat\u012bt kl\u0101tien\u0113?<\/h2>\n<p>Visus skr\u0101p\u0113\u0161anas kokus var apskat\u012bt iepriek\u0161 saska\u0146ot\u0101 laik\u0101 adres\u0113 K\u00e4bliku 5, Tallina. Lai saska\u0146otu laiku, zvaniet 58121217 vai rakstiet e-pastu uz anettetuulik@gmail.com<\/p>\n<\/div><\/div><\/div><\/div><\/div>\n","protected":false},"excerpt":{"rendered":"","protected":false},"author":1,"featured_media":0,"parent":0,"menu_order":0,"comment_status":"closed","ping_status":"closed","template":"","meta":{"footnotes":""},"class_list":["post-46092","page","type-page","status-publish","hentry"],"yoast_head":"<!-- This site is optimized with the Yoast SEO plugin v27.4 - https:\/\/yoast.com\/product\/yoast-seo-wordpress\/ -->\n<title>Bie\u017e\u0101k uzdotie jaut\u0101jumi - MiuMjau<\/title>\n<meta name=\"robots\" content=\"index, follow, max-snippet:-1, max-image-preview:large, max-video-preview:-1\" \/>\n<link rel=\"canonical\" href=\"https:\/\/miumjau.ee\/lv\/buj\/\" \/>\n<meta property=\"og:locale\" content=\"lv_LV\" \/>\n<meta property=\"og:type\" content=\"article\" \/>\n<meta property=\"og:title\" content=\"Bie\u017e\u0101k uzdotie jaut\u0101jumi - MiuMjau\" \/>\n<meta property=\"og:url\" content=\"https:\/\/miumjau.ee\/lv\/buj\/\" \/>\n<meta property=\"og:site_name\" content=\"MiuMjau\" \/>\n<meta property=\"article:publisher\" content=\"https:\/\/www.facebook.com\/miumjaupood\/\" \/>\n<meta property=\"article:modified_time\" content=\"2025-11-29T14:06:52+00:00\" \/>\n<meta name=\"twitter:card\" content=\"summary_large_image\" \/>\n<meta name=\"twitter:label1\" content=\"Est. reading time\" \/>\n\t<meta name=\"twitter:data1\" content=\"2 minutes\" \/>\n<script type=\"application\/ld+json\" class=\"yoast-schema-graph\">{\"@context\":\"https:\\\/\\\/schema.org\",\"@graph\":[{\"@type\":\"WebPage\",\"@id\":\"https:\\\/\\\/miumjau.ee\\\/lv\\\/buj\\\/\",\"url\":\"https:\\\/\\\/miumjau.ee\\\/lv\\\/buj\\\/\",\"name\":\"Bie\u017e\u0101k uzdotie jaut\u0101jumi - MiuMjau\",\"isPartOf\":{\"@id\":\"https:\\\/\\\/miumjau.ee\\\/#website\"},\"datePublished\":\"2022-04-05T09:30:45+00:00\",\"dateModified\":\"2025-11-29T14:06:52+00:00\",\"breadcrumb\":{\"@id\":\"https:\\\/\\\/miumjau.ee\\\/lv\\\/buj\\\/#breadcrumb\"},\"inLanguage\":\"lv-LV\",\"potentialAction\":[{\"@type\":\"ReadAction\",\"target\":[\"https:\\\/\\\/miumjau.ee\\\/lv\\\/buj\\\/\"]}]},{\"@type\":\"BreadcrumbList\",\"@id\":\"https:\\\/\\\/miumjau.ee\\\/lv\\\/buj\\\/#breadcrumb\",\"itemListElement\":[{\"@type\":\"ListItem\",\"position\":1,\"name\":\"Home\",\"item\":\"https:\\\/\\\/miumjau.ee\\\/lv\\\/\"},{\"@type\":\"ListItem\",\"position\":2,\"name\":\"Bie\u017e\u0101k uzdotie jaut\u0101jumi\"}]},{\"@type\":\"WebSite\",\"@id\":\"https:\\\/\\\/miumjau.ee\\\/#website\",\"url\":\"https:\\\/\\\/miumjau.ee\\\/\",\"name\":\"MiuMjau\",\"description\":\"Kraapimispuud kassidele\",\"publisher\":{\"@id\":\"https:\\\/\\\/miumjau.ee\\\/#organization\"},\"potentialAction\":[{\"@type\":\"SearchAction\",\"target\":{\"@type\":\"EntryPoint\",\"urlTemplate\":\"https:\\\/\\\/miumjau.ee\\\/?s={search_term_string}\"},\"query-input\":{\"@type\":\"PropertyValueSpecification\",\"valueRequired\":true,\"valueName\":\"search_term_string\"}}],\"inLanguage\":\"lv-LV\"},{\"@type\":\"Organization\",\"@id\":\"https:\\\/\\\/miumjau.ee\\\/#organization\",\"name\":\"MiuMjau O\u00dc\",\"url\":\"https:\\\/\\\/miumjau.ee\\\/\",\"logo\":{\"@type\":\"ImageObject\",\"inLanguage\":\"lv-LV\",\"@id\":\"https:\\\/\\\/miumjau.ee\\\/#\\\/schema\\\/logo\\\/image\\\/\",\"url\":\"https:\\\/\\\/miumjau.ee\\\/wp-content\\\/uploads\\\/2022\\\/04\\\/MiuMjau-logo-kollane.png\",\"contentUrl\":\"https:\\\/\\\/miumjau.ee\\\/wp-content\\\/uploads\\\/2022\\\/04\\\/MiuMjau-logo-kollane.png\",\"width\":219,\"height\":100,\"caption\":\"MiuMjau O\u00dc\"},\"image\":{\"@id\":\"https:\\\/\\\/miumjau.ee\\\/#\\\/schema\\\/logo\\\/image\\\/\"},\"sameAs\":[\"https:\\\/\\\/www.facebook.com\\\/miumjaupood\\\/\"]}]}<\/script>\n<!-- \/ Yoast SEO plugin. -->","yoast_head_json":{"title":"Bie\u017e\u0101k uzdotie jaut\u0101jumi - MiuMjau","robots":{"index":"index","follow":"follow","max-snippet":"max-snippet:-1","max-image-preview":"max-image-preview:large","max-video-preview":"max-video-preview:-1"},"canonical":"https:\/\/miumjau.ee\/lv\/buj\/","og_locale":"lv_LV","og_type":"article","og_title":"Bie\u017e\u0101k uzdotie jaut\u0101jumi - MiuMjau","og_url":"https:\/\/miumjau.ee\/lv\/buj\/","og_site_name":"MiuMjau","article_publisher":"https:\/\/www.facebook.com\/miumjaupood\/","article_modified_time":"2025-11-29T14:06:52+00:00","twitter_card":"summary_large_image","twitter_misc":{"Est. reading time":"2 minutes"},"schema":{"@context":"https:\/\/schema.org","@graph":[{"@type":"WebPage","@id":"https:\/\/miumjau.ee\/lv\/buj\/","url":"https:\/\/miumjau.ee\/lv\/buj\/","name":"Bie\u017e\u0101k uzdotie jaut\u0101jumi - MiuMjau","isPartOf":{"@id":"https:\/\/miumjau.ee\/#website"},"datePublished":"2022-04-05T09:30:45+00:00","dateModified":"2025-11-29T14:06:52+00:00","breadcrumb":{"@id":"https:\/\/miumjau.ee\/lv\/buj\/#breadcrumb"},"inLanguage":"lv-LV","potentialAction":[{"@type":"ReadAction","target":["https:\/\/miumjau.ee\/lv\/buj\/"]}]},{"@type":"BreadcrumbList","@id":"https:\/\/miumjau.ee\/lv\/buj\/#breadcrumb","itemListElement":[{"@type":"ListItem","position":1,"name":"Home","item":"https:\/\/miumjau.ee\/lv\/"},{"@type":"ListItem","position":2,"name":"Bie\u017e\u0101k uzdotie jaut\u0101jumi"}]},{"@type":"WebSite","@id":"https:\/\/miumjau.ee\/#website","url":"https:\/\/miumjau.ee\/","name":"MiuMjau","description":"Kraapimispuud kassidele","publisher":{"@id":"https:\/\/miumjau.ee\/#organization"},"potentialAction":[{"@type":"SearchAction","target":{"@type":"EntryPoint","urlTemplate":"https:\/\/miumjau.ee\/?s={search_term_string}"},"query-input":{"@type":"PropertyValueSpecification","valueRequired":true,"valueName":"search_term_string"}}],"inLanguage":"lv-LV"},{"@type":"Organization","@id":"https:\/\/miumjau.ee\/#organization","name":"MiuMjau O\u00dc","url":"https:\/\/miumjau.ee\/","logo":{"@type":"ImageObject","inLanguage":"lv-LV","@id":"https:\/\/miumjau.ee\/#\/schema\/logo\/image\/","url":"https:\/\/miumjau.ee\/wp-content\/uploads\/2022\/04\/MiuMjau-logo-kollane.png","contentUrl":"https:\/\/miumjau.ee\/wp-content\/uploads\/2022\/04\/MiuMjau-logo-kollane.png","width":219,"height":100,"caption":"MiuMjau O\u00dc"},"image":{"@id":"https:\/\/miumjau.ee\/#\/schema\/logo\/image\/"},"sameAs":["https:\/\/www.facebook.com\/miumjaupood\/"]}]}},"_links":{"self":[{"href":"https:\/\/miumjau.ee\/lv\/wp-json\/wp\/v2\/pages\/46092","targetHints":{"allow":["GET"]}}],"collection":[{"href":"https:\/\/miumjau.ee\/lv\/wp-json\/wp\/v2\/pages"}],"about":[{"href":"https:\/\/miumjau.ee\/lv\/wp-json\/wp\/v2\/types\/page"}],"author":[{"embeddable":true,"href":"https:\/\/miumjau.ee\/lv\/wp-json\/wp\/v2\/users\/1"}],"replies":[{"embeddable":true,"href":"https:\/\/miumjau.ee\/lv\/wp-json\/wp\/v2\/comments?post=46092"}],"version-history":[{"count":1,"href":"https:\/\/miumjau.ee\/lv\/wp-json\/wp\/v2\/pages\/46092\/revisions"}],"predecessor-version":[{"id":46093,"href":"https:\/\/miumjau.ee\/lv\/wp-json\/wp\/v2\/pages\/46092\/revisions\/46093"}],"wp:attachment":[{"href":"https:\/\/miumjau.ee\/lv\/wp-json\/wp\/v2\/media?parent=46092"}],"curies":[{"name":"wp","href":"https:\/\/api.w.org\/{rel}","templated":true}]}}