{"id":46079,"date":"2022-04-05T12:31:12","date_gmt":"2022-04-05T09:31:12","guid":{"rendered":"https:\/\/miumjau.ee\/?page_id=46079"},"modified":"2025-11-29T15:02:11","modified_gmt":"2025-11-29T13:02:11","slug":"pardosanas-noteikumi","status":"publish","type":"page","link":"https:\/\/miumjau.ee\/lv\/pardosanas-noteikumi\/","title":{"rendered":"P\u0101rdo\u0161anas noteikumi"},"content":{"rendered":"<div class=\"fusion-fullwidth fullwidth-box fusion-builder-row-1 fusion-flex-container nonhundred-percent-fullwidth non-hundred-percent-height-scrolling\" style=\"--awb-border-radius-top-left:0px;--awb-border-radius-top-right:0px;--awb-border-radius-bottom-right:0px;--awb-border-radius-bottom-left:0px;--awb-flex-wrap:wrap;\" ><div class=\"fusion-builder-row fusion-row fusion-flex-align-items-flex-start fusion-flex-content-wrap\" style=\"max-width:1248px;margin-left: calc(-4% \/ 2 );margin-right: calc(-4% \/ 2 );\"><div class=\"fusion-layout-column fusion_builder_column fusion-builder-column-0 fusion_builder_column_4_5 4_5 fusion-flex-column\" style=\"--awb-bg-size:cover;--awb-width-large:80%;--awb-margin-top-large:0px;--awb-spacing-right-large:2.4%;--awb-margin-bottom-large:0px;--awb-spacing-left-large:2.4%;--awb-width-medium:80%;--awb-spacing-right-medium:2.4%;--awb-spacing-left-medium:2.4%;--awb-width-small:100%;--awb-spacing-right-small:1.92%;--awb-spacing-left-small:1.92%;\"><div class=\"fusion-column-wrapper fusion-flex-justify-content-flex-start fusion-content-layout-column\"><div class=\"fusion-text fusion-text-1\"><p>Veikala https:\/\/miumjau.ee\/ (turpm\u0101k Veikals) \u012bpa\u0161nieks ir MiuMjau O\u00dc (re\u0123. kods 14687325), adrese K\u00e4bliku 5, Tallina, 13426, Harjumaas.<\/p>\n<h3>P\u0101rdo\u0161anas l\u012bguma sp\u0113k\u0101 esam\u012bba, preces un cenu inform\u0101cija<\/h3>\n<p>P\u0101rdo\u0161anas noteikumi ir sp\u0113k\u0101, ieg\u0101d\u0101joties preces Veikal\u0101.<\/p>\n<p>Inform\u0101cija par preci ir sniegta Veikal\u0101 tie\u0161i pie preces.<\/p>\n<p>Veikal\u0101 pied\u0101v\u0101to produktu cenas ir nor\u0101d\u012btas pie produktu apraksta. Cenas pievienojas pieg\u0101des maksa.<\/p>\n<p>Pieg\u0101des maksa ir atkar\u012bga no pirc\u0113ja atra\u0161an\u0101s vietas un pieg\u0101des veida. Maksa tiek par\u0101d\u012bta pirc\u0113jam pas\u016bt\u012bjuma veik\u0161anas br\u012bd\u012b.<\/p>\n<p>Pieg\u0101des maksas Latvij\u0101:<\/p>\n<ul>\n<li>Omniva pakom\u0101t\u0101, s\u0101kot no \u2013 3 \u20ac;<\/li>\n<li>Kurjers fiks\u0113ta maksa l\u012bdz 30kg s\u016bt\u012bjumam \u2013 8 \u20ac.<\/li>\n<li>Kurjers fiks\u0113ta maksa 30kg+ s\u016bt\u012bjumam \u2013 15 \u20ac.<\/li>\n<\/ul>\n<p>Pa\u0161laik pied\u0101v\u0101jam kurjerpakalpojumu ar\u012b uz Somiju, Lietuvu un Igauniju. Cenas tiek autom\u0101tiski apr\u0113\u0137in\u0101tas p\u0113c produkta svara pas\u016bt\u012bjuma noform\u0113\u0161anas br\u012bd\u012b.<\/p>\n<h3>Pas\u016bt\u012bjuma veik\u0161ana<\/h3>\n<p>Lai pas\u016bt\u012btu preci, j\u0101ievieto v\u0113lamie produkti groz\u0101. Pas\u016bt\u012bjuma noform\u0113\u0161anai j\u0101aizpilda nepiecie\u0161amie dati un j\u0101izv\u0113las piem\u0113rots pre\u010du pieg\u0101des veids. P\u0113c tam ekr\u0101n\u0101 tiek par\u0101d\u012bta maks\u0101juma summa, kuru var veikt ar bankas p\u0101rskait\u012bjumu. R\u0113\u0137ins tiek autom\u0101tiski nos\u016bt\u012bts pirc\u0113ja e-past\u0101.<\/p>\n<p>L\u012bgums st\u0101jas sp\u0113k\u0101 p\u0113c maks\u0101juma sa\u0146em\u0161anas Veikala kont\u0101.<\/p>\n<p>Ja pas\u016bt\u012bt\u0101 prece nav pieejama noliktav\u0101 vai citu iemeslu d\u0113\u013c, pirc\u0113js tiek inform\u0113ts p\u0113c iesp\u0113jas \u0101tr\u0101k, un samaks\u0101t\u0101 summa (ieskaitot pieg\u0101des izmaksas) tiek atgriezta ne v\u0113l\u0101k k\u0101 14 dienu laik\u0101 p\u0113c pazi\u0146ojuma nos\u016bt\u012b\u0161anas.<\/p>\n<h3>Pieg\u0101de<\/h3>\n<p>Preces tiek pieg\u0101d\u0101tas uz \u0161\u0101d\u0101m valst\u012bm: Eiropas Savien\u012bbas dal\u012bbvalstis.<\/p>\n<p>Pieg\u0101des izmaksas sedz pirc\u0113js, un atbilsto\u0161a inform\u0101cija tiek par\u0101d\u012bta pie pieg\u0101des veida.<\/p>\n<p>Iek\u0161zemes s\u016bt\u012bjumi Latvij\u0101 parasti non\u0101k l\u012bdz pirc\u0113ja nor\u0101d\u012btajam adres\u0101tam 1\u20133 darba dienu laik\u0101 p\u0113c p\u0101rdo\u0161anas l\u012bguma sp\u0113k\u0101 st\u0101\u0161an\u0101s. \u0100rpus Latvijas pieg\u0101de notiek 14 kalend\u0101r\u0101 dienu laik\u0101.<\/p>\n<p>\u012apa\u0161os gad\u012bjumos prece var tikt pieg\u0101d\u0101ta l\u012bdz 30 kalend\u0101ra dien\u0101m.<\/p>\n<h3>Atk\u0101p\u0161an\u0101s ties\u012bbas<\/h3>\n<p>P\u0113c pas\u016bt\u012bjuma sa\u0146em\u0161anas pirc\u0113jam ir ties\u012bbas atteikties no l\u012bguma 14 dienu laik\u0101.<\/p>\n<p>Atk\u0101p\u0161an\u0101s ties\u012bbas neattiecas uz juridisk\u0101m person\u0101m.<\/p>\n<p>14 dienu ties\u012bbu izmanto\u0161anai prece nedr\u012bkst tikt izmantota cit\u0101di k\u0101 nepiecie\u0161ams, lai p\u0101rliecin\u0101tos par preces b\u016bt\u012bbu, \u012bpa\u0161\u012bb\u0101m un darb\u012bbu, t\u0101pat k\u0101 tas at\u013cauts preces test\u0113\u0161anai fizisk\u0101 veikal\u0101.<\/p>\n<p>Ja prece ir izmantota cit\u0101di vai ir redzami nolietojuma vai boj\u0101juma simptomi, Veikalam ir ties\u012bbas samazin\u0101t atmaks\u0101jamo summu atbilsto\u0161i preces v\u0113rt\u012bbas samazin\u0101jumam. (Parasti l\u016bdzam ats\u016bt\u012bt preces fotogr\u0101fijas, lai pier\u0101d\u012btu, ka t\u0101 nav izmantota.)<\/p>\n<p>Preces atgrie\u0161anai j\u0101iesniedz <a href=\"https:\/\/miumjau.ee\/wp-content\/uploads\/2022\/04\/taganemise-avaldus.pdf\" target=\"_blank\" rel=\"noopener noreferrer\">pazi\u0146ojums par atteik\u0161anos no preces ieg\u0101des<\/a> un j\u0101nos\u016bta uz e-pasta adresi miumjaupood@gmail.com ne v\u0113l\u0101k k\u0101 14 dienas p\u0113c preces sa\u0146em\u0161anas.<\/p>\n<p>Preces atgrie\u0161anas izmaksas sedz pirc\u0113js, iz\u0146emot gad\u012bjumus, ja atgrie\u0161anas iemesls ir saist\u012bts ar preces neatbilst\u012bbu pas\u016bt\u012bjumam (piem\u0113ram, k\u013c\u016bdaina vai boj\u0101ta prece).<\/p>\n<p>Pirc\u0113jam prece j\u0101atgrie\u017e 14 dienu laik\u0101 p\u0113c pazi\u0146ojuma iesnieg\u0161anas vai j\u0101iesniedz pier\u0101d\u012bjums, ka prece \u0161aj\u0101 period\u0101 nodota pieg\u0101des uz\u0146\u0113mumam. Prece j\u0101atgrie\u017e ori\u0123in\u0101laj\u0101 iepakojum\u0101, k\u0101 t\u0101 tika sa\u0146emta, un t\u0101s st\u0101voklis j\u0101atgrie\u017e s\u0101kotn\u0113jais. Ja iepakojums ir boj\u0101ts vai izmests, pirc\u0113js nekav\u0113joties inform\u0113 Veikalu, un Veikalam ir ties\u012bbas piepras\u012bt samaksu l\u012bdz 20% no preces v\u0113rt\u012bbas. Ja produkts glab\u0101ts net\u012br\u0101 vid\u0113 vai ir uz t\u0101 tabakas smaka, produkts tiek uzskat\u012bts par izmantotu, jo tas nav atgriezts s\u0101kotn\u0113j\u0101 st\u0101vokl\u012b. Tas \u012bpa\u0161i attiecas uz skr\u0101p\u0113\u0161anas koki, kas satur daudz tekstila un absorb\u0113 smakas.<\/p>\n<p>Veikals atmaks\u0101 pirc\u0113jam samaks\u0101to summu ne v\u0113l\u0101k k\u0101 14 dienas p\u0113c pazi\u0146ojuma sa\u0146em\u0161anas. Ja pas\u016bt\u012bjums tiek atgriezts da\u013c\u0113ji, tiek proporcion\u0101li atmaks\u0101ta samaks\u0101t\u0101 pieg\u0101des maksa. Prece tiek p\u0101rbaud\u012bta, un, ja viss atbilst noteikumiem, summa tiek nekav\u0113joties atgriezta.<\/p>\n<p>Veikals var atteikties veikt atmaksu l\u012bdz br\u012bdim, kad tas sa\u0146em preces atpaka\u013c vai l\u012bdz br\u012bdim, kad pirc\u0113js iesniedz pier\u0101d\u012bjumus, ka prece nos\u016bt\u012bta atpaka\u013c, atkar\u012bb\u0101 no t\u0101, kas notiek \u0101tr\u0101k.<\/p>\n<p>Ja pirc\u0113js izv\u0113l\u0113jies citu pieg\u0101des veidu nek\u0101 Veikala pied\u0101v\u0101tais l\u0113t\u0101kais standarta variants, Veikals nav oblig\u0101ts atmaks\u0101t papildus izmaksas.<\/p>\n<p>Veikalam ir ties\u012bbas atteikties no p\u0101rdo\u0161anas dar\u012bjuma un piepras\u012bt atgriezt preci, ja preces cena Veikal\u0101 ir iev\u0113rojami zem\u0101ka k\u013c\u016bdas d\u0113\u013c.<\/p>\n<h3>Pras\u012bbu iesnieg\u0161anas ties\u012bbas<\/h3>\n<p>Veikals ir atbild\u012bgs par preces neatbilst\u012bbu l\u012bguma noteikumiem vai tr\u016bkumiem, kas bija jau pie preces nodo\u0161anas br\u012bd\u012b un kuri par\u0101d\u0101s l\u012bdz diviem gadiem p\u0113c preces sa\u0146em\u0161anas. Pirmaj\u0101 se\u0161u m\u0113ne\u0161u period\u0101 tiek uzskat\u012bts, ka tr\u016bkums past\u0101v\u0113ja jau nodo\u0161anas br\u012bd\u012b. Veikals var pier\u0101d\u012bt pret\u0113jo.<\/p>\n<p>Pirc\u0113jam tr\u016bkuma gad\u012bjum\u0101 ir ties\u012bbas v\u0113rsieties pie Veikala 2 m\u0113ne\u0161u laik\u0101, nos\u016btot e-pastu uz miumjaupood@gmail.com vai zvanot +372 5812 1217.<\/p>\n<p>Veikals neuz\u0146emas atbild\u012bbu par boj\u0101jumiem, kas radu\u0161ies p\u0113c preces sa\u0146em\u0161anas.<\/p>\n<p>Ja Veikala p\u0101rdotajai precei ir tr\u016bkumi, Veikals labo vai aizvieto preci. Ja tas nav iesp\u0113jams, Veikals atmaks\u0101 visus l\u012bgum\u0101 iek\u013cautos maks\u0101jumus.<\/p>\n<p>Veikals atbild uz pat\u0113r\u0113t\u0101ja s\u016bdz\u012bbu rakstiski vai cit\u0101 rakstiskai atspogu\u013co\u0161anai piem\u0113rot\u0101 veid\u0101 15 dienu laik\u0101.<\/p>\n<h3>Personas datu apstr\u0101de<\/h3>\n<p>Veikals izmanto pirc\u0113ja sniegtos personas datus (v\u0101rds, telefona numurs, adrese, e-pasts, bankas rekviz\u012bti) tikai pas\u016bt\u012bjuma apstr\u0101dei un preces nos\u016bt\u012b\u0161anai. Veikals nodod datus transporta uz\u0146\u0113mumiem preces pieg\u0101dei.<\/p>\n<h3>Str\u012bdu risin\u0101\u0161ana<\/h3>\n<p>Ja pirc\u0113jam ir s\u016bdz\u012bbas par Veikalu, t\u0101s j\u0101nos\u016bta uz e-pastu miumjaupood@gmail.com vai j\u0101zvana +372 5812 1217.<\/p>\n<p>Ja pirc\u0113js un Veikals nevar pan\u0101kt vieno\u0161anos, pirc\u0113js var v\u0113rsties Pat\u0113r\u0113t\u0101ju str\u012bdu komisij\u0101. Proced\u016bras nosac\u012bjumus var atrast un iesniegt pieteikumu <a href=\"https:\/\/komisjon.ee\/et\" target=\"_blank\" rel=\"noopener noreferrer\">Pat\u0113r\u0113t\u0101ju str\u012bdu komisijas m\u0101jaslap\u0101<\/a>.<\/p>\n<p>Pat\u0113r\u0113t\u0101ju str\u012bdu komisija risina str\u012bdus starp pirc\u0113ju un Veikalu, kas izriet no nosl\u0113gt\u0101 l\u012bguma. Pieteikuma iesnieg\u0161ana komisij\u0101 ir bez maksas.<\/p>\n<p>Pirc\u0113js var v\u0113rsties ar\u012b <a href=\"https:\/\/ec.europa.eu\/consumers\/odr\/main\/index.cfm?event=main.home.chooseLanguage\" target=\"_blank\" rel=\"noopener noreferrer\">Eiropas Savien\u012bbas pat\u0113r\u0113t\u0101ju str\u012bdu risin\u0101\u0161anas platform\u0101<\/a>.<\/p>\n<\/div><\/div><\/div><\/div><\/div>\n","protected":false},"excerpt":{"rendered":"","protected":false},"author":1,"featured_media":0,"parent":0,"menu_order":0,"comment_status":"closed","ping_status":"closed","template":"","meta":{"footnotes":""},"class_list":["post-46079","page","type-page","status-publish","hentry"],"yoast_head":"<!-- This site is optimized with the Yoast SEO plugin v27.4 - https:\/\/yoast.com\/product\/yoast-seo-wordpress\/ -->\n<title>P\u0101rdo\u0161anas noteikumi - MiuMjau<\/title>\n<meta name=\"robots\" content=\"index, follow, max-snippet:-1, max-image-preview:large, max-video-preview:-1\" \/>\n<link rel=\"canonical\" href=\"https:\/\/miumjau.ee\/lv\/pardosanas-noteikumi\/\" \/>\n<meta property=\"og:locale\" content=\"lv_LV\" \/>\n<meta property=\"og:type\" content=\"article\" \/>\n<meta property=\"og:title\" content=\"P\u0101rdo\u0161anas noteikumi - MiuMjau\" \/>\n<meta property=\"og:url\" content=\"https:\/\/miumjau.ee\/lv\/pardosanas-noteikumi\/\" \/>\n<meta property=\"og:site_name\" content=\"MiuMjau\" \/>\n<meta property=\"article:publisher\" content=\"https:\/\/www.facebook.com\/miumjaupood\/\" \/>\n<meta property=\"article:modified_time\" content=\"2025-11-29T13:02:11+00:00\" \/>\n<meta name=\"twitter:card\" content=\"summary_large_image\" \/>\n<meta name=\"twitter:label1\" content=\"Est. reading time\" \/>\n\t<meta name=\"twitter:data1\" content=\"5 minutes\" \/>\n<script type=\"application\/ld+json\" class=\"yoast-schema-graph\">{\"@context\":\"https:\\\/\\\/schema.org\",\"@graph\":[{\"@type\":\"WebPage\",\"@id\":\"https:\\\/\\\/miumjau.ee\\\/lv\\\/pardosanas-noteikumi\\\/\",\"url\":\"https:\\\/\\\/miumjau.ee\\\/lv\\\/pardosanas-noteikumi\\\/\",\"name\":\"P\u0101rdo\u0161anas noteikumi - MiuMjau\",\"isPartOf\":{\"@id\":\"https:\\\/\\\/miumjau.ee\\\/#website\"},\"datePublished\":\"2022-04-05T09:31:12+00:00\",\"dateModified\":\"2025-11-29T13:02:11+00:00\",\"breadcrumb\":{\"@id\":\"https:\\\/\\\/miumjau.ee\\\/lv\\\/pardosanas-noteikumi\\\/#breadcrumb\"},\"inLanguage\":\"lv-LV\",\"potentialAction\":[{\"@type\":\"ReadAction\",\"target\":[\"https:\\\/\\\/miumjau.ee\\\/lv\\\/pardosanas-noteikumi\\\/\"]}]},{\"@type\":\"BreadcrumbList\",\"@id\":\"https:\\\/\\\/miumjau.ee\\\/lv\\\/pardosanas-noteikumi\\\/#breadcrumb\",\"itemListElement\":[{\"@type\":\"ListItem\",\"position\":1,\"name\":\"Home\",\"item\":\"https:\\\/\\\/miumjau.ee\\\/lv\\\/\"},{\"@type\":\"ListItem\",\"position\":2,\"name\":\"P\u0101rdo\u0161anas noteikumi\"}]},{\"@type\":\"WebSite\",\"@id\":\"https:\\\/\\\/miumjau.ee\\\/#website\",\"url\":\"https:\\\/\\\/miumjau.ee\\\/\",\"name\":\"MiuMjau\",\"description\":\"Kraapimispuud kassidele\",\"publisher\":{\"@id\":\"https:\\\/\\\/miumjau.ee\\\/#organization\"},\"potentialAction\":[{\"@type\":\"SearchAction\",\"target\":{\"@type\":\"EntryPoint\",\"urlTemplate\":\"https:\\\/\\\/miumjau.ee\\\/?s={search_term_string}\"},\"query-input\":{\"@type\":\"PropertyValueSpecification\",\"valueRequired\":true,\"valueName\":\"search_term_string\"}}],\"inLanguage\":\"lv-LV\"},{\"@type\":\"Organization\",\"@id\":\"https:\\\/\\\/miumjau.ee\\\/#organization\",\"name\":\"MiuMjau O\u00dc\",\"url\":\"https:\\\/\\\/miumjau.ee\\\/\",\"logo\":{\"@type\":\"ImageObject\",\"inLanguage\":\"lv-LV\",\"@id\":\"https:\\\/\\\/miumjau.ee\\\/#\\\/schema\\\/logo\\\/image\\\/\",\"url\":\"https:\\\/\\\/miumjau.ee\\\/wp-content\\\/uploads\\\/2022\\\/04\\\/MiuMjau-logo-kollane.png\",\"contentUrl\":\"https:\\\/\\\/miumjau.ee\\\/wp-content\\\/uploads\\\/2022\\\/04\\\/MiuMjau-logo-kollane.png\",\"width\":219,\"height\":100,\"caption\":\"MiuMjau O\u00dc\"},\"image\":{\"@id\":\"https:\\\/\\\/miumjau.ee\\\/#\\\/schema\\\/logo\\\/image\\\/\"},\"sameAs\":[\"https:\\\/\\\/www.facebook.com\\\/miumjaupood\\\/\"]}]}<\/script>\n<!-- \/ Yoast SEO plugin. -->","yoast_head_json":{"title":"P\u0101rdo\u0161anas noteikumi - MiuMjau","robots":{"index":"index","follow":"follow","max-snippet":"max-snippet:-1","max-image-preview":"max-image-preview:large","max-video-preview":"max-video-preview:-1"},"canonical":"https:\/\/miumjau.ee\/lv\/pardosanas-noteikumi\/","og_locale":"lv_LV","og_type":"article","og_title":"P\u0101rdo\u0161anas noteikumi - MiuMjau","og_url":"https:\/\/miumjau.ee\/lv\/pardosanas-noteikumi\/","og_site_name":"MiuMjau","article_publisher":"https:\/\/www.facebook.com\/miumjaupood\/","article_modified_time":"2025-11-29T13:02:11+00:00","twitter_card":"summary_large_image","twitter_misc":{"Est. reading time":"5 minutes"},"schema":{"@context":"https:\/\/schema.org","@graph":[{"@type":"WebPage","@id":"https:\/\/miumjau.ee\/lv\/pardosanas-noteikumi\/","url":"https:\/\/miumjau.ee\/lv\/pardosanas-noteikumi\/","name":"P\u0101rdo\u0161anas noteikumi - MiuMjau","isPartOf":{"@id":"https:\/\/miumjau.ee\/#website"},"datePublished":"2022-04-05T09:31:12+00:00","dateModified":"2025-11-29T13:02:11+00:00","breadcrumb":{"@id":"https:\/\/miumjau.ee\/lv\/pardosanas-noteikumi\/#breadcrumb"},"inLanguage":"lv-LV","potentialAction":[{"@type":"ReadAction","target":["https:\/\/miumjau.ee\/lv\/pardosanas-noteikumi\/"]}]},{"@type":"BreadcrumbList","@id":"https:\/\/miumjau.ee\/lv\/pardosanas-noteikumi\/#breadcrumb","itemListElement":[{"@type":"ListItem","position":1,"name":"Home","item":"https:\/\/miumjau.ee\/lv\/"},{"@type":"ListItem","position":2,"name":"P\u0101rdo\u0161anas noteikumi"}]},{"@type":"WebSite","@id":"https:\/\/miumjau.ee\/#website","url":"https:\/\/miumjau.ee\/","name":"MiuMjau","description":"Kraapimispuud kassidele","publisher":{"@id":"https:\/\/miumjau.ee\/#organization"},"potentialAction":[{"@type":"SearchAction","target":{"@type":"EntryPoint","urlTemplate":"https:\/\/miumjau.ee\/?s={search_term_string}"},"query-input":{"@type":"PropertyValueSpecification","valueRequired":true,"valueName":"search_term_string"}}],"inLanguage":"lv-LV"},{"@type":"Organization","@id":"https:\/\/miumjau.ee\/#organization","name":"MiuMjau O\u00dc","url":"https:\/\/miumjau.ee\/","logo":{"@type":"ImageObject","inLanguage":"lv-LV","@id":"https:\/\/miumjau.ee\/#\/schema\/logo\/image\/","url":"https:\/\/miumjau.ee\/wp-content\/uploads\/2022\/04\/MiuMjau-logo-kollane.png","contentUrl":"https:\/\/miumjau.ee\/wp-content\/uploads\/2022\/04\/MiuMjau-logo-kollane.png","width":219,"height":100,"caption":"MiuMjau O\u00dc"},"image":{"@id":"https:\/\/miumjau.ee\/#\/schema\/logo\/image\/"},"sameAs":["https:\/\/www.facebook.com\/miumjaupood\/"]}]}},"_links":{"self":[{"href":"https:\/\/miumjau.ee\/lv\/wp-json\/wp\/v2\/pages\/46079","targetHints":{"allow":["GET"]}}],"collection":[{"href":"https:\/\/miumjau.ee\/lv\/wp-json\/wp\/v2\/pages"}],"about":[{"href":"https:\/\/miumjau.ee\/lv\/wp-json\/wp\/v2\/types\/page"}],"author":[{"embeddable":true,"href":"https:\/\/miumjau.ee\/lv\/wp-json\/wp\/v2\/users\/1"}],"replies":[{"embeddable":true,"href":"https:\/\/miumjau.ee\/lv\/wp-json\/wp\/v2\/comments?post=46079"}],"version-history":[{"count":1,"href":"https:\/\/miumjau.ee\/lv\/wp-json\/wp\/v2\/pages\/46079\/revisions"}],"predecessor-version":[{"id":46080,"href":"https:\/\/miumjau.ee\/lv\/wp-json\/wp\/v2\/pages\/46079\/revisions\/46080"}],"wp:attachment":[{"href":"https:\/\/miumjau.ee\/lv\/wp-json\/wp\/v2\/media?parent=46079"}],"curies":[{"name":"wp","href":"https:\/\/api.w.org\/{rel}","templated":true}]}}