{"id":46061,"date":"2022-04-11T13:47:45","date_gmt":"2022-04-11T10:47:45","guid":{"rendered":"https:\/\/miumjau.ee\/?page_id=46061"},"modified":"2025-11-29T14:55:06","modified_gmt":"2025-11-29T12:55:06","slug":"par-mums","status":"publish","type":"page","link":"https:\/\/miumjau.ee\/lv\/par-mums\/","title":{"rendered":"Par mums"},"content":{"rendered":"<p><div class=\"fusion-fullwidth fullwidth-box fusion-builder-row-1 fusion-flex-container nonhundred-percent-fullwidth non-hundred-percent-height-scrolling\" style=\"--awb-border-radius-top-left:0px;--awb-border-radius-top-right:0px;--awb-border-radius-bottom-right:0px;--awb-border-radius-bottom-left:0px;--awb-flex-wrap:wrap;\" ><div class=\"fusion-builder-row fusion-row fusion-flex-align-items-flex-start fusion-flex-content-wrap\" style=\"max-width:1248px;margin-left: calc(-4% \/ 2 );margin-right: calc(-4% \/ 2 );\"><div class=\"fusion-layout-column fusion_builder_column fusion-builder-column-0 fusion_builder_column_1_2 1_2 fusion-flex-column\" style=\"--awb-bg-size:cover;--awb-width-large:50%;--awb-margin-top-large:0px;--awb-spacing-right-large:3.84%;--awb-margin-bottom-large:20px;--awb-spacing-left-large:3.84%;--awb-width-medium:50%;--awb-order-medium:0;--awb-spacing-right-medium:3.84%;--awb-spacing-left-medium:3.84%;--awb-width-small:100%;--awb-order-small:0;--awb-spacing-right-small:1.92%;--awb-spacing-left-small:1.92%;\"><div class=\"fusion-column-wrapper fusion-column-has-shadow fusion-flex-justify-content-flex-start fusion-content-layout-column\"><div class=\"fusion-text fusion-text-1\"><p>MiuMjau O\u00dc tika dibin\u0101ts 2019. gad\u0101. M\u016bsu mazaj\u0101 uz\u0146\u0113mum\u0101 str\u0101d\u0101 divi cilv\u0113ki \u2013 laul\u0101tie Anette un Henri Tuulik.<\/p>\n<p>Pirms daudziem gadiem m\u0113s pa\u0161i mekl\u0113j\u0101m saviem \u0123imenes ka\u0137iem kvalitat\u012bvus, bet vienlaikus pieejamus skr\u0101p\u0113\u0161anas koki, ko bija gr\u016bti atrast. No \u0161\u012bs pieredzes rad\u0101s v\u0113lme pied\u0101v\u0101t ar\u012b citiem ka\u0137u \u012bpa\u0161niekiem piem\u0113rotus skr\u0101p\u0113\u0161anas koki mode\u013cus da\u017e\u0101diem ka\u0137iem, jo redz\u0113j\u0101m, cik svar\u012bgs ir labs skr\u0101p\u0113\u0161anas koki j\u016bsu m\u012blulim.<\/p>\n<p>Esam nol\u0113mu\u0161i pas\u016bt\u012bt tie\u0161i no ra\u017eot\u0101ju r\u016bpn\u012bc\u0101m da\u017e\u0101dus skr\u0101p\u0113\u0161anas koki un produktus, lai var\u0113tu pied\u0101v\u0101t lab\u0101ko kvalit\u0101tes un cenas attiec\u012bbu ka\u0137u \u012bpa\u0161niekiem, kuri r\u016bp\u0113jas par saviem m\u012blu\u013ciem.<\/p>\n<h3>Veidosim labo kop\u0101<\/h3>\n<p>M\u0113s p\u0113c dabas esam lieli ziedot\u0101ji un pal\u012bgi, t\u0101p\u0113c sadarbojamies ar patversm\u0113m un da\u017e\u0101d\u0101m bezpe\u013c\u0146as organiz\u0101cij\u0101m. Diem\u017e\u0113l m\u0101jvietu gaido\u0161o ka\u0137u skaits nemazin\u0101s.<\/p>\n<p>Katru gadu ziedojam da\u017e\u0101dus produktus, piem\u0113ram, konservus, ka\u0137u bar\u012bba sausos un mitros variantos, piena pulverus un, protams, ar\u012b skr\u0101p\u0113\u0161anas koki, lai par \u0161iem ka\u0137iem tiktu r\u016bp\u0113ts.<\/p>\n<p>Par m\u016bsu darb\u012bbu varat sekot Facebook lap\u0101<br \/>\n<a href=\"https:\/\/www.facebook.com\/miumjaupood\/\" target=\"_blank\" rel=\"noopener\">MiuMjau skr\u0101p\u0113\u0161anas koki<\/a><\/p>\n<p><strong>Katram ka\u0137im m\u0101jas!<\/strong><br \/>\n<strong>Katram ka\u0137im skr\u0101p\u0113\u0161anas koki!<\/strong><\/p>\n<\/div><\/div><\/div><div class=\"fusion-layout-column fusion_builder_column fusion-builder-column-1 fusion_builder_column_1_2 1_2 fusion-flex-column\" style=\"--awb-bg-size:cover;--awb-width-large:50%;--awb-margin-top-large:0px;--awb-spacing-right-large:3.84%;--awb-margin-bottom-large:20px;--awb-spacing-left-large:3.84%;--awb-width-medium:50%;--awb-order-medium:0;--awb-spacing-right-medium:3.84%;--awb-spacing-left-medium:3.84%;--awb-width-small:100%;--awb-order-small:0;--awb-spacing-right-small:1.92%;--awb-spacing-left-small:1.92%;\"><div class=\"fusion-column-wrapper fusion-column-has-shadow fusion-flex-justify-content-flex-start fusion-content-layout-column\"><div class=\"awb-gallery-wrapper awb-gallery-wrapper-1 button-span-no\"><div style=\"margin:-5px;--awb-bordersize:0px;\" class=\"fusion-gallery fusion-gallery-container fusion-grid-2 fusion-columns-total-4 fusion-gallery-layout-grid fusion-gallery-1\"><div style=\"padding:5px;\" class=\"fusion-grid-column fusion-gallery-column fusion-gallery-column-2 hover-type-none\"><div class=\"fusion-gallery-image\"><a href=\"https:\/\/miumjau.ee\/wp-content\/uploads\/2022\/06\/varjupaikade-mtu-2020.jpg\" rel=\"noreferrer\" data-rel=\"iLightbox[gallery_image_1]\" class=\"fusion-lightbox\" target=\"_self\"><img decoding=\"async\" src=\"https:\/\/miumjau.ee\/wp-content\/uploads\/2022\/06\/varjupaikade-mtu-2020.jpg\" width=\"495\" height=\"700\" alt=\"\" title=\"varjupaikade-mtu-2020\" aria-label=\"varjupaikade-mtu-2020\" class=\"img-responsive wp-image-46052\"  \/><\/a><\/div><\/div><div style=\"padding:5px;\" class=\"fusion-grid-column fusion-gallery-column fusion-gallery-column-2 hover-type-none\"><div class=\"fusion-gallery-image\"><a href=\"https:\/\/miumjau.ee\/wp-content\/uploads\/2022\/06\/varjupaikade-mtu-2021.jpg\" rel=\"noreferrer\" data-rel=\"iLightbox[gallery_image_1]\" class=\"fusion-lightbox\" target=\"_self\"><img decoding=\"async\" src=\"https:\/\/miumjau.ee\/wp-content\/uploads\/2022\/06\/varjupaikade-mtu-2021.jpg\" width=\"495\" height=\"700\" alt=\"\" title=\"varjupaikade-mtu-2021\" aria-label=\"varjupaikade-mtu-2021\" class=\"img-responsive wp-image-46053\"  \/><\/a><\/div><\/div><div class=\"clearfix\"><\/div><div style=\"padding:5px;\" class=\"fusion-grid-column fusion-gallery-column fusion-gallery-column-2 hover-type-none\"><div class=\"fusion-gallery-image\"><a href=\"https:\/\/miumjau.ee\/wp-content\/uploads\/2022\/06\/Laanemaa-loomade-varjupaik.jpg\" rel=\"noreferrer\" data-rel=\"iLightbox[gallery_image_1]\" class=\"fusion-lightbox\" target=\"_self\"><img decoding=\"async\" src=\"https:\/\/miumjau.ee\/wp-content\/uploads\/2022\/06\/Laanemaa-loomade-varjupaik.jpg\" width=\"600\" height=\"600\" alt=\"\" title=\"Laanemaa-loomade-varjupaik\" aria-label=\"Laanemaa-loomade-varjupaik\" class=\"img-responsive wp-image-46051\" srcset=\"https:\/\/miumjau.ee\/wp-content\/uploads\/2022\/06\/Laanemaa-loomade-varjupaik-200x200.jpg 200w, https:\/\/miumjau.ee\/wp-content\/uploads\/2022\/06\/Laanemaa-loomade-varjupaik.jpg 600w\" sizes=\"(min-width: 2200px) 100vw, (min-width: 712px) 598px, (min-width: 640px) 712px, \" \/><\/a><\/div><\/div><div style=\"padding:5px;\" class=\"fusion-grid-column fusion-gallery-column fusion-gallery-column-2 hover-type-none\"><div class=\"fusion-gallery-image\"><a href=\"https:\/\/miumjau.ee\/wp-content\/uploads\/2022\/06\/mtu-seltskond-kappadel.jpg\" rel=\"noreferrer\" data-rel=\"iLightbox[gallery_image_1]\" class=\"fusion-lightbox\" target=\"_self\"><img decoding=\"async\" src=\"https:\/\/miumjau.ee\/wp-content\/uploads\/2022\/06\/mtu-seltskond-kappadel.jpg\" width=\"600\" height=\"450\" alt=\"\" title=\"mtu-seltskond-kappadel\" aria-label=\"mtu-seltskond-kappadel\" class=\"img-responsive wp-image-46050\" srcset=\"https:\/\/miumjau.ee\/wp-content\/uploads\/2022\/06\/mtu-seltskond-kappadel-500x375.jpg 500w, https:\/\/miumjau.ee\/wp-content\/uploads\/2022\/06\/mtu-seltskond-kappadel.jpg 600w\" sizes=\"(max-width: 600px) 100vw, 600px\" \/><\/a><\/div><\/div><div class=\"clearfix\"><\/div><\/div><\/div><\/div><\/div><\/div><\/div><div class=\"fusion-fullwidth fullwidth-box fusion-builder-row-2 fusion-flex-container nonhundred-percent-fullwidth non-hundred-percent-height-scrolling\" style=\"--awb-border-radius-top-left:0px;--awb-border-radius-top-right:0px;--awb-border-radius-bottom-right:0px;--awb-border-radius-bottom-left:0px;--awb-padding-top:20px;--awb-background-color:var(--awb-color6);--awb-flex-wrap:wrap;\" ><div class=\"fusion-builder-row fusion-row fusion-flex-align-items-flex-start fusion-flex-content-wrap\" style=\"max-width:1248px;margin-left: calc(-4% \/ 2 );margin-right: calc(-4% \/ 2 );\"><div class=\"fusion-layout-column fusion_builder_column fusion-builder-column-2 fusion_builder_column_1_1 1_1 fusion-flex-column\" style=\"--awb-bg-size:cover;--awb-width-large:100%;--awb-margin-top-large:0px;--awb-spacing-right-large:1.92%;--awb-margin-bottom-large:20px;--awb-spacing-left-large:1.92%;--awb-width-medium:100%;--awb-order-medium:0;--awb-spacing-right-medium:1.92%;--awb-spacing-left-medium:1.92%;--awb-width-small:100%;--awb-order-small:0;--awb-spacing-right-small:1.92%;--awb-spacing-left-small:1.92%;\"><div class=\"fusion-column-wrapper fusion-column-has-shadow fusion-flex-justify-content-flex-start fusion-content-layout-column\"><div class=\"fusion-text fusion-text-2\"><h2 style=\"text-align: center;\"><span style=\"color: #ffffff;\">Citi par mums<\/span><\/h2>\n<\/div><\/div><\/div><div class=\"fusion-layout-column fusion_builder_column fusion-builder-column-3 fusion_builder_column_1_3 1_3 fusion-flex-column\" style=\"--awb-bg-size:cover;--awb-width-large:33.333333333333%;--awb-margin-top-large:0px;--awb-spacing-right-large:5.76%;--awb-margin-bottom-large:20px;--awb-spacing-left-large:5.76%;--awb-width-medium:33.333333333333%;--awb-order-medium:0;--awb-spacing-right-medium:5.76%;--awb-spacing-left-medium:5.76%;--awb-width-small:100%;--awb-order-small:0;--awb-spacing-right-small:1.92%;--awb-spacing-left-small:1.92%;\"><div class=\"fusion-column-wrapper fusion-column-has-shadow fusion-flex-justify-content-flex-start fusion-content-layout-column\"><div class=\"fusion-image-element \" style=\"text-align:center;--awb-max-width:150px;--awb-caption-title-font-family:var(--h2_typography-font-family);--awb-caption-title-font-weight:var(--h2_typography-font-weight);--awb-caption-title-font-style:var(--h2_typography-font-style);--awb-caption-title-size:var(--h2_typography-font-size);--awb-caption-title-transform:var(--h2_typography-text-transform);--awb-caption-title-line-height:var(--h2_typography-line-height);--awb-caption-title-letter-spacing:var(--h2_typography-letter-spacing);\"><span class=\" fusion-imageframe imageframe-none imageframe-1 hover-type-none\"><img decoding=\"async\" width=\"300\" height=\"300\" title=\"mtu-Cats-Help\" src=\"https:\/\/miumjau.ee\/wp-content\/uploads\/2022\/06\/mtu-Cats-Help.png\" alt class=\"img-responsive wp-image-46054\" srcset=\"https:\/\/miumjau.ee\/wp-content\/uploads\/2022\/06\/mtu-Cats-Help-200x200.png 200w, https:\/\/miumjau.ee\/wp-content\/uploads\/2022\/06\/mtu-Cats-Help.png 300w\" sizes=\"(max-width: 880px) 100vw, 300px\" \/><\/span><\/div><div class=\"fusion-separator fusion-full-width-sep\" style=\"align-self: center;margin-left: auto;margin-right: auto;margin-top:20px;width:100%;\"><\/div><div class=\"fusion-text fusion-text-3\"><p style=\"text-align: center;\"><span style=\"color: #ffffff;\">MT\u00dc Cats Help iesaka: <em>&#8220;MiuMjau skr\u0101p\u0113\u0161anas koki ir m\u016bsu patversmes ka\u0137u favor\u012bti!&#8221;<\/em><\/span><\/p>\n<\/div><\/div><\/div><div class=\"fusion-layout-column fusion_builder_column fusion-builder-column-4 fusion_builder_column_1_3 1_3 fusion-flex-column\" style=\"--awb-bg-size:cover;--awb-width-large:33.333333333333%;--awb-margin-top-large:0px;--awb-spacing-right-large:5.76%;--awb-margin-bottom-large:20px;--awb-spacing-left-large:5.76%;--awb-width-medium:33.333333333333%;--awb-order-medium:0;--awb-spacing-right-medium:5.76%;--awb-spacing-left-medium:5.76%;--awb-width-small:100%;--awb-order-small:0;--awb-spacing-right-small:1.92%;--awb-spacing-left-small:1.92%;\"><div class=\"fusion-column-wrapper fusion-column-has-shadow fusion-flex-justify-content-flex-start fusion-content-layout-column\"><div class=\"fusion-image-element \" style=\"text-align:center;--awb-max-width:250px;--awb-caption-title-font-family:var(--h2_typography-font-family);--awb-caption-title-font-weight:var(--h2_typography-font-weight);--awb-caption-title-font-style:var(--h2_typography-font-style);--awb-caption-title-size:var(--h2_typography-font-size);--awb-caption-title-transform:var(--h2_typography-text-transform);--awb-caption-title-line-height:var(--h2_typography-line-height);--awb-caption-title-letter-spacing:var(--h2_typography-letter-spacing);\"><span class=\" fusion-imageframe imageframe-none imageframe-2 hover-type-none\"><img decoding=\"async\" width=\"399\" height=\"93\" title=\"varjupaikade-mtu\" src=\"https:\/\/miumjau.ee\/wp-content\/uploads\/2022\/06\/varjupaikade-mtu.png\" alt class=\"img-responsive wp-image-46055\"\/><\/span><\/div><div class=\"fusion-separator fusion-full-width-sep\" style=\"align-self: center;margin-left: auto;margin-right: auto;margin-top:20px;width:100%;\"><\/div><div class=\"fusion-text fusion-text-4\"><p style=\"text-align: center;\"><span style=\"color: #ffffff;\"><em>&#8220;P\u0113rnavas patversmes ka\u0137i jau ilgi bauda MiuMjau skr\u0101p\u0113\u0161anas koki. Koki ir iztur\u012bgi, \u0113rti, un ka\u0137iem pat\u012bk uz tiem k\u0101pel\u0113t un asin\u0101t nagus. \u013boti laba cenas un kvalit\u0101tes attiec\u012bba.&#8221;<\/em><br \/>\nPatversmju MT\u00dc, P\u0113rnavas patversme<\/span><\/p>\n<\/div><\/div><\/div><div class=\"fusion-layout-column fusion_builder_column fusion-builder-column-5 fusion_builder_column_1_3 1_3 fusion-flex-column\" style=\"--awb-bg-size:cover;--awb-width-large:33.333333333333%;--awb-margin-top-large:0px;--awb-spacing-right-large:5.76%;--awb-margin-bottom-large:20px;--awb-spacing-left-large:5.76%;--awb-width-medium:33.333333333333%;--awb-order-medium:0;--awb-spacing-right-medium:5.76%;--awb-spacing-left-medium:5.76%;--awb-width-small:100%;--awb-order-small:0;--awb-spacing-right-small:1.92%;--awb-spacing-left-small:1.92%;\"><div class=\"fusion-column-wrapper fusion-column-has-shadow fusion-flex-justify-content-flex-start fusion-content-layout-column\"><div class=\"fusion-image-element \" style=\"text-align:center;--awb-max-width:200px;--awb-caption-title-font-family:var(--h2_typography-font-family);--awb-caption-title-font-weight:var(--h2_typography-font-weight);--awb-caption-title-font-style:var(--h2_typography-font-style);--awb-caption-title-size:var(--h2_typography-font-size);--awb-caption-title-transform:var(--h2_typography-text-transform);--awb-caption-title-line-height:var(--h2_typography-line-height);--awb-caption-title-letter-spacing:var(--h2_typography-letter-spacing);\"><span class=\" fusion-imageframe imageframe-none imageframe-3 hover-type-none\"><img decoding=\"async\" width=\"400\" height=\"246\" title=\"Purrfectness-Maine-Coon-cattery\" src=\"https:\/\/miumjau.ee\/wp-content\/uploads\/2022\/06\/Purrfectness-Maine-Coon-cattery.png\" alt class=\"img-responsive wp-image-46056\"\/><\/span><\/div><div class=\"fusion-separator fusion-full-width-sep\" style=\"align-self: center;margin-left: auto;margin-right: auto;margin-top:20px;width:100%;\"><\/div><div class=\"fusion-text fusion-text-5\"><p style=\"text-align: center;\"><span style=\"color: #ffffff;\"><em>&#8220;\u013boti pieejami, kvalitat\u012bvi skr\u0101p\u0113\u0161anas koki, kas n\u0101k \u013coti labi iesai\u0146oti ar skaidr\u0101m mont\u0101\u017eas instrukcij\u0101m no lieliska pieg\u0101d\u0101t\u0101ja ar izcilu klientu servisu. M\u016bsu m\u012blu\u013ci vienk\u0101r\u0161i m\u012bl savus kokus!&#8221;<\/em><br \/>\nPurrfectness Maine Coon ka\u0137u audz\u0113tava<\/span><\/p>\n<\/div><\/div><\/div><div class=\"fusion-layout-column fusion_builder_column fusion-builder-column-6 fusion_builder_column_1_3 1_3 fusion-flex-column\" style=\"--awb-bg-size:cover;--awb-width-large:33.333333333333%;--awb-margin-top-large:0px;--awb-spacing-right-large:5.76%;--awb-margin-bottom-large:20px;--awb-spacing-left-large:5.76%;--awb-width-medium:33.333333333333%;--awb-order-medium:0;--awb-spacing-right-medium:5.76%;--awb-spacing-left-medium:5.76%;--awb-width-small:100%;--awb-order-small:0;--awb-spacing-right-small:1.92%;--awb-spacing-left-small:1.92%;\"><div class=\"fusion-column-wrapper fusion-column-has-shadow fusion-flex-justify-content-flex-start fusion-content-layout-column\"><div class=\"fusion-image-element \" style=\"text-align:center;--awb-max-width:200px;--awb-caption-title-font-family:var(--h2_typography-font-family);--awb-caption-title-font-weight:var(--h2_typography-font-weight);--awb-caption-title-font-style:var(--h2_typography-font-style);--awb-caption-title-size:var(--h2_typography-font-size);--awb-caption-title-transform:var(--h2_typography-text-transform);--awb-caption-title-line-height:var(--h2_typography-line-height);--awb-caption-title-letter-spacing:var(--h2_typography-letter-spacing);\"><span class=\" fusion-imageframe imageframe-none imageframe-4 hover-type-none\"><img decoding=\"async\" width=\"399\" height=\"152\" title=\"norrand-logo\" src=\"https:\/\/miumjau.ee\/wp-content\/uploads\/2023\/11\/norrand-logo.jpg\" alt class=\"img-responsive wp-image-46057\"\/><\/span><\/div><div class=\"fusion-separator fusion-full-width-sep\" style=\"align-self: center;margin-left: auto;margin-right: auto;margin-top:20px;width:100%;\"><\/div><div class=\"fusion-text fusion-text-6\"><p style=\"text-align: center;\"><span style=\"color: #ffffff;\"><em>&#8220;Petrebels ka\u0137u smiltis m\u016bs p\u0101rsteidza! T\u0101 ir smalka, rada minim\u0101lu putek\u013cu daudzumu un patie\u0161\u0101m \u0101tri veido granul\u0113jumus! M\u016bsu ka\u0137i to slav\u0113!&#8221;<\/em><br \/>\nCattery Norrand Star<\/span><\/p>\n<\/div><\/div><\/div><div class=\"fusion-layout-column fusion_builder_column fusion-builder-column-7 fusion_builder_column_1_3 1_3 fusion-flex-column\" style=\"--awb-bg-size:cover;--awb-width-large:33.333333333333%;--awb-margin-top-large:0px;--awb-spacing-right-large:5.76%;--awb-margin-bottom-large:20px;--awb-spacing-left-large:5.76%;--awb-width-medium:33.333333333333%;--awb-order-medium:0;--awb-spacing-right-medium:5.76%;--awb-spacing-left-medium:5.76%;--awb-width-small:100%;--awb-order-small:0;--awb-spacing-right-small:1.92%;--awb-spacing-left-small:1.92%;\"><div class=\"fusion-column-wrapper fusion-column-has-shadow fusion-flex-justify-content-flex-start fusion-content-layout-column\"><div class=\"fusion-image-element \" style=\"text-align:center;--awb-max-width:150px;--awb-caption-title-font-family:var(--h2_typography-font-family);--awb-caption-title-font-weight:var(--h2_typography-font-weight);--awb-caption-title-font-style:var(--h2_typography-font-style);--awb-caption-title-size:var(--h2_typography-font-size);--awb-caption-title-transform:var(--h2_typography-text-transform);--awb-caption-title-line-height:var(--h2_typography-line-height);--awb-caption-title-letter-spacing:var(--h2_typography-letter-spacing);\"><span class=\" fusion-imageframe imageframe-none imageframe-5 hover-type-none\"><img decoding=\"async\" width=\"200\" height=\"200\" title=\"vivat-glory\" src=\"https:\/\/miumjau.ee\/wp-content\/uploads\/2023\/11\/vivat-glory.jpg\" alt class=\"img-responsive wp-image-8120\"\/><\/span><\/div><div class=\"fusion-separator fusion-full-width-sep\" style=\"align-self: center;margin-left: auto;margin-right: auto;margin-top:20px;width:100%;\"><\/div><div class=\"fusion-text fusion-text-7\"><p style=\"text-align: center;\"><span style=\"color: #ffffff;\"><em>&#8220;M\u0113s ar\u012b v\u0113lamies slav\u0113t Petrebels smiltis! T\u0101s ir tum\u0161\u0101kas kr\u0101sas nek\u0101 iepriek\u0161 izmantotais produkts, ta\u010du varu apstiprin\u0101t, ka t\u0101s nerada putek\u013cus, \u0101tri veido granul\u0113jumus un nesmar\u017eo. Iesak\u0101m ar\u012b saviem audz\u0113k\u0146iem!&#8221;<\/em><br \/>\nVivat Glory Maine Coon ka\u0137u audz\u0113tava<\/span><\/p>\n<\/div><\/div><\/div><div class=\"fusion-layout-column fusion_builder_column fusion-builder-column-8 fusion_builder_column_1_3 1_3 fusion-flex-column\" style=\"--awb-bg-size:cover;--awb-width-large:33.333333333333%;--awb-margin-top-large:0px;--awb-spacing-right-large:5.76%;--awb-margin-bottom-large:20px;--awb-spacing-left-large:5.76%;--awb-width-medium:33.333333333333%;--awb-order-medium:0;--awb-spacing-right-medium:5.76%;--awb-spacing-left-medium:5.76%;--awb-width-small:100%;--awb-order-small:0;--awb-spacing-right-small:1.92%;--awb-spacing-left-small:1.92%;\"><div class=\"fusion-column-wrapper fusion-column-has-shadow fusion-flex-justify-content-flex-start fusion-content-layout-column\"><\/div><\/div><\/div><\/div><\/p>\n","protected":false},"excerpt":{"rendered":"","protected":false},"author":1,"featured_media":0,"parent":0,"menu_order":0,"comment_status":"closed","ping_status":"closed","template":"100-width.php","meta":{"footnotes":""},"class_list":["post-46061","page","type-page","status-publish","hentry"],"yoast_head":"<!-- This site is optimized with the Yoast SEO plugin v27.4 - https:\/\/yoast.com\/product\/yoast-seo-wordpress\/ -->\n<title>Par mums - MiuMjau<\/title>\n<meta name=\"robots\" content=\"index, follow, max-snippet:-1, max-image-preview:large, max-video-preview:-1\" \/>\n<link rel=\"canonical\" href=\"https:\/\/miumjau.ee\/lv\/par-mums\/\" \/>\n<meta property=\"og:locale\" content=\"lv_LV\" \/>\n<meta property=\"og:type\" content=\"article\" \/>\n<meta property=\"og:title\" content=\"Par mums - MiuMjau\" \/>\n<meta property=\"og:url\" content=\"https:\/\/miumjau.ee\/lv\/par-mums\/\" \/>\n<meta property=\"og:site_name\" content=\"MiuMjau\" \/>\n<meta property=\"article:publisher\" content=\"https:\/\/www.facebook.com\/miumjaupood\/\" \/>\n<meta property=\"article:modified_time\" content=\"2025-11-29T12:55:06+00:00\" \/>\n<meta name=\"twitter:card\" content=\"summary_large_image\" \/>\n<meta name=\"twitter:label1\" content=\"Est. reading time\" \/>\n\t<meta name=\"twitter:data1\" content=\"4 minutes\" \/>\n<script type=\"application\/ld+json\" class=\"yoast-schema-graph\">{\"@context\":\"https:\\\/\\\/schema.org\",\"@graph\":[{\"@type\":\"WebPage\",\"@id\":\"https:\\\/\\\/miumjau.ee\\\/lv\\\/par-mums\\\/\",\"url\":\"https:\\\/\\\/miumjau.ee\\\/lv\\\/par-mums\\\/\",\"name\":\"Par mums - MiuMjau\",\"isPartOf\":{\"@id\":\"https:\\\/\\\/miumjau.ee\\\/#website\"},\"datePublished\":\"2022-04-11T10:47:45+00:00\",\"dateModified\":\"2025-11-29T12:55:06+00:00\",\"breadcrumb\":{\"@id\":\"https:\\\/\\\/miumjau.ee\\\/lv\\\/par-mums\\\/#breadcrumb\"},\"inLanguage\":\"lv-LV\",\"potentialAction\":[{\"@type\":\"ReadAction\",\"target\":[\"https:\\\/\\\/miumjau.ee\\\/lv\\\/par-mums\\\/\"]}]},{\"@type\":\"BreadcrumbList\",\"@id\":\"https:\\\/\\\/miumjau.ee\\\/lv\\\/par-mums\\\/#breadcrumb\",\"itemListElement\":[{\"@type\":\"ListItem\",\"position\":1,\"name\":\"Home\",\"item\":\"https:\\\/\\\/miumjau.ee\\\/lv\\\/\"},{\"@type\":\"ListItem\",\"position\":2,\"name\":\"Par mums\"}]},{\"@type\":\"WebSite\",\"@id\":\"https:\\\/\\\/miumjau.ee\\\/#website\",\"url\":\"https:\\\/\\\/miumjau.ee\\\/\",\"name\":\"MiuMjau\",\"description\":\"Kraapimispuud kassidele\",\"publisher\":{\"@id\":\"https:\\\/\\\/miumjau.ee\\\/#organization\"},\"potentialAction\":[{\"@type\":\"SearchAction\",\"target\":{\"@type\":\"EntryPoint\",\"urlTemplate\":\"https:\\\/\\\/miumjau.ee\\\/?s={search_term_string}\"},\"query-input\":{\"@type\":\"PropertyValueSpecification\",\"valueRequired\":true,\"valueName\":\"search_term_string\"}}],\"inLanguage\":\"lv-LV\"},{\"@type\":\"Organization\",\"@id\":\"https:\\\/\\\/miumjau.ee\\\/#organization\",\"name\":\"MiuMjau O\u00dc\",\"url\":\"https:\\\/\\\/miumjau.ee\\\/\",\"logo\":{\"@type\":\"ImageObject\",\"inLanguage\":\"lv-LV\",\"@id\":\"https:\\\/\\\/miumjau.ee\\\/#\\\/schema\\\/logo\\\/image\\\/\",\"url\":\"https:\\\/\\\/miumjau.ee\\\/wp-content\\\/uploads\\\/2022\\\/04\\\/MiuMjau-logo-kollane.png\",\"contentUrl\":\"https:\\\/\\\/miumjau.ee\\\/wp-content\\\/uploads\\\/2022\\\/04\\\/MiuMjau-logo-kollane.png\",\"width\":219,\"height\":100,\"caption\":\"MiuMjau O\u00dc\"},\"image\":{\"@id\":\"https:\\\/\\\/miumjau.ee\\\/#\\\/schema\\\/logo\\\/image\\\/\"},\"sameAs\":[\"https:\\\/\\\/www.facebook.com\\\/miumjaupood\\\/\"]}]}<\/script>\n<!-- \/ Yoast SEO plugin. -->","yoast_head_json":{"title":"Par mums - MiuMjau","robots":{"index":"index","follow":"follow","max-snippet":"max-snippet:-1","max-image-preview":"max-image-preview:large","max-video-preview":"max-video-preview:-1"},"canonical":"https:\/\/miumjau.ee\/lv\/par-mums\/","og_locale":"lv_LV","og_type":"article","og_title":"Par mums - MiuMjau","og_url":"https:\/\/miumjau.ee\/lv\/par-mums\/","og_site_name":"MiuMjau","article_publisher":"https:\/\/www.facebook.com\/miumjaupood\/","article_modified_time":"2025-11-29T12:55:06+00:00","twitter_card":"summary_large_image","twitter_misc":{"Est. reading time":"4 minutes"},"schema":{"@context":"https:\/\/schema.org","@graph":[{"@type":"WebPage","@id":"https:\/\/miumjau.ee\/lv\/par-mums\/","url":"https:\/\/miumjau.ee\/lv\/par-mums\/","name":"Par mums - MiuMjau","isPartOf":{"@id":"https:\/\/miumjau.ee\/#website"},"datePublished":"2022-04-11T10:47:45+00:00","dateModified":"2025-11-29T12:55:06+00:00","breadcrumb":{"@id":"https:\/\/miumjau.ee\/lv\/par-mums\/#breadcrumb"},"inLanguage":"lv-LV","potentialAction":[{"@type":"ReadAction","target":["https:\/\/miumjau.ee\/lv\/par-mums\/"]}]},{"@type":"BreadcrumbList","@id":"https:\/\/miumjau.ee\/lv\/par-mums\/#breadcrumb","itemListElement":[{"@type":"ListItem","position":1,"name":"Home","item":"https:\/\/miumjau.ee\/lv\/"},{"@type":"ListItem","position":2,"name":"Par mums"}]},{"@type":"WebSite","@id":"https:\/\/miumjau.ee\/#website","url":"https:\/\/miumjau.ee\/","name":"MiuMjau","description":"Kraapimispuud kassidele","publisher":{"@id":"https:\/\/miumjau.ee\/#organization"},"potentialAction":[{"@type":"SearchAction","target":{"@type":"EntryPoint","urlTemplate":"https:\/\/miumjau.ee\/?s={search_term_string}"},"query-input":{"@type":"PropertyValueSpecification","valueRequired":true,"valueName":"search_term_string"}}],"inLanguage":"lv-LV"},{"@type":"Organization","@id":"https:\/\/miumjau.ee\/#organization","name":"MiuMjau O\u00dc","url":"https:\/\/miumjau.ee\/","logo":{"@type":"ImageObject","inLanguage":"lv-LV","@id":"https:\/\/miumjau.ee\/#\/schema\/logo\/image\/","url":"https:\/\/miumjau.ee\/wp-content\/uploads\/2022\/04\/MiuMjau-logo-kollane.png","contentUrl":"https:\/\/miumjau.ee\/wp-content\/uploads\/2022\/04\/MiuMjau-logo-kollane.png","width":219,"height":100,"caption":"MiuMjau O\u00dc"},"image":{"@id":"https:\/\/miumjau.ee\/#\/schema\/logo\/image\/"},"sameAs":["https:\/\/www.facebook.com\/miumjaupood\/"]}]}},"_links":{"self":[{"href":"https:\/\/miumjau.ee\/lv\/wp-json\/wp\/v2\/pages\/46061","targetHints":{"allow":["GET"]}}],"collection":[{"href":"https:\/\/miumjau.ee\/lv\/wp-json\/wp\/v2\/pages"}],"about":[{"href":"https:\/\/miumjau.ee\/lv\/wp-json\/wp\/v2\/types\/page"}],"author":[{"embeddable":true,"href":"https:\/\/miumjau.ee\/lv\/wp-json\/wp\/v2\/users\/1"}],"replies":[{"embeddable":true,"href":"https:\/\/miumjau.ee\/lv\/wp-json\/wp\/v2\/comments?post=46061"}],"version-history":[{"count":4,"href":"https:\/\/miumjau.ee\/lv\/wp-json\/wp\/v2\/pages\/46061\/revisions"}],"predecessor-version":[{"id":46074,"href":"https:\/\/miumjau.ee\/lv\/wp-json\/wp\/v2\/pages\/46061\/revisions\/46074"}],"wp:attachment":[{"href":"https:\/\/miumjau.ee\/lv\/wp-json\/wp\/v2\/media?parent=46061"}],"curies":[{"name":"wp","href":"https:\/\/api.w.org\/{rel}","templated":true}]}}