{"id":44761,"date":"2022-04-05T12:31:32","date_gmt":"2022-04-05T09:31:32","guid":{"rendered":"https:\/\/miumjau.ee\/?page_id=44761"},"modified":"2025-11-24T16:33:42","modified_gmt":"2025-11-24T14:33:42","slug":"privatuma-politika","status":"publish","type":"page","link":"https:\/\/miumjau.ee\/lv\/privatuma-politika\/","title":{"rendered":"Priv\u0101tuma politika"},"content":{"rendered":"<div class=\"fusion-fullwidth fullwidth-box fusion-builder-row-1 fusion-flex-container nonhundred-percent-fullwidth non-hundred-percent-height-scrolling\" style=\"--awb-border-radius-top-left:0px;--awb-border-radius-top-right:0px;--awb-border-radius-bottom-right:0px;--awb-border-radius-bottom-left:0px;--awb-flex-wrap:wrap;\" ><div class=\"fusion-builder-row fusion-row fusion-flex-align-items-flex-start fusion-flex-content-wrap\" style=\"max-width:1248px;margin-left: calc(-4% \/ 2 );margin-right: calc(-4% \/ 2 );\"><div class=\"fusion-layout-column fusion_builder_column fusion-builder-column-0 fusion_builder_column_5_6 5_6 fusion-flex-column\" style=\"--awb-bg-size:cover;--awb-width-large:83.333333333333%;--awb-margin-top-large:0px;--awb-spacing-right-large:2.304%;--awb-margin-bottom-large:0px;--awb-spacing-left-large:2.304%;--awb-width-medium:83.333333333333%;--awb-spacing-right-medium:2.304%;--awb-spacing-left-medium:2.304%;--awb-width-small:100%;--awb-spacing-right-small:1.92%;--awb-spacing-left-small:1.92%;\"><div class=\"fusion-column-wrapper fusion-flex-justify-content-flex-start fusion-content-layout-column\"><div class=\"fusion-text fusion-text-1\"><p>K\u0101 ar\u012b priv\u0101tuma politika un s\u012bkfailu izmanto\u0161anas pazi\u0146ojums (turpm\u0101k \u2013 pazi\u0146ojums) satur noder\u012bgu inform\u0101ciju par to, k\u0101 un k\u0101d\u0101 nol\u016bk\u0101 MiuMjau O\u00dc v\u0101c, apstr\u0101d\u0101 un koplieto personas datus (dati). Priv\u0101tuma politika balst\u0101s uz Visp\u0101r\u012bgo datu aizsardz\u012bbas regulu (GDPR \u2013 General Data Protection Regulation).<\/p>\n<p>Priv\u0101tuma politikas m\u0113r\u0137is ir aizsarg\u0101t klientu priv\u0101tumu saska\u0146\u0101 ar Igaunijas Republikas likumiem un Eiropas Savien\u012bbas ties\u012bbu aktiem.<\/p>\n<p>Izmantojot m\u016bsu vietni, j\u016bs piekr\u012btat s\u012bkfailu izmanto\u0161anai un personas datu apstr\u0101des noteikumiem, k\u0101 aprakst\u012bts m\u016bsu Priv\u0101tuma politik\u0101 un s\u012bkfailu izmanto\u0161an\u0101.<\/p>\n<p>Sp\u0113k\u0101 no 10.01.2019<\/p>\n<h3>Personas datu v\u0101k\u0161ana un izmanto\u0161ana<\/h3>\n<p>&#8220;Personas dati&#8221; ir jebkura inform\u0101cija par identific\u0113tu vai identific\u0113jamu fizisku personu, piem\u0113ram, v\u0101rds, adrese, e-pasta adrese un inform\u0101cija par m\u016bsu vietnes apmekl\u0113jumiem, soci\u0101lo mediju kan\u0101liem un m\u016bsu pakalpojumu izmanto\u0161anu.<\/p>\n<p>Personas datus m\u0113s apstr\u0101d\u0101jam, lai izpild\u012btu gan m\u016bsu l\u012bgumsaist\u012bbas, gan pied\u0101v\u0101tu potenci\u0101lajiem klientiem kvalitat\u012bv\u0101kus pakalpojumus un inform\u0101ciju.<\/p>\n<p>No MiuMjau O\u00dc m\u0101rketinga kan\u0101liem (tostarp vietnes) m\u0113s v\u0101cam datus par to izmanto\u0161anu un potenci\u0101lo klientu interes\u0113m, lai lab\u0101k izprastu klientu vajadz\u012bbas, pied\u0101v\u0101tu kvalitat\u012bv\u0101ku inform\u0101ciju un uzlabotu vietnes funkcionalit\u0101ti un lietot\u0101ju pieredzi.<\/p>\n<p>\u0160\u0101d\u0101 gad\u012bjum\u0101 apstr\u0101des juridiskais pamats ir m\u016bsu le\u0123it\u012bm\u0101 interese lab\u0101k izprast klientu vajadz\u012bbas un pied\u0101v\u0101t lab\u0101ku pakalpojumu.<\/p>\n<p>Piem\u0113ram, MiuMjau O\u00dc apstr\u0101d\u0101 datus par klienta pirk\u0161anas uzved\u012bbu, lai pied\u0101v\u0101tu vi\u0146am piem\u0113rotus pied\u0101v\u0101jumus un saturu.<\/p>\n<p>MiuMjau O\u00dc ir personas datu p\u0101rzinis, un jaut\u0101jumu gad\u012bjum\u0101 rakstiet uz miumjaupood@gmail.com.<\/p>\n<p>Personas datus var v\u0101kt \u0161\u0101dos veidos:<\/p>\n<ul>\n<li>iesniedzot kontaktinform\u0101ciju (tostarp v\u0101rds, pasta adrese, telefona numurs, e-pasta adrese) m\u016bsu vietn\u0113 vai citur (piem., m\u016bsu apm\u0101c\u012bb\u0101, darbn\u012bc\u0101, izst\u0101d\u0113);<\/li>\n<li>izmantojot vietni ar s\u012bkfailiem (cookies) (tostarp p\u0101rl\u016bkprogrammas tips, ier\u012bces veids, valoda, vietnes adrese, no kurienes lietot\u0101js ierad\u0101s, kuras lapas apskat\u012bja, IP adrese un citi trafika dati);<\/li>\n<li>veicot pirkumu vai pas\u016bt\u012bjumu m\u016bsu darbn\u012bc\u0101, apm\u0101c\u012bb\u0101, izst\u0101d\u0113 vai interneta veikal\u0101;<\/li>\n<li>lietot\u0101ja darb\u012bbas saist\u012bb\u0101 ar MiuMjau O\u00dc e-pastiem;<\/li>\n<li>citi personas dati, ko lietot\u0101js publiski padara pieejamus vai kas k\u013c\u016bst pieejami caur tre\u0161o personu soci\u0101lajiem t\u012bkliem, piem\u0113ram, LinkedIn, Facebook, Google Plus, Instagram u.c. MiuMjau O\u00dc k\u0101 p\u0101rzinis neapstr\u0101d\u0101 \u012bpa\u0161as kategorijas personas datus.<\/li>\n<\/ul>\n<h3>K\u0101 dati tiek v\u0101kti<\/h3>\n<p>Parasti personas datus m\u0113s v\u0101cam tie\u0161i no datu subjektiem un vi\u0146u piekri\u0161anas gad\u012bjum\u0101. Papildus izmantojam automatiz\u0113tus datu v\u0101k\u0161anas r\u012bkus, tostarp s\u012bkfailus un citus izseko\u0161anas r\u012bkus, lai optimiz\u0113tu vietnes lieto\u0161anas pieredzi un pied\u0101v\u0101tu klientiem lab\u0101kus pakalpojumus.<\/p>\n<h3>S\u012bkfaili un to atsp\u0113jo\u0161ana<\/h3>\n<p>S\u012bkfails (cookie) ir neliela teksta datne, ko t\u012bmek\u013ca serveris nos\u016bta lietot\u0101ja p\u0101rl\u016bkprogrammai un kas tiek saglab\u0101ta lietot\u0101ja dator\u0101, \u013caujot atcer\u0113ties lietot\u0101ja preferences, piem\u0113ram, teksta izm\u0113ru, valodu, ier\u012bces inform\u0101ciju, apmekl\u0113juma statistiku utt.<\/p>\n<p>Visas p\u0101rl\u016bkprogrammas p\u0113c noklus\u0113juma at\u013cauj s\u012bkfailus, ta\u010du p\u0101rl\u016bkprogrammas iestat\u012bjumus parasti var main\u012bt, lai piln\u012bb\u0101 blo\u0137\u0113tu s\u012bkfailus, blo\u0137\u0113tu tre\u0161o personu s\u012bkfailus vai inform\u0113tu lietot\u0101ju par katru s\u016bt\u012bto s\u012bkfailu.<\/p>\n<p>MiuMjau O\u00dc izmanto \u0161\u0101dus s\u012bkfailus:<\/p>\n<ul>\n<li>Sesijas s\u012bkfaili (pagaidu s\u012bkfaili), kas \u013cauj izmantot pakalpojumu.<\/li>\n<li>Past\u0101v\u012bgie s\u012bkfaili (glab\u0101jas lietot\u0101ja dator\u0101 p\u0113c p\u0101rl\u016bkprogrammas aizv\u0113r\u0161anas), kas \u013cauj atcer\u0113ties klienta izv\u0113les MiuMjau O\u00dc vietn\u0113s.<\/li>\n<\/ul>\n<p>Det\u0101l\u0101k MiuMjau O\u00dc izmanto:<\/p>\n<ul>\n<li>anal\u012btiskos s\u012bkfailus, kas v\u0101c inform\u0101ciju par vietnes izmanto\u0161anu, piem\u0113ram, kuras lapas tiek apmekl\u0113tas visbie\u017e\u0101k vai ko lietot\u0101ji mekl\u0113 vietn\u0113. \u0160ie s\u012bkfaili neiev\u0101c inform\u0101ciju, kas tie\u0161i identific\u0113tu vietnes lietot\u0101ju. \u0160aj\u0101 grup\u0101 ietilpst Google Analytics un Hotjar s\u012bkfaili.<\/li>\n<li>tre\u0161o personu s\u012bkfailus, piem\u0113ram, YouTube un Google Maps. Kartes un video netiek par\u0101d\u012bti, ja nav piekri\u0161anas priv\u0101tuma noteikumiem. To tehniski nodro\u0161ina Avada izstr\u0101des privacy_embeds s\u012bkfails.<\/li>\n<\/ul>\n<p>Lietot\u0101jam ir ties\u012bbas atteikties no s\u012bkfailu glab\u0101\u0161anas sav\u0101 dator\u0101, mainot p\u0101rl\u016bkprogrammas iestat\u012bjumus.<\/p>\n<p>Vadl\u012bnijas popul\u0101r\u0101ko p\u0101rl\u016bkprogrammu iestat\u012b\u0161anai:<\/p>\n<p>Internet Explorer: http:\/\/support.microsoft.com\/kb\/278835<br \/>\nChrome: https:\/\/support.google.com\/chrome\/answer\/95647?hl=en<br \/>\nFirefox: http:\/\/support.mozilla.org\/en-US\/kb\/Clear%20Recent%20History<br \/>\nOpera: http:\/\/www.opera.com\/browser\/tutorials\/security\/privacy<br \/>\nSafari: https:\/\/support.apple.com\/guide\/safari\/manage-cookies-and-website-data-sfri11471\/mac<\/p>\n<p>Blo\u0137\u0113jot s\u012bkfailus, lietot\u0101jam j\u0101r\u0113\u0137in\u0101s, ka vietnes funkcionalit\u0101te var b\u016bt ierobe\u017eota.<\/p>\n<h3>Personas datu koplieto\u0161ana<\/h3>\n<p>MiuMjau O\u00dc neizplata klientu datus \u0101rpus Eiropas (ES) ekonomisk\u0101s zonas.<\/p>\n<p>MiuMjau O\u00dc nekop\u012bgo klientu personas datus tre\u0161aj\u0101m person\u0101m, iz\u0146emot \u0161\u0101di nor\u0101d\u012btos gad\u012bjumus. Visi dati tiek izmantoti tikai sazi\u0146ai un lab\u0101ka produkta vai pakalpojuma nodro\u0161in\u0101\u0161anai.<\/p>\n<p>Personas datus var koplietot \u0161\u0101dos gad\u012bjumos:<\/p>\n<p>&#8211; Pas\u016bt\u012bto produktu pieg\u0101de \u2013 pieg\u0101des pakalpojumu nodro\u0161in\u0101t\u0101ji vai starpnieki.<br \/>\n&#8211; Par\u0101du piedzi\u0146a \u2013 par\u0101du piedzi\u0146as pakalpojumu sniedz\u0113ji, maks\u0101jumu kav\u0113jumu re\u0123istri.<br \/>\n&#8211; Valsts uzraudz\u012bbas iest\u0101des un policija.<br \/>\n&#8211; Publiska atsauksme ar klienta piekri\u0161anu.<\/p>\n<h3>Personas datu dro\u0161\u012bba, izmanto\u0161ana un glab\u0101\u0161ana<\/h3>\n<p><strong>Personas datu dro\u0161\u012bba<\/strong><\/p>\n<p>Personas datu dro\u0161a glab\u0101\u0161ana ir MiuMjau O\u00dc augst\u0101k\u0101 priorit\u0101te. Cen\u0161amies nov\u0113rst neat\u013cautu piek\u013cuvi, publisko\u0161anu un citas nelikum\u012bgas apstr\u0101des formas. Aizsarg\u0101jam konfidencialit\u0101ti un piek\u013cuves ties\u012bbas saska\u0146\u0101 ar sp\u0113k\u0101 eso\u0161ajiem ties\u012bbu aktiem.<\/p>\n<p>Esam ieviesu\u0161i atbilsto\u0161us organizatoriskus, tehniskus un fiziskus pas\u0101kumus personas datu aizsardz\u012bbai. Pas\u0101kumi ir atkar\u012bgi no datu veida un iesp\u0113jamiem riskiem.<\/p>\n<p>MiuMjau O\u00dc ir ieviesis nepiecie\u0161amos tehniskos, fiziskos un organizatoriskos dro\u0161\u012bbas pas\u0101kumus, lai aizsarg\u0101tu klientu personas datus no zuduma un nelikum\u012bgas apstr\u0101des.<\/p>\n<p>Visi personas dati, kas ieg\u016bti MiuMjau O\u00dc e-veikala apmekl\u0113\u0161anas un pirkumu laik\u0101, tiek uzskat\u012bti par konfidenci\u0101lu inform\u0101ciju. \u0160ifr\u0113ts datu kan\u0101ls ar bank\u0101m nodro\u0161ina dro\u0161u dar\u012bjumu veik\u0161anu.<\/p>\n<p><strong>Glab\u0101\u0161anas termi\u0146\u0161<\/strong><\/p>\n<p>MiuMjau O\u00dc glab\u0101 personas datus tikai tik ilgi, cik nepiecie\u0161ams to v\u0101k\u0161anas m\u0113r\u0137u sasnieg\u0161anai. Termi\u0146\u0161 atkar\u012bgs ar\u012b no nepiecie\u0161am\u012bbas atbild\u0113t uz piepras\u012bjumiem, risin\u0101t probl\u0113mas un iev\u0113rot likumdo\u0161anas pras\u012bbas.<\/p>\n<p>Kad dati vairs nav nepiecie\u0161ami un likumi neprasa to glab\u0101\u0161anu, tos dz\u0113\u0161am.<\/p>\n<p>Datus var izmantot statistikas nol\u016bkos, bet tikai pseudonimiz\u0113t\u0101 vai anonimiz\u0113t\u0101 veid\u0101.<\/p>\n<p>Jaut\u0101jumu gad\u012bjum\u0101 rakstiet miumjaupood@gmail.com<\/p>\n<h3>Klienta (datu subjekta) ties\u012bbas<\/h3>\n<p>Klientam ir ties\u012bbas piek\u013c\u016bt saviem datiem un pras\u012bt neprec\u012bzu datu labo\u0161anu.<\/p>\n<p>Jaut\u0101jumu gad\u012bjum\u0101 vai ja uzskat\u0101t, ka MiuMjau O\u00dc ir p\u0101rk\u0101pis j\u016bsu ties\u012bbas, rakstiet uz miumjaupood@gmail.com.<\/p>\n<p>Datu subjekta ties\u012bbas:<\/p>\n<p>&#8211; Labot \u2013 piepras\u012bt neprec\u012bzu datu labo\u0161anu nekav\u0113joties.<br \/>\n&#8211; Dz\u0113st \u2013 piepras\u012bt datu dz\u0113\u0161anu, ja izpild\u012bti noteikti nosac\u012bjumi.<br \/>\n&#8211; Ierobe\u017eot \u2013 da\u017eos gad\u012bjumos var ierobe\u017eot datu apstr\u0101di.<br \/>\n&#8211; P\u0101rskat\u012bt \u2013 ties\u012bbas apskat\u012bt savus datus un nodot tos citam p\u0101rzinim, ja tas ir tehniski iesp\u0113jams un notiek p\u0113c piekri\u0161anas vai l\u012bguma.<br \/>\n&#8211; Iest\u0101ties \u2013 jebkur\u0101 laik\u0101 iebilst pret datu apstr\u0101di, kas notiek uz likuma pamata vai automatiz\u0113ti.<br \/>\n&#8211; Atcelt piekri\u0161anu \u2013 ja apstr\u0101de balst\u012bta uz piekri\u0161anu, var to atsaukt jebkur\u0101 laik\u0101, neietekm\u0113jot iepriek\u0161\u0113jo likum\u012bgo apstr\u0101di.<\/p>\n<p>Ja v\u0113laties izmantot \u0161\u012bs ties\u012bbas, sazinieties ar mums.<\/p>\n<p>Ja pied\u0101v\u0101t\u0101 risin\u0101juma neapmierina, varat v\u0113rsties Igaunijas Datu aizsardz\u012bbas inspekcij\u0101 vai ties\u0101.<\/p>\n<h3>Citi noteikumi<\/h3>\n<p>MiuMjau O\u00dc patur ties\u012bbas vienpus\u0113ji main\u012bt Priv\u0101tuma politiku un s\u012bkfailu izmanto\u0161anu. Jaun\u0101k\u0101 versija vienm\u0113r ir pieejama \u0161aj\u0101 vietn\u0113.<\/p>\n<p>Priv\u0101tuma politikai un s\u012bkfailu izmanto\u0161anai piem\u0113rojami Igaunijas Republikas likumi. Str\u012bdus vai pras\u012bbas izskata Tallinas Harju apgabaltiesa.<\/p>\n<\/div><\/div><\/div><\/div><\/div>\n","protected":false},"excerpt":{"rendered":"","protected":false},"author":1,"featured_media":0,"parent":0,"menu_order":0,"comment_status":"closed","ping_status":"closed","template":"","meta":{"footnotes":""},"class_list":["post-44761","page","type-page","status-publish","hentry"],"yoast_head":"<!-- This site is optimized with the Yoast SEO plugin v27.4 - https:\/\/yoast.com\/product\/yoast-seo-wordpress\/ -->\n<title>Priv\u0101tuma politika - MiuMjau<\/title>\n<meta name=\"robots\" content=\"index, follow, max-snippet:-1, max-image-preview:large, max-video-preview:-1\" \/>\n<link rel=\"canonical\" href=\"https:\/\/miumjau.ee\/lv\/privatuma-politika\/\" \/>\n<meta property=\"og:locale\" content=\"lv_LV\" \/>\n<meta property=\"og:type\" content=\"article\" \/>\n<meta property=\"og:title\" content=\"Priv\u0101tuma politika - MiuMjau\" \/>\n<meta property=\"og:url\" content=\"https:\/\/miumjau.ee\/lv\/privatuma-politika\/\" \/>\n<meta property=\"og:site_name\" content=\"MiuMjau\" \/>\n<meta property=\"article:publisher\" content=\"https:\/\/www.facebook.com\/miumjaupood\/\" \/>\n<meta property=\"article:modified_time\" content=\"2025-11-24T14:33:42+00:00\" \/>\n<meta name=\"twitter:card\" content=\"summary_large_image\" \/>\n<meta name=\"twitter:label1\" content=\"Est. reading time\" \/>\n\t<meta name=\"twitter:data1\" content=\"6 minutes\" \/>\n<script type=\"application\/ld+json\" class=\"yoast-schema-graph\">{\"@context\":\"https:\\\/\\\/schema.org\",\"@graph\":[{\"@type\":\"WebPage\",\"@id\":\"https:\\\/\\\/miumjau.ee\\\/lv\\\/privatuma-politika\\\/\",\"url\":\"https:\\\/\\\/miumjau.ee\\\/lv\\\/privatuma-politika\\\/\",\"name\":\"Priv\u0101tuma politika - MiuMjau\",\"isPartOf\":{\"@id\":\"https:\\\/\\\/miumjau.ee\\\/#website\"},\"datePublished\":\"2022-04-05T09:31:32+00:00\",\"dateModified\":\"2025-11-24T14:33:42+00:00\",\"breadcrumb\":{\"@id\":\"https:\\\/\\\/miumjau.ee\\\/lv\\\/privatuma-politika\\\/#breadcrumb\"},\"inLanguage\":\"lv-LV\",\"potentialAction\":[{\"@type\":\"ReadAction\",\"target\":[\"https:\\\/\\\/miumjau.ee\\\/lv\\\/privatuma-politika\\\/\"]}]},{\"@type\":\"BreadcrumbList\",\"@id\":\"https:\\\/\\\/miumjau.ee\\\/lv\\\/privatuma-politika\\\/#breadcrumb\",\"itemListElement\":[{\"@type\":\"ListItem\",\"position\":1,\"name\":\"Home\",\"item\":\"https:\\\/\\\/miumjau.ee\\\/lv\\\/\"},{\"@type\":\"ListItem\",\"position\":2,\"name\":\"Priv\u0101tuma politika\"}]},{\"@type\":\"WebSite\",\"@id\":\"https:\\\/\\\/miumjau.ee\\\/#website\",\"url\":\"https:\\\/\\\/miumjau.ee\\\/\",\"name\":\"MiuMjau\",\"description\":\"Kraapimispuud kassidele\",\"publisher\":{\"@id\":\"https:\\\/\\\/miumjau.ee\\\/#organization\"},\"potentialAction\":[{\"@type\":\"SearchAction\",\"target\":{\"@type\":\"EntryPoint\",\"urlTemplate\":\"https:\\\/\\\/miumjau.ee\\\/?s={search_term_string}\"},\"query-input\":{\"@type\":\"PropertyValueSpecification\",\"valueRequired\":true,\"valueName\":\"search_term_string\"}}],\"inLanguage\":\"lv-LV\"},{\"@type\":\"Organization\",\"@id\":\"https:\\\/\\\/miumjau.ee\\\/#organization\",\"name\":\"MiuMjau O\u00dc\",\"url\":\"https:\\\/\\\/miumjau.ee\\\/\",\"logo\":{\"@type\":\"ImageObject\",\"inLanguage\":\"lv-LV\",\"@id\":\"https:\\\/\\\/miumjau.ee\\\/#\\\/schema\\\/logo\\\/image\\\/\",\"url\":\"https:\\\/\\\/miumjau.ee\\\/wp-content\\\/uploads\\\/2022\\\/04\\\/MiuMjau-logo-kollane.png\",\"contentUrl\":\"https:\\\/\\\/miumjau.ee\\\/wp-content\\\/uploads\\\/2022\\\/04\\\/MiuMjau-logo-kollane.png\",\"width\":219,\"height\":100,\"caption\":\"MiuMjau O\u00dc\"},\"image\":{\"@id\":\"https:\\\/\\\/miumjau.ee\\\/#\\\/schema\\\/logo\\\/image\\\/\"},\"sameAs\":[\"https:\\\/\\\/www.facebook.com\\\/miumjaupood\\\/\"]}]}<\/script>\n<!-- \/ Yoast SEO plugin. -->","yoast_head_json":{"title":"Priv\u0101tuma politika - MiuMjau","robots":{"index":"index","follow":"follow","max-snippet":"max-snippet:-1","max-image-preview":"max-image-preview:large","max-video-preview":"max-video-preview:-1"},"canonical":"https:\/\/miumjau.ee\/lv\/privatuma-politika\/","og_locale":"lv_LV","og_type":"article","og_title":"Priv\u0101tuma politika - MiuMjau","og_url":"https:\/\/miumjau.ee\/lv\/privatuma-politika\/","og_site_name":"MiuMjau","article_publisher":"https:\/\/www.facebook.com\/miumjaupood\/","article_modified_time":"2025-11-24T14:33:42+00:00","twitter_card":"summary_large_image","twitter_misc":{"Est. reading time":"6 minutes"},"schema":{"@context":"https:\/\/schema.org","@graph":[{"@type":"WebPage","@id":"https:\/\/miumjau.ee\/lv\/privatuma-politika\/","url":"https:\/\/miumjau.ee\/lv\/privatuma-politika\/","name":"Priv\u0101tuma politika - MiuMjau","isPartOf":{"@id":"https:\/\/miumjau.ee\/#website"},"datePublished":"2022-04-05T09:31:32+00:00","dateModified":"2025-11-24T14:33:42+00:00","breadcrumb":{"@id":"https:\/\/miumjau.ee\/lv\/privatuma-politika\/#breadcrumb"},"inLanguage":"lv-LV","potentialAction":[{"@type":"ReadAction","target":["https:\/\/miumjau.ee\/lv\/privatuma-politika\/"]}]},{"@type":"BreadcrumbList","@id":"https:\/\/miumjau.ee\/lv\/privatuma-politika\/#breadcrumb","itemListElement":[{"@type":"ListItem","position":1,"name":"Home","item":"https:\/\/miumjau.ee\/lv\/"},{"@type":"ListItem","position":2,"name":"Priv\u0101tuma politika"}]},{"@type":"WebSite","@id":"https:\/\/miumjau.ee\/#website","url":"https:\/\/miumjau.ee\/","name":"MiuMjau","description":"Kraapimispuud kassidele","publisher":{"@id":"https:\/\/miumjau.ee\/#organization"},"potentialAction":[{"@type":"SearchAction","target":{"@type":"EntryPoint","urlTemplate":"https:\/\/miumjau.ee\/?s={search_term_string}"},"query-input":{"@type":"PropertyValueSpecification","valueRequired":true,"valueName":"search_term_string"}}],"inLanguage":"lv-LV"},{"@type":"Organization","@id":"https:\/\/miumjau.ee\/#organization","name":"MiuMjau O\u00dc","url":"https:\/\/miumjau.ee\/","logo":{"@type":"ImageObject","inLanguage":"lv-LV","@id":"https:\/\/miumjau.ee\/#\/schema\/logo\/image\/","url":"https:\/\/miumjau.ee\/wp-content\/uploads\/2022\/04\/MiuMjau-logo-kollane.png","contentUrl":"https:\/\/miumjau.ee\/wp-content\/uploads\/2022\/04\/MiuMjau-logo-kollane.png","width":219,"height":100,"caption":"MiuMjau O\u00dc"},"image":{"@id":"https:\/\/miumjau.ee\/#\/schema\/logo\/image\/"},"sameAs":["https:\/\/www.facebook.com\/miumjaupood\/"]}]}},"_links":{"self":[{"href":"https:\/\/miumjau.ee\/lv\/wp-json\/wp\/v2\/pages\/44761","targetHints":{"allow":["GET"]}}],"collection":[{"href":"https:\/\/miumjau.ee\/lv\/wp-json\/wp\/v2\/pages"}],"about":[{"href":"https:\/\/miumjau.ee\/lv\/wp-json\/wp\/v2\/types\/page"}],"author":[{"embeddable":true,"href":"https:\/\/miumjau.ee\/lv\/wp-json\/wp\/v2\/users\/1"}],"replies":[{"embeddable":true,"href":"https:\/\/miumjau.ee\/lv\/wp-json\/wp\/v2\/comments?post=44761"}],"version-history":[{"count":1,"href":"https:\/\/miumjau.ee\/lv\/wp-json\/wp\/v2\/pages\/44761\/revisions"}],"predecessor-version":[{"id":44762,"href":"https:\/\/miumjau.ee\/lv\/wp-json\/wp\/v2\/pages\/44761\/revisions\/44762"}],"wp:attachment":[{"href":"https:\/\/miumjau.ee\/lv\/wp-json\/wp\/v2\/media?parent=44761"}],"curies":[{"name":"wp","href":"https:\/\/api.w.org\/{rel}","templated":true}]}}