{"id":58482,"date":"2026-05-04T16:23:09","date_gmt":"2026-05-04T13:23:09","guid":{"rendered":"https:\/\/miumjau.ee\/?post_type=product&#038;p=58482"},"modified":"2026-05-04T16:34:40","modified_gmt":"2026-05-04T13:34:40","slug":"ambrosia-sausas-pasaras-katems-antis-ir-kalakutiena-5-kg-kopeeri","status":"publish","type":"product","link":"https:\/\/miumjau.ee\/lt\/produktas\/ambrosia-sausas-pasaras-katems-antis-ir-kalakutiena-5-kg-kopeeri\/","title":{"rendered":"Ambrosia sausas pa\u0161aras kat\u0117ms, antis ir kalakutiena, 1.5 kg"},"content":{"rendered":"","protected":false},"excerpt":{"rendered":"<p data-start=\"4956\" data-end=\"5400\">M\u016bs\u0173 Ambrosia Fresh Duck &amp; Turkey receptas sujungia baltym\u0173 turting\u0105 \u0161vie\u017ei\u0105 antienos fil\u0117 ir maisting\u0105 d\u017eiovint\u0105 kalakutien\u0105, papildyt\u0105 kruop\u0161\u010diai atrinktais vaisiais ir dar\u017eov\u0117mis. \u0160is receptas specialiai sukurtas jautrioms namin\u0117ms kat\u0117ms ir puikiai tinka sterilizuotoms bei antsvorio turin\u010dioms kat\u0117ms. Ma\u017eas riebal\u0173 kiekis padeda i\u0161vengti svorio augimo, o DL-metioninas ir ma\u017eas magnio kiekis suma\u017eina struvitini\u0173 akmen\u0173 susidarymo rizik\u0105.<\/p>\n<p data-start=\"5402\" data-end=\"5685\">Bendrai sveikatai palaikyti Fresh Duck &amp; Turkey receptas turi prebiotik\u0173 ir probiotik\u0173, kurie gerina vir\u0161kinim\u0105 ir stiprina imunin\u0119 sistem\u0105, chondroitino ir gliukozamino s\u0105nari\u0173 apsaugai bei taurino smegen\u0173 vystymuisi, \u0161irdies ir kraujagysli\u0173 sistemai ir raumen\u0173 funkcijai palaikyti.<\/p>\n<p data-start=\"5687\" data-end=\"6275\"><strong data-start=\"5687\" data-end=\"5699\">Sud\u0117tis:<\/strong> \u0160vie\u017eia antis (32%), d\u017eiovinta kalakutiena (28%), d\u017eiovinti bulvi\u0173 dribsniai, sveiki \u017eirniai, skaldyti \u017eirniai, d\u017eiovinta runkeli\u0173 mink\u0161timas, lignoceliulioz\u0117, hidrolizuotos miel\u0117s, la\u0161i\u0161\u0173 aliejus (1%), mineralai, d\u017eiovintas cikorijos \u0161aknis (nat\u016bralus FOS ir inulino \u0161altinis), d\u017eiovinti obuoliai, d\u017eiovintos morkos, d\u017eiovintos alaus miel\u0117s, d\u017eiovinti brokoliai, d\u017eiovintos spanguol\u0117s, d\u017eiovintos m\u0117lyn\u0117s, gliukozamino hidrochloridas (100 mg\/kg), chondroitino sulfatas (100 mg\/kg), d\u017eiovintos \u017eolel\u0117s (Yucca schidigera, Rosmarinus sp., Curcuma sp., Citrus sp., Eugenia sp.).<\/p>\n<p data-start=\"6277\" data-end=\"6505\"><strong data-start=\"6277\" data-end=\"6298\">Maistin\u0117 analiz\u0117:<\/strong> \u017dali baltymai 38%, \u017eali riebalai 13%, omega-3 riebal\u0173 r\u016bg\u0161tys 0,4%, omega-6 riebal\u0173 r\u016bg\u0161tys 1,8%, \u017eali pelenai 8%, \u017ealia l\u0105steliena 5,0%, dr\u0117gm\u0117 6,0%, kalcis (Ca) 1,8%, fosforas (P) 1,2%, magnis (Mg) 0,09%.<\/p>\n<p data-start=\"6507\" data-end=\"6532\" data-is-last-node=\"\" data-is-only-node=\"\"><strong data-start=\"6507\" data-end=\"6532\" data-is-last-node=\"\">Galima \u012fsigyti dabar!<\/strong><\/p>\n","protected":false},"featured_media":55348,"template":"","meta":[],"product_brand":[],"product_cat":[528],"product_tag":[],"class_list":{"0":"post-58482","1":"product","2":"type-product","3":"status-publish","4":"has-post-thumbnail","6":"product_cat-sausas-maistas","8":"first","9":"instock","10":"sale","11":"taxable","12":"shipping-taxable","13":"purchasable","14":"product-type-simple"},"yoast_head":"<!-- This site is optimized with the Yoast SEO plugin v27.4 - https:\/\/yoast.com\/product\/yoast-seo-wordpress\/ -->\n<title>Ambrosia sausas pa\u0161aras kat\u0117ms, antis ir kalakutiena, 1.5 kg - MiuMjau<\/title>\n<meta name=\"robots\" content=\"index, follow, max-snippet:-1, max-image-preview:large, max-video-preview:-1\" \/>\n<link rel=\"canonical\" href=\"https:\/\/miumjau.ee\/lt\/produktas\/ambrosia-sausas-pasaras-katems-antis-ir-kalakutiena-5-kg-kopeeri\/\" \/>\n<meta property=\"og:locale\" content=\"lt_LT\" \/>\n<meta property=\"og:type\" content=\"article\" \/>\n<meta property=\"og:title\" content=\"Ambrosia sausas pa\u0161aras kat\u0117ms, antis ir kalakutiena, 1.5 kg - MiuMjau\" \/>\n<meta property=\"og:description\" content=\"M\u016bs\u0173 Ambrosia Fresh Duck &amp; Turkey receptas sujungia baltym\u0173 turting\u0105 \u0161vie\u017ei\u0105 antienos fil\u0117 ir maisting\u0105 d\u017eiovint\u0105 kalakutien\u0105, papildyt\u0105 kruop\u0161\u010diai atrinktais vaisiais ir dar\u017eov\u0117mis. \u0160is receptas specialiai sukurtas jautrioms namin\u0117ms kat\u0117ms ir puikiai tinka sterilizuotoms bei antsvorio turin\u010dioms kat\u0117ms. Ma\u017eas riebal\u0173 kiekis padeda i\u0161vengti svorio augimo, o DL-metioninas ir ma\u017eas magnio kiekis suma\u017eina struvitini\u0173 akmen\u0173 susidarymo rizik\u0105. Bendrai sveikatai palaikyti Fresh Duck &amp; Turkey receptas turi prebiotik\u0173 ir probiotik\u0173, kurie gerina vir\u0161kinim\u0105 ir stiprina imunin\u0119 sistem\u0105, chondroitino ir gliukozamino s\u0105nari\u0173 apsaugai bei taurino smegen\u0173 vystymuisi, \u0161irdies ir kraujagysli\u0173 sistemai ir raumen\u0173 funkcijai palaikyti. Sud\u0117tis: \u0160vie\u017eia antis (32%), d\u017eiovinta kalakutiena (28%), d\u017eiovinti bulvi\u0173 dribsniai, sveiki \u017eirniai, skaldyti \u017eirniai, d\u017eiovinta runkeli\u0173 mink\u0161timas, lignoceliulioz\u0117, hidrolizuotos miel\u0117s, la\u0161i\u0161\u0173 aliejus (1%), mineralai, d\u017eiovintas cikorijos \u0161aknis (nat\u016bralus FOS ir inulino \u0161altinis), d\u017eiovinti obuoliai, d\u017eiovintos morkos, d\u017eiovintos alaus miel\u0117s, d\u017eiovinti brokoliai, d\u017eiovintos spanguol\u0117s, d\u017eiovintos m\u0117lyn\u0117s, gliukozamino hidrochloridas (100 mg\/kg), chondroitino sulfatas (100 mg\/kg), d\u017eiovintos \u017eolel\u0117s (Yucca schidigera, Rosmarinus sp., Curcuma sp., Citrus sp., Eugenia sp.). Maistin\u0117 analiz\u0117: \u017dali baltymai 38%, \u017eali riebalai 13%, omega-3 riebal\u0173 r\u016bg\u0161tys 0,4%, omega-6 riebal\u0173 r\u016bg\u0161tys 1,8%, \u017eali pelenai 8%, \u017ealia l\u0105steliena 5,0%, dr\u0117gm\u0117 6,0%, kalcis (Ca) 1,8%, fosforas (P) 1,2%, magnis (Mg) 0,09%. Galima \u012fsigyti dabar!\" \/>\n<meta property=\"og:url\" content=\"https:\/\/miumjau.ee\/lt\/produktas\/ambrosia-sausas-pasaras-katems-antis-ir-kalakutiena-5-kg-kopeeri\/\" \/>\n<meta property=\"og:site_name\" content=\"MiuMjau\" \/>\n<meta property=\"article:publisher\" content=\"https:\/\/www.facebook.com\/miumjaupood\/\" \/>\n<meta property=\"article:modified_time\" content=\"2026-05-04T13:34:40+00:00\" \/>\n<meta property=\"og:image\" content=\"https:\/\/miumjau.ee\/wp-content\/uploads\/2025\/03\/kassi-kuivtoit-ambrosia-duck-turkey-5kg-1.jpg\" \/>\n\t<meta property=\"og:image:width\" content=\"600\" \/>\n\t<meta property=\"og:image:height\" content=\"800\" \/>\n\t<meta property=\"og:image:type\" content=\"image\/jpeg\" \/>\n<meta name=\"twitter:card\" content=\"summary_large_image\" \/>\n<script type=\"application\/ld+json\" class=\"yoast-schema-graph\">{\"@context\":\"https:\\\/\\\/schema.org\",\"@graph\":[{\"@type\":\"WebPage\",\"@id\":\"https:\\\/\\\/miumjau.ee\\\/lt\\\/produktas\\\/ambrosia-sausas-pasaras-katems-antis-ir-kalakutiena-5-kg-kopeeri\\\/\",\"url\":\"https:\\\/\\\/miumjau.ee\\\/lt\\\/produktas\\\/ambrosia-sausas-pasaras-katems-antis-ir-kalakutiena-5-kg-kopeeri\\\/\",\"name\":\"Ambrosia sausas pa\u0161aras kat\u0117ms, antis ir kalakutiena, 1.5 kg - MiuMjau\",\"isPartOf\":{\"@id\":\"https:\\\/\\\/miumjau.ee\\\/#website\"},\"primaryImageOfPage\":{\"@id\":\"https:\\\/\\\/miumjau.ee\\\/lt\\\/produktas\\\/ambrosia-sausas-pasaras-katems-antis-ir-kalakutiena-5-kg-kopeeri\\\/#primaryimage\"},\"image\":{\"@id\":\"https:\\\/\\\/miumjau.ee\\\/lt\\\/produktas\\\/ambrosia-sausas-pasaras-katems-antis-ir-kalakutiena-5-kg-kopeeri\\\/#primaryimage\"},\"thumbnailUrl\":\"https:\\\/\\\/miumjau.ee\\\/wp-content\\\/uploads\\\/2025\\\/03\\\/kassi-kuivtoit-ambrosia-duck-turkey-5kg-1.jpg\",\"datePublished\":\"2026-05-04T13:23:09+00:00\",\"dateModified\":\"2026-05-04T13:34:40+00:00\",\"breadcrumb\":{\"@id\":\"https:\\\/\\\/miumjau.ee\\\/lt\\\/produktas\\\/ambrosia-sausas-pasaras-katems-antis-ir-kalakutiena-5-kg-kopeeri\\\/#breadcrumb\"},\"inLanguage\":\"lt-LT\",\"potentialAction\":[{\"@type\":\"ReadAction\",\"target\":[\"https:\\\/\\\/miumjau.ee\\\/lt\\\/produktas\\\/ambrosia-sausas-pasaras-katems-antis-ir-kalakutiena-5-kg-kopeeri\\\/\"]}]},{\"@type\":\"ImageObject\",\"inLanguage\":\"lt-LT\",\"@id\":\"https:\\\/\\\/miumjau.ee\\\/lt\\\/produktas\\\/ambrosia-sausas-pasaras-katems-antis-ir-kalakutiena-5-kg-kopeeri\\\/#primaryimage\",\"url\":\"https:\\\/\\\/miumjau.ee\\\/wp-content\\\/uploads\\\/2025\\\/03\\\/kassi-kuivtoit-ambrosia-duck-turkey-5kg-1.jpg\",\"contentUrl\":\"https:\\\/\\\/miumjau.ee\\\/wp-content\\\/uploads\\\/2025\\\/03\\\/kassi-kuivtoit-ambrosia-duck-turkey-5kg-1.jpg\",\"width\":600,\"height\":800},{\"@type\":\"BreadcrumbList\",\"@id\":\"https:\\\/\\\/miumjau.ee\\\/lt\\\/produktas\\\/ambrosia-sausas-pasaras-katems-antis-ir-kalakutiena-5-kg-kopeeri\\\/#breadcrumb\",\"itemListElement\":[{\"@type\":\"ListItem\",\"position\":1,\"name\":\"Home\",\"item\":\"https:\\\/\\\/miumjau.ee\\\/lt\\\/\"},{\"@type\":\"ListItem\",\"position\":2,\"name\":\"Parduotuv\u0117\",\"item\":\"https:\\\/\\\/miumjau.ee\\\/lt\\\/parduotuve\\\/\"},{\"@type\":\"ListItem\",\"position\":3,\"name\":\"Ambrosia sausas pa\u0161aras kat\u0117ms, antis ir kalakutiena, 1.5 kg\"}]},{\"@type\":\"WebSite\",\"@id\":\"https:\\\/\\\/miumjau.ee\\\/#website\",\"url\":\"https:\\\/\\\/miumjau.ee\\\/\",\"name\":\"MiuMjau\",\"description\":\"Kraapimispuud kassidele\",\"publisher\":{\"@id\":\"https:\\\/\\\/miumjau.ee\\\/#organization\"},\"potentialAction\":[{\"@type\":\"SearchAction\",\"target\":{\"@type\":\"EntryPoint\",\"urlTemplate\":\"https:\\\/\\\/miumjau.ee\\\/?s={search_term_string}\"},\"query-input\":{\"@type\":\"PropertyValueSpecification\",\"valueRequired\":true,\"valueName\":\"search_term_string\"}}],\"inLanguage\":\"lt-LT\"},{\"@type\":\"Organization\",\"@id\":\"https:\\\/\\\/miumjau.ee\\\/#organization\",\"name\":\"MiuMjau O\u00dc\",\"url\":\"https:\\\/\\\/miumjau.ee\\\/\",\"logo\":{\"@type\":\"ImageObject\",\"inLanguage\":\"lt-LT\",\"@id\":\"https:\\\/\\\/miumjau.ee\\\/#\\\/schema\\\/logo\\\/image\\\/\",\"url\":\"https:\\\/\\\/miumjau.ee\\\/wp-content\\\/uploads\\\/2022\\\/04\\\/MiuMjau-logo-kollane.png\",\"contentUrl\":\"https:\\\/\\\/miumjau.ee\\\/wp-content\\\/uploads\\\/2022\\\/04\\\/MiuMjau-logo-kollane.png\",\"width\":219,\"height\":100,\"caption\":\"MiuMjau O\u00dc\"},\"image\":{\"@id\":\"https:\\\/\\\/miumjau.ee\\\/#\\\/schema\\\/logo\\\/image\\\/\"},\"sameAs\":[\"https:\\\/\\\/www.facebook.com\\\/miumjaupood\\\/\"]}]}<\/script>\n<!-- \/ Yoast SEO plugin. -->","yoast_head_json":{"title":"Ambrosia sausas pa\u0161aras kat\u0117ms, antis ir kalakutiena, 1.5 kg - MiuMjau","robots":{"index":"index","follow":"follow","max-snippet":"max-snippet:-1","max-image-preview":"max-image-preview:large","max-video-preview":"max-video-preview:-1"},"canonical":"https:\/\/miumjau.ee\/lt\/produktas\/ambrosia-sausas-pasaras-katems-antis-ir-kalakutiena-5-kg-kopeeri\/","og_locale":"lt_LT","og_type":"article","og_title":"Ambrosia sausas pa\u0161aras kat\u0117ms, antis ir kalakutiena, 1.5 kg - MiuMjau","og_description":"M\u016bs\u0173 Ambrosia Fresh Duck &amp; Turkey receptas sujungia baltym\u0173 turting\u0105 \u0161vie\u017ei\u0105 antienos fil\u0117 ir maisting\u0105 d\u017eiovint\u0105 kalakutien\u0105, papildyt\u0105 kruop\u0161\u010diai atrinktais vaisiais ir dar\u017eov\u0117mis. \u0160is receptas specialiai sukurtas jautrioms namin\u0117ms kat\u0117ms ir puikiai tinka sterilizuotoms bei antsvorio turin\u010dioms kat\u0117ms. Ma\u017eas riebal\u0173 kiekis padeda i\u0161vengti svorio augimo, o DL-metioninas ir ma\u017eas magnio kiekis suma\u017eina struvitini\u0173 akmen\u0173 susidarymo rizik\u0105. Bendrai sveikatai palaikyti Fresh Duck &amp; Turkey receptas turi prebiotik\u0173 ir probiotik\u0173, kurie gerina vir\u0161kinim\u0105 ir stiprina imunin\u0119 sistem\u0105, chondroitino ir gliukozamino s\u0105nari\u0173 apsaugai bei taurino smegen\u0173 vystymuisi, \u0161irdies ir kraujagysli\u0173 sistemai ir raumen\u0173 funkcijai palaikyti. Sud\u0117tis: \u0160vie\u017eia antis (32%), d\u017eiovinta kalakutiena (28%), d\u017eiovinti bulvi\u0173 dribsniai, sveiki \u017eirniai, skaldyti \u017eirniai, d\u017eiovinta runkeli\u0173 mink\u0161timas, lignoceliulioz\u0117, hidrolizuotos miel\u0117s, la\u0161i\u0161\u0173 aliejus (1%), mineralai, d\u017eiovintas cikorijos \u0161aknis (nat\u016bralus FOS ir inulino \u0161altinis), d\u017eiovinti obuoliai, d\u017eiovintos morkos, d\u017eiovintos alaus miel\u0117s, d\u017eiovinti brokoliai, d\u017eiovintos spanguol\u0117s, d\u017eiovintos m\u0117lyn\u0117s, gliukozamino hidrochloridas (100 mg\/kg), chondroitino sulfatas (100 mg\/kg), d\u017eiovintos \u017eolel\u0117s (Yucca schidigera, Rosmarinus sp., Curcuma sp., Citrus sp., Eugenia sp.). Maistin\u0117 analiz\u0117: \u017dali baltymai 38%, \u017eali riebalai 13%, omega-3 riebal\u0173 r\u016bg\u0161tys 0,4%, omega-6 riebal\u0173 r\u016bg\u0161tys 1,8%, \u017eali pelenai 8%, \u017ealia l\u0105steliena 5,0%, dr\u0117gm\u0117 6,0%, kalcis (Ca) 1,8%, fosforas (P) 1,2%, magnis (Mg) 0,09%. Galima \u012fsigyti dabar!","og_url":"https:\/\/miumjau.ee\/lt\/produktas\/ambrosia-sausas-pasaras-katems-antis-ir-kalakutiena-5-kg-kopeeri\/","og_site_name":"MiuMjau","article_publisher":"https:\/\/www.facebook.com\/miumjaupood\/","article_modified_time":"2026-05-04T13:34:40+00:00","og_image":[{"width":600,"height":800,"url":"https:\/\/miumjau.ee\/wp-content\/uploads\/2025\/03\/kassi-kuivtoit-ambrosia-duck-turkey-5kg-1.jpg","type":"image\/jpeg"}],"twitter_card":"summary_large_image","schema":{"@context":"https:\/\/schema.org","@graph":[{"@type":"WebPage","@id":"https:\/\/miumjau.ee\/lt\/produktas\/ambrosia-sausas-pasaras-katems-antis-ir-kalakutiena-5-kg-kopeeri\/","url":"https:\/\/miumjau.ee\/lt\/produktas\/ambrosia-sausas-pasaras-katems-antis-ir-kalakutiena-5-kg-kopeeri\/","name":"Ambrosia sausas pa\u0161aras kat\u0117ms, antis ir kalakutiena, 1.5 kg - MiuMjau","isPartOf":{"@id":"https:\/\/miumjau.ee\/#website"},"primaryImageOfPage":{"@id":"https:\/\/miumjau.ee\/lt\/produktas\/ambrosia-sausas-pasaras-katems-antis-ir-kalakutiena-5-kg-kopeeri\/#primaryimage"},"image":{"@id":"https:\/\/miumjau.ee\/lt\/produktas\/ambrosia-sausas-pasaras-katems-antis-ir-kalakutiena-5-kg-kopeeri\/#primaryimage"},"thumbnailUrl":"https:\/\/miumjau.ee\/wp-content\/uploads\/2025\/03\/kassi-kuivtoit-ambrosia-duck-turkey-5kg-1.jpg","datePublished":"2026-05-04T13:23:09+00:00","dateModified":"2026-05-04T13:34:40+00:00","breadcrumb":{"@id":"https:\/\/miumjau.ee\/lt\/produktas\/ambrosia-sausas-pasaras-katems-antis-ir-kalakutiena-5-kg-kopeeri\/#breadcrumb"},"inLanguage":"lt-LT","potentialAction":[{"@type":"ReadAction","target":["https:\/\/miumjau.ee\/lt\/produktas\/ambrosia-sausas-pasaras-katems-antis-ir-kalakutiena-5-kg-kopeeri\/"]}]},{"@type":"ImageObject","inLanguage":"lt-LT","@id":"https:\/\/miumjau.ee\/lt\/produktas\/ambrosia-sausas-pasaras-katems-antis-ir-kalakutiena-5-kg-kopeeri\/#primaryimage","url":"https:\/\/miumjau.ee\/wp-content\/uploads\/2025\/03\/kassi-kuivtoit-ambrosia-duck-turkey-5kg-1.jpg","contentUrl":"https:\/\/miumjau.ee\/wp-content\/uploads\/2025\/03\/kassi-kuivtoit-ambrosia-duck-turkey-5kg-1.jpg","width":600,"height":800},{"@type":"BreadcrumbList","@id":"https:\/\/miumjau.ee\/lt\/produktas\/ambrosia-sausas-pasaras-katems-antis-ir-kalakutiena-5-kg-kopeeri\/#breadcrumb","itemListElement":[{"@type":"ListItem","position":1,"name":"Home","item":"https:\/\/miumjau.ee\/lt\/"},{"@type":"ListItem","position":2,"name":"Parduotuv\u0117","item":"https:\/\/miumjau.ee\/lt\/parduotuve\/"},{"@type":"ListItem","position":3,"name":"Ambrosia sausas pa\u0161aras kat\u0117ms, antis ir kalakutiena, 1.5 kg"}]},{"@type":"WebSite","@id":"https:\/\/miumjau.ee\/#website","url":"https:\/\/miumjau.ee\/","name":"MiuMjau","description":"Kraapimispuud kassidele","publisher":{"@id":"https:\/\/miumjau.ee\/#organization"},"potentialAction":[{"@type":"SearchAction","target":{"@type":"EntryPoint","urlTemplate":"https:\/\/miumjau.ee\/?s={search_term_string}"},"query-input":{"@type":"PropertyValueSpecification","valueRequired":true,"valueName":"search_term_string"}}],"inLanguage":"lt-LT"},{"@type":"Organization","@id":"https:\/\/miumjau.ee\/#organization","name":"MiuMjau O\u00dc","url":"https:\/\/miumjau.ee\/","logo":{"@type":"ImageObject","inLanguage":"lt-LT","@id":"https:\/\/miumjau.ee\/#\/schema\/logo\/image\/","url":"https:\/\/miumjau.ee\/wp-content\/uploads\/2022\/04\/MiuMjau-logo-kollane.png","contentUrl":"https:\/\/miumjau.ee\/wp-content\/uploads\/2022\/04\/MiuMjau-logo-kollane.png","width":219,"height":100,"caption":"MiuMjau O\u00dc"},"image":{"@id":"https:\/\/miumjau.ee\/#\/schema\/logo\/image\/"},"sameAs":["https:\/\/www.facebook.com\/miumjaupood\/"]}]}},"_links":{"self":[{"href":"https:\/\/miumjau.ee\/lt\/wp-json\/wp\/v2\/product\/58482","targetHints":{"allow":["GET"]}}],"collection":[{"href":"https:\/\/miumjau.ee\/lt\/wp-json\/wp\/v2\/product"}],"about":[{"href":"https:\/\/miumjau.ee\/lt\/wp-json\/wp\/v2\/types\/product"}],"wp:featuredmedia":[{"embeddable":true,"href":"https:\/\/miumjau.ee\/lt\/wp-json\/wp\/v2\/media\/55348"}],"wp:attachment":[{"href":"https:\/\/miumjau.ee\/lt\/wp-json\/wp\/v2\/media?parent=58482"}],"wp:term":[{"taxonomy":"product_brand","embeddable":true,"href":"https:\/\/miumjau.ee\/lt\/wp-json\/wp\/v2\/product_brand?post=58482"},{"taxonomy":"product_cat","embeddable":true,"href":"https:\/\/miumjau.ee\/lt\/wp-json\/wp\/v2\/product_cat?post=58482"},{"taxonomy":"product_tag","embeddable":true,"href":"https:\/\/miumjau.ee\/lt\/wp-json\/wp\/v2\/product_tag?post=58482"}],"curies":[{"name":"wp","href":"https:\/\/api.w.org\/{rel}","templated":true}]}}