{"id":57802,"date":"2026-04-08T11:33:56","date_gmt":"2026-04-08T08:33:56","guid":{"rendered":"https:\/\/miumjau.ee\/toode\/metomas-zaislas-dog-comets-ufo-ring\/"},"modified":"2026-04-08T11:33:56","modified_gmt":"2026-04-08T08:33:56","slug":"metomas-zaislas-dog-comets-ufo-ring","status":"publish","type":"product","link":"https:\/\/miumjau.ee\/lt\/produktas\/metomas-zaislas-dog-comets-ufo-ring\/","title":{"rendered":"M\u0117tomas \u017eaislas Dog Comets Ufo Ring"},"content":{"rendered":"","protected":false},"excerpt":{"rendered":"<p data-start=\"951\" data-end=\"1171\">Leiskit\u0117s \u012f nuotykius gamtoje su savo \u0161unimi ir b\u016btinai pasiimkite smag\u0173 m\u0117tomo \u017eaisl\u0105! J\u012f lengva pasteb\u0117ti d\u0117l ry\u0161kios spalvos. Gerai skrenda, patogu mesti, o svarbiausia \u2013 pl\u016bduriuoja vandens pavir\u0161iuje ir nenugrimzta!<\/p>\n<p data-start=\"1173\" data-end=\"1197\">Matmenys: 19 x 19 x 3 cm<\/p>\n","protected":false},"featured_media":57062,"template":"","meta":[],"product_brand":[],"product_cat":[541],"product_tag":[],"class_list":{"0":"post-57802","1":"product","2":"type-product","3":"status-publish","4":"has-post-thumbnail","6":"product_cat-zaislai-sunims","8":"first","9":"instock","10":"taxable","11":"shipping-taxable","12":"purchasable","13":"product-type-simple"},"yoast_head":"<!-- This site is optimized with the Yoast SEO plugin v27.2 - https:\/\/yoast.com\/product\/yoast-seo-wordpress\/ -->\n<title>M\u0117tomas \u017eaislas Dog Comets Ufo Ring - MiuMjau<\/title>\n<meta name=\"robots\" content=\"index, follow, max-snippet:-1, max-image-preview:large, max-video-preview:-1\" \/>\n<link rel=\"canonical\" href=\"https:\/\/miumjau.ee\/lt\/produktas\/metomas-zaislas-dog-comets-ufo-ring\/\" \/>\n<meta property=\"og:locale\" content=\"lt_LT\" \/>\n<meta property=\"og:type\" content=\"article\" \/>\n<meta property=\"og:title\" content=\"M\u0117tomas \u017eaislas Dog Comets Ufo Ring - MiuMjau\" \/>\n<meta property=\"og:description\" content=\"Leiskit\u0117s \u012f nuotykius gamtoje su savo \u0161unimi ir b\u016btinai pasiimkite smag\u0173 m\u0117tomo \u017eaisl\u0105! J\u012f lengva pasteb\u0117ti d\u0117l ry\u0161kios spalvos. Gerai skrenda, patogu mesti, o svarbiausia \u2013 pl\u016bduriuoja vandens pavir\u0161iuje ir nenugrimzta! Matmenys: 19 x 19 x 3 cm\" \/>\n<meta property=\"og:url\" content=\"https:\/\/miumjau.ee\/lt\/produktas\/metomas-zaislas-dog-comets-ufo-ring\/\" \/>\n<meta property=\"og:site_name\" content=\"MiuMjau\" \/>\n<meta property=\"article:publisher\" content=\"https:\/\/www.facebook.com\/miumjaupood\/\" \/>\n<meta property=\"og:image\" content=\"https:\/\/miumjau.ee\/wp-content\/uploads\/2026\/04\/manguasi-koerale-dog-comets-ufo-green3.jpg\" \/>\n\t<meta property=\"og:image:width\" content=\"600\" \/>\n\t<meta property=\"og:image:height\" content=\"800\" \/>\n\t<meta property=\"og:image:type\" content=\"image\/jpeg\" \/>\n<meta name=\"twitter:card\" content=\"summary_large_image\" \/>\n<script type=\"application\/ld+json\" class=\"yoast-schema-graph\">{\"@context\":\"https:\/\/schema.org\",\"@graph\":[{\"@type\":\"WebPage\",\"@id\":\"https:\/\/miumjau.ee\/lt\/produktas\/metomas-zaislas-dog-comets-ufo-ring\/\",\"url\":\"https:\/\/miumjau.ee\/lt\/produktas\/metomas-zaislas-dog-comets-ufo-ring\/\",\"name\":\"M\u0117tomas \u017eaislas Dog Comets Ufo Ring - MiuMjau\",\"isPartOf\":{\"@id\":\"https:\/\/miumjau.ee\/#website\"},\"primaryImageOfPage\":{\"@id\":\"https:\/\/miumjau.ee\/lt\/produktas\/metomas-zaislas-dog-comets-ufo-ring\/#primaryimage\"},\"image\":{\"@id\":\"https:\/\/miumjau.ee\/lt\/produktas\/metomas-zaislas-dog-comets-ufo-ring\/#primaryimage\"},\"thumbnailUrl\":\"https:\/\/miumjau.ee\/wp-content\/uploads\/2026\/04\/manguasi-koerale-dog-comets-ufo-green3.jpg\",\"datePublished\":\"2026-04-08T08:33:56+00:00\",\"breadcrumb\":{\"@id\":\"https:\/\/miumjau.ee\/lt\/produktas\/metomas-zaislas-dog-comets-ufo-ring\/#breadcrumb\"},\"inLanguage\":\"lt-LT\",\"potentialAction\":[{\"@type\":\"ReadAction\",\"target\":[\"https:\/\/miumjau.ee\/lt\/produktas\/metomas-zaislas-dog-comets-ufo-ring\/\"]}]},{\"@type\":\"ImageObject\",\"inLanguage\":\"lt-LT\",\"@id\":\"https:\/\/miumjau.ee\/lt\/produktas\/metomas-zaislas-dog-comets-ufo-ring\/#primaryimage\",\"url\":\"https:\/\/miumjau.ee\/wp-content\/uploads\/2026\/04\/manguasi-koerale-dog-comets-ufo-green3.jpg\",\"contentUrl\":\"https:\/\/miumjau.ee\/wp-content\/uploads\/2026\/04\/manguasi-koerale-dog-comets-ufo-green3.jpg\",\"width\":600,\"height\":800,\"caption\":\"Viskem\u00e4nguasi Dog Comets Ufo Ring\"},{\"@type\":\"BreadcrumbList\",\"@id\":\"https:\/\/miumjau.ee\/lt\/produktas\/metomas-zaislas-dog-comets-ufo-ring\/#breadcrumb\",\"itemListElement\":[{\"@type\":\"ListItem\",\"position\":1,\"name\":\"Home\",\"item\":\"https:\/\/miumjau.ee\/lt\/\"},{\"@type\":\"ListItem\",\"position\":2,\"name\":\"Parduotuv\u0117\",\"item\":\"https:\/\/miumjau.ee\/lt\/parduotuve\/\"},{\"@type\":\"ListItem\",\"position\":3,\"name\":\"M\u0117tomas \u017eaislas Dog Comets Ufo Ring\"}]},{\"@type\":\"WebSite\",\"@id\":\"https:\/\/miumjau.ee\/#website\",\"url\":\"https:\/\/miumjau.ee\/\",\"name\":\"MiuMjau\",\"description\":\"Kraapimispuud kassidele\",\"publisher\":{\"@id\":\"https:\/\/miumjau.ee\/#organization\"},\"potentialAction\":[{\"@type\":\"SearchAction\",\"target\":{\"@type\":\"EntryPoint\",\"urlTemplate\":\"https:\/\/miumjau.ee\/?s={search_term_string}\"},\"query-input\":{\"@type\":\"PropertyValueSpecification\",\"valueRequired\":true,\"valueName\":\"search_term_string\"}}],\"inLanguage\":\"lt-LT\"},{\"@type\":\"Organization\",\"@id\":\"https:\/\/miumjau.ee\/#organization\",\"name\":\"MiuMjau O\u00dc\",\"url\":\"https:\/\/miumjau.ee\/\",\"logo\":{\"@type\":\"ImageObject\",\"inLanguage\":\"lt-LT\",\"@id\":\"https:\/\/miumjau.ee\/#\/schema\/logo\/image\/\",\"url\":\"https:\/\/miumjau.ee\/wp-content\/uploads\/2022\/04\/MiuMjau-logo-kollane.png\",\"contentUrl\":\"https:\/\/miumjau.ee\/wp-content\/uploads\/2022\/04\/MiuMjau-logo-kollane.png\",\"width\":219,\"height\":100,\"caption\":\"MiuMjau O\u00dc\"},\"image\":{\"@id\":\"https:\/\/miumjau.ee\/#\/schema\/logo\/image\/\"},\"sameAs\":[\"https:\/\/www.facebook.com\/miumjaupood\/\"]}]}<\/script>\n<!-- \/ Yoast SEO plugin. -->","yoast_head_json":{"title":"M\u0117tomas \u017eaislas Dog Comets Ufo Ring - MiuMjau","robots":{"index":"index","follow":"follow","max-snippet":"max-snippet:-1","max-image-preview":"max-image-preview:large","max-video-preview":"max-video-preview:-1"},"canonical":"https:\/\/miumjau.ee\/lt\/produktas\/metomas-zaislas-dog-comets-ufo-ring\/","og_locale":"lt_LT","og_type":"article","og_title":"M\u0117tomas \u017eaislas Dog Comets Ufo Ring - MiuMjau","og_description":"Leiskit\u0117s \u012f nuotykius gamtoje su savo \u0161unimi ir b\u016btinai pasiimkite smag\u0173 m\u0117tomo \u017eaisl\u0105! J\u012f lengva pasteb\u0117ti d\u0117l ry\u0161kios spalvos. Gerai skrenda, patogu mesti, o svarbiausia \u2013 pl\u016bduriuoja vandens pavir\u0161iuje ir nenugrimzta! Matmenys: 19 x 19 x 3 cm","og_url":"https:\/\/miumjau.ee\/lt\/produktas\/metomas-zaislas-dog-comets-ufo-ring\/","og_site_name":"MiuMjau","article_publisher":"https:\/\/www.facebook.com\/miumjaupood\/","og_image":[{"width":600,"height":800,"url":"https:\/\/miumjau.ee\/wp-content\/uploads\/2026\/04\/manguasi-koerale-dog-comets-ufo-green3.jpg","type":"image\/jpeg"}],"twitter_card":"summary_large_image","schema":{"@context":"https:\/\/schema.org","@graph":[{"@type":"WebPage","@id":"https:\/\/miumjau.ee\/lt\/produktas\/metomas-zaislas-dog-comets-ufo-ring\/","url":"https:\/\/miumjau.ee\/lt\/produktas\/metomas-zaislas-dog-comets-ufo-ring\/","name":"M\u0117tomas \u017eaislas Dog Comets Ufo Ring - MiuMjau","isPartOf":{"@id":"https:\/\/miumjau.ee\/#website"},"primaryImageOfPage":{"@id":"https:\/\/miumjau.ee\/lt\/produktas\/metomas-zaislas-dog-comets-ufo-ring\/#primaryimage"},"image":{"@id":"https:\/\/miumjau.ee\/lt\/produktas\/metomas-zaislas-dog-comets-ufo-ring\/#primaryimage"},"thumbnailUrl":"https:\/\/miumjau.ee\/wp-content\/uploads\/2026\/04\/manguasi-koerale-dog-comets-ufo-green3.jpg","datePublished":"2026-04-08T08:33:56+00:00","breadcrumb":{"@id":"https:\/\/miumjau.ee\/lt\/produktas\/metomas-zaislas-dog-comets-ufo-ring\/#breadcrumb"},"inLanguage":"lt-LT","potentialAction":[{"@type":"ReadAction","target":["https:\/\/miumjau.ee\/lt\/produktas\/metomas-zaislas-dog-comets-ufo-ring\/"]}]},{"@type":"ImageObject","inLanguage":"lt-LT","@id":"https:\/\/miumjau.ee\/lt\/produktas\/metomas-zaislas-dog-comets-ufo-ring\/#primaryimage","url":"https:\/\/miumjau.ee\/wp-content\/uploads\/2026\/04\/manguasi-koerale-dog-comets-ufo-green3.jpg","contentUrl":"https:\/\/miumjau.ee\/wp-content\/uploads\/2026\/04\/manguasi-koerale-dog-comets-ufo-green3.jpg","width":600,"height":800,"caption":"Viskem\u00e4nguasi Dog Comets Ufo Ring"},{"@type":"BreadcrumbList","@id":"https:\/\/miumjau.ee\/lt\/produktas\/metomas-zaislas-dog-comets-ufo-ring\/#breadcrumb","itemListElement":[{"@type":"ListItem","position":1,"name":"Home","item":"https:\/\/miumjau.ee\/lt\/"},{"@type":"ListItem","position":2,"name":"Parduotuv\u0117","item":"https:\/\/miumjau.ee\/lt\/parduotuve\/"},{"@type":"ListItem","position":3,"name":"M\u0117tomas \u017eaislas Dog Comets Ufo Ring"}]},{"@type":"WebSite","@id":"https:\/\/miumjau.ee\/#website","url":"https:\/\/miumjau.ee\/","name":"MiuMjau","description":"Kraapimispuud kassidele","publisher":{"@id":"https:\/\/miumjau.ee\/#organization"},"potentialAction":[{"@type":"SearchAction","target":{"@type":"EntryPoint","urlTemplate":"https:\/\/miumjau.ee\/?s={search_term_string}"},"query-input":{"@type":"PropertyValueSpecification","valueRequired":true,"valueName":"search_term_string"}}],"inLanguage":"lt-LT"},{"@type":"Organization","@id":"https:\/\/miumjau.ee\/#organization","name":"MiuMjau O\u00dc","url":"https:\/\/miumjau.ee\/","logo":{"@type":"ImageObject","inLanguage":"lt-LT","@id":"https:\/\/miumjau.ee\/#\/schema\/logo\/image\/","url":"https:\/\/miumjau.ee\/wp-content\/uploads\/2022\/04\/MiuMjau-logo-kollane.png","contentUrl":"https:\/\/miumjau.ee\/wp-content\/uploads\/2022\/04\/MiuMjau-logo-kollane.png","width":219,"height":100,"caption":"MiuMjau O\u00dc"},"image":{"@id":"https:\/\/miumjau.ee\/#\/schema\/logo\/image\/"},"sameAs":["https:\/\/www.facebook.com\/miumjaupood\/"]}]}},"_links":{"self":[{"href":"https:\/\/miumjau.ee\/lt\/wp-json\/wp\/v2\/product\/57802","targetHints":{"allow":["GET"]}}],"collection":[{"href":"https:\/\/miumjau.ee\/lt\/wp-json\/wp\/v2\/product"}],"about":[{"href":"https:\/\/miumjau.ee\/lt\/wp-json\/wp\/v2\/types\/product"}],"wp:featuredmedia":[{"embeddable":true,"href":"https:\/\/miumjau.ee\/lt\/wp-json\/wp\/v2\/media\/57062"}],"wp:attachment":[{"href":"https:\/\/miumjau.ee\/lt\/wp-json\/wp\/v2\/media?parent=57802"}],"wp:term":[{"taxonomy":"product_brand","embeddable":true,"href":"https:\/\/miumjau.ee\/lt\/wp-json\/wp\/v2\/product_brand?post=57802"},{"taxonomy":"product_cat","embeddable":true,"href":"https:\/\/miumjau.ee\/lt\/wp-json\/wp\/v2\/product_cat?post=57802"},{"taxonomy":"product_tag","embeddable":true,"href":"https:\/\/miumjau.ee\/lt\/wp-json\/wp\/v2\/product_tag?post=57802"}],"curies":[{"name":"wp","href":"https:\/\/api.w.org\/{rel}","templated":true}]}}