{"id":57791,"date":"2026-04-08T14:18:29","date_gmt":"2026-04-08T11:18:29","guid":{"rendered":"https:\/\/miumjau.ee\/toode\/elnio-ragas-frigera-1-vnt-m\/"},"modified":"2026-04-08T14:18:29","modified_gmt":"2026-04-08T11:18:29","slug":"elnio-ragas-frigera-1-vnt-m","status":"publish","type":"product","link":"https:\/\/miumjau.ee\/lt\/produktas\/elnio-ragas-frigera-1-vnt-m\/","title":{"rendered":"Elnio ragas Frigera 1 vnt., M"},"content":{"rendered":"","protected":false},"excerpt":{"rendered":"<p data-start=\"3286\" data-end=\"3476\">K\u0105 \u012fsivaizduojate galvodami apie visi\u0161kai nat\u016bral\u0173 ir \u0161unims tinkam\u0105 kramtymo skan\u0117st\u0105? \u017dinoma \u2013 elnio ragus! Jie puikiai atitinka nat\u016bral\u0173 \u0161un\u0173 elges\u012f, kai jie med\u017eioja ir su\u0117da grob\u012f vis\u0105.<\/p>\n<p data-start=\"3478\" data-end=\"3726\">friGERA elnio ragai yra \u0161velniai d\u017eiovinti, kad tapt\u0173 skaniu skan\u0117stu j\u016bs\u0173 augintiniui. D\u0117l savo kietumo jie idealiai tinka \u0161unims, turintiems padidint\u0105 kramtymo poreik\u012f. Kramtymas padeda pa\u0161alinti apna\u0161as nuo dant\u0173 ir ilg\u0105 laik\u0105 u\u017eima j\u016bs\u0173 draug\u0105!<\/p>\n<p data-start=\"3728\" data-end=\"3930\">Be to \u2013 ar \u017einojote, kad elnio ragai yra turtingi svarbi\u0173 maistini\u0173 med\u017eiag\u0173, toki\u0173 kaip kalcis, magnis, fosforas, gele\u017eis ir cinkas? \u0160ie mineralai yra b\u016btini j\u016bs\u0173 augintinio kaul\u0173 ir raumen\u0173 sveikatai.<\/p>\n<p data-start=\"3932\" data-end=\"4003\">Nedvejokite ir leiskite savo \u0161uniui sekti savo prigimtinius instinktus!<\/p>\n<p data-start=\"4005\" data-end=\"4212\">\u0160\u0117rimo instrukcijos: Duokite tarp valgym\u0173 kaip skan\u0117st\u0105 ar atlyg\u012f kaip subalansuotos mitybos dal\u012f. Visada pri\u017ei\u016br\u0117kite \u0161un\u012f \u0161\u0117rimo metu. Visada pateikite pakankamai \u0161vie\u017eio vandens.<br data-start=\"4186\" data-end=\"4189\" \/>Netinka \u017emoni\u0173 maistui.<\/p>\n<p data-start=\"4214\" data-end=\"4287\">Analitin\u0117s sudedamosios dalys: Baltymai 37,5%; Riebalai 0,2%; Dr\u0117gm\u0117 9,1%<\/p>\n","protected":false},"featured_media":57119,"template":"","meta":[],"product_brand":[],"product_cat":[540],"product_tag":[],"class_list":{"0":"post-57791","1":"product","2":"type-product","3":"status-publish","4":"has-post-thumbnail","6":"product_cat-skanestai-sunims","8":"first","9":"instock","10":"taxable","11":"shipping-taxable","12":"purchasable","13":"product-type-simple"},"yoast_head":"<!-- This site is optimized with the Yoast SEO plugin v27.2 - https:\/\/yoast.com\/product\/yoast-seo-wordpress\/ -->\n<title>Elnio ragas Frigera 1 vnt., M - MiuMjau<\/title>\n<meta name=\"robots\" content=\"index, follow, max-snippet:-1, max-image-preview:large, max-video-preview:-1\" \/>\n<link rel=\"canonical\" href=\"https:\/\/miumjau.ee\/lt\/produktas\/elnio-ragas-frigera-1-vnt-m\/\" \/>\n<meta property=\"og:locale\" content=\"lt_LT\" \/>\n<meta property=\"og:type\" content=\"article\" \/>\n<meta property=\"og:title\" content=\"Elnio ragas Frigera 1 vnt., M - MiuMjau\" \/>\n<meta property=\"og:description\" content=\"K\u0105 \u012fsivaizduojate galvodami apie visi\u0161kai nat\u016bral\u0173 ir \u0161unims tinkam\u0105 kramtymo skan\u0117st\u0105? \u017dinoma \u2013 elnio ragus! Jie puikiai atitinka nat\u016bral\u0173 \u0161un\u0173 elges\u012f, kai jie med\u017eioja ir su\u0117da grob\u012f vis\u0105. friGERA elnio ragai yra \u0161velniai d\u017eiovinti, kad tapt\u0173 skaniu skan\u0117stu j\u016bs\u0173 augintiniui. D\u0117l savo kietumo jie idealiai tinka \u0161unims, turintiems padidint\u0105 kramtymo poreik\u012f. Kramtymas padeda pa\u0161alinti apna\u0161as nuo dant\u0173 ir ilg\u0105 laik\u0105 u\u017eima j\u016bs\u0173 draug\u0105! Be to \u2013 ar \u017einojote, kad elnio ragai yra turtingi svarbi\u0173 maistini\u0173 med\u017eiag\u0173, toki\u0173 kaip kalcis, magnis, fosforas, gele\u017eis ir cinkas? \u0160ie mineralai yra b\u016btini j\u016bs\u0173 augintinio kaul\u0173 ir raumen\u0173 sveikatai. Nedvejokite ir leiskite savo \u0161uniui sekti savo prigimtinius instinktus! \u0160\u0117rimo instrukcijos: Duokite tarp valgym\u0173 kaip skan\u0117st\u0105 ar atlyg\u012f kaip subalansuotos mitybos dal\u012f. Visada pri\u017ei\u016br\u0117kite \u0161un\u012f \u0161\u0117rimo metu. Visada pateikite pakankamai \u0161vie\u017eio vandens.Netinka \u017emoni\u0173 maistui. Analitin\u0117s sudedamosios dalys: Baltymai 37,5%; Riebalai 0,2%; Dr\u0117gm\u0117 9,1%\" \/>\n<meta property=\"og:url\" content=\"https:\/\/miumjau.ee\/lt\/produktas\/elnio-ragas-frigera-1-vnt-m\/\" \/>\n<meta property=\"og:site_name\" content=\"MiuMjau\" \/>\n<meta property=\"article:publisher\" content=\"https:\/\/www.facebook.com\/miumjaupood\/\" \/>\n<meta property=\"og:image\" content=\"https:\/\/miumjau.ee\/wp-content\/uploads\/2026\/04\/hirve-sarv-M.jpg\" \/>\n\t<meta property=\"og:image:width\" content=\"600\" \/>\n\t<meta property=\"og:image:height\" content=\"800\" \/>\n\t<meta property=\"og:image:type\" content=\"image\/jpeg\" \/>\n<meta name=\"twitter:card\" content=\"summary_large_image\" \/>\n<script type=\"application\/ld+json\" class=\"yoast-schema-graph\">{\"@context\":\"https:\/\/schema.org\",\"@graph\":[{\"@type\":\"WebPage\",\"@id\":\"https:\/\/miumjau.ee\/lt\/produktas\/elnio-ragas-frigera-1-vnt-m\/\",\"url\":\"https:\/\/miumjau.ee\/lt\/produktas\/elnio-ragas-frigera-1-vnt-m\/\",\"name\":\"Elnio ragas Frigera 1 vnt., M - MiuMjau\",\"isPartOf\":{\"@id\":\"https:\/\/miumjau.ee\/#website\"},\"primaryImageOfPage\":{\"@id\":\"https:\/\/miumjau.ee\/lt\/produktas\/elnio-ragas-frigera-1-vnt-m\/#primaryimage\"},\"image\":{\"@id\":\"https:\/\/miumjau.ee\/lt\/produktas\/elnio-ragas-frigera-1-vnt-m\/#primaryimage\"},\"thumbnailUrl\":\"https:\/\/miumjau.ee\/wp-content\/uploads\/2026\/04\/hirve-sarv-M.jpg\",\"datePublished\":\"2026-04-08T11:18:29+00:00\",\"breadcrumb\":{\"@id\":\"https:\/\/miumjau.ee\/lt\/produktas\/elnio-ragas-frigera-1-vnt-m\/#breadcrumb\"},\"inLanguage\":\"lt-LT\",\"potentialAction\":[{\"@type\":\"ReadAction\",\"target\":[\"https:\/\/miumjau.ee\/lt\/produktas\/elnio-ragas-frigera-1-vnt-m\/\"]}]},{\"@type\":\"ImageObject\",\"inLanguage\":\"lt-LT\",\"@id\":\"https:\/\/miumjau.ee\/lt\/produktas\/elnio-ragas-frigera-1-vnt-m\/#primaryimage\",\"url\":\"https:\/\/miumjau.ee\/wp-content\/uploads\/2026\/04\/hirve-sarv-M.jpg\",\"contentUrl\":\"https:\/\/miumjau.ee\/wp-content\/uploads\/2026\/04\/hirve-sarv-M.jpg\",\"width\":600,\"height\":800,\"caption\":\"Hirve sarv Frigera 1tk, M\"},{\"@type\":\"BreadcrumbList\",\"@id\":\"https:\/\/miumjau.ee\/lt\/produktas\/elnio-ragas-frigera-1-vnt-m\/#breadcrumb\",\"itemListElement\":[{\"@type\":\"ListItem\",\"position\":1,\"name\":\"Home\",\"item\":\"https:\/\/miumjau.ee\/lt\/\"},{\"@type\":\"ListItem\",\"position\":2,\"name\":\"Parduotuv\u0117\",\"item\":\"https:\/\/miumjau.ee\/lt\/parduotuve\/\"},{\"@type\":\"ListItem\",\"position\":3,\"name\":\"Elnio ragas Frigera 1 vnt., M\"}]},{\"@type\":\"WebSite\",\"@id\":\"https:\/\/miumjau.ee\/#website\",\"url\":\"https:\/\/miumjau.ee\/\",\"name\":\"MiuMjau\",\"description\":\"Kraapimispuud kassidele\",\"publisher\":{\"@id\":\"https:\/\/miumjau.ee\/#organization\"},\"potentialAction\":[{\"@type\":\"SearchAction\",\"target\":{\"@type\":\"EntryPoint\",\"urlTemplate\":\"https:\/\/miumjau.ee\/?s={search_term_string}\"},\"query-input\":{\"@type\":\"PropertyValueSpecification\",\"valueRequired\":true,\"valueName\":\"search_term_string\"}}],\"inLanguage\":\"lt-LT\"},{\"@type\":\"Organization\",\"@id\":\"https:\/\/miumjau.ee\/#organization\",\"name\":\"MiuMjau O\u00dc\",\"url\":\"https:\/\/miumjau.ee\/\",\"logo\":{\"@type\":\"ImageObject\",\"inLanguage\":\"lt-LT\",\"@id\":\"https:\/\/miumjau.ee\/#\/schema\/logo\/image\/\",\"url\":\"https:\/\/miumjau.ee\/wp-content\/uploads\/2022\/04\/MiuMjau-logo-kollane.png\",\"contentUrl\":\"https:\/\/miumjau.ee\/wp-content\/uploads\/2022\/04\/MiuMjau-logo-kollane.png\",\"width\":219,\"height\":100,\"caption\":\"MiuMjau O\u00dc\"},\"image\":{\"@id\":\"https:\/\/miumjau.ee\/#\/schema\/logo\/image\/\"},\"sameAs\":[\"https:\/\/www.facebook.com\/miumjaupood\/\"]}]}<\/script>\n<!-- \/ Yoast SEO plugin. -->","yoast_head_json":{"title":"Elnio ragas Frigera 1 vnt., M - MiuMjau","robots":{"index":"index","follow":"follow","max-snippet":"max-snippet:-1","max-image-preview":"max-image-preview:large","max-video-preview":"max-video-preview:-1"},"canonical":"https:\/\/miumjau.ee\/lt\/produktas\/elnio-ragas-frigera-1-vnt-m\/","og_locale":"lt_LT","og_type":"article","og_title":"Elnio ragas Frigera 1 vnt., M - MiuMjau","og_description":"K\u0105 \u012fsivaizduojate galvodami apie visi\u0161kai nat\u016bral\u0173 ir \u0161unims tinkam\u0105 kramtymo skan\u0117st\u0105? \u017dinoma \u2013 elnio ragus! Jie puikiai atitinka nat\u016bral\u0173 \u0161un\u0173 elges\u012f, kai jie med\u017eioja ir su\u0117da grob\u012f vis\u0105. friGERA elnio ragai yra \u0161velniai d\u017eiovinti, kad tapt\u0173 skaniu skan\u0117stu j\u016bs\u0173 augintiniui. D\u0117l savo kietumo jie idealiai tinka \u0161unims, turintiems padidint\u0105 kramtymo poreik\u012f. Kramtymas padeda pa\u0161alinti apna\u0161as nuo dant\u0173 ir ilg\u0105 laik\u0105 u\u017eima j\u016bs\u0173 draug\u0105! Be to \u2013 ar \u017einojote, kad elnio ragai yra turtingi svarbi\u0173 maistini\u0173 med\u017eiag\u0173, toki\u0173 kaip kalcis, magnis, fosforas, gele\u017eis ir cinkas? \u0160ie mineralai yra b\u016btini j\u016bs\u0173 augintinio kaul\u0173 ir raumen\u0173 sveikatai. Nedvejokite ir leiskite savo \u0161uniui sekti savo prigimtinius instinktus! \u0160\u0117rimo instrukcijos: Duokite tarp valgym\u0173 kaip skan\u0117st\u0105 ar atlyg\u012f kaip subalansuotos mitybos dal\u012f. Visada pri\u017ei\u016br\u0117kite \u0161un\u012f \u0161\u0117rimo metu. Visada pateikite pakankamai \u0161vie\u017eio vandens.Netinka \u017emoni\u0173 maistui. Analitin\u0117s sudedamosios dalys: Baltymai 37,5%; Riebalai 0,2%; Dr\u0117gm\u0117 9,1%","og_url":"https:\/\/miumjau.ee\/lt\/produktas\/elnio-ragas-frigera-1-vnt-m\/","og_site_name":"MiuMjau","article_publisher":"https:\/\/www.facebook.com\/miumjaupood\/","og_image":[{"width":600,"height":800,"url":"https:\/\/miumjau.ee\/wp-content\/uploads\/2026\/04\/hirve-sarv-M.jpg","type":"image\/jpeg"}],"twitter_card":"summary_large_image","schema":{"@context":"https:\/\/schema.org","@graph":[{"@type":"WebPage","@id":"https:\/\/miumjau.ee\/lt\/produktas\/elnio-ragas-frigera-1-vnt-m\/","url":"https:\/\/miumjau.ee\/lt\/produktas\/elnio-ragas-frigera-1-vnt-m\/","name":"Elnio ragas Frigera 1 vnt., M - MiuMjau","isPartOf":{"@id":"https:\/\/miumjau.ee\/#website"},"primaryImageOfPage":{"@id":"https:\/\/miumjau.ee\/lt\/produktas\/elnio-ragas-frigera-1-vnt-m\/#primaryimage"},"image":{"@id":"https:\/\/miumjau.ee\/lt\/produktas\/elnio-ragas-frigera-1-vnt-m\/#primaryimage"},"thumbnailUrl":"https:\/\/miumjau.ee\/wp-content\/uploads\/2026\/04\/hirve-sarv-M.jpg","datePublished":"2026-04-08T11:18:29+00:00","breadcrumb":{"@id":"https:\/\/miumjau.ee\/lt\/produktas\/elnio-ragas-frigera-1-vnt-m\/#breadcrumb"},"inLanguage":"lt-LT","potentialAction":[{"@type":"ReadAction","target":["https:\/\/miumjau.ee\/lt\/produktas\/elnio-ragas-frigera-1-vnt-m\/"]}]},{"@type":"ImageObject","inLanguage":"lt-LT","@id":"https:\/\/miumjau.ee\/lt\/produktas\/elnio-ragas-frigera-1-vnt-m\/#primaryimage","url":"https:\/\/miumjau.ee\/wp-content\/uploads\/2026\/04\/hirve-sarv-M.jpg","contentUrl":"https:\/\/miumjau.ee\/wp-content\/uploads\/2026\/04\/hirve-sarv-M.jpg","width":600,"height":800,"caption":"Hirve sarv Frigera 1tk, M"},{"@type":"BreadcrumbList","@id":"https:\/\/miumjau.ee\/lt\/produktas\/elnio-ragas-frigera-1-vnt-m\/#breadcrumb","itemListElement":[{"@type":"ListItem","position":1,"name":"Home","item":"https:\/\/miumjau.ee\/lt\/"},{"@type":"ListItem","position":2,"name":"Parduotuv\u0117","item":"https:\/\/miumjau.ee\/lt\/parduotuve\/"},{"@type":"ListItem","position":3,"name":"Elnio ragas Frigera 1 vnt., M"}]},{"@type":"WebSite","@id":"https:\/\/miumjau.ee\/#website","url":"https:\/\/miumjau.ee\/","name":"MiuMjau","description":"Kraapimispuud kassidele","publisher":{"@id":"https:\/\/miumjau.ee\/#organization"},"potentialAction":[{"@type":"SearchAction","target":{"@type":"EntryPoint","urlTemplate":"https:\/\/miumjau.ee\/?s={search_term_string}"},"query-input":{"@type":"PropertyValueSpecification","valueRequired":true,"valueName":"search_term_string"}}],"inLanguage":"lt-LT"},{"@type":"Organization","@id":"https:\/\/miumjau.ee\/#organization","name":"MiuMjau O\u00dc","url":"https:\/\/miumjau.ee\/","logo":{"@type":"ImageObject","inLanguage":"lt-LT","@id":"https:\/\/miumjau.ee\/#\/schema\/logo\/image\/","url":"https:\/\/miumjau.ee\/wp-content\/uploads\/2022\/04\/MiuMjau-logo-kollane.png","contentUrl":"https:\/\/miumjau.ee\/wp-content\/uploads\/2022\/04\/MiuMjau-logo-kollane.png","width":219,"height":100,"caption":"MiuMjau O\u00dc"},"image":{"@id":"https:\/\/miumjau.ee\/#\/schema\/logo\/image\/"},"sameAs":["https:\/\/www.facebook.com\/miumjaupood\/"]}]}},"_links":{"self":[{"href":"https:\/\/miumjau.ee\/lt\/wp-json\/wp\/v2\/product\/57791","targetHints":{"allow":["GET"]}}],"collection":[{"href":"https:\/\/miumjau.ee\/lt\/wp-json\/wp\/v2\/product"}],"about":[{"href":"https:\/\/miumjau.ee\/lt\/wp-json\/wp\/v2\/types\/product"}],"wp:featuredmedia":[{"embeddable":true,"href":"https:\/\/miumjau.ee\/lt\/wp-json\/wp\/v2\/media\/57119"}],"wp:attachment":[{"href":"https:\/\/miumjau.ee\/lt\/wp-json\/wp\/v2\/media?parent=57791"}],"wp:term":[{"taxonomy":"product_brand","embeddable":true,"href":"https:\/\/miumjau.ee\/lt\/wp-json\/wp\/v2\/product_brand?post=57791"},{"taxonomy":"product_cat","embeddable":true,"href":"https:\/\/miumjau.ee\/lt\/wp-json\/wp\/v2\/product_cat?post=57791"},{"taxonomy":"product_tag","embeddable":true,"href":"https:\/\/miumjau.ee\/lt\/wp-json\/wp\/v2\/product_tag?post=57791"}],"curies":[{"name":"wp","href":"https:\/\/api.w.org\/{rel}","templated":true}]}}