{"id":57776,"date":"2026-04-08T14:18:34","date_gmt":"2026-04-08T11:18:34","guid":{"rendered":"https:\/\/miumjau.ee\/toode\/buivolo-ragas-s-frigera-1-vnt\/"},"modified":"2026-04-08T14:18:34","modified_gmt":"2026-04-08T11:18:34","slug":"buivolo-ragas-s-frigera-1-vnt","status":"publish","type":"product","link":"https:\/\/miumjau.ee\/lt\/produktas\/buivolo-ragas-s-frigera-1-vnt\/","title":{"rendered":"Buivolo ragas S Frigera, 1 vnt."},"content":{"rendered":"","protected":false},"excerpt":{"rendered":"<p data-start=\"3838\" data-end=\"4071\">Ar j\u016bs\u0173 \u0161uo sugrau\u017eia kiekvien\u0105 skan\u0117st\u0105 per kelias akimirkas? Ar jau i\u0161band\u0117te visus nat\u016bralius kramtymo skan\u0117stus? Neie\u0161kokite toliau \u2013 friGERA buivolo rago galiukai yra prieinamas kramtymo skan\u0117stas, kurio reikia j\u016bs\u0173 augintiniui!<\/p>\n<p data-start=\"4073\" data-end=\"4571\">M\u016bs\u0173 buivolo rago galiukai gaunami i\u0161 laisvai auginam\u0173, \u017eole \u0161eriam\u0173 buivol\u0173. Surinkus jie mirkomi kar\u0161tame vandenyje, valomi ir \u0161lifuojami, kad b\u016bt\u0173 pa\u0161alinti a\u0161tr\u016bs kra\u0161tai, po to kruop\u0161\u010diai d\u017eiovinami. Buivolo rago galiukai sudaryti i\u0161 itin patvaraus keratino ir gali tarnauti savaites ar net m\u0117nesius. Tai ypa\u010d tinkamas pasirinkimas nerimastingiems \u0161unims, turintiems stipr\u0173 kramtymo poreik\u012f, nes intensyvus kramtymas i\u0161skiria daug endorfin\u0173. Tai padeda j\u016bs\u0173 \u0161uniui jaustis laimingam ir ramiam.<\/p>\n<p data-start=\"4573\" data-end=\"4747\">Kadangi jie yra ma\u017eai riebal\u0173 turintys, bet turtingi baltym\u0173, kalcio ir fosforo, jie neturi reik\u0161mingos \u012ftakos \u0161uns svoriui, ta\u010diau palaiko sveik\u0173 kaul\u0173 ir raumen\u0173 vystym\u0105si!<\/p>\n<p data-start=\"4749\" data-end=\"4770\">Grynasis svoris: 80 g<\/p>\n<p data-start=\"4772\" data-end=\"4794\">Sud\u0117tis: 100% buivolas<\/p>\n<p data-start=\"4796\" data-end=\"5003\">\u0160\u0117rimo instrukcijos: Duokite tarp valgym\u0173 kaip skan\u0117st\u0105 ar atlyg\u012f kaip subalansuotos mitybos dal\u012f. Visada pri\u017ei\u016br\u0117kite \u0161un\u012f \u0161\u0117rimo metu. Visada pateikite pakankamai \u0161vie\u017eio vandens.<br data-start=\"4977\" data-end=\"4980\" \/>Netinka \u017emoni\u0173 maistui.<\/p>\n<p data-start=\"5005\" data-end=\"5076\">Analitin\u0117s sudedamosios dalys: Baltymai 82,5%; Riebalai 4,5%; Dr\u0117gm\u0117 5%<\/p>\n","protected":false},"featured_media":57143,"template":"","meta":[],"product_brand":[],"product_cat":[540],"product_tag":[],"class_list":{"0":"post-57776","1":"product","2":"type-product","3":"status-publish","4":"has-post-thumbnail","6":"product_cat-skanestai-sunims","8":"first","9":"instock","10":"taxable","11":"shipping-taxable","12":"purchasable","13":"product-type-simple"},"yoast_head":"<!-- This site is optimized with the Yoast SEO plugin v27.2 - https:\/\/yoast.com\/product\/yoast-seo-wordpress\/ -->\n<title>Buivolo ragas S Frigera, 1 vnt. - MiuMjau<\/title>\n<meta name=\"robots\" content=\"index, follow, max-snippet:-1, max-image-preview:large, max-video-preview:-1\" \/>\n<link rel=\"canonical\" href=\"https:\/\/miumjau.ee\/lt\/produktas\/buivolo-ragas-s-frigera-1-vnt\/\" \/>\n<meta property=\"og:locale\" content=\"lt_LT\" \/>\n<meta property=\"og:type\" content=\"article\" \/>\n<meta property=\"og:title\" content=\"Buivolo ragas S Frigera, 1 vnt. - MiuMjau\" \/>\n<meta property=\"og:description\" content=\"Ar j\u016bs\u0173 \u0161uo sugrau\u017eia kiekvien\u0105 skan\u0117st\u0105 per kelias akimirkas? Ar jau i\u0161band\u0117te visus nat\u016bralius kramtymo skan\u0117stus? Neie\u0161kokite toliau \u2013 friGERA buivolo rago galiukai yra prieinamas kramtymo skan\u0117stas, kurio reikia j\u016bs\u0173 augintiniui! M\u016bs\u0173 buivolo rago galiukai gaunami i\u0161 laisvai auginam\u0173, \u017eole \u0161eriam\u0173 buivol\u0173. Surinkus jie mirkomi kar\u0161tame vandenyje, valomi ir \u0161lifuojami, kad b\u016bt\u0173 pa\u0161alinti a\u0161tr\u016bs kra\u0161tai, po to kruop\u0161\u010diai d\u017eiovinami. Buivolo rago galiukai sudaryti i\u0161 itin patvaraus keratino ir gali tarnauti savaites ar net m\u0117nesius. Tai ypa\u010d tinkamas pasirinkimas nerimastingiems \u0161unims, turintiems stipr\u0173 kramtymo poreik\u012f, nes intensyvus kramtymas i\u0161skiria daug endorfin\u0173. Tai padeda j\u016bs\u0173 \u0161uniui jaustis laimingam ir ramiam. Kadangi jie yra ma\u017eai riebal\u0173 turintys, bet turtingi baltym\u0173, kalcio ir fosforo, jie neturi reik\u0161mingos \u012ftakos \u0161uns svoriui, ta\u010diau palaiko sveik\u0173 kaul\u0173 ir raumen\u0173 vystym\u0105si! Grynasis svoris: 80 g Sud\u0117tis: 100% buivolas \u0160\u0117rimo instrukcijos: Duokite tarp valgym\u0173 kaip skan\u0117st\u0105 ar atlyg\u012f kaip subalansuotos mitybos dal\u012f. Visada pri\u017ei\u016br\u0117kite \u0161un\u012f \u0161\u0117rimo metu. Visada pateikite pakankamai \u0161vie\u017eio vandens.Netinka \u017emoni\u0173 maistui. Analitin\u0117s sudedamosios dalys: Baltymai 82,5%; Riebalai 4,5%; Dr\u0117gm\u0117 5%\" \/>\n<meta property=\"og:url\" content=\"https:\/\/miumjau.ee\/lt\/produktas\/buivolo-ragas-s-frigera-1-vnt\/\" \/>\n<meta property=\"og:site_name\" content=\"MiuMjau\" \/>\n<meta property=\"article:publisher\" content=\"https:\/\/www.facebook.com\/miumjaupood\/\" \/>\n<meta property=\"og:image\" content=\"https:\/\/miumjau.ee\/wp-content\/uploads\/2026\/04\/puhvli-sarv-S.jpg\" \/>\n\t<meta property=\"og:image:width\" content=\"600\" \/>\n\t<meta property=\"og:image:height\" content=\"800\" \/>\n\t<meta property=\"og:image:type\" content=\"image\/jpeg\" \/>\n<meta name=\"twitter:card\" content=\"summary_large_image\" \/>\n<script type=\"application\/ld+json\" class=\"yoast-schema-graph\">{\"@context\":\"https:\/\/schema.org\",\"@graph\":[{\"@type\":\"WebPage\",\"@id\":\"https:\/\/miumjau.ee\/lt\/produktas\/buivolo-ragas-s-frigera-1-vnt\/\",\"url\":\"https:\/\/miumjau.ee\/lt\/produktas\/buivolo-ragas-s-frigera-1-vnt\/\",\"name\":\"Buivolo ragas S Frigera, 1 vnt. - MiuMjau\",\"isPartOf\":{\"@id\":\"https:\/\/miumjau.ee\/#website\"},\"primaryImageOfPage\":{\"@id\":\"https:\/\/miumjau.ee\/lt\/produktas\/buivolo-ragas-s-frigera-1-vnt\/#primaryimage\"},\"image\":{\"@id\":\"https:\/\/miumjau.ee\/lt\/produktas\/buivolo-ragas-s-frigera-1-vnt\/#primaryimage\"},\"thumbnailUrl\":\"https:\/\/miumjau.ee\/wp-content\/uploads\/2026\/04\/puhvli-sarv-S.jpg\",\"datePublished\":\"2026-04-08T11:18:34+00:00\",\"breadcrumb\":{\"@id\":\"https:\/\/miumjau.ee\/lt\/produktas\/buivolo-ragas-s-frigera-1-vnt\/#breadcrumb\"},\"inLanguage\":\"lt-LT\",\"potentialAction\":[{\"@type\":\"ReadAction\",\"target\":[\"https:\/\/miumjau.ee\/lt\/produktas\/buivolo-ragas-s-frigera-1-vnt\/\"]}]},{\"@type\":\"ImageObject\",\"inLanguage\":\"lt-LT\",\"@id\":\"https:\/\/miumjau.ee\/lt\/produktas\/buivolo-ragas-s-frigera-1-vnt\/#primaryimage\",\"url\":\"https:\/\/miumjau.ee\/wp-content\/uploads\/2026\/04\/puhvli-sarv-S.jpg\",\"contentUrl\":\"https:\/\/miumjau.ee\/wp-content\/uploads\/2026\/04\/puhvli-sarv-S.jpg\",\"width\":600,\"height\":800,\"caption\":\"P\u00fchvli sarv S Frigera, 1 tk\"},{\"@type\":\"BreadcrumbList\",\"@id\":\"https:\/\/miumjau.ee\/lt\/produktas\/buivolo-ragas-s-frigera-1-vnt\/#breadcrumb\",\"itemListElement\":[{\"@type\":\"ListItem\",\"position\":1,\"name\":\"Home\",\"item\":\"https:\/\/miumjau.ee\/lt\/\"},{\"@type\":\"ListItem\",\"position\":2,\"name\":\"Parduotuv\u0117\",\"item\":\"https:\/\/miumjau.ee\/lt\/parduotuve\/\"},{\"@type\":\"ListItem\",\"position\":3,\"name\":\"Buivolo ragas S Frigera, 1 vnt.\"}]},{\"@type\":\"WebSite\",\"@id\":\"https:\/\/miumjau.ee\/#website\",\"url\":\"https:\/\/miumjau.ee\/\",\"name\":\"MiuMjau\",\"description\":\"Kraapimispuud kassidele\",\"publisher\":{\"@id\":\"https:\/\/miumjau.ee\/#organization\"},\"potentialAction\":[{\"@type\":\"SearchAction\",\"target\":{\"@type\":\"EntryPoint\",\"urlTemplate\":\"https:\/\/miumjau.ee\/?s={search_term_string}\"},\"query-input\":{\"@type\":\"PropertyValueSpecification\",\"valueRequired\":true,\"valueName\":\"search_term_string\"}}],\"inLanguage\":\"lt-LT\"},{\"@type\":\"Organization\",\"@id\":\"https:\/\/miumjau.ee\/#organization\",\"name\":\"MiuMjau O\u00dc\",\"url\":\"https:\/\/miumjau.ee\/\",\"logo\":{\"@type\":\"ImageObject\",\"inLanguage\":\"lt-LT\",\"@id\":\"https:\/\/miumjau.ee\/#\/schema\/logo\/image\/\",\"url\":\"https:\/\/miumjau.ee\/wp-content\/uploads\/2022\/04\/MiuMjau-logo-kollane.png\",\"contentUrl\":\"https:\/\/miumjau.ee\/wp-content\/uploads\/2022\/04\/MiuMjau-logo-kollane.png\",\"width\":219,\"height\":100,\"caption\":\"MiuMjau O\u00dc\"},\"image\":{\"@id\":\"https:\/\/miumjau.ee\/#\/schema\/logo\/image\/\"},\"sameAs\":[\"https:\/\/www.facebook.com\/miumjaupood\/\"]}]}<\/script>\n<!-- \/ Yoast SEO plugin. -->","yoast_head_json":{"title":"Buivolo ragas S Frigera, 1 vnt. - MiuMjau","robots":{"index":"index","follow":"follow","max-snippet":"max-snippet:-1","max-image-preview":"max-image-preview:large","max-video-preview":"max-video-preview:-1"},"canonical":"https:\/\/miumjau.ee\/lt\/produktas\/buivolo-ragas-s-frigera-1-vnt\/","og_locale":"lt_LT","og_type":"article","og_title":"Buivolo ragas S Frigera, 1 vnt. - MiuMjau","og_description":"Ar j\u016bs\u0173 \u0161uo sugrau\u017eia kiekvien\u0105 skan\u0117st\u0105 per kelias akimirkas? Ar jau i\u0161band\u0117te visus nat\u016bralius kramtymo skan\u0117stus? Neie\u0161kokite toliau \u2013 friGERA buivolo rago galiukai yra prieinamas kramtymo skan\u0117stas, kurio reikia j\u016bs\u0173 augintiniui! M\u016bs\u0173 buivolo rago galiukai gaunami i\u0161 laisvai auginam\u0173, \u017eole \u0161eriam\u0173 buivol\u0173. Surinkus jie mirkomi kar\u0161tame vandenyje, valomi ir \u0161lifuojami, kad b\u016bt\u0173 pa\u0161alinti a\u0161tr\u016bs kra\u0161tai, po to kruop\u0161\u010diai d\u017eiovinami. Buivolo rago galiukai sudaryti i\u0161 itin patvaraus keratino ir gali tarnauti savaites ar net m\u0117nesius. Tai ypa\u010d tinkamas pasirinkimas nerimastingiems \u0161unims, turintiems stipr\u0173 kramtymo poreik\u012f, nes intensyvus kramtymas i\u0161skiria daug endorfin\u0173. Tai padeda j\u016bs\u0173 \u0161uniui jaustis laimingam ir ramiam. Kadangi jie yra ma\u017eai riebal\u0173 turintys, bet turtingi baltym\u0173, kalcio ir fosforo, jie neturi reik\u0161mingos \u012ftakos \u0161uns svoriui, ta\u010diau palaiko sveik\u0173 kaul\u0173 ir raumen\u0173 vystym\u0105si! Grynasis svoris: 80 g Sud\u0117tis: 100% buivolas \u0160\u0117rimo instrukcijos: Duokite tarp valgym\u0173 kaip skan\u0117st\u0105 ar atlyg\u012f kaip subalansuotos mitybos dal\u012f. Visada pri\u017ei\u016br\u0117kite \u0161un\u012f \u0161\u0117rimo metu. Visada pateikite pakankamai \u0161vie\u017eio vandens.Netinka \u017emoni\u0173 maistui. Analitin\u0117s sudedamosios dalys: Baltymai 82,5%; Riebalai 4,5%; Dr\u0117gm\u0117 5%","og_url":"https:\/\/miumjau.ee\/lt\/produktas\/buivolo-ragas-s-frigera-1-vnt\/","og_site_name":"MiuMjau","article_publisher":"https:\/\/www.facebook.com\/miumjaupood\/","og_image":[{"width":600,"height":800,"url":"https:\/\/miumjau.ee\/wp-content\/uploads\/2026\/04\/puhvli-sarv-S.jpg","type":"image\/jpeg"}],"twitter_card":"summary_large_image","schema":{"@context":"https:\/\/schema.org","@graph":[{"@type":"WebPage","@id":"https:\/\/miumjau.ee\/lt\/produktas\/buivolo-ragas-s-frigera-1-vnt\/","url":"https:\/\/miumjau.ee\/lt\/produktas\/buivolo-ragas-s-frigera-1-vnt\/","name":"Buivolo ragas S Frigera, 1 vnt. - MiuMjau","isPartOf":{"@id":"https:\/\/miumjau.ee\/#website"},"primaryImageOfPage":{"@id":"https:\/\/miumjau.ee\/lt\/produktas\/buivolo-ragas-s-frigera-1-vnt\/#primaryimage"},"image":{"@id":"https:\/\/miumjau.ee\/lt\/produktas\/buivolo-ragas-s-frigera-1-vnt\/#primaryimage"},"thumbnailUrl":"https:\/\/miumjau.ee\/wp-content\/uploads\/2026\/04\/puhvli-sarv-S.jpg","datePublished":"2026-04-08T11:18:34+00:00","breadcrumb":{"@id":"https:\/\/miumjau.ee\/lt\/produktas\/buivolo-ragas-s-frigera-1-vnt\/#breadcrumb"},"inLanguage":"lt-LT","potentialAction":[{"@type":"ReadAction","target":["https:\/\/miumjau.ee\/lt\/produktas\/buivolo-ragas-s-frigera-1-vnt\/"]}]},{"@type":"ImageObject","inLanguage":"lt-LT","@id":"https:\/\/miumjau.ee\/lt\/produktas\/buivolo-ragas-s-frigera-1-vnt\/#primaryimage","url":"https:\/\/miumjau.ee\/wp-content\/uploads\/2026\/04\/puhvli-sarv-S.jpg","contentUrl":"https:\/\/miumjau.ee\/wp-content\/uploads\/2026\/04\/puhvli-sarv-S.jpg","width":600,"height":800,"caption":"P\u00fchvli sarv S Frigera, 1 tk"},{"@type":"BreadcrumbList","@id":"https:\/\/miumjau.ee\/lt\/produktas\/buivolo-ragas-s-frigera-1-vnt\/#breadcrumb","itemListElement":[{"@type":"ListItem","position":1,"name":"Home","item":"https:\/\/miumjau.ee\/lt\/"},{"@type":"ListItem","position":2,"name":"Parduotuv\u0117","item":"https:\/\/miumjau.ee\/lt\/parduotuve\/"},{"@type":"ListItem","position":3,"name":"Buivolo ragas S Frigera, 1 vnt."}]},{"@type":"WebSite","@id":"https:\/\/miumjau.ee\/#website","url":"https:\/\/miumjau.ee\/","name":"MiuMjau","description":"Kraapimispuud kassidele","publisher":{"@id":"https:\/\/miumjau.ee\/#organization"},"potentialAction":[{"@type":"SearchAction","target":{"@type":"EntryPoint","urlTemplate":"https:\/\/miumjau.ee\/?s={search_term_string}"},"query-input":{"@type":"PropertyValueSpecification","valueRequired":true,"valueName":"search_term_string"}}],"inLanguage":"lt-LT"},{"@type":"Organization","@id":"https:\/\/miumjau.ee\/#organization","name":"MiuMjau O\u00dc","url":"https:\/\/miumjau.ee\/","logo":{"@type":"ImageObject","inLanguage":"lt-LT","@id":"https:\/\/miumjau.ee\/#\/schema\/logo\/image\/","url":"https:\/\/miumjau.ee\/wp-content\/uploads\/2022\/04\/MiuMjau-logo-kollane.png","contentUrl":"https:\/\/miumjau.ee\/wp-content\/uploads\/2022\/04\/MiuMjau-logo-kollane.png","width":219,"height":100,"caption":"MiuMjau O\u00dc"},"image":{"@id":"https:\/\/miumjau.ee\/#\/schema\/logo\/image\/"},"sameAs":["https:\/\/www.facebook.com\/miumjaupood\/"]}]}},"_links":{"self":[{"href":"https:\/\/miumjau.ee\/lt\/wp-json\/wp\/v2\/product\/57776","targetHints":{"allow":["GET"]}}],"collection":[{"href":"https:\/\/miumjau.ee\/lt\/wp-json\/wp\/v2\/product"}],"about":[{"href":"https:\/\/miumjau.ee\/lt\/wp-json\/wp\/v2\/types\/product"}],"wp:featuredmedia":[{"embeddable":true,"href":"https:\/\/miumjau.ee\/lt\/wp-json\/wp\/v2\/media\/57143"}],"wp:attachment":[{"href":"https:\/\/miumjau.ee\/lt\/wp-json\/wp\/v2\/media?parent=57776"}],"wp:term":[{"taxonomy":"product_brand","embeddable":true,"href":"https:\/\/miumjau.ee\/lt\/wp-json\/wp\/v2\/product_brand?post=57776"},{"taxonomy":"product_cat","embeddable":true,"href":"https:\/\/miumjau.ee\/lt\/wp-json\/wp\/v2\/product_cat?post=57776"},{"taxonomy":"product_tag","embeddable":true,"href":"https:\/\/miumjau.ee\/lt\/wp-json\/wp\/v2\/product_tag?post=57776"}],"curies":[{"name":"wp","href":"https:\/\/api.w.org\/{rel}","templated":true}]}}