{"id":57772,"date":"2026-04-08T14:18:36","date_gmt":"2026-04-08T11:18:36","guid":{"rendered":"https:\/\/miumjau.ee\/toode\/jautienos-galvos-oda-su-plaukais-frigera-60-cm-1-vnt\/"},"modified":"2026-04-08T14:18:36","modified_gmt":"2026-04-08T11:18:36","slug":"jautienos-galvos-oda-su-plaukais-frigera-60-cm-1-vnt","status":"publish","type":"product","link":"https:\/\/miumjau.ee\/lt\/produktas\/jautienos-galvos-oda-su-plaukais-frigera-60-cm-1-vnt\/","title":{"rendered":"Jautienos galvos oda su plaukais Frigera 60 cm, 1 vnt."},"content":{"rendered":"","protected":false},"excerpt":{"rendered":"<p data-start=\"4715\" data-end=\"4863\">FriGERA premium jautienos oda \u2013 idealiai tinka \u0161unims, turintiems labai stipr\u0173 kramtymo poreik\u012f, dabar lazdel\u0117s formos ilgesniam kramtymo malonumui!<\/p>\n<p data-start=\"4865\" data-end=\"5182\">M\u016bs\u0173 premium jautienos oda yra skanus skan\u0117stas, pagamintas i\u0161 \u0161velniai d\u017eiovintos, storos nat\u016bralios odos i\u0161 auk\u0161\u010diausios kokyb\u0117s Vokietijos galvij\u0173. \u0160is skan\u0117stas yra turtingas baltym\u0173, ma\u017eai riebal\u0173 turintis ir neturi dirbtini\u0173 da\u017eikli\u0173 ar konservant\u0173. Didelis kolageno kiekis padeda palaikyti sveik\u0105 od\u0105 ir kail\u012f.<\/p>\n<p data-start=\"5184\" data-end=\"5348\">Be to, plaukai gali pad\u0117ti palaikyti nat\u016bral\u0173 \u0161uns \u017earnyno valym\u0105si! Tai gerai atitinka nat\u016bral\u0173 \u0161un\u0173 elges\u012f, kai jie su\u0117da grob\u012f vis\u0105, \u012fskaitant plaukus ir kaulus.<\/p>\n<p data-start=\"5350\" data-end=\"5775\">Kadangi j\u016bs\u0173 augintinis turi ypa\u010d pasistengti kramtydamas, kad oda sumink\u0161t\u0117t\u0173, \u0161is skan\u0117stas su b\u016bdingu kvapu idealiai tinka u\u017eimti j\u012f dar ilgesniam laikui ir tuo pa\u010diu stiprinti \u017eandikaulio raumenis. Kaip vy\u0161nia ant torto \u2013 jis taip pat palaiko sveikus dantis ir dantenas bei gerina psichologin\u0119 savijaut\u0105! Ilga forma skatina \u0161un\u012f b\u016bti i\u0161radingu ir k\u016brybingu, suteikia \u017eaismingumo ir psichin\u0117s stimuliacijos. Puiki pramoga!<\/p>\n<p data-start=\"5777\" data-end=\"5808\">Grynasis svoris: apie 200\u2013220 g<\/p>\n<p data-start=\"5810\" data-end=\"6016\">\u0160\u0117rimo instrukcijos<br data-start=\"5829\" data-end=\"5832\" \/>Duokite tarp valgym\u0173 kaip skan\u0117st\u0105 ar atlyg\u012f kaip subalansuotos mitybos dal\u012f. Visada pri\u017ei\u016br\u0117kite \u0161un\u012f \u0161\u0117rimo metu. Visada pateikite pakankamai \u0161vie\u017eio vandens. Netinka \u017emoni\u0173 maistui.<\/p>\n<p data-start=\"6018\" data-end=\"6161\">PS: D\u0117l ilgio nesiun\u010diame \u012f pa\u0161tomatus, ta\u010diau galimas pristatymas kurjeriu \ud83d\ude42 Produktas yra be pakuot\u0117s, supakuojamas \u012f pl\u0117vel\u0119 arba popieri\u0173.<\/p>\n","protected":false},"featured_media":57161,"template":"","meta":[],"product_brand":[],"product_cat":[540],"product_tag":[],"class_list":{"0":"post-57772","1":"product","2":"type-product","3":"status-publish","4":"has-post-thumbnail","6":"product_cat-skanestai-sunims","8":"first","9":"instock","10":"taxable","11":"shipping-taxable","12":"purchasable","13":"product-type-simple"},"yoast_head":"<!-- This site is optimized with the Yoast SEO plugin v27.2 - https:\/\/yoast.com\/product\/yoast-seo-wordpress\/ -->\n<title>Jautienos galvos oda su plaukais Frigera 60 cm, 1 vnt. - MiuMjau<\/title>\n<meta name=\"robots\" content=\"index, follow, max-snippet:-1, max-image-preview:large, max-video-preview:-1\" \/>\n<link rel=\"canonical\" href=\"https:\/\/miumjau.ee\/lt\/produktas\/jautienos-galvos-oda-su-plaukais-frigera-60-cm-1-vnt\/\" \/>\n<meta property=\"og:locale\" content=\"lt_LT\" \/>\n<meta property=\"og:type\" content=\"article\" \/>\n<meta property=\"og:title\" content=\"Jautienos galvos oda su plaukais Frigera 60 cm, 1 vnt. - MiuMjau\" \/>\n<meta property=\"og:description\" content=\"FriGERA premium jautienos oda \u2013 idealiai tinka \u0161unims, turintiems labai stipr\u0173 kramtymo poreik\u012f, dabar lazdel\u0117s formos ilgesniam kramtymo malonumui! M\u016bs\u0173 premium jautienos oda yra skanus skan\u0117stas, pagamintas i\u0161 \u0161velniai d\u017eiovintos, storos nat\u016bralios odos i\u0161 auk\u0161\u010diausios kokyb\u0117s Vokietijos galvij\u0173. \u0160is skan\u0117stas yra turtingas baltym\u0173, ma\u017eai riebal\u0173 turintis ir neturi dirbtini\u0173 da\u017eikli\u0173 ar konservant\u0173. Didelis kolageno kiekis padeda palaikyti sveik\u0105 od\u0105 ir kail\u012f. Be to, plaukai gali pad\u0117ti palaikyti nat\u016bral\u0173 \u0161uns \u017earnyno valym\u0105si! Tai gerai atitinka nat\u016bral\u0173 \u0161un\u0173 elges\u012f, kai jie su\u0117da grob\u012f vis\u0105, \u012fskaitant plaukus ir kaulus. Kadangi j\u016bs\u0173 augintinis turi ypa\u010d pasistengti kramtydamas, kad oda sumink\u0161t\u0117t\u0173, \u0161is skan\u0117stas su b\u016bdingu kvapu idealiai tinka u\u017eimti j\u012f dar ilgesniam laikui ir tuo pa\u010diu stiprinti \u017eandikaulio raumenis. Kaip vy\u0161nia ant torto \u2013 jis taip pat palaiko sveikus dantis ir dantenas bei gerina psichologin\u0119 savijaut\u0105! Ilga forma skatina \u0161un\u012f b\u016bti i\u0161radingu ir k\u016brybingu, suteikia \u017eaismingumo ir psichin\u0117s stimuliacijos. Puiki pramoga! Grynasis svoris: apie 200\u2013220 g \u0160\u0117rimo instrukcijosDuokite tarp valgym\u0173 kaip skan\u0117st\u0105 ar atlyg\u012f kaip subalansuotos mitybos dal\u012f. Visada pri\u017ei\u016br\u0117kite \u0161un\u012f \u0161\u0117rimo metu. Visada pateikite pakankamai \u0161vie\u017eio vandens. Netinka \u017emoni\u0173 maistui. PS: D\u0117l ilgio nesiun\u010diame \u012f pa\u0161tomatus, ta\u010diau galimas pristatymas kurjeriu \ud83d\ude42 Produktas yra be pakuot\u0117s, supakuojamas \u012f pl\u0117vel\u0119 arba popieri\u0173.\" \/>\n<meta property=\"og:url\" content=\"https:\/\/miumjau.ee\/lt\/produktas\/jautienos-galvos-oda-su-plaukais-frigera-60-cm-1-vnt\/\" \/>\n<meta property=\"og:site_name\" content=\"MiuMjau\" \/>\n<meta property=\"article:publisher\" content=\"https:\/\/www.facebook.com\/miumjaupood\/\" \/>\n<meta property=\"og:image\" content=\"https:\/\/miumjau.ee\/wp-content\/uploads\/2026\/04\/veise-peanahk-karvaga-60cm.jpg\" \/>\n\t<meta property=\"og:image:width\" content=\"600\" \/>\n\t<meta property=\"og:image:height\" content=\"800\" \/>\n\t<meta property=\"og:image:type\" content=\"image\/jpeg\" \/>\n<meta name=\"twitter:card\" content=\"summary_large_image\" \/>\n<script type=\"application\/ld+json\" class=\"yoast-schema-graph\">{\"@context\":\"https:\/\/schema.org\",\"@graph\":[{\"@type\":\"WebPage\",\"@id\":\"https:\/\/miumjau.ee\/lt\/produktas\/jautienos-galvos-oda-su-plaukais-frigera-60-cm-1-vnt\/\",\"url\":\"https:\/\/miumjau.ee\/lt\/produktas\/jautienos-galvos-oda-su-plaukais-frigera-60-cm-1-vnt\/\",\"name\":\"Jautienos galvos oda su plaukais Frigera 60 cm, 1 vnt. - MiuMjau\",\"isPartOf\":{\"@id\":\"https:\/\/miumjau.ee\/#website\"},\"primaryImageOfPage\":{\"@id\":\"https:\/\/miumjau.ee\/lt\/produktas\/jautienos-galvos-oda-su-plaukais-frigera-60-cm-1-vnt\/#primaryimage\"},\"image\":{\"@id\":\"https:\/\/miumjau.ee\/lt\/produktas\/jautienos-galvos-oda-su-plaukais-frigera-60-cm-1-vnt\/#primaryimage\"},\"thumbnailUrl\":\"https:\/\/miumjau.ee\/wp-content\/uploads\/2026\/04\/veise-peanahk-karvaga-60cm.jpg\",\"datePublished\":\"2026-04-08T11:18:36+00:00\",\"breadcrumb\":{\"@id\":\"https:\/\/miumjau.ee\/lt\/produktas\/jautienos-galvos-oda-su-plaukais-frigera-60-cm-1-vnt\/#breadcrumb\"},\"inLanguage\":\"lt-LT\",\"potentialAction\":[{\"@type\":\"ReadAction\",\"target\":[\"https:\/\/miumjau.ee\/lt\/produktas\/jautienos-galvos-oda-su-plaukais-frigera-60-cm-1-vnt\/\"]}]},{\"@type\":\"ImageObject\",\"inLanguage\":\"lt-LT\",\"@id\":\"https:\/\/miumjau.ee\/lt\/produktas\/jautienos-galvos-oda-su-plaukais-frigera-60-cm-1-vnt\/#primaryimage\",\"url\":\"https:\/\/miumjau.ee\/wp-content\/uploads\/2026\/04\/veise-peanahk-karvaga-60cm.jpg\",\"contentUrl\":\"https:\/\/miumjau.ee\/wp-content\/uploads\/2026\/04\/veise-peanahk-karvaga-60cm.jpg\",\"width\":600,\"height\":800,\"caption\":\"Veise peanahk karvadega Frigera 60cm, 1tk\"},{\"@type\":\"BreadcrumbList\",\"@id\":\"https:\/\/miumjau.ee\/lt\/produktas\/jautienos-galvos-oda-su-plaukais-frigera-60-cm-1-vnt\/#breadcrumb\",\"itemListElement\":[{\"@type\":\"ListItem\",\"position\":1,\"name\":\"Home\",\"item\":\"https:\/\/miumjau.ee\/lt\/\"},{\"@type\":\"ListItem\",\"position\":2,\"name\":\"Parduotuv\u0117\",\"item\":\"https:\/\/miumjau.ee\/lt\/parduotuve\/\"},{\"@type\":\"ListItem\",\"position\":3,\"name\":\"Jautienos galvos oda su plaukais Frigera 60 cm, 1 vnt.\"}]},{\"@type\":\"WebSite\",\"@id\":\"https:\/\/miumjau.ee\/#website\",\"url\":\"https:\/\/miumjau.ee\/\",\"name\":\"MiuMjau\",\"description\":\"Kraapimispuud kassidele\",\"publisher\":{\"@id\":\"https:\/\/miumjau.ee\/#organization\"},\"potentialAction\":[{\"@type\":\"SearchAction\",\"target\":{\"@type\":\"EntryPoint\",\"urlTemplate\":\"https:\/\/miumjau.ee\/?s={search_term_string}\"},\"query-input\":{\"@type\":\"PropertyValueSpecification\",\"valueRequired\":true,\"valueName\":\"search_term_string\"}}],\"inLanguage\":\"lt-LT\"},{\"@type\":\"Organization\",\"@id\":\"https:\/\/miumjau.ee\/#organization\",\"name\":\"MiuMjau O\u00dc\",\"url\":\"https:\/\/miumjau.ee\/\",\"logo\":{\"@type\":\"ImageObject\",\"inLanguage\":\"lt-LT\",\"@id\":\"https:\/\/miumjau.ee\/#\/schema\/logo\/image\/\",\"url\":\"https:\/\/miumjau.ee\/wp-content\/uploads\/2022\/04\/MiuMjau-logo-kollane.png\",\"contentUrl\":\"https:\/\/miumjau.ee\/wp-content\/uploads\/2022\/04\/MiuMjau-logo-kollane.png\",\"width\":219,\"height\":100,\"caption\":\"MiuMjau O\u00dc\"},\"image\":{\"@id\":\"https:\/\/miumjau.ee\/#\/schema\/logo\/image\/\"},\"sameAs\":[\"https:\/\/www.facebook.com\/miumjaupood\/\"]}]}<\/script>\n<!-- \/ Yoast SEO plugin. -->","yoast_head_json":{"title":"Jautienos galvos oda su plaukais Frigera 60 cm, 1 vnt. - MiuMjau","robots":{"index":"index","follow":"follow","max-snippet":"max-snippet:-1","max-image-preview":"max-image-preview:large","max-video-preview":"max-video-preview:-1"},"canonical":"https:\/\/miumjau.ee\/lt\/produktas\/jautienos-galvos-oda-su-plaukais-frigera-60-cm-1-vnt\/","og_locale":"lt_LT","og_type":"article","og_title":"Jautienos galvos oda su plaukais Frigera 60 cm, 1 vnt. - MiuMjau","og_description":"FriGERA premium jautienos oda \u2013 idealiai tinka \u0161unims, turintiems labai stipr\u0173 kramtymo poreik\u012f, dabar lazdel\u0117s formos ilgesniam kramtymo malonumui! M\u016bs\u0173 premium jautienos oda yra skanus skan\u0117stas, pagamintas i\u0161 \u0161velniai d\u017eiovintos, storos nat\u016bralios odos i\u0161 auk\u0161\u010diausios kokyb\u0117s Vokietijos galvij\u0173. \u0160is skan\u0117stas yra turtingas baltym\u0173, ma\u017eai riebal\u0173 turintis ir neturi dirbtini\u0173 da\u017eikli\u0173 ar konservant\u0173. Didelis kolageno kiekis padeda palaikyti sveik\u0105 od\u0105 ir kail\u012f. Be to, plaukai gali pad\u0117ti palaikyti nat\u016bral\u0173 \u0161uns \u017earnyno valym\u0105si! Tai gerai atitinka nat\u016bral\u0173 \u0161un\u0173 elges\u012f, kai jie su\u0117da grob\u012f vis\u0105, \u012fskaitant plaukus ir kaulus. Kadangi j\u016bs\u0173 augintinis turi ypa\u010d pasistengti kramtydamas, kad oda sumink\u0161t\u0117t\u0173, \u0161is skan\u0117stas su b\u016bdingu kvapu idealiai tinka u\u017eimti j\u012f dar ilgesniam laikui ir tuo pa\u010diu stiprinti \u017eandikaulio raumenis. Kaip vy\u0161nia ant torto \u2013 jis taip pat palaiko sveikus dantis ir dantenas bei gerina psichologin\u0119 savijaut\u0105! Ilga forma skatina \u0161un\u012f b\u016bti i\u0161radingu ir k\u016brybingu, suteikia \u017eaismingumo ir psichin\u0117s stimuliacijos. Puiki pramoga! Grynasis svoris: apie 200\u2013220 g \u0160\u0117rimo instrukcijosDuokite tarp valgym\u0173 kaip skan\u0117st\u0105 ar atlyg\u012f kaip subalansuotos mitybos dal\u012f. Visada pri\u017ei\u016br\u0117kite \u0161un\u012f \u0161\u0117rimo metu. Visada pateikite pakankamai \u0161vie\u017eio vandens. Netinka \u017emoni\u0173 maistui. PS: D\u0117l ilgio nesiun\u010diame \u012f pa\u0161tomatus, ta\u010diau galimas pristatymas kurjeriu \ud83d\ude42 Produktas yra be pakuot\u0117s, supakuojamas \u012f pl\u0117vel\u0119 arba popieri\u0173.","og_url":"https:\/\/miumjau.ee\/lt\/produktas\/jautienos-galvos-oda-su-plaukais-frigera-60-cm-1-vnt\/","og_site_name":"MiuMjau","article_publisher":"https:\/\/www.facebook.com\/miumjaupood\/","og_image":[{"width":600,"height":800,"url":"https:\/\/miumjau.ee\/wp-content\/uploads\/2026\/04\/veise-peanahk-karvaga-60cm.jpg","type":"image\/jpeg"}],"twitter_card":"summary_large_image","schema":{"@context":"https:\/\/schema.org","@graph":[{"@type":"WebPage","@id":"https:\/\/miumjau.ee\/lt\/produktas\/jautienos-galvos-oda-su-plaukais-frigera-60-cm-1-vnt\/","url":"https:\/\/miumjau.ee\/lt\/produktas\/jautienos-galvos-oda-su-plaukais-frigera-60-cm-1-vnt\/","name":"Jautienos galvos oda su plaukais Frigera 60 cm, 1 vnt. - MiuMjau","isPartOf":{"@id":"https:\/\/miumjau.ee\/#website"},"primaryImageOfPage":{"@id":"https:\/\/miumjau.ee\/lt\/produktas\/jautienos-galvos-oda-su-plaukais-frigera-60-cm-1-vnt\/#primaryimage"},"image":{"@id":"https:\/\/miumjau.ee\/lt\/produktas\/jautienos-galvos-oda-su-plaukais-frigera-60-cm-1-vnt\/#primaryimage"},"thumbnailUrl":"https:\/\/miumjau.ee\/wp-content\/uploads\/2026\/04\/veise-peanahk-karvaga-60cm.jpg","datePublished":"2026-04-08T11:18:36+00:00","breadcrumb":{"@id":"https:\/\/miumjau.ee\/lt\/produktas\/jautienos-galvos-oda-su-plaukais-frigera-60-cm-1-vnt\/#breadcrumb"},"inLanguage":"lt-LT","potentialAction":[{"@type":"ReadAction","target":["https:\/\/miumjau.ee\/lt\/produktas\/jautienos-galvos-oda-su-plaukais-frigera-60-cm-1-vnt\/"]}]},{"@type":"ImageObject","inLanguage":"lt-LT","@id":"https:\/\/miumjau.ee\/lt\/produktas\/jautienos-galvos-oda-su-plaukais-frigera-60-cm-1-vnt\/#primaryimage","url":"https:\/\/miumjau.ee\/wp-content\/uploads\/2026\/04\/veise-peanahk-karvaga-60cm.jpg","contentUrl":"https:\/\/miumjau.ee\/wp-content\/uploads\/2026\/04\/veise-peanahk-karvaga-60cm.jpg","width":600,"height":800,"caption":"Veise peanahk karvadega Frigera 60cm, 1tk"},{"@type":"BreadcrumbList","@id":"https:\/\/miumjau.ee\/lt\/produktas\/jautienos-galvos-oda-su-plaukais-frigera-60-cm-1-vnt\/#breadcrumb","itemListElement":[{"@type":"ListItem","position":1,"name":"Home","item":"https:\/\/miumjau.ee\/lt\/"},{"@type":"ListItem","position":2,"name":"Parduotuv\u0117","item":"https:\/\/miumjau.ee\/lt\/parduotuve\/"},{"@type":"ListItem","position":3,"name":"Jautienos galvos oda su plaukais Frigera 60 cm, 1 vnt."}]},{"@type":"WebSite","@id":"https:\/\/miumjau.ee\/#website","url":"https:\/\/miumjau.ee\/","name":"MiuMjau","description":"Kraapimispuud kassidele","publisher":{"@id":"https:\/\/miumjau.ee\/#organization"},"potentialAction":[{"@type":"SearchAction","target":{"@type":"EntryPoint","urlTemplate":"https:\/\/miumjau.ee\/?s={search_term_string}"},"query-input":{"@type":"PropertyValueSpecification","valueRequired":true,"valueName":"search_term_string"}}],"inLanguage":"lt-LT"},{"@type":"Organization","@id":"https:\/\/miumjau.ee\/#organization","name":"MiuMjau O\u00dc","url":"https:\/\/miumjau.ee\/","logo":{"@type":"ImageObject","inLanguage":"lt-LT","@id":"https:\/\/miumjau.ee\/#\/schema\/logo\/image\/","url":"https:\/\/miumjau.ee\/wp-content\/uploads\/2022\/04\/MiuMjau-logo-kollane.png","contentUrl":"https:\/\/miumjau.ee\/wp-content\/uploads\/2022\/04\/MiuMjau-logo-kollane.png","width":219,"height":100,"caption":"MiuMjau O\u00dc"},"image":{"@id":"https:\/\/miumjau.ee\/#\/schema\/logo\/image\/"},"sameAs":["https:\/\/www.facebook.com\/miumjaupood\/"]}]}},"_links":{"self":[{"href":"https:\/\/miumjau.ee\/lt\/wp-json\/wp\/v2\/product\/57772","targetHints":{"allow":["GET"]}}],"collection":[{"href":"https:\/\/miumjau.ee\/lt\/wp-json\/wp\/v2\/product"}],"about":[{"href":"https:\/\/miumjau.ee\/lt\/wp-json\/wp\/v2\/types\/product"}],"wp:featuredmedia":[{"embeddable":true,"href":"https:\/\/miumjau.ee\/lt\/wp-json\/wp\/v2\/media\/57161"}],"wp:attachment":[{"href":"https:\/\/miumjau.ee\/lt\/wp-json\/wp\/v2\/media?parent=57772"}],"wp:term":[{"taxonomy":"product_brand","embeddable":true,"href":"https:\/\/miumjau.ee\/lt\/wp-json\/wp\/v2\/product_brand?post=57772"},{"taxonomy":"product_cat","embeddable":true,"href":"https:\/\/miumjau.ee\/lt\/wp-json\/wp\/v2\/product_cat?post=57772"},{"taxonomy":"product_tag","embeddable":true,"href":"https:\/\/miumjau.ee\/lt\/wp-json\/wp\/v2\/product_tag?post=57772"}],"curies":[{"name":"wp","href":"https:\/\/api.w.org\/{rel}","templated":true}]}}