{"id":57766,"date":"2026-04-08T14:18:39","date_gmt":"2026-04-08T11:18:39","guid":{"rendered":"https:\/\/miumjau.ee\/toode\/jautienos-galvos-oda-60-cm-frigera-1-vnt\/"},"modified":"2026-04-08T14:18:39","modified_gmt":"2026-04-08T11:18:39","slug":"jautienos-galvos-oda-60-cm-frigera-1-vnt","status":"publish","type":"product","link":"https:\/\/miumjau.ee\/lt\/produktas\/jautienos-galvos-oda-60-cm-frigera-1-vnt\/","title":{"rendered":"Jautienos galvos oda 60 cm Frigera, 1 vnt."},"content":{"rendered":"","protected":false},"excerpt":{"rendered":"<p data-start=\"3743\" data-end=\"3850\">Tikras kramtymo i\u0161\u0161\u016bkis: friGERA jautienos oda \u2013 idealiai tinka \u0161unims, turintiems stipr\u0173 kramtymo poreik\u012f!<\/p>\n<p data-start=\"3852\" data-end=\"4273\">M\u016bs\u0173 jautienos oda yra skanus skan\u0117stas, pagamintas i\u0161 \u0161velniai d\u017eiovintos nat\u016bralios odos i\u0161 laisvai auginam\u0173 galvij\u0173, kurie taip pat naudojami \u017emoni\u0173 maistui. \u0160ie gyv\u016bnai auginami be prid\u0117tini\u0173 antibiotik\u0173, steroid\u0173 ar hormon\u0173 \u2013 nat\u016braliau b\u016bti negali! \u0160is skan\u0117stas yra turtingas baltym\u0173, ma\u017eai riebal\u0173 turintis ir neturi dirbtini\u0173 da\u017eikli\u0173 ar konservant\u0173. Didelis kolageno kiekis padeda palaikyti sveik\u0105 od\u0105 ir kail\u012f.<\/p>\n<p data-start=\"4275\" data-end=\"4479\">Kadangi j\u016bs\u0173 augintiniui kramtant reikia nema\u017eai pasistengti, kad oda sumink\u0161t\u0117t\u0173, \u0161is skan\u0117stas su b\u016bdingu kvapu yra puikus b\u016bdas kuriam laikui u\u017eimti \u0161un\u012f ir tuo pa\u010diu stiprinti jo \u017eandikaulio raumenis!<\/p>\n<p data-start=\"4481\" data-end=\"4508\">Grynasis svoris: apie 200 g<\/p>\n<p data-start=\"4510\" data-end=\"4532\">Sud\u0117tis: 100% jautiena<\/p>\n<p data-start=\"4534\" data-end=\"4739\">\u0160\u0117rimo instrukcijos: Duokite tarp valgym\u0173 kaip skan\u0117st\u0105 ar atlyg\u012f kaip subalansuotos mitybos dal\u012f. Visada pri\u017ei\u016br\u0117kite \u0161un\u012f \u0161\u0117rimo metu. Visada pateikite pakankamai \u0161vie\u017eio vandens. Netinka \u017emoni\u0173 maistui.<\/p>\n<p data-start=\"4741\" data-end=\"4814\">Analitin\u0117s sudedamosios dalys: Baltymai 86,5%; Riebalai 3,3%; Dr\u0117gm\u0117 9,2%<\/p>\n<p data-start=\"4816\" data-end=\"4894\">PS: D\u0117l ilgio nesiun\u010diame \u012f pa\u0161tomatus, ta\u010diau galimas pristatymas kurjeriu \ud83d\ude42<\/p>\n","protected":false},"featured_media":57149,"template":"","meta":[],"product_brand":[],"product_cat":[540],"product_tag":[],"class_list":{"0":"post-57766","1":"product","2":"type-product","3":"status-publish","4":"has-post-thumbnail","6":"product_cat-skanestai-sunims","7":"product_shipping_class-pakiautomaati-sobimatu-lt","9":"first","10":"instock","11":"taxable","12":"shipping-taxable","13":"purchasable","14":"product-type-simple"},"yoast_head":"<!-- This site is optimized with the Yoast SEO plugin v27.2 - https:\/\/yoast.com\/product\/yoast-seo-wordpress\/ -->\n<title>Jautienos galvos oda 60 cm Frigera, 1 vnt. - MiuMjau<\/title>\n<meta name=\"robots\" content=\"index, follow, max-snippet:-1, max-image-preview:large, max-video-preview:-1\" \/>\n<link rel=\"canonical\" href=\"https:\/\/miumjau.ee\/lt\/produktas\/jautienos-galvos-oda-60-cm-frigera-1-vnt\/\" \/>\n<meta property=\"og:locale\" content=\"lt_LT\" \/>\n<meta property=\"og:type\" content=\"article\" \/>\n<meta property=\"og:title\" content=\"Jautienos galvos oda 60 cm Frigera, 1 vnt. - MiuMjau\" \/>\n<meta property=\"og:description\" content=\"Tikras kramtymo i\u0161\u0161\u016bkis: friGERA jautienos oda \u2013 idealiai tinka \u0161unims, turintiems stipr\u0173 kramtymo poreik\u012f! M\u016bs\u0173 jautienos oda yra skanus skan\u0117stas, pagamintas i\u0161 \u0161velniai d\u017eiovintos nat\u016bralios odos i\u0161 laisvai auginam\u0173 galvij\u0173, kurie taip pat naudojami \u017emoni\u0173 maistui. \u0160ie gyv\u016bnai auginami be prid\u0117tini\u0173 antibiotik\u0173, steroid\u0173 ar hormon\u0173 \u2013 nat\u016braliau b\u016bti negali! \u0160is skan\u0117stas yra turtingas baltym\u0173, ma\u017eai riebal\u0173 turintis ir neturi dirbtini\u0173 da\u017eikli\u0173 ar konservant\u0173. Didelis kolageno kiekis padeda palaikyti sveik\u0105 od\u0105 ir kail\u012f. Kadangi j\u016bs\u0173 augintiniui kramtant reikia nema\u017eai pasistengti, kad oda sumink\u0161t\u0117t\u0173, \u0161is skan\u0117stas su b\u016bdingu kvapu yra puikus b\u016bdas kuriam laikui u\u017eimti \u0161un\u012f ir tuo pa\u010diu stiprinti jo \u017eandikaulio raumenis! Grynasis svoris: apie 200 g Sud\u0117tis: 100% jautiena \u0160\u0117rimo instrukcijos: Duokite tarp valgym\u0173 kaip skan\u0117st\u0105 ar atlyg\u012f kaip subalansuotos mitybos dal\u012f. Visada pri\u017ei\u016br\u0117kite \u0161un\u012f \u0161\u0117rimo metu. Visada pateikite pakankamai \u0161vie\u017eio vandens. Netinka \u017emoni\u0173 maistui. Analitin\u0117s sudedamosios dalys: Baltymai 86,5%; Riebalai 3,3%; Dr\u0117gm\u0117 9,2% PS: D\u0117l ilgio nesiun\u010diame \u012f pa\u0161tomatus, ta\u010diau galimas pristatymas kurjeriu :)\" \/>\n<meta property=\"og:url\" content=\"https:\/\/miumjau.ee\/lt\/produktas\/jautienos-galvos-oda-60-cm-frigera-1-vnt\/\" \/>\n<meta property=\"og:site_name\" content=\"MiuMjau\" \/>\n<meta property=\"article:publisher\" content=\"https:\/\/www.facebook.com\/miumjaupood\/\" \/>\n<meta property=\"og:image\" content=\"https:\/\/miumjau.ee\/wp-content\/uploads\/2026\/04\/veise-peanahk-60cm.jpg\" \/>\n\t<meta property=\"og:image:width\" content=\"600\" \/>\n\t<meta property=\"og:image:height\" content=\"800\" \/>\n\t<meta property=\"og:image:type\" content=\"image\/jpeg\" \/>\n<meta name=\"twitter:card\" content=\"summary_large_image\" \/>\n<script type=\"application\/ld+json\" class=\"yoast-schema-graph\">{\"@context\":\"https:\/\/schema.org\",\"@graph\":[{\"@type\":\"WebPage\",\"@id\":\"https:\/\/miumjau.ee\/lt\/produktas\/jautienos-galvos-oda-60-cm-frigera-1-vnt\/\",\"url\":\"https:\/\/miumjau.ee\/lt\/produktas\/jautienos-galvos-oda-60-cm-frigera-1-vnt\/\",\"name\":\"Jautienos galvos oda 60 cm Frigera, 1 vnt. - MiuMjau\",\"isPartOf\":{\"@id\":\"https:\/\/miumjau.ee\/#website\"},\"primaryImageOfPage\":{\"@id\":\"https:\/\/miumjau.ee\/lt\/produktas\/jautienos-galvos-oda-60-cm-frigera-1-vnt\/#primaryimage\"},\"image\":{\"@id\":\"https:\/\/miumjau.ee\/lt\/produktas\/jautienos-galvos-oda-60-cm-frigera-1-vnt\/#primaryimage\"},\"thumbnailUrl\":\"https:\/\/miumjau.ee\/wp-content\/uploads\/2026\/04\/veise-peanahk-60cm.jpg\",\"datePublished\":\"2026-04-08T11:18:39+00:00\",\"breadcrumb\":{\"@id\":\"https:\/\/miumjau.ee\/lt\/produktas\/jautienos-galvos-oda-60-cm-frigera-1-vnt\/#breadcrumb\"},\"inLanguage\":\"lt-LT\",\"potentialAction\":[{\"@type\":\"ReadAction\",\"target\":[\"https:\/\/miumjau.ee\/lt\/produktas\/jautienos-galvos-oda-60-cm-frigera-1-vnt\/\"]}]},{\"@type\":\"ImageObject\",\"inLanguage\":\"lt-LT\",\"@id\":\"https:\/\/miumjau.ee\/lt\/produktas\/jautienos-galvos-oda-60-cm-frigera-1-vnt\/#primaryimage\",\"url\":\"https:\/\/miumjau.ee\/wp-content\/uploads\/2026\/04\/veise-peanahk-60cm.jpg\",\"contentUrl\":\"https:\/\/miumjau.ee\/wp-content\/uploads\/2026\/04\/veise-peanahk-60cm.jpg\",\"width\":600,\"height\":800,\"caption\":\"Veise peanahk 60cm Frigera, 1tk\"},{\"@type\":\"BreadcrumbList\",\"@id\":\"https:\/\/miumjau.ee\/lt\/produktas\/jautienos-galvos-oda-60-cm-frigera-1-vnt\/#breadcrumb\",\"itemListElement\":[{\"@type\":\"ListItem\",\"position\":1,\"name\":\"Home\",\"item\":\"https:\/\/miumjau.ee\/lt\/\"},{\"@type\":\"ListItem\",\"position\":2,\"name\":\"Parduotuv\u0117\",\"item\":\"https:\/\/miumjau.ee\/lt\/parduotuve\/\"},{\"@type\":\"ListItem\",\"position\":3,\"name\":\"Jautienos galvos oda 60 cm Frigera, 1 vnt.\"}]},{\"@type\":\"WebSite\",\"@id\":\"https:\/\/miumjau.ee\/#website\",\"url\":\"https:\/\/miumjau.ee\/\",\"name\":\"MiuMjau\",\"description\":\"Kraapimispuud kassidele\",\"publisher\":{\"@id\":\"https:\/\/miumjau.ee\/#organization\"},\"potentialAction\":[{\"@type\":\"SearchAction\",\"target\":{\"@type\":\"EntryPoint\",\"urlTemplate\":\"https:\/\/miumjau.ee\/?s={search_term_string}\"},\"query-input\":{\"@type\":\"PropertyValueSpecification\",\"valueRequired\":true,\"valueName\":\"search_term_string\"}}],\"inLanguage\":\"lt-LT\"},{\"@type\":\"Organization\",\"@id\":\"https:\/\/miumjau.ee\/#organization\",\"name\":\"MiuMjau O\u00dc\",\"url\":\"https:\/\/miumjau.ee\/\",\"logo\":{\"@type\":\"ImageObject\",\"inLanguage\":\"lt-LT\",\"@id\":\"https:\/\/miumjau.ee\/#\/schema\/logo\/image\/\",\"url\":\"https:\/\/miumjau.ee\/wp-content\/uploads\/2022\/04\/MiuMjau-logo-kollane.png\",\"contentUrl\":\"https:\/\/miumjau.ee\/wp-content\/uploads\/2022\/04\/MiuMjau-logo-kollane.png\",\"width\":219,\"height\":100,\"caption\":\"MiuMjau O\u00dc\"},\"image\":{\"@id\":\"https:\/\/miumjau.ee\/#\/schema\/logo\/image\/\"},\"sameAs\":[\"https:\/\/www.facebook.com\/miumjaupood\/\"]}]}<\/script>\n<!-- \/ Yoast SEO plugin. -->","yoast_head_json":{"title":"Jautienos galvos oda 60 cm Frigera, 1 vnt. - MiuMjau","robots":{"index":"index","follow":"follow","max-snippet":"max-snippet:-1","max-image-preview":"max-image-preview:large","max-video-preview":"max-video-preview:-1"},"canonical":"https:\/\/miumjau.ee\/lt\/produktas\/jautienos-galvos-oda-60-cm-frigera-1-vnt\/","og_locale":"lt_LT","og_type":"article","og_title":"Jautienos galvos oda 60 cm Frigera, 1 vnt. - MiuMjau","og_description":"Tikras kramtymo i\u0161\u0161\u016bkis: friGERA jautienos oda \u2013 idealiai tinka \u0161unims, turintiems stipr\u0173 kramtymo poreik\u012f! M\u016bs\u0173 jautienos oda yra skanus skan\u0117stas, pagamintas i\u0161 \u0161velniai d\u017eiovintos nat\u016bralios odos i\u0161 laisvai auginam\u0173 galvij\u0173, kurie taip pat naudojami \u017emoni\u0173 maistui. \u0160ie gyv\u016bnai auginami be prid\u0117tini\u0173 antibiotik\u0173, steroid\u0173 ar hormon\u0173 \u2013 nat\u016braliau b\u016bti negali! \u0160is skan\u0117stas yra turtingas baltym\u0173, ma\u017eai riebal\u0173 turintis ir neturi dirbtini\u0173 da\u017eikli\u0173 ar konservant\u0173. Didelis kolageno kiekis padeda palaikyti sveik\u0105 od\u0105 ir kail\u012f. Kadangi j\u016bs\u0173 augintiniui kramtant reikia nema\u017eai pasistengti, kad oda sumink\u0161t\u0117t\u0173, \u0161is skan\u0117stas su b\u016bdingu kvapu yra puikus b\u016bdas kuriam laikui u\u017eimti \u0161un\u012f ir tuo pa\u010diu stiprinti jo \u017eandikaulio raumenis! Grynasis svoris: apie 200 g Sud\u0117tis: 100% jautiena \u0160\u0117rimo instrukcijos: Duokite tarp valgym\u0173 kaip skan\u0117st\u0105 ar atlyg\u012f kaip subalansuotos mitybos dal\u012f. Visada pri\u017ei\u016br\u0117kite \u0161un\u012f \u0161\u0117rimo metu. Visada pateikite pakankamai \u0161vie\u017eio vandens. Netinka \u017emoni\u0173 maistui. Analitin\u0117s sudedamosios dalys: Baltymai 86,5%; Riebalai 3,3%; Dr\u0117gm\u0117 9,2% PS: D\u0117l ilgio nesiun\u010diame \u012f pa\u0161tomatus, ta\u010diau galimas pristatymas kurjeriu :)","og_url":"https:\/\/miumjau.ee\/lt\/produktas\/jautienos-galvos-oda-60-cm-frigera-1-vnt\/","og_site_name":"MiuMjau","article_publisher":"https:\/\/www.facebook.com\/miumjaupood\/","og_image":[{"width":600,"height":800,"url":"https:\/\/miumjau.ee\/wp-content\/uploads\/2026\/04\/veise-peanahk-60cm.jpg","type":"image\/jpeg"}],"twitter_card":"summary_large_image","schema":{"@context":"https:\/\/schema.org","@graph":[{"@type":"WebPage","@id":"https:\/\/miumjau.ee\/lt\/produktas\/jautienos-galvos-oda-60-cm-frigera-1-vnt\/","url":"https:\/\/miumjau.ee\/lt\/produktas\/jautienos-galvos-oda-60-cm-frigera-1-vnt\/","name":"Jautienos galvos oda 60 cm Frigera, 1 vnt. - MiuMjau","isPartOf":{"@id":"https:\/\/miumjau.ee\/#website"},"primaryImageOfPage":{"@id":"https:\/\/miumjau.ee\/lt\/produktas\/jautienos-galvos-oda-60-cm-frigera-1-vnt\/#primaryimage"},"image":{"@id":"https:\/\/miumjau.ee\/lt\/produktas\/jautienos-galvos-oda-60-cm-frigera-1-vnt\/#primaryimage"},"thumbnailUrl":"https:\/\/miumjau.ee\/wp-content\/uploads\/2026\/04\/veise-peanahk-60cm.jpg","datePublished":"2026-04-08T11:18:39+00:00","breadcrumb":{"@id":"https:\/\/miumjau.ee\/lt\/produktas\/jautienos-galvos-oda-60-cm-frigera-1-vnt\/#breadcrumb"},"inLanguage":"lt-LT","potentialAction":[{"@type":"ReadAction","target":["https:\/\/miumjau.ee\/lt\/produktas\/jautienos-galvos-oda-60-cm-frigera-1-vnt\/"]}]},{"@type":"ImageObject","inLanguage":"lt-LT","@id":"https:\/\/miumjau.ee\/lt\/produktas\/jautienos-galvos-oda-60-cm-frigera-1-vnt\/#primaryimage","url":"https:\/\/miumjau.ee\/wp-content\/uploads\/2026\/04\/veise-peanahk-60cm.jpg","contentUrl":"https:\/\/miumjau.ee\/wp-content\/uploads\/2026\/04\/veise-peanahk-60cm.jpg","width":600,"height":800,"caption":"Veise peanahk 60cm Frigera, 1tk"},{"@type":"BreadcrumbList","@id":"https:\/\/miumjau.ee\/lt\/produktas\/jautienos-galvos-oda-60-cm-frigera-1-vnt\/#breadcrumb","itemListElement":[{"@type":"ListItem","position":1,"name":"Home","item":"https:\/\/miumjau.ee\/lt\/"},{"@type":"ListItem","position":2,"name":"Parduotuv\u0117","item":"https:\/\/miumjau.ee\/lt\/parduotuve\/"},{"@type":"ListItem","position":3,"name":"Jautienos galvos oda 60 cm Frigera, 1 vnt."}]},{"@type":"WebSite","@id":"https:\/\/miumjau.ee\/#website","url":"https:\/\/miumjau.ee\/","name":"MiuMjau","description":"Kraapimispuud kassidele","publisher":{"@id":"https:\/\/miumjau.ee\/#organization"},"potentialAction":[{"@type":"SearchAction","target":{"@type":"EntryPoint","urlTemplate":"https:\/\/miumjau.ee\/?s={search_term_string}"},"query-input":{"@type":"PropertyValueSpecification","valueRequired":true,"valueName":"search_term_string"}}],"inLanguage":"lt-LT"},{"@type":"Organization","@id":"https:\/\/miumjau.ee\/#organization","name":"MiuMjau O\u00dc","url":"https:\/\/miumjau.ee\/","logo":{"@type":"ImageObject","inLanguage":"lt-LT","@id":"https:\/\/miumjau.ee\/#\/schema\/logo\/image\/","url":"https:\/\/miumjau.ee\/wp-content\/uploads\/2022\/04\/MiuMjau-logo-kollane.png","contentUrl":"https:\/\/miumjau.ee\/wp-content\/uploads\/2022\/04\/MiuMjau-logo-kollane.png","width":219,"height":100,"caption":"MiuMjau O\u00dc"},"image":{"@id":"https:\/\/miumjau.ee\/#\/schema\/logo\/image\/"},"sameAs":["https:\/\/www.facebook.com\/miumjaupood\/"]}]}},"_links":{"self":[{"href":"https:\/\/miumjau.ee\/lt\/wp-json\/wp\/v2\/product\/57766","targetHints":{"allow":["GET"]}}],"collection":[{"href":"https:\/\/miumjau.ee\/lt\/wp-json\/wp\/v2\/product"}],"about":[{"href":"https:\/\/miumjau.ee\/lt\/wp-json\/wp\/v2\/types\/product"}],"wp:featuredmedia":[{"embeddable":true,"href":"https:\/\/miumjau.ee\/lt\/wp-json\/wp\/v2\/media\/57149"}],"wp:attachment":[{"href":"https:\/\/miumjau.ee\/lt\/wp-json\/wp\/v2\/media?parent=57766"}],"wp:term":[{"taxonomy":"product_brand","embeddable":true,"href":"https:\/\/miumjau.ee\/lt\/wp-json\/wp\/v2\/product_brand?post=57766"},{"taxonomy":"product_cat","embeddable":true,"href":"https:\/\/miumjau.ee\/lt\/wp-json\/wp\/v2\/product_cat?post=57766"},{"taxonomy":"product_tag","embeddable":true,"href":"https:\/\/miumjau.ee\/lt\/wp-json\/wp\/v2\/product_tag?post=57766"}],"curies":[{"name":"wp","href":"https:\/\/api.w.org\/{rel}","templated":true}]}}