{"id":57751,"date":"2026-04-08T14:18:42","date_gmt":"2026-04-08T11:18:42","guid":{"rendered":"https:\/\/miumjau.ee\/toode\/erienos-ragas-frigera-1-vnt\/"},"modified":"2026-04-08T14:18:42","modified_gmt":"2026-04-08T11:18:42","slug":"erienos-ragas-frigera-1-vnt","status":"publish","type":"product","link":"https:\/\/miumjau.ee\/lt\/produktas\/erienos-ragas-frigera-1-vnt\/","title":{"rendered":"\u0116rienos ragas Frigera, 1 vnt."},"content":{"rendered":"","protected":false},"excerpt":{"rendered":"<p data-start=\"5031\" data-end=\"5247\">Ar j\u016bs\u0173 \u0161uo sugrau\u017eia kiekvien\u0105 skan\u0117st\u0105 akimirksniu? Ar jau i\u0161band\u0117te visus nat\u016bralius kramtukus? Daugiau nebeie\u0161kokite \u2013 Frigera \u0117rienos ragas yra prieinamas kramtomas skan\u0117stas, kurio reikia j\u016bs\u0173 p\u016bkuotam draugui!<\/p>\n<p data-start=\"5249\" data-end=\"5779\">M\u016bs\u0173 \u0117rienos ragai gaunami i\u0161 laisvai laikom\u0173, \u017eole \u0161eriam\u0173 \u0117riuk\u0173. Po surinkimo jie mirkomi kar\u0161tame vandenyje, i\u0161valomi ir nupoliruojami, kad b\u016bt\u0173 pa\u0161alinti a\u0161tr\u016bs kra\u0161tai, tada kruop\u0161\u010diai i\u0161d\u017eiovinami. \u0116rienos ragai sudaryti i\u0161 labai patvaraus keratino ir gali tarnauti savaites ar net m\u0117nesius (priklausomai nuo \u0161uns dyd\u017eio ir susidom\u0117jimo). Tai daro juos ypa\u010d tinkamus nerimastingiems \u0161unims, turintiems stipr\u0173 kramtymo poreik\u012f, nes intensyvus kramtymas i\u0161skiria daug endorfin\u0173. Tai padeda \u0161uniui jaustis laimingam ir ramiam.<\/p>\n<p data-start=\"5781\" data-end=\"5951\">Kadangi jie turi ma\u017eai riebal\u0173, bet yra turtingi baltym\u0173, kalcio ir fosforo, jie reik\u0161mingai nedaro \u012ftakos \u0161uns svoriui, ta\u010diau palaiko sveik\u0105 kaul\u0173 ir raumen\u0173 vystym\u0105si.<\/p>\n<p data-start=\"5953\" data-end=\"6299\">Patarimas: rag\u0173 galus galite pripildyti bet kuo, kas patinka j\u016bs\u0173 \u0161uniui \u2013 skaniu \u0161un\u0173 pasta, m\u0117sos \u012fdaru, \u0161lapiu \u0117dalu ir pan. Galimyb\u0117s yra neribotos! Tai puikus ir nebrangus b\u016bdas mokyti tinkamo kramtymo elgesio. Vietoje to, kad po \u012fdaro likt\u0173 bevertis sintetinis \u017eaislas, tu\u0161\u010dias ragas gali b\u016bti papildomas apdovanojimas po mokym\u0173 ir \u017eaidim\u0173.<\/p>\n<p data-start=\"6301\" data-end=\"6332\">100% \u0117riena ir svoris apie 80 g<\/p>\n<p data-start=\"6334\" data-end=\"6510\">Maitinimo instrukcijos<br data-start=\"6356\" data-end=\"6359\" \/>Duoti kaip skan\u0117st\u0105 tarp valgym\u0173 subalansuotos mitybos dalimi. Visada pri\u017ei\u016br\u0117ti \u0161un\u012f valgymo metu. U\u017etikrinti \u0161vie\u017eio vandens. Netinka \u017emoni\u0173 maistui.<\/p>\n<p data-start=\"6512\" data-end=\"6588\">Analitin\u0117s sudedamosios dalys: Baltymai 76,26 %; Riebalai 2 %; Dr\u0117gm\u0117 7,93 %<\/p>\n","protected":false},"featured_media":57137,"template":"","meta":[],"product_brand":[],"product_cat":[540],"product_tag":[],"class_list":{"0":"post-57751","1":"product","2":"type-product","3":"status-publish","4":"has-post-thumbnail","6":"product_cat-skanestai-sunims","8":"first","9":"instock","10":"taxable","11":"shipping-taxable","12":"purchasable","13":"product-type-simple"},"yoast_head":"<!-- This site is optimized with the Yoast SEO plugin v27.2 - https:\/\/yoast.com\/product\/yoast-seo-wordpress\/ -->\n<title>\u0116rienos ragas Frigera, 1 vnt. - MiuMjau<\/title>\n<meta name=\"robots\" content=\"index, follow, max-snippet:-1, max-image-preview:large, max-video-preview:-1\" \/>\n<link rel=\"canonical\" href=\"https:\/\/miumjau.ee\/lt\/produktas\/erienos-ragas-frigera-1-vnt\/\" \/>\n<meta property=\"og:locale\" content=\"lt_LT\" \/>\n<meta property=\"og:type\" content=\"article\" \/>\n<meta property=\"og:title\" content=\"\u0116rienos ragas Frigera, 1 vnt. - MiuMjau\" \/>\n<meta property=\"og:description\" content=\"Ar j\u016bs\u0173 \u0161uo sugrau\u017eia kiekvien\u0105 skan\u0117st\u0105 akimirksniu? Ar jau i\u0161band\u0117te visus nat\u016bralius kramtukus? Daugiau nebeie\u0161kokite \u2013 Frigera \u0117rienos ragas yra prieinamas kramtomas skan\u0117stas, kurio reikia j\u016bs\u0173 p\u016bkuotam draugui! M\u016bs\u0173 \u0117rienos ragai gaunami i\u0161 laisvai laikom\u0173, \u017eole \u0161eriam\u0173 \u0117riuk\u0173. Po surinkimo jie mirkomi kar\u0161tame vandenyje, i\u0161valomi ir nupoliruojami, kad b\u016bt\u0173 pa\u0161alinti a\u0161tr\u016bs kra\u0161tai, tada kruop\u0161\u010diai i\u0161d\u017eiovinami. \u0116rienos ragai sudaryti i\u0161 labai patvaraus keratino ir gali tarnauti savaites ar net m\u0117nesius (priklausomai nuo \u0161uns dyd\u017eio ir susidom\u0117jimo). Tai daro juos ypa\u010d tinkamus nerimastingiems \u0161unims, turintiems stipr\u0173 kramtymo poreik\u012f, nes intensyvus kramtymas i\u0161skiria daug endorfin\u0173. Tai padeda \u0161uniui jaustis laimingam ir ramiam. Kadangi jie turi ma\u017eai riebal\u0173, bet yra turtingi baltym\u0173, kalcio ir fosforo, jie reik\u0161mingai nedaro \u012ftakos \u0161uns svoriui, ta\u010diau palaiko sveik\u0105 kaul\u0173 ir raumen\u0173 vystym\u0105si. Patarimas: rag\u0173 galus galite pripildyti bet kuo, kas patinka j\u016bs\u0173 \u0161uniui \u2013 skaniu \u0161un\u0173 pasta, m\u0117sos \u012fdaru, \u0161lapiu \u0117dalu ir pan. Galimyb\u0117s yra neribotos! Tai puikus ir nebrangus b\u016bdas mokyti tinkamo kramtymo elgesio. Vietoje to, kad po \u012fdaro likt\u0173 bevertis sintetinis \u017eaislas, tu\u0161\u010dias ragas gali b\u016bti papildomas apdovanojimas po mokym\u0173 ir \u017eaidim\u0173. 100% \u0117riena ir svoris apie 80 g Maitinimo instrukcijosDuoti kaip skan\u0117st\u0105 tarp valgym\u0173 subalansuotos mitybos dalimi. Visada pri\u017ei\u016br\u0117ti \u0161un\u012f valgymo metu. U\u017etikrinti \u0161vie\u017eio vandens. Netinka \u017emoni\u0173 maistui. Analitin\u0117s sudedamosios dalys: Baltymai 76,26 %; Riebalai 2 %; Dr\u0117gm\u0117 7,93 %\" \/>\n<meta property=\"og:url\" content=\"https:\/\/miumjau.ee\/lt\/produktas\/erienos-ragas-frigera-1-vnt\/\" \/>\n<meta property=\"og:site_name\" content=\"MiuMjau\" \/>\n<meta property=\"article:publisher\" content=\"https:\/\/www.facebook.com\/miumjaupood\/\" \/>\n<meta property=\"og:image\" content=\"https:\/\/miumjau.ee\/wp-content\/uploads\/2026\/04\/lamba-sarv-frigera.jpg\" \/>\n\t<meta property=\"og:image:width\" content=\"600\" \/>\n\t<meta property=\"og:image:height\" content=\"800\" \/>\n\t<meta property=\"og:image:type\" content=\"image\/jpeg\" \/>\n<meta name=\"twitter:card\" content=\"summary_large_image\" \/>\n<script type=\"application\/ld+json\" class=\"yoast-schema-graph\">{\"@context\":\"https:\/\/schema.org\",\"@graph\":[{\"@type\":\"WebPage\",\"@id\":\"https:\/\/miumjau.ee\/lt\/produktas\/erienos-ragas-frigera-1-vnt\/\",\"url\":\"https:\/\/miumjau.ee\/lt\/produktas\/erienos-ragas-frigera-1-vnt\/\",\"name\":\"\u0116rienos ragas Frigera, 1 vnt. - MiuMjau\",\"isPartOf\":{\"@id\":\"https:\/\/miumjau.ee\/#website\"},\"primaryImageOfPage\":{\"@id\":\"https:\/\/miumjau.ee\/lt\/produktas\/erienos-ragas-frigera-1-vnt\/#primaryimage\"},\"image\":{\"@id\":\"https:\/\/miumjau.ee\/lt\/produktas\/erienos-ragas-frigera-1-vnt\/#primaryimage\"},\"thumbnailUrl\":\"https:\/\/miumjau.ee\/wp-content\/uploads\/2026\/04\/lamba-sarv-frigera.jpg\",\"datePublished\":\"2026-04-08T11:18:42+00:00\",\"breadcrumb\":{\"@id\":\"https:\/\/miumjau.ee\/lt\/produktas\/erienos-ragas-frigera-1-vnt\/#breadcrumb\"},\"inLanguage\":\"lt-LT\",\"potentialAction\":[{\"@type\":\"ReadAction\",\"target\":[\"https:\/\/miumjau.ee\/lt\/produktas\/erienos-ragas-frigera-1-vnt\/\"]}]},{\"@type\":\"ImageObject\",\"inLanguage\":\"lt-LT\",\"@id\":\"https:\/\/miumjau.ee\/lt\/produktas\/erienos-ragas-frigera-1-vnt\/#primaryimage\",\"url\":\"https:\/\/miumjau.ee\/wp-content\/uploads\/2026\/04\/lamba-sarv-frigera.jpg\",\"contentUrl\":\"https:\/\/miumjau.ee\/wp-content\/uploads\/2026\/04\/lamba-sarv-frigera.jpg\",\"width\":600,\"height\":800,\"caption\":\"Lamba sarv Frigera, 1 tk\"},{\"@type\":\"BreadcrumbList\",\"@id\":\"https:\/\/miumjau.ee\/lt\/produktas\/erienos-ragas-frigera-1-vnt\/#breadcrumb\",\"itemListElement\":[{\"@type\":\"ListItem\",\"position\":1,\"name\":\"Home\",\"item\":\"https:\/\/miumjau.ee\/lt\/\"},{\"@type\":\"ListItem\",\"position\":2,\"name\":\"Parduotuv\u0117\",\"item\":\"https:\/\/miumjau.ee\/lt\/parduotuve\/\"},{\"@type\":\"ListItem\",\"position\":3,\"name\":\"\u0116rienos ragas Frigera, 1 vnt.\"}]},{\"@type\":\"WebSite\",\"@id\":\"https:\/\/miumjau.ee\/#website\",\"url\":\"https:\/\/miumjau.ee\/\",\"name\":\"MiuMjau\",\"description\":\"Kraapimispuud kassidele\",\"publisher\":{\"@id\":\"https:\/\/miumjau.ee\/#organization\"},\"potentialAction\":[{\"@type\":\"SearchAction\",\"target\":{\"@type\":\"EntryPoint\",\"urlTemplate\":\"https:\/\/miumjau.ee\/?s={search_term_string}\"},\"query-input\":{\"@type\":\"PropertyValueSpecification\",\"valueRequired\":true,\"valueName\":\"search_term_string\"}}],\"inLanguage\":\"lt-LT\"},{\"@type\":\"Organization\",\"@id\":\"https:\/\/miumjau.ee\/#organization\",\"name\":\"MiuMjau O\u00dc\",\"url\":\"https:\/\/miumjau.ee\/\",\"logo\":{\"@type\":\"ImageObject\",\"inLanguage\":\"lt-LT\",\"@id\":\"https:\/\/miumjau.ee\/#\/schema\/logo\/image\/\",\"url\":\"https:\/\/miumjau.ee\/wp-content\/uploads\/2022\/04\/MiuMjau-logo-kollane.png\",\"contentUrl\":\"https:\/\/miumjau.ee\/wp-content\/uploads\/2022\/04\/MiuMjau-logo-kollane.png\",\"width\":219,\"height\":100,\"caption\":\"MiuMjau O\u00dc\"},\"image\":{\"@id\":\"https:\/\/miumjau.ee\/#\/schema\/logo\/image\/\"},\"sameAs\":[\"https:\/\/www.facebook.com\/miumjaupood\/\"]}]}<\/script>\n<!-- \/ Yoast SEO plugin. -->","yoast_head_json":{"title":"\u0116rienos ragas Frigera, 1 vnt. - MiuMjau","robots":{"index":"index","follow":"follow","max-snippet":"max-snippet:-1","max-image-preview":"max-image-preview:large","max-video-preview":"max-video-preview:-1"},"canonical":"https:\/\/miumjau.ee\/lt\/produktas\/erienos-ragas-frigera-1-vnt\/","og_locale":"lt_LT","og_type":"article","og_title":"\u0116rienos ragas Frigera, 1 vnt. - MiuMjau","og_description":"Ar j\u016bs\u0173 \u0161uo sugrau\u017eia kiekvien\u0105 skan\u0117st\u0105 akimirksniu? Ar jau i\u0161band\u0117te visus nat\u016bralius kramtukus? Daugiau nebeie\u0161kokite \u2013 Frigera \u0117rienos ragas yra prieinamas kramtomas skan\u0117stas, kurio reikia j\u016bs\u0173 p\u016bkuotam draugui! M\u016bs\u0173 \u0117rienos ragai gaunami i\u0161 laisvai laikom\u0173, \u017eole \u0161eriam\u0173 \u0117riuk\u0173. Po surinkimo jie mirkomi kar\u0161tame vandenyje, i\u0161valomi ir nupoliruojami, kad b\u016bt\u0173 pa\u0161alinti a\u0161tr\u016bs kra\u0161tai, tada kruop\u0161\u010diai i\u0161d\u017eiovinami. \u0116rienos ragai sudaryti i\u0161 labai patvaraus keratino ir gali tarnauti savaites ar net m\u0117nesius (priklausomai nuo \u0161uns dyd\u017eio ir susidom\u0117jimo). Tai daro juos ypa\u010d tinkamus nerimastingiems \u0161unims, turintiems stipr\u0173 kramtymo poreik\u012f, nes intensyvus kramtymas i\u0161skiria daug endorfin\u0173. Tai padeda \u0161uniui jaustis laimingam ir ramiam. Kadangi jie turi ma\u017eai riebal\u0173, bet yra turtingi baltym\u0173, kalcio ir fosforo, jie reik\u0161mingai nedaro \u012ftakos \u0161uns svoriui, ta\u010diau palaiko sveik\u0105 kaul\u0173 ir raumen\u0173 vystym\u0105si. Patarimas: rag\u0173 galus galite pripildyti bet kuo, kas patinka j\u016bs\u0173 \u0161uniui \u2013 skaniu \u0161un\u0173 pasta, m\u0117sos \u012fdaru, \u0161lapiu \u0117dalu ir pan. Galimyb\u0117s yra neribotos! Tai puikus ir nebrangus b\u016bdas mokyti tinkamo kramtymo elgesio. Vietoje to, kad po \u012fdaro likt\u0173 bevertis sintetinis \u017eaislas, tu\u0161\u010dias ragas gali b\u016bti papildomas apdovanojimas po mokym\u0173 ir \u017eaidim\u0173. 100% \u0117riena ir svoris apie 80 g Maitinimo instrukcijosDuoti kaip skan\u0117st\u0105 tarp valgym\u0173 subalansuotos mitybos dalimi. Visada pri\u017ei\u016br\u0117ti \u0161un\u012f valgymo metu. U\u017etikrinti \u0161vie\u017eio vandens. Netinka \u017emoni\u0173 maistui. Analitin\u0117s sudedamosios dalys: Baltymai 76,26 %; Riebalai 2 %; Dr\u0117gm\u0117 7,93 %","og_url":"https:\/\/miumjau.ee\/lt\/produktas\/erienos-ragas-frigera-1-vnt\/","og_site_name":"MiuMjau","article_publisher":"https:\/\/www.facebook.com\/miumjaupood\/","og_image":[{"width":600,"height":800,"url":"https:\/\/miumjau.ee\/wp-content\/uploads\/2026\/04\/lamba-sarv-frigera.jpg","type":"image\/jpeg"}],"twitter_card":"summary_large_image","schema":{"@context":"https:\/\/schema.org","@graph":[{"@type":"WebPage","@id":"https:\/\/miumjau.ee\/lt\/produktas\/erienos-ragas-frigera-1-vnt\/","url":"https:\/\/miumjau.ee\/lt\/produktas\/erienos-ragas-frigera-1-vnt\/","name":"\u0116rienos ragas Frigera, 1 vnt. - MiuMjau","isPartOf":{"@id":"https:\/\/miumjau.ee\/#website"},"primaryImageOfPage":{"@id":"https:\/\/miumjau.ee\/lt\/produktas\/erienos-ragas-frigera-1-vnt\/#primaryimage"},"image":{"@id":"https:\/\/miumjau.ee\/lt\/produktas\/erienos-ragas-frigera-1-vnt\/#primaryimage"},"thumbnailUrl":"https:\/\/miumjau.ee\/wp-content\/uploads\/2026\/04\/lamba-sarv-frigera.jpg","datePublished":"2026-04-08T11:18:42+00:00","breadcrumb":{"@id":"https:\/\/miumjau.ee\/lt\/produktas\/erienos-ragas-frigera-1-vnt\/#breadcrumb"},"inLanguage":"lt-LT","potentialAction":[{"@type":"ReadAction","target":["https:\/\/miumjau.ee\/lt\/produktas\/erienos-ragas-frigera-1-vnt\/"]}]},{"@type":"ImageObject","inLanguage":"lt-LT","@id":"https:\/\/miumjau.ee\/lt\/produktas\/erienos-ragas-frigera-1-vnt\/#primaryimage","url":"https:\/\/miumjau.ee\/wp-content\/uploads\/2026\/04\/lamba-sarv-frigera.jpg","contentUrl":"https:\/\/miumjau.ee\/wp-content\/uploads\/2026\/04\/lamba-sarv-frigera.jpg","width":600,"height":800,"caption":"Lamba sarv Frigera, 1 tk"},{"@type":"BreadcrumbList","@id":"https:\/\/miumjau.ee\/lt\/produktas\/erienos-ragas-frigera-1-vnt\/#breadcrumb","itemListElement":[{"@type":"ListItem","position":1,"name":"Home","item":"https:\/\/miumjau.ee\/lt\/"},{"@type":"ListItem","position":2,"name":"Parduotuv\u0117","item":"https:\/\/miumjau.ee\/lt\/parduotuve\/"},{"@type":"ListItem","position":3,"name":"\u0116rienos ragas Frigera, 1 vnt."}]},{"@type":"WebSite","@id":"https:\/\/miumjau.ee\/#website","url":"https:\/\/miumjau.ee\/","name":"MiuMjau","description":"Kraapimispuud kassidele","publisher":{"@id":"https:\/\/miumjau.ee\/#organization"},"potentialAction":[{"@type":"SearchAction","target":{"@type":"EntryPoint","urlTemplate":"https:\/\/miumjau.ee\/?s={search_term_string}"},"query-input":{"@type":"PropertyValueSpecification","valueRequired":true,"valueName":"search_term_string"}}],"inLanguage":"lt-LT"},{"@type":"Organization","@id":"https:\/\/miumjau.ee\/#organization","name":"MiuMjau O\u00dc","url":"https:\/\/miumjau.ee\/","logo":{"@type":"ImageObject","inLanguage":"lt-LT","@id":"https:\/\/miumjau.ee\/#\/schema\/logo\/image\/","url":"https:\/\/miumjau.ee\/wp-content\/uploads\/2022\/04\/MiuMjau-logo-kollane.png","contentUrl":"https:\/\/miumjau.ee\/wp-content\/uploads\/2022\/04\/MiuMjau-logo-kollane.png","width":219,"height":100,"caption":"MiuMjau O\u00dc"},"image":{"@id":"https:\/\/miumjau.ee\/#\/schema\/logo\/image\/"},"sameAs":["https:\/\/www.facebook.com\/miumjaupood\/"]}]}},"_links":{"self":[{"href":"https:\/\/miumjau.ee\/lt\/wp-json\/wp\/v2\/product\/57751","targetHints":{"allow":["GET"]}}],"collection":[{"href":"https:\/\/miumjau.ee\/lt\/wp-json\/wp\/v2\/product"}],"about":[{"href":"https:\/\/miumjau.ee\/lt\/wp-json\/wp\/v2\/types\/product"}],"wp:featuredmedia":[{"embeddable":true,"href":"https:\/\/miumjau.ee\/lt\/wp-json\/wp\/v2\/media\/57137"}],"wp:attachment":[{"href":"https:\/\/miumjau.ee\/lt\/wp-json\/wp\/v2\/media?parent=57751"}],"wp:term":[{"taxonomy":"product_brand","embeddable":true,"href":"https:\/\/miumjau.ee\/lt\/wp-json\/wp\/v2\/product_brand?post=57751"},{"taxonomy":"product_cat","embeddable":true,"href":"https:\/\/miumjau.ee\/lt\/wp-json\/wp\/v2\/product_cat?post=57751"},{"taxonomy":"product_tag","embeddable":true,"href":"https:\/\/miumjau.ee\/lt\/wp-json\/wp\/v2\/product_tag?post=57751"}],"curies":[{"name":"wp","href":"https:\/\/api.w.org\/{rel}","templated":true}]}}