{"id":57746,"date":"2026-04-10T15:08:41","date_gmt":"2026-04-10T12:08:41","guid":{"rendered":"https:\/\/miumjau.ee\/toode\/ontario-sensitive-monoproteininis-erienos-pastetas-su-rudaisiais-ryziais-6x400g\/"},"modified":"2026-04-10T15:08:41","modified_gmt":"2026-04-10T12:08:41","slug":"ontario-sensitive-monoproteininis-erienos-pastetas-su-rudaisiais-ryziais-6x400g","status":"publish","type":"product","link":"https:\/\/miumjau.ee\/lt\/produktas\/ontario-sensitive-monoproteininis-erienos-pastetas-su-rudaisiais-ryziais-6x400g\/","title":{"rendered":"Ontario Sensitive monoproteininis \u0117rienos pa\u0161tetas su rudaisiais ry\u017eiais 6x400g"},"content":{"rendered":"","protected":false},"excerpt":{"rendered":"<p data-start=\"329\" data-end=\"431\">Super premium pilnv\u0113rt\u012bga bar\u012bba pieaugu\u0161iem su\u0146iem vis\u0101m \u0161\u0137irn\u0113m, tostarp su\u0146iem ar jut\u012bgu gremo\u0161anu.<\/p>\n<p data-start=\"433\" data-end=\"628\">\u0160\u012b past\u0113te, kas satur 91% ga\u013cas un buljona, ir bag\u0101tin\u0101ta ar br\u016bnajiem r\u012bsiem, kas nodro\u0161ina ilgsto\u0161u ener\u0123ijas pieg\u0101di. Pievienot\u0101 n\u0101tre veicina organisma att\u012br\u012b\u0161anos un pie\u0161\u0137ir ka\u017eokam sp\u012bdumu.<\/p>\n<p data-start=\"630\" data-end=\"1055\">Monoprote\u012bns noz\u012bm\u0113 vienu ga\u013cas veidu, t\u0101p\u0113c bar\u012bba ir piem\u0113rota su\u0146iem ar jut\u012bgu gremo\u0161anu un aler\u0123ij\u0101m. 91% ga\u013cas un buljona nodro\u0161ina augstu kvalitat\u012bvas ga\u013cas un sulas saturu lieliskai gar\u0161ai katr\u0101 malt\u012bt\u0113. Maigais sast\u0101vs nekairina un ir piem\u0113rots ar\u012b visjut\u012bg\u0101kajiem su\u0146iem. Vitam\u012bniem sabalans\u0113ts sast\u0101vs atbalsta sp\u0113c\u012bgu imunit\u0101ti un dz\u012bvotsp\u0113ju. Kvalitat\u012bvi prote\u012bni pal\u012bdz uztur\u0113t sp\u0113ku, labu formu un musku\u013cu masu.<\/p>\n<p data-start=\"1057\" data-end=\"1416\">J\u0113rs k\u0101 monoprote\u012bns ir viegli sagremojama, gar\u0161\u012bga ga\u013ca ar augstu uzturv\u0113rt\u012bbu. Br\u016bnie r\u012bsi ir kvalitat\u012bvs og\u013chidr\u0101tu avots, kas nodro\u0161ina pak\u0101penisku ener\u0123ijas atbr\u012bvo\u0161anos un nekairina gremo\u0161anu. Timi\u0101ns un rozmar\u012bns ir arom\u0101tiski augi, kas atbalsta gremo\u0161anu, imunit\u0101ti un dabisku konserv\u0113\u0161anu. N\u0101tre veicina asi\u0146u att\u012br\u012b\u0161anos, vielmai\u0146u un \u0101das vesel\u012bbu.<\/p>\n<p data-start=\"1418\" data-end=\"1642\">J\u0113ra monoprote\u012bns ar br\u016bnajiem r\u012bsiem ir lieliska izv\u0113le su\u0146iem, kuriem nepiecie\u0161ams maigs prote\u012bns un kompleksa ener\u0123ijas pieg\u0101de. Tas ir \u012bpa\u0161i ieteicams su\u0146iem ar jut\u012bgu gremo\u0161anu vai aler\u0123ij\u0101m, kuri nepanes m\u0101jputnu ga\u013cu.<\/p>\n<p data-start=\"1644\" data-end=\"1896\">Ja sunim ir jut\u012bgs ku\u0146\u0123is, j\u0113ra monoprote\u012bns ir dro\u0161a izv\u0113le. Tas satur tikai j\u0113ra ga\u013cu, kas ir \u012bpa\u0161i maiga un piem\u0113rota ar\u012b aler\u0123iskiem su\u0146iem. Augsts ga\u013cas un buljona saturs nodro\u0161ina lielisku gar\u0161u, bet citu prote\u012bnu neesam\u012bba nekairina im\u016bnsist\u0113mu.<\/p>\n<p data-start=\"1898\" data-end=\"2123\">Br\u016bnie r\u012bsi ir ide\u0101ls papildin\u0101jums jut\u012bgiem su\u0146iem. Tie ir dabiski bezglut\u0113na un satur vair\u0101k \u0161\u0137iedrvielu un miner\u0101lvielu nek\u0101 baltie r\u012bsi. Ener\u0123ija atbr\u012bvojas pak\u0101peniski, suns j\u016btas s\u0101t\u012bg\u0101ks ilg\u0101k un gremo\u0161ana ir regul\u0101ra.<\/p>\n<p data-start=\"2125\" data-end=\"2311\"><strong data-start=\"2125\" data-end=\"2137\">Sast\u0101vs:<\/strong><br \/>\nJ\u0113rs 70 %, buljons 21.35 %, br\u016bnie r\u012bsi 5 %, saulespu\u0137u e\u013c\u013ca 1.5 %, miner\u0101lvielas 0.7 %, n\u0101tre 0.5 %, lins\u0113klu e\u013c\u013ca 0.5 %, inul\u012bns 0.4 %, timi\u0101ns 0.025 %, rozmar\u012bns 0.025 %.<\/p>\n<p data-start=\"2313\" data-end=\"2428\"><strong data-start=\"2313\" data-end=\"2340\">Anal\u012btiskie komponenti:<\/strong><br \/>\nNeapstr\u0101d\u0101ts prote\u012bns 10.4 %, tauki 9 %, pelni 1 %, \u0161\u0137iedrvielas 0.5 %, mitrums 79.1 %.<\/p>\n<p data-start=\"2430\" data-end=\"2705\"><strong data-start=\"2430\" data-end=\"2443\">Piedevas:<\/strong><br \/>\nUzturvielu piedevas uz 1 kg: A vitam\u012bns 10 000 SV, D vitam\u012bns 450 SV, E vitam\u012bns 150 SV, B1 vitam\u012bns 1.2 mg, B2 vitam\u012bns 2.2 mg, B3 vitam\u012bns 15 mg, B6 vitam\u012bns 1.1 mg, var\u0161 6 mg, jods 0.8 mg, cinks 50 mg, mang\u0101ns 23 mg, hol\u012bna hlor\u012bds 700 mg, folijsk\u0101be 300 \u03bcg.<\/p>\n","protected":false},"featured_media":57432,"template":"","meta":[],"product_brand":[],"product_cat":[539],"product_tag":[],"class_list":{"0":"post-57746","1":"product","2":"type-product","3":"status-publish","4":"has-post-thumbnail","6":"product_cat-slapias-maistas-sunims","8":"first","9":"instock","10":"sale","11":"taxable","12":"shipping-taxable","13":"purchasable","14":"product-type-simple"},"yoast_head":"<!-- This site is optimized with the Yoast SEO plugin v27.2 - https:\/\/yoast.com\/product\/yoast-seo-wordpress\/ -->\n<title>Ontario Sensitive monoproteininis \u0117rienos pa\u0161tetas su rudaisiais ry\u017eiais 6x400g - MiuMjau<\/title>\n<meta name=\"robots\" content=\"index, follow, max-snippet:-1, max-image-preview:large, max-video-preview:-1\" \/>\n<link rel=\"canonical\" href=\"https:\/\/miumjau.ee\/lt\/produktas\/ontario-sensitive-monoproteininis-erienos-pastetas-su-rudaisiais-ryziais-6x400g\/\" \/>\n<meta property=\"og:locale\" content=\"lt_LT\" \/>\n<meta property=\"og:type\" content=\"article\" \/>\n<meta property=\"og:title\" content=\"Ontario Sensitive monoproteininis \u0117rienos pa\u0161tetas su rudaisiais ry\u017eiais 6x400g - MiuMjau\" \/>\n<meta property=\"og:description\" content=\"Super premium pilnv\u0113rt\u012bga bar\u012bba pieaugu\u0161iem su\u0146iem vis\u0101m \u0161\u0137irn\u0113m, tostarp su\u0146iem ar jut\u012bgu gremo\u0161anu. \u0160\u012b past\u0113te, kas satur 91% ga\u013cas un buljona, ir bag\u0101tin\u0101ta ar br\u016bnajiem r\u012bsiem, kas nodro\u0161ina ilgsto\u0161u ener\u0123ijas pieg\u0101di. Pievienot\u0101 n\u0101tre veicina organisma att\u012br\u012b\u0161anos un pie\u0161\u0137ir ka\u017eokam sp\u012bdumu. Monoprote\u012bns noz\u012bm\u0113 vienu ga\u013cas veidu, t\u0101p\u0113c bar\u012bba ir piem\u0113rota su\u0146iem ar jut\u012bgu gremo\u0161anu un aler\u0123ij\u0101m. 91% ga\u013cas un buljona nodro\u0161ina augstu kvalitat\u012bvas ga\u013cas un sulas saturu lieliskai gar\u0161ai katr\u0101 malt\u012bt\u0113. Maigais sast\u0101vs nekairina un ir piem\u0113rots ar\u012b visjut\u012bg\u0101kajiem su\u0146iem. Vitam\u012bniem sabalans\u0113ts sast\u0101vs atbalsta sp\u0113c\u012bgu imunit\u0101ti un dz\u012bvotsp\u0113ju. Kvalitat\u012bvi prote\u012bni pal\u012bdz uztur\u0113t sp\u0113ku, labu formu un musku\u013cu masu. J\u0113rs k\u0101 monoprote\u012bns ir viegli sagremojama, gar\u0161\u012bga ga\u013ca ar augstu uzturv\u0113rt\u012bbu. Br\u016bnie r\u012bsi ir kvalitat\u012bvs og\u013chidr\u0101tu avots, kas nodro\u0161ina pak\u0101penisku ener\u0123ijas atbr\u012bvo\u0161anos un nekairina gremo\u0161anu. Timi\u0101ns un rozmar\u012bns ir arom\u0101tiski augi, kas atbalsta gremo\u0161anu, imunit\u0101ti un dabisku konserv\u0113\u0161anu. N\u0101tre veicina asi\u0146u att\u012br\u012b\u0161anos, vielmai\u0146u un \u0101das vesel\u012bbu. J\u0113ra monoprote\u012bns ar br\u016bnajiem r\u012bsiem ir lieliska izv\u0113le su\u0146iem, kuriem nepiecie\u0161ams maigs prote\u012bns un kompleksa ener\u0123ijas pieg\u0101de. Tas ir \u012bpa\u0161i ieteicams su\u0146iem ar jut\u012bgu gremo\u0161anu vai aler\u0123ij\u0101m, kuri nepanes m\u0101jputnu ga\u013cu. Ja sunim ir jut\u012bgs ku\u0146\u0123is, j\u0113ra monoprote\u012bns ir dro\u0161a izv\u0113le. Tas satur tikai j\u0113ra ga\u013cu, kas ir \u012bpa\u0161i maiga un piem\u0113rota ar\u012b aler\u0123iskiem su\u0146iem. Augsts ga\u013cas un buljona saturs nodro\u0161ina lielisku gar\u0161u, bet citu prote\u012bnu neesam\u012bba nekairina im\u016bnsist\u0113mu. Br\u016bnie r\u012bsi ir ide\u0101ls papildin\u0101jums jut\u012bgiem su\u0146iem. Tie ir dabiski bezglut\u0113na un satur vair\u0101k \u0161\u0137iedrvielu un miner\u0101lvielu nek\u0101 baltie r\u012bsi. Ener\u0123ija atbr\u012bvojas pak\u0101peniski, suns j\u016btas s\u0101t\u012bg\u0101ks ilg\u0101k un gremo\u0161ana ir regul\u0101ra. Sast\u0101vs: J\u0113rs 70 %, buljons 21.35 %, br\u016bnie r\u012bsi 5 %, saulespu\u0137u e\u013c\u013ca 1.5 %, miner\u0101lvielas 0.7 %, n\u0101tre 0.5 %, lins\u0113klu e\u013c\u013ca 0.5 %, inul\u012bns 0.4 %, timi\u0101ns 0.025 %, rozmar\u012bns 0.025 %. Anal\u012btiskie komponenti: Neapstr\u0101d\u0101ts prote\u012bns 10.4 %, tauki 9 %, pelni 1 %, \u0161\u0137iedrvielas 0.5 %, mitrums 79.1 %. Piedevas: Uzturvielu piedevas uz 1 kg: A vitam\u012bns 10 000 SV, D vitam\u012bns 450 SV, E vitam\u012bns 150 SV, B1 vitam\u012bns 1.2 mg, B2 vitam\u012bns 2.2 mg, B3 vitam\u012bns 15 mg, B6 vitam\u012bns 1.1 mg, var\u0161 6 mg, jods 0.8 mg, cinks 50 mg, mang\u0101ns 23 mg, hol\u012bna hlor\u012bds 700 mg, folijsk\u0101be 300 \u03bcg.\" \/>\n<meta property=\"og:url\" content=\"https:\/\/miumjau.ee\/lt\/produktas\/ontario-sensitive-monoproteininis-erienos-pastetas-su-rudaisiais-ryziais-6x400g\/\" \/>\n<meta property=\"og:site_name\" content=\"MiuMjau\" \/>\n<meta property=\"article:publisher\" content=\"https:\/\/www.facebook.com\/miumjaupood\/\" \/>\n<meta property=\"og:image\" content=\"https:\/\/miumjau.ee\/wp-content\/uploads\/2026\/04\/ontario-monoproteein-koertele-lammas.jpg\" \/>\n\t<meta property=\"og:image:width\" content=\"600\" \/>\n\t<meta property=\"og:image:height\" content=\"800\" \/>\n\t<meta property=\"og:image:type\" content=\"image\/jpeg\" \/>\n<meta name=\"twitter:card\" content=\"summary_large_image\" \/>\n<script type=\"application\/ld+json\" class=\"yoast-schema-graph\">{\"@context\":\"https:\/\/schema.org\",\"@graph\":[{\"@type\":\"WebPage\",\"@id\":\"https:\/\/miumjau.ee\/lt\/produktas\/ontario-sensitive-monoproteininis-erienos-pastetas-su-rudaisiais-ryziais-6x400g\/\",\"url\":\"https:\/\/miumjau.ee\/lt\/produktas\/ontario-sensitive-monoproteininis-erienos-pastetas-su-rudaisiais-ryziais-6x400g\/\",\"name\":\"Ontario Sensitive monoproteininis \u0117rienos pa\u0161tetas su rudaisiais ry\u017eiais 6x400g - MiuMjau\",\"isPartOf\":{\"@id\":\"https:\/\/miumjau.ee\/#website\"},\"primaryImageOfPage\":{\"@id\":\"https:\/\/miumjau.ee\/lt\/produktas\/ontario-sensitive-monoproteininis-erienos-pastetas-su-rudaisiais-ryziais-6x400g\/#primaryimage\"},\"image\":{\"@id\":\"https:\/\/miumjau.ee\/lt\/produktas\/ontario-sensitive-monoproteininis-erienos-pastetas-su-rudaisiais-ryziais-6x400g\/#primaryimage\"},\"thumbnailUrl\":\"https:\/\/miumjau.ee\/wp-content\/uploads\/2026\/04\/ontario-monoproteein-koertele-lammas.jpg\",\"datePublished\":\"2026-04-10T12:08:41+00:00\",\"breadcrumb\":{\"@id\":\"https:\/\/miumjau.ee\/lt\/produktas\/ontario-sensitive-monoproteininis-erienos-pastetas-su-rudaisiais-ryziais-6x400g\/#breadcrumb\"},\"inLanguage\":\"lt-LT\",\"potentialAction\":[{\"@type\":\"ReadAction\",\"target\":[\"https:\/\/miumjau.ee\/lt\/produktas\/ontario-sensitive-monoproteininis-erienos-pastetas-su-rudaisiais-ryziais-6x400g\/\"]}]},{\"@type\":\"ImageObject\",\"inLanguage\":\"lt-LT\",\"@id\":\"https:\/\/miumjau.ee\/lt\/produktas\/ontario-sensitive-monoproteininis-erienos-pastetas-su-rudaisiais-ryziais-6x400g\/#primaryimage\",\"url\":\"https:\/\/miumjau.ee\/wp-content\/uploads\/2026\/04\/ontario-monoproteein-koertele-lammas.jpg\",\"contentUrl\":\"https:\/\/miumjau.ee\/wp-content\/uploads\/2026\/04\/ontario-monoproteein-koertele-lammas.jpg\",\"width\":600,\"height\":800,\"caption\":\"Ontario Sensitive monoproteiin lambapatee pruuni riisiga 6x 400g\"},{\"@type\":\"BreadcrumbList\",\"@id\":\"https:\/\/miumjau.ee\/lt\/produktas\/ontario-sensitive-monoproteininis-erienos-pastetas-su-rudaisiais-ryziais-6x400g\/#breadcrumb\",\"itemListElement\":[{\"@type\":\"ListItem\",\"position\":1,\"name\":\"Home\",\"item\":\"https:\/\/miumjau.ee\/lt\/\"},{\"@type\":\"ListItem\",\"position\":2,\"name\":\"Parduotuv\u0117\",\"item\":\"https:\/\/miumjau.ee\/lt\/parduotuve\/\"},{\"@type\":\"ListItem\",\"position\":3,\"name\":\"Ontario Sensitive monoproteininis \u0117rienos pa\u0161tetas su rudaisiais ry\u017eiais 6x400g\"}]},{\"@type\":\"WebSite\",\"@id\":\"https:\/\/miumjau.ee\/#website\",\"url\":\"https:\/\/miumjau.ee\/\",\"name\":\"MiuMjau\",\"description\":\"Kraapimispuud kassidele\",\"publisher\":{\"@id\":\"https:\/\/miumjau.ee\/#organization\"},\"potentialAction\":[{\"@type\":\"SearchAction\",\"target\":{\"@type\":\"EntryPoint\",\"urlTemplate\":\"https:\/\/miumjau.ee\/?s={search_term_string}\"},\"query-input\":{\"@type\":\"PropertyValueSpecification\",\"valueRequired\":true,\"valueName\":\"search_term_string\"}}],\"inLanguage\":\"lt-LT\"},{\"@type\":\"Organization\",\"@id\":\"https:\/\/miumjau.ee\/#organization\",\"name\":\"MiuMjau O\u00dc\",\"url\":\"https:\/\/miumjau.ee\/\",\"logo\":{\"@type\":\"ImageObject\",\"inLanguage\":\"lt-LT\",\"@id\":\"https:\/\/miumjau.ee\/#\/schema\/logo\/image\/\",\"url\":\"https:\/\/miumjau.ee\/wp-content\/uploads\/2022\/04\/MiuMjau-logo-kollane.png\",\"contentUrl\":\"https:\/\/miumjau.ee\/wp-content\/uploads\/2022\/04\/MiuMjau-logo-kollane.png\",\"width\":219,\"height\":100,\"caption\":\"MiuMjau O\u00dc\"},\"image\":{\"@id\":\"https:\/\/miumjau.ee\/#\/schema\/logo\/image\/\"},\"sameAs\":[\"https:\/\/www.facebook.com\/miumjaupood\/\"]}]}<\/script>\n<!-- \/ Yoast SEO plugin. -->","yoast_head_json":{"title":"Ontario Sensitive monoproteininis \u0117rienos pa\u0161tetas su rudaisiais ry\u017eiais 6x400g - MiuMjau","robots":{"index":"index","follow":"follow","max-snippet":"max-snippet:-1","max-image-preview":"max-image-preview:large","max-video-preview":"max-video-preview:-1"},"canonical":"https:\/\/miumjau.ee\/lt\/produktas\/ontario-sensitive-monoproteininis-erienos-pastetas-su-rudaisiais-ryziais-6x400g\/","og_locale":"lt_LT","og_type":"article","og_title":"Ontario Sensitive monoproteininis \u0117rienos pa\u0161tetas su rudaisiais ry\u017eiais 6x400g - MiuMjau","og_description":"Super premium pilnv\u0113rt\u012bga bar\u012bba pieaugu\u0161iem su\u0146iem vis\u0101m \u0161\u0137irn\u0113m, tostarp su\u0146iem ar jut\u012bgu gremo\u0161anu. \u0160\u012b past\u0113te, kas satur 91% ga\u013cas un buljona, ir bag\u0101tin\u0101ta ar br\u016bnajiem r\u012bsiem, kas nodro\u0161ina ilgsto\u0161u ener\u0123ijas pieg\u0101di. Pievienot\u0101 n\u0101tre veicina organisma att\u012br\u012b\u0161anos un pie\u0161\u0137ir ka\u017eokam sp\u012bdumu. Monoprote\u012bns noz\u012bm\u0113 vienu ga\u013cas veidu, t\u0101p\u0113c bar\u012bba ir piem\u0113rota su\u0146iem ar jut\u012bgu gremo\u0161anu un aler\u0123ij\u0101m. 91% ga\u013cas un buljona nodro\u0161ina augstu kvalitat\u012bvas ga\u013cas un sulas saturu lieliskai gar\u0161ai katr\u0101 malt\u012bt\u0113. Maigais sast\u0101vs nekairina un ir piem\u0113rots ar\u012b visjut\u012bg\u0101kajiem su\u0146iem. Vitam\u012bniem sabalans\u0113ts sast\u0101vs atbalsta sp\u0113c\u012bgu imunit\u0101ti un dz\u012bvotsp\u0113ju. Kvalitat\u012bvi prote\u012bni pal\u012bdz uztur\u0113t sp\u0113ku, labu formu un musku\u013cu masu. J\u0113rs k\u0101 monoprote\u012bns ir viegli sagremojama, gar\u0161\u012bga ga\u013ca ar augstu uzturv\u0113rt\u012bbu. Br\u016bnie r\u012bsi ir kvalitat\u012bvs og\u013chidr\u0101tu avots, kas nodro\u0161ina pak\u0101penisku ener\u0123ijas atbr\u012bvo\u0161anos un nekairina gremo\u0161anu. Timi\u0101ns un rozmar\u012bns ir arom\u0101tiski augi, kas atbalsta gremo\u0161anu, imunit\u0101ti un dabisku konserv\u0113\u0161anu. N\u0101tre veicina asi\u0146u att\u012br\u012b\u0161anos, vielmai\u0146u un \u0101das vesel\u012bbu. J\u0113ra monoprote\u012bns ar br\u016bnajiem r\u012bsiem ir lieliska izv\u0113le su\u0146iem, kuriem nepiecie\u0161ams maigs prote\u012bns un kompleksa ener\u0123ijas pieg\u0101de. Tas ir \u012bpa\u0161i ieteicams su\u0146iem ar jut\u012bgu gremo\u0161anu vai aler\u0123ij\u0101m, kuri nepanes m\u0101jputnu ga\u013cu. Ja sunim ir jut\u012bgs ku\u0146\u0123is, j\u0113ra monoprote\u012bns ir dro\u0161a izv\u0113le. Tas satur tikai j\u0113ra ga\u013cu, kas ir \u012bpa\u0161i maiga un piem\u0113rota ar\u012b aler\u0123iskiem su\u0146iem. Augsts ga\u013cas un buljona saturs nodro\u0161ina lielisku gar\u0161u, bet citu prote\u012bnu neesam\u012bba nekairina im\u016bnsist\u0113mu. Br\u016bnie r\u012bsi ir ide\u0101ls papildin\u0101jums jut\u012bgiem su\u0146iem. Tie ir dabiski bezglut\u0113na un satur vair\u0101k \u0161\u0137iedrvielu un miner\u0101lvielu nek\u0101 baltie r\u012bsi. Ener\u0123ija atbr\u012bvojas pak\u0101peniski, suns j\u016btas s\u0101t\u012bg\u0101ks ilg\u0101k un gremo\u0161ana ir regul\u0101ra. Sast\u0101vs: J\u0113rs 70 %, buljons 21.35 %, br\u016bnie r\u012bsi 5 %, saulespu\u0137u e\u013c\u013ca 1.5 %, miner\u0101lvielas 0.7 %, n\u0101tre 0.5 %, lins\u0113klu e\u013c\u013ca 0.5 %, inul\u012bns 0.4 %, timi\u0101ns 0.025 %, rozmar\u012bns 0.025 %. Anal\u012btiskie komponenti: Neapstr\u0101d\u0101ts prote\u012bns 10.4 %, tauki 9 %, pelni 1 %, \u0161\u0137iedrvielas 0.5 %, mitrums 79.1 %. Piedevas: Uzturvielu piedevas uz 1 kg: A vitam\u012bns 10 000 SV, D vitam\u012bns 450 SV, E vitam\u012bns 150 SV, B1 vitam\u012bns 1.2 mg, B2 vitam\u012bns 2.2 mg, B3 vitam\u012bns 15 mg, B6 vitam\u012bns 1.1 mg, var\u0161 6 mg, jods 0.8 mg, cinks 50 mg, mang\u0101ns 23 mg, hol\u012bna hlor\u012bds 700 mg, folijsk\u0101be 300 \u03bcg.","og_url":"https:\/\/miumjau.ee\/lt\/produktas\/ontario-sensitive-monoproteininis-erienos-pastetas-su-rudaisiais-ryziais-6x400g\/","og_site_name":"MiuMjau","article_publisher":"https:\/\/www.facebook.com\/miumjaupood\/","og_image":[{"width":600,"height":800,"url":"https:\/\/miumjau.ee\/wp-content\/uploads\/2026\/04\/ontario-monoproteein-koertele-lammas.jpg","type":"image\/jpeg"}],"twitter_card":"summary_large_image","schema":{"@context":"https:\/\/schema.org","@graph":[{"@type":"WebPage","@id":"https:\/\/miumjau.ee\/lt\/produktas\/ontario-sensitive-monoproteininis-erienos-pastetas-su-rudaisiais-ryziais-6x400g\/","url":"https:\/\/miumjau.ee\/lt\/produktas\/ontario-sensitive-monoproteininis-erienos-pastetas-su-rudaisiais-ryziais-6x400g\/","name":"Ontario Sensitive monoproteininis \u0117rienos pa\u0161tetas su rudaisiais ry\u017eiais 6x400g - MiuMjau","isPartOf":{"@id":"https:\/\/miumjau.ee\/#website"},"primaryImageOfPage":{"@id":"https:\/\/miumjau.ee\/lt\/produktas\/ontario-sensitive-monoproteininis-erienos-pastetas-su-rudaisiais-ryziais-6x400g\/#primaryimage"},"image":{"@id":"https:\/\/miumjau.ee\/lt\/produktas\/ontario-sensitive-monoproteininis-erienos-pastetas-su-rudaisiais-ryziais-6x400g\/#primaryimage"},"thumbnailUrl":"https:\/\/miumjau.ee\/wp-content\/uploads\/2026\/04\/ontario-monoproteein-koertele-lammas.jpg","datePublished":"2026-04-10T12:08:41+00:00","breadcrumb":{"@id":"https:\/\/miumjau.ee\/lt\/produktas\/ontario-sensitive-monoproteininis-erienos-pastetas-su-rudaisiais-ryziais-6x400g\/#breadcrumb"},"inLanguage":"lt-LT","potentialAction":[{"@type":"ReadAction","target":["https:\/\/miumjau.ee\/lt\/produktas\/ontario-sensitive-monoproteininis-erienos-pastetas-su-rudaisiais-ryziais-6x400g\/"]}]},{"@type":"ImageObject","inLanguage":"lt-LT","@id":"https:\/\/miumjau.ee\/lt\/produktas\/ontario-sensitive-monoproteininis-erienos-pastetas-su-rudaisiais-ryziais-6x400g\/#primaryimage","url":"https:\/\/miumjau.ee\/wp-content\/uploads\/2026\/04\/ontario-monoproteein-koertele-lammas.jpg","contentUrl":"https:\/\/miumjau.ee\/wp-content\/uploads\/2026\/04\/ontario-monoproteein-koertele-lammas.jpg","width":600,"height":800,"caption":"Ontario Sensitive monoproteiin lambapatee pruuni riisiga 6x 400g"},{"@type":"BreadcrumbList","@id":"https:\/\/miumjau.ee\/lt\/produktas\/ontario-sensitive-monoproteininis-erienos-pastetas-su-rudaisiais-ryziais-6x400g\/#breadcrumb","itemListElement":[{"@type":"ListItem","position":1,"name":"Home","item":"https:\/\/miumjau.ee\/lt\/"},{"@type":"ListItem","position":2,"name":"Parduotuv\u0117","item":"https:\/\/miumjau.ee\/lt\/parduotuve\/"},{"@type":"ListItem","position":3,"name":"Ontario Sensitive monoproteininis \u0117rienos pa\u0161tetas su rudaisiais ry\u017eiais 6x400g"}]},{"@type":"WebSite","@id":"https:\/\/miumjau.ee\/#website","url":"https:\/\/miumjau.ee\/","name":"MiuMjau","description":"Kraapimispuud kassidele","publisher":{"@id":"https:\/\/miumjau.ee\/#organization"},"potentialAction":[{"@type":"SearchAction","target":{"@type":"EntryPoint","urlTemplate":"https:\/\/miumjau.ee\/?s={search_term_string}"},"query-input":{"@type":"PropertyValueSpecification","valueRequired":true,"valueName":"search_term_string"}}],"inLanguage":"lt-LT"},{"@type":"Organization","@id":"https:\/\/miumjau.ee\/#organization","name":"MiuMjau O\u00dc","url":"https:\/\/miumjau.ee\/","logo":{"@type":"ImageObject","inLanguage":"lt-LT","@id":"https:\/\/miumjau.ee\/#\/schema\/logo\/image\/","url":"https:\/\/miumjau.ee\/wp-content\/uploads\/2022\/04\/MiuMjau-logo-kollane.png","contentUrl":"https:\/\/miumjau.ee\/wp-content\/uploads\/2022\/04\/MiuMjau-logo-kollane.png","width":219,"height":100,"caption":"MiuMjau O\u00dc"},"image":{"@id":"https:\/\/miumjau.ee\/#\/schema\/logo\/image\/"},"sameAs":["https:\/\/www.facebook.com\/miumjaupood\/"]}]}},"_links":{"self":[{"href":"https:\/\/miumjau.ee\/lt\/wp-json\/wp\/v2\/product\/57746","targetHints":{"allow":["GET"]}}],"collection":[{"href":"https:\/\/miumjau.ee\/lt\/wp-json\/wp\/v2\/product"}],"about":[{"href":"https:\/\/miumjau.ee\/lt\/wp-json\/wp\/v2\/types\/product"}],"wp:featuredmedia":[{"embeddable":true,"href":"https:\/\/miumjau.ee\/lt\/wp-json\/wp\/v2\/media\/57432"}],"wp:attachment":[{"href":"https:\/\/miumjau.ee\/lt\/wp-json\/wp\/v2\/media?parent=57746"}],"wp:term":[{"taxonomy":"product_brand","embeddable":true,"href":"https:\/\/miumjau.ee\/lt\/wp-json\/wp\/v2\/product_brand?post=57746"},{"taxonomy":"product_cat","embeddable":true,"href":"https:\/\/miumjau.ee\/lt\/wp-json\/wp\/v2\/product_cat?post=57746"},{"taxonomy":"product_tag","embeddable":true,"href":"https:\/\/miumjau.ee\/lt\/wp-json\/wp\/v2\/product_tag?post=57746"}],"curies":[{"name":"wp","href":"https:\/\/api.w.org\/{rel}","templated":true}]}}