{"id":57740,"date":"2026-04-10T15:08:44","date_gmt":"2026-04-10T12:08:44","guid":{"rendered":"https:\/\/miumjau.ee\/toode\/ontario-sensitive-monoproteininis-kalakutienos-pastetas-su-batatais-6x400g\/"},"modified":"2026-04-10T15:08:44","modified_gmt":"2026-04-10T12:08:44","slug":"ontario-sensitive-monoproteininis-kalakutienos-pastetas-su-batatais-6x400g","status":"publish","type":"product","link":"https:\/\/miumjau.ee\/lt\/produktas\/ontario-sensitive-monoproteininis-kalakutienos-pastetas-su-batatais-6x400g\/","title":{"rendered":"Ontario Sensitive monoproteininis kalakutienos pa\u0161tetas su batatais 6x400g"},"content":{"rendered":"","protected":false},"excerpt":{"rendered":"<p data-start=\"6953\" data-end=\"7057\">Super premium visavertis maistas suaugusiems vis\u0173 veisli\u0173 \u0161unims, \u012fskaitant \u0161unis su jautriu vir\u0161kinimu.<\/p>\n<p data-start=\"7059\" data-end=\"7266\">Monoproteininis kalakutienos pa\u0161tetas su batatais specialiai sukurtas \u0161unims, turintiems maisto netoleravim\u0105. Jame yra 91% m\u0117sos ir sultinio bei nat\u016brali\u0173 \u017eoleli\u0173, kurios palaiko organizmo valymosi procesus.<\/p>\n<p data-start=\"7268\" data-end=\"7662\">Monoproteinas rei\u0161kia vien\u0105 m\u0117sos r\u016b\u0161\u012f, tod\u0117l maistas tinka \u0161unims su jautriu vir\u0161kinimu ir alergijomis. Auk\u0161tas kokybi\u0161kos m\u0117sos ir sultinio kiekis u\u017etikrina puik\u0173 skon\u012f kiekviename valgyme. \u0160velni sud\u0117tis nedirgina ir tinka net labai jautriems \u0161unims. Subalansuota vitamin\u0173 sud\u0117tis palaiko stipr\u0173 imunitet\u0105 ir gyvybingum\u0105. Kokybi\u0161ki baltymai padeda i\u0161laikyti j\u0117g\u0105, ger\u0105 form\u0105 ir raumen\u0173 mas\u0119.<\/p>\n<p data-start=\"7664\" data-end=\"7993\">Kalakutiena kaip monoproteinas yra labai \u0161velni ir liesa m\u0117sa, tinkama optimaliam svoriui palaikyti. Batatai yra skanus energijos \u0161altinis, turtingas antioksidantais ir vitaminais. \u010ciobreliai ir rozmarinas palaiko vir\u0161kinim\u0105, imunitet\u0105 ir nat\u016bral\u0173 konservavim\u0105. Kiaulpien\u0117 palaiko kepen\u0173 ir inkst\u0173 sveikat\u0105 bei med\u017eiag\u0173 apykait\u0105.<\/p>\n<p data-start=\"7995\" data-end=\"8196\">Receptas sukurtas \u0161unims, kurie netoleruoja keli\u0173 baltym\u0173 ar gr\u016bd\u0173. D\u0117l kalakutienos monoproteino ir batat\u0173 suma\u017e\u0117ja vir\u0161kinimo sutrikim\u0173 rizika. Rekomenduojama ilgalaikiam naudojimui jautriems \u0161unims.<\/p>\n<p data-start=\"8198\" data-end=\"8403\">Sud\u0117tis:<br data-start=\"8206\" data-end=\"8209\" \/>Kalakutiena 70 %, sultinys 21.82 %, batatai 5 %, saul\u0117gr\u0105\u017e\u0173 aliejus 1.5 %, mineralai 0.7 %, lin\u0173 s\u0117men\u0173 aliejus 0.5 %, inulinas 0.4 %, \u010diobreliai 0.025 %, rozmarinas 0.025 %, kiaulpien\u0117 0.025 %.<\/p>\n<p data-start=\"8405\" data-end=\"8520\">Analitin\u0117s sudedamosios dalys:<br data-start=\"8435\" data-end=\"8438\" \/>\u017dali baltymai 10.4 %, riebalai 9.8 %, pelenai 1 %, skaidulos 0.6 %, dr\u0117gm\u0117 78.2 %.<\/p>\n","protected":false},"featured_media":57426,"template":"","meta":[],"product_brand":[],"product_cat":[539],"product_tag":[],"class_list":{"0":"post-57740","1":"product","2":"type-product","3":"status-publish","4":"has-post-thumbnail","6":"product_cat-slapias-maistas-sunims","8":"first","9":"instock","10":"sale","11":"taxable","12":"shipping-taxable","13":"purchasable","14":"product-type-simple"},"yoast_head":"<!-- This site is optimized with the Yoast SEO plugin v27.2 - https:\/\/yoast.com\/product\/yoast-seo-wordpress\/ -->\n<title>Ontario Sensitive monoproteininis kalakutienos pa\u0161tetas su batatais 6x400g - MiuMjau<\/title>\n<meta name=\"robots\" content=\"index, follow, max-snippet:-1, max-image-preview:large, max-video-preview:-1\" \/>\n<link rel=\"canonical\" href=\"https:\/\/miumjau.ee\/lt\/produktas\/ontario-sensitive-monoproteininis-kalakutienos-pastetas-su-batatais-6x400g\/\" \/>\n<meta property=\"og:locale\" content=\"lt_LT\" \/>\n<meta property=\"og:type\" content=\"article\" \/>\n<meta property=\"og:title\" content=\"Ontario Sensitive monoproteininis kalakutienos pa\u0161tetas su batatais 6x400g - MiuMjau\" \/>\n<meta property=\"og:description\" content=\"Super premium visavertis maistas suaugusiems vis\u0173 veisli\u0173 \u0161unims, \u012fskaitant \u0161unis su jautriu vir\u0161kinimu. Monoproteininis kalakutienos pa\u0161tetas su batatais specialiai sukurtas \u0161unims, turintiems maisto netoleravim\u0105. Jame yra 91% m\u0117sos ir sultinio bei nat\u016brali\u0173 \u017eoleli\u0173, kurios palaiko organizmo valymosi procesus. Monoproteinas rei\u0161kia vien\u0105 m\u0117sos r\u016b\u0161\u012f, tod\u0117l maistas tinka \u0161unims su jautriu vir\u0161kinimu ir alergijomis. Auk\u0161tas kokybi\u0161kos m\u0117sos ir sultinio kiekis u\u017etikrina puik\u0173 skon\u012f kiekviename valgyme. \u0160velni sud\u0117tis nedirgina ir tinka net labai jautriems \u0161unims. Subalansuota vitamin\u0173 sud\u0117tis palaiko stipr\u0173 imunitet\u0105 ir gyvybingum\u0105. Kokybi\u0161ki baltymai padeda i\u0161laikyti j\u0117g\u0105, ger\u0105 form\u0105 ir raumen\u0173 mas\u0119. Kalakutiena kaip monoproteinas yra labai \u0161velni ir liesa m\u0117sa, tinkama optimaliam svoriui palaikyti. Batatai yra skanus energijos \u0161altinis, turtingas antioksidantais ir vitaminais. \u010ciobreliai ir rozmarinas palaiko vir\u0161kinim\u0105, imunitet\u0105 ir nat\u016bral\u0173 konservavim\u0105. Kiaulpien\u0117 palaiko kepen\u0173 ir inkst\u0173 sveikat\u0105 bei med\u017eiag\u0173 apykait\u0105. Receptas sukurtas \u0161unims, kurie netoleruoja keli\u0173 baltym\u0173 ar gr\u016bd\u0173. D\u0117l kalakutienos monoproteino ir batat\u0173 suma\u017e\u0117ja vir\u0161kinimo sutrikim\u0173 rizika. Rekomenduojama ilgalaikiam naudojimui jautriems \u0161unims. Sud\u0117tis:Kalakutiena 70 %, sultinys 21.82 %, batatai 5 %, saul\u0117gr\u0105\u017e\u0173 aliejus 1.5 %, mineralai 0.7 %, lin\u0173 s\u0117men\u0173 aliejus 0.5 %, inulinas 0.4 %, \u010diobreliai 0.025 %, rozmarinas 0.025 %, kiaulpien\u0117 0.025 %. Analitin\u0117s sudedamosios dalys:\u017dali baltymai 10.4 %, riebalai 9.8 %, pelenai 1 %, skaidulos 0.6 %, dr\u0117gm\u0117 78.2 %.\" \/>\n<meta property=\"og:url\" content=\"https:\/\/miumjau.ee\/lt\/produktas\/ontario-sensitive-monoproteininis-kalakutienos-pastetas-su-batatais-6x400g\/\" \/>\n<meta property=\"og:site_name\" content=\"MiuMjau\" \/>\n<meta property=\"article:publisher\" content=\"https:\/\/www.facebook.com\/miumjaupood\/\" \/>\n<meta property=\"og:image\" content=\"https:\/\/miumjau.ee\/wp-content\/uploads\/2026\/04\/ontario-monoproteein-koertele-kalkun.jpg\" \/>\n\t<meta property=\"og:image:width\" content=\"600\" \/>\n\t<meta property=\"og:image:height\" content=\"800\" \/>\n\t<meta property=\"og:image:type\" content=\"image\/jpeg\" \/>\n<meta name=\"twitter:card\" content=\"summary_large_image\" \/>\n<script type=\"application\/ld+json\" class=\"yoast-schema-graph\">{\"@context\":\"https:\/\/schema.org\",\"@graph\":[{\"@type\":\"WebPage\",\"@id\":\"https:\/\/miumjau.ee\/lt\/produktas\/ontario-sensitive-monoproteininis-kalakutienos-pastetas-su-batatais-6x400g\/\",\"url\":\"https:\/\/miumjau.ee\/lt\/produktas\/ontario-sensitive-monoproteininis-kalakutienos-pastetas-su-batatais-6x400g\/\",\"name\":\"Ontario Sensitive monoproteininis kalakutienos pa\u0161tetas su batatais 6x400g - MiuMjau\",\"isPartOf\":{\"@id\":\"https:\/\/miumjau.ee\/#website\"},\"primaryImageOfPage\":{\"@id\":\"https:\/\/miumjau.ee\/lt\/produktas\/ontario-sensitive-monoproteininis-kalakutienos-pastetas-su-batatais-6x400g\/#primaryimage\"},\"image\":{\"@id\":\"https:\/\/miumjau.ee\/lt\/produktas\/ontario-sensitive-monoproteininis-kalakutienos-pastetas-su-batatais-6x400g\/#primaryimage\"},\"thumbnailUrl\":\"https:\/\/miumjau.ee\/wp-content\/uploads\/2026\/04\/ontario-monoproteein-koertele-kalkun.jpg\",\"datePublished\":\"2026-04-10T12:08:44+00:00\",\"breadcrumb\":{\"@id\":\"https:\/\/miumjau.ee\/lt\/produktas\/ontario-sensitive-monoproteininis-kalakutienos-pastetas-su-batatais-6x400g\/#breadcrumb\"},\"inLanguage\":\"lt-LT\",\"potentialAction\":[{\"@type\":\"ReadAction\",\"target\":[\"https:\/\/miumjau.ee\/lt\/produktas\/ontario-sensitive-monoproteininis-kalakutienos-pastetas-su-batatais-6x400g\/\"]}]},{\"@type\":\"ImageObject\",\"inLanguage\":\"lt-LT\",\"@id\":\"https:\/\/miumjau.ee\/lt\/produktas\/ontario-sensitive-monoproteininis-kalakutienos-pastetas-su-batatais-6x400g\/#primaryimage\",\"url\":\"https:\/\/miumjau.ee\/wp-content\/uploads\/2026\/04\/ontario-monoproteein-koertele-kalkun.jpg\",\"contentUrl\":\"https:\/\/miumjau.ee\/wp-content\/uploads\/2026\/04\/ontario-monoproteein-koertele-kalkun.jpg\",\"width\":600,\"height\":800,\"caption\":\"Ontario Sensitive monoproteiin kalkunipatee bataadiga 6x 400g\"},{\"@type\":\"BreadcrumbList\",\"@id\":\"https:\/\/miumjau.ee\/lt\/produktas\/ontario-sensitive-monoproteininis-kalakutienos-pastetas-su-batatais-6x400g\/#breadcrumb\",\"itemListElement\":[{\"@type\":\"ListItem\",\"position\":1,\"name\":\"Home\",\"item\":\"https:\/\/miumjau.ee\/lt\/\"},{\"@type\":\"ListItem\",\"position\":2,\"name\":\"Parduotuv\u0117\",\"item\":\"https:\/\/miumjau.ee\/lt\/parduotuve\/\"},{\"@type\":\"ListItem\",\"position\":3,\"name\":\"Ontario Sensitive monoproteininis kalakutienos pa\u0161tetas su batatais 6x400g\"}]},{\"@type\":\"WebSite\",\"@id\":\"https:\/\/miumjau.ee\/#website\",\"url\":\"https:\/\/miumjau.ee\/\",\"name\":\"MiuMjau\",\"description\":\"Kraapimispuud kassidele\",\"publisher\":{\"@id\":\"https:\/\/miumjau.ee\/#organization\"},\"potentialAction\":[{\"@type\":\"SearchAction\",\"target\":{\"@type\":\"EntryPoint\",\"urlTemplate\":\"https:\/\/miumjau.ee\/?s={search_term_string}\"},\"query-input\":{\"@type\":\"PropertyValueSpecification\",\"valueRequired\":true,\"valueName\":\"search_term_string\"}}],\"inLanguage\":\"lt-LT\"},{\"@type\":\"Organization\",\"@id\":\"https:\/\/miumjau.ee\/#organization\",\"name\":\"MiuMjau O\u00dc\",\"url\":\"https:\/\/miumjau.ee\/\",\"logo\":{\"@type\":\"ImageObject\",\"inLanguage\":\"lt-LT\",\"@id\":\"https:\/\/miumjau.ee\/#\/schema\/logo\/image\/\",\"url\":\"https:\/\/miumjau.ee\/wp-content\/uploads\/2022\/04\/MiuMjau-logo-kollane.png\",\"contentUrl\":\"https:\/\/miumjau.ee\/wp-content\/uploads\/2022\/04\/MiuMjau-logo-kollane.png\",\"width\":219,\"height\":100,\"caption\":\"MiuMjau O\u00dc\"},\"image\":{\"@id\":\"https:\/\/miumjau.ee\/#\/schema\/logo\/image\/\"},\"sameAs\":[\"https:\/\/www.facebook.com\/miumjaupood\/\"]}]}<\/script>\n<!-- \/ Yoast SEO plugin. -->","yoast_head_json":{"title":"Ontario Sensitive monoproteininis kalakutienos pa\u0161tetas su batatais 6x400g - MiuMjau","robots":{"index":"index","follow":"follow","max-snippet":"max-snippet:-1","max-image-preview":"max-image-preview:large","max-video-preview":"max-video-preview:-1"},"canonical":"https:\/\/miumjau.ee\/lt\/produktas\/ontario-sensitive-monoproteininis-kalakutienos-pastetas-su-batatais-6x400g\/","og_locale":"lt_LT","og_type":"article","og_title":"Ontario Sensitive monoproteininis kalakutienos pa\u0161tetas su batatais 6x400g - MiuMjau","og_description":"Super premium visavertis maistas suaugusiems vis\u0173 veisli\u0173 \u0161unims, \u012fskaitant \u0161unis su jautriu vir\u0161kinimu. Monoproteininis kalakutienos pa\u0161tetas su batatais specialiai sukurtas \u0161unims, turintiems maisto netoleravim\u0105. Jame yra 91% m\u0117sos ir sultinio bei nat\u016brali\u0173 \u017eoleli\u0173, kurios palaiko organizmo valymosi procesus. Monoproteinas rei\u0161kia vien\u0105 m\u0117sos r\u016b\u0161\u012f, tod\u0117l maistas tinka \u0161unims su jautriu vir\u0161kinimu ir alergijomis. Auk\u0161tas kokybi\u0161kos m\u0117sos ir sultinio kiekis u\u017etikrina puik\u0173 skon\u012f kiekviename valgyme. \u0160velni sud\u0117tis nedirgina ir tinka net labai jautriems \u0161unims. Subalansuota vitamin\u0173 sud\u0117tis palaiko stipr\u0173 imunitet\u0105 ir gyvybingum\u0105. Kokybi\u0161ki baltymai padeda i\u0161laikyti j\u0117g\u0105, ger\u0105 form\u0105 ir raumen\u0173 mas\u0119. Kalakutiena kaip monoproteinas yra labai \u0161velni ir liesa m\u0117sa, tinkama optimaliam svoriui palaikyti. Batatai yra skanus energijos \u0161altinis, turtingas antioksidantais ir vitaminais. \u010ciobreliai ir rozmarinas palaiko vir\u0161kinim\u0105, imunitet\u0105 ir nat\u016bral\u0173 konservavim\u0105. Kiaulpien\u0117 palaiko kepen\u0173 ir inkst\u0173 sveikat\u0105 bei med\u017eiag\u0173 apykait\u0105. Receptas sukurtas \u0161unims, kurie netoleruoja keli\u0173 baltym\u0173 ar gr\u016bd\u0173. D\u0117l kalakutienos monoproteino ir batat\u0173 suma\u017e\u0117ja vir\u0161kinimo sutrikim\u0173 rizika. Rekomenduojama ilgalaikiam naudojimui jautriems \u0161unims. Sud\u0117tis:Kalakutiena 70 %, sultinys 21.82 %, batatai 5 %, saul\u0117gr\u0105\u017e\u0173 aliejus 1.5 %, mineralai 0.7 %, lin\u0173 s\u0117men\u0173 aliejus 0.5 %, inulinas 0.4 %, \u010diobreliai 0.025 %, rozmarinas 0.025 %, kiaulpien\u0117 0.025 %. Analitin\u0117s sudedamosios dalys:\u017dali baltymai 10.4 %, riebalai 9.8 %, pelenai 1 %, skaidulos 0.6 %, dr\u0117gm\u0117 78.2 %.","og_url":"https:\/\/miumjau.ee\/lt\/produktas\/ontario-sensitive-monoproteininis-kalakutienos-pastetas-su-batatais-6x400g\/","og_site_name":"MiuMjau","article_publisher":"https:\/\/www.facebook.com\/miumjaupood\/","og_image":[{"width":600,"height":800,"url":"https:\/\/miumjau.ee\/wp-content\/uploads\/2026\/04\/ontario-monoproteein-koertele-kalkun.jpg","type":"image\/jpeg"}],"twitter_card":"summary_large_image","schema":{"@context":"https:\/\/schema.org","@graph":[{"@type":"WebPage","@id":"https:\/\/miumjau.ee\/lt\/produktas\/ontario-sensitive-monoproteininis-kalakutienos-pastetas-su-batatais-6x400g\/","url":"https:\/\/miumjau.ee\/lt\/produktas\/ontario-sensitive-monoproteininis-kalakutienos-pastetas-su-batatais-6x400g\/","name":"Ontario Sensitive monoproteininis kalakutienos pa\u0161tetas su batatais 6x400g - MiuMjau","isPartOf":{"@id":"https:\/\/miumjau.ee\/#website"},"primaryImageOfPage":{"@id":"https:\/\/miumjau.ee\/lt\/produktas\/ontario-sensitive-monoproteininis-kalakutienos-pastetas-su-batatais-6x400g\/#primaryimage"},"image":{"@id":"https:\/\/miumjau.ee\/lt\/produktas\/ontario-sensitive-monoproteininis-kalakutienos-pastetas-su-batatais-6x400g\/#primaryimage"},"thumbnailUrl":"https:\/\/miumjau.ee\/wp-content\/uploads\/2026\/04\/ontario-monoproteein-koertele-kalkun.jpg","datePublished":"2026-04-10T12:08:44+00:00","breadcrumb":{"@id":"https:\/\/miumjau.ee\/lt\/produktas\/ontario-sensitive-monoproteininis-kalakutienos-pastetas-su-batatais-6x400g\/#breadcrumb"},"inLanguage":"lt-LT","potentialAction":[{"@type":"ReadAction","target":["https:\/\/miumjau.ee\/lt\/produktas\/ontario-sensitive-monoproteininis-kalakutienos-pastetas-su-batatais-6x400g\/"]}]},{"@type":"ImageObject","inLanguage":"lt-LT","@id":"https:\/\/miumjau.ee\/lt\/produktas\/ontario-sensitive-monoproteininis-kalakutienos-pastetas-su-batatais-6x400g\/#primaryimage","url":"https:\/\/miumjau.ee\/wp-content\/uploads\/2026\/04\/ontario-monoproteein-koertele-kalkun.jpg","contentUrl":"https:\/\/miumjau.ee\/wp-content\/uploads\/2026\/04\/ontario-monoproteein-koertele-kalkun.jpg","width":600,"height":800,"caption":"Ontario Sensitive monoproteiin kalkunipatee bataadiga 6x 400g"},{"@type":"BreadcrumbList","@id":"https:\/\/miumjau.ee\/lt\/produktas\/ontario-sensitive-monoproteininis-kalakutienos-pastetas-su-batatais-6x400g\/#breadcrumb","itemListElement":[{"@type":"ListItem","position":1,"name":"Home","item":"https:\/\/miumjau.ee\/lt\/"},{"@type":"ListItem","position":2,"name":"Parduotuv\u0117","item":"https:\/\/miumjau.ee\/lt\/parduotuve\/"},{"@type":"ListItem","position":3,"name":"Ontario Sensitive monoproteininis kalakutienos pa\u0161tetas su batatais 6x400g"}]},{"@type":"WebSite","@id":"https:\/\/miumjau.ee\/#website","url":"https:\/\/miumjau.ee\/","name":"MiuMjau","description":"Kraapimispuud kassidele","publisher":{"@id":"https:\/\/miumjau.ee\/#organization"},"potentialAction":[{"@type":"SearchAction","target":{"@type":"EntryPoint","urlTemplate":"https:\/\/miumjau.ee\/?s={search_term_string}"},"query-input":{"@type":"PropertyValueSpecification","valueRequired":true,"valueName":"search_term_string"}}],"inLanguage":"lt-LT"},{"@type":"Organization","@id":"https:\/\/miumjau.ee\/#organization","name":"MiuMjau O\u00dc","url":"https:\/\/miumjau.ee\/","logo":{"@type":"ImageObject","inLanguage":"lt-LT","@id":"https:\/\/miumjau.ee\/#\/schema\/logo\/image\/","url":"https:\/\/miumjau.ee\/wp-content\/uploads\/2022\/04\/MiuMjau-logo-kollane.png","contentUrl":"https:\/\/miumjau.ee\/wp-content\/uploads\/2022\/04\/MiuMjau-logo-kollane.png","width":219,"height":100,"caption":"MiuMjau O\u00dc"},"image":{"@id":"https:\/\/miumjau.ee\/#\/schema\/logo\/image\/"},"sameAs":["https:\/\/www.facebook.com\/miumjaupood\/"]}]}},"_links":{"self":[{"href":"https:\/\/miumjau.ee\/lt\/wp-json\/wp\/v2\/product\/57740","targetHints":{"allow":["GET"]}}],"collection":[{"href":"https:\/\/miumjau.ee\/lt\/wp-json\/wp\/v2\/product"}],"about":[{"href":"https:\/\/miumjau.ee\/lt\/wp-json\/wp\/v2\/types\/product"}],"wp:featuredmedia":[{"embeddable":true,"href":"https:\/\/miumjau.ee\/lt\/wp-json\/wp\/v2\/media\/57426"}],"wp:attachment":[{"href":"https:\/\/miumjau.ee\/lt\/wp-json\/wp\/v2\/media?parent=57740"}],"wp:term":[{"taxonomy":"product_brand","embeddable":true,"href":"https:\/\/miumjau.ee\/lt\/wp-json\/wp\/v2\/product_brand?post=57740"},{"taxonomy":"product_cat","embeddable":true,"href":"https:\/\/miumjau.ee\/lt\/wp-json\/wp\/v2\/product_cat?post=57740"},{"taxonomy":"product_tag","embeddable":true,"href":"https:\/\/miumjau.ee\/lt\/wp-json\/wp\/v2\/product_tag?post=57740"}],"curies":[{"name":"wp","href":"https:\/\/api.w.org\/{rel}","templated":true}]}}