{"id":57735,"date":"2026-04-10T15:08:49","date_gmt":"2026-04-10T12:08:49","guid":{"rendered":"https:\/\/miumjau.ee\/toode\/ontario-sensitive-monoproteinine-anties-pastetas-su-moliugu-6x400g\/"},"modified":"2026-04-10T15:08:49","modified_gmt":"2026-04-10T12:08:49","slug":"ontario-sensitive-monoproteinine-anties-pastetas-su-moliugu-6x400g","status":"publish","type":"product","link":"https:\/\/miumjau.ee\/lt\/produktas\/ontario-sensitive-monoproteinine-anties-pastetas-su-moliugu-6x400g\/","title":{"rendered":"Ontario Sensitive monoproteinin\u0117 anties pa\u0161tetas su moli\u016bgu 6x400g"},"content":{"rendered":"","protected":false},"excerpt":{"rendered":"<p data-start=\"6050\" data-end=\"6154\">Super premium visavertis maistas suaugusiems vis\u0173 veisli\u0173 \u0161unims, \u012fskaitant \u0161unis su jautriu vir\u0161kinimu.<\/p>\n<p data-start=\"6156\" data-end=\"6395\">Monoproteininis anties pa\u0161tetas su 91% m\u0117sos ir sultinio yra idealus pasirinkimas \u0161unims su jautriu vir\u0161kinimu. Jis praturtintas moli\u016bgu, kuris palaiko imunitet\u0105 ir skatina blizgant\u012f kail\u012f. Maistingas, skanus ir saugus maistas j\u016bs\u0173 \u0161uniui.<\/p>\n<p data-start=\"6397\" data-end=\"6664\">Monoproteinas rei\u0161kia vien\u0105 m\u0117sos r\u016b\u0161\u012f, tod\u0117l maistas tinka \u0161unims su jautriu vir\u0161kinimu ir alergijomis. 91% m\u0117sos ir sultinio u\u017etikrina auk\u0161t\u0105 m\u0117sos kiek\u012f puikiam skoniui. \u0160velni recept\u016bra yra gerai toleruojama. Subalansuota vitamin\u0173 sud\u0117tis palaiko imunin\u0119 sistem\u0105.<\/p>\n<p data-start=\"6666\" data-end=\"6987\">Anties monoproteinas yra skanus ir maistingas baltym\u0173 \u0161altinis. Moli\u016bgas yra beta karoteno, vitamin\u0173, mineral\u0173 ir skaidul\u0173 \u0161altinis, palaikantis \u017earnyno veikl\u0105. \u010ciobreliai ir rozmarinas palaiko vir\u0161kinim\u0105, imunitet\u0105 ir nat\u016bral\u0173 konservavim\u0105. Ramun\u0117l\u0117s ramina vir\u0161kinimo ir nerv\u0173 sistem\u0105 bei turi prie\u0161u\u017edegimini\u0173 savybi\u0173.<\/p>\n<p data-start=\"6989\" data-end=\"7224\">Anties monoproteinas su moli\u016bgu yra puikus pasirinkimas \u0161unims su jautriu vir\u0161kinimu. Riebal\u0173 r\u016bg\u0161tys palaiko sveik\u0105 od\u0105 ir blizgant\u012f kail\u012f. Maistas rekomenduojamas kaip saugus ir ypa\u010d skanus papildas prie monoproteininio sauso maisto.<\/p>\n<p data-start=\"7226\" data-end=\"7425\">Sud\u0117tis:<br data-start=\"7234\" data-end=\"7237\" \/>Antis 70 %, sultinys 21,82 %, moli\u016bgas 5 %, saul\u0117gr\u0105\u017e\u0173 aliejus 1,5 %, mineralai 0,7 %, lin\u0173 s\u0117men\u0173 aliejus 0,5 %, inulinas 0,4 %, \u010diobreliai 0,025 %, rozmarinas 0,025 %, ramun\u0117l\u0117s 0,025 %.<\/p>\n<p data-start=\"7427\" data-end=\"7546\">Analitin\u0117s sudedamosios dalys:<br data-start=\"7457\" data-end=\"7460\" \/>\u017dali baltymai 10,8 %, riebal\u0173 kiekis 9,8 %, pelenai 1 %, skaidulos 0,4 %, dr\u0117gm\u0117 78 %.<\/p>\n","protected":false},"featured_media":57438,"template":"","meta":[],"product_brand":[],"product_cat":[539],"product_tag":[],"class_list":{"0":"post-57735","1":"product","2":"type-product","3":"status-publish","4":"has-post-thumbnail","6":"product_cat-slapias-maistas-sunims","8":"first","9":"instock","10":"sale","11":"taxable","12":"shipping-taxable","13":"purchasable","14":"product-type-simple"},"yoast_head":"<!-- This site is optimized with the Yoast SEO plugin v27.2 - https:\/\/yoast.com\/product\/yoast-seo-wordpress\/ -->\n<title>Ontario Sensitive monoproteinin\u0117 anties pa\u0161tetas su moli\u016bgu 6x400g - MiuMjau<\/title>\n<meta name=\"robots\" content=\"index, follow, max-snippet:-1, max-image-preview:large, max-video-preview:-1\" \/>\n<link rel=\"canonical\" href=\"https:\/\/miumjau.ee\/lt\/produktas\/ontario-sensitive-monoproteinine-anties-pastetas-su-moliugu-6x400g\/\" \/>\n<meta property=\"og:locale\" content=\"lt_LT\" \/>\n<meta property=\"og:type\" content=\"article\" \/>\n<meta property=\"og:title\" content=\"Ontario Sensitive monoproteinin\u0117 anties pa\u0161tetas su moli\u016bgu 6x400g - MiuMjau\" \/>\n<meta property=\"og:description\" content=\"Super premium visavertis maistas suaugusiems vis\u0173 veisli\u0173 \u0161unims, \u012fskaitant \u0161unis su jautriu vir\u0161kinimu. Monoproteininis anties pa\u0161tetas su 91% m\u0117sos ir sultinio yra idealus pasirinkimas \u0161unims su jautriu vir\u0161kinimu. Jis praturtintas moli\u016bgu, kuris palaiko imunitet\u0105 ir skatina blizgant\u012f kail\u012f. Maistingas, skanus ir saugus maistas j\u016bs\u0173 \u0161uniui. Monoproteinas rei\u0161kia vien\u0105 m\u0117sos r\u016b\u0161\u012f, tod\u0117l maistas tinka \u0161unims su jautriu vir\u0161kinimu ir alergijomis. 91% m\u0117sos ir sultinio u\u017etikrina auk\u0161t\u0105 m\u0117sos kiek\u012f puikiam skoniui. \u0160velni recept\u016bra yra gerai toleruojama. Subalansuota vitamin\u0173 sud\u0117tis palaiko imunin\u0119 sistem\u0105. Anties monoproteinas yra skanus ir maistingas baltym\u0173 \u0161altinis. Moli\u016bgas yra beta karoteno, vitamin\u0173, mineral\u0173 ir skaidul\u0173 \u0161altinis, palaikantis \u017earnyno veikl\u0105. \u010ciobreliai ir rozmarinas palaiko vir\u0161kinim\u0105, imunitet\u0105 ir nat\u016bral\u0173 konservavim\u0105. Ramun\u0117l\u0117s ramina vir\u0161kinimo ir nerv\u0173 sistem\u0105 bei turi prie\u0161u\u017edegimini\u0173 savybi\u0173. Anties monoproteinas su moli\u016bgu yra puikus pasirinkimas \u0161unims su jautriu vir\u0161kinimu. Riebal\u0173 r\u016bg\u0161tys palaiko sveik\u0105 od\u0105 ir blizgant\u012f kail\u012f. Maistas rekomenduojamas kaip saugus ir ypa\u010d skanus papildas prie monoproteininio sauso maisto. Sud\u0117tis:Antis 70 %, sultinys 21,82 %, moli\u016bgas 5 %, saul\u0117gr\u0105\u017e\u0173 aliejus 1,5 %, mineralai 0,7 %, lin\u0173 s\u0117men\u0173 aliejus 0,5 %, inulinas 0,4 %, \u010diobreliai 0,025 %, rozmarinas 0,025 %, ramun\u0117l\u0117s 0,025 %. Analitin\u0117s sudedamosios dalys:\u017dali baltymai 10,8 %, riebal\u0173 kiekis 9,8 %, pelenai 1 %, skaidulos 0,4 %, dr\u0117gm\u0117 78 %.\" \/>\n<meta property=\"og:url\" content=\"https:\/\/miumjau.ee\/lt\/produktas\/ontario-sensitive-monoproteinine-anties-pastetas-su-moliugu-6x400g\/\" \/>\n<meta property=\"og:site_name\" content=\"MiuMjau\" \/>\n<meta property=\"article:publisher\" content=\"https:\/\/www.facebook.com\/miumjaupood\/\" \/>\n<meta property=\"og:image\" content=\"https:\/\/miumjau.ee\/wp-content\/uploads\/2026\/04\/ontario-monoproteein-koertele-part-1.jpg\" \/>\n\t<meta property=\"og:image:width\" content=\"600\" \/>\n\t<meta property=\"og:image:height\" content=\"800\" \/>\n\t<meta property=\"og:image:type\" content=\"image\/jpeg\" \/>\n<meta name=\"twitter:card\" content=\"summary_large_image\" \/>\n<script type=\"application\/ld+json\" class=\"yoast-schema-graph\">{\"@context\":\"https:\/\/schema.org\",\"@graph\":[{\"@type\":\"WebPage\",\"@id\":\"https:\/\/miumjau.ee\/lt\/produktas\/ontario-sensitive-monoproteinine-anties-pastetas-su-moliugu-6x400g\/\",\"url\":\"https:\/\/miumjau.ee\/lt\/produktas\/ontario-sensitive-monoproteinine-anties-pastetas-su-moliugu-6x400g\/\",\"name\":\"Ontario Sensitive monoproteinin\u0117 anties pa\u0161tetas su moli\u016bgu 6x400g - MiuMjau\",\"isPartOf\":{\"@id\":\"https:\/\/miumjau.ee\/#website\"},\"primaryImageOfPage\":{\"@id\":\"https:\/\/miumjau.ee\/lt\/produktas\/ontario-sensitive-monoproteinine-anties-pastetas-su-moliugu-6x400g\/#primaryimage\"},\"image\":{\"@id\":\"https:\/\/miumjau.ee\/lt\/produktas\/ontario-sensitive-monoproteinine-anties-pastetas-su-moliugu-6x400g\/#primaryimage\"},\"thumbnailUrl\":\"https:\/\/miumjau.ee\/wp-content\/uploads\/2026\/04\/ontario-monoproteein-koertele-part-1.jpg\",\"datePublished\":\"2026-04-10T12:08:49+00:00\",\"breadcrumb\":{\"@id\":\"https:\/\/miumjau.ee\/lt\/produktas\/ontario-sensitive-monoproteinine-anties-pastetas-su-moliugu-6x400g\/#breadcrumb\"},\"inLanguage\":\"lt-LT\",\"potentialAction\":[{\"@type\":\"ReadAction\",\"target\":[\"https:\/\/miumjau.ee\/lt\/produktas\/ontario-sensitive-monoproteinine-anties-pastetas-su-moliugu-6x400g\/\"]}]},{\"@type\":\"ImageObject\",\"inLanguage\":\"lt-LT\",\"@id\":\"https:\/\/miumjau.ee\/lt\/produktas\/ontario-sensitive-monoproteinine-anties-pastetas-su-moliugu-6x400g\/#primaryimage\",\"url\":\"https:\/\/miumjau.ee\/wp-content\/uploads\/2026\/04\/ontario-monoproteein-koertele-part-1.jpg\",\"contentUrl\":\"https:\/\/miumjau.ee\/wp-content\/uploads\/2026\/04\/ontario-monoproteein-koertele-part-1.jpg\",\"width\":600,\"height\":800,\"caption\":\"Ontario Sensitive monoproteiin pardipatee k\u00f5rvitsaga 6x 400g\"},{\"@type\":\"BreadcrumbList\",\"@id\":\"https:\/\/miumjau.ee\/lt\/produktas\/ontario-sensitive-monoproteinine-anties-pastetas-su-moliugu-6x400g\/#breadcrumb\",\"itemListElement\":[{\"@type\":\"ListItem\",\"position\":1,\"name\":\"Home\",\"item\":\"https:\/\/miumjau.ee\/lt\/\"},{\"@type\":\"ListItem\",\"position\":2,\"name\":\"Parduotuv\u0117\",\"item\":\"https:\/\/miumjau.ee\/lt\/parduotuve\/\"},{\"@type\":\"ListItem\",\"position\":3,\"name\":\"Ontario Sensitive monoproteinin\u0117 anties pa\u0161tetas su moli\u016bgu 6x400g\"}]},{\"@type\":\"WebSite\",\"@id\":\"https:\/\/miumjau.ee\/#website\",\"url\":\"https:\/\/miumjau.ee\/\",\"name\":\"MiuMjau\",\"description\":\"Kraapimispuud kassidele\",\"publisher\":{\"@id\":\"https:\/\/miumjau.ee\/#organization\"},\"potentialAction\":[{\"@type\":\"SearchAction\",\"target\":{\"@type\":\"EntryPoint\",\"urlTemplate\":\"https:\/\/miumjau.ee\/?s={search_term_string}\"},\"query-input\":{\"@type\":\"PropertyValueSpecification\",\"valueRequired\":true,\"valueName\":\"search_term_string\"}}],\"inLanguage\":\"lt-LT\"},{\"@type\":\"Organization\",\"@id\":\"https:\/\/miumjau.ee\/#organization\",\"name\":\"MiuMjau O\u00dc\",\"url\":\"https:\/\/miumjau.ee\/\",\"logo\":{\"@type\":\"ImageObject\",\"inLanguage\":\"lt-LT\",\"@id\":\"https:\/\/miumjau.ee\/#\/schema\/logo\/image\/\",\"url\":\"https:\/\/miumjau.ee\/wp-content\/uploads\/2022\/04\/MiuMjau-logo-kollane.png\",\"contentUrl\":\"https:\/\/miumjau.ee\/wp-content\/uploads\/2022\/04\/MiuMjau-logo-kollane.png\",\"width\":219,\"height\":100,\"caption\":\"MiuMjau O\u00dc\"},\"image\":{\"@id\":\"https:\/\/miumjau.ee\/#\/schema\/logo\/image\/\"},\"sameAs\":[\"https:\/\/www.facebook.com\/miumjaupood\/\"]}]}<\/script>\n<!-- \/ Yoast SEO plugin. -->","yoast_head_json":{"title":"Ontario Sensitive monoproteinin\u0117 anties pa\u0161tetas su moli\u016bgu 6x400g - MiuMjau","robots":{"index":"index","follow":"follow","max-snippet":"max-snippet:-1","max-image-preview":"max-image-preview:large","max-video-preview":"max-video-preview:-1"},"canonical":"https:\/\/miumjau.ee\/lt\/produktas\/ontario-sensitive-monoproteinine-anties-pastetas-su-moliugu-6x400g\/","og_locale":"lt_LT","og_type":"article","og_title":"Ontario Sensitive monoproteinin\u0117 anties pa\u0161tetas su moli\u016bgu 6x400g - MiuMjau","og_description":"Super premium visavertis maistas suaugusiems vis\u0173 veisli\u0173 \u0161unims, \u012fskaitant \u0161unis su jautriu vir\u0161kinimu. Monoproteininis anties pa\u0161tetas su 91% m\u0117sos ir sultinio yra idealus pasirinkimas \u0161unims su jautriu vir\u0161kinimu. Jis praturtintas moli\u016bgu, kuris palaiko imunitet\u0105 ir skatina blizgant\u012f kail\u012f. Maistingas, skanus ir saugus maistas j\u016bs\u0173 \u0161uniui. Monoproteinas rei\u0161kia vien\u0105 m\u0117sos r\u016b\u0161\u012f, tod\u0117l maistas tinka \u0161unims su jautriu vir\u0161kinimu ir alergijomis. 91% m\u0117sos ir sultinio u\u017etikrina auk\u0161t\u0105 m\u0117sos kiek\u012f puikiam skoniui. \u0160velni recept\u016bra yra gerai toleruojama. Subalansuota vitamin\u0173 sud\u0117tis palaiko imunin\u0119 sistem\u0105. Anties monoproteinas yra skanus ir maistingas baltym\u0173 \u0161altinis. Moli\u016bgas yra beta karoteno, vitamin\u0173, mineral\u0173 ir skaidul\u0173 \u0161altinis, palaikantis \u017earnyno veikl\u0105. \u010ciobreliai ir rozmarinas palaiko vir\u0161kinim\u0105, imunitet\u0105 ir nat\u016bral\u0173 konservavim\u0105. Ramun\u0117l\u0117s ramina vir\u0161kinimo ir nerv\u0173 sistem\u0105 bei turi prie\u0161u\u017edegimini\u0173 savybi\u0173. Anties monoproteinas su moli\u016bgu yra puikus pasirinkimas \u0161unims su jautriu vir\u0161kinimu. Riebal\u0173 r\u016bg\u0161tys palaiko sveik\u0105 od\u0105 ir blizgant\u012f kail\u012f. Maistas rekomenduojamas kaip saugus ir ypa\u010d skanus papildas prie monoproteininio sauso maisto. Sud\u0117tis:Antis 70 %, sultinys 21,82 %, moli\u016bgas 5 %, saul\u0117gr\u0105\u017e\u0173 aliejus 1,5 %, mineralai 0,7 %, lin\u0173 s\u0117men\u0173 aliejus 0,5 %, inulinas 0,4 %, \u010diobreliai 0,025 %, rozmarinas 0,025 %, ramun\u0117l\u0117s 0,025 %. Analitin\u0117s sudedamosios dalys:\u017dali baltymai 10,8 %, riebal\u0173 kiekis 9,8 %, pelenai 1 %, skaidulos 0,4 %, dr\u0117gm\u0117 78 %.","og_url":"https:\/\/miumjau.ee\/lt\/produktas\/ontario-sensitive-monoproteinine-anties-pastetas-su-moliugu-6x400g\/","og_site_name":"MiuMjau","article_publisher":"https:\/\/www.facebook.com\/miumjaupood\/","og_image":[{"width":600,"height":800,"url":"https:\/\/miumjau.ee\/wp-content\/uploads\/2026\/04\/ontario-monoproteein-koertele-part-1.jpg","type":"image\/jpeg"}],"twitter_card":"summary_large_image","schema":{"@context":"https:\/\/schema.org","@graph":[{"@type":"WebPage","@id":"https:\/\/miumjau.ee\/lt\/produktas\/ontario-sensitive-monoproteinine-anties-pastetas-su-moliugu-6x400g\/","url":"https:\/\/miumjau.ee\/lt\/produktas\/ontario-sensitive-monoproteinine-anties-pastetas-su-moliugu-6x400g\/","name":"Ontario Sensitive monoproteinin\u0117 anties pa\u0161tetas su moli\u016bgu 6x400g - MiuMjau","isPartOf":{"@id":"https:\/\/miumjau.ee\/#website"},"primaryImageOfPage":{"@id":"https:\/\/miumjau.ee\/lt\/produktas\/ontario-sensitive-monoproteinine-anties-pastetas-su-moliugu-6x400g\/#primaryimage"},"image":{"@id":"https:\/\/miumjau.ee\/lt\/produktas\/ontario-sensitive-monoproteinine-anties-pastetas-su-moliugu-6x400g\/#primaryimage"},"thumbnailUrl":"https:\/\/miumjau.ee\/wp-content\/uploads\/2026\/04\/ontario-monoproteein-koertele-part-1.jpg","datePublished":"2026-04-10T12:08:49+00:00","breadcrumb":{"@id":"https:\/\/miumjau.ee\/lt\/produktas\/ontario-sensitive-monoproteinine-anties-pastetas-su-moliugu-6x400g\/#breadcrumb"},"inLanguage":"lt-LT","potentialAction":[{"@type":"ReadAction","target":["https:\/\/miumjau.ee\/lt\/produktas\/ontario-sensitive-monoproteinine-anties-pastetas-su-moliugu-6x400g\/"]}]},{"@type":"ImageObject","inLanguage":"lt-LT","@id":"https:\/\/miumjau.ee\/lt\/produktas\/ontario-sensitive-monoproteinine-anties-pastetas-su-moliugu-6x400g\/#primaryimage","url":"https:\/\/miumjau.ee\/wp-content\/uploads\/2026\/04\/ontario-monoproteein-koertele-part-1.jpg","contentUrl":"https:\/\/miumjau.ee\/wp-content\/uploads\/2026\/04\/ontario-monoproteein-koertele-part-1.jpg","width":600,"height":800,"caption":"Ontario Sensitive monoproteiin pardipatee k\u00f5rvitsaga 6x 400g"},{"@type":"BreadcrumbList","@id":"https:\/\/miumjau.ee\/lt\/produktas\/ontario-sensitive-monoproteinine-anties-pastetas-su-moliugu-6x400g\/#breadcrumb","itemListElement":[{"@type":"ListItem","position":1,"name":"Home","item":"https:\/\/miumjau.ee\/lt\/"},{"@type":"ListItem","position":2,"name":"Parduotuv\u0117","item":"https:\/\/miumjau.ee\/lt\/parduotuve\/"},{"@type":"ListItem","position":3,"name":"Ontario Sensitive monoproteinin\u0117 anties pa\u0161tetas su moli\u016bgu 6x400g"}]},{"@type":"WebSite","@id":"https:\/\/miumjau.ee\/#website","url":"https:\/\/miumjau.ee\/","name":"MiuMjau","description":"Kraapimispuud kassidele","publisher":{"@id":"https:\/\/miumjau.ee\/#organization"},"potentialAction":[{"@type":"SearchAction","target":{"@type":"EntryPoint","urlTemplate":"https:\/\/miumjau.ee\/?s={search_term_string}"},"query-input":{"@type":"PropertyValueSpecification","valueRequired":true,"valueName":"search_term_string"}}],"inLanguage":"lt-LT"},{"@type":"Organization","@id":"https:\/\/miumjau.ee\/#organization","name":"MiuMjau O\u00dc","url":"https:\/\/miumjau.ee\/","logo":{"@type":"ImageObject","inLanguage":"lt-LT","@id":"https:\/\/miumjau.ee\/#\/schema\/logo\/image\/","url":"https:\/\/miumjau.ee\/wp-content\/uploads\/2022\/04\/MiuMjau-logo-kollane.png","contentUrl":"https:\/\/miumjau.ee\/wp-content\/uploads\/2022\/04\/MiuMjau-logo-kollane.png","width":219,"height":100,"caption":"MiuMjau O\u00dc"},"image":{"@id":"https:\/\/miumjau.ee\/#\/schema\/logo\/image\/"},"sameAs":["https:\/\/www.facebook.com\/miumjaupood\/"]}]}},"_links":{"self":[{"href":"https:\/\/miumjau.ee\/lt\/wp-json\/wp\/v2\/product\/57735","targetHints":{"allow":["GET"]}}],"collection":[{"href":"https:\/\/miumjau.ee\/lt\/wp-json\/wp\/v2\/product"}],"about":[{"href":"https:\/\/miumjau.ee\/lt\/wp-json\/wp\/v2\/types\/product"}],"wp:featuredmedia":[{"embeddable":true,"href":"https:\/\/miumjau.ee\/lt\/wp-json\/wp\/v2\/media\/57438"}],"wp:attachment":[{"href":"https:\/\/miumjau.ee\/lt\/wp-json\/wp\/v2\/media?parent=57735"}],"wp:term":[{"taxonomy":"product_brand","embeddable":true,"href":"https:\/\/miumjau.ee\/lt\/wp-json\/wp\/v2\/product_brand?post=57735"},{"taxonomy":"product_cat","embeddable":true,"href":"https:\/\/miumjau.ee\/lt\/wp-json\/wp\/v2\/product_cat?post=57735"},{"taxonomy":"product_tag","embeddable":true,"href":"https:\/\/miumjau.ee\/lt\/wp-json\/wp\/v2\/product_tag?post=57735"}],"curies":[{"name":"wp","href":"https:\/\/api.w.org\/{rel}","templated":true}]}}