{"id":57730,"date":"2026-04-12T10:55:43","date_gmt":"2026-04-12T07:55:43","guid":{"rendered":"https:\/\/miumjau.ee\/toode\/uniq-pets-spurgos-sunims-su-vistiena-ir-kokosu-10-x-50-g\/"},"modified":"2026-04-12T10:55:43","modified_gmt":"2026-04-12T07:55:43","slug":"uniq-pets-spurgos-sunims-su-vistiena-ir-kokosu-10-x-50-g","status":"publish","type":"product","link":"https:\/\/miumjau.ee\/lt\/produktas\/uniq-pets-spurgos-sunims-su-vistiena-ir-kokosu-10-x-50-g\/","title":{"rendered":"Uniq Pets spurgos \u0161unims su vi\u0161tiena ir kokosu, 10 x 50 g"},"content":{"rendered":"","protected":false},"excerpt":{"rendered":"<p data-start=\"5894\" data-end=\"6208\">Fantasti\u0161ki skan\u0117stai, 7 cm skersmens. Juose n\u0117ra \u017ealiavos odos juosteli\u0173, kuri\u0173 kramtymas gali b\u016bti pavojingas. Lengvai suyra burnoje ir yra tikrai malon\u016bs bei saug\u016bs. M\u016bs\u0173 haskis patvirtino 100%! Taip pat tinka \u0161uniukams nuo 3 m\u0117nesi\u0173, turintiems didel\u012f kramtymo poreik\u012f. Baltym\u0173 turtingas skan\u0117stas j\u016bs\u0173 \u0161uniui.<\/p>\n<p data-start=\"6210\" data-end=\"6312\">Tvirta ir m\u0117singa tekst\u016bra u\u017etikrina \u012ftraukiant\u012f kramtym\u0105, kuris patenkina nat\u016bralius \u0161uns instinktus.<\/p>\n<p data-start=\"6314\" data-end=\"6371\">Uniq Pets spurgos \u0161unims su vi\u0161tiena ir kokosu, 10 x 50 g<\/p>\n<p data-start=\"6373\" data-end=\"7239\">Produkto savyb\u0117s:<br data-start=\"6390\" data-end=\"6393\" \/>Sud\u0117tyje yra vi\u0161tiena \u2013 auk\u0161tos kokyb\u0117s baltym\u0173 \u0161altinis raumenims ir energijai palaikyti.<br data-start=\"6483\" data-end=\"6486\" \/>Kokos\u0173 aliejus \u2013 suteikia nat\u016bralaus saldumo ir palaiko odos, kailio bei vir\u0161kinimo sveikat\u0105.<br data-start=\"6579\" data-end=\"6582\" \/>Ry\u017ei\u0173 miltai ir kiti nat\u016bral\u016bs krakmolai \u2013 lengvai vir\u0161kinami angliavandeniai energijai palaikyti, tinka \u0161unims be gr\u016bd\u0173 alergijos.<br data-start=\"6713\" data-end=\"6716\" \/>Kiau\u0161inio trynio milteliai \u2013 turtingi biotinu ir vitaminais, palaiko odos, kailio ir bendr\u0105 gyvybingum\u0105.<br data-start=\"6820\" data-end=\"6823\" \/>Spurgos forma (7 cm) \u2013 unikali \u017eiedo forma skatina kramtym\u0105 ir padeda ma\u017einti apna\u0161\u0173 bei dant\u0173 akmen\u0173 susidarym\u0105.<br data-start=\"6936\" data-end=\"6939\" \/>Individualiai supakuota (10 vnt. pakuot\u0117je) \u2013 u\u017etikrina \u0161vie\u017eum\u0105, apsaugo nuo u\u017eter\u0161imo ir patogu pasiimti ar dalintis.<br data-start=\"7058\" data-end=\"7061\" \/>Kolagenas \u2013 palaiko s\u0105nari\u0173 sveikat\u0105 ir judrum\u0105.<br data-start=\"7109\" data-end=\"7112\" \/>Puikiai tinka dres\u016brai ar kaip dovana \u2013 smagi forma ir porcij\u0173 pakuot\u0117s tinka kaip atlygis, \u0161vent\u0117ms ar augintinio palepinimui.<\/p>\n<p data-start=\"7241\" data-end=\"7687\">Sud\u0117tis: Ry\u017ei\u0173 miltai \u2013 29,36 %; vi\u0161tienos m\u0117sa \u2013 20 %; \u017eirni\u0173 krakmolas \u2013 10 %; augalinis glicerinas \u2013 10 %; kalcio karbonatas \u2013 9 %; sald\u017ei\u0173j\u0173 bulvi\u0173 krakmolas \u2013 5 %; tapiokos krakmolas \u2013 5 %; bulvi\u0173 krakmolas \u2013 5 %; kukur\u016bz\u0173 miltai \u2013 3 %; kiau\u0161inio trynio milteliai \u2013 2 %; rafinuotas augalinis aliejus \u2013 0,5 %; kolagenas (i\u0161 galvij\u0173) \u2013 0,5 %; kokos\u0173 aliejus \u2013 0,5 %; kalio sorbatas \u2013 0,1 %; vitaminas E \u2013 0,03 %; rozmarin\u0173 ekstraktas \u2013 0,01 %.<\/p>\n<p data-start=\"7689\" data-end=\"7818\">Analitin\u0117s sudedamosios dalys: \u017dali baltymai \u2013 12 %; \u017eali riebalai \u2013 2 %; \u017eali pluo\u0161tai \u2013 2 %; \u017eali pelenai \u2013 9 %; dr\u0117gm\u0117 \u2013 16 %.<\/p>\n","protected":false},"featured_media":57498,"template":"","meta":[],"product_brand":[],"product_cat":[540],"product_tag":[],"class_list":{"0":"post-57730","1":"product","2":"type-product","3":"status-publish","4":"has-post-thumbnail","6":"product_cat-skanestai-sunims","8":"first","9":"instock","10":"taxable","11":"shipping-taxable","12":"purchasable","13":"product-type-simple"},"yoast_head":"<!-- This site is optimized with the Yoast SEO plugin v27.2 - https:\/\/yoast.com\/product\/yoast-seo-wordpress\/ -->\n<title>Uniq Pets spurgos \u0161unims su vi\u0161tiena ir kokosu, 10 x 50 g - MiuMjau<\/title>\n<meta name=\"robots\" content=\"index, follow, max-snippet:-1, max-image-preview:large, max-video-preview:-1\" \/>\n<link rel=\"canonical\" href=\"https:\/\/miumjau.ee\/lt\/produktas\/uniq-pets-spurgos-sunims-su-vistiena-ir-kokosu-10-x-50-g\/\" \/>\n<meta property=\"og:locale\" content=\"lt_LT\" \/>\n<meta property=\"og:type\" content=\"article\" \/>\n<meta property=\"og:title\" content=\"Uniq Pets spurgos \u0161unims su vi\u0161tiena ir kokosu, 10 x 50 g - MiuMjau\" \/>\n<meta property=\"og:description\" content=\"Fantasti\u0161ki skan\u0117stai, 7 cm skersmens. Juose n\u0117ra \u017ealiavos odos juosteli\u0173, kuri\u0173 kramtymas gali b\u016bti pavojingas. Lengvai suyra burnoje ir yra tikrai malon\u016bs bei saug\u016bs. M\u016bs\u0173 haskis patvirtino 100%! Taip pat tinka \u0161uniukams nuo 3 m\u0117nesi\u0173, turintiems didel\u012f kramtymo poreik\u012f. Baltym\u0173 turtingas skan\u0117stas j\u016bs\u0173 \u0161uniui. Tvirta ir m\u0117singa tekst\u016bra u\u017etikrina \u012ftraukiant\u012f kramtym\u0105, kuris patenkina nat\u016bralius \u0161uns instinktus. Uniq Pets spurgos \u0161unims su vi\u0161tiena ir kokosu, 10 x 50 g Produkto savyb\u0117s:Sud\u0117tyje yra vi\u0161tiena \u2013 auk\u0161tos kokyb\u0117s baltym\u0173 \u0161altinis raumenims ir energijai palaikyti.Kokos\u0173 aliejus \u2013 suteikia nat\u016bralaus saldumo ir palaiko odos, kailio bei vir\u0161kinimo sveikat\u0105.Ry\u017ei\u0173 miltai ir kiti nat\u016bral\u016bs krakmolai \u2013 lengvai vir\u0161kinami angliavandeniai energijai palaikyti, tinka \u0161unims be gr\u016bd\u0173 alergijos.Kiau\u0161inio trynio milteliai \u2013 turtingi biotinu ir vitaminais, palaiko odos, kailio ir bendr\u0105 gyvybingum\u0105.Spurgos forma (7 cm) \u2013 unikali \u017eiedo forma skatina kramtym\u0105 ir padeda ma\u017einti apna\u0161\u0173 bei dant\u0173 akmen\u0173 susidarym\u0105.Individualiai supakuota (10 vnt. pakuot\u0117je) \u2013 u\u017etikrina \u0161vie\u017eum\u0105, apsaugo nuo u\u017eter\u0161imo ir patogu pasiimti ar dalintis.Kolagenas \u2013 palaiko s\u0105nari\u0173 sveikat\u0105 ir judrum\u0105.Puikiai tinka dres\u016brai ar kaip dovana \u2013 smagi forma ir porcij\u0173 pakuot\u0117s tinka kaip atlygis, \u0161vent\u0117ms ar augintinio palepinimui. Sud\u0117tis: Ry\u017ei\u0173 miltai \u2013 29,36 %; vi\u0161tienos m\u0117sa \u2013 20 %; \u017eirni\u0173 krakmolas \u2013 10 %; augalinis glicerinas \u2013 10 %; kalcio karbonatas \u2013 9 %; sald\u017ei\u0173j\u0173 bulvi\u0173 krakmolas \u2013 5 %; tapiokos krakmolas \u2013 5 %; bulvi\u0173 krakmolas \u2013 5 %; kukur\u016bz\u0173 miltai \u2013 3 %; kiau\u0161inio trynio milteliai \u2013 2 %; rafinuotas augalinis aliejus \u2013 0,5 %; kolagenas (i\u0161 galvij\u0173) \u2013 0,5 %; kokos\u0173 aliejus \u2013 0,5 %; kalio sorbatas \u2013 0,1 %; vitaminas E \u2013 0,03 %; rozmarin\u0173 ekstraktas \u2013 0,01 %. Analitin\u0117s sudedamosios dalys: \u017dali baltymai \u2013 12 %; \u017eali riebalai \u2013 2 %; \u017eali pluo\u0161tai \u2013 2 %; \u017eali pelenai \u2013 9 %; dr\u0117gm\u0117 \u2013 16 %.\" \/>\n<meta property=\"og:url\" content=\"https:\/\/miumjau.ee\/lt\/produktas\/uniq-pets-spurgos-sunims-su-vistiena-ir-kokosu-10-x-50-g\/\" \/>\n<meta property=\"og:site_name\" content=\"MiuMjau\" \/>\n<meta property=\"article:publisher\" content=\"https:\/\/www.facebook.com\/miumjaupood\/\" \/>\n<meta property=\"og:image\" content=\"https:\/\/miumjau.ee\/wp-content\/uploads\/2026\/04\/uniq-soorik-kookosega4.jpg\" \/>\n\t<meta property=\"og:image:width\" content=\"600\" \/>\n\t<meta property=\"og:image:height\" content=\"800\" \/>\n\t<meta property=\"og:image:type\" content=\"image\/jpeg\" \/>\n<meta name=\"twitter:card\" content=\"summary_large_image\" \/>\n<script type=\"application\/ld+json\" class=\"yoast-schema-graph\">{\"@context\":\"https:\/\/schema.org\",\"@graph\":[{\"@type\":\"WebPage\",\"@id\":\"https:\/\/miumjau.ee\/lt\/produktas\/uniq-pets-spurgos-sunims-su-vistiena-ir-kokosu-10-x-50-g\/\",\"url\":\"https:\/\/miumjau.ee\/lt\/produktas\/uniq-pets-spurgos-sunims-su-vistiena-ir-kokosu-10-x-50-g\/\",\"name\":\"Uniq Pets spurgos \u0161unims su vi\u0161tiena ir kokosu, 10 x 50 g - MiuMjau\",\"isPartOf\":{\"@id\":\"https:\/\/miumjau.ee\/#website\"},\"primaryImageOfPage\":{\"@id\":\"https:\/\/miumjau.ee\/lt\/produktas\/uniq-pets-spurgos-sunims-su-vistiena-ir-kokosu-10-x-50-g\/#primaryimage\"},\"image\":{\"@id\":\"https:\/\/miumjau.ee\/lt\/produktas\/uniq-pets-spurgos-sunims-su-vistiena-ir-kokosu-10-x-50-g\/#primaryimage\"},\"thumbnailUrl\":\"https:\/\/miumjau.ee\/wp-content\/uploads\/2026\/04\/uniq-soorik-kookosega4.jpg\",\"datePublished\":\"2026-04-12T07:55:43+00:00\",\"breadcrumb\":{\"@id\":\"https:\/\/miumjau.ee\/lt\/produktas\/uniq-pets-spurgos-sunims-su-vistiena-ir-kokosu-10-x-50-g\/#breadcrumb\"},\"inLanguage\":\"lt-LT\",\"potentialAction\":[{\"@type\":\"ReadAction\",\"target\":[\"https:\/\/miumjau.ee\/lt\/produktas\/uniq-pets-spurgos-sunims-su-vistiena-ir-kokosu-10-x-50-g\/\"]}]},{\"@type\":\"ImageObject\",\"inLanguage\":\"lt-LT\",\"@id\":\"https:\/\/miumjau.ee\/lt\/produktas\/uniq-pets-spurgos-sunims-su-vistiena-ir-kokosu-10-x-50-g\/#primaryimage\",\"url\":\"https:\/\/miumjau.ee\/wp-content\/uploads\/2026\/04\/uniq-soorik-kookosega4.jpg\",\"contentUrl\":\"https:\/\/miumjau.ee\/wp-content\/uploads\/2026\/04\/uniq-soorik-kookosega4.jpg\",\"width\":600,\"height\":800,\"caption\":\"Uniq Pets s\u00f5\u00f5rikud koertele kana ja kookosega, 10x50g\"},{\"@type\":\"BreadcrumbList\",\"@id\":\"https:\/\/miumjau.ee\/lt\/produktas\/uniq-pets-spurgos-sunims-su-vistiena-ir-kokosu-10-x-50-g\/#breadcrumb\",\"itemListElement\":[{\"@type\":\"ListItem\",\"position\":1,\"name\":\"Home\",\"item\":\"https:\/\/miumjau.ee\/lt\/\"},{\"@type\":\"ListItem\",\"position\":2,\"name\":\"Parduotuv\u0117\",\"item\":\"https:\/\/miumjau.ee\/lt\/parduotuve\/\"},{\"@type\":\"ListItem\",\"position\":3,\"name\":\"Uniq Pets spurgos \u0161unims su vi\u0161tiena ir kokosu, 10 x 50 g\"}]},{\"@type\":\"WebSite\",\"@id\":\"https:\/\/miumjau.ee\/#website\",\"url\":\"https:\/\/miumjau.ee\/\",\"name\":\"MiuMjau\",\"description\":\"Kraapimispuud kassidele\",\"publisher\":{\"@id\":\"https:\/\/miumjau.ee\/#organization\"},\"potentialAction\":[{\"@type\":\"SearchAction\",\"target\":{\"@type\":\"EntryPoint\",\"urlTemplate\":\"https:\/\/miumjau.ee\/?s={search_term_string}\"},\"query-input\":{\"@type\":\"PropertyValueSpecification\",\"valueRequired\":true,\"valueName\":\"search_term_string\"}}],\"inLanguage\":\"lt-LT\"},{\"@type\":\"Organization\",\"@id\":\"https:\/\/miumjau.ee\/#organization\",\"name\":\"MiuMjau O\u00dc\",\"url\":\"https:\/\/miumjau.ee\/\",\"logo\":{\"@type\":\"ImageObject\",\"inLanguage\":\"lt-LT\",\"@id\":\"https:\/\/miumjau.ee\/#\/schema\/logo\/image\/\",\"url\":\"https:\/\/miumjau.ee\/wp-content\/uploads\/2022\/04\/MiuMjau-logo-kollane.png\",\"contentUrl\":\"https:\/\/miumjau.ee\/wp-content\/uploads\/2022\/04\/MiuMjau-logo-kollane.png\",\"width\":219,\"height\":100,\"caption\":\"MiuMjau O\u00dc\"},\"image\":{\"@id\":\"https:\/\/miumjau.ee\/#\/schema\/logo\/image\/\"},\"sameAs\":[\"https:\/\/www.facebook.com\/miumjaupood\/\"]}]}<\/script>\n<!-- \/ Yoast SEO plugin. -->","yoast_head_json":{"title":"Uniq Pets spurgos \u0161unims su vi\u0161tiena ir kokosu, 10 x 50 g - MiuMjau","robots":{"index":"index","follow":"follow","max-snippet":"max-snippet:-1","max-image-preview":"max-image-preview:large","max-video-preview":"max-video-preview:-1"},"canonical":"https:\/\/miumjau.ee\/lt\/produktas\/uniq-pets-spurgos-sunims-su-vistiena-ir-kokosu-10-x-50-g\/","og_locale":"lt_LT","og_type":"article","og_title":"Uniq Pets spurgos \u0161unims su vi\u0161tiena ir kokosu, 10 x 50 g - MiuMjau","og_description":"Fantasti\u0161ki skan\u0117stai, 7 cm skersmens. Juose n\u0117ra \u017ealiavos odos juosteli\u0173, kuri\u0173 kramtymas gali b\u016bti pavojingas. Lengvai suyra burnoje ir yra tikrai malon\u016bs bei saug\u016bs. M\u016bs\u0173 haskis patvirtino 100%! Taip pat tinka \u0161uniukams nuo 3 m\u0117nesi\u0173, turintiems didel\u012f kramtymo poreik\u012f. Baltym\u0173 turtingas skan\u0117stas j\u016bs\u0173 \u0161uniui. Tvirta ir m\u0117singa tekst\u016bra u\u017etikrina \u012ftraukiant\u012f kramtym\u0105, kuris patenkina nat\u016bralius \u0161uns instinktus. Uniq Pets spurgos \u0161unims su vi\u0161tiena ir kokosu, 10 x 50 g Produkto savyb\u0117s:Sud\u0117tyje yra vi\u0161tiena \u2013 auk\u0161tos kokyb\u0117s baltym\u0173 \u0161altinis raumenims ir energijai palaikyti.Kokos\u0173 aliejus \u2013 suteikia nat\u016bralaus saldumo ir palaiko odos, kailio bei vir\u0161kinimo sveikat\u0105.Ry\u017ei\u0173 miltai ir kiti nat\u016bral\u016bs krakmolai \u2013 lengvai vir\u0161kinami angliavandeniai energijai palaikyti, tinka \u0161unims be gr\u016bd\u0173 alergijos.Kiau\u0161inio trynio milteliai \u2013 turtingi biotinu ir vitaminais, palaiko odos, kailio ir bendr\u0105 gyvybingum\u0105.Spurgos forma (7 cm) \u2013 unikali \u017eiedo forma skatina kramtym\u0105 ir padeda ma\u017einti apna\u0161\u0173 bei dant\u0173 akmen\u0173 susidarym\u0105.Individualiai supakuota (10 vnt. pakuot\u0117je) \u2013 u\u017etikrina \u0161vie\u017eum\u0105, apsaugo nuo u\u017eter\u0161imo ir patogu pasiimti ar dalintis.Kolagenas \u2013 palaiko s\u0105nari\u0173 sveikat\u0105 ir judrum\u0105.Puikiai tinka dres\u016brai ar kaip dovana \u2013 smagi forma ir porcij\u0173 pakuot\u0117s tinka kaip atlygis, \u0161vent\u0117ms ar augintinio palepinimui. Sud\u0117tis: Ry\u017ei\u0173 miltai \u2013 29,36 %; vi\u0161tienos m\u0117sa \u2013 20 %; \u017eirni\u0173 krakmolas \u2013 10 %; augalinis glicerinas \u2013 10 %; kalcio karbonatas \u2013 9 %; sald\u017ei\u0173j\u0173 bulvi\u0173 krakmolas \u2013 5 %; tapiokos krakmolas \u2013 5 %; bulvi\u0173 krakmolas \u2013 5 %; kukur\u016bz\u0173 miltai \u2013 3 %; kiau\u0161inio trynio milteliai \u2013 2 %; rafinuotas augalinis aliejus \u2013 0,5 %; kolagenas (i\u0161 galvij\u0173) \u2013 0,5 %; kokos\u0173 aliejus \u2013 0,5 %; kalio sorbatas \u2013 0,1 %; vitaminas E \u2013 0,03 %; rozmarin\u0173 ekstraktas \u2013 0,01 %. Analitin\u0117s sudedamosios dalys: \u017dali baltymai \u2013 12 %; \u017eali riebalai \u2013 2 %; \u017eali pluo\u0161tai \u2013 2 %; \u017eali pelenai \u2013 9 %; dr\u0117gm\u0117 \u2013 16 %.","og_url":"https:\/\/miumjau.ee\/lt\/produktas\/uniq-pets-spurgos-sunims-su-vistiena-ir-kokosu-10-x-50-g\/","og_site_name":"MiuMjau","article_publisher":"https:\/\/www.facebook.com\/miumjaupood\/","og_image":[{"width":600,"height":800,"url":"https:\/\/miumjau.ee\/wp-content\/uploads\/2026\/04\/uniq-soorik-kookosega4.jpg","type":"image\/jpeg"}],"twitter_card":"summary_large_image","schema":{"@context":"https:\/\/schema.org","@graph":[{"@type":"WebPage","@id":"https:\/\/miumjau.ee\/lt\/produktas\/uniq-pets-spurgos-sunims-su-vistiena-ir-kokosu-10-x-50-g\/","url":"https:\/\/miumjau.ee\/lt\/produktas\/uniq-pets-spurgos-sunims-su-vistiena-ir-kokosu-10-x-50-g\/","name":"Uniq Pets spurgos \u0161unims su vi\u0161tiena ir kokosu, 10 x 50 g - MiuMjau","isPartOf":{"@id":"https:\/\/miumjau.ee\/#website"},"primaryImageOfPage":{"@id":"https:\/\/miumjau.ee\/lt\/produktas\/uniq-pets-spurgos-sunims-su-vistiena-ir-kokosu-10-x-50-g\/#primaryimage"},"image":{"@id":"https:\/\/miumjau.ee\/lt\/produktas\/uniq-pets-spurgos-sunims-su-vistiena-ir-kokosu-10-x-50-g\/#primaryimage"},"thumbnailUrl":"https:\/\/miumjau.ee\/wp-content\/uploads\/2026\/04\/uniq-soorik-kookosega4.jpg","datePublished":"2026-04-12T07:55:43+00:00","breadcrumb":{"@id":"https:\/\/miumjau.ee\/lt\/produktas\/uniq-pets-spurgos-sunims-su-vistiena-ir-kokosu-10-x-50-g\/#breadcrumb"},"inLanguage":"lt-LT","potentialAction":[{"@type":"ReadAction","target":["https:\/\/miumjau.ee\/lt\/produktas\/uniq-pets-spurgos-sunims-su-vistiena-ir-kokosu-10-x-50-g\/"]}]},{"@type":"ImageObject","inLanguage":"lt-LT","@id":"https:\/\/miumjau.ee\/lt\/produktas\/uniq-pets-spurgos-sunims-su-vistiena-ir-kokosu-10-x-50-g\/#primaryimage","url":"https:\/\/miumjau.ee\/wp-content\/uploads\/2026\/04\/uniq-soorik-kookosega4.jpg","contentUrl":"https:\/\/miumjau.ee\/wp-content\/uploads\/2026\/04\/uniq-soorik-kookosega4.jpg","width":600,"height":800,"caption":"Uniq Pets s\u00f5\u00f5rikud koertele kana ja kookosega, 10x50g"},{"@type":"BreadcrumbList","@id":"https:\/\/miumjau.ee\/lt\/produktas\/uniq-pets-spurgos-sunims-su-vistiena-ir-kokosu-10-x-50-g\/#breadcrumb","itemListElement":[{"@type":"ListItem","position":1,"name":"Home","item":"https:\/\/miumjau.ee\/lt\/"},{"@type":"ListItem","position":2,"name":"Parduotuv\u0117","item":"https:\/\/miumjau.ee\/lt\/parduotuve\/"},{"@type":"ListItem","position":3,"name":"Uniq Pets spurgos \u0161unims su vi\u0161tiena ir kokosu, 10 x 50 g"}]},{"@type":"WebSite","@id":"https:\/\/miumjau.ee\/#website","url":"https:\/\/miumjau.ee\/","name":"MiuMjau","description":"Kraapimispuud kassidele","publisher":{"@id":"https:\/\/miumjau.ee\/#organization"},"potentialAction":[{"@type":"SearchAction","target":{"@type":"EntryPoint","urlTemplate":"https:\/\/miumjau.ee\/?s={search_term_string}"},"query-input":{"@type":"PropertyValueSpecification","valueRequired":true,"valueName":"search_term_string"}}],"inLanguage":"lt-LT"},{"@type":"Organization","@id":"https:\/\/miumjau.ee\/#organization","name":"MiuMjau O\u00dc","url":"https:\/\/miumjau.ee\/","logo":{"@type":"ImageObject","inLanguage":"lt-LT","@id":"https:\/\/miumjau.ee\/#\/schema\/logo\/image\/","url":"https:\/\/miumjau.ee\/wp-content\/uploads\/2022\/04\/MiuMjau-logo-kollane.png","contentUrl":"https:\/\/miumjau.ee\/wp-content\/uploads\/2022\/04\/MiuMjau-logo-kollane.png","width":219,"height":100,"caption":"MiuMjau O\u00dc"},"image":{"@id":"https:\/\/miumjau.ee\/#\/schema\/logo\/image\/"},"sameAs":["https:\/\/www.facebook.com\/miumjaupood\/"]}]}},"_links":{"self":[{"href":"https:\/\/miumjau.ee\/lt\/wp-json\/wp\/v2\/product\/57730","targetHints":{"allow":["GET"]}}],"collection":[{"href":"https:\/\/miumjau.ee\/lt\/wp-json\/wp\/v2\/product"}],"about":[{"href":"https:\/\/miumjau.ee\/lt\/wp-json\/wp\/v2\/types\/product"}],"wp:featuredmedia":[{"embeddable":true,"href":"https:\/\/miumjau.ee\/lt\/wp-json\/wp\/v2\/media\/57498"}],"wp:attachment":[{"href":"https:\/\/miumjau.ee\/lt\/wp-json\/wp\/v2\/media?parent=57730"}],"wp:term":[{"taxonomy":"product_brand","embeddable":true,"href":"https:\/\/miumjau.ee\/lt\/wp-json\/wp\/v2\/product_brand?post=57730"},{"taxonomy":"product_cat","embeddable":true,"href":"https:\/\/miumjau.ee\/lt\/wp-json\/wp\/v2\/product_cat?post=57730"},{"taxonomy":"product_tag","embeddable":true,"href":"https:\/\/miumjau.ee\/lt\/wp-json\/wp\/v2\/product_tag?post=57730"}],"curies":[{"name":"wp","href":"https:\/\/api.w.org\/{rel}","templated":true}]}}