{"id":57725,"date":"2026-04-12T10:56:21","date_gmt":"2026-04-12T07:56:21","guid":{"rendered":"https:\/\/miumjau.ee\/toode\/uniq-pets-spurgos-sunims-su-antiena-ir-braskemis-10-x-50-g\/"},"modified":"2026-04-12T10:56:21","modified_gmt":"2026-04-12T07:56:21","slug":"uniq-pets-spurgos-sunims-su-antiena-ir-braskemis-10-x-50-g","status":"publish","type":"product","link":"https:\/\/miumjau.ee\/lt\/produktas\/uniq-pets-spurgos-sunims-su-antiena-ir-braskemis-10-x-50-g\/","title":{"rendered":"Uniq Pets spurgos \u0161unims su antiena ir bra\u0161k\u0117mis, 10 x 50 g"},"content":{"rendered":"","protected":false},"excerpt":{"rendered":"<p data-start=\"5859\" data-end=\"6173\">Fantasti\u0161ki skan\u0117stai, 7 cm skersmens. Juose n\u0117ra \u017ealiavos odos juosteli\u0173, kuri\u0173 kramtymas gali b\u016bti pavojingas. Lengvai suyra burnoje ir yra tikrai malon\u016bs bei saug\u016bs. M\u016bs\u0173 haskis patvirtino 100%! Taip pat tinka \u0161uniukams nuo 3 m\u0117nesi\u0173, turintiems didel\u012f kramtymo poreik\u012f. Baltym\u0173 turtingas skan\u0117stas j\u016bs\u0173 \u0161uniui.<\/p>\n<p data-start=\"6175\" data-end=\"6277\">Tvirta ir m\u0117singa tekst\u016bra u\u017etikrina \u012ftraukiant\u012f kramtym\u0105, kuris patenkina nat\u016bralius \u0161uns instinktus.<\/p>\n<p data-start=\"6279\" data-end=\"6338\">Uniq Pets spurgos \u0161unims su antiena ir bra\u0161k\u0117mis, 10 x 50 g<\/p>\n<p data-start=\"6340\" data-end=\"7176\">Produkto savyb\u0117s:<br data-start=\"6357\" data-end=\"6360\" \/>Antienos m\u0117sa \u2013 liesas ir naujas baltym\u0173 \u0161altinis, tinkamas \u0161unims, turintiems alergij\u0173 ar jautrum\u0105 \u012fprastiems baltymams (pvz., vi\u0161tienai ar jautienai). Palaiko raumen\u0173 sveikat\u0105 ir energijos lyg\u012f.<br data-start=\"6556\" data-end=\"6559\" \/>Bra\u0161ki\u0173 milteliai \u2013 suteikia nat\u016bralaus vaisinio saldumo, tod\u0117l skan\u0117stas tampa ypa\u010d patrauklus.<br data-start=\"6655\" data-end=\"6658\" \/>Antienos ir bra\u0161ki\u0173 derinys \u2013 unikalus s\u016braus ir saldaus skoni\u0173 derinys, patinkantis net i\u0161rankiems \u0161unims.<br data-start=\"6765\" data-end=\"6768\" \/>Spurgos forma (7 cm) \u2013 \u017eiedo forma skatina kramtym\u0105 ir padeda ma\u017einti apna\u0161\u0173 bei dant\u0173 akmen\u0173 susidarym\u0105.<br data-start=\"6873\" data-end=\"6876\" \/>Individualiai supakuota (10 vnt. pakuot\u0117je) \u2013 u\u017etikrina \u0161vie\u017eum\u0105, apsaugo nuo u\u017eter\u0161imo ir patogu pasiimti ar dalintis.<br data-start=\"6995\" data-end=\"6998\" \/>Kolagenas \u2013 palaiko s\u0105nari\u0173 sveikat\u0105 ir judrum\u0105.<br data-start=\"7046\" data-end=\"7049\" \/>Puikiai tinka dres\u016brai ar kaip dovana \u2013 smagi forma ir porcij\u0173 pakuot\u0117s tinka kaip atlygis, \u0161vent\u0117ms ar augintinio palepinimui.<\/p>\n<p data-start=\"7178\" data-end=\"7650\">Sud\u0117tis: Ry\u017ei\u0173 miltai \u2013 32,71 %; antienos m\u0117sa \u2013 20 %; \u017eirni\u0173 krakmolas \u2013 15 %; augalinis glicerinas \u2013 10 %; sald\u017ei\u0173j\u0173 bulvi\u0173 krakmolas \u2013 5 %; tapiokos krakmolas \u2013 5 %; bulvi\u0173 krakmolas \u2013 5 %; kukur\u016bz\u0173 miltai \u2013 3 %; kiau\u0161inio trynio milteliai \u2013 2 %; kalcio karbonatas \u2013 1 %; rafinuotas augalinis aliejus \u2013 0,5 %; kolagenas (i\u0161 galvij\u0173) \u2013 0,5 %; kalio sorbatas \u2013 0,1 %; karmenas E120 \u2013 0,1 %; bra\u0161ki\u0173 milteliai \u2013 0,05 %; vitaminas E \u2013 0,03 %; rozmarin\u0173 ekstraktas \u2013 0,01 %.<\/p>\n<p data-start=\"7652\" data-end=\"7781\">Analitin\u0117s sudedamosios dalys: \u017dali baltymai \u2013 12 %; \u017eali riebalai \u2013 2 %; \u017eali pluo\u0161tai \u2013 2 %; \u017eali pelenai \u2013 4 %; dr\u0117gm\u0117 \u2013 16 %.<\/p>\n","protected":false},"featured_media":57504,"template":"","meta":[],"product_brand":[],"product_cat":[540],"product_tag":[],"class_list":{"0":"post-57725","1":"product","2":"type-product","3":"status-publish","4":"has-post-thumbnail","6":"product_cat-skanestai-sunims","8":"first","9":"instock","10":"taxable","11":"shipping-taxable","12":"purchasable","13":"product-type-simple"},"yoast_head":"<!-- This site is optimized with the Yoast SEO plugin v27.2 - https:\/\/yoast.com\/product\/yoast-seo-wordpress\/ -->\n<title>Uniq Pets spurgos \u0161unims su antiena ir bra\u0161k\u0117mis, 10 x 50 g - MiuMjau<\/title>\n<meta name=\"robots\" content=\"index, follow, max-snippet:-1, max-image-preview:large, max-video-preview:-1\" \/>\n<link rel=\"canonical\" href=\"https:\/\/miumjau.ee\/lt\/produktas\/uniq-pets-spurgos-sunims-su-antiena-ir-braskemis-10-x-50-g\/\" \/>\n<meta property=\"og:locale\" content=\"lt_LT\" \/>\n<meta property=\"og:type\" content=\"article\" \/>\n<meta property=\"og:title\" content=\"Uniq Pets spurgos \u0161unims su antiena ir bra\u0161k\u0117mis, 10 x 50 g - MiuMjau\" \/>\n<meta property=\"og:description\" content=\"Fantasti\u0161ki skan\u0117stai, 7 cm skersmens. Juose n\u0117ra \u017ealiavos odos juosteli\u0173, kuri\u0173 kramtymas gali b\u016bti pavojingas. Lengvai suyra burnoje ir yra tikrai malon\u016bs bei saug\u016bs. M\u016bs\u0173 haskis patvirtino 100%! Taip pat tinka \u0161uniukams nuo 3 m\u0117nesi\u0173, turintiems didel\u012f kramtymo poreik\u012f. Baltym\u0173 turtingas skan\u0117stas j\u016bs\u0173 \u0161uniui. Tvirta ir m\u0117singa tekst\u016bra u\u017etikrina \u012ftraukiant\u012f kramtym\u0105, kuris patenkina nat\u016bralius \u0161uns instinktus. Uniq Pets spurgos \u0161unims su antiena ir bra\u0161k\u0117mis, 10 x 50 g Produkto savyb\u0117s:Antienos m\u0117sa \u2013 liesas ir naujas baltym\u0173 \u0161altinis, tinkamas \u0161unims, turintiems alergij\u0173 ar jautrum\u0105 \u012fprastiems baltymams (pvz., vi\u0161tienai ar jautienai). Palaiko raumen\u0173 sveikat\u0105 ir energijos lyg\u012f.Bra\u0161ki\u0173 milteliai \u2013 suteikia nat\u016bralaus vaisinio saldumo, tod\u0117l skan\u0117stas tampa ypa\u010d patrauklus.Antienos ir bra\u0161ki\u0173 derinys \u2013 unikalus s\u016braus ir saldaus skoni\u0173 derinys, patinkantis net i\u0161rankiems \u0161unims.Spurgos forma (7 cm) \u2013 \u017eiedo forma skatina kramtym\u0105 ir padeda ma\u017einti apna\u0161\u0173 bei dant\u0173 akmen\u0173 susidarym\u0105.Individualiai supakuota (10 vnt. pakuot\u0117je) \u2013 u\u017etikrina \u0161vie\u017eum\u0105, apsaugo nuo u\u017eter\u0161imo ir patogu pasiimti ar dalintis.Kolagenas \u2013 palaiko s\u0105nari\u0173 sveikat\u0105 ir judrum\u0105.Puikiai tinka dres\u016brai ar kaip dovana \u2013 smagi forma ir porcij\u0173 pakuot\u0117s tinka kaip atlygis, \u0161vent\u0117ms ar augintinio palepinimui. Sud\u0117tis: Ry\u017ei\u0173 miltai \u2013 32,71 %; antienos m\u0117sa \u2013 20 %; \u017eirni\u0173 krakmolas \u2013 15 %; augalinis glicerinas \u2013 10 %; sald\u017ei\u0173j\u0173 bulvi\u0173 krakmolas \u2013 5 %; tapiokos krakmolas \u2013 5 %; bulvi\u0173 krakmolas \u2013 5 %; kukur\u016bz\u0173 miltai \u2013 3 %; kiau\u0161inio trynio milteliai \u2013 2 %; kalcio karbonatas \u2013 1 %; rafinuotas augalinis aliejus \u2013 0,5 %; kolagenas (i\u0161 galvij\u0173) \u2013 0,5 %; kalio sorbatas \u2013 0,1 %; karmenas E120 \u2013 0,1 %; bra\u0161ki\u0173 milteliai \u2013 0,05 %; vitaminas E \u2013 0,03 %; rozmarin\u0173 ekstraktas \u2013 0,01 %. Analitin\u0117s sudedamosios dalys: \u017dali baltymai \u2013 12 %; \u017eali riebalai \u2013 2 %; \u017eali pluo\u0161tai \u2013 2 %; \u017eali pelenai \u2013 4 %; dr\u0117gm\u0117 \u2013 16 %.\" \/>\n<meta property=\"og:url\" content=\"https:\/\/miumjau.ee\/lt\/produktas\/uniq-pets-spurgos-sunims-su-antiena-ir-braskemis-10-x-50-g\/\" \/>\n<meta property=\"og:site_name\" content=\"MiuMjau\" \/>\n<meta property=\"article:publisher\" content=\"https:\/\/www.facebook.com\/miumjaupood\/\" \/>\n<meta property=\"og:image\" content=\"https:\/\/miumjau.ee\/wp-content\/uploads\/2026\/04\/uniq-soorik-maasikaga1.jpg\" \/>\n\t<meta property=\"og:image:width\" content=\"600\" \/>\n\t<meta property=\"og:image:height\" content=\"800\" \/>\n\t<meta property=\"og:image:type\" content=\"image\/jpeg\" \/>\n<meta name=\"twitter:card\" content=\"summary_large_image\" \/>\n<script type=\"application\/ld+json\" class=\"yoast-schema-graph\">{\"@context\":\"https:\/\/schema.org\",\"@graph\":[{\"@type\":\"WebPage\",\"@id\":\"https:\/\/miumjau.ee\/lt\/produktas\/uniq-pets-spurgos-sunims-su-antiena-ir-braskemis-10-x-50-g\/\",\"url\":\"https:\/\/miumjau.ee\/lt\/produktas\/uniq-pets-spurgos-sunims-su-antiena-ir-braskemis-10-x-50-g\/\",\"name\":\"Uniq Pets spurgos \u0161unims su antiena ir bra\u0161k\u0117mis, 10 x 50 g - MiuMjau\",\"isPartOf\":{\"@id\":\"https:\/\/miumjau.ee\/#website\"},\"primaryImageOfPage\":{\"@id\":\"https:\/\/miumjau.ee\/lt\/produktas\/uniq-pets-spurgos-sunims-su-antiena-ir-braskemis-10-x-50-g\/#primaryimage\"},\"image\":{\"@id\":\"https:\/\/miumjau.ee\/lt\/produktas\/uniq-pets-spurgos-sunims-su-antiena-ir-braskemis-10-x-50-g\/#primaryimage\"},\"thumbnailUrl\":\"https:\/\/miumjau.ee\/wp-content\/uploads\/2026\/04\/uniq-soorik-maasikaga1.jpg\",\"datePublished\":\"2026-04-12T07:56:21+00:00\",\"breadcrumb\":{\"@id\":\"https:\/\/miumjau.ee\/lt\/produktas\/uniq-pets-spurgos-sunims-su-antiena-ir-braskemis-10-x-50-g\/#breadcrumb\"},\"inLanguage\":\"lt-LT\",\"potentialAction\":[{\"@type\":\"ReadAction\",\"target\":[\"https:\/\/miumjau.ee\/lt\/produktas\/uniq-pets-spurgos-sunims-su-antiena-ir-braskemis-10-x-50-g\/\"]}]},{\"@type\":\"ImageObject\",\"inLanguage\":\"lt-LT\",\"@id\":\"https:\/\/miumjau.ee\/lt\/produktas\/uniq-pets-spurgos-sunims-su-antiena-ir-braskemis-10-x-50-g\/#primaryimage\",\"url\":\"https:\/\/miumjau.ee\/wp-content\/uploads\/2026\/04\/uniq-soorik-maasikaga1.jpg\",\"contentUrl\":\"https:\/\/miumjau.ee\/wp-content\/uploads\/2026\/04\/uniq-soorik-maasikaga1.jpg\",\"width\":600,\"height\":800,\"caption\":\"Uniq Pets s\u00f5\u00f5rikud koertele pardi ja maasikaga, 10x50g\"},{\"@type\":\"BreadcrumbList\",\"@id\":\"https:\/\/miumjau.ee\/lt\/produktas\/uniq-pets-spurgos-sunims-su-antiena-ir-braskemis-10-x-50-g\/#breadcrumb\",\"itemListElement\":[{\"@type\":\"ListItem\",\"position\":1,\"name\":\"Home\",\"item\":\"https:\/\/miumjau.ee\/lt\/\"},{\"@type\":\"ListItem\",\"position\":2,\"name\":\"Parduotuv\u0117\",\"item\":\"https:\/\/miumjau.ee\/lt\/parduotuve\/\"},{\"@type\":\"ListItem\",\"position\":3,\"name\":\"Uniq Pets spurgos \u0161unims su antiena ir bra\u0161k\u0117mis, 10 x 50 g\"}]},{\"@type\":\"WebSite\",\"@id\":\"https:\/\/miumjau.ee\/#website\",\"url\":\"https:\/\/miumjau.ee\/\",\"name\":\"MiuMjau\",\"description\":\"Kraapimispuud kassidele\",\"publisher\":{\"@id\":\"https:\/\/miumjau.ee\/#organization\"},\"potentialAction\":[{\"@type\":\"SearchAction\",\"target\":{\"@type\":\"EntryPoint\",\"urlTemplate\":\"https:\/\/miumjau.ee\/?s={search_term_string}\"},\"query-input\":{\"@type\":\"PropertyValueSpecification\",\"valueRequired\":true,\"valueName\":\"search_term_string\"}}],\"inLanguage\":\"lt-LT\"},{\"@type\":\"Organization\",\"@id\":\"https:\/\/miumjau.ee\/#organization\",\"name\":\"MiuMjau O\u00dc\",\"url\":\"https:\/\/miumjau.ee\/\",\"logo\":{\"@type\":\"ImageObject\",\"inLanguage\":\"lt-LT\",\"@id\":\"https:\/\/miumjau.ee\/#\/schema\/logo\/image\/\",\"url\":\"https:\/\/miumjau.ee\/wp-content\/uploads\/2022\/04\/MiuMjau-logo-kollane.png\",\"contentUrl\":\"https:\/\/miumjau.ee\/wp-content\/uploads\/2022\/04\/MiuMjau-logo-kollane.png\",\"width\":219,\"height\":100,\"caption\":\"MiuMjau O\u00dc\"},\"image\":{\"@id\":\"https:\/\/miumjau.ee\/#\/schema\/logo\/image\/\"},\"sameAs\":[\"https:\/\/www.facebook.com\/miumjaupood\/\"]}]}<\/script>\n<!-- \/ Yoast SEO plugin. -->","yoast_head_json":{"title":"Uniq Pets spurgos \u0161unims su antiena ir bra\u0161k\u0117mis, 10 x 50 g - MiuMjau","robots":{"index":"index","follow":"follow","max-snippet":"max-snippet:-1","max-image-preview":"max-image-preview:large","max-video-preview":"max-video-preview:-1"},"canonical":"https:\/\/miumjau.ee\/lt\/produktas\/uniq-pets-spurgos-sunims-su-antiena-ir-braskemis-10-x-50-g\/","og_locale":"lt_LT","og_type":"article","og_title":"Uniq Pets spurgos \u0161unims su antiena ir bra\u0161k\u0117mis, 10 x 50 g - MiuMjau","og_description":"Fantasti\u0161ki skan\u0117stai, 7 cm skersmens. Juose n\u0117ra \u017ealiavos odos juosteli\u0173, kuri\u0173 kramtymas gali b\u016bti pavojingas. Lengvai suyra burnoje ir yra tikrai malon\u016bs bei saug\u016bs. M\u016bs\u0173 haskis patvirtino 100%! Taip pat tinka \u0161uniukams nuo 3 m\u0117nesi\u0173, turintiems didel\u012f kramtymo poreik\u012f. Baltym\u0173 turtingas skan\u0117stas j\u016bs\u0173 \u0161uniui. Tvirta ir m\u0117singa tekst\u016bra u\u017etikrina \u012ftraukiant\u012f kramtym\u0105, kuris patenkina nat\u016bralius \u0161uns instinktus. Uniq Pets spurgos \u0161unims su antiena ir bra\u0161k\u0117mis, 10 x 50 g Produkto savyb\u0117s:Antienos m\u0117sa \u2013 liesas ir naujas baltym\u0173 \u0161altinis, tinkamas \u0161unims, turintiems alergij\u0173 ar jautrum\u0105 \u012fprastiems baltymams (pvz., vi\u0161tienai ar jautienai). Palaiko raumen\u0173 sveikat\u0105 ir energijos lyg\u012f.Bra\u0161ki\u0173 milteliai \u2013 suteikia nat\u016bralaus vaisinio saldumo, tod\u0117l skan\u0117stas tampa ypa\u010d patrauklus.Antienos ir bra\u0161ki\u0173 derinys \u2013 unikalus s\u016braus ir saldaus skoni\u0173 derinys, patinkantis net i\u0161rankiems \u0161unims.Spurgos forma (7 cm) \u2013 \u017eiedo forma skatina kramtym\u0105 ir padeda ma\u017einti apna\u0161\u0173 bei dant\u0173 akmen\u0173 susidarym\u0105.Individualiai supakuota (10 vnt. pakuot\u0117je) \u2013 u\u017etikrina \u0161vie\u017eum\u0105, apsaugo nuo u\u017eter\u0161imo ir patogu pasiimti ar dalintis.Kolagenas \u2013 palaiko s\u0105nari\u0173 sveikat\u0105 ir judrum\u0105.Puikiai tinka dres\u016brai ar kaip dovana \u2013 smagi forma ir porcij\u0173 pakuot\u0117s tinka kaip atlygis, \u0161vent\u0117ms ar augintinio palepinimui. Sud\u0117tis: Ry\u017ei\u0173 miltai \u2013 32,71 %; antienos m\u0117sa \u2013 20 %; \u017eirni\u0173 krakmolas \u2013 15 %; augalinis glicerinas \u2013 10 %; sald\u017ei\u0173j\u0173 bulvi\u0173 krakmolas \u2013 5 %; tapiokos krakmolas \u2013 5 %; bulvi\u0173 krakmolas \u2013 5 %; kukur\u016bz\u0173 miltai \u2013 3 %; kiau\u0161inio trynio milteliai \u2013 2 %; kalcio karbonatas \u2013 1 %; rafinuotas augalinis aliejus \u2013 0,5 %; kolagenas (i\u0161 galvij\u0173) \u2013 0,5 %; kalio sorbatas \u2013 0,1 %; karmenas E120 \u2013 0,1 %; bra\u0161ki\u0173 milteliai \u2013 0,05 %; vitaminas E \u2013 0,03 %; rozmarin\u0173 ekstraktas \u2013 0,01 %. Analitin\u0117s sudedamosios dalys: \u017dali baltymai \u2013 12 %; \u017eali riebalai \u2013 2 %; \u017eali pluo\u0161tai \u2013 2 %; \u017eali pelenai \u2013 4 %; dr\u0117gm\u0117 \u2013 16 %.","og_url":"https:\/\/miumjau.ee\/lt\/produktas\/uniq-pets-spurgos-sunims-su-antiena-ir-braskemis-10-x-50-g\/","og_site_name":"MiuMjau","article_publisher":"https:\/\/www.facebook.com\/miumjaupood\/","og_image":[{"width":600,"height":800,"url":"https:\/\/miumjau.ee\/wp-content\/uploads\/2026\/04\/uniq-soorik-maasikaga1.jpg","type":"image\/jpeg"}],"twitter_card":"summary_large_image","schema":{"@context":"https:\/\/schema.org","@graph":[{"@type":"WebPage","@id":"https:\/\/miumjau.ee\/lt\/produktas\/uniq-pets-spurgos-sunims-su-antiena-ir-braskemis-10-x-50-g\/","url":"https:\/\/miumjau.ee\/lt\/produktas\/uniq-pets-spurgos-sunims-su-antiena-ir-braskemis-10-x-50-g\/","name":"Uniq Pets spurgos \u0161unims su antiena ir bra\u0161k\u0117mis, 10 x 50 g - MiuMjau","isPartOf":{"@id":"https:\/\/miumjau.ee\/#website"},"primaryImageOfPage":{"@id":"https:\/\/miumjau.ee\/lt\/produktas\/uniq-pets-spurgos-sunims-su-antiena-ir-braskemis-10-x-50-g\/#primaryimage"},"image":{"@id":"https:\/\/miumjau.ee\/lt\/produktas\/uniq-pets-spurgos-sunims-su-antiena-ir-braskemis-10-x-50-g\/#primaryimage"},"thumbnailUrl":"https:\/\/miumjau.ee\/wp-content\/uploads\/2026\/04\/uniq-soorik-maasikaga1.jpg","datePublished":"2026-04-12T07:56:21+00:00","breadcrumb":{"@id":"https:\/\/miumjau.ee\/lt\/produktas\/uniq-pets-spurgos-sunims-su-antiena-ir-braskemis-10-x-50-g\/#breadcrumb"},"inLanguage":"lt-LT","potentialAction":[{"@type":"ReadAction","target":["https:\/\/miumjau.ee\/lt\/produktas\/uniq-pets-spurgos-sunims-su-antiena-ir-braskemis-10-x-50-g\/"]}]},{"@type":"ImageObject","inLanguage":"lt-LT","@id":"https:\/\/miumjau.ee\/lt\/produktas\/uniq-pets-spurgos-sunims-su-antiena-ir-braskemis-10-x-50-g\/#primaryimage","url":"https:\/\/miumjau.ee\/wp-content\/uploads\/2026\/04\/uniq-soorik-maasikaga1.jpg","contentUrl":"https:\/\/miumjau.ee\/wp-content\/uploads\/2026\/04\/uniq-soorik-maasikaga1.jpg","width":600,"height":800,"caption":"Uniq Pets s\u00f5\u00f5rikud koertele pardi ja maasikaga, 10x50g"},{"@type":"BreadcrumbList","@id":"https:\/\/miumjau.ee\/lt\/produktas\/uniq-pets-spurgos-sunims-su-antiena-ir-braskemis-10-x-50-g\/#breadcrumb","itemListElement":[{"@type":"ListItem","position":1,"name":"Home","item":"https:\/\/miumjau.ee\/lt\/"},{"@type":"ListItem","position":2,"name":"Parduotuv\u0117","item":"https:\/\/miumjau.ee\/lt\/parduotuve\/"},{"@type":"ListItem","position":3,"name":"Uniq Pets spurgos \u0161unims su antiena ir bra\u0161k\u0117mis, 10 x 50 g"}]},{"@type":"WebSite","@id":"https:\/\/miumjau.ee\/#website","url":"https:\/\/miumjau.ee\/","name":"MiuMjau","description":"Kraapimispuud kassidele","publisher":{"@id":"https:\/\/miumjau.ee\/#organization"},"potentialAction":[{"@type":"SearchAction","target":{"@type":"EntryPoint","urlTemplate":"https:\/\/miumjau.ee\/?s={search_term_string}"},"query-input":{"@type":"PropertyValueSpecification","valueRequired":true,"valueName":"search_term_string"}}],"inLanguage":"lt-LT"},{"@type":"Organization","@id":"https:\/\/miumjau.ee\/#organization","name":"MiuMjau O\u00dc","url":"https:\/\/miumjau.ee\/","logo":{"@type":"ImageObject","inLanguage":"lt-LT","@id":"https:\/\/miumjau.ee\/#\/schema\/logo\/image\/","url":"https:\/\/miumjau.ee\/wp-content\/uploads\/2022\/04\/MiuMjau-logo-kollane.png","contentUrl":"https:\/\/miumjau.ee\/wp-content\/uploads\/2022\/04\/MiuMjau-logo-kollane.png","width":219,"height":100,"caption":"MiuMjau O\u00dc"},"image":{"@id":"https:\/\/miumjau.ee\/#\/schema\/logo\/image\/"},"sameAs":["https:\/\/www.facebook.com\/miumjaupood\/"]}]}},"_links":{"self":[{"href":"https:\/\/miumjau.ee\/lt\/wp-json\/wp\/v2\/product\/57725","targetHints":{"allow":["GET"]}}],"collection":[{"href":"https:\/\/miumjau.ee\/lt\/wp-json\/wp\/v2\/product"}],"about":[{"href":"https:\/\/miumjau.ee\/lt\/wp-json\/wp\/v2\/types\/product"}],"wp:featuredmedia":[{"embeddable":true,"href":"https:\/\/miumjau.ee\/lt\/wp-json\/wp\/v2\/media\/57504"}],"wp:attachment":[{"href":"https:\/\/miumjau.ee\/lt\/wp-json\/wp\/v2\/media?parent=57725"}],"wp:term":[{"taxonomy":"product_brand","embeddable":true,"href":"https:\/\/miumjau.ee\/lt\/wp-json\/wp\/v2\/product_brand?post=57725"},{"taxonomy":"product_cat","embeddable":true,"href":"https:\/\/miumjau.ee\/lt\/wp-json\/wp\/v2\/product_cat?post=57725"},{"taxonomy":"product_tag","embeddable":true,"href":"https:\/\/miumjau.ee\/lt\/wp-json\/wp\/v2\/product_tag?post=57725"}],"curies":[{"name":"wp","href":"https:\/\/api.w.org\/{rel}","templated":true}]}}