{"id":57720,"date":"2026-04-12T11:15:59","date_gmt":"2026-04-12T08:15:59","guid":{"rendered":"https:\/\/miumjau.ee\/toode\/kvapu-neutralizatorius-kraikui-su-vanile-ir-melionu-400-g\/"},"modified":"2026-04-12T11:15:59","modified_gmt":"2026-04-12T08:15:59","slug":"kvapu-neutralizatorius-kraikui-su-vanile-ir-melionu-400-g","status":"publish","type":"product","link":"https:\/\/miumjau.ee\/lt\/produktas\/kvapu-neutralizatorius-kraikui-su-vanile-ir-melionu-400-g\/","title":{"rendered":"Kvap\u0173 neutralizatorius kraikui su vanile ir melionu, 400 g"},"content":{"rendered":"","protected":false},"excerpt":{"rendered":"<p data-start=\"2381\" data-end=\"2639\">Kvap\u0173 neutralizavimo milteliai skirti naudoti ka\u010di\u0173 kraike. Jie pa\u0161alina nemalonius kvapus ir prailgina kraiko naudojimo laik\u0105. Milteliai slopina bakterij\u0173 plitim\u0105, tod\u0117l l\u0117\u010diau formuojasi blogi kvapai. M\u0117gaukit\u0117s maloniu aromatu ir pamir\u0161kite \u0161lapimo kvap\u0105.<\/p>\n<p data-start=\"2641\" data-end=\"3003\">Naudojimo instrukcija<br data-start=\"2662\" data-end=\"2665\" \/>I\u0161tu\u0161tinus kraiko d\u0117\u017e\u0119, j\u0105 kruop\u0161\u010diai i\u0161valykite ir i\u0161d\u017eiovinkite. \u012epilkite pakankam\u0105 kiek\u012f naujo kraiko ir \u012fmai\u0161ykite kvap\u0173 neutralizatori\u0173. Galima papildomai d\u0117ti pagal poreik\u012f, atsi\u017evelgiant \u012f kraiko b\u016bkl\u0119. Vienos pakuot\u0117s pakanka iki 20 naudojim\u0173 (apie 3 m\u0117nesius). Produkt\u0105 galima naudoti su bet kokiu ka\u010di\u0173 kraiku ir jis yra saugus.<\/p>\n<p data-start=\"3005\" data-end=\"3055\">Kiekis: 400 g<br data-start=\"3018\" data-end=\"3021\" \/>Gamintojas: Beaphar, Nyderlandai<\/p>\n","protected":false},"featured_media":57529,"template":"","meta":[],"product_brand":[],"product_cat":[533],"product_tag":[],"class_list":{"0":"post-57720","1":"product","2":"type-product","3":"status-publish","4":"has-post-thumbnail","6":"product_cat-kvapu-kontrole","8":"first","9":"instock","10":"taxable","11":"shipping-taxable","12":"purchasable","13":"product-type-simple"},"yoast_head":"<!-- This site is optimized with the Yoast SEO plugin v27.2 - https:\/\/yoast.com\/product\/yoast-seo-wordpress\/ -->\n<title>Kvap\u0173 neutralizatorius kraikui su vanile ir melionu, 400 g - MiuMjau<\/title>\n<meta name=\"robots\" content=\"index, follow, max-snippet:-1, max-image-preview:large, max-video-preview:-1\" \/>\n<link rel=\"canonical\" href=\"https:\/\/miumjau.ee\/lt\/produktas\/kvapu-neutralizatorius-kraikui-su-vanile-ir-melionu-400-g\/\" \/>\n<meta property=\"og:locale\" content=\"lt_LT\" \/>\n<meta property=\"og:type\" content=\"article\" \/>\n<meta property=\"og:title\" content=\"Kvap\u0173 neutralizatorius kraikui su vanile ir melionu, 400 g - MiuMjau\" \/>\n<meta property=\"og:description\" content=\"Kvap\u0173 neutralizavimo milteliai skirti naudoti ka\u010di\u0173 kraike. Jie pa\u0161alina nemalonius kvapus ir prailgina kraiko naudojimo laik\u0105. Milteliai slopina bakterij\u0173 plitim\u0105, tod\u0117l l\u0117\u010diau formuojasi blogi kvapai. M\u0117gaukit\u0117s maloniu aromatu ir pamir\u0161kite \u0161lapimo kvap\u0105. Naudojimo instrukcijaI\u0161tu\u0161tinus kraiko d\u0117\u017e\u0119, j\u0105 kruop\u0161\u010diai i\u0161valykite ir i\u0161d\u017eiovinkite. \u012epilkite pakankam\u0105 kiek\u012f naujo kraiko ir \u012fmai\u0161ykite kvap\u0173 neutralizatori\u0173. Galima papildomai d\u0117ti pagal poreik\u012f, atsi\u017evelgiant \u012f kraiko b\u016bkl\u0119. Vienos pakuot\u0117s pakanka iki 20 naudojim\u0173 (apie 3 m\u0117nesius). Produkt\u0105 galima naudoti su bet kokiu ka\u010di\u0173 kraiku ir jis yra saugus. Kiekis: 400 gGamintojas: Beaphar, Nyderlandai\" \/>\n<meta property=\"og:url\" content=\"https:\/\/miumjau.ee\/lt\/produktas\/kvapu-neutralizatorius-kraikui-su-vanile-ir-melionu-400-g\/\" \/>\n<meta property=\"og:site_name\" content=\"MiuMjau\" \/>\n<meta property=\"article:publisher\" content=\"https:\/\/www.facebook.com\/miumjaupood\/\" \/>\n<meta property=\"og:image\" content=\"https:\/\/miumjau.ee\/wp-content\/uploads\/2026\/04\/lohnaeemaldaja-beaphar-vanill2.jpg\" \/>\n\t<meta property=\"og:image:width\" content=\"600\" \/>\n\t<meta property=\"og:image:height\" content=\"800\" \/>\n\t<meta property=\"og:image:type\" content=\"image\/jpeg\" \/>\n<meta name=\"twitter:card\" content=\"summary_large_image\" \/>\n<script type=\"application\/ld+json\" class=\"yoast-schema-graph\">{\"@context\":\"https:\/\/schema.org\",\"@graph\":[{\"@type\":\"WebPage\",\"@id\":\"https:\/\/miumjau.ee\/lt\/produktas\/kvapu-neutralizatorius-kraikui-su-vanile-ir-melionu-400-g\/\",\"url\":\"https:\/\/miumjau.ee\/lt\/produktas\/kvapu-neutralizatorius-kraikui-su-vanile-ir-melionu-400-g\/\",\"name\":\"Kvap\u0173 neutralizatorius kraikui su vanile ir melionu, 400 g - MiuMjau\",\"isPartOf\":{\"@id\":\"https:\/\/miumjau.ee\/#website\"},\"primaryImageOfPage\":{\"@id\":\"https:\/\/miumjau.ee\/lt\/produktas\/kvapu-neutralizatorius-kraikui-su-vanile-ir-melionu-400-g\/#primaryimage\"},\"image\":{\"@id\":\"https:\/\/miumjau.ee\/lt\/produktas\/kvapu-neutralizatorius-kraikui-su-vanile-ir-melionu-400-g\/#primaryimage\"},\"thumbnailUrl\":\"https:\/\/miumjau.ee\/wp-content\/uploads\/2026\/04\/lohnaeemaldaja-beaphar-vanill2.jpg\",\"datePublished\":\"2026-04-12T08:15:59+00:00\",\"breadcrumb\":{\"@id\":\"https:\/\/miumjau.ee\/lt\/produktas\/kvapu-neutralizatorius-kraikui-su-vanile-ir-melionu-400-g\/#breadcrumb\"},\"inLanguage\":\"lt-LT\",\"potentialAction\":[{\"@type\":\"ReadAction\",\"target\":[\"https:\/\/miumjau.ee\/lt\/produktas\/kvapu-neutralizatorius-kraikui-su-vanile-ir-melionu-400-g\/\"]}]},{\"@type\":\"ImageObject\",\"inLanguage\":\"lt-LT\",\"@id\":\"https:\/\/miumjau.ee\/lt\/produktas\/kvapu-neutralizatorius-kraikui-su-vanile-ir-melionu-400-g\/#primaryimage\",\"url\":\"https:\/\/miumjau.ee\/wp-content\/uploads\/2026\/04\/lohnaeemaldaja-beaphar-vanill2.jpg\",\"contentUrl\":\"https:\/\/miumjau.ee\/wp-content\/uploads\/2026\/04\/lohnaeemaldaja-beaphar-vanill2.jpg\",\"width\":600,\"height\":800,\"caption\":\"L\u00f5hnade neutraliseerija liivale vanilli ja meloniga, 400g\"},{\"@type\":\"BreadcrumbList\",\"@id\":\"https:\/\/miumjau.ee\/lt\/produktas\/kvapu-neutralizatorius-kraikui-su-vanile-ir-melionu-400-g\/#breadcrumb\",\"itemListElement\":[{\"@type\":\"ListItem\",\"position\":1,\"name\":\"Home\",\"item\":\"https:\/\/miumjau.ee\/lt\/\"},{\"@type\":\"ListItem\",\"position\":2,\"name\":\"Parduotuv\u0117\",\"item\":\"https:\/\/miumjau.ee\/lt\/parduotuve\/\"},{\"@type\":\"ListItem\",\"position\":3,\"name\":\"Kvap\u0173 neutralizatorius kraikui su vanile ir melionu, 400 g\"}]},{\"@type\":\"WebSite\",\"@id\":\"https:\/\/miumjau.ee\/#website\",\"url\":\"https:\/\/miumjau.ee\/\",\"name\":\"MiuMjau\",\"description\":\"Kraapimispuud kassidele\",\"publisher\":{\"@id\":\"https:\/\/miumjau.ee\/#organization\"},\"potentialAction\":[{\"@type\":\"SearchAction\",\"target\":{\"@type\":\"EntryPoint\",\"urlTemplate\":\"https:\/\/miumjau.ee\/?s={search_term_string}\"},\"query-input\":{\"@type\":\"PropertyValueSpecification\",\"valueRequired\":true,\"valueName\":\"search_term_string\"}}],\"inLanguage\":\"lt-LT\"},{\"@type\":\"Organization\",\"@id\":\"https:\/\/miumjau.ee\/#organization\",\"name\":\"MiuMjau O\u00dc\",\"url\":\"https:\/\/miumjau.ee\/\",\"logo\":{\"@type\":\"ImageObject\",\"inLanguage\":\"lt-LT\",\"@id\":\"https:\/\/miumjau.ee\/#\/schema\/logo\/image\/\",\"url\":\"https:\/\/miumjau.ee\/wp-content\/uploads\/2022\/04\/MiuMjau-logo-kollane.png\",\"contentUrl\":\"https:\/\/miumjau.ee\/wp-content\/uploads\/2022\/04\/MiuMjau-logo-kollane.png\",\"width\":219,\"height\":100,\"caption\":\"MiuMjau O\u00dc\"},\"image\":{\"@id\":\"https:\/\/miumjau.ee\/#\/schema\/logo\/image\/\"},\"sameAs\":[\"https:\/\/www.facebook.com\/miumjaupood\/\"]}]}<\/script>\n<!-- \/ Yoast SEO plugin. -->","yoast_head_json":{"title":"Kvap\u0173 neutralizatorius kraikui su vanile ir melionu, 400 g - MiuMjau","robots":{"index":"index","follow":"follow","max-snippet":"max-snippet:-1","max-image-preview":"max-image-preview:large","max-video-preview":"max-video-preview:-1"},"canonical":"https:\/\/miumjau.ee\/lt\/produktas\/kvapu-neutralizatorius-kraikui-su-vanile-ir-melionu-400-g\/","og_locale":"lt_LT","og_type":"article","og_title":"Kvap\u0173 neutralizatorius kraikui su vanile ir melionu, 400 g - MiuMjau","og_description":"Kvap\u0173 neutralizavimo milteliai skirti naudoti ka\u010di\u0173 kraike. Jie pa\u0161alina nemalonius kvapus ir prailgina kraiko naudojimo laik\u0105. Milteliai slopina bakterij\u0173 plitim\u0105, tod\u0117l l\u0117\u010diau formuojasi blogi kvapai. M\u0117gaukit\u0117s maloniu aromatu ir pamir\u0161kite \u0161lapimo kvap\u0105. Naudojimo instrukcijaI\u0161tu\u0161tinus kraiko d\u0117\u017e\u0119, j\u0105 kruop\u0161\u010diai i\u0161valykite ir i\u0161d\u017eiovinkite. \u012epilkite pakankam\u0105 kiek\u012f naujo kraiko ir \u012fmai\u0161ykite kvap\u0173 neutralizatori\u0173. Galima papildomai d\u0117ti pagal poreik\u012f, atsi\u017evelgiant \u012f kraiko b\u016bkl\u0119. Vienos pakuot\u0117s pakanka iki 20 naudojim\u0173 (apie 3 m\u0117nesius). Produkt\u0105 galima naudoti su bet kokiu ka\u010di\u0173 kraiku ir jis yra saugus. Kiekis: 400 gGamintojas: Beaphar, Nyderlandai","og_url":"https:\/\/miumjau.ee\/lt\/produktas\/kvapu-neutralizatorius-kraikui-su-vanile-ir-melionu-400-g\/","og_site_name":"MiuMjau","article_publisher":"https:\/\/www.facebook.com\/miumjaupood\/","og_image":[{"width":600,"height":800,"url":"https:\/\/miumjau.ee\/wp-content\/uploads\/2026\/04\/lohnaeemaldaja-beaphar-vanill2.jpg","type":"image\/jpeg"}],"twitter_card":"summary_large_image","schema":{"@context":"https:\/\/schema.org","@graph":[{"@type":"WebPage","@id":"https:\/\/miumjau.ee\/lt\/produktas\/kvapu-neutralizatorius-kraikui-su-vanile-ir-melionu-400-g\/","url":"https:\/\/miumjau.ee\/lt\/produktas\/kvapu-neutralizatorius-kraikui-su-vanile-ir-melionu-400-g\/","name":"Kvap\u0173 neutralizatorius kraikui su vanile ir melionu, 400 g - MiuMjau","isPartOf":{"@id":"https:\/\/miumjau.ee\/#website"},"primaryImageOfPage":{"@id":"https:\/\/miumjau.ee\/lt\/produktas\/kvapu-neutralizatorius-kraikui-su-vanile-ir-melionu-400-g\/#primaryimage"},"image":{"@id":"https:\/\/miumjau.ee\/lt\/produktas\/kvapu-neutralizatorius-kraikui-su-vanile-ir-melionu-400-g\/#primaryimage"},"thumbnailUrl":"https:\/\/miumjau.ee\/wp-content\/uploads\/2026\/04\/lohnaeemaldaja-beaphar-vanill2.jpg","datePublished":"2026-04-12T08:15:59+00:00","breadcrumb":{"@id":"https:\/\/miumjau.ee\/lt\/produktas\/kvapu-neutralizatorius-kraikui-su-vanile-ir-melionu-400-g\/#breadcrumb"},"inLanguage":"lt-LT","potentialAction":[{"@type":"ReadAction","target":["https:\/\/miumjau.ee\/lt\/produktas\/kvapu-neutralizatorius-kraikui-su-vanile-ir-melionu-400-g\/"]}]},{"@type":"ImageObject","inLanguage":"lt-LT","@id":"https:\/\/miumjau.ee\/lt\/produktas\/kvapu-neutralizatorius-kraikui-su-vanile-ir-melionu-400-g\/#primaryimage","url":"https:\/\/miumjau.ee\/wp-content\/uploads\/2026\/04\/lohnaeemaldaja-beaphar-vanill2.jpg","contentUrl":"https:\/\/miumjau.ee\/wp-content\/uploads\/2026\/04\/lohnaeemaldaja-beaphar-vanill2.jpg","width":600,"height":800,"caption":"L\u00f5hnade neutraliseerija liivale vanilli ja meloniga, 400g"},{"@type":"BreadcrumbList","@id":"https:\/\/miumjau.ee\/lt\/produktas\/kvapu-neutralizatorius-kraikui-su-vanile-ir-melionu-400-g\/#breadcrumb","itemListElement":[{"@type":"ListItem","position":1,"name":"Home","item":"https:\/\/miumjau.ee\/lt\/"},{"@type":"ListItem","position":2,"name":"Parduotuv\u0117","item":"https:\/\/miumjau.ee\/lt\/parduotuve\/"},{"@type":"ListItem","position":3,"name":"Kvap\u0173 neutralizatorius kraikui su vanile ir melionu, 400 g"}]},{"@type":"WebSite","@id":"https:\/\/miumjau.ee\/#website","url":"https:\/\/miumjau.ee\/","name":"MiuMjau","description":"Kraapimispuud kassidele","publisher":{"@id":"https:\/\/miumjau.ee\/#organization"},"potentialAction":[{"@type":"SearchAction","target":{"@type":"EntryPoint","urlTemplate":"https:\/\/miumjau.ee\/?s={search_term_string}"},"query-input":{"@type":"PropertyValueSpecification","valueRequired":true,"valueName":"search_term_string"}}],"inLanguage":"lt-LT"},{"@type":"Organization","@id":"https:\/\/miumjau.ee\/#organization","name":"MiuMjau O\u00dc","url":"https:\/\/miumjau.ee\/","logo":{"@type":"ImageObject","inLanguage":"lt-LT","@id":"https:\/\/miumjau.ee\/#\/schema\/logo\/image\/","url":"https:\/\/miumjau.ee\/wp-content\/uploads\/2022\/04\/MiuMjau-logo-kollane.png","contentUrl":"https:\/\/miumjau.ee\/wp-content\/uploads\/2022\/04\/MiuMjau-logo-kollane.png","width":219,"height":100,"caption":"MiuMjau O\u00dc"},"image":{"@id":"https:\/\/miumjau.ee\/#\/schema\/logo\/image\/"},"sameAs":["https:\/\/www.facebook.com\/miumjaupood\/"]}]}},"_links":{"self":[{"href":"https:\/\/miumjau.ee\/lt\/wp-json\/wp\/v2\/product\/57720","targetHints":{"allow":["GET"]}}],"collection":[{"href":"https:\/\/miumjau.ee\/lt\/wp-json\/wp\/v2\/product"}],"about":[{"href":"https:\/\/miumjau.ee\/lt\/wp-json\/wp\/v2\/types\/product"}],"wp:featuredmedia":[{"embeddable":true,"href":"https:\/\/miumjau.ee\/lt\/wp-json\/wp\/v2\/media\/57529"}],"wp:attachment":[{"href":"https:\/\/miumjau.ee\/lt\/wp-json\/wp\/v2\/media?parent=57720"}],"wp:term":[{"taxonomy":"product_brand","embeddable":true,"href":"https:\/\/miumjau.ee\/lt\/wp-json\/wp\/v2\/product_brand?post=57720"},{"taxonomy":"product_cat","embeddable":true,"href":"https:\/\/miumjau.ee\/lt\/wp-json\/wp\/v2\/product_cat?post=57720"},{"taxonomy":"product_tag","embeddable":true,"href":"https:\/\/miumjau.ee\/lt\/wp-json\/wp\/v2\/product_tag?post=57720"}],"curies":[{"name":"wp","href":"https:\/\/api.w.org\/{rel}","templated":true}]}}