{"id":57715,"date":"2026-04-12T11:20:40","date_gmt":"2026-04-12T08:20:40","guid":{"rendered":"https:\/\/miumjau.ee\/toode\/applaws-konservu-asorti-zuvis-zele-12-x-70-g\/"},"modified":"2026-04-12T11:20:40","modified_gmt":"2026-04-12T08:20:40","slug":"applaws-konservu-asorti-zuvis-zele-12-x-70-g","status":"publish","type":"product","link":"https:\/\/miumjau.ee\/lt\/produktas\/applaws-konservu-asorti-zuvis-zele-12-x-70-g\/","title":{"rendered":"Applaws konserv\u0173 asorti \u017euvis \u017eel\u0117, 12 x 70 g"},"content":{"rendered":"","protected":false},"excerpt":{"rendered":"<p data-start=\"3766\" data-end=\"3998\">Papildomas pa\u0161aras kat\u0117ms, visi\u0161kai nat\u016bralus ir sudarytas tik i\u0161 i\u0161vardyt\u0173 ingredient\u0173. Vienas m\u0117gstamiausi\u0173 ka\u010di\u0173 preki\u0173 \u017eenkl\u0173!<br data-start=\"3896\" data-end=\"3899\" \/>Sud\u0117tyje yra 12 konserv\u0173: 4 x tuno fil\u0117, 4 x tuno fil\u0117 su la\u0161i\u0161a, 4 x tuno fil\u0117 su j\u016bros dumbliais.<\/p>\n<p data-start=\"4000\" data-end=\"4170\">Rekomenduojamas dienos kiekis ir \u0161\u0117rimo instrukcijos<br data-start=\"4052\" data-end=\"4055\" \/>\u0160\u0117rimo rekomendacijos pagal kat\u0117s svor\u012f: 0\u20133 kg: 1 konservas \/ 3\u20135 kg: 2 konservai \/ daugiau nei 5 kg: 3 konservai.<\/p>\n<p data-start=\"4172\" data-end=\"4498\">Sud\u0117tis:<br data-start=\"4180\" data-end=\"4183\" \/>4x Tuno fil\u0117: Tuno fil\u0117* 60 %, ry\u017ei\u0173 miltai*, augalinis \u017eel\u0117 formuojantis priedas.<br data-start=\"4265\" data-end=\"4268\" \/>4x Tuno fil\u0117 su la\u0161i\u0161a: Tuno fil\u0117* 55 %, la\u0161i\u0161a* 5 %, ry\u017ei\u0173 miltai*, augalinis \u017eel\u0117 formuojantis priedas.<br data-start=\"4373\" data-end=\"4376\" \/>4x Tuno fil\u0117 su j\u016bros dumbliais: Tuno fil\u0117* 56 %, j\u016bros dumbliai* 4 %, ry\u017ei\u0173 miltai*, augalinis \u017eel\u0117 formuojantis priedas.<\/p>\n<p data-start=\"4500\" data-end=\"4826\">Analitin\u0117s sudedamosios dalys:<br data-start=\"4530\" data-end=\"4533\" \/>Tuno fil\u0117: Baltymai 13 %, \u017eali pluo\u0161tai 0,1 %, riebalai 1 %, pelenai 1 %, dr\u0117gm\u0117 84 %.<br data-start=\"4619\" data-end=\"4622\" \/>Tuno fil\u0117 su la\u0161i\u0161a: Baltymai 12 %, \u017eali pluo\u0161tai 0,1 %, riebalai 2 %, pelenai 1 %, dr\u0117gm\u0117 84 %.<br data-start=\"4718\" data-end=\"4721\" \/>Tuno fil\u0117 su j\u016bros dumbliais: Baltymai 12 %, \u017eali pluo\u0161tai 0,1 %, riebalai 1 %, pelenai 1 %, dr\u0117gm\u0117 85 %.<\/p>\n<p data-start=\"4828\" data-end=\"4989\">Laikymo s\u0105lygos<br data-start=\"4843\" data-end=\"4846\" \/>Laikyti v\u0117sioje ir sausoje vietoje. Visada u\u017etikrinkite \u0161var\u0173 ir \u0161vie\u017ei\u0105 geriam\u0105j\u012f vanden\u012f.<br data-start=\"4937\" data-end=\"4940\" \/>Geriausias iki ir partijos nr.: \u017er. ant pakuot\u0117s.<\/p>\n","protected":false},"featured_media":57537,"template":"","meta":[],"product_brand":[],"product_cat":[526],"product_tag":[],"class_list":{"0":"post-57715","1":"product","2":"type-product","3":"status-publish","4":"has-post-thumbnail","6":"product_cat-slapias-maistas","8":"first","9":"instock","10":"taxable","11":"shipping-taxable","12":"purchasable","13":"product-type-simple"},"yoast_head":"<!-- This site is optimized with the Yoast SEO plugin v27.2 - https:\/\/yoast.com\/product\/yoast-seo-wordpress\/ -->\n<title>Applaws konserv\u0173 asorti \u017euvis \u017eel\u0117, 12 x 70 g - MiuMjau<\/title>\n<meta name=\"robots\" content=\"index, follow, max-snippet:-1, max-image-preview:large, max-video-preview:-1\" \/>\n<link rel=\"canonical\" href=\"https:\/\/miumjau.ee\/lt\/produktas\/applaws-konservu-asorti-zuvis-zele-12-x-70-g\/\" \/>\n<meta property=\"og:locale\" content=\"lt_LT\" \/>\n<meta property=\"og:type\" content=\"article\" \/>\n<meta property=\"og:title\" content=\"Applaws konserv\u0173 asorti \u017euvis \u017eel\u0117, 12 x 70 g - MiuMjau\" \/>\n<meta property=\"og:description\" content=\"Papildomas pa\u0161aras kat\u0117ms, visi\u0161kai nat\u016bralus ir sudarytas tik i\u0161 i\u0161vardyt\u0173 ingredient\u0173. Vienas m\u0117gstamiausi\u0173 ka\u010di\u0173 preki\u0173 \u017eenkl\u0173!Sud\u0117tyje yra 12 konserv\u0173: 4 x tuno fil\u0117, 4 x tuno fil\u0117 su la\u0161i\u0161a, 4 x tuno fil\u0117 su j\u016bros dumbliais. Rekomenduojamas dienos kiekis ir \u0161\u0117rimo instrukcijos\u0160\u0117rimo rekomendacijos pagal kat\u0117s svor\u012f: 0\u20133 kg: 1 konservas \/ 3\u20135 kg: 2 konservai \/ daugiau nei 5 kg: 3 konservai. Sud\u0117tis:4x Tuno fil\u0117: Tuno fil\u0117* 60 %, ry\u017ei\u0173 miltai*, augalinis \u017eel\u0117 formuojantis priedas.4x Tuno fil\u0117 su la\u0161i\u0161a: Tuno fil\u0117* 55 %, la\u0161i\u0161a* 5 %, ry\u017ei\u0173 miltai*, augalinis \u017eel\u0117 formuojantis priedas.4x Tuno fil\u0117 su j\u016bros dumbliais: Tuno fil\u0117* 56 %, j\u016bros dumbliai* 4 %, ry\u017ei\u0173 miltai*, augalinis \u017eel\u0117 formuojantis priedas. Analitin\u0117s sudedamosios dalys:Tuno fil\u0117: Baltymai 13 %, \u017eali pluo\u0161tai 0,1 %, riebalai 1 %, pelenai 1 %, dr\u0117gm\u0117 84 %.Tuno fil\u0117 su la\u0161i\u0161a: Baltymai 12 %, \u017eali pluo\u0161tai 0,1 %, riebalai 2 %, pelenai 1 %, dr\u0117gm\u0117 84 %.Tuno fil\u0117 su j\u016bros dumbliais: Baltymai 12 %, \u017eali pluo\u0161tai 0,1 %, riebalai 1 %, pelenai 1 %, dr\u0117gm\u0117 85 %. Laikymo s\u0105lygosLaikyti v\u0117sioje ir sausoje vietoje. Visada u\u017etikrinkite \u0161var\u0173 ir \u0161vie\u017ei\u0105 geriam\u0105j\u012f vanden\u012f.Geriausias iki ir partijos nr.: \u017er. ant pakuot\u0117s.\" \/>\n<meta property=\"og:url\" content=\"https:\/\/miumjau.ee\/lt\/produktas\/applaws-konservu-asorti-zuvis-zele-12-x-70-g\/\" \/>\n<meta property=\"og:site_name\" content=\"MiuMjau\" \/>\n<meta property=\"article:publisher\" content=\"https:\/\/www.facebook.com\/miumjaupood\/\" \/>\n<meta property=\"og:image\" content=\"https:\/\/miumjau.ee\/wp-content\/uploads\/2026\/04\/applaws-tuna-tarrendis-12x70g.jpg\" \/>\n\t<meta property=\"og:image:width\" content=\"600\" \/>\n\t<meta property=\"og:image:height\" content=\"800\" \/>\n\t<meta property=\"og:image:type\" content=\"image\/jpeg\" \/>\n<meta name=\"twitter:card\" content=\"summary_large_image\" \/>\n<script type=\"application\/ld+json\" class=\"yoast-schema-graph\">{\"@context\":\"https:\/\/schema.org\",\"@graph\":[{\"@type\":\"WebPage\",\"@id\":\"https:\/\/miumjau.ee\/lt\/produktas\/applaws-konservu-asorti-zuvis-zele-12-x-70-g\/\",\"url\":\"https:\/\/miumjau.ee\/lt\/produktas\/applaws-konservu-asorti-zuvis-zele-12-x-70-g\/\",\"name\":\"Applaws konserv\u0173 asorti \u017euvis \u017eel\u0117, 12 x 70 g - MiuMjau\",\"isPartOf\":{\"@id\":\"https:\/\/miumjau.ee\/#website\"},\"primaryImageOfPage\":{\"@id\":\"https:\/\/miumjau.ee\/lt\/produktas\/applaws-konservu-asorti-zuvis-zele-12-x-70-g\/#primaryimage\"},\"image\":{\"@id\":\"https:\/\/miumjau.ee\/lt\/produktas\/applaws-konservu-asorti-zuvis-zele-12-x-70-g\/#primaryimage\"},\"thumbnailUrl\":\"https:\/\/miumjau.ee\/wp-content\/uploads\/2026\/04\/applaws-tuna-tarrendis-12x70g.jpg\",\"datePublished\":\"2026-04-12T08:20:40+00:00\",\"breadcrumb\":{\"@id\":\"https:\/\/miumjau.ee\/lt\/produktas\/applaws-konservu-asorti-zuvis-zele-12-x-70-g\/#breadcrumb\"},\"inLanguage\":\"lt-LT\",\"potentialAction\":[{\"@type\":\"ReadAction\",\"target\":[\"https:\/\/miumjau.ee\/lt\/produktas\/applaws-konservu-asorti-zuvis-zele-12-x-70-g\/\"]}]},{\"@type\":\"ImageObject\",\"inLanguage\":\"lt-LT\",\"@id\":\"https:\/\/miumjau.ee\/lt\/produktas\/applaws-konservu-asorti-zuvis-zele-12-x-70-g\/#primaryimage\",\"url\":\"https:\/\/miumjau.ee\/wp-content\/uploads\/2026\/04\/applaws-tuna-tarrendis-12x70g.jpg\",\"contentUrl\":\"https:\/\/miumjau.ee\/wp-content\/uploads\/2026\/04\/applaws-tuna-tarrendis-12x70g.jpg\",\"width\":600,\"height\":800,\"caption\":\"Applaws konservide assortii kala tarrendis, 12x70g\"},{\"@type\":\"BreadcrumbList\",\"@id\":\"https:\/\/miumjau.ee\/lt\/produktas\/applaws-konservu-asorti-zuvis-zele-12-x-70-g\/#breadcrumb\",\"itemListElement\":[{\"@type\":\"ListItem\",\"position\":1,\"name\":\"Home\",\"item\":\"https:\/\/miumjau.ee\/lt\/\"},{\"@type\":\"ListItem\",\"position\":2,\"name\":\"Parduotuv\u0117\",\"item\":\"https:\/\/miumjau.ee\/lt\/parduotuve\/\"},{\"@type\":\"ListItem\",\"position\":3,\"name\":\"Applaws konserv\u0173 asorti \u017euvis \u017eel\u0117, 12 x 70 g\"}]},{\"@type\":\"WebSite\",\"@id\":\"https:\/\/miumjau.ee\/#website\",\"url\":\"https:\/\/miumjau.ee\/\",\"name\":\"MiuMjau\",\"description\":\"Kraapimispuud kassidele\",\"publisher\":{\"@id\":\"https:\/\/miumjau.ee\/#organization\"},\"potentialAction\":[{\"@type\":\"SearchAction\",\"target\":{\"@type\":\"EntryPoint\",\"urlTemplate\":\"https:\/\/miumjau.ee\/?s={search_term_string}\"},\"query-input\":{\"@type\":\"PropertyValueSpecification\",\"valueRequired\":true,\"valueName\":\"search_term_string\"}}],\"inLanguage\":\"lt-LT\"},{\"@type\":\"Organization\",\"@id\":\"https:\/\/miumjau.ee\/#organization\",\"name\":\"MiuMjau O\u00dc\",\"url\":\"https:\/\/miumjau.ee\/\",\"logo\":{\"@type\":\"ImageObject\",\"inLanguage\":\"lt-LT\",\"@id\":\"https:\/\/miumjau.ee\/#\/schema\/logo\/image\/\",\"url\":\"https:\/\/miumjau.ee\/wp-content\/uploads\/2022\/04\/MiuMjau-logo-kollane.png\",\"contentUrl\":\"https:\/\/miumjau.ee\/wp-content\/uploads\/2022\/04\/MiuMjau-logo-kollane.png\",\"width\":219,\"height\":100,\"caption\":\"MiuMjau O\u00dc\"},\"image\":{\"@id\":\"https:\/\/miumjau.ee\/#\/schema\/logo\/image\/\"},\"sameAs\":[\"https:\/\/www.facebook.com\/miumjaupood\/\"]}]}<\/script>\n<!-- \/ Yoast SEO plugin. -->","yoast_head_json":{"title":"Applaws konserv\u0173 asorti \u017euvis \u017eel\u0117, 12 x 70 g - MiuMjau","robots":{"index":"index","follow":"follow","max-snippet":"max-snippet:-1","max-image-preview":"max-image-preview:large","max-video-preview":"max-video-preview:-1"},"canonical":"https:\/\/miumjau.ee\/lt\/produktas\/applaws-konservu-asorti-zuvis-zele-12-x-70-g\/","og_locale":"lt_LT","og_type":"article","og_title":"Applaws konserv\u0173 asorti \u017euvis \u017eel\u0117, 12 x 70 g - MiuMjau","og_description":"Papildomas pa\u0161aras kat\u0117ms, visi\u0161kai nat\u016bralus ir sudarytas tik i\u0161 i\u0161vardyt\u0173 ingredient\u0173. Vienas m\u0117gstamiausi\u0173 ka\u010di\u0173 preki\u0173 \u017eenkl\u0173!Sud\u0117tyje yra 12 konserv\u0173: 4 x tuno fil\u0117, 4 x tuno fil\u0117 su la\u0161i\u0161a, 4 x tuno fil\u0117 su j\u016bros dumbliais. Rekomenduojamas dienos kiekis ir \u0161\u0117rimo instrukcijos\u0160\u0117rimo rekomendacijos pagal kat\u0117s svor\u012f: 0\u20133 kg: 1 konservas \/ 3\u20135 kg: 2 konservai \/ daugiau nei 5 kg: 3 konservai. Sud\u0117tis:4x Tuno fil\u0117: Tuno fil\u0117* 60 %, ry\u017ei\u0173 miltai*, augalinis \u017eel\u0117 formuojantis priedas.4x Tuno fil\u0117 su la\u0161i\u0161a: Tuno fil\u0117* 55 %, la\u0161i\u0161a* 5 %, ry\u017ei\u0173 miltai*, augalinis \u017eel\u0117 formuojantis priedas.4x Tuno fil\u0117 su j\u016bros dumbliais: Tuno fil\u0117* 56 %, j\u016bros dumbliai* 4 %, ry\u017ei\u0173 miltai*, augalinis \u017eel\u0117 formuojantis priedas. Analitin\u0117s sudedamosios dalys:Tuno fil\u0117: Baltymai 13 %, \u017eali pluo\u0161tai 0,1 %, riebalai 1 %, pelenai 1 %, dr\u0117gm\u0117 84 %.Tuno fil\u0117 su la\u0161i\u0161a: Baltymai 12 %, \u017eali pluo\u0161tai 0,1 %, riebalai 2 %, pelenai 1 %, dr\u0117gm\u0117 84 %.Tuno fil\u0117 su j\u016bros dumbliais: Baltymai 12 %, \u017eali pluo\u0161tai 0,1 %, riebalai 1 %, pelenai 1 %, dr\u0117gm\u0117 85 %. Laikymo s\u0105lygosLaikyti v\u0117sioje ir sausoje vietoje. Visada u\u017etikrinkite \u0161var\u0173 ir \u0161vie\u017ei\u0105 geriam\u0105j\u012f vanden\u012f.Geriausias iki ir partijos nr.: \u017er. ant pakuot\u0117s.","og_url":"https:\/\/miumjau.ee\/lt\/produktas\/applaws-konservu-asorti-zuvis-zele-12-x-70-g\/","og_site_name":"MiuMjau","article_publisher":"https:\/\/www.facebook.com\/miumjaupood\/","og_image":[{"width":600,"height":800,"url":"https:\/\/miumjau.ee\/wp-content\/uploads\/2026\/04\/applaws-tuna-tarrendis-12x70g.jpg","type":"image\/jpeg"}],"twitter_card":"summary_large_image","schema":{"@context":"https:\/\/schema.org","@graph":[{"@type":"WebPage","@id":"https:\/\/miumjau.ee\/lt\/produktas\/applaws-konservu-asorti-zuvis-zele-12-x-70-g\/","url":"https:\/\/miumjau.ee\/lt\/produktas\/applaws-konservu-asorti-zuvis-zele-12-x-70-g\/","name":"Applaws konserv\u0173 asorti \u017euvis \u017eel\u0117, 12 x 70 g - MiuMjau","isPartOf":{"@id":"https:\/\/miumjau.ee\/#website"},"primaryImageOfPage":{"@id":"https:\/\/miumjau.ee\/lt\/produktas\/applaws-konservu-asorti-zuvis-zele-12-x-70-g\/#primaryimage"},"image":{"@id":"https:\/\/miumjau.ee\/lt\/produktas\/applaws-konservu-asorti-zuvis-zele-12-x-70-g\/#primaryimage"},"thumbnailUrl":"https:\/\/miumjau.ee\/wp-content\/uploads\/2026\/04\/applaws-tuna-tarrendis-12x70g.jpg","datePublished":"2026-04-12T08:20:40+00:00","breadcrumb":{"@id":"https:\/\/miumjau.ee\/lt\/produktas\/applaws-konservu-asorti-zuvis-zele-12-x-70-g\/#breadcrumb"},"inLanguage":"lt-LT","potentialAction":[{"@type":"ReadAction","target":["https:\/\/miumjau.ee\/lt\/produktas\/applaws-konservu-asorti-zuvis-zele-12-x-70-g\/"]}]},{"@type":"ImageObject","inLanguage":"lt-LT","@id":"https:\/\/miumjau.ee\/lt\/produktas\/applaws-konservu-asorti-zuvis-zele-12-x-70-g\/#primaryimage","url":"https:\/\/miumjau.ee\/wp-content\/uploads\/2026\/04\/applaws-tuna-tarrendis-12x70g.jpg","contentUrl":"https:\/\/miumjau.ee\/wp-content\/uploads\/2026\/04\/applaws-tuna-tarrendis-12x70g.jpg","width":600,"height":800,"caption":"Applaws konservide assortii kala tarrendis, 12x70g"},{"@type":"BreadcrumbList","@id":"https:\/\/miumjau.ee\/lt\/produktas\/applaws-konservu-asorti-zuvis-zele-12-x-70-g\/#breadcrumb","itemListElement":[{"@type":"ListItem","position":1,"name":"Home","item":"https:\/\/miumjau.ee\/lt\/"},{"@type":"ListItem","position":2,"name":"Parduotuv\u0117","item":"https:\/\/miumjau.ee\/lt\/parduotuve\/"},{"@type":"ListItem","position":3,"name":"Applaws konserv\u0173 asorti \u017euvis \u017eel\u0117, 12 x 70 g"}]},{"@type":"WebSite","@id":"https:\/\/miumjau.ee\/#website","url":"https:\/\/miumjau.ee\/","name":"MiuMjau","description":"Kraapimispuud kassidele","publisher":{"@id":"https:\/\/miumjau.ee\/#organization"},"potentialAction":[{"@type":"SearchAction","target":{"@type":"EntryPoint","urlTemplate":"https:\/\/miumjau.ee\/?s={search_term_string}"},"query-input":{"@type":"PropertyValueSpecification","valueRequired":true,"valueName":"search_term_string"}}],"inLanguage":"lt-LT"},{"@type":"Organization","@id":"https:\/\/miumjau.ee\/#organization","name":"MiuMjau O\u00dc","url":"https:\/\/miumjau.ee\/","logo":{"@type":"ImageObject","inLanguage":"lt-LT","@id":"https:\/\/miumjau.ee\/#\/schema\/logo\/image\/","url":"https:\/\/miumjau.ee\/wp-content\/uploads\/2022\/04\/MiuMjau-logo-kollane.png","contentUrl":"https:\/\/miumjau.ee\/wp-content\/uploads\/2022\/04\/MiuMjau-logo-kollane.png","width":219,"height":100,"caption":"MiuMjau O\u00dc"},"image":{"@id":"https:\/\/miumjau.ee\/#\/schema\/logo\/image\/"},"sameAs":["https:\/\/www.facebook.com\/miumjaupood\/"]}]}},"_links":{"self":[{"href":"https:\/\/miumjau.ee\/lt\/wp-json\/wp\/v2\/product\/57715","targetHints":{"allow":["GET"]}}],"collection":[{"href":"https:\/\/miumjau.ee\/lt\/wp-json\/wp\/v2\/product"}],"about":[{"href":"https:\/\/miumjau.ee\/lt\/wp-json\/wp\/v2\/types\/product"}],"wp:featuredmedia":[{"embeddable":true,"href":"https:\/\/miumjau.ee\/lt\/wp-json\/wp\/v2\/media\/57537"}],"wp:attachment":[{"href":"https:\/\/miumjau.ee\/lt\/wp-json\/wp\/v2\/media?parent=57715"}],"wp:term":[{"taxonomy":"product_brand","embeddable":true,"href":"https:\/\/miumjau.ee\/lt\/wp-json\/wp\/v2\/product_brand?post=57715"},{"taxonomy":"product_cat","embeddable":true,"href":"https:\/\/miumjau.ee\/lt\/wp-json\/wp\/v2\/product_cat?post=57715"},{"taxonomy":"product_tag","embeddable":true,"href":"https:\/\/miumjau.ee\/lt\/wp-json\/wp\/v2\/product_tag?post=57715"}],"curies":[{"name":"wp","href":"https:\/\/api.w.org\/{rel}","templated":true}]}}