{"id":57710,"date":"2026-04-12T13:55:19","date_gmt":"2026-04-12T10:55:19","guid":{"rendered":"https:\/\/miumjau.ee\/toode\/carnilove-crunchy-snack-su-eriena-ir-gervuogemis-50-g\/"},"modified":"2026-04-12T13:55:19","modified_gmt":"2026-04-12T10:55:19","slug":"carnilove-crunchy-snack-su-eriena-ir-gervuogemis-50-g","status":"publish","type":"product","link":"https:\/\/miumjau.ee\/lt\/produktas\/carnilove-crunchy-snack-su-eriena-ir-gervuogemis-50-g\/","title":{"rendered":"Carnilove Crunchy Snack su \u0117riena ir gervuog\u0117mis, 50 g"},"content":{"rendered":"","protected":false},"excerpt":{"rendered":"<p data-start=\"4511\" data-end=\"4565\">Carnilove Crunchy Snack su \u0117riena ir gervuog\u0117mis, 50 g<\/p>\n<p data-start=\"4567\" data-end=\"4672\">Su itin skaniu Carnilove skan\u0117stu galite u\u017ekariauti savo kat\u0117s \u0161ird\u012f. Kartais u\u017ekand\u017eiauti tikrai galima.<\/p>\n<p data-start=\"4674\" data-end=\"4979\">Tra\u0161k\u016bs skan\u0117stai su \u0117riena \u2013 lengvai vir\u0161kinamas, auk\u0161tos kokyb\u0117s baltym\u0173 \u0161altinis, tinkamas jautrioms ir namuose gyvenan\u010dioms kat\u0117ms.<br data-start=\"4809\" data-end=\"4812\" \/>\u0116riena padeda palaikyti stabil\u0173 energijos lyg\u012f ir bendr\u0105 gyvybingum\u0105.<br data-start=\"4881\" data-end=\"4884\" \/>Gervuog\u0117s suteikia nat\u016brali\u0173 antioksidant\u0173, kurie padeda stiprinti nat\u016brali\u0105 organizmo apsaug\u0105.<\/p>\n<p data-start=\"4981\" data-end=\"5217\">Sud\u0117tis: \u0116rienos baltymai (26 %), \u017eirniai, bulvi\u0173 krakmolas, \u017eirni\u0173 baltymai, vi\u0161tienos riebalai, i\u0161r\u016bgos, d\u017eiovintas moli\u016bgas, hidrolizuotos vi\u0161tienos kepenys, lin\u0173 s\u0117menys, raps\u0173 aliejus, kalio chloridas, d\u017eiovintos gervuog\u0117s (0,5 %).<\/p>\n<p data-start=\"5219\" data-end=\"5442\">Analitin\u0117s sudedamosios dalys: \u017dali baltymai 28,0 %, \u017eali riebalai 14,0 %, \u017eali pelenai 9,0 %, \u017eali pluo\u0161tai 1,9 %, dr\u0117gm\u0117 10,0 %, kalcis 1,8 %, fosforas 1,2 %, omega-3 riebal\u0173 r\u016bg\u0161tys 0,15 %, omega-6 riebal\u0173 r\u016bg\u0161tys 2,5 %.<\/p>\n<p data-start=\"5444\" data-end=\"5559\">Priedai: Technologiniai priedai: tokoferoli\u0173 ekstraktas i\u0161 augalini\u0173 aliej\u0173 (1b306(i)), askorbilpalmitatas (1b304).<\/p>\n<p data-start=\"5561\" data-end=\"5616\">Metabolizuojamoji energija: 3666 kcal\/kg (15338 kJ\/kg).<\/p>\n<p data-start=\"5618\" data-end=\"6012\">\u0160\u0117rimo rekomendacijos: Duokite kaip skan\u0117st\u0105 arba atlyg\u012f u\u017e teigiam\u0105 motyvacij\u0105. Atkreipkite d\u0117mes\u012f, kad \u0161is produktas n\u0117ra visaver\u010dio pa\u0161aro pakaitalas. Visada u\u017etikrinkite \u0161vie\u017ei\u0105 geriam\u0105j\u012f vanden\u012f. Rekomenduojamas dienos kiekis nurodytas \u0161\u0117rimo lentel\u0117je. Nevir\u0161ykite kiekio. Laikyti v\u0117sioje ir sausoje vietoje, saugoti nuo tiesiogini\u0173 saul\u0117s spinduli\u0173. Atidaryt\u0105 pakuot\u0119 sandariai u\u017edaryti.<\/p>\n<p data-start=\"6014\" data-end=\"6114\">\u0160\u0117rimo lentel\u0117<br data-start=\"6028\" data-end=\"6031\" \/>Kat\u0117s svoris (kg) 1\u20132 3\u20134 4\u20136 Daugiau nei 6<br data-start=\"6074\" data-end=\"6077\" \/>Skan\u0117st\u0173 kiekis per dien\u0105 5 8 10 15<\/p>\n","protected":false},"featured_media":57559,"template":"","meta":[],"product_brand":[],"product_cat":[527],"product_tag":[],"class_list":{"0":"post-57710","1":"product","2":"type-product","3":"status-publish","4":"has-post-thumbnail","6":"product_cat-skanestai","8":"first","9":"instock","10":"taxable","11":"shipping-taxable","12":"purchasable","13":"product-type-simple"},"yoast_head":"<!-- This site is optimized with the Yoast SEO plugin v27.4 - https:\/\/yoast.com\/product\/yoast-seo-wordpress\/ -->\n<title>Carnilove Crunchy Snack su \u0117riena ir gervuog\u0117mis, 50 g - MiuMjau<\/title>\n<meta name=\"robots\" content=\"index, follow, max-snippet:-1, max-image-preview:large, max-video-preview:-1\" \/>\n<link rel=\"canonical\" href=\"https:\/\/miumjau.ee\/lt\/produktas\/carnilove-crunchy-snack-su-eriena-ir-gervuogemis-50-g\/\" \/>\n<meta property=\"og:locale\" content=\"lt_LT\" \/>\n<meta property=\"og:type\" content=\"article\" \/>\n<meta property=\"og:title\" content=\"Carnilove Crunchy Snack su \u0117riena ir gervuog\u0117mis, 50 g - MiuMjau\" \/>\n<meta property=\"og:description\" content=\"Carnilove Crunchy Snack su \u0117riena ir gervuog\u0117mis, 50 g Su itin skaniu Carnilove skan\u0117stu galite u\u017ekariauti savo kat\u0117s \u0161ird\u012f. Kartais u\u017ekand\u017eiauti tikrai galima. Tra\u0161k\u016bs skan\u0117stai su \u0117riena \u2013 lengvai vir\u0161kinamas, auk\u0161tos kokyb\u0117s baltym\u0173 \u0161altinis, tinkamas jautrioms ir namuose gyvenan\u010dioms kat\u0117ms.\u0116riena padeda palaikyti stabil\u0173 energijos lyg\u012f ir bendr\u0105 gyvybingum\u0105.Gervuog\u0117s suteikia nat\u016brali\u0173 antioksidant\u0173, kurie padeda stiprinti nat\u016brali\u0105 organizmo apsaug\u0105. Sud\u0117tis: \u0116rienos baltymai (26 %), \u017eirniai, bulvi\u0173 krakmolas, \u017eirni\u0173 baltymai, vi\u0161tienos riebalai, i\u0161r\u016bgos, d\u017eiovintas moli\u016bgas, hidrolizuotos vi\u0161tienos kepenys, lin\u0173 s\u0117menys, raps\u0173 aliejus, kalio chloridas, d\u017eiovintos gervuog\u0117s (0,5 %). Analitin\u0117s sudedamosios dalys: \u017dali baltymai 28,0 %, \u017eali riebalai 14,0 %, \u017eali pelenai 9,0 %, \u017eali pluo\u0161tai 1,9 %, dr\u0117gm\u0117 10,0 %, kalcis 1,8 %, fosforas 1,2 %, omega-3 riebal\u0173 r\u016bg\u0161tys 0,15 %, omega-6 riebal\u0173 r\u016bg\u0161tys 2,5 %. Priedai: Technologiniai priedai: tokoferoli\u0173 ekstraktas i\u0161 augalini\u0173 aliej\u0173 (1b306(i)), askorbilpalmitatas (1b304). Metabolizuojamoji energija: 3666 kcal\/kg (15338 kJ\/kg). \u0160\u0117rimo rekomendacijos: Duokite kaip skan\u0117st\u0105 arba atlyg\u012f u\u017e teigiam\u0105 motyvacij\u0105. Atkreipkite d\u0117mes\u012f, kad \u0161is produktas n\u0117ra visaver\u010dio pa\u0161aro pakaitalas. Visada u\u017etikrinkite \u0161vie\u017ei\u0105 geriam\u0105j\u012f vanden\u012f. Rekomenduojamas dienos kiekis nurodytas \u0161\u0117rimo lentel\u0117je. Nevir\u0161ykite kiekio. Laikyti v\u0117sioje ir sausoje vietoje, saugoti nuo tiesiogini\u0173 saul\u0117s spinduli\u0173. Atidaryt\u0105 pakuot\u0119 sandariai u\u017edaryti. \u0160\u0117rimo lentel\u0117Kat\u0117s svoris (kg) 1\u20132 3\u20134 4\u20136 Daugiau nei 6Skan\u0117st\u0173 kiekis per dien\u0105 5 8 10 15\" \/>\n<meta property=\"og:url\" content=\"https:\/\/miumjau.ee\/lt\/produktas\/carnilove-crunchy-snack-su-eriena-ir-gervuogemis-50-g\/\" \/>\n<meta property=\"og:site_name\" content=\"MiuMjau\" \/>\n<meta property=\"article:publisher\" content=\"https:\/\/www.facebook.com\/miumjaupood\/\" \/>\n<meta property=\"og:image\" content=\"https:\/\/miumjau.ee\/wp-content\/uploads\/2026\/04\/CARNILOVE-Cat-CRUNCHY-Snack-Lamb-enriched-with-Blackberries_50G-1.jpg\" \/>\n\t<meta property=\"og:image:width\" content=\"600\" \/>\n\t<meta property=\"og:image:height\" content=\"800\" \/>\n\t<meta property=\"og:image:type\" content=\"image\/jpeg\" \/>\n<meta name=\"twitter:card\" content=\"summary_large_image\" \/>\n<script type=\"application\/ld+json\" class=\"yoast-schema-graph\">{\"@context\":\"https:\\\/\\\/schema.org\",\"@graph\":[{\"@type\":\"WebPage\",\"@id\":\"https:\\\/\\\/miumjau.ee\\\/lt\\\/produktas\\\/carnilove-crunchy-snack-su-eriena-ir-gervuogemis-50-g\\\/\",\"url\":\"https:\\\/\\\/miumjau.ee\\\/lt\\\/produktas\\\/carnilove-crunchy-snack-su-eriena-ir-gervuogemis-50-g\\\/\",\"name\":\"Carnilove Crunchy Snack su \u0117riena ir gervuog\u0117mis, 50 g - MiuMjau\",\"isPartOf\":{\"@id\":\"https:\\\/\\\/miumjau.ee\\\/#website\"},\"primaryImageOfPage\":{\"@id\":\"https:\\\/\\\/miumjau.ee\\\/lt\\\/produktas\\\/carnilove-crunchy-snack-su-eriena-ir-gervuogemis-50-g\\\/#primaryimage\"},\"image\":{\"@id\":\"https:\\\/\\\/miumjau.ee\\\/lt\\\/produktas\\\/carnilove-crunchy-snack-su-eriena-ir-gervuogemis-50-g\\\/#primaryimage\"},\"thumbnailUrl\":\"https:\\\/\\\/miumjau.ee\\\/wp-content\\\/uploads\\\/2026\\\/04\\\/CARNILOVE-Cat-CRUNCHY-Snack-Lamb-enriched-with-Blackberries_50G-1.jpg\",\"datePublished\":\"2026-04-12T10:55:19+00:00\",\"breadcrumb\":{\"@id\":\"https:\\\/\\\/miumjau.ee\\\/lt\\\/produktas\\\/carnilove-crunchy-snack-su-eriena-ir-gervuogemis-50-g\\\/#breadcrumb\"},\"inLanguage\":\"lt-LT\",\"potentialAction\":[{\"@type\":\"ReadAction\",\"target\":[\"https:\\\/\\\/miumjau.ee\\\/lt\\\/produktas\\\/carnilove-crunchy-snack-su-eriena-ir-gervuogemis-50-g\\\/\"]}]},{\"@type\":\"ImageObject\",\"inLanguage\":\"lt-LT\",\"@id\":\"https:\\\/\\\/miumjau.ee\\\/lt\\\/produktas\\\/carnilove-crunchy-snack-su-eriena-ir-gervuogemis-50-g\\\/#primaryimage\",\"url\":\"https:\\\/\\\/miumjau.ee\\\/wp-content\\\/uploads\\\/2026\\\/04\\\/CARNILOVE-Cat-CRUNCHY-Snack-Lamb-enriched-with-Blackberries_50G-1.jpg\",\"contentUrl\":\"https:\\\/\\\/miumjau.ee\\\/wp-content\\\/uploads\\\/2026\\\/04\\\/CARNILOVE-Cat-CRUNCHY-Snack-Lamb-enriched-with-Blackberries_50G-1.jpg\",\"width\":600,\"height\":800,\"caption\":\"Carnilove Crunchy Snack lamba ja p\u00f5ldmarjaga, 50g\"},{\"@type\":\"BreadcrumbList\",\"@id\":\"https:\\\/\\\/miumjau.ee\\\/lt\\\/produktas\\\/carnilove-crunchy-snack-su-eriena-ir-gervuogemis-50-g\\\/#breadcrumb\",\"itemListElement\":[{\"@type\":\"ListItem\",\"position\":1,\"name\":\"Home\",\"item\":\"https:\\\/\\\/miumjau.ee\\\/lt\\\/\"},{\"@type\":\"ListItem\",\"position\":2,\"name\":\"Parduotuv\u0117\",\"item\":\"https:\\\/\\\/miumjau.ee\\\/lt\\\/parduotuve\\\/\"},{\"@type\":\"ListItem\",\"position\":3,\"name\":\"Carnilove Crunchy Snack su \u0117riena ir gervuog\u0117mis, 50 g\"}]},{\"@type\":\"WebSite\",\"@id\":\"https:\\\/\\\/miumjau.ee\\\/#website\",\"url\":\"https:\\\/\\\/miumjau.ee\\\/\",\"name\":\"MiuMjau\",\"description\":\"Kraapimispuud kassidele\",\"publisher\":{\"@id\":\"https:\\\/\\\/miumjau.ee\\\/#organization\"},\"potentialAction\":[{\"@type\":\"SearchAction\",\"target\":{\"@type\":\"EntryPoint\",\"urlTemplate\":\"https:\\\/\\\/miumjau.ee\\\/?s={search_term_string}\"},\"query-input\":{\"@type\":\"PropertyValueSpecification\",\"valueRequired\":true,\"valueName\":\"search_term_string\"}}],\"inLanguage\":\"lt-LT\"},{\"@type\":\"Organization\",\"@id\":\"https:\\\/\\\/miumjau.ee\\\/#organization\",\"name\":\"MiuMjau O\u00dc\",\"url\":\"https:\\\/\\\/miumjau.ee\\\/\",\"logo\":{\"@type\":\"ImageObject\",\"inLanguage\":\"lt-LT\",\"@id\":\"https:\\\/\\\/miumjau.ee\\\/#\\\/schema\\\/logo\\\/image\\\/\",\"url\":\"https:\\\/\\\/miumjau.ee\\\/wp-content\\\/uploads\\\/2022\\\/04\\\/MiuMjau-logo-kollane.png\",\"contentUrl\":\"https:\\\/\\\/miumjau.ee\\\/wp-content\\\/uploads\\\/2022\\\/04\\\/MiuMjau-logo-kollane.png\",\"width\":219,\"height\":100,\"caption\":\"MiuMjau O\u00dc\"},\"image\":{\"@id\":\"https:\\\/\\\/miumjau.ee\\\/#\\\/schema\\\/logo\\\/image\\\/\"},\"sameAs\":[\"https:\\\/\\\/www.facebook.com\\\/miumjaupood\\\/\"]}]}<\/script>\n<!-- \/ Yoast SEO plugin. -->","yoast_head_json":{"title":"Carnilove Crunchy Snack su \u0117riena ir gervuog\u0117mis, 50 g - MiuMjau","robots":{"index":"index","follow":"follow","max-snippet":"max-snippet:-1","max-image-preview":"max-image-preview:large","max-video-preview":"max-video-preview:-1"},"canonical":"https:\/\/miumjau.ee\/lt\/produktas\/carnilove-crunchy-snack-su-eriena-ir-gervuogemis-50-g\/","og_locale":"lt_LT","og_type":"article","og_title":"Carnilove Crunchy Snack su \u0117riena ir gervuog\u0117mis, 50 g - MiuMjau","og_description":"Carnilove Crunchy Snack su \u0117riena ir gervuog\u0117mis, 50 g Su itin skaniu Carnilove skan\u0117stu galite u\u017ekariauti savo kat\u0117s \u0161ird\u012f. Kartais u\u017ekand\u017eiauti tikrai galima. Tra\u0161k\u016bs skan\u0117stai su \u0117riena \u2013 lengvai vir\u0161kinamas, auk\u0161tos kokyb\u0117s baltym\u0173 \u0161altinis, tinkamas jautrioms ir namuose gyvenan\u010dioms kat\u0117ms.\u0116riena padeda palaikyti stabil\u0173 energijos lyg\u012f ir bendr\u0105 gyvybingum\u0105.Gervuog\u0117s suteikia nat\u016brali\u0173 antioksidant\u0173, kurie padeda stiprinti nat\u016brali\u0105 organizmo apsaug\u0105. Sud\u0117tis: \u0116rienos baltymai (26 %), \u017eirniai, bulvi\u0173 krakmolas, \u017eirni\u0173 baltymai, vi\u0161tienos riebalai, i\u0161r\u016bgos, d\u017eiovintas moli\u016bgas, hidrolizuotos vi\u0161tienos kepenys, lin\u0173 s\u0117menys, raps\u0173 aliejus, kalio chloridas, d\u017eiovintos gervuog\u0117s (0,5 %). Analitin\u0117s sudedamosios dalys: \u017dali baltymai 28,0 %, \u017eali riebalai 14,0 %, \u017eali pelenai 9,0 %, \u017eali pluo\u0161tai 1,9 %, dr\u0117gm\u0117 10,0 %, kalcis 1,8 %, fosforas 1,2 %, omega-3 riebal\u0173 r\u016bg\u0161tys 0,15 %, omega-6 riebal\u0173 r\u016bg\u0161tys 2,5 %. Priedai: Technologiniai priedai: tokoferoli\u0173 ekstraktas i\u0161 augalini\u0173 aliej\u0173 (1b306(i)), askorbilpalmitatas (1b304). Metabolizuojamoji energija: 3666 kcal\/kg (15338 kJ\/kg). \u0160\u0117rimo rekomendacijos: Duokite kaip skan\u0117st\u0105 arba atlyg\u012f u\u017e teigiam\u0105 motyvacij\u0105. Atkreipkite d\u0117mes\u012f, kad \u0161is produktas n\u0117ra visaver\u010dio pa\u0161aro pakaitalas. Visada u\u017etikrinkite \u0161vie\u017ei\u0105 geriam\u0105j\u012f vanden\u012f. Rekomenduojamas dienos kiekis nurodytas \u0161\u0117rimo lentel\u0117je. Nevir\u0161ykite kiekio. Laikyti v\u0117sioje ir sausoje vietoje, saugoti nuo tiesiogini\u0173 saul\u0117s spinduli\u0173. Atidaryt\u0105 pakuot\u0119 sandariai u\u017edaryti. \u0160\u0117rimo lentel\u0117Kat\u0117s svoris (kg) 1\u20132 3\u20134 4\u20136 Daugiau nei 6Skan\u0117st\u0173 kiekis per dien\u0105 5 8 10 15","og_url":"https:\/\/miumjau.ee\/lt\/produktas\/carnilove-crunchy-snack-su-eriena-ir-gervuogemis-50-g\/","og_site_name":"MiuMjau","article_publisher":"https:\/\/www.facebook.com\/miumjaupood\/","og_image":[{"width":600,"height":800,"url":"https:\/\/miumjau.ee\/wp-content\/uploads\/2026\/04\/CARNILOVE-Cat-CRUNCHY-Snack-Lamb-enriched-with-Blackberries_50G-1.jpg","type":"image\/jpeg"}],"twitter_card":"summary_large_image","schema":{"@context":"https:\/\/schema.org","@graph":[{"@type":"WebPage","@id":"https:\/\/miumjau.ee\/lt\/produktas\/carnilove-crunchy-snack-su-eriena-ir-gervuogemis-50-g\/","url":"https:\/\/miumjau.ee\/lt\/produktas\/carnilove-crunchy-snack-su-eriena-ir-gervuogemis-50-g\/","name":"Carnilove Crunchy Snack su \u0117riena ir gervuog\u0117mis, 50 g - MiuMjau","isPartOf":{"@id":"https:\/\/miumjau.ee\/#website"},"primaryImageOfPage":{"@id":"https:\/\/miumjau.ee\/lt\/produktas\/carnilove-crunchy-snack-su-eriena-ir-gervuogemis-50-g\/#primaryimage"},"image":{"@id":"https:\/\/miumjau.ee\/lt\/produktas\/carnilove-crunchy-snack-su-eriena-ir-gervuogemis-50-g\/#primaryimage"},"thumbnailUrl":"https:\/\/miumjau.ee\/wp-content\/uploads\/2026\/04\/CARNILOVE-Cat-CRUNCHY-Snack-Lamb-enriched-with-Blackberries_50G-1.jpg","datePublished":"2026-04-12T10:55:19+00:00","breadcrumb":{"@id":"https:\/\/miumjau.ee\/lt\/produktas\/carnilove-crunchy-snack-su-eriena-ir-gervuogemis-50-g\/#breadcrumb"},"inLanguage":"lt-LT","potentialAction":[{"@type":"ReadAction","target":["https:\/\/miumjau.ee\/lt\/produktas\/carnilove-crunchy-snack-su-eriena-ir-gervuogemis-50-g\/"]}]},{"@type":"ImageObject","inLanguage":"lt-LT","@id":"https:\/\/miumjau.ee\/lt\/produktas\/carnilove-crunchy-snack-su-eriena-ir-gervuogemis-50-g\/#primaryimage","url":"https:\/\/miumjau.ee\/wp-content\/uploads\/2026\/04\/CARNILOVE-Cat-CRUNCHY-Snack-Lamb-enriched-with-Blackberries_50G-1.jpg","contentUrl":"https:\/\/miumjau.ee\/wp-content\/uploads\/2026\/04\/CARNILOVE-Cat-CRUNCHY-Snack-Lamb-enriched-with-Blackberries_50G-1.jpg","width":600,"height":800,"caption":"Carnilove Crunchy Snack lamba ja p\u00f5ldmarjaga, 50g"},{"@type":"BreadcrumbList","@id":"https:\/\/miumjau.ee\/lt\/produktas\/carnilove-crunchy-snack-su-eriena-ir-gervuogemis-50-g\/#breadcrumb","itemListElement":[{"@type":"ListItem","position":1,"name":"Home","item":"https:\/\/miumjau.ee\/lt\/"},{"@type":"ListItem","position":2,"name":"Parduotuv\u0117","item":"https:\/\/miumjau.ee\/lt\/parduotuve\/"},{"@type":"ListItem","position":3,"name":"Carnilove Crunchy Snack su \u0117riena ir gervuog\u0117mis, 50 g"}]},{"@type":"WebSite","@id":"https:\/\/miumjau.ee\/#website","url":"https:\/\/miumjau.ee\/","name":"MiuMjau","description":"Kraapimispuud kassidele","publisher":{"@id":"https:\/\/miumjau.ee\/#organization"},"potentialAction":[{"@type":"SearchAction","target":{"@type":"EntryPoint","urlTemplate":"https:\/\/miumjau.ee\/?s={search_term_string}"},"query-input":{"@type":"PropertyValueSpecification","valueRequired":true,"valueName":"search_term_string"}}],"inLanguage":"lt-LT"},{"@type":"Organization","@id":"https:\/\/miumjau.ee\/#organization","name":"MiuMjau O\u00dc","url":"https:\/\/miumjau.ee\/","logo":{"@type":"ImageObject","inLanguage":"lt-LT","@id":"https:\/\/miumjau.ee\/#\/schema\/logo\/image\/","url":"https:\/\/miumjau.ee\/wp-content\/uploads\/2022\/04\/MiuMjau-logo-kollane.png","contentUrl":"https:\/\/miumjau.ee\/wp-content\/uploads\/2022\/04\/MiuMjau-logo-kollane.png","width":219,"height":100,"caption":"MiuMjau O\u00dc"},"image":{"@id":"https:\/\/miumjau.ee\/#\/schema\/logo\/image\/"},"sameAs":["https:\/\/www.facebook.com\/miumjaupood\/"]}]}},"_links":{"self":[{"href":"https:\/\/miumjau.ee\/lt\/wp-json\/wp\/v2\/product\/57710","targetHints":{"allow":["GET"]}}],"collection":[{"href":"https:\/\/miumjau.ee\/lt\/wp-json\/wp\/v2\/product"}],"about":[{"href":"https:\/\/miumjau.ee\/lt\/wp-json\/wp\/v2\/types\/product"}],"wp:featuredmedia":[{"embeddable":true,"href":"https:\/\/miumjau.ee\/lt\/wp-json\/wp\/v2\/media\/57559"}],"wp:attachment":[{"href":"https:\/\/miumjau.ee\/lt\/wp-json\/wp\/v2\/media?parent=57710"}],"wp:term":[{"taxonomy":"product_brand","embeddable":true,"href":"https:\/\/miumjau.ee\/lt\/wp-json\/wp\/v2\/product_brand?post=57710"},{"taxonomy":"product_cat","embeddable":true,"href":"https:\/\/miumjau.ee\/lt\/wp-json\/wp\/v2\/product_cat?post=57710"},{"taxonomy":"product_tag","embeddable":true,"href":"https:\/\/miumjau.ee\/lt\/wp-json\/wp\/v2\/product_tag?post=57710"}],"curies":[{"name":"wp","href":"https:\/\/api.w.org\/{rel}","templated":true}]}}