{"id":57700,"date":"2026-04-12T14:28:18","date_gmt":"2026-04-12T11:28:18","guid":{"rendered":"https:\/\/miumjau.ee\/toode\/carnilove-crunchy-snack-su-struciena-ir-gervuogemis-200-g\/"},"modified":"2026-04-12T14:28:18","modified_gmt":"2026-04-12T11:28:18","slug":"carnilove-crunchy-snack-su-struciena-ir-gervuogemis-200-g","status":"publish","type":"product","link":"https:\/\/miumjau.ee\/lt\/produktas\/carnilove-crunchy-snack-su-struciena-ir-gervuogemis-200-g\/","title":{"rendered":"Carnilove Crunchy Snack su stru\u010diena ir gervuog\u0117mis, 200 g"},"content":{"rendered":"","protected":false},"excerpt":{"rendered":"<p data-start=\"4974\" data-end=\"5018\">Ie\u0161kote ka\u017eko naujo ir \u012fdomaus? I\u0161bandykite!<\/p>\n<p data-start=\"5020\" data-end=\"5409\">Tra\u0161kus skan\u0117stas su dideliu stru\u010dienos kiekiu \u2013 lengvai vir\u0161kinamas, auk\u0161tos kokyb\u0117s baltym\u0173 \u0161altinis suaugusiems \u0161unims.<br data-start=\"5142\" data-end=\"5145\" \/>Stru\u010diena \u2013 ne\u012fprastas, bet maistingas baltym\u0173 \u0161altinis, palaikantis bendr\u0105 savijaut\u0105.<br data-start=\"5231\" data-end=\"5234\" \/>Gervuog\u0117s suteikia nat\u016brali\u0173 antioksidant\u0173, kurie padeda palaikyti \u0161irdies sveikat\u0105 ir stiprina imunin\u0119 sistem\u0105.<br data-start=\"5346\" data-end=\"5349\" \/>Be gr\u016bd\u0173 \u2013 paprasta ir \u0161vari sud\u0117tis kasdieniam palepinimui.<\/p>\n<p data-start=\"5411\" data-end=\"5734\">Sud\u0117tis: Stru\u010diena 50 % (stru\u010dienos baltymai 33 %, hidrolizuoti stru\u010dienos baltymai 17 %), moli\u016bgas (15 %), geltonieji \u017eirniai (8 %), d\u017eiovinta obuoli\u0173 mas\u0117 (5 %), morkos (5 %), avin\u017eirniai (4 %), d\u017eiovintos gervuog\u0117s (4 %), vi\u0161tienos riebalai (4 %), lin\u0173 s\u0117menys (2 %), d\u017eiovinti \u0161pinatai (2 %), lin\u0173 s\u0117men\u0173 aliejus (1 %).<\/p>\n<p data-start=\"5736\" data-end=\"5958\">Analitin\u0117s sudedamosios dalys: \u017dali baltymai 28,0 %, \u017eali riebalai 14,0 %, \u017eali pelenai 5,5 %, \u017eali pluo\u0161tai 1,5 %, dr\u0117gm\u0117 10,0 %, kalcis 1,2 %, fosforas 0,8 %, omega-3 riebal\u0173 r\u016bg\u0161tys 0,3 %, omega-6 riebal\u0173 r\u016bg\u0161tys 2,3 %.<\/p>\n<p data-start=\"5960\" data-end=\"6075\">Priedai: Technologiniai priedai: tokoferoli\u0173 ekstraktai i\u0161 augalini\u0173 aliej\u0173 (1b306(i)), askorbilpalmitatas (1b304).<\/p>\n<p data-start=\"6077\" data-end=\"6119\">Metabolizuojamoji energija: 3 845 kcal\/kg.<\/p>\n<p data-start=\"6121\" data-end=\"6515\">\u0160\u0117rimo rekomendacijos: Duokite kaip skan\u0117st\u0105 arba atlyg\u012f u\u017e teigiam\u0105 motyvacij\u0105. Atkreipkite d\u0117mes\u012f, kad \u0161is produktas n\u0117ra visaver\u010dio pa\u0161aro pakaitalas. Visada u\u017etikrinkite \u0161vie\u017ei\u0105 geriam\u0105j\u012f vanden\u012f. Rekomenduojamas dienos kiekis nurodytas \u0161\u0117rimo lentel\u0117je. Nevir\u0161ykite kiekio. Laikyti v\u0117sioje ir sausoje vietoje, saugoti nuo tiesiogini\u0173 saul\u0117s spinduli\u0173. Atidaryt\u0105 pakuot\u0119 sandariai u\u017edaryti.<\/p>\n<p data-start=\"6517\" data-end=\"6635\">\u0160\u0117rimo lentel\u0117<br data-start=\"6531\" data-end=\"6534\" \/>\u0160uns svoris (kg) 5 10 15 20 25 30 40 50 60 70 80 90<br data-start=\"6585\" data-end=\"6588\" \/>Skan\u0117st\u0173 kiekis per dien\u0105 5 10 12 15 20 22 25<\/p>\n","protected":false},"featured_media":57577,"template":"","meta":[],"product_brand":[],"product_cat":[540],"product_tag":[],"class_list":{"0":"post-57700","1":"product","2":"type-product","3":"status-publish","4":"has-post-thumbnail","6":"product_cat-skanestai-sunims","8":"first","9":"instock","10":"taxable","11":"shipping-taxable","12":"purchasable","13":"product-type-simple"},"yoast_head":"<!-- This site is optimized with the Yoast SEO plugin v27.4 - https:\/\/yoast.com\/product\/yoast-seo-wordpress\/ -->\n<title>Carnilove Crunchy Snack su stru\u010diena ir gervuog\u0117mis, 200 g - MiuMjau<\/title>\n<meta name=\"robots\" content=\"index, follow, max-snippet:-1, max-image-preview:large, max-video-preview:-1\" \/>\n<link rel=\"canonical\" href=\"https:\/\/miumjau.ee\/lt\/produktas\/carnilove-crunchy-snack-su-struciena-ir-gervuogemis-200-g\/\" \/>\n<meta property=\"og:locale\" content=\"lt_LT\" \/>\n<meta property=\"og:type\" content=\"article\" \/>\n<meta property=\"og:title\" content=\"Carnilove Crunchy Snack su stru\u010diena ir gervuog\u0117mis, 200 g - MiuMjau\" \/>\n<meta property=\"og:description\" content=\"Ie\u0161kote ka\u017eko naujo ir \u012fdomaus? I\u0161bandykite! Tra\u0161kus skan\u0117stas su dideliu stru\u010dienos kiekiu \u2013 lengvai vir\u0161kinamas, auk\u0161tos kokyb\u0117s baltym\u0173 \u0161altinis suaugusiems \u0161unims.Stru\u010diena \u2013 ne\u012fprastas, bet maistingas baltym\u0173 \u0161altinis, palaikantis bendr\u0105 savijaut\u0105.Gervuog\u0117s suteikia nat\u016brali\u0173 antioksidant\u0173, kurie padeda palaikyti \u0161irdies sveikat\u0105 ir stiprina imunin\u0119 sistem\u0105.Be gr\u016bd\u0173 \u2013 paprasta ir \u0161vari sud\u0117tis kasdieniam palepinimui. Sud\u0117tis: Stru\u010diena 50 % (stru\u010dienos baltymai 33 %, hidrolizuoti stru\u010dienos baltymai 17 %), moli\u016bgas (15 %), geltonieji \u017eirniai (8 %), d\u017eiovinta obuoli\u0173 mas\u0117 (5 %), morkos (5 %), avin\u017eirniai (4 %), d\u017eiovintos gervuog\u0117s (4 %), vi\u0161tienos riebalai (4 %), lin\u0173 s\u0117menys (2 %), d\u017eiovinti \u0161pinatai (2 %), lin\u0173 s\u0117men\u0173 aliejus (1 %). Analitin\u0117s sudedamosios dalys: \u017dali baltymai 28,0 %, \u017eali riebalai 14,0 %, \u017eali pelenai 5,5 %, \u017eali pluo\u0161tai 1,5 %, dr\u0117gm\u0117 10,0 %, kalcis 1,2 %, fosforas 0,8 %, omega-3 riebal\u0173 r\u016bg\u0161tys 0,3 %, omega-6 riebal\u0173 r\u016bg\u0161tys 2,3 %. Priedai: Technologiniai priedai: tokoferoli\u0173 ekstraktai i\u0161 augalini\u0173 aliej\u0173 (1b306(i)), askorbilpalmitatas (1b304). Metabolizuojamoji energija: 3 845 kcal\/kg. \u0160\u0117rimo rekomendacijos: Duokite kaip skan\u0117st\u0105 arba atlyg\u012f u\u017e teigiam\u0105 motyvacij\u0105. Atkreipkite d\u0117mes\u012f, kad \u0161is produktas n\u0117ra visaver\u010dio pa\u0161aro pakaitalas. Visada u\u017etikrinkite \u0161vie\u017ei\u0105 geriam\u0105j\u012f vanden\u012f. Rekomenduojamas dienos kiekis nurodytas \u0161\u0117rimo lentel\u0117je. Nevir\u0161ykite kiekio. Laikyti v\u0117sioje ir sausoje vietoje, saugoti nuo tiesiogini\u0173 saul\u0117s spinduli\u0173. Atidaryt\u0105 pakuot\u0119 sandariai u\u017edaryti. \u0160\u0117rimo lentel\u0117\u0160uns svoris (kg) 5 10 15 20 25 30 40 50 60 70 80 90Skan\u0117st\u0173 kiekis per dien\u0105 5 10 12 15 20 22 25\" \/>\n<meta property=\"og:url\" content=\"https:\/\/miumjau.ee\/lt\/produktas\/carnilove-crunchy-snack-su-struciena-ir-gervuogemis-200-g\/\" \/>\n<meta property=\"og:site_name\" content=\"MiuMjau\" \/>\n<meta property=\"article:publisher\" content=\"https:\/\/www.facebook.com\/miumjaupood\/\" \/>\n<meta property=\"og:image\" content=\"https:\/\/miumjau.ee\/wp-content\/uploads\/2026\/04\/CARNILOVE-Dog-CRUNCHY-Snack-Ostrich-with-Blackberries_200G-1.jpg\" \/>\n\t<meta property=\"og:image:width\" content=\"600\" \/>\n\t<meta property=\"og:image:height\" content=\"800\" \/>\n\t<meta property=\"og:image:type\" content=\"image\/jpeg\" \/>\n<meta name=\"twitter:card\" content=\"summary_large_image\" \/>\n<script type=\"application\/ld+json\" class=\"yoast-schema-graph\">{\"@context\":\"https:\\\/\\\/schema.org\",\"@graph\":[{\"@type\":\"WebPage\",\"@id\":\"https:\\\/\\\/miumjau.ee\\\/lt\\\/produktas\\\/carnilove-crunchy-snack-su-struciena-ir-gervuogemis-200-g\\\/\",\"url\":\"https:\\\/\\\/miumjau.ee\\\/lt\\\/produktas\\\/carnilove-crunchy-snack-su-struciena-ir-gervuogemis-200-g\\\/\",\"name\":\"Carnilove Crunchy Snack su stru\u010diena ir gervuog\u0117mis, 200 g - MiuMjau\",\"isPartOf\":{\"@id\":\"https:\\\/\\\/miumjau.ee\\\/#website\"},\"primaryImageOfPage\":{\"@id\":\"https:\\\/\\\/miumjau.ee\\\/lt\\\/produktas\\\/carnilove-crunchy-snack-su-struciena-ir-gervuogemis-200-g\\\/#primaryimage\"},\"image\":{\"@id\":\"https:\\\/\\\/miumjau.ee\\\/lt\\\/produktas\\\/carnilove-crunchy-snack-su-struciena-ir-gervuogemis-200-g\\\/#primaryimage\"},\"thumbnailUrl\":\"https:\\\/\\\/miumjau.ee\\\/wp-content\\\/uploads\\\/2026\\\/04\\\/CARNILOVE-Dog-CRUNCHY-Snack-Ostrich-with-Blackberries_200G-1.jpg\",\"datePublished\":\"2026-04-12T11:28:18+00:00\",\"breadcrumb\":{\"@id\":\"https:\\\/\\\/miumjau.ee\\\/lt\\\/produktas\\\/carnilove-crunchy-snack-su-struciena-ir-gervuogemis-200-g\\\/#breadcrumb\"},\"inLanguage\":\"lt-LT\",\"potentialAction\":[{\"@type\":\"ReadAction\",\"target\":[\"https:\\\/\\\/miumjau.ee\\\/lt\\\/produktas\\\/carnilove-crunchy-snack-su-struciena-ir-gervuogemis-200-g\\\/\"]}]},{\"@type\":\"ImageObject\",\"inLanguage\":\"lt-LT\",\"@id\":\"https:\\\/\\\/miumjau.ee\\\/lt\\\/produktas\\\/carnilove-crunchy-snack-su-struciena-ir-gervuogemis-200-g\\\/#primaryimage\",\"url\":\"https:\\\/\\\/miumjau.ee\\\/wp-content\\\/uploads\\\/2026\\\/04\\\/CARNILOVE-Dog-CRUNCHY-Snack-Ostrich-with-Blackberries_200G-1.jpg\",\"contentUrl\":\"https:\\\/\\\/miumjau.ee\\\/wp-content\\\/uploads\\\/2026\\\/04\\\/CARNILOVE-Dog-CRUNCHY-Snack-Ostrich-with-Blackberries_200G-1.jpg\",\"width\":600,\"height\":800,\"caption\":\"Carnilove Crunchy Snack jaanalinnu ja p\u00f5ldmarjaga, 200g\"},{\"@type\":\"BreadcrumbList\",\"@id\":\"https:\\\/\\\/miumjau.ee\\\/lt\\\/produktas\\\/carnilove-crunchy-snack-su-struciena-ir-gervuogemis-200-g\\\/#breadcrumb\",\"itemListElement\":[{\"@type\":\"ListItem\",\"position\":1,\"name\":\"Home\",\"item\":\"https:\\\/\\\/miumjau.ee\\\/lt\\\/\"},{\"@type\":\"ListItem\",\"position\":2,\"name\":\"Parduotuv\u0117\",\"item\":\"https:\\\/\\\/miumjau.ee\\\/lt\\\/parduotuve\\\/\"},{\"@type\":\"ListItem\",\"position\":3,\"name\":\"Carnilove Crunchy Snack su stru\u010diena ir gervuog\u0117mis, 200 g\"}]},{\"@type\":\"WebSite\",\"@id\":\"https:\\\/\\\/miumjau.ee\\\/#website\",\"url\":\"https:\\\/\\\/miumjau.ee\\\/\",\"name\":\"MiuMjau\",\"description\":\"Kraapimispuud kassidele\",\"publisher\":{\"@id\":\"https:\\\/\\\/miumjau.ee\\\/#organization\"},\"potentialAction\":[{\"@type\":\"SearchAction\",\"target\":{\"@type\":\"EntryPoint\",\"urlTemplate\":\"https:\\\/\\\/miumjau.ee\\\/?s={search_term_string}\"},\"query-input\":{\"@type\":\"PropertyValueSpecification\",\"valueRequired\":true,\"valueName\":\"search_term_string\"}}],\"inLanguage\":\"lt-LT\"},{\"@type\":\"Organization\",\"@id\":\"https:\\\/\\\/miumjau.ee\\\/#organization\",\"name\":\"MiuMjau O\u00dc\",\"url\":\"https:\\\/\\\/miumjau.ee\\\/\",\"logo\":{\"@type\":\"ImageObject\",\"inLanguage\":\"lt-LT\",\"@id\":\"https:\\\/\\\/miumjau.ee\\\/#\\\/schema\\\/logo\\\/image\\\/\",\"url\":\"https:\\\/\\\/miumjau.ee\\\/wp-content\\\/uploads\\\/2022\\\/04\\\/MiuMjau-logo-kollane.png\",\"contentUrl\":\"https:\\\/\\\/miumjau.ee\\\/wp-content\\\/uploads\\\/2022\\\/04\\\/MiuMjau-logo-kollane.png\",\"width\":219,\"height\":100,\"caption\":\"MiuMjau O\u00dc\"},\"image\":{\"@id\":\"https:\\\/\\\/miumjau.ee\\\/#\\\/schema\\\/logo\\\/image\\\/\"},\"sameAs\":[\"https:\\\/\\\/www.facebook.com\\\/miumjaupood\\\/\"]}]}<\/script>\n<!-- \/ Yoast SEO plugin. -->","yoast_head_json":{"title":"Carnilove Crunchy Snack su stru\u010diena ir gervuog\u0117mis, 200 g - MiuMjau","robots":{"index":"index","follow":"follow","max-snippet":"max-snippet:-1","max-image-preview":"max-image-preview:large","max-video-preview":"max-video-preview:-1"},"canonical":"https:\/\/miumjau.ee\/lt\/produktas\/carnilove-crunchy-snack-su-struciena-ir-gervuogemis-200-g\/","og_locale":"lt_LT","og_type":"article","og_title":"Carnilove Crunchy Snack su stru\u010diena ir gervuog\u0117mis, 200 g - MiuMjau","og_description":"Ie\u0161kote ka\u017eko naujo ir \u012fdomaus? I\u0161bandykite! Tra\u0161kus skan\u0117stas su dideliu stru\u010dienos kiekiu \u2013 lengvai vir\u0161kinamas, auk\u0161tos kokyb\u0117s baltym\u0173 \u0161altinis suaugusiems \u0161unims.Stru\u010diena \u2013 ne\u012fprastas, bet maistingas baltym\u0173 \u0161altinis, palaikantis bendr\u0105 savijaut\u0105.Gervuog\u0117s suteikia nat\u016brali\u0173 antioksidant\u0173, kurie padeda palaikyti \u0161irdies sveikat\u0105 ir stiprina imunin\u0119 sistem\u0105.Be gr\u016bd\u0173 \u2013 paprasta ir \u0161vari sud\u0117tis kasdieniam palepinimui. Sud\u0117tis: Stru\u010diena 50 % (stru\u010dienos baltymai 33 %, hidrolizuoti stru\u010dienos baltymai 17 %), moli\u016bgas (15 %), geltonieji \u017eirniai (8 %), d\u017eiovinta obuoli\u0173 mas\u0117 (5 %), morkos (5 %), avin\u017eirniai (4 %), d\u017eiovintos gervuog\u0117s (4 %), vi\u0161tienos riebalai (4 %), lin\u0173 s\u0117menys (2 %), d\u017eiovinti \u0161pinatai (2 %), lin\u0173 s\u0117men\u0173 aliejus (1 %). Analitin\u0117s sudedamosios dalys: \u017dali baltymai 28,0 %, \u017eali riebalai 14,0 %, \u017eali pelenai 5,5 %, \u017eali pluo\u0161tai 1,5 %, dr\u0117gm\u0117 10,0 %, kalcis 1,2 %, fosforas 0,8 %, omega-3 riebal\u0173 r\u016bg\u0161tys 0,3 %, omega-6 riebal\u0173 r\u016bg\u0161tys 2,3 %. Priedai: Technologiniai priedai: tokoferoli\u0173 ekstraktai i\u0161 augalini\u0173 aliej\u0173 (1b306(i)), askorbilpalmitatas (1b304). Metabolizuojamoji energija: 3 845 kcal\/kg. \u0160\u0117rimo rekomendacijos: Duokite kaip skan\u0117st\u0105 arba atlyg\u012f u\u017e teigiam\u0105 motyvacij\u0105. Atkreipkite d\u0117mes\u012f, kad \u0161is produktas n\u0117ra visaver\u010dio pa\u0161aro pakaitalas. Visada u\u017etikrinkite \u0161vie\u017ei\u0105 geriam\u0105j\u012f vanden\u012f. Rekomenduojamas dienos kiekis nurodytas \u0161\u0117rimo lentel\u0117je. Nevir\u0161ykite kiekio. Laikyti v\u0117sioje ir sausoje vietoje, saugoti nuo tiesiogini\u0173 saul\u0117s spinduli\u0173. Atidaryt\u0105 pakuot\u0119 sandariai u\u017edaryti. \u0160\u0117rimo lentel\u0117\u0160uns svoris (kg) 5 10 15 20 25 30 40 50 60 70 80 90Skan\u0117st\u0173 kiekis per dien\u0105 5 10 12 15 20 22 25","og_url":"https:\/\/miumjau.ee\/lt\/produktas\/carnilove-crunchy-snack-su-struciena-ir-gervuogemis-200-g\/","og_site_name":"MiuMjau","article_publisher":"https:\/\/www.facebook.com\/miumjaupood\/","og_image":[{"width":600,"height":800,"url":"https:\/\/miumjau.ee\/wp-content\/uploads\/2026\/04\/CARNILOVE-Dog-CRUNCHY-Snack-Ostrich-with-Blackberries_200G-1.jpg","type":"image\/jpeg"}],"twitter_card":"summary_large_image","schema":{"@context":"https:\/\/schema.org","@graph":[{"@type":"WebPage","@id":"https:\/\/miumjau.ee\/lt\/produktas\/carnilove-crunchy-snack-su-struciena-ir-gervuogemis-200-g\/","url":"https:\/\/miumjau.ee\/lt\/produktas\/carnilove-crunchy-snack-su-struciena-ir-gervuogemis-200-g\/","name":"Carnilove Crunchy Snack su stru\u010diena ir gervuog\u0117mis, 200 g - MiuMjau","isPartOf":{"@id":"https:\/\/miumjau.ee\/#website"},"primaryImageOfPage":{"@id":"https:\/\/miumjau.ee\/lt\/produktas\/carnilove-crunchy-snack-su-struciena-ir-gervuogemis-200-g\/#primaryimage"},"image":{"@id":"https:\/\/miumjau.ee\/lt\/produktas\/carnilove-crunchy-snack-su-struciena-ir-gervuogemis-200-g\/#primaryimage"},"thumbnailUrl":"https:\/\/miumjau.ee\/wp-content\/uploads\/2026\/04\/CARNILOVE-Dog-CRUNCHY-Snack-Ostrich-with-Blackberries_200G-1.jpg","datePublished":"2026-04-12T11:28:18+00:00","breadcrumb":{"@id":"https:\/\/miumjau.ee\/lt\/produktas\/carnilove-crunchy-snack-su-struciena-ir-gervuogemis-200-g\/#breadcrumb"},"inLanguage":"lt-LT","potentialAction":[{"@type":"ReadAction","target":["https:\/\/miumjau.ee\/lt\/produktas\/carnilove-crunchy-snack-su-struciena-ir-gervuogemis-200-g\/"]}]},{"@type":"ImageObject","inLanguage":"lt-LT","@id":"https:\/\/miumjau.ee\/lt\/produktas\/carnilove-crunchy-snack-su-struciena-ir-gervuogemis-200-g\/#primaryimage","url":"https:\/\/miumjau.ee\/wp-content\/uploads\/2026\/04\/CARNILOVE-Dog-CRUNCHY-Snack-Ostrich-with-Blackberries_200G-1.jpg","contentUrl":"https:\/\/miumjau.ee\/wp-content\/uploads\/2026\/04\/CARNILOVE-Dog-CRUNCHY-Snack-Ostrich-with-Blackberries_200G-1.jpg","width":600,"height":800,"caption":"Carnilove Crunchy Snack jaanalinnu ja p\u00f5ldmarjaga, 200g"},{"@type":"BreadcrumbList","@id":"https:\/\/miumjau.ee\/lt\/produktas\/carnilove-crunchy-snack-su-struciena-ir-gervuogemis-200-g\/#breadcrumb","itemListElement":[{"@type":"ListItem","position":1,"name":"Home","item":"https:\/\/miumjau.ee\/lt\/"},{"@type":"ListItem","position":2,"name":"Parduotuv\u0117","item":"https:\/\/miumjau.ee\/lt\/parduotuve\/"},{"@type":"ListItem","position":3,"name":"Carnilove Crunchy Snack su stru\u010diena ir gervuog\u0117mis, 200 g"}]},{"@type":"WebSite","@id":"https:\/\/miumjau.ee\/#website","url":"https:\/\/miumjau.ee\/","name":"MiuMjau","description":"Kraapimispuud kassidele","publisher":{"@id":"https:\/\/miumjau.ee\/#organization"},"potentialAction":[{"@type":"SearchAction","target":{"@type":"EntryPoint","urlTemplate":"https:\/\/miumjau.ee\/?s={search_term_string}"},"query-input":{"@type":"PropertyValueSpecification","valueRequired":true,"valueName":"search_term_string"}}],"inLanguage":"lt-LT"},{"@type":"Organization","@id":"https:\/\/miumjau.ee\/#organization","name":"MiuMjau O\u00dc","url":"https:\/\/miumjau.ee\/","logo":{"@type":"ImageObject","inLanguage":"lt-LT","@id":"https:\/\/miumjau.ee\/#\/schema\/logo\/image\/","url":"https:\/\/miumjau.ee\/wp-content\/uploads\/2022\/04\/MiuMjau-logo-kollane.png","contentUrl":"https:\/\/miumjau.ee\/wp-content\/uploads\/2022\/04\/MiuMjau-logo-kollane.png","width":219,"height":100,"caption":"MiuMjau O\u00dc"},"image":{"@id":"https:\/\/miumjau.ee\/#\/schema\/logo\/image\/"},"sameAs":["https:\/\/www.facebook.com\/miumjaupood\/"]}]}},"_links":{"self":[{"href":"https:\/\/miumjau.ee\/lt\/wp-json\/wp\/v2\/product\/57700","targetHints":{"allow":["GET"]}}],"collection":[{"href":"https:\/\/miumjau.ee\/lt\/wp-json\/wp\/v2\/product"}],"about":[{"href":"https:\/\/miumjau.ee\/lt\/wp-json\/wp\/v2\/types\/product"}],"wp:featuredmedia":[{"embeddable":true,"href":"https:\/\/miumjau.ee\/lt\/wp-json\/wp\/v2\/media\/57577"}],"wp:attachment":[{"href":"https:\/\/miumjau.ee\/lt\/wp-json\/wp\/v2\/media?parent=57700"}],"wp:term":[{"taxonomy":"product_brand","embeddable":true,"href":"https:\/\/miumjau.ee\/lt\/wp-json\/wp\/v2\/product_brand?post=57700"},{"taxonomy":"product_cat","embeddable":true,"href":"https:\/\/miumjau.ee\/lt\/wp-json\/wp\/v2\/product_cat?post=57700"},{"taxonomy":"product_tag","embeddable":true,"href":"https:\/\/miumjau.ee\/lt\/wp-json\/wp\/v2\/product_tag?post=57700"}],"curies":[{"name":"wp","href":"https:\/\/api.w.org\/{rel}","templated":true}]}}