{"id":57678,"date":"2026-04-12T14:35:43","date_gmt":"2026-04-12T11:35:43","guid":{"rendered":"https:\/\/miumjau.ee\/toode\/carnilove-crunchy-snack-su-serniena-ir-ersketuogemis-200-g\/"},"modified":"2026-04-12T14:35:43","modified_gmt":"2026-04-12T11:35:43","slug":"carnilove-crunchy-snack-su-serniena-ir-ersketuogemis-200-g","status":"publish","type":"product","link":"https:\/\/miumjau.ee\/lt\/produktas\/carnilove-crunchy-snack-su-serniena-ir-ersketuogemis-200-g\/","title":{"rendered":"Carnilove Crunchy Snack su \u0161erniena ir er\u0161k\u0117tuog\u0117mis, 200 g"},"content":{"rendered":"","protected":false},"excerpt":{"rendered":"<p data-start=\"4457\" data-end=\"4720\">Ar j\u016bs\u0173 \u0161uo aktyvus? \u0160erniena yra liesas, bet maistingas baltym\u0173 \u0161altinis, palaikantis raumen\u0173 b\u016bkl\u0119. I\u0161 er\u0161k\u0117tuogi\u0173 gaunamas vitaminas C suteikia nat\u016brali\u0173 antioksidant\u0173, kurie palaiko imunitet\u0105. Be to, \u0161is skan\u0117stas yra be gr\u016bd\u0173. Auk\u0161\u010diausios kokyb\u0117s skan\u0117stas!<\/p>\n<p data-start=\"4722\" data-end=\"5044\">Sud\u0117tis: \u0160erniena 50 % (\u0161ernienos baltymai 35 %, hidrolizuoti \u0161ernienos baltymai 15 %), moli\u016bgas (15 %), geltonieji \u017eirniai (8 %), d\u017eiovinta obuoli\u0173 mas\u0117 (5 %), morkos (5 %), avin\u017eirniai (4 %), d\u017eiovintos er\u0161k\u0117tuog\u0117s (4 %), vi\u0161tienos riebalai (4 %), lin\u0173 s\u0117menys (2 %), d\u017eiovinti \u0161pinatai (2 %), lin\u0173 s\u0117men\u0173 aliejus (1 %).<\/p>\n<p data-start=\"5046\" data-end=\"5268\">Analitin\u0117s sudedamosios dalys: \u017dali baltymai 32,0 %, \u017eali riebalai 12,0 %, \u017eali pelenai 7,0 %, \u017eali pluo\u0161tai 1,5 %, dr\u0117gm\u0117 10,0 %, kalcis 1,1 %, fosforas 0,7 %, omega-3 riebal\u0173 r\u016bg\u0161tys 0,3 %, omega-6 riebal\u0173 r\u016bg\u0161tys 1,9 %.<\/p>\n<p data-start=\"5270\" data-end=\"5385\">Priedai: Technologiniai priedai: tokoferoli\u0173 ekstraktai i\u0161 augalini\u0173 aliej\u0173 (1b306(i)), askorbilpalmitatas (1b304).<\/p>\n<p data-start=\"5387\" data-end=\"5429\">Metabolizuojamoji energija: 3 710 kcal\/kg.<\/p>\n<p data-start=\"5431\" data-end=\"5825\">\u0160\u0117rimo rekomendacijos: Duokite kaip skan\u0117st\u0105 arba atlyg\u012f u\u017e teigiam\u0105 motyvacij\u0105. Atkreipkite d\u0117mes\u012f, kad \u0161is produktas n\u0117ra visaver\u010dio pa\u0161aro pakaitalas. Visada u\u017etikrinkite \u0161vie\u017ei\u0105 geriam\u0105j\u012f vanden\u012f. Rekomenduojamas dienos kiekis nurodytas \u0161\u0117rimo lentel\u0117je. Nevir\u0161ykite kiekio. Laikyti v\u0117sioje ir sausoje vietoje, saugoti nuo tiesiogini\u0173 saul\u0117s spinduli\u0173. Atidaryt\u0105 pakuot\u0119 sandariai u\u017edaryti.<\/p>\n<p data-start=\"5827\" data-end=\"5945\">\u0160\u0117rimo lentel\u0117<br data-start=\"5841\" data-end=\"5844\" \/>\u0160uns svoris (kg) 5 10 15 20 25 30 40 50 60 70 80 90<br data-start=\"5895\" data-end=\"5898\" \/>Skan\u0117st\u0173 kiekis per dien\u0105 5 10 12 15 20 22 25<\/p>\n","protected":false},"featured_media":57589,"template":"","meta":[],"product_brand":[],"product_cat":[540],"product_tag":[],"class_list":{"0":"post-57678","1":"product","2":"type-product","3":"status-publish","4":"has-post-thumbnail","6":"product_cat-skanestai-sunims","8":"first","9":"instock","10":"taxable","11":"shipping-taxable","12":"purchasable","13":"product-type-simple"},"yoast_head":"<!-- This site is optimized with the Yoast SEO plugin v27.4 - https:\/\/yoast.com\/product\/yoast-seo-wordpress\/ -->\n<title>Carnilove Crunchy Snack su \u0161erniena ir er\u0161k\u0117tuog\u0117mis, 200 g - MiuMjau<\/title>\n<meta name=\"robots\" content=\"index, follow, max-snippet:-1, max-image-preview:large, max-video-preview:-1\" \/>\n<link rel=\"canonical\" href=\"https:\/\/miumjau.ee\/lt\/produktas\/carnilove-crunchy-snack-su-serniena-ir-ersketuogemis-200-g\/\" \/>\n<meta property=\"og:locale\" content=\"lt_LT\" \/>\n<meta property=\"og:type\" content=\"article\" \/>\n<meta property=\"og:title\" content=\"Carnilove Crunchy Snack su \u0161erniena ir er\u0161k\u0117tuog\u0117mis, 200 g - MiuMjau\" \/>\n<meta property=\"og:description\" content=\"Ar j\u016bs\u0173 \u0161uo aktyvus? \u0160erniena yra liesas, bet maistingas baltym\u0173 \u0161altinis, palaikantis raumen\u0173 b\u016bkl\u0119. I\u0161 er\u0161k\u0117tuogi\u0173 gaunamas vitaminas C suteikia nat\u016brali\u0173 antioksidant\u0173, kurie palaiko imunitet\u0105. Be to, \u0161is skan\u0117stas yra be gr\u016bd\u0173. Auk\u0161\u010diausios kokyb\u0117s skan\u0117stas! Sud\u0117tis: \u0160erniena 50 % (\u0161ernienos baltymai 35 %, hidrolizuoti \u0161ernienos baltymai 15 %), moli\u016bgas (15 %), geltonieji \u017eirniai (8 %), d\u017eiovinta obuoli\u0173 mas\u0117 (5 %), morkos (5 %), avin\u017eirniai (4 %), d\u017eiovintos er\u0161k\u0117tuog\u0117s (4 %), vi\u0161tienos riebalai (4 %), lin\u0173 s\u0117menys (2 %), d\u017eiovinti \u0161pinatai (2 %), lin\u0173 s\u0117men\u0173 aliejus (1 %). Analitin\u0117s sudedamosios dalys: \u017dali baltymai 32,0 %, \u017eali riebalai 12,0 %, \u017eali pelenai 7,0 %, \u017eali pluo\u0161tai 1,5 %, dr\u0117gm\u0117 10,0 %, kalcis 1,1 %, fosforas 0,7 %, omega-3 riebal\u0173 r\u016bg\u0161tys 0,3 %, omega-6 riebal\u0173 r\u016bg\u0161tys 1,9 %. Priedai: Technologiniai priedai: tokoferoli\u0173 ekstraktai i\u0161 augalini\u0173 aliej\u0173 (1b306(i)), askorbilpalmitatas (1b304). Metabolizuojamoji energija: 3 710 kcal\/kg. \u0160\u0117rimo rekomendacijos: Duokite kaip skan\u0117st\u0105 arba atlyg\u012f u\u017e teigiam\u0105 motyvacij\u0105. Atkreipkite d\u0117mes\u012f, kad \u0161is produktas n\u0117ra visaver\u010dio pa\u0161aro pakaitalas. Visada u\u017etikrinkite \u0161vie\u017ei\u0105 geriam\u0105j\u012f vanden\u012f. Rekomenduojamas dienos kiekis nurodytas \u0161\u0117rimo lentel\u0117je. Nevir\u0161ykite kiekio. Laikyti v\u0117sioje ir sausoje vietoje, saugoti nuo tiesiogini\u0173 saul\u0117s spinduli\u0173. Atidaryt\u0105 pakuot\u0119 sandariai u\u017edaryti. \u0160\u0117rimo lentel\u0117\u0160uns svoris (kg) 5 10 15 20 25 30 40 50 60 70 80 90Skan\u0117st\u0173 kiekis per dien\u0105 5 10 12 15 20 22 25\" \/>\n<meta property=\"og:url\" content=\"https:\/\/miumjau.ee\/lt\/produktas\/carnilove-crunchy-snack-su-serniena-ir-ersketuogemis-200-g\/\" \/>\n<meta property=\"og:site_name\" content=\"MiuMjau\" \/>\n<meta property=\"article:publisher\" content=\"https:\/\/www.facebook.com\/miumjaupood\/\" \/>\n<meta property=\"og:image\" content=\"https:\/\/miumjau.ee\/wp-content\/uploads\/2026\/04\/CARNILOVE-Dog-CRUNCHY-Snack-Wild-Boar-with-Rosehips_200G-1.jpg\" \/>\n\t<meta property=\"og:image:width\" content=\"600\" \/>\n\t<meta property=\"og:image:height\" content=\"800\" \/>\n\t<meta property=\"og:image:type\" content=\"image\/jpeg\" \/>\n<meta name=\"twitter:card\" content=\"summary_large_image\" \/>\n<script type=\"application\/ld+json\" class=\"yoast-schema-graph\">{\"@context\":\"https:\\\/\\\/schema.org\",\"@graph\":[{\"@type\":\"WebPage\",\"@id\":\"https:\\\/\\\/miumjau.ee\\\/lt\\\/produktas\\\/carnilove-crunchy-snack-su-serniena-ir-ersketuogemis-200-g\\\/\",\"url\":\"https:\\\/\\\/miumjau.ee\\\/lt\\\/produktas\\\/carnilove-crunchy-snack-su-serniena-ir-ersketuogemis-200-g\\\/\",\"name\":\"Carnilove Crunchy Snack su \u0161erniena ir er\u0161k\u0117tuog\u0117mis, 200 g - MiuMjau\",\"isPartOf\":{\"@id\":\"https:\\\/\\\/miumjau.ee\\\/#website\"},\"primaryImageOfPage\":{\"@id\":\"https:\\\/\\\/miumjau.ee\\\/lt\\\/produktas\\\/carnilove-crunchy-snack-su-serniena-ir-ersketuogemis-200-g\\\/#primaryimage\"},\"image\":{\"@id\":\"https:\\\/\\\/miumjau.ee\\\/lt\\\/produktas\\\/carnilove-crunchy-snack-su-serniena-ir-ersketuogemis-200-g\\\/#primaryimage\"},\"thumbnailUrl\":\"https:\\\/\\\/miumjau.ee\\\/wp-content\\\/uploads\\\/2026\\\/04\\\/CARNILOVE-Dog-CRUNCHY-Snack-Wild-Boar-with-Rosehips_200G-1.jpg\",\"datePublished\":\"2026-04-12T11:35:43+00:00\",\"breadcrumb\":{\"@id\":\"https:\\\/\\\/miumjau.ee\\\/lt\\\/produktas\\\/carnilove-crunchy-snack-su-serniena-ir-ersketuogemis-200-g\\\/#breadcrumb\"},\"inLanguage\":\"lt-LT\",\"potentialAction\":[{\"@type\":\"ReadAction\",\"target\":[\"https:\\\/\\\/miumjau.ee\\\/lt\\\/produktas\\\/carnilove-crunchy-snack-su-serniena-ir-ersketuogemis-200-g\\\/\"]}]},{\"@type\":\"ImageObject\",\"inLanguage\":\"lt-LT\",\"@id\":\"https:\\\/\\\/miumjau.ee\\\/lt\\\/produktas\\\/carnilove-crunchy-snack-su-serniena-ir-ersketuogemis-200-g\\\/#primaryimage\",\"url\":\"https:\\\/\\\/miumjau.ee\\\/wp-content\\\/uploads\\\/2026\\\/04\\\/CARNILOVE-Dog-CRUNCHY-Snack-Wild-Boar-with-Rosehips_200G-1.jpg\",\"contentUrl\":\"https:\\\/\\\/miumjau.ee\\\/wp-content\\\/uploads\\\/2026\\\/04\\\/CARNILOVE-Dog-CRUNCHY-Snack-Wild-Boar-with-Rosehips_200G-1.jpg\",\"width\":600,\"height\":800,\"caption\":\"Carnilove Crunchy Snack metssea ja kibuvitsaga, 200g\"},{\"@type\":\"BreadcrumbList\",\"@id\":\"https:\\\/\\\/miumjau.ee\\\/lt\\\/produktas\\\/carnilove-crunchy-snack-su-serniena-ir-ersketuogemis-200-g\\\/#breadcrumb\",\"itemListElement\":[{\"@type\":\"ListItem\",\"position\":1,\"name\":\"Home\",\"item\":\"https:\\\/\\\/miumjau.ee\\\/lt\\\/\"},{\"@type\":\"ListItem\",\"position\":2,\"name\":\"Parduotuv\u0117\",\"item\":\"https:\\\/\\\/miumjau.ee\\\/lt\\\/parduotuve\\\/\"},{\"@type\":\"ListItem\",\"position\":3,\"name\":\"Carnilove Crunchy Snack su \u0161erniena ir er\u0161k\u0117tuog\u0117mis, 200 g\"}]},{\"@type\":\"WebSite\",\"@id\":\"https:\\\/\\\/miumjau.ee\\\/#website\",\"url\":\"https:\\\/\\\/miumjau.ee\\\/\",\"name\":\"MiuMjau\",\"description\":\"Kraapimispuud kassidele\",\"publisher\":{\"@id\":\"https:\\\/\\\/miumjau.ee\\\/#organization\"},\"potentialAction\":[{\"@type\":\"SearchAction\",\"target\":{\"@type\":\"EntryPoint\",\"urlTemplate\":\"https:\\\/\\\/miumjau.ee\\\/?s={search_term_string}\"},\"query-input\":{\"@type\":\"PropertyValueSpecification\",\"valueRequired\":true,\"valueName\":\"search_term_string\"}}],\"inLanguage\":\"lt-LT\"},{\"@type\":\"Organization\",\"@id\":\"https:\\\/\\\/miumjau.ee\\\/#organization\",\"name\":\"MiuMjau O\u00dc\",\"url\":\"https:\\\/\\\/miumjau.ee\\\/\",\"logo\":{\"@type\":\"ImageObject\",\"inLanguage\":\"lt-LT\",\"@id\":\"https:\\\/\\\/miumjau.ee\\\/#\\\/schema\\\/logo\\\/image\\\/\",\"url\":\"https:\\\/\\\/miumjau.ee\\\/wp-content\\\/uploads\\\/2022\\\/04\\\/MiuMjau-logo-kollane.png\",\"contentUrl\":\"https:\\\/\\\/miumjau.ee\\\/wp-content\\\/uploads\\\/2022\\\/04\\\/MiuMjau-logo-kollane.png\",\"width\":219,\"height\":100,\"caption\":\"MiuMjau O\u00dc\"},\"image\":{\"@id\":\"https:\\\/\\\/miumjau.ee\\\/#\\\/schema\\\/logo\\\/image\\\/\"},\"sameAs\":[\"https:\\\/\\\/www.facebook.com\\\/miumjaupood\\\/\"]}]}<\/script>\n<!-- \/ Yoast SEO plugin. -->","yoast_head_json":{"title":"Carnilove Crunchy Snack su \u0161erniena ir er\u0161k\u0117tuog\u0117mis, 200 g - MiuMjau","robots":{"index":"index","follow":"follow","max-snippet":"max-snippet:-1","max-image-preview":"max-image-preview:large","max-video-preview":"max-video-preview:-1"},"canonical":"https:\/\/miumjau.ee\/lt\/produktas\/carnilove-crunchy-snack-su-serniena-ir-ersketuogemis-200-g\/","og_locale":"lt_LT","og_type":"article","og_title":"Carnilove Crunchy Snack su \u0161erniena ir er\u0161k\u0117tuog\u0117mis, 200 g - MiuMjau","og_description":"Ar j\u016bs\u0173 \u0161uo aktyvus? \u0160erniena yra liesas, bet maistingas baltym\u0173 \u0161altinis, palaikantis raumen\u0173 b\u016bkl\u0119. I\u0161 er\u0161k\u0117tuogi\u0173 gaunamas vitaminas C suteikia nat\u016brali\u0173 antioksidant\u0173, kurie palaiko imunitet\u0105. Be to, \u0161is skan\u0117stas yra be gr\u016bd\u0173. Auk\u0161\u010diausios kokyb\u0117s skan\u0117stas! Sud\u0117tis: \u0160erniena 50 % (\u0161ernienos baltymai 35 %, hidrolizuoti \u0161ernienos baltymai 15 %), moli\u016bgas (15 %), geltonieji \u017eirniai (8 %), d\u017eiovinta obuoli\u0173 mas\u0117 (5 %), morkos (5 %), avin\u017eirniai (4 %), d\u017eiovintos er\u0161k\u0117tuog\u0117s (4 %), vi\u0161tienos riebalai (4 %), lin\u0173 s\u0117menys (2 %), d\u017eiovinti \u0161pinatai (2 %), lin\u0173 s\u0117men\u0173 aliejus (1 %). Analitin\u0117s sudedamosios dalys: \u017dali baltymai 32,0 %, \u017eali riebalai 12,0 %, \u017eali pelenai 7,0 %, \u017eali pluo\u0161tai 1,5 %, dr\u0117gm\u0117 10,0 %, kalcis 1,1 %, fosforas 0,7 %, omega-3 riebal\u0173 r\u016bg\u0161tys 0,3 %, omega-6 riebal\u0173 r\u016bg\u0161tys 1,9 %. Priedai: Technologiniai priedai: tokoferoli\u0173 ekstraktai i\u0161 augalini\u0173 aliej\u0173 (1b306(i)), askorbilpalmitatas (1b304). Metabolizuojamoji energija: 3 710 kcal\/kg. \u0160\u0117rimo rekomendacijos: Duokite kaip skan\u0117st\u0105 arba atlyg\u012f u\u017e teigiam\u0105 motyvacij\u0105. Atkreipkite d\u0117mes\u012f, kad \u0161is produktas n\u0117ra visaver\u010dio pa\u0161aro pakaitalas. Visada u\u017etikrinkite \u0161vie\u017ei\u0105 geriam\u0105j\u012f vanden\u012f. Rekomenduojamas dienos kiekis nurodytas \u0161\u0117rimo lentel\u0117je. Nevir\u0161ykite kiekio. Laikyti v\u0117sioje ir sausoje vietoje, saugoti nuo tiesiogini\u0173 saul\u0117s spinduli\u0173. Atidaryt\u0105 pakuot\u0119 sandariai u\u017edaryti. \u0160\u0117rimo lentel\u0117\u0160uns svoris (kg) 5 10 15 20 25 30 40 50 60 70 80 90Skan\u0117st\u0173 kiekis per dien\u0105 5 10 12 15 20 22 25","og_url":"https:\/\/miumjau.ee\/lt\/produktas\/carnilove-crunchy-snack-su-serniena-ir-ersketuogemis-200-g\/","og_site_name":"MiuMjau","article_publisher":"https:\/\/www.facebook.com\/miumjaupood\/","og_image":[{"width":600,"height":800,"url":"https:\/\/miumjau.ee\/wp-content\/uploads\/2026\/04\/CARNILOVE-Dog-CRUNCHY-Snack-Wild-Boar-with-Rosehips_200G-1.jpg","type":"image\/jpeg"}],"twitter_card":"summary_large_image","schema":{"@context":"https:\/\/schema.org","@graph":[{"@type":"WebPage","@id":"https:\/\/miumjau.ee\/lt\/produktas\/carnilove-crunchy-snack-su-serniena-ir-ersketuogemis-200-g\/","url":"https:\/\/miumjau.ee\/lt\/produktas\/carnilove-crunchy-snack-su-serniena-ir-ersketuogemis-200-g\/","name":"Carnilove Crunchy Snack su \u0161erniena ir er\u0161k\u0117tuog\u0117mis, 200 g - MiuMjau","isPartOf":{"@id":"https:\/\/miumjau.ee\/#website"},"primaryImageOfPage":{"@id":"https:\/\/miumjau.ee\/lt\/produktas\/carnilove-crunchy-snack-su-serniena-ir-ersketuogemis-200-g\/#primaryimage"},"image":{"@id":"https:\/\/miumjau.ee\/lt\/produktas\/carnilove-crunchy-snack-su-serniena-ir-ersketuogemis-200-g\/#primaryimage"},"thumbnailUrl":"https:\/\/miumjau.ee\/wp-content\/uploads\/2026\/04\/CARNILOVE-Dog-CRUNCHY-Snack-Wild-Boar-with-Rosehips_200G-1.jpg","datePublished":"2026-04-12T11:35:43+00:00","breadcrumb":{"@id":"https:\/\/miumjau.ee\/lt\/produktas\/carnilove-crunchy-snack-su-serniena-ir-ersketuogemis-200-g\/#breadcrumb"},"inLanguage":"lt-LT","potentialAction":[{"@type":"ReadAction","target":["https:\/\/miumjau.ee\/lt\/produktas\/carnilove-crunchy-snack-su-serniena-ir-ersketuogemis-200-g\/"]}]},{"@type":"ImageObject","inLanguage":"lt-LT","@id":"https:\/\/miumjau.ee\/lt\/produktas\/carnilove-crunchy-snack-su-serniena-ir-ersketuogemis-200-g\/#primaryimage","url":"https:\/\/miumjau.ee\/wp-content\/uploads\/2026\/04\/CARNILOVE-Dog-CRUNCHY-Snack-Wild-Boar-with-Rosehips_200G-1.jpg","contentUrl":"https:\/\/miumjau.ee\/wp-content\/uploads\/2026\/04\/CARNILOVE-Dog-CRUNCHY-Snack-Wild-Boar-with-Rosehips_200G-1.jpg","width":600,"height":800,"caption":"Carnilove Crunchy Snack metssea ja kibuvitsaga, 200g"},{"@type":"BreadcrumbList","@id":"https:\/\/miumjau.ee\/lt\/produktas\/carnilove-crunchy-snack-su-serniena-ir-ersketuogemis-200-g\/#breadcrumb","itemListElement":[{"@type":"ListItem","position":1,"name":"Home","item":"https:\/\/miumjau.ee\/lt\/"},{"@type":"ListItem","position":2,"name":"Parduotuv\u0117","item":"https:\/\/miumjau.ee\/lt\/parduotuve\/"},{"@type":"ListItem","position":3,"name":"Carnilove Crunchy Snack su \u0161erniena ir er\u0161k\u0117tuog\u0117mis, 200 g"}]},{"@type":"WebSite","@id":"https:\/\/miumjau.ee\/#website","url":"https:\/\/miumjau.ee\/","name":"MiuMjau","description":"Kraapimispuud kassidele","publisher":{"@id":"https:\/\/miumjau.ee\/#organization"},"potentialAction":[{"@type":"SearchAction","target":{"@type":"EntryPoint","urlTemplate":"https:\/\/miumjau.ee\/?s={search_term_string}"},"query-input":{"@type":"PropertyValueSpecification","valueRequired":true,"valueName":"search_term_string"}}],"inLanguage":"lt-LT"},{"@type":"Organization","@id":"https:\/\/miumjau.ee\/#organization","name":"MiuMjau O\u00dc","url":"https:\/\/miumjau.ee\/","logo":{"@type":"ImageObject","inLanguage":"lt-LT","@id":"https:\/\/miumjau.ee\/#\/schema\/logo\/image\/","url":"https:\/\/miumjau.ee\/wp-content\/uploads\/2022\/04\/MiuMjau-logo-kollane.png","contentUrl":"https:\/\/miumjau.ee\/wp-content\/uploads\/2022\/04\/MiuMjau-logo-kollane.png","width":219,"height":100,"caption":"MiuMjau O\u00dc"},"image":{"@id":"https:\/\/miumjau.ee\/#\/schema\/logo\/image\/"},"sameAs":["https:\/\/www.facebook.com\/miumjaupood\/"]}]}},"_links":{"self":[{"href":"https:\/\/miumjau.ee\/lt\/wp-json\/wp\/v2\/product\/57678","targetHints":{"allow":["GET"]}}],"collection":[{"href":"https:\/\/miumjau.ee\/lt\/wp-json\/wp\/v2\/product"}],"about":[{"href":"https:\/\/miumjau.ee\/lt\/wp-json\/wp\/v2\/types\/product"}],"wp:featuredmedia":[{"embeddable":true,"href":"https:\/\/miumjau.ee\/lt\/wp-json\/wp\/v2\/media\/57589"}],"wp:attachment":[{"href":"https:\/\/miumjau.ee\/lt\/wp-json\/wp\/v2\/media?parent=57678"}],"wp:term":[{"taxonomy":"product_brand","embeddable":true,"href":"https:\/\/miumjau.ee\/lt\/wp-json\/wp\/v2\/product_brand?post=57678"},{"taxonomy":"product_cat","embeddable":true,"href":"https:\/\/miumjau.ee\/lt\/wp-json\/wp\/v2\/product_cat?post=57678"},{"taxonomy":"product_tag","embeddable":true,"href":"https:\/\/miumjau.ee\/lt\/wp-json\/wp\/v2\/product_tag?post=57678"}],"curies":[{"name":"wp","href":"https:\/\/api.w.org\/{rel}","templated":true}]}}