{"id":57640,"date":"2026-04-15T15:55:35","date_gmt":"2026-04-15T12:55:35","guid":{"rendered":"https:\/\/miumjau.ee\/?post_type=product&#038;p=57640"},"modified":"2026-04-15T16:23:55","modified_gmt":"2026-04-15T13:23:55","slug":"brit-premium-by-nature-suniuku-konservai-kalakutiena-ir-kepenys-400-g-kopeeri","status":"publish","type":"product","link":"https:\/\/miumjau.ee\/lt\/produktas\/brit-premium-by-nature-suniuku-konservai-kalakutiena-ir-kepenys-400-g-kopeeri\/","title":{"rendered":"Brit Premium by Nature \u0161uniuk\u0173 konservai \u2013 kalakutiena ir kepenys 6&#215;400 g"},"content":{"rendered":"","protected":false},"excerpt":{"rendered":"<p data-start=\"3542\" data-end=\"3628\">Visavertis pa\u0161aras JUNIOR am\u017eiaus \u0161unims vis\u0173 veisli\u0173. M\u0117singas pa\u0161tetas su kepenimis.<\/p>\n<p data-start=\"3630\" data-end=\"3884\">Puikus priedas prie sauso maisto. Gali b\u016bti naudojamas kaip visavertis pa\u0161aras, u\u017ekandis arba skonis sustiprinimui jauniems \u0161unims. Gerina maisto suvartojim\u0105 ir hidratacij\u0105. Sud\u0117tyje yra ramun\u0117li\u0173 jautriam vir\u0161kinimui, la\u0161i\u0161\u0173 aliejaus, vaisi\u0173 ir \u017eoleli\u0173.<\/p>\n<p data-start=\"3886\" data-end=\"4023\"><strong data-start=\"3886\" data-end=\"3928\">Puikus vir\u0161kinamumas ir \u0161velnus skonis<\/strong><br data-start=\"3928\" data-end=\"3931\" \/><strong data-start=\"3931\" data-end=\"3986\">Subalansuotas maistini\u0173 med\u017eiag\u0173 ir vitamin\u0173 kiekis<\/strong><br data-start=\"3986\" data-end=\"3989\" \/><strong data-start=\"3989\" data-end=\"4023\">Be gr\u016bd\u0173 \u2013 be druskos \u2013 be GMO<\/strong><\/p>\n<p data-start=\"4025\" data-end=\"4182\"><strong data-start=\"4025\" data-end=\"4037\">Sud\u0117tis:<\/strong> kalakutiena (36 %), vi\u0161tiena (22 %), kalakut\u0173 kepenys (4 %), d\u017eiovintos ramun\u0117l\u0117s (1 %), \u017eirni\u0173 miltai, lignoceliulioz\u0117, la\u0161i\u0161\u0173 aliejus (0,5 %).<\/p>\n<p data-start=\"4184\" data-end=\"4340\"><strong data-start=\"4184\" data-end=\"4206\">Analitin\u0117 sud\u0117tis:<\/strong> \u017eali baltymai 8,0 %, \u017eali riebalai 5,5 %, l\u0105steliena 0,4 %, pelenai 2,8 %, dr\u0117gm\u0117 78,0 %, kalcis 0,3 %, fosforas 0,3 %, natris 0,5 %.<\/p>\n<p data-start=\"4342\" data-end=\"4582\"><strong data-start=\"4342\" data-end=\"4365\">Maistiniai priedai:<\/strong> vitaminas A (3a672a) 800 TV, vitaminas D3 (E671) 200 TV, vitaminas E (3a700) 100 mg, vitaminas B1 (3a821) 1,3 mg, biotinas (3a880) 0,5 mg, cinkas (3b606) 10 mg, gele\u017eis 6 mg, varis (3b502) 2 mg, jodas (3b201) 0,5 mg.<\/p>\n<p data-start=\"4584\" data-end=\"4627\"><strong data-start=\"4584\" data-end=\"4613\">Metabolizuojama energija:<\/strong> 1010 kcal\/kg.<\/p>\n","protected":false},"featured_media":57671,"template":"","meta":[],"product_brand":[],"product_cat":[539],"product_tag":[],"class_list":{"0":"post-57640","1":"product","2":"type-product","3":"status-publish","4":"has-post-thumbnail","6":"product_cat-slapias-maistas-sunims","8":"first","9":"instock","10":"taxable","11":"shipping-taxable","12":"purchasable","13":"product-type-simple"},"yoast_head":"<!-- This site is optimized with the Yoast SEO plugin v27.2 - https:\/\/yoast.com\/product\/yoast-seo-wordpress\/ -->\n<title>Brit Premium by Nature \u0161uniuk\u0173 konservai \u2013 kalakutiena ir kepenys 6x400 g - MiuMjau<\/title>\n<meta name=\"robots\" content=\"index, follow, max-snippet:-1, max-image-preview:large, max-video-preview:-1\" \/>\n<link rel=\"canonical\" href=\"https:\/\/miumjau.ee\/lt\/produktas\/brit-premium-by-nature-suniuku-konservai-kalakutiena-ir-kepenys-400-g-kopeeri\/\" \/>\n<meta property=\"og:locale\" content=\"lt_LT\" \/>\n<meta property=\"og:type\" content=\"article\" \/>\n<meta property=\"og:title\" content=\"Brit Premium by Nature \u0161uniuk\u0173 konservai \u2013 kalakutiena ir kepenys 6x400 g - MiuMjau\" \/>\n<meta property=\"og:description\" content=\"Visavertis pa\u0161aras JUNIOR am\u017eiaus \u0161unims vis\u0173 veisli\u0173. M\u0117singas pa\u0161tetas su kepenimis. Puikus priedas prie sauso maisto. Gali b\u016bti naudojamas kaip visavertis pa\u0161aras, u\u017ekandis arba skonis sustiprinimui jauniems \u0161unims. Gerina maisto suvartojim\u0105 ir hidratacij\u0105. Sud\u0117tyje yra ramun\u0117li\u0173 jautriam vir\u0161kinimui, la\u0161i\u0161\u0173 aliejaus, vaisi\u0173 ir \u017eoleli\u0173. Puikus vir\u0161kinamumas ir \u0161velnus skonisSubalansuotas maistini\u0173 med\u017eiag\u0173 ir vitamin\u0173 kiekisBe gr\u016bd\u0173 \u2013 be druskos \u2013 be GMO Sud\u0117tis: kalakutiena (36 %), vi\u0161tiena (22 %), kalakut\u0173 kepenys (4 %), d\u017eiovintos ramun\u0117l\u0117s (1 %), \u017eirni\u0173 miltai, lignoceliulioz\u0117, la\u0161i\u0161\u0173 aliejus (0,5 %). Analitin\u0117 sud\u0117tis: \u017eali baltymai 8,0 %, \u017eali riebalai 5,5 %, l\u0105steliena 0,4 %, pelenai 2,8 %, dr\u0117gm\u0117 78,0 %, kalcis 0,3 %, fosforas 0,3 %, natris 0,5 %. Maistiniai priedai: vitaminas A (3a672a) 800 TV, vitaminas D3 (E671) 200 TV, vitaminas E (3a700) 100 mg, vitaminas B1 (3a821) 1,3 mg, biotinas (3a880) 0,5 mg, cinkas (3b606) 10 mg, gele\u017eis 6 mg, varis (3b502) 2 mg, jodas (3b201) 0,5 mg. Metabolizuojama energija: 1010 kcal\/kg.\" \/>\n<meta property=\"og:url\" content=\"https:\/\/miumjau.ee\/lt\/produktas\/brit-premium-by-nature-suniuku-konservai-kalakutiena-ir-kepenys-400-g-kopeeri\/\" \/>\n<meta property=\"og:site_name\" content=\"MiuMjau\" \/>\n<meta property=\"article:publisher\" content=\"https:\/\/www.facebook.com\/miumjaupood\/\" \/>\n<meta property=\"article:modified_time\" content=\"2026-04-15T13:23:55+00:00\" \/>\n<meta property=\"og:image\" content=\"https:\/\/miumjau.ee\/wp-content\/uploads\/2026\/04\/brit-konserv-koertele-turkey-liver.jpg\" \/>\n\t<meta property=\"og:image:width\" content=\"600\" \/>\n\t<meta property=\"og:image:height\" content=\"800\" \/>\n\t<meta property=\"og:image:type\" content=\"image\/jpeg\" \/>\n<meta name=\"twitter:card\" content=\"summary_large_image\" \/>\n<script type=\"application\/ld+json\" class=\"yoast-schema-graph\">{\"@context\":\"https:\/\/schema.org\",\"@graph\":[{\"@type\":\"WebPage\",\"@id\":\"https:\/\/miumjau.ee\/lt\/produktas\/brit-premium-by-nature-suniuku-konservai-kalakutiena-ir-kepenys-400-g-kopeeri\/\",\"url\":\"https:\/\/miumjau.ee\/lt\/produktas\/brit-premium-by-nature-suniuku-konservai-kalakutiena-ir-kepenys-400-g-kopeeri\/\",\"name\":\"Brit Premium by Nature \u0161uniuk\u0173 konservai \u2013 kalakutiena ir kepenys 6x400 g - MiuMjau\",\"isPartOf\":{\"@id\":\"https:\/\/miumjau.ee\/#website\"},\"primaryImageOfPage\":{\"@id\":\"https:\/\/miumjau.ee\/lt\/produktas\/brit-premium-by-nature-suniuku-konservai-kalakutiena-ir-kepenys-400-g-kopeeri\/#primaryimage\"},\"image\":{\"@id\":\"https:\/\/miumjau.ee\/lt\/produktas\/brit-premium-by-nature-suniuku-konservai-kalakutiena-ir-kepenys-400-g-kopeeri\/#primaryimage\"},\"thumbnailUrl\":\"https:\/\/miumjau.ee\/wp-content\/uploads\/2026\/04\/brit-konserv-koertele-turkey-liver.jpg\",\"datePublished\":\"2026-04-15T12:55:35+00:00\",\"dateModified\":\"2026-04-15T13:23:55+00:00\",\"breadcrumb\":{\"@id\":\"https:\/\/miumjau.ee\/lt\/produktas\/brit-premium-by-nature-suniuku-konservai-kalakutiena-ir-kepenys-400-g-kopeeri\/#breadcrumb\"},\"inLanguage\":\"lt-LT\",\"potentialAction\":[{\"@type\":\"ReadAction\",\"target\":[\"https:\/\/miumjau.ee\/lt\/produktas\/brit-premium-by-nature-suniuku-konservai-kalakutiena-ir-kepenys-400-g-kopeeri\/\"]}]},{\"@type\":\"ImageObject\",\"inLanguage\":\"lt-LT\",\"@id\":\"https:\/\/miumjau.ee\/lt\/produktas\/brit-premium-by-nature-suniuku-konservai-kalakutiena-ir-kepenys-400-g-kopeeri\/#primaryimage\",\"url\":\"https:\/\/miumjau.ee\/wp-content\/uploads\/2026\/04\/brit-konserv-koertele-turkey-liver.jpg\",\"contentUrl\":\"https:\/\/miumjau.ee\/wp-content\/uploads\/2026\/04\/brit-konserv-koertele-turkey-liver.jpg\",\"width\":600,\"height\":800,\"caption\":\"Brit Premium by Nature kutsikakonserv kalkuni ja maksaga 6x400g\"},{\"@type\":\"BreadcrumbList\",\"@id\":\"https:\/\/miumjau.ee\/lt\/produktas\/brit-premium-by-nature-suniuku-konservai-kalakutiena-ir-kepenys-400-g-kopeeri\/#breadcrumb\",\"itemListElement\":[{\"@type\":\"ListItem\",\"position\":1,\"name\":\"Home\",\"item\":\"https:\/\/miumjau.ee\/lt\/\"},{\"@type\":\"ListItem\",\"position\":2,\"name\":\"Parduotuv\u0117\",\"item\":\"https:\/\/miumjau.ee\/lt\/parduotuve\/\"},{\"@type\":\"ListItem\",\"position\":3,\"name\":\"Brit Premium by Nature \u0161uniuk\u0173 konservai \u2013 kalakutiena ir kepenys 6&#215;400 g\"}]},{\"@type\":\"WebSite\",\"@id\":\"https:\/\/miumjau.ee\/#website\",\"url\":\"https:\/\/miumjau.ee\/\",\"name\":\"MiuMjau\",\"description\":\"Kraapimispuud kassidele\",\"publisher\":{\"@id\":\"https:\/\/miumjau.ee\/#organization\"},\"potentialAction\":[{\"@type\":\"SearchAction\",\"target\":{\"@type\":\"EntryPoint\",\"urlTemplate\":\"https:\/\/miumjau.ee\/?s={search_term_string}\"},\"query-input\":{\"@type\":\"PropertyValueSpecification\",\"valueRequired\":true,\"valueName\":\"search_term_string\"}}],\"inLanguage\":\"lt-LT\"},{\"@type\":\"Organization\",\"@id\":\"https:\/\/miumjau.ee\/#organization\",\"name\":\"MiuMjau O\u00dc\",\"url\":\"https:\/\/miumjau.ee\/\",\"logo\":{\"@type\":\"ImageObject\",\"inLanguage\":\"lt-LT\",\"@id\":\"https:\/\/miumjau.ee\/#\/schema\/logo\/image\/\",\"url\":\"https:\/\/miumjau.ee\/wp-content\/uploads\/2022\/04\/MiuMjau-logo-kollane.png\",\"contentUrl\":\"https:\/\/miumjau.ee\/wp-content\/uploads\/2022\/04\/MiuMjau-logo-kollane.png\",\"width\":219,\"height\":100,\"caption\":\"MiuMjau O\u00dc\"},\"image\":{\"@id\":\"https:\/\/miumjau.ee\/#\/schema\/logo\/image\/\"},\"sameAs\":[\"https:\/\/www.facebook.com\/miumjaupood\/\"]}]}<\/script>\n<!-- \/ Yoast SEO plugin. -->","yoast_head_json":{"title":"Brit Premium by Nature \u0161uniuk\u0173 konservai \u2013 kalakutiena ir kepenys 6x400 g - MiuMjau","robots":{"index":"index","follow":"follow","max-snippet":"max-snippet:-1","max-image-preview":"max-image-preview:large","max-video-preview":"max-video-preview:-1"},"canonical":"https:\/\/miumjau.ee\/lt\/produktas\/brit-premium-by-nature-suniuku-konservai-kalakutiena-ir-kepenys-400-g-kopeeri\/","og_locale":"lt_LT","og_type":"article","og_title":"Brit Premium by Nature \u0161uniuk\u0173 konservai \u2013 kalakutiena ir kepenys 6x400 g - MiuMjau","og_description":"Visavertis pa\u0161aras JUNIOR am\u017eiaus \u0161unims vis\u0173 veisli\u0173. M\u0117singas pa\u0161tetas su kepenimis. Puikus priedas prie sauso maisto. Gali b\u016bti naudojamas kaip visavertis pa\u0161aras, u\u017ekandis arba skonis sustiprinimui jauniems \u0161unims. Gerina maisto suvartojim\u0105 ir hidratacij\u0105. Sud\u0117tyje yra ramun\u0117li\u0173 jautriam vir\u0161kinimui, la\u0161i\u0161\u0173 aliejaus, vaisi\u0173 ir \u017eoleli\u0173. Puikus vir\u0161kinamumas ir \u0161velnus skonisSubalansuotas maistini\u0173 med\u017eiag\u0173 ir vitamin\u0173 kiekisBe gr\u016bd\u0173 \u2013 be druskos \u2013 be GMO Sud\u0117tis: kalakutiena (36 %), vi\u0161tiena (22 %), kalakut\u0173 kepenys (4 %), d\u017eiovintos ramun\u0117l\u0117s (1 %), \u017eirni\u0173 miltai, lignoceliulioz\u0117, la\u0161i\u0161\u0173 aliejus (0,5 %). Analitin\u0117 sud\u0117tis: \u017eali baltymai 8,0 %, \u017eali riebalai 5,5 %, l\u0105steliena 0,4 %, pelenai 2,8 %, dr\u0117gm\u0117 78,0 %, kalcis 0,3 %, fosforas 0,3 %, natris 0,5 %. Maistiniai priedai: vitaminas A (3a672a) 800 TV, vitaminas D3 (E671) 200 TV, vitaminas E (3a700) 100 mg, vitaminas B1 (3a821) 1,3 mg, biotinas (3a880) 0,5 mg, cinkas (3b606) 10 mg, gele\u017eis 6 mg, varis (3b502) 2 mg, jodas (3b201) 0,5 mg. Metabolizuojama energija: 1010 kcal\/kg.","og_url":"https:\/\/miumjau.ee\/lt\/produktas\/brit-premium-by-nature-suniuku-konservai-kalakutiena-ir-kepenys-400-g-kopeeri\/","og_site_name":"MiuMjau","article_publisher":"https:\/\/www.facebook.com\/miumjaupood\/","article_modified_time":"2026-04-15T13:23:55+00:00","og_image":[{"width":600,"height":800,"url":"https:\/\/miumjau.ee\/wp-content\/uploads\/2026\/04\/brit-konserv-koertele-turkey-liver.jpg","type":"image\/jpeg"}],"twitter_card":"summary_large_image","schema":{"@context":"https:\/\/schema.org","@graph":[{"@type":"WebPage","@id":"https:\/\/miumjau.ee\/lt\/produktas\/brit-premium-by-nature-suniuku-konservai-kalakutiena-ir-kepenys-400-g-kopeeri\/","url":"https:\/\/miumjau.ee\/lt\/produktas\/brit-premium-by-nature-suniuku-konservai-kalakutiena-ir-kepenys-400-g-kopeeri\/","name":"Brit Premium by Nature \u0161uniuk\u0173 konservai \u2013 kalakutiena ir kepenys 6x400 g - MiuMjau","isPartOf":{"@id":"https:\/\/miumjau.ee\/#website"},"primaryImageOfPage":{"@id":"https:\/\/miumjau.ee\/lt\/produktas\/brit-premium-by-nature-suniuku-konservai-kalakutiena-ir-kepenys-400-g-kopeeri\/#primaryimage"},"image":{"@id":"https:\/\/miumjau.ee\/lt\/produktas\/brit-premium-by-nature-suniuku-konservai-kalakutiena-ir-kepenys-400-g-kopeeri\/#primaryimage"},"thumbnailUrl":"https:\/\/miumjau.ee\/wp-content\/uploads\/2026\/04\/brit-konserv-koertele-turkey-liver.jpg","datePublished":"2026-04-15T12:55:35+00:00","dateModified":"2026-04-15T13:23:55+00:00","breadcrumb":{"@id":"https:\/\/miumjau.ee\/lt\/produktas\/brit-premium-by-nature-suniuku-konservai-kalakutiena-ir-kepenys-400-g-kopeeri\/#breadcrumb"},"inLanguage":"lt-LT","potentialAction":[{"@type":"ReadAction","target":["https:\/\/miumjau.ee\/lt\/produktas\/brit-premium-by-nature-suniuku-konservai-kalakutiena-ir-kepenys-400-g-kopeeri\/"]}]},{"@type":"ImageObject","inLanguage":"lt-LT","@id":"https:\/\/miumjau.ee\/lt\/produktas\/brit-premium-by-nature-suniuku-konservai-kalakutiena-ir-kepenys-400-g-kopeeri\/#primaryimage","url":"https:\/\/miumjau.ee\/wp-content\/uploads\/2026\/04\/brit-konserv-koertele-turkey-liver.jpg","contentUrl":"https:\/\/miumjau.ee\/wp-content\/uploads\/2026\/04\/brit-konserv-koertele-turkey-liver.jpg","width":600,"height":800,"caption":"Brit Premium by Nature kutsikakonserv kalkuni ja maksaga 6x400g"},{"@type":"BreadcrumbList","@id":"https:\/\/miumjau.ee\/lt\/produktas\/brit-premium-by-nature-suniuku-konservai-kalakutiena-ir-kepenys-400-g-kopeeri\/#breadcrumb","itemListElement":[{"@type":"ListItem","position":1,"name":"Home","item":"https:\/\/miumjau.ee\/lt\/"},{"@type":"ListItem","position":2,"name":"Parduotuv\u0117","item":"https:\/\/miumjau.ee\/lt\/parduotuve\/"},{"@type":"ListItem","position":3,"name":"Brit Premium by Nature \u0161uniuk\u0173 konservai \u2013 kalakutiena ir kepenys 6&#215;400 g"}]},{"@type":"WebSite","@id":"https:\/\/miumjau.ee\/#website","url":"https:\/\/miumjau.ee\/","name":"MiuMjau","description":"Kraapimispuud kassidele","publisher":{"@id":"https:\/\/miumjau.ee\/#organization"},"potentialAction":[{"@type":"SearchAction","target":{"@type":"EntryPoint","urlTemplate":"https:\/\/miumjau.ee\/?s={search_term_string}"},"query-input":{"@type":"PropertyValueSpecification","valueRequired":true,"valueName":"search_term_string"}}],"inLanguage":"lt-LT"},{"@type":"Organization","@id":"https:\/\/miumjau.ee\/#organization","name":"MiuMjau O\u00dc","url":"https:\/\/miumjau.ee\/","logo":{"@type":"ImageObject","inLanguage":"lt-LT","@id":"https:\/\/miumjau.ee\/#\/schema\/logo\/image\/","url":"https:\/\/miumjau.ee\/wp-content\/uploads\/2022\/04\/MiuMjau-logo-kollane.png","contentUrl":"https:\/\/miumjau.ee\/wp-content\/uploads\/2022\/04\/MiuMjau-logo-kollane.png","width":219,"height":100,"caption":"MiuMjau O\u00dc"},"image":{"@id":"https:\/\/miumjau.ee\/#\/schema\/logo\/image\/"},"sameAs":["https:\/\/www.facebook.com\/miumjaupood\/"]}]}},"_links":{"self":[{"href":"https:\/\/miumjau.ee\/lt\/wp-json\/wp\/v2\/product\/57640","targetHints":{"allow":["GET"]}}],"collection":[{"href":"https:\/\/miumjau.ee\/lt\/wp-json\/wp\/v2\/product"}],"about":[{"href":"https:\/\/miumjau.ee\/lt\/wp-json\/wp\/v2\/types\/product"}],"wp:featuredmedia":[{"embeddable":true,"href":"https:\/\/miumjau.ee\/lt\/wp-json\/wp\/v2\/media\/57671"}],"wp:attachment":[{"href":"https:\/\/miumjau.ee\/lt\/wp-json\/wp\/v2\/media?parent=57640"}],"wp:term":[{"taxonomy":"product_brand","embeddable":true,"href":"https:\/\/miumjau.ee\/lt\/wp-json\/wp\/v2\/product_brand?post=57640"},{"taxonomy":"product_cat","embeddable":true,"href":"https:\/\/miumjau.ee\/lt\/wp-json\/wp\/v2\/product_cat?post=57640"},{"taxonomy":"product_tag","embeddable":true,"href":"https:\/\/miumjau.ee\/lt\/wp-json\/wp\/v2\/product_tag?post=57640"}],"curies":[{"name":"wp","href":"https:\/\/api.w.org\/{rel}","templated":true}]}}