{"id":56229,"date":"2024-11-06T14:52:54","date_gmt":"2024-11-06T12:52:54","guid":{"rendered":"https:\/\/miumjau.ee\/toode\/aatas-cat-tantalizing-dregnas-pasaras-katems-su-tunu-ir-tilapija-80-g\/"},"modified":"2024-11-06T14:52:54","modified_gmt":"2024-11-06T12:52:54","slug":"aatas-cat-tantalizing-dregnas-pasaras-katems-su-tunu-ir-tilapija-80-g","status":"publish","type":"product","link":"https:\/\/miumjau.ee\/lt\/produktas\/aatas-cat-tantalizing-dregnas-pasaras-katems-su-tunu-ir-tilapija-80-g\/","title":{"rendered":"Aatas Cat Tantalizing dr\u0117gnas pa\u0161aras kat\u0117ms su tunu ir tilapija, 80 g"},"content":{"rendered":"","protected":false},"excerpt":{"rendered":"<p data-start=\"739\" data-end=\"837\">Sveikas ir itin kruop\u0161\u010diai sukurtas dr\u0117gnas pa\u0161aras kat\u0117ms. Puikus pasirinkimas sveikai mitybai.<\/p>\n<ul data-start=\"839\" data-end=\"964\">\n<li data-section-id=\"1kvevsc\" data-start=\"839\" data-end=\"875\">Ma\u017eas riebal\u0173 ir kalorij\u0173 kiekis<\/li>\n<li data-section-id=\"zaoew0\" data-start=\"876\" data-end=\"913\">Patinka net i\u0161rankiausioms kat\u0117ms<\/li>\n<li data-section-id=\"168xbj1\" data-start=\"914\" data-end=\"934\">Nesud\u0117tyje gr\u016bd\u0173<\/li>\n<li data-section-id=\"1q16ef3\" data-start=\"935\" data-end=\"953\">Be konservant\u0173<\/li>\n<li data-section-id=\"2odglm\" data-start=\"954\" data-end=\"964\">Be GMO<\/li>\n<\/ul>\n<p data-start=\"966\" data-end=\"1025\"><strong data-start=\"966\" data-end=\"978\">Sud\u0117tis:<\/strong> tuno sultinys, tunas, tilapija, tir\u0161tikliai.<\/p>\n<p data-start=\"1027\" data-end=\"1083\"><strong data-start=\"1027\" data-end=\"1048\">Energetin\u0117 vert\u0117:<\/strong> 480 kcal\/kg, 38,4 kcal\/konservas<\/p>\n<p data-start=\"1085\" data-end=\"1108\"><strong data-start=\"1085\" data-end=\"1106\">Sud\u0117ties analiz\u0117:<\/strong><\/p>\n<ul data-start=\"1109\" data-end=\"1243\" data-is-last-node=\"\" data-is-only-node=\"\">\n<li data-section-id=\"17y7ao4\" data-start=\"1109\" data-end=\"1138\">\u017dali baltymai (min) 11,0%<\/li>\n<li data-section-id=\"ytqj60\" data-start=\"1139\" data-end=\"1167\">\u017dali riebalai (min) 2,0%<\/li>\n<li data-section-id=\"6303sb\" data-start=\"1168\" data-end=\"1199\">\u017dalia l\u0105steliena (max) 0,3%<\/li>\n<li data-section-id=\"gyqgvq\" data-start=\"1200\" data-end=\"1222\">Dr\u0117gm\u0117 (max) 86,0%<\/li>\n<li data-section-id=\"1mde13j\" data-start=\"1223\" data-end=\"1243\" data-is-last-node=\"\">Pelenai (max) 1,0%<\/li>\n<\/ul>\n","protected":false},"featured_media":41295,"template":"","meta":[],"product_brand":[],"product_cat":[526],"product_tag":[],"class_list":{"0":"post-56229","1":"product","2":"type-product","3":"status-publish","4":"has-post-thumbnail","6":"product_cat-slapias-maistas","8":"first","9":"instock","10":"taxable","11":"shipping-taxable","12":"purchasable","13":"product-type-simple"},"yoast_head":"<!-- This site is optimized with the Yoast SEO plugin v27.4 - https:\/\/yoast.com\/product\/yoast-seo-wordpress\/ -->\n<title>Aatas Cat Tantalizing dr\u0117gnas pa\u0161aras kat\u0117ms su tunu ir tilapija, 80 g - MiuMjau<\/title>\n<meta name=\"robots\" content=\"index, follow, max-snippet:-1, max-image-preview:large, max-video-preview:-1\" \/>\n<link rel=\"canonical\" href=\"https:\/\/miumjau.ee\/lt\/produktas\/aatas-cat-tantalizing-dregnas-pasaras-katems-su-tunu-ir-tilapija-80-g\/\" \/>\n<meta property=\"og:locale\" content=\"lt_LT\" \/>\n<meta property=\"og:type\" content=\"article\" \/>\n<meta property=\"og:title\" content=\"Aatas Cat Tantalizing dr\u0117gnas pa\u0161aras kat\u0117ms su tunu ir tilapija, 80 g - MiuMjau\" \/>\n<meta property=\"og:description\" content=\"Sveikas ir itin kruop\u0161\u010diai sukurtas dr\u0117gnas pa\u0161aras kat\u0117ms. Puikus pasirinkimas sveikai mitybai.    Ma\u017eas riebal\u0173 ir kalorij\u0173 kiekis  Patinka net i\u0161rankiausioms kat\u0117ms  Nesud\u0117tyje gr\u016bd\u0173  Be konservant\u0173  Be GMO  Sud\u0117tis: tuno sultinys, tunas, tilapija, tir\u0161tikliai. Energetin\u0117 vert\u0117: 480 kcal\/kg, 38,4 kcal\/konservas Sud\u0117ties analiz\u0117:    \u017dali baltymai (min) 11,0%  \u017dali riebalai (min) 2,0%  \u017dalia l\u0105steliena (max) 0,3%  Dr\u0117gm\u0117 (max) 86,0%  Pelenai (max) 1,0%\" \/>\n<meta property=\"og:url\" content=\"https:\/\/miumjau.ee\/lt\/produktas\/aatas-cat-tantalizing-dregnas-pasaras-katems-su-tunu-ir-tilapija-80-g\/\" \/>\n<meta property=\"og:site_name\" content=\"MiuMjau\" \/>\n<meta property=\"article:publisher\" content=\"https:\/\/www.facebook.com\/miumjaupood\/\" \/>\n<meta property=\"og:image\" content=\"https:\/\/miumjau.ee\/wp-content\/uploads\/2024\/11\/aatas-tantalizing-konserv-kassidele3.jpg\" \/>\n\t<meta property=\"og:image:width\" content=\"600\" \/>\n\t<meta property=\"og:image:height\" content=\"800\" \/>\n\t<meta property=\"og:image:type\" content=\"image\/jpeg\" \/>\n<meta name=\"twitter:card\" content=\"summary_large_image\" \/>\n<script type=\"application\/ld+json\" class=\"yoast-schema-graph\">{\"@context\":\"https:\\\/\\\/schema.org\",\"@graph\":[{\"@type\":\"WebPage\",\"@id\":\"https:\\\/\\\/miumjau.ee\\\/lt\\\/produktas\\\/aatas-cat-tantalizing-dregnas-pasaras-katems-su-tunu-ir-tilapija-80-g\\\/\",\"url\":\"https:\\\/\\\/miumjau.ee\\\/lt\\\/produktas\\\/aatas-cat-tantalizing-dregnas-pasaras-katems-su-tunu-ir-tilapija-80-g\\\/\",\"name\":\"Aatas Cat Tantalizing dr\u0117gnas pa\u0161aras kat\u0117ms su tunu ir tilapija, 80 g - MiuMjau\",\"isPartOf\":{\"@id\":\"https:\\\/\\\/miumjau.ee\\\/#website\"},\"primaryImageOfPage\":{\"@id\":\"https:\\\/\\\/miumjau.ee\\\/lt\\\/produktas\\\/aatas-cat-tantalizing-dregnas-pasaras-katems-su-tunu-ir-tilapija-80-g\\\/#primaryimage\"},\"image\":{\"@id\":\"https:\\\/\\\/miumjau.ee\\\/lt\\\/produktas\\\/aatas-cat-tantalizing-dregnas-pasaras-katems-su-tunu-ir-tilapija-80-g\\\/#primaryimage\"},\"thumbnailUrl\":\"https:\\\/\\\/miumjau.ee\\\/wp-content\\\/uploads\\\/2024\\\/11\\\/aatas-tantalizing-konserv-kassidele3.jpg\",\"datePublished\":\"2024-11-06T12:52:54+00:00\",\"breadcrumb\":{\"@id\":\"https:\\\/\\\/miumjau.ee\\\/lt\\\/produktas\\\/aatas-cat-tantalizing-dregnas-pasaras-katems-su-tunu-ir-tilapija-80-g\\\/#breadcrumb\"},\"inLanguage\":\"lt-LT\",\"potentialAction\":[{\"@type\":\"ReadAction\",\"target\":[\"https:\\\/\\\/miumjau.ee\\\/lt\\\/produktas\\\/aatas-cat-tantalizing-dregnas-pasaras-katems-su-tunu-ir-tilapija-80-g\\\/\"]}]},{\"@type\":\"ImageObject\",\"inLanguage\":\"lt-LT\",\"@id\":\"https:\\\/\\\/miumjau.ee\\\/lt\\\/produktas\\\/aatas-cat-tantalizing-dregnas-pasaras-katems-su-tunu-ir-tilapija-80-g\\\/#primaryimage\",\"url\":\"https:\\\/\\\/miumjau.ee\\\/wp-content\\\/uploads\\\/2024\\\/11\\\/aatas-tantalizing-konserv-kassidele3.jpg\",\"contentUrl\":\"https:\\\/\\\/miumjau.ee\\\/wp-content\\\/uploads\\\/2024\\\/11\\\/aatas-tantalizing-konserv-kassidele3.jpg\",\"width\":600,\"height\":800,\"caption\":\"Aatas Cat Tantalizing m\u00e4rgtoit tuunikala ja tilaapiaga 80 g\"},{\"@type\":\"BreadcrumbList\",\"@id\":\"https:\\\/\\\/miumjau.ee\\\/lt\\\/produktas\\\/aatas-cat-tantalizing-dregnas-pasaras-katems-su-tunu-ir-tilapija-80-g\\\/#breadcrumb\",\"itemListElement\":[{\"@type\":\"ListItem\",\"position\":1,\"name\":\"Home\",\"item\":\"https:\\\/\\\/miumjau.ee\\\/lt\\\/\"},{\"@type\":\"ListItem\",\"position\":2,\"name\":\"Parduotuv\u0117\",\"item\":\"https:\\\/\\\/miumjau.ee\\\/lt\\\/parduotuve\\\/\"},{\"@type\":\"ListItem\",\"position\":3,\"name\":\"Aatas Cat Tantalizing dr\u0117gnas pa\u0161aras kat\u0117ms su tunu ir tilapija, 80 g\"}]},{\"@type\":\"WebSite\",\"@id\":\"https:\\\/\\\/miumjau.ee\\\/#website\",\"url\":\"https:\\\/\\\/miumjau.ee\\\/\",\"name\":\"MiuMjau\",\"description\":\"Kraapimispuud kassidele\",\"publisher\":{\"@id\":\"https:\\\/\\\/miumjau.ee\\\/#organization\"},\"potentialAction\":[{\"@type\":\"SearchAction\",\"target\":{\"@type\":\"EntryPoint\",\"urlTemplate\":\"https:\\\/\\\/miumjau.ee\\\/?s={search_term_string}\"},\"query-input\":{\"@type\":\"PropertyValueSpecification\",\"valueRequired\":true,\"valueName\":\"search_term_string\"}}],\"inLanguage\":\"lt-LT\"},{\"@type\":\"Organization\",\"@id\":\"https:\\\/\\\/miumjau.ee\\\/#organization\",\"name\":\"MiuMjau O\u00dc\",\"url\":\"https:\\\/\\\/miumjau.ee\\\/\",\"logo\":{\"@type\":\"ImageObject\",\"inLanguage\":\"lt-LT\",\"@id\":\"https:\\\/\\\/miumjau.ee\\\/#\\\/schema\\\/logo\\\/image\\\/\",\"url\":\"https:\\\/\\\/miumjau.ee\\\/wp-content\\\/uploads\\\/2022\\\/04\\\/MiuMjau-logo-kollane.png\",\"contentUrl\":\"https:\\\/\\\/miumjau.ee\\\/wp-content\\\/uploads\\\/2022\\\/04\\\/MiuMjau-logo-kollane.png\",\"width\":219,\"height\":100,\"caption\":\"MiuMjau O\u00dc\"},\"image\":{\"@id\":\"https:\\\/\\\/miumjau.ee\\\/#\\\/schema\\\/logo\\\/image\\\/\"},\"sameAs\":[\"https:\\\/\\\/www.facebook.com\\\/miumjaupood\\\/\"]}]}<\/script>\n<!-- \/ Yoast SEO plugin. -->","yoast_head_json":{"title":"Aatas Cat Tantalizing dr\u0117gnas pa\u0161aras kat\u0117ms su tunu ir tilapija, 80 g - MiuMjau","robots":{"index":"index","follow":"follow","max-snippet":"max-snippet:-1","max-image-preview":"max-image-preview:large","max-video-preview":"max-video-preview:-1"},"canonical":"https:\/\/miumjau.ee\/lt\/produktas\/aatas-cat-tantalizing-dregnas-pasaras-katems-su-tunu-ir-tilapija-80-g\/","og_locale":"lt_LT","og_type":"article","og_title":"Aatas Cat Tantalizing dr\u0117gnas pa\u0161aras kat\u0117ms su tunu ir tilapija, 80 g - MiuMjau","og_description":"Sveikas ir itin kruop\u0161\u010diai sukurtas dr\u0117gnas pa\u0161aras kat\u0117ms. Puikus pasirinkimas sveikai mitybai.    Ma\u017eas riebal\u0173 ir kalorij\u0173 kiekis  Patinka net i\u0161rankiausioms kat\u0117ms  Nesud\u0117tyje gr\u016bd\u0173  Be konservant\u0173  Be GMO  Sud\u0117tis: tuno sultinys, tunas, tilapija, tir\u0161tikliai. Energetin\u0117 vert\u0117: 480 kcal\/kg, 38,4 kcal\/konservas Sud\u0117ties analiz\u0117:    \u017dali baltymai (min) 11,0%  \u017dali riebalai (min) 2,0%  \u017dalia l\u0105steliena (max) 0,3%  Dr\u0117gm\u0117 (max) 86,0%  Pelenai (max) 1,0%","og_url":"https:\/\/miumjau.ee\/lt\/produktas\/aatas-cat-tantalizing-dregnas-pasaras-katems-su-tunu-ir-tilapija-80-g\/","og_site_name":"MiuMjau","article_publisher":"https:\/\/www.facebook.com\/miumjaupood\/","og_image":[{"width":600,"height":800,"url":"https:\/\/miumjau.ee\/wp-content\/uploads\/2024\/11\/aatas-tantalizing-konserv-kassidele3.jpg","type":"image\/jpeg"}],"twitter_card":"summary_large_image","schema":{"@context":"https:\/\/schema.org","@graph":[{"@type":"WebPage","@id":"https:\/\/miumjau.ee\/lt\/produktas\/aatas-cat-tantalizing-dregnas-pasaras-katems-su-tunu-ir-tilapija-80-g\/","url":"https:\/\/miumjau.ee\/lt\/produktas\/aatas-cat-tantalizing-dregnas-pasaras-katems-su-tunu-ir-tilapija-80-g\/","name":"Aatas Cat Tantalizing dr\u0117gnas pa\u0161aras kat\u0117ms su tunu ir tilapija, 80 g - MiuMjau","isPartOf":{"@id":"https:\/\/miumjau.ee\/#website"},"primaryImageOfPage":{"@id":"https:\/\/miumjau.ee\/lt\/produktas\/aatas-cat-tantalizing-dregnas-pasaras-katems-su-tunu-ir-tilapija-80-g\/#primaryimage"},"image":{"@id":"https:\/\/miumjau.ee\/lt\/produktas\/aatas-cat-tantalizing-dregnas-pasaras-katems-su-tunu-ir-tilapija-80-g\/#primaryimage"},"thumbnailUrl":"https:\/\/miumjau.ee\/wp-content\/uploads\/2024\/11\/aatas-tantalizing-konserv-kassidele3.jpg","datePublished":"2024-11-06T12:52:54+00:00","breadcrumb":{"@id":"https:\/\/miumjau.ee\/lt\/produktas\/aatas-cat-tantalizing-dregnas-pasaras-katems-su-tunu-ir-tilapija-80-g\/#breadcrumb"},"inLanguage":"lt-LT","potentialAction":[{"@type":"ReadAction","target":["https:\/\/miumjau.ee\/lt\/produktas\/aatas-cat-tantalizing-dregnas-pasaras-katems-su-tunu-ir-tilapija-80-g\/"]}]},{"@type":"ImageObject","inLanguage":"lt-LT","@id":"https:\/\/miumjau.ee\/lt\/produktas\/aatas-cat-tantalizing-dregnas-pasaras-katems-su-tunu-ir-tilapija-80-g\/#primaryimage","url":"https:\/\/miumjau.ee\/wp-content\/uploads\/2024\/11\/aatas-tantalizing-konserv-kassidele3.jpg","contentUrl":"https:\/\/miumjau.ee\/wp-content\/uploads\/2024\/11\/aatas-tantalizing-konserv-kassidele3.jpg","width":600,"height":800,"caption":"Aatas Cat Tantalizing m\u00e4rgtoit tuunikala ja tilaapiaga 80 g"},{"@type":"BreadcrumbList","@id":"https:\/\/miumjau.ee\/lt\/produktas\/aatas-cat-tantalizing-dregnas-pasaras-katems-su-tunu-ir-tilapija-80-g\/#breadcrumb","itemListElement":[{"@type":"ListItem","position":1,"name":"Home","item":"https:\/\/miumjau.ee\/lt\/"},{"@type":"ListItem","position":2,"name":"Parduotuv\u0117","item":"https:\/\/miumjau.ee\/lt\/parduotuve\/"},{"@type":"ListItem","position":3,"name":"Aatas Cat Tantalizing dr\u0117gnas pa\u0161aras kat\u0117ms su tunu ir tilapija, 80 g"}]},{"@type":"WebSite","@id":"https:\/\/miumjau.ee\/#website","url":"https:\/\/miumjau.ee\/","name":"MiuMjau","description":"Kraapimispuud kassidele","publisher":{"@id":"https:\/\/miumjau.ee\/#organization"},"potentialAction":[{"@type":"SearchAction","target":{"@type":"EntryPoint","urlTemplate":"https:\/\/miumjau.ee\/?s={search_term_string}"},"query-input":{"@type":"PropertyValueSpecification","valueRequired":true,"valueName":"search_term_string"}}],"inLanguage":"lt-LT"},{"@type":"Organization","@id":"https:\/\/miumjau.ee\/#organization","name":"MiuMjau O\u00dc","url":"https:\/\/miumjau.ee\/","logo":{"@type":"ImageObject","inLanguage":"lt-LT","@id":"https:\/\/miumjau.ee\/#\/schema\/logo\/image\/","url":"https:\/\/miumjau.ee\/wp-content\/uploads\/2022\/04\/MiuMjau-logo-kollane.png","contentUrl":"https:\/\/miumjau.ee\/wp-content\/uploads\/2022\/04\/MiuMjau-logo-kollane.png","width":219,"height":100,"caption":"MiuMjau O\u00dc"},"image":{"@id":"https:\/\/miumjau.ee\/#\/schema\/logo\/image\/"},"sameAs":["https:\/\/www.facebook.com\/miumjaupood\/"]}]}},"_links":{"self":[{"href":"https:\/\/miumjau.ee\/lt\/wp-json\/wp\/v2\/product\/56229","targetHints":{"allow":["GET"]}}],"collection":[{"href":"https:\/\/miumjau.ee\/lt\/wp-json\/wp\/v2\/product"}],"about":[{"href":"https:\/\/miumjau.ee\/lt\/wp-json\/wp\/v2\/types\/product"}],"wp:featuredmedia":[{"embeddable":true,"href":"https:\/\/miumjau.ee\/lt\/wp-json\/wp\/v2\/media\/41295"}],"wp:attachment":[{"href":"https:\/\/miumjau.ee\/lt\/wp-json\/wp\/v2\/media?parent=56229"}],"wp:term":[{"taxonomy":"product_brand","embeddable":true,"href":"https:\/\/miumjau.ee\/lt\/wp-json\/wp\/v2\/product_brand?post=56229"},{"taxonomy":"product_cat","embeddable":true,"href":"https:\/\/miumjau.ee\/lt\/wp-json\/wp\/v2\/product_cat?post=56229"},{"taxonomy":"product_tag","embeddable":true,"href":"https:\/\/miumjau.ee\/lt\/wp-json\/wp\/v2\/product_tag?post=56229"}],"curies":[{"name":"wp","href":"https:\/\/api.w.org\/{rel}","templated":true}]}}