{"id":56227,"date":"2024-11-06T14:50:22","date_gmt":"2024-11-06T12:50:22","guid":{"rendered":"https:\/\/miumjau.ee\/toode\/aatas-cat-tantalizing-dregnas-pasaras-katems-su-tunu-ir-lasisa-80-g\/"},"modified":"2024-11-06T14:50:22","modified_gmt":"2024-11-06T12:50:22","slug":"aatas-cat-tantalizing-dregnas-pasaras-katems-su-tunu-ir-lasisa-80-g","status":"publish","type":"product","link":"https:\/\/miumjau.ee\/lt\/produktas\/aatas-cat-tantalizing-dregnas-pasaras-katems-su-tunu-ir-lasisa-80-g\/","title":{"rendered":"Aatas Cat Tantalizing dr\u0117gnas pa\u0161aras kat\u0117ms su tunu ir la\u0161i\u0161a, 80 g"},"content":{"rendered":"","protected":false},"excerpt":{"rendered":"<p data-start=\"790\" data-end=\"903\">J\u016bs\u0173 kat\u0117 tikrai m\u0117gausis ekologi\u0161kai sugauto tuno \u0161vie\u017eumu ir l\u0117tai virtais la\u0161i\u0161os gabal\u0117liais gausioje \u017eel\u0117.<\/p>\n<p data-start=\"905\" data-end=\"1027\">\u0160ie skan\u016bs konservai pagaminti i\u0161 nat\u016brali\u0173 ingredient\u0173, be gr\u016bd\u0173, dirbtini\u0173 da\u017eikli\u0173, skonio stiprikli\u0173 ar konservant\u0173.<\/p>\n<p data-start=\"1029\" data-end=\"1175\"><strong data-start=\"1029\" data-end=\"1041\">Sud\u0117tis:<\/strong> tuno sultinys, tunas, la\u0161i\u0161a, tir\u0161tikliai (j\u016bros dumbliai, kasijos derva, guar derva, karobo derva, kalio chloridas ir karbonatai).<\/p>\n<p data-start=\"1177\" data-end=\"1200\"><strong data-start=\"1177\" data-end=\"1198\">Sud\u0117ties analiz\u0117:<\/strong><\/p>\n<ul data-start=\"1201\" data-end=\"1335\" data-is-last-node=\"\" data-is-only-node=\"\">\n<li data-section-id=\"18k4t45\" data-start=\"1201\" data-end=\"1230\">\u017dali baltymai (min) 10,0%<\/li>\n<li data-section-id=\"104bdm1\" data-start=\"1231\" data-end=\"1259\">\u017dali riebalai (min) 0,3%<\/li>\n<li data-section-id=\"6ovazt\" data-start=\"1260\" data-end=\"1291\">\u017dalia l\u0105steliena (max) 1,0%<\/li>\n<li data-section-id=\"1s44itp\" data-start=\"1292\" data-end=\"1314\">Pelenai (max) 3,0%<\/li>\n<li data-section-id=\"se3bt\" data-start=\"1315\" data-end=\"1335\" data-is-last-node=\"\">Dr\u0117gm\u0117 (max) 89,0%<\/li>\n<\/ul>\n","protected":false},"featured_media":41294,"template":"","meta":[],"product_brand":[],"product_cat":[526],"product_tag":[],"class_list":{"0":"post-56227","1":"product","2":"type-product","3":"status-publish","4":"has-post-thumbnail","6":"product_cat-slapias-maistas","8":"first","9":"instock","10":"taxable","11":"shipping-taxable","12":"purchasable","13":"product-type-simple"},"yoast_head":"<!-- This site is optimized with the Yoast SEO plugin v27.4 - https:\/\/yoast.com\/product\/yoast-seo-wordpress\/ -->\n<title>Aatas Cat Tantalizing dr\u0117gnas pa\u0161aras kat\u0117ms su tunu ir la\u0161i\u0161a, 80 g - MiuMjau<\/title>\n<meta name=\"robots\" content=\"index, follow, max-snippet:-1, max-image-preview:large, max-video-preview:-1\" \/>\n<link rel=\"canonical\" href=\"https:\/\/miumjau.ee\/lt\/produktas\/aatas-cat-tantalizing-dregnas-pasaras-katems-su-tunu-ir-lasisa-80-g\/\" \/>\n<meta property=\"og:locale\" content=\"lt_LT\" \/>\n<meta property=\"og:type\" content=\"article\" \/>\n<meta property=\"og:title\" content=\"Aatas Cat Tantalizing dr\u0117gnas pa\u0161aras kat\u0117ms su tunu ir la\u0161i\u0161a, 80 g - MiuMjau\" \/>\n<meta property=\"og:description\" content=\"J\u016bs\u0173 kat\u0117 tikrai m\u0117gausis ekologi\u0161kai sugauto tuno \u0161vie\u017eumu ir l\u0117tai virtais la\u0161i\u0161os gabal\u0117liais gausioje \u017eel\u0117. \u0160ie skan\u016bs konservai pagaminti i\u0161 nat\u016brali\u0173 ingredient\u0173, be gr\u016bd\u0173, dirbtini\u0173 da\u017eikli\u0173, skonio stiprikli\u0173 ar konservant\u0173. Sud\u0117tis: tuno sultinys, tunas, la\u0161i\u0161a, tir\u0161tikliai (j\u016bros dumbliai, kasijos derva, guar derva, karobo derva, kalio chloridas ir karbonatai). Sud\u0117ties analiz\u0117:    \u017dali baltymai (min) 10,0%  \u017dali riebalai (min) 0,3%  \u017dalia l\u0105steliena (max) 1,0%  Pelenai (max) 3,0%  Dr\u0117gm\u0117 (max) 89,0%\" \/>\n<meta property=\"og:url\" content=\"https:\/\/miumjau.ee\/lt\/produktas\/aatas-cat-tantalizing-dregnas-pasaras-katems-su-tunu-ir-lasisa-80-g\/\" \/>\n<meta property=\"og:site_name\" content=\"MiuMjau\" \/>\n<meta property=\"article:publisher\" content=\"https:\/\/www.facebook.com\/miumjaupood\/\" \/>\n<meta property=\"og:image\" content=\"https:\/\/miumjau.ee\/wp-content\/uploads\/2024\/11\/aatas-tantalizing-konserv-kassidele4.jpg\" \/>\n\t<meta property=\"og:image:width\" content=\"600\" \/>\n\t<meta property=\"og:image:height\" content=\"800\" \/>\n\t<meta property=\"og:image:type\" content=\"image\/jpeg\" \/>\n<meta name=\"twitter:card\" content=\"summary_large_image\" \/>\n<script type=\"application\/ld+json\" class=\"yoast-schema-graph\">{\"@context\":\"https:\\\/\\\/schema.org\",\"@graph\":[{\"@type\":\"WebPage\",\"@id\":\"https:\\\/\\\/miumjau.ee\\\/lt\\\/produktas\\\/aatas-cat-tantalizing-dregnas-pasaras-katems-su-tunu-ir-lasisa-80-g\\\/\",\"url\":\"https:\\\/\\\/miumjau.ee\\\/lt\\\/produktas\\\/aatas-cat-tantalizing-dregnas-pasaras-katems-su-tunu-ir-lasisa-80-g\\\/\",\"name\":\"Aatas Cat Tantalizing dr\u0117gnas pa\u0161aras kat\u0117ms su tunu ir la\u0161i\u0161a, 80 g - MiuMjau\",\"isPartOf\":{\"@id\":\"https:\\\/\\\/miumjau.ee\\\/#website\"},\"primaryImageOfPage\":{\"@id\":\"https:\\\/\\\/miumjau.ee\\\/lt\\\/produktas\\\/aatas-cat-tantalizing-dregnas-pasaras-katems-su-tunu-ir-lasisa-80-g\\\/#primaryimage\"},\"image\":{\"@id\":\"https:\\\/\\\/miumjau.ee\\\/lt\\\/produktas\\\/aatas-cat-tantalizing-dregnas-pasaras-katems-su-tunu-ir-lasisa-80-g\\\/#primaryimage\"},\"thumbnailUrl\":\"https:\\\/\\\/miumjau.ee\\\/wp-content\\\/uploads\\\/2024\\\/11\\\/aatas-tantalizing-konserv-kassidele4.jpg\",\"datePublished\":\"2024-11-06T12:50:22+00:00\",\"breadcrumb\":{\"@id\":\"https:\\\/\\\/miumjau.ee\\\/lt\\\/produktas\\\/aatas-cat-tantalizing-dregnas-pasaras-katems-su-tunu-ir-lasisa-80-g\\\/#breadcrumb\"},\"inLanguage\":\"lt-LT\",\"potentialAction\":[{\"@type\":\"ReadAction\",\"target\":[\"https:\\\/\\\/miumjau.ee\\\/lt\\\/produktas\\\/aatas-cat-tantalizing-dregnas-pasaras-katems-su-tunu-ir-lasisa-80-g\\\/\"]}]},{\"@type\":\"ImageObject\",\"inLanguage\":\"lt-LT\",\"@id\":\"https:\\\/\\\/miumjau.ee\\\/lt\\\/produktas\\\/aatas-cat-tantalizing-dregnas-pasaras-katems-su-tunu-ir-lasisa-80-g\\\/#primaryimage\",\"url\":\"https:\\\/\\\/miumjau.ee\\\/wp-content\\\/uploads\\\/2024\\\/11\\\/aatas-tantalizing-konserv-kassidele4.jpg\",\"contentUrl\":\"https:\\\/\\\/miumjau.ee\\\/wp-content\\\/uploads\\\/2024\\\/11\\\/aatas-tantalizing-konserv-kassidele4.jpg\",\"width\":600,\"height\":800,\"caption\":\"Aatas Cat Tantalizing m\u00e4rgtoit tuunikala ja l\u00f5hega 80 g\"},{\"@type\":\"BreadcrumbList\",\"@id\":\"https:\\\/\\\/miumjau.ee\\\/lt\\\/produktas\\\/aatas-cat-tantalizing-dregnas-pasaras-katems-su-tunu-ir-lasisa-80-g\\\/#breadcrumb\",\"itemListElement\":[{\"@type\":\"ListItem\",\"position\":1,\"name\":\"Home\",\"item\":\"https:\\\/\\\/miumjau.ee\\\/lt\\\/\"},{\"@type\":\"ListItem\",\"position\":2,\"name\":\"Parduotuv\u0117\",\"item\":\"https:\\\/\\\/miumjau.ee\\\/lt\\\/parduotuve\\\/\"},{\"@type\":\"ListItem\",\"position\":3,\"name\":\"Aatas Cat Tantalizing dr\u0117gnas pa\u0161aras kat\u0117ms su tunu ir la\u0161i\u0161a, 80 g\"}]},{\"@type\":\"WebSite\",\"@id\":\"https:\\\/\\\/miumjau.ee\\\/#website\",\"url\":\"https:\\\/\\\/miumjau.ee\\\/\",\"name\":\"MiuMjau\",\"description\":\"Kraapimispuud kassidele\",\"publisher\":{\"@id\":\"https:\\\/\\\/miumjau.ee\\\/#organization\"},\"potentialAction\":[{\"@type\":\"SearchAction\",\"target\":{\"@type\":\"EntryPoint\",\"urlTemplate\":\"https:\\\/\\\/miumjau.ee\\\/?s={search_term_string}\"},\"query-input\":{\"@type\":\"PropertyValueSpecification\",\"valueRequired\":true,\"valueName\":\"search_term_string\"}}],\"inLanguage\":\"lt-LT\"},{\"@type\":\"Organization\",\"@id\":\"https:\\\/\\\/miumjau.ee\\\/#organization\",\"name\":\"MiuMjau O\u00dc\",\"url\":\"https:\\\/\\\/miumjau.ee\\\/\",\"logo\":{\"@type\":\"ImageObject\",\"inLanguage\":\"lt-LT\",\"@id\":\"https:\\\/\\\/miumjau.ee\\\/#\\\/schema\\\/logo\\\/image\\\/\",\"url\":\"https:\\\/\\\/miumjau.ee\\\/wp-content\\\/uploads\\\/2022\\\/04\\\/MiuMjau-logo-kollane.png\",\"contentUrl\":\"https:\\\/\\\/miumjau.ee\\\/wp-content\\\/uploads\\\/2022\\\/04\\\/MiuMjau-logo-kollane.png\",\"width\":219,\"height\":100,\"caption\":\"MiuMjau O\u00dc\"},\"image\":{\"@id\":\"https:\\\/\\\/miumjau.ee\\\/#\\\/schema\\\/logo\\\/image\\\/\"},\"sameAs\":[\"https:\\\/\\\/www.facebook.com\\\/miumjaupood\\\/\"]}]}<\/script>\n<!-- \/ Yoast SEO plugin. -->","yoast_head_json":{"title":"Aatas Cat Tantalizing dr\u0117gnas pa\u0161aras kat\u0117ms su tunu ir la\u0161i\u0161a, 80 g - MiuMjau","robots":{"index":"index","follow":"follow","max-snippet":"max-snippet:-1","max-image-preview":"max-image-preview:large","max-video-preview":"max-video-preview:-1"},"canonical":"https:\/\/miumjau.ee\/lt\/produktas\/aatas-cat-tantalizing-dregnas-pasaras-katems-su-tunu-ir-lasisa-80-g\/","og_locale":"lt_LT","og_type":"article","og_title":"Aatas Cat Tantalizing dr\u0117gnas pa\u0161aras kat\u0117ms su tunu ir la\u0161i\u0161a, 80 g - MiuMjau","og_description":"J\u016bs\u0173 kat\u0117 tikrai m\u0117gausis ekologi\u0161kai sugauto tuno \u0161vie\u017eumu ir l\u0117tai virtais la\u0161i\u0161os gabal\u0117liais gausioje \u017eel\u0117. \u0160ie skan\u016bs konservai pagaminti i\u0161 nat\u016brali\u0173 ingredient\u0173, be gr\u016bd\u0173, dirbtini\u0173 da\u017eikli\u0173, skonio stiprikli\u0173 ar konservant\u0173. Sud\u0117tis: tuno sultinys, tunas, la\u0161i\u0161a, tir\u0161tikliai (j\u016bros dumbliai, kasijos derva, guar derva, karobo derva, kalio chloridas ir karbonatai). Sud\u0117ties analiz\u0117:    \u017dali baltymai (min) 10,0%  \u017dali riebalai (min) 0,3%  \u017dalia l\u0105steliena (max) 1,0%  Pelenai (max) 3,0%  Dr\u0117gm\u0117 (max) 89,0%","og_url":"https:\/\/miumjau.ee\/lt\/produktas\/aatas-cat-tantalizing-dregnas-pasaras-katems-su-tunu-ir-lasisa-80-g\/","og_site_name":"MiuMjau","article_publisher":"https:\/\/www.facebook.com\/miumjaupood\/","og_image":[{"width":600,"height":800,"url":"https:\/\/miumjau.ee\/wp-content\/uploads\/2024\/11\/aatas-tantalizing-konserv-kassidele4.jpg","type":"image\/jpeg"}],"twitter_card":"summary_large_image","schema":{"@context":"https:\/\/schema.org","@graph":[{"@type":"WebPage","@id":"https:\/\/miumjau.ee\/lt\/produktas\/aatas-cat-tantalizing-dregnas-pasaras-katems-su-tunu-ir-lasisa-80-g\/","url":"https:\/\/miumjau.ee\/lt\/produktas\/aatas-cat-tantalizing-dregnas-pasaras-katems-su-tunu-ir-lasisa-80-g\/","name":"Aatas Cat Tantalizing dr\u0117gnas pa\u0161aras kat\u0117ms su tunu ir la\u0161i\u0161a, 80 g - MiuMjau","isPartOf":{"@id":"https:\/\/miumjau.ee\/#website"},"primaryImageOfPage":{"@id":"https:\/\/miumjau.ee\/lt\/produktas\/aatas-cat-tantalizing-dregnas-pasaras-katems-su-tunu-ir-lasisa-80-g\/#primaryimage"},"image":{"@id":"https:\/\/miumjau.ee\/lt\/produktas\/aatas-cat-tantalizing-dregnas-pasaras-katems-su-tunu-ir-lasisa-80-g\/#primaryimage"},"thumbnailUrl":"https:\/\/miumjau.ee\/wp-content\/uploads\/2024\/11\/aatas-tantalizing-konserv-kassidele4.jpg","datePublished":"2024-11-06T12:50:22+00:00","breadcrumb":{"@id":"https:\/\/miumjau.ee\/lt\/produktas\/aatas-cat-tantalizing-dregnas-pasaras-katems-su-tunu-ir-lasisa-80-g\/#breadcrumb"},"inLanguage":"lt-LT","potentialAction":[{"@type":"ReadAction","target":["https:\/\/miumjau.ee\/lt\/produktas\/aatas-cat-tantalizing-dregnas-pasaras-katems-su-tunu-ir-lasisa-80-g\/"]}]},{"@type":"ImageObject","inLanguage":"lt-LT","@id":"https:\/\/miumjau.ee\/lt\/produktas\/aatas-cat-tantalizing-dregnas-pasaras-katems-su-tunu-ir-lasisa-80-g\/#primaryimage","url":"https:\/\/miumjau.ee\/wp-content\/uploads\/2024\/11\/aatas-tantalizing-konserv-kassidele4.jpg","contentUrl":"https:\/\/miumjau.ee\/wp-content\/uploads\/2024\/11\/aatas-tantalizing-konserv-kassidele4.jpg","width":600,"height":800,"caption":"Aatas Cat Tantalizing m\u00e4rgtoit tuunikala ja l\u00f5hega 80 g"},{"@type":"BreadcrumbList","@id":"https:\/\/miumjau.ee\/lt\/produktas\/aatas-cat-tantalizing-dregnas-pasaras-katems-su-tunu-ir-lasisa-80-g\/#breadcrumb","itemListElement":[{"@type":"ListItem","position":1,"name":"Home","item":"https:\/\/miumjau.ee\/lt\/"},{"@type":"ListItem","position":2,"name":"Parduotuv\u0117","item":"https:\/\/miumjau.ee\/lt\/parduotuve\/"},{"@type":"ListItem","position":3,"name":"Aatas Cat Tantalizing dr\u0117gnas pa\u0161aras kat\u0117ms su tunu ir la\u0161i\u0161a, 80 g"}]},{"@type":"WebSite","@id":"https:\/\/miumjau.ee\/#website","url":"https:\/\/miumjau.ee\/","name":"MiuMjau","description":"Kraapimispuud kassidele","publisher":{"@id":"https:\/\/miumjau.ee\/#organization"},"potentialAction":[{"@type":"SearchAction","target":{"@type":"EntryPoint","urlTemplate":"https:\/\/miumjau.ee\/?s={search_term_string}"},"query-input":{"@type":"PropertyValueSpecification","valueRequired":true,"valueName":"search_term_string"}}],"inLanguage":"lt-LT"},{"@type":"Organization","@id":"https:\/\/miumjau.ee\/#organization","name":"MiuMjau O\u00dc","url":"https:\/\/miumjau.ee\/","logo":{"@type":"ImageObject","inLanguage":"lt-LT","@id":"https:\/\/miumjau.ee\/#\/schema\/logo\/image\/","url":"https:\/\/miumjau.ee\/wp-content\/uploads\/2022\/04\/MiuMjau-logo-kollane.png","contentUrl":"https:\/\/miumjau.ee\/wp-content\/uploads\/2022\/04\/MiuMjau-logo-kollane.png","width":219,"height":100,"caption":"MiuMjau O\u00dc"},"image":{"@id":"https:\/\/miumjau.ee\/#\/schema\/logo\/image\/"},"sameAs":["https:\/\/www.facebook.com\/miumjaupood\/"]}]}},"_links":{"self":[{"href":"https:\/\/miumjau.ee\/lt\/wp-json\/wp\/v2\/product\/56227","targetHints":{"allow":["GET"]}}],"collection":[{"href":"https:\/\/miumjau.ee\/lt\/wp-json\/wp\/v2\/product"}],"about":[{"href":"https:\/\/miumjau.ee\/lt\/wp-json\/wp\/v2\/types\/product"}],"wp:featuredmedia":[{"embeddable":true,"href":"https:\/\/miumjau.ee\/lt\/wp-json\/wp\/v2\/media\/41294"}],"wp:attachment":[{"href":"https:\/\/miumjau.ee\/lt\/wp-json\/wp\/v2\/media?parent=56227"}],"wp:term":[{"taxonomy":"product_brand","embeddable":true,"href":"https:\/\/miumjau.ee\/lt\/wp-json\/wp\/v2\/product_brand?post=56227"},{"taxonomy":"product_cat","embeddable":true,"href":"https:\/\/miumjau.ee\/lt\/wp-json\/wp\/v2\/product_cat?post=56227"},{"taxonomy":"product_tag","embeddable":true,"href":"https:\/\/miumjau.ee\/lt\/wp-json\/wp\/v2\/product_tag?post=56227"}],"curies":[{"name":"wp","href":"https:\/\/api.w.org\/{rel}","templated":true}]}}