{"id":56210,"date":"2024-10-24T21:30:15","date_gmt":"2024-10-24T18:30:15","guid":{"rendered":"https:\/\/miumjau.ee\/toode\/brit-care-soup-kalakutienos-sriuba-katems-75-g\/"},"modified":"2024-10-24T21:30:15","modified_gmt":"2024-10-24T18:30:15","slug":"brit-care-soup-kalakutienos-sriuba-katems-75-g","status":"publish","type":"product","link":"https:\/\/miumjau.ee\/lt\/produktas\/brit-care-soup-kalakutienos-sriuba-katems-75-g\/","title":{"rendered":"Brit Care Soup kalakutienos sriuba kat\u0117ms 75 g"},"content":{"rendered":"","protected":false},"excerpt":{"rendered":"<p data-start=\"1712\" data-end=\"1808\">Begr\u016bd\u0173 pa\u0161aro papildas \u2013 sriuba su kalakutiena suaugusioms kat\u0117ms. Tinka sterilizuotoms kat\u0117ms.<\/p>\n<p data-start=\"1810\" data-end=\"2136\">Be gr\u016bd\u0173.<br data-start=\"1819\" data-end=\"1822\" \/>Be GMO \/ be sojos \/ be prid\u0117tinio cukraus.<br data-start=\"1864\" data-end=\"1867\" \/>Tinka sterilizuotoms kat\u0117ms \u2013 L-metioninas.<br data-start=\"1910\" data-end=\"1913\" \/>Su taurinu.<br data-start=\"1924\" data-end=\"1927\" \/>Maistingas, raminantis \u2013 kat\u017eol\u0117, antistresin\u0117 funkcija.<br data-start=\"1983\" data-end=\"1986\" \/>Prebiotikai \u2013 fruktooligosacharidai, padeda palaikyti sveik\u0105 \u017earnyno aplink\u0105.<br data-start=\"2063\" data-end=\"2066\" \/>Probiotikai \u2013 inaktyvuoti Lactobacillus, imunomoduliuojantis poveikis.<\/p>\n<p data-start=\"2138\" data-end=\"2411\"><strong data-start=\"2138\" data-end=\"2150\">Sud\u0117tis:<\/strong> Geriamasis vanduo, 16% vi\u0161tiena, 4% kalakutiena, 0,5% hidrolizuotos kepenys, 0,5% lignoceliulioz\u0117, d\u017eiovinta kat\u017eol\u0117 (100 mg\/kg), fruktooligosacharidai (100 mg\/kg), inaktyvuotos bakterijos ir j\u0173 dalys (Lactobacillus helveticus HA \u2013 122, 1,5 \u00d7 10\u2078 l\u0105steli\u0173\/kg).<\/p>\n<p data-start=\"2413\" data-end=\"2589\"><strong data-start=\"2413\" data-end=\"2447\">Analitin\u0117s sudedamosios dalys:<\/strong><br data-start=\"2447\" data-end=\"2450\" \/>\u017dali baltymai 2,0%, \u017eali riebalai 1,0%, \u017eali pelenai 0,5%, \u017ealia l\u0105steliena 0,2%, dr\u0117gm\u0117 95,0%, kalcis 0,01%, fosforas 0,02%, natris 0,05%.<\/p>\n<p data-start=\"2591\" data-end=\"2666\"><strong data-start=\"2591\" data-end=\"2610\">Pa\u0161ar\u0173 priedai:<\/strong><br data-start=\"2610\" data-end=\"2613\" \/>L-metioninas (3c305) 500 mg, taurinas (3a370) 500 mg.<\/p>\n<p data-start=\"2668\" data-end=\"2705\">Metabolizuojama energija 225 kcal\/kg.<\/p>\n<p data-start=\"2707\" data-end=\"3231\"><strong data-start=\"2707\" data-end=\"2733\">\u0160\u0117rimo rekomendacijos:<\/strong><br data-start=\"2733\" data-end=\"2736\" \/>Puikiai tinka hidratacijai gerinti. Apetitui skatinti galima pilti ant sauso pa\u0161aro. Duoti Brit Care Cat Soup Turkey kambario temperat\u016bros kaip papildom\u0105 pa\u0161ar\u0105 prie \u012fprasto maisto. Rekomenduojama dienos norma gali skirtis priklausomai nuo kat\u0117s am\u017eiaus, aktyvumo ir aplinkos. Tinkama norma suaugusiai katei \u2013 2 porcijos per dien\u0105. Visada palikite \u0161vie\u017eio vandens. Laikyti v\u0117sioje, sausoje vietoje, saugoti nuo tiesiogini\u0173 saul\u0117s spinduli\u0173. Atidarius laikyti \u0161aldytuve ir sunaudoti per 3 dienas.<\/p>\n<p data-start=\"3233\" data-end=\"3276\" data-is-last-node=\"\" data-is-only-node=\"\"><strong data-start=\"3233\" data-end=\"3276\" data-is-last-node=\"\">Tikri skoniai j\u016bs\u0173 mylimam augintiniui.<\/strong><\/p>\n","protected":false},"featured_media":56211,"template":"","meta":[],"product_brand":[],"product_cat":[526],"product_tag":[],"class_list":{"0":"post-56210","1":"product","2":"type-product","3":"status-publish","4":"has-post-thumbnail","6":"product_cat-slapias-maistas","8":"first","9":"instock","10":"taxable","11":"shipping-taxable","12":"purchasable","13":"product-type-simple"},"yoast_head":"<!-- This site is optimized with the Yoast SEO plugin v27.4 - https:\/\/yoast.com\/product\/yoast-seo-wordpress\/ -->\n<title>Brit Care Soup kalakutienos sriuba kat\u0117ms 75 g - MiuMjau<\/title>\n<meta name=\"robots\" content=\"index, follow, max-snippet:-1, max-image-preview:large, max-video-preview:-1\" \/>\n<link rel=\"canonical\" href=\"https:\/\/miumjau.ee\/lt\/produktas\/brit-care-soup-kalakutienos-sriuba-katems-75-g\/\" \/>\n<meta property=\"og:locale\" content=\"lt_LT\" \/>\n<meta property=\"og:type\" content=\"article\" \/>\n<meta property=\"og:title\" content=\"Brit Care Soup kalakutienos sriuba kat\u0117ms 75 g - MiuMjau\" \/>\n<meta property=\"og:description\" content=\"Begr\u016bd\u0173 pa\u0161aro papildas \u2013 sriuba su kalakutiena suaugusioms kat\u0117ms. Tinka sterilizuotoms kat\u0117ms. Be gr\u016bd\u0173.Be GMO \/ be sojos \/ be prid\u0117tinio cukraus.Tinka sterilizuotoms kat\u0117ms \u2013 L-metioninas.Su taurinu.Maistingas, raminantis \u2013 kat\u017eol\u0117, antistresin\u0117 funkcija.Prebiotikai \u2013 fruktooligosacharidai, padeda palaikyti sveik\u0105 \u017earnyno aplink\u0105.Probiotikai \u2013 inaktyvuoti Lactobacillus, imunomoduliuojantis poveikis. Sud\u0117tis: Geriamasis vanduo, 16% vi\u0161tiena, 4% kalakutiena, 0,5% hidrolizuotos kepenys, 0,5% lignoceliulioz\u0117, d\u017eiovinta kat\u017eol\u0117 (100 mg\/kg), fruktooligosacharidai (100 mg\/kg), inaktyvuotos bakterijos ir j\u0173 dalys (Lactobacillus helveticus HA \u2013 122, 1,5 \u00d7 10\u2078 l\u0105steli\u0173\/kg). Analitin\u0117s sudedamosios dalys:\u017dali baltymai 2,0%, \u017eali riebalai 1,0%, \u017eali pelenai 0,5%, \u017ealia l\u0105steliena 0,2%, dr\u0117gm\u0117 95,0%, kalcis 0,01%, fosforas 0,02%, natris 0,05%. Pa\u0161ar\u0173 priedai:L-metioninas (3c305) 500 mg, taurinas (3a370) 500 mg. Metabolizuojama energija 225 kcal\/kg. \u0160\u0117rimo rekomendacijos:Puikiai tinka hidratacijai gerinti. Apetitui skatinti galima pilti ant sauso pa\u0161aro. Duoti Brit Care Cat Soup Turkey kambario temperat\u016bros kaip papildom\u0105 pa\u0161ar\u0105 prie \u012fprasto maisto. Rekomenduojama dienos norma gali skirtis priklausomai nuo kat\u0117s am\u017eiaus, aktyvumo ir aplinkos. Tinkama norma suaugusiai katei \u2013 2 porcijos per dien\u0105. Visada palikite \u0161vie\u017eio vandens. Laikyti v\u0117sioje, sausoje vietoje, saugoti nuo tiesiogini\u0173 saul\u0117s spinduli\u0173. Atidarius laikyti \u0161aldytuve ir sunaudoti per 3 dienas. Tikri skoniai j\u016bs\u0173 mylimam augintiniui.\" \/>\n<meta property=\"og:url\" content=\"https:\/\/miumjau.ee\/lt\/produktas\/brit-care-soup-kalakutienos-sriuba-katems-75-g\/\" \/>\n<meta property=\"og:site_name\" content=\"MiuMjau\" \/>\n<meta property=\"article:publisher\" content=\"https:\/\/www.facebook.com\/miumjaupood\/\" \/>\n<meta property=\"og:image\" content=\"https:\/\/miumjau.ee\/wp-content\/uploads\/2024\/10\/brit-care-soup2-1.jpg\" \/>\n\t<meta property=\"og:image:width\" content=\"600\" \/>\n\t<meta property=\"og:image:height\" content=\"800\" \/>\n\t<meta property=\"og:image:type\" content=\"image\/jpeg\" \/>\n<meta name=\"twitter:card\" content=\"summary_large_image\" \/>\n<script type=\"application\/ld+json\" class=\"yoast-schema-graph\">{\"@context\":\"https:\\\/\\\/schema.org\",\"@graph\":[{\"@type\":\"WebPage\",\"@id\":\"https:\\\/\\\/miumjau.ee\\\/lt\\\/produktas\\\/brit-care-soup-kalakutienos-sriuba-katems-75-g\\\/\",\"url\":\"https:\\\/\\\/miumjau.ee\\\/lt\\\/produktas\\\/brit-care-soup-kalakutienos-sriuba-katems-75-g\\\/\",\"name\":\"Brit Care Soup kalakutienos sriuba kat\u0117ms 75 g - MiuMjau\",\"isPartOf\":{\"@id\":\"https:\\\/\\\/miumjau.ee\\\/#website\"},\"primaryImageOfPage\":{\"@id\":\"https:\\\/\\\/miumjau.ee\\\/lt\\\/produktas\\\/brit-care-soup-kalakutienos-sriuba-katems-75-g\\\/#primaryimage\"},\"image\":{\"@id\":\"https:\\\/\\\/miumjau.ee\\\/lt\\\/produktas\\\/brit-care-soup-kalakutienos-sriuba-katems-75-g\\\/#primaryimage\"},\"thumbnailUrl\":\"https:\\\/\\\/miumjau.ee\\\/wp-content\\\/uploads\\\/2024\\\/10\\\/brit-care-soup2-1.jpg\",\"datePublished\":\"2024-10-24T18:30:15+00:00\",\"breadcrumb\":{\"@id\":\"https:\\\/\\\/miumjau.ee\\\/lt\\\/produktas\\\/brit-care-soup-kalakutienos-sriuba-katems-75-g\\\/#breadcrumb\"},\"inLanguage\":\"lt-LT\",\"potentialAction\":[{\"@type\":\"ReadAction\",\"target\":[\"https:\\\/\\\/miumjau.ee\\\/lt\\\/produktas\\\/brit-care-soup-kalakutienos-sriuba-katems-75-g\\\/\"]}]},{\"@type\":\"ImageObject\",\"inLanguage\":\"lt-LT\",\"@id\":\"https:\\\/\\\/miumjau.ee\\\/lt\\\/produktas\\\/brit-care-soup-kalakutienos-sriuba-katems-75-g\\\/#primaryimage\",\"url\":\"https:\\\/\\\/miumjau.ee\\\/wp-content\\\/uploads\\\/2024\\\/10\\\/brit-care-soup2-1.jpg\",\"contentUrl\":\"https:\\\/\\\/miumjau.ee\\\/wp-content\\\/uploads\\\/2024\\\/10\\\/brit-care-soup2-1.jpg\",\"width\":600,\"height\":800},{\"@type\":\"BreadcrumbList\",\"@id\":\"https:\\\/\\\/miumjau.ee\\\/lt\\\/produktas\\\/brit-care-soup-kalakutienos-sriuba-katems-75-g\\\/#breadcrumb\",\"itemListElement\":[{\"@type\":\"ListItem\",\"position\":1,\"name\":\"Home\",\"item\":\"https:\\\/\\\/miumjau.ee\\\/lt\\\/\"},{\"@type\":\"ListItem\",\"position\":2,\"name\":\"Parduotuv\u0117\",\"item\":\"https:\\\/\\\/miumjau.ee\\\/lt\\\/parduotuve\\\/\"},{\"@type\":\"ListItem\",\"position\":3,\"name\":\"Brit Care Soup kalakutienos sriuba kat\u0117ms 75 g\"}]},{\"@type\":\"WebSite\",\"@id\":\"https:\\\/\\\/miumjau.ee\\\/#website\",\"url\":\"https:\\\/\\\/miumjau.ee\\\/\",\"name\":\"MiuMjau\",\"description\":\"Kraapimispuud kassidele\",\"publisher\":{\"@id\":\"https:\\\/\\\/miumjau.ee\\\/#organization\"},\"potentialAction\":[{\"@type\":\"SearchAction\",\"target\":{\"@type\":\"EntryPoint\",\"urlTemplate\":\"https:\\\/\\\/miumjau.ee\\\/?s={search_term_string}\"},\"query-input\":{\"@type\":\"PropertyValueSpecification\",\"valueRequired\":true,\"valueName\":\"search_term_string\"}}],\"inLanguage\":\"lt-LT\"},{\"@type\":\"Organization\",\"@id\":\"https:\\\/\\\/miumjau.ee\\\/#organization\",\"name\":\"MiuMjau O\u00dc\",\"url\":\"https:\\\/\\\/miumjau.ee\\\/\",\"logo\":{\"@type\":\"ImageObject\",\"inLanguage\":\"lt-LT\",\"@id\":\"https:\\\/\\\/miumjau.ee\\\/#\\\/schema\\\/logo\\\/image\\\/\",\"url\":\"https:\\\/\\\/miumjau.ee\\\/wp-content\\\/uploads\\\/2022\\\/04\\\/MiuMjau-logo-kollane.png\",\"contentUrl\":\"https:\\\/\\\/miumjau.ee\\\/wp-content\\\/uploads\\\/2022\\\/04\\\/MiuMjau-logo-kollane.png\",\"width\":219,\"height\":100,\"caption\":\"MiuMjau O\u00dc\"},\"image\":{\"@id\":\"https:\\\/\\\/miumjau.ee\\\/#\\\/schema\\\/logo\\\/image\\\/\"},\"sameAs\":[\"https:\\\/\\\/www.facebook.com\\\/miumjaupood\\\/\"]}]}<\/script>\n<!-- \/ Yoast SEO plugin. -->","yoast_head_json":{"title":"Brit Care Soup kalakutienos sriuba kat\u0117ms 75 g - MiuMjau","robots":{"index":"index","follow":"follow","max-snippet":"max-snippet:-1","max-image-preview":"max-image-preview:large","max-video-preview":"max-video-preview:-1"},"canonical":"https:\/\/miumjau.ee\/lt\/produktas\/brit-care-soup-kalakutienos-sriuba-katems-75-g\/","og_locale":"lt_LT","og_type":"article","og_title":"Brit Care Soup kalakutienos sriuba kat\u0117ms 75 g - MiuMjau","og_description":"Begr\u016bd\u0173 pa\u0161aro papildas \u2013 sriuba su kalakutiena suaugusioms kat\u0117ms. Tinka sterilizuotoms kat\u0117ms. Be gr\u016bd\u0173.Be GMO \/ be sojos \/ be prid\u0117tinio cukraus.Tinka sterilizuotoms kat\u0117ms \u2013 L-metioninas.Su taurinu.Maistingas, raminantis \u2013 kat\u017eol\u0117, antistresin\u0117 funkcija.Prebiotikai \u2013 fruktooligosacharidai, padeda palaikyti sveik\u0105 \u017earnyno aplink\u0105.Probiotikai \u2013 inaktyvuoti Lactobacillus, imunomoduliuojantis poveikis. Sud\u0117tis: Geriamasis vanduo, 16% vi\u0161tiena, 4% kalakutiena, 0,5% hidrolizuotos kepenys, 0,5% lignoceliulioz\u0117, d\u017eiovinta kat\u017eol\u0117 (100 mg\/kg), fruktooligosacharidai (100 mg\/kg), inaktyvuotos bakterijos ir j\u0173 dalys (Lactobacillus helveticus HA \u2013 122, 1,5 \u00d7 10\u2078 l\u0105steli\u0173\/kg). Analitin\u0117s sudedamosios dalys:\u017dali baltymai 2,0%, \u017eali riebalai 1,0%, \u017eali pelenai 0,5%, \u017ealia l\u0105steliena 0,2%, dr\u0117gm\u0117 95,0%, kalcis 0,01%, fosforas 0,02%, natris 0,05%. Pa\u0161ar\u0173 priedai:L-metioninas (3c305) 500 mg, taurinas (3a370) 500 mg. Metabolizuojama energija 225 kcal\/kg. \u0160\u0117rimo rekomendacijos:Puikiai tinka hidratacijai gerinti. Apetitui skatinti galima pilti ant sauso pa\u0161aro. Duoti Brit Care Cat Soup Turkey kambario temperat\u016bros kaip papildom\u0105 pa\u0161ar\u0105 prie \u012fprasto maisto. Rekomenduojama dienos norma gali skirtis priklausomai nuo kat\u0117s am\u017eiaus, aktyvumo ir aplinkos. Tinkama norma suaugusiai katei \u2013 2 porcijos per dien\u0105. Visada palikite \u0161vie\u017eio vandens. Laikyti v\u0117sioje, sausoje vietoje, saugoti nuo tiesiogini\u0173 saul\u0117s spinduli\u0173. Atidarius laikyti \u0161aldytuve ir sunaudoti per 3 dienas. Tikri skoniai j\u016bs\u0173 mylimam augintiniui.","og_url":"https:\/\/miumjau.ee\/lt\/produktas\/brit-care-soup-kalakutienos-sriuba-katems-75-g\/","og_site_name":"MiuMjau","article_publisher":"https:\/\/www.facebook.com\/miumjaupood\/","og_image":[{"width":600,"height":800,"url":"https:\/\/miumjau.ee\/wp-content\/uploads\/2024\/10\/brit-care-soup2-1.jpg","type":"image\/jpeg"}],"twitter_card":"summary_large_image","schema":{"@context":"https:\/\/schema.org","@graph":[{"@type":"WebPage","@id":"https:\/\/miumjau.ee\/lt\/produktas\/brit-care-soup-kalakutienos-sriuba-katems-75-g\/","url":"https:\/\/miumjau.ee\/lt\/produktas\/brit-care-soup-kalakutienos-sriuba-katems-75-g\/","name":"Brit Care Soup kalakutienos sriuba kat\u0117ms 75 g - MiuMjau","isPartOf":{"@id":"https:\/\/miumjau.ee\/#website"},"primaryImageOfPage":{"@id":"https:\/\/miumjau.ee\/lt\/produktas\/brit-care-soup-kalakutienos-sriuba-katems-75-g\/#primaryimage"},"image":{"@id":"https:\/\/miumjau.ee\/lt\/produktas\/brit-care-soup-kalakutienos-sriuba-katems-75-g\/#primaryimage"},"thumbnailUrl":"https:\/\/miumjau.ee\/wp-content\/uploads\/2024\/10\/brit-care-soup2-1.jpg","datePublished":"2024-10-24T18:30:15+00:00","breadcrumb":{"@id":"https:\/\/miumjau.ee\/lt\/produktas\/brit-care-soup-kalakutienos-sriuba-katems-75-g\/#breadcrumb"},"inLanguage":"lt-LT","potentialAction":[{"@type":"ReadAction","target":["https:\/\/miumjau.ee\/lt\/produktas\/brit-care-soup-kalakutienos-sriuba-katems-75-g\/"]}]},{"@type":"ImageObject","inLanguage":"lt-LT","@id":"https:\/\/miumjau.ee\/lt\/produktas\/brit-care-soup-kalakutienos-sriuba-katems-75-g\/#primaryimage","url":"https:\/\/miumjau.ee\/wp-content\/uploads\/2024\/10\/brit-care-soup2-1.jpg","contentUrl":"https:\/\/miumjau.ee\/wp-content\/uploads\/2024\/10\/brit-care-soup2-1.jpg","width":600,"height":800},{"@type":"BreadcrumbList","@id":"https:\/\/miumjau.ee\/lt\/produktas\/brit-care-soup-kalakutienos-sriuba-katems-75-g\/#breadcrumb","itemListElement":[{"@type":"ListItem","position":1,"name":"Home","item":"https:\/\/miumjau.ee\/lt\/"},{"@type":"ListItem","position":2,"name":"Parduotuv\u0117","item":"https:\/\/miumjau.ee\/lt\/parduotuve\/"},{"@type":"ListItem","position":3,"name":"Brit Care Soup kalakutienos sriuba kat\u0117ms 75 g"}]},{"@type":"WebSite","@id":"https:\/\/miumjau.ee\/#website","url":"https:\/\/miumjau.ee\/","name":"MiuMjau","description":"Kraapimispuud kassidele","publisher":{"@id":"https:\/\/miumjau.ee\/#organization"},"potentialAction":[{"@type":"SearchAction","target":{"@type":"EntryPoint","urlTemplate":"https:\/\/miumjau.ee\/?s={search_term_string}"},"query-input":{"@type":"PropertyValueSpecification","valueRequired":true,"valueName":"search_term_string"}}],"inLanguage":"lt-LT"},{"@type":"Organization","@id":"https:\/\/miumjau.ee\/#organization","name":"MiuMjau O\u00dc","url":"https:\/\/miumjau.ee\/","logo":{"@type":"ImageObject","inLanguage":"lt-LT","@id":"https:\/\/miumjau.ee\/#\/schema\/logo\/image\/","url":"https:\/\/miumjau.ee\/wp-content\/uploads\/2022\/04\/MiuMjau-logo-kollane.png","contentUrl":"https:\/\/miumjau.ee\/wp-content\/uploads\/2022\/04\/MiuMjau-logo-kollane.png","width":219,"height":100,"caption":"MiuMjau O\u00dc"},"image":{"@id":"https:\/\/miumjau.ee\/#\/schema\/logo\/image\/"},"sameAs":["https:\/\/www.facebook.com\/miumjaupood\/"]}]}},"_links":{"self":[{"href":"https:\/\/miumjau.ee\/lt\/wp-json\/wp\/v2\/product\/56210","targetHints":{"allow":["GET"]}}],"collection":[{"href":"https:\/\/miumjau.ee\/lt\/wp-json\/wp\/v2\/product"}],"about":[{"href":"https:\/\/miumjau.ee\/lt\/wp-json\/wp\/v2\/types\/product"}],"wp:featuredmedia":[{"embeddable":true,"href":"https:\/\/miumjau.ee\/lt\/wp-json\/wp\/v2\/media\/56211"}],"wp:attachment":[{"href":"https:\/\/miumjau.ee\/lt\/wp-json\/wp\/v2\/media?parent=56210"}],"wp:term":[{"taxonomy":"product_brand","embeddable":true,"href":"https:\/\/miumjau.ee\/lt\/wp-json\/wp\/v2\/product_brand?post=56210"},{"taxonomy":"product_cat","embeddable":true,"href":"https:\/\/miumjau.ee\/lt\/wp-json\/wp\/v2\/product_cat?post=56210"},{"taxonomy":"product_tag","embeddable":true,"href":"https:\/\/miumjau.ee\/lt\/wp-json\/wp\/v2\/product_tag?post=56210"}],"curies":[{"name":"wp","href":"https:\/\/api.w.org\/{rel}","templated":true}]}}